{"id":783,"date":"2026-02-04T01:32:13","date_gmt":"2026-02-04T01:32:13","guid":{"rendered":"https:\/\/www.fenxifiber.com\/?post_type=product&#038;p=783"},"modified":"2026-02-04T02:18:05","modified_gmt":"2026-02-04T02:18:05","slug":"st-upc-sc-upc-sm-sx","status":"publish","type":"product","link":"https:\/\/www.fenxifiber.com\/tr\/product\/st-upc-sc-upc-sm-sx\/","title":{"rendered":"ST\/UPC - SC\/UPC Tek Modlu Simpleks Fiber Ba\u011flant\u0131 Kablosu"},"content":{"rendered":"<h2 data-path-to-node=\"6\">Veri Odakl\u0131 Teknik \u00d6zellikler<\/h2>\n<p data-path-to-node=\"7\">\u00dcretim s\u00fcrecimiz, her jumper'\u0131n a\u015fa\u011f\u0131daki titiz performans standartlar\u0131n\u0131 kar\u015f\u0131lamas\u0131n\u0131 sa\u011flar:<\/p>\n<table data-path-to-node=\"8\">\n<thead>\n<tr>\n<td><strong>\u00d6zellik<\/strong><\/td>\n<td><strong>End\u00fcstriyel \u015eartname<\/strong><\/td>\n<td><strong>\u0130\u015f Avantaj\u0131<\/strong><\/td>\n<\/tr>\n<\/thead>\n<tbody>\n<tr>\n<td><span data-path-to-node=\"8,1,0,0\"><b data-path-to-node=\"8,1,0,0\" data-index-in-node=\"0\">Konekt\u00f6r Tipi<\/b><\/span><\/td>\n<td><span data-path-to-node=\"8,1,1,0\">ST\/UPC'den SC\/UPC'ye<\/span><\/td>\n<td><span data-path-to-node=\"8,1,2,0\">G\u00fcvenli metal-plastik hibrit ba\u011flant\u0131<\/span><\/td>\n<\/tr>\n<tr>\n<td><span data-path-to-node=\"8,2,0,0\"><b data-path-to-node=\"8,2,0,0\" data-index-in-node=\"0\">Elyaf Kategorisi<\/b><\/span><\/td>\n<td><span data-path-to-node=\"8,2,1,0\">Tek Mod (SM\/SX)<\/span><\/td>\n<td><span data-path-to-node=\"8,2,2,0\">Uzun mesafeli OS2 kararl\u0131l\u0131\u011f\u0131 i\u00e7in optimize edilmi\u015ftir<\/span><\/td>\n<\/tr>\n<tr>\n<td><span data-path-to-node=\"8,3,0,0\"><b data-path-to-node=\"8,3,0,0\" data-index-in-node=\"0\">Ekleme Kayb\u0131<\/b><\/span><\/td>\n<td><span data-path-to-node=\"8,3,1,0\"><span class=\"math-inline\" data-math=\"&lt; 0.3 \\text{ dB}\" data-index-in-node=\"0\">$&lt; 0,3 \\text{ dB}$<\/span><\/span><\/td>\n<td><span data-path-to-node=\"8,3,2,0\">Uzun yollar i\u00e7in minimum sinyal zay\u0131flamas\u0131<\/span><\/td>\n<\/tr>\n<tr>\n<td><span data-path-to-node=\"8,4,0,0\"><b data-path-to-node=\"8,4,0,0\" data-index-in-node=\"0\">Geri D\u00f6n\u00fc\u015f Kayb\u0131<\/b><\/span><\/td>\n<td><span data-path-to-node=\"8,4,1,0\"><span class=\"math-inline\" data-math=\"\\geq 50 \\text{ dB}\" data-index-in-node=\"0\">$\\geq 50 \\text{ dB}$<\/span> (UPC)<\/span><\/td>\n<td><span data-path-to-node=\"8,4,2,0\">Y\u00fcksek dijital sinyal b\u00fct\u00fcnl\u00fc\u011f\u00fc sa\u011flar<\/span><\/td>\n<\/tr>\n<tr>\n<td><span data-path-to-node=\"8,5,0,0\"><b data-path-to-node=\"8,5,0,0\" data-index-in-node=\"0\">Dalga Uzunlu\u011fu<\/b><\/span><\/td>\n<td><span data-path-to-node=\"8,5,1,0\">1310nm \/ 1490nm \/ 1550nm<\/span><\/td>\n<td><span data-path-to-node=\"8,5,2,0\">SM optikler i\u00e7in tam spektrum uyumlulu\u011fu<\/span><\/td>\n<\/tr>\n<tr>\n<td><span data-path-to-node=\"8,6,0,0\"><b data-path-to-node=\"8,6,0,0\" data-index-in-node=\"0\">Bant Geni\u015fli\u011fi<\/b><\/span><\/td>\n<td><span data-path-to-node=\"8,6,1,0\"><span class=\"math-inline\" data-math=\"\\pm 40\\text{nm}\" data-index-in-node=\"0\">$\\pm 40\\text{nm}$<\/span><\/span><\/td>\n<td><span data-path-to-node=\"8,6,2,0\">Spektral kaymalar boyunca istikrarl\u0131 performans<\/span><\/td>\n<\/tr>\n<tr>\n<td><span data-path-to-node=\"8,7,0,0\"><b data-path-to-node=\"8,7,0,0\" data-index-in-node=\"0\">Gerilim Dayan\u0131m\u0131<\/b><\/span><\/td>\n<td><span data-path-to-node=\"8,7,1,0\"><span class=\"math-inline\" data-math=\"\\geq 200 \\text{ N}\" data-index-in-node=\"0\">$\\geq 200 \\text{ N}$<\/span><\/span><\/td>\n<td><span data-path-to-node=\"8,7,2,0\">Dikey y\u00f6nlendirme i\u00e7in \u00fcst\u00fcn dayan\u0131kl\u0131l\u0131k<\/span><\/td>\n<\/tr>\n<tr>\n<td><span data-path-to-node=\"8,8,0,0\"><b data-path-to-node=\"8,8,0,0\" data-index-in-node=\"0\">Dayan\u0131kl\u0131l\u0131k<\/b><\/span><\/td>\n<td><span data-path-to-node=\"8,8,1,0\"><span class=\"math-inline\" data-math=\"\\geq 1000\" data-index-in-node=\"0\">$\\geq 1000$<\/span> zamanlar<\/span><\/td>\n<td><span data-path-to-node=\"8,8,2,0\">Tekrarlanan end\u00fcstriyel kullan\u0131m i\u00e7in \u00fcretilmi\u015ftir<\/span><\/td>\n<\/tr>\n<tr>\n<td><span data-path-to-node=\"8,9,0,0\"><b data-path-to-node=\"8,9,0,0\" data-index-in-node=\"0\">Ceket Malzemesi<\/b><\/span><\/td>\n<td><span data-path-to-node=\"8,9,1,0\">LSZH (D\u00fc\u015f\u00fck Dumanl\u0131 S\u0131f\u0131r Halojen)<\/span><\/td>\n<td><span data-path-to-node=\"8,9,2,0\">K\u00fcresel yang\u0131n g\u00fcvenli\u011fi kodlar\u0131yla uyumlu<\/span><\/td>\n<\/tr>\n<\/tbody>\n<\/table>\n<hr data-path-to-node=\"9\" \/>\n<h2 data-path-to-node=\"10\">Bu Hibrit Model Neden B2B Tercihi?<\/h2>\n<h3 data-path-to-node=\"11\">1. Sa\u011flam End\u00fcstriyel Ba\u011flant\u0131<\/h3>\n<p data-path-to-node=\"12\">Bu <b data-path-to-node=\"12\" data-index-in-node=\"4\">ST\/UPC<\/b> ucu, mekanik titre\u015fime kar\u015f\u0131 maksimum diren\u00e7 sa\u011flayan yayl\u0131 \u00e7evirmeli kilitli nikel kaplama metalik bir g\u00f6vdeye sahiptir. Bu \u00f6zellik \u015fu \u00f6zelliklerle e\u015fle\u015ftirilmi\u015ftir <b data-path-to-node=\"12\" data-index-in-node=\"167\">SC\/UPC<\/b> ucu, kullan\u0131c\u0131 dostu itme-\u00e7ekme mekanizmas\u0131 ile bilinir ve standart a\u011f donan\u0131m\u0131 i\u00e7in istikrarl\u0131 ve g\u00fcvenilir bir aray\u00fcz sa\u011flar.<\/p>\n<h3 data-path-to-node=\"13\">2. Do\u011frulanm\u0131\u015f Optik Hassasiyet<\/h3>\n<p data-path-to-node=\"14\">Test edilen ekleme kayb\u0131n\u0131n <b data-path-to-node=\"14\" data-index-in-node=\"42\">0.3dB<\/b> ve geri d\u00f6n\u00fc\u015f kayb\u0131n\u0131 a\u015fan <b data-path-to-node=\"14\" data-index-in-node=\"74\">50dB<\/b>, Bu kablo, kritik 10G\/40G veri ba\u011flant\u0131lar\u0131 i\u00e7in gereken y\u00fcksek g\u00fc\u00e7 b\u00fct\u00e7esini korur. B\u00fcy\u00fck \u00f6l\u00e7ekli projeler i\u00e7in s\u0131f\u0131r hatal\u0131 teslimat sa\u011flamak amac\u0131yla her birim 100% fabrikada test edilmi\u015ftir.<\/p>\n<h3 data-path-to-node=\"15\">3. G\u00fcvenlik \u00d6ncelikli Altyap\u0131<\/h3>\n<p data-path-to-node=\"16\">G\u00fcvenlik, B2B tedariki i\u00e7in bir \u00f6nceliktir. Sar\u0131 ceketlerimiz \u015funlardan yap\u0131lm\u0131\u015ft\u0131r <b data-path-to-node=\"16\" data-index-in-node=\"73\">LSZH<\/b> Yang\u0131n s\u0131ras\u0131nda s\u0131n\u0131rl\u0131 duman ve s\u0131f\u0131r toksik halojen yayan malzeme, hem personelinizi hem de y\u00fcksek kaliteli elektronik ekipman\u0131n\u0131z\u0131 a\u015f\u0131nd\u0131r\u0131c\u0131 hasarlardan korur.<\/p>\n<h3 data-path-to-node=\"17\">4. A\u015f\u0131r\u0131 Dayan\u0131kl\u0131l\u0131k<\/h3>\n<p data-path-to-node=\"18\">Gerilim g\u00fcc\u00fc ile <b data-path-to-node=\"18\" data-index-in-node=\"27\"><span class=\"math-inline\" data-math=\"\\geq 200\\text{N}\" data-index-in-node=\"27\">$\\geq 200\\text{N}$<\/span><\/b> ve \u00e7iftle\u015fme dayan\u0131kl\u0131l\u0131\u011f\u0131 <b data-path-to-node=\"18\" data-index-in-node=\"71\">1000+ d\u00f6ng\u00fc<\/b>, Bu atlama telleri, yo\u011fun kanallarda kurulumun fiziksel stresine ve end\u00fcstriyel ortamlarda s\u0131k s\u0131k yeniden yama yapmaya dayanacak \u015fekilde tasarlanm\u0131\u015ft\u0131r.<\/p>\n<hr data-path-to-node=\"19\" \/>\n<h2 data-path-to-node=\"20\">B2B Sat\u0131n Alma SSS<\/h2>\n<ul data-path-to-node=\"21\">\n<li>\n<p data-path-to-node=\"21,0,0\"><b data-path-to-node=\"21,0,0\" data-index-in-node=\"0\">S: Bu \u201cMavi\u201d ST\/UPC kablosu \u201cYe\u015fil\u201d APC ba\u011flant\u0131 noktalar\u0131 ile uyumlu mu?<\/b><\/p>\n<ul data-path-to-node=\"21,0,1\">\n<li>\n<p data-path-to-node=\"21,0,1,0,0\"><b data-path-to-node=\"21,0,1,0,0\" data-index-in-node=\"0\">A<\/b>: Hay\u0131r, UPC ve APC u\u00e7 y\u00fczeyleri farkl\u0131 geometrilere sahiptir. Bunlar\u0131 kar\u0131\u015ft\u0131rmak, y\u00fcksek sinyal kayb\u0131na neden olan bir hava bo\u015flu\u011fu olu\u015fturur. Her zaman Mavi (UPC) ile Mavi ba\u011flant\u0131 noktalar\u0131n\u0131 e\u015fle\u015ftirin.<\/p>\n<\/li>\n<\/ul>\n<\/li>\n<li>\n<p data-path-to-node=\"21,1,0\"><b data-path-to-node=\"21,1,0\" data-index-in-node=\"0\">S: Toplu sipari\u015fler i\u00e7in 3D interferometri raporlar\u0131 sa\u011flayabilir misiniz?<\/b><\/p>\n<ul data-path-to-node=\"21,1,1\">\n<li>\n<p data-path-to-node=\"21,1,1,0,0\"><b data-path-to-node=\"21,1,1,0,0\" data-index-in-node=\"0\">A<\/b>: Evet, profesyonel bir B2B orta\u011f\u0131 olarak, t\u00fcm toptan sevkiyatlar\u0131n projenizin y\u00fcksek standartlar\u0131n\u0131 kar\u015f\u0131lad\u0131\u011f\u0131ndan emin olmak i\u00e7in IL, RL ve 3D geometri do\u011frulamas\u0131 dahil olmak \u00fczere kapsaml\u0131 test raporlar\u0131 sunuyoruz.<\/p>\n<\/li>\n<\/ul>\n<\/li>\n<li>\n<p data-path-to-node=\"21,2,0\"><b data-path-to-node=\"21,2,0\" data-index-in-node=\"0\">S: LSZH malzemesinin kurumsal kullan\u0131m i\u00e7in faydas\u0131 nedir?<\/b><\/p>\n<ul data-path-to-node=\"21,2,1\">\n<li>\n<p data-path-to-node=\"21,2,1,0,0\"><b data-path-to-node=\"21,2,1,0,0\" data-index-in-node=\"0\">A<\/b>: LSZH bir\u00e7ok modern bina y\u00f6netmeli\u011fi i\u00e7in zorunludur. Bir yang\u0131n durumunda zehirli dumanlar\u0131n a\u00e7\u0131\u011fa \u00e7\u0131kmamas\u0131n\u0131 sa\u011flayarak veri merkezleri, hastaneler ve ofis binalar\u0131 i\u00e7in standart se\u00e7im haline getirir.<\/p>\n<\/li>\n<\/ul>\n<\/li>\n<\/ul>","protected":false},"excerpt":{"rendered":"<p data-path-to-node=\"4\">Bu <b data-path-to-node=\"4\" data-index-in-node=\"4\">ST\/UPC - SC\/UPC Tek Modlu Simpleks (SM SX)<\/b> yama kablosu, end\u00fcstriyel s\u0131n\u0131f donan\u0131m ile standart telekom\u00fcnikasyon portlar\u0131 aras\u0131nda k\u00f6pr\u00fc kurmak i\u00e7in tasarlanm\u0131\u015f sa\u011flam bir hibrit \u00e7\u00f6z\u00fcmd\u00fcr. Bu \u201cMaviden Maviye\u201d atlama kablosu, eski bayonet tarz\u0131 ST aray\u00fczlerini, patch panellerde ve ODF'lerde yayg\u0131n olarak kullan\u0131lan modern push-pull SC standard\u0131na ba\u011flamak i\u00e7in gereklidir.<\/p>\n<p data-path-to-node=\"5\">2026 seviyesinde g\u00fcvenilirlik i\u00e7in tasarlanan bu kablo, end\u00fcstriyel otomasyon, g\u00fcvenlik g\u00f6zetimi ve kurumsal altyap\u0131daki sistem entegrat\u00f6rleri i\u00e7in \u00f6nde gelen se\u00e7imdir.<\/p>","protected":false},"featured_media":784,"comment_status":"open","ping_status":"closed","template":"","meta":[],"product_brand":[],"product_cat":[45],"product_tag":[],"class_list":{"0":"post-783","1":"product","2":"type-product","3":"status-publish","4":"has-post-thumbnail","6":"product_cat-single-mode-fiber-optic-patch-cord","8":"first","9":"instock","10":"shipping-taxable","11":"product-type-simple"},"_links":{"self":[{"href":"https:\/\/www.fenxifiber.com\/tr\/wp-json\/wp\/v2\/product\/783","targetHints":{"allow":["GET"]}}],"collection":[{"href":"https:\/\/www.fenxifiber.com\/tr\/wp-json\/wp\/v2\/product"}],"about":[{"href":"https:\/\/www.fenxifiber.com\/tr\/wp-json\/wp\/v2\/types\/product"}],"replies":[{"embeddable":true,"href":"https:\/\/www.fenxifiber.com\/tr\/wp-json\/wp\/v2\/comments?post=783"}],"wp:featuredmedia":[{"embeddable":true,"href":"https:\/\/www.fenxifiber.com\/tr\/wp-json\/wp\/v2\/media\/784"}],"wp:attachment":[{"href":"https:\/\/www.fenxifiber.com\/tr\/wp-json\/wp\/v2\/media?parent=783"}],"wp:term":[{"taxonomy":"product_brand","embeddable":true,"href":"https:\/\/www.fenxifiber.com\/tr\/wp-json\/wp\/v2\/product_brand?post=783"},{"taxonomy":"product_cat","embeddable":true,"href":"https:\/\/www.fenxifiber.com\/tr\/wp-json\/wp\/v2\/product_cat?post=783"},{"taxonomy":"product_tag","embeddable":true,"href":"https:\/\/www.fenxifiber.com\/tr\/wp-json\/wp\/v2\/product_tag?post=783"}],"curies":[{"name":"wp","href":"https:\/\/api.w.org\/{rel}","templated":true}]}}