{"id":785,"date":"2026-02-04T01:33:33","date_gmt":"2026-02-04T01:33:33","guid":{"rendered":"https:\/\/www.fenxifiber.com\/?post_type=product&#038;p=785"},"modified":"2026-02-04T02:18:43","modified_gmt":"2026-02-04T02:18:43","slug":"fc-upc-sc-upc-sm-sx","status":"publish","type":"product","link":"https:\/\/www.fenxifiber.com\/tr\/product\/fc-upc-sc-upc-sm-sx\/","title":{"rendered":"FC\/UPC - SC\/UPC Tek Modlu Simpleks Fiber Ba\u011flant\u0131 Kablosu"},"content":{"rendered":"<h2 data-path-to-node=\"6\">Veri Odakl\u0131 Teknik \u00d6zellikler<\/h2>\n<p data-path-to-node=\"7\">\u00dcretim s\u00fcrecimiz, her jumper'\u0131n a\u015fa\u011f\u0131daki titiz performans standartlar\u0131n\u0131 kar\u015f\u0131lamas\u0131n\u0131 sa\u011flar:<\/p>\n<table data-path-to-node=\"8\">\n<thead>\n<tr>\n<td><strong>\u00d6zellik<\/strong><\/td>\n<td><strong>End\u00fcstriyel \u015eartname<\/strong><\/td>\n<td><strong>B2B De\u011fer \u00d6nerisi<\/strong><\/td>\n<\/tr>\n<\/thead>\n<tbody>\n<tr>\n<td><span data-path-to-node=\"8,1,0,0\"><b data-path-to-node=\"8,1,0,0\" data-index-in-node=\"0\">Konekt\u00f6r Tipi<\/b><\/span><\/td>\n<td><span data-path-to-node=\"8,1,1,0\">FC\/UPC'den SC\/UPC'ye<\/span><\/td>\n<td><span data-path-to-node=\"8,1,2,0\">\u0130tme-\u00e7ekme hibrit ba\u011flant\u0131s\u0131na g\u00fcvenli vidalama<\/span><\/td>\n<\/tr>\n<tr>\n<td><span data-path-to-node=\"8,2,0,0\"><b data-path-to-node=\"8,2,0,0\" data-index-in-node=\"0\">Elyaf Kategorisi<\/b><\/span><\/td>\n<td><span data-path-to-node=\"8,2,1,0\">Tek modlu (SM\/SX)<\/span><\/td>\n<td><span data-path-to-node=\"8,2,2,0\">Uzun mesafeli OS2 kararl\u0131l\u0131\u011f\u0131 i\u00e7in optimize edilmi\u015ftir<\/span><\/td>\n<\/tr>\n<tr>\n<td><span data-path-to-node=\"8,3,0,0\"><b data-path-to-node=\"8,3,0,0\" data-index-in-node=\"0\">Ekleme Kayb\u0131<\/b><\/span><\/td>\n<td><span data-path-to-node=\"8,3,1,0\"><span class=\"math-inline\" data-math=\"&lt; 0.3 \\text{ dB}\" data-index-in-node=\"0\">$&lt; 0,3 \\text{ dB}$<\/span><\/span><\/td>\n<td><span data-path-to-node=\"8,3,2,0\">Kritik yollar i\u00e7in minimum sinyal zay\u0131flamas\u0131<\/span><\/td>\n<\/tr>\n<tr>\n<td><span data-path-to-node=\"8,4,0,0\"><b data-path-to-node=\"8,4,0,0\" data-index-in-node=\"0\">Geri D\u00f6n\u00fc\u015f Kayb\u0131<\/b><\/span><\/td>\n<td><span data-path-to-node=\"8,4,1,0\"><span class=\"math-inline\" data-math=\"\\geq 50 \\text{ dB}\" data-index-in-node=\"0\">$\\geq 50 \\text{ dB}$<\/span> (UPC)<\/span><\/td>\n<td><span data-path-to-node=\"8,4,2,0\">Y\u00fcksek dijital sinyal b\u00fct\u00fcnl\u00fc\u011f\u00fc sa\u011flar<\/span><\/td>\n<\/tr>\n<tr>\n<td><span data-path-to-node=\"8,5,0,0\"><b data-path-to-node=\"8,5,0,0\" data-index-in-node=\"0\">Dalga Uzunlu\u011fu<\/b><\/span><\/td>\n<td><span data-path-to-node=\"8,5,1,0\">1310nm \/ 1490nm \/ 1550nm<\/span><\/td>\n<td><span data-path-to-node=\"8,5,2,0\">SM optikler i\u00e7in tam spektrum uyumlulu\u011fu<\/span><\/td>\n<\/tr>\n<tr>\n<td><span data-path-to-node=\"8,6,0,0\"><b data-path-to-node=\"8,6,0,0\" data-index-in-node=\"0\">Bant Geni\u015fli\u011fi<\/b><\/span><\/td>\n<td><span data-path-to-node=\"8,6,1,0\"><span class=\"math-inline\" data-math=\"\\pm 40\\text{nm}\" data-index-in-node=\"0\">$\\pm 40\\text{nm}$<\/span><\/span><\/td>\n<td><span data-path-to-node=\"8,6,2,0\">Spektral kaymalar boyunca istikrarl\u0131 performans<\/span><\/td>\n<\/tr>\n<tr>\n<td><span data-path-to-node=\"8,7,0,0\"><b data-path-to-node=\"8,7,0,0\" data-index-in-node=\"0\">Gerilim Dayan\u0131m\u0131<\/b><\/span><\/td>\n<td><span data-path-to-node=\"8,7,1,0\"><span class=\"math-inline\" data-math=\"\\geq 200 \\text{ N}\" data-index-in-node=\"0\">$\\geq 200 \\text{ N}$<\/span><\/span><\/td>\n<td><span data-path-to-node=\"8,7,2,0\">Zorlu kurulumlar i\u00e7in \u00fcst\u00fcn dayan\u0131kl\u0131l\u0131k<\/span><\/td>\n<\/tr>\n<tr>\n<td><span data-path-to-node=\"8,8,0,0\"><b data-path-to-node=\"8,8,0,0\" data-index-in-node=\"0\">Dayan\u0131kl\u0131l\u0131k<\/b><\/span><\/td>\n<td><span data-path-to-node=\"8,8,1,0\"><span class=\"math-inline\" data-math=\"\\geq 1000\" data-index-in-node=\"0\">$\\geq 1000$<\/span> zamanlar<\/span><\/td>\n<td><span data-path-to-node=\"8,8,2,0\">Tekrarlanan end\u00fcstriyel ve laboratuvar kullan\u0131m\u0131 i\u00e7in \u00fcretilmi\u015ftir<\/span><\/td>\n<\/tr>\n<tr>\n<td><span data-path-to-node=\"8,9,0,0\"><b data-path-to-node=\"8,9,0,0\" data-index-in-node=\"0\">Ceket Malzemesi<\/b><\/span><\/td>\n<td><span data-path-to-node=\"8,9,1,0\">LSZH (D\u00fc\u015f\u00fck Dumanl\u0131 S\u0131f\u0131r Halojen)<\/span><\/td>\n<td><span data-path-to-node=\"8,9,2,0\">K\u00fcresel yang\u0131n g\u00fcvenli\u011fi kodlar\u0131yla uyumlu<\/span><\/td>\n<\/tr>\n<\/tbody>\n<\/table>\n<hr data-path-to-node=\"9\" \/>\n<h2 data-path-to-node=\"10\">Bu Hibrit Model Neden B2B Tercihi?<\/h2>\n<h3 data-path-to-node=\"11\">1. Mekanik G\u00fcvenilirlik ve \u00c7ok Y\u00f6nl\u00fcl\u00fck<\/h3>\n<ul data-path-to-node=\"12\">\n<li>\n<p data-path-to-node=\"12,0,0\"><b data-path-to-node=\"12,0,0\" data-index-in-node=\"0\">FC\/UPC Son:<\/b> Sabit, titre\u015fime dayan\u0131kl\u0131 bir ba\u011flant\u0131 sa\u011flayan nikel kaplama metalik vidal\u0131 g\u00f6vdeye sahiptir.<\/p>\n<\/li>\n<li>\n<p data-path-to-node=\"12,1,0\"><b data-path-to-node=\"12,1,0\" data-index-in-node=\"0\">SC\/UPC Sonu:<\/b> Patch panellerde ve ODF'lerde h\u0131zl\u0131 ve g\u00fcvenli da\u011f\u0131t\u0131m i\u00e7in end\u00fcstri standard\u0131 kare itme-\u00e7ekme mekanizmas\u0131n\u0131 kullan\u0131r.<\/p>\n<\/li>\n<\/ul>\n<h3 data-path-to-node=\"13\">2. Do\u011frulanm\u0131\u015f Optik Hassasiyet<\/h3>\n<ul data-path-to-node=\"14\">\n<li>\n<p data-path-to-node=\"14,0,0\"><b data-path-to-node=\"14,0,0\" data-index-in-node=\"0\">D\u00fc\u015f\u00fck Kay\u0131p:<\/b> Test edilen ekleme kayb\u0131 kesinlikle a\u015fa\u011f\u0131daki ko\u015fullar alt\u0131nda korunur <b data-path-to-node=\"14,0,0\" data-index-in-node=\"61\">0.3dB<\/b>, a\u011f\u0131n\u0131z\u0131n g\u00fc\u00e7 b\u00fct\u00e7esini en \u00fcst d\u00fczeye \u00e7\u0131kar\u0131r.<\/p>\n<\/li>\n<li>\n<p data-path-to-node=\"14,1,0\"><b data-path-to-node=\"14,1,0\" data-index-in-node=\"0\">Sinyal Kalitesi:<\/b> Her iki u\u00e7taki UPC cilas\u0131 en az bir geri d\u00f6n\u00fc\u015f kayb\u0131 sa\u011flar <b data-path-to-node=\"14,1,0\" data-index-in-node=\"78\">50dB<\/b>, y\u00fcksek h\u0131zl\u0131 dijital ba\u011flant\u0131larda geri yans\u0131may\u0131 en aza indirir.<\/p>\n<\/li>\n<\/ul>\n<h3 data-path-to-node=\"15\">3. End\u00fcstriyel S\u0131n\u0131f Dayan\u0131kl\u0131l\u0131k<\/h3>\n<ul data-path-to-node=\"16\">\n<li>\n<p data-path-to-node=\"16,0,0\"><b data-path-to-node=\"16,0,0\" data-index-in-node=\"0\">Y\u00fcksek Gerilim:<\/b> Gerilme mukavemeti derecesi ile <b data-path-to-node=\"16,0,0\" data-index-in-node=\"48\"><span class=\"math-inline\" data-math=\"\\geq 200\\text{N}\" data-index-in-node=\"48\">$\\geq 200\\text{N}$<\/span><\/b>, Bu atlama telleri, s\u0131k\u0131\u015f\u0131k kanallar ve dikey kablo kanallar\u0131 boyunca y\u00f6nlendirmenin fiziksel streslerine dayan\u0131r.<\/p>\n<\/li>\n<li>\n<p data-path-to-node=\"16,1,0\"><b data-path-to-node=\"16,1,0\" data-index-in-node=\"0\">Uzun \u00f6m\u00fcrl\u00fc:<\/b> A\u015fa\u011f\u0131dakiler i\u00e7in derecelendirilmi\u015ftir <b data-path-to-node=\"16,1,0\" data-index-in-node=\"26\">1000 \u00e7iftle\u015fme d\u00f6ng\u00fcs\u00fc<\/b>, Kablolar\u0131n s\u0131k s\u0131k yeniden ba\u011fland\u0131\u011f\u0131 test ortamlar\u0131nda bile uzun s\u00fcreli g\u00fcvenilirlik sa\u011flar.<\/p>\n<\/li>\n<\/ul>\n<h3 data-path-to-node=\"17\">4. Sertifikal\u0131 G\u00fcvenlik Uyumlulu\u011fu<\/h3>\n<ul data-path-to-node=\"18\">\n<li>\n<p data-path-to-node=\"18,0,0\"><b data-path-to-node=\"18,0,0\" data-index-in-node=\"0\">LSZH Ceket:<\/b> Sar\u0131 ceketlerimiz \u015funlardan yap\u0131lm\u0131\u015ft\u0131r <b data-path-to-node=\"18,0,0\" data-index-in-node=\"44\">D\u00fc\u015f\u00fck Dumanl\u0131 S\u0131f\u0131r Halojen<\/b> malzeme, yang\u0131n durumunda personeli ve hassas ekipmanlar\u0131 zehirli dumanlardan korumak i\u00e7in modern ticari bina y\u00f6netmelikleri i\u00e7in zorunlu bir gerekliliktir.<\/p>\n<\/li>\n<\/ul>\n<hr data-path-to-node=\"19\" \/>\n<h2 data-path-to-node=\"20\">B2B Sat\u0131n Alma SSS<\/h2>\n<ul data-path-to-node=\"21\">\n<li>\n<p data-path-to-node=\"21,0,0\"><b data-path-to-node=\"21,0,0\" data-index-in-node=\"0\">S: Bu FC\/UPC (Mavi) konekt\u00f6r FC\/APC (Ye\u015fil) ba\u011flant\u0131 noktalar\u0131 ile uyumlu mu?<\/b><\/p>\n<ul data-path-to-node=\"21,0,1\">\n<li>\n<p data-path-to-node=\"21,0,1,0,0\"><b data-path-to-node=\"21,0,1,0,0\" data-index-in-node=\"0\">A<\/b>: Hay\u0131r. UPC ve APC farkl\u0131 u\u00e7 y\u00fcz geometrilerine sahiptir. Bunlar\u0131n kar\u0131\u015ft\u0131r\u0131lmas\u0131, y\u00fcksek sinyal kayb\u0131na ve potansiyel y\u00fcks\u00fck hasar\u0131na neden olan bir hava bo\u015flu\u011fu olu\u015fturur. Mavi (UPC) ile Mavi ba\u011flant\u0131 noktalar\u0131n\u0131 daima e\u015fle\u015ftirin.<\/p>\n<\/li>\n<\/ul>\n<\/li>\n<li>\n<p data-path-to-node=\"21,1,0\"><b data-path-to-node=\"21,1,0\" data-index-in-node=\"0\">S: Bu hizmetin faydas\u0131 nedir? <span class=\"math-inline\" data-math=\"\\pm 40\\text{nm}\" data-index-in-node=\"30\">$\\pm 40\\text{nm}$<\/span> Bant geni\u015fli\u011fi derecelendirmesi?<\/b><\/p>\n<ul data-path-to-node=\"21,1,1\">\n<li>\n<p data-path-to-node=\"21,1,1,0,0\"><b data-path-to-node=\"21,1,1,0,0\" data-index-in-node=\"0\">A<\/b>: \u00c7e\u015fitli d\u0131\u015f ortamlarda veya eski lazer ekipmanlar\u0131nda yayg\u0131n olan \u00e7al\u0131\u015fma dalga boyu hafif\u00e7e de\u011fi\u015fse bile fiber jumper'\u0131n istikrarl\u0131 optik performans\u0131n\u0131 korumas\u0131n\u0131 sa\u011flar.<\/p>\n<\/li>\n<\/ul>\n<\/li>\n<li>\n<p data-path-to-node=\"21,2,0\"><b data-path-to-node=\"21,2,0\" data-index-in-node=\"0\">S: Toplu toptan sat\u0131\u015f deste\u011fi sa\u011flayabilir misiniz?<\/b><\/p>\n<ul data-path-to-node=\"21,2,1\">\n<li>\n<p data-path-to-node=\"21,2,1,0,0\"><b data-path-to-node=\"21,2,1,0,0\" data-index-in-node=\"0\">A<\/b>: \u00d6zel bir B2B tedarik\u00e7isi olarak, y\u00fcksek hacimli sipari\u015fler i\u00e7in iste\u011fe ba\u011fl\u0131 test raporlar\u0131 (IL \/ RL) ile 100% fabrikada test edilmi\u015f kablolar sa\u011fl\u0131yoruz ve b\u00fcy\u00fck \u00f6l\u00e7ekli a\u011f sunumlar\u0131 i\u00e7in tutarl\u0131 kalite sa\u011fl\u0131yoruz.<\/p>\n<\/li>\n<\/ul>\n<\/li>\n<\/ul>","protected":false},"excerpt":{"rendered":"<p data-path-to-node=\"4\">Bu <b data-path-to-node=\"4\" data-index-in-node=\"4\">FC\/UPC - SC\/UPC Tek Modlu Simpleks (SM SX)<\/b> yama kablosu, kritik telekom\u00fcnikasyon ve end\u00fcstriyel uygulamalar i\u00e7in tasarlanm\u0131\u015f y\u00fcksek performansl\u0131 bir hibrit atlama kablosudur. Bu \u201cMaviden Maviye\u201d kablo, di\u015fli, y\u00fcksek titre\u015fime dayan\u0131kl\u0131 FC aray\u00fcz\u00fc ile yayg\u0131n olarak benimsenen push-pull SC standard\u0131 aras\u0131nda g\u00fcvenilir bir k\u00f6pr\u00fc sa\u011flar.<\/p>\n<p data-path-to-node=\"5\">2026 altyap\u0131s\u0131 i\u00e7in temel bir \u00fcr\u00fcn olan bu jumper, telekom\u00fcnikasyon merkez ofislerinden sa\u011flam end\u00fcstriyel otomasyon zeminlerine kadar \u00e7e\u015fitli ortamlarda istikrarl\u0131, d\u00fc\u015f\u00fck zay\u0131flama performans\u0131 sunmak \u00fczere tasarlanm\u0131\u015ft\u0131r.<\/p>","protected":false},"featured_media":787,"comment_status":"open","ping_status":"closed","template":"","meta":[],"product_brand":[],"product_cat":[45],"product_tag":[],"class_list":{"0":"post-785","1":"product","2":"type-product","3":"status-publish","4":"has-post-thumbnail","6":"product_cat-single-mode-fiber-optic-patch-cord","8":"first","9":"instock","10":"shipping-taxable","11":"product-type-simple"},"_links":{"self":[{"href":"https:\/\/www.fenxifiber.com\/tr\/wp-json\/wp\/v2\/product\/785","targetHints":{"allow":["GET"]}}],"collection":[{"href":"https:\/\/www.fenxifiber.com\/tr\/wp-json\/wp\/v2\/product"}],"about":[{"href":"https:\/\/www.fenxifiber.com\/tr\/wp-json\/wp\/v2\/types\/product"}],"replies":[{"embeddable":true,"href":"https:\/\/www.fenxifiber.com\/tr\/wp-json\/wp\/v2\/comments?post=785"}],"wp:featuredmedia":[{"embeddable":true,"href":"https:\/\/www.fenxifiber.com\/tr\/wp-json\/wp\/v2\/media\/787"}],"wp:attachment":[{"href":"https:\/\/www.fenxifiber.com\/tr\/wp-json\/wp\/v2\/media?parent=785"}],"wp:term":[{"taxonomy":"product_brand","embeddable":true,"href":"https:\/\/www.fenxifiber.com\/tr\/wp-json\/wp\/v2\/product_brand?post=785"},{"taxonomy":"product_cat","embeddable":true,"href":"https:\/\/www.fenxifiber.com\/tr\/wp-json\/wp\/v2\/product_cat?post=785"},{"taxonomy":"product_tag","embeddable":true,"href":"https:\/\/www.fenxifiber.com\/tr\/wp-json\/wp\/v2\/product_tag?post=785"}],"curies":[{"name":"wp","href":"https:\/\/api.w.org\/{rel}","templated":true}]}}