{"id":788,"date":"2026-02-04T01:34:58","date_gmt":"2026-02-04T01:34:58","guid":{"rendered":"https:\/\/www.fenxifiber.com\/?post_type=product&#038;p=788"},"modified":"2026-02-04T02:20:17","modified_gmt":"2026-02-04T02:20:17","slug":"sc-apc-fc-apc-sm-sx","status":"publish","type":"product","link":"https:\/\/www.fenxifiber.com\/tr\/product\/sc-apc-fc-apc-sm-sx\/","title":{"rendered":"Y\u00fcksek Hassasiyetli SC\/APC - FC\/APC Tek Modlu Simpleks Fiber Jumper"},"content":{"rendered":"<p data-path-to-node=\"5\">2026 seviyesindeki telekom\u00fcnikasyon ve laboratuvar standartlar\u0131 i\u00e7in tasarlanan bu kablo, a\u015fa\u011f\u0131dakiler i\u00e7in temel bir unsurdur <b data-path-to-node=\"5\" data-index-in-node=\"98\">GPON, XGS-PON, CATV<\/b>, ve hassas alg\u0131lama uygulamalar\u0131.<\/p>\n<h2 data-path-to-node=\"6\">Teknik \u00d6zellikler (B2B Uyumluluk Standard\u0131)<\/h2>\n<p data-path-to-node=\"7\">T\u00fcm jumperlar tozsuz ortamlarda \u00fcretilir ve a\u015fa\u011f\u0131daki parametreleri sa\u011flamak i\u00e7in 100% 3D interferometri testinden ge\u00e7irilir:<\/p>\n<table data-path-to-node=\"8\">\n<thead>\n<tr>\n<td><strong>Metrik<\/strong><\/td>\n<td><strong>\u015eartname<\/strong><\/td>\n<td><strong>B2B De\u011fer<\/strong><\/td>\n<\/tr>\n<\/thead>\n<tbody>\n<tr>\n<td><span data-path-to-node=\"8,1,0,0\"><b data-path-to-node=\"8,1,0,0\" data-index-in-node=\"0\">Konekt\u00f6r Tipi<\/b><\/span><\/td>\n<td><span data-path-to-node=\"8,1,1,0\">SC\/APC'den FC\/APC'ye<\/span><\/td>\n<td><span data-path-to-node=\"8,1,2,0\">Hibrit itme-\u00e7ekme ve vidal\u0131 kilitleme<\/span><\/td>\n<\/tr>\n<tr>\n<td><span data-path-to-node=\"8,2,0,0\"><b data-path-to-node=\"8,2,0,0\" data-index-in-node=\"0\">Elyaf Kategorisi<\/b><\/span><\/td>\n<td><span data-path-to-node=\"8,2,1,0\">Tek modlu (SM\/SX)<\/span><\/td>\n<td><span data-path-to-node=\"8,2,2,0\">OS2 uzun mesafeli ba\u011flant\u0131lar i\u00e7in optimize edilmi\u015ftir<\/span><\/td>\n<\/tr>\n<tr>\n<td><span data-path-to-node=\"8,3,0,0\"><b data-path-to-node=\"8,3,0,0\" data-index-in-node=\"0\">Ekleme Kayb\u0131<\/b><\/span><\/td>\n<td><span data-path-to-node=\"8,3,1,0\"><b data-path-to-node=\"8,3,1,0\" data-index-in-node=\"0\"><span class=\"math-inline\" data-math=\"&lt; 0.3 \\text{ dB}\" data-index-in-node=\"0\">$&lt; 0,3 \\text{ dB}$<\/span><\/b><\/span><\/td>\n<td><span data-path-to-node=\"8,3,2,0\">Minimum g\u00fc\u00e7 zay\u0131flamas\u0131<\/span><\/td>\n<\/tr>\n<tr>\n<td><span data-path-to-node=\"8,4,0,0\"><b data-path-to-node=\"8,4,0,0\" data-index-in-node=\"0\">Geri D\u00f6n\u00fc\u015f Kayb\u0131<\/b><\/span><\/td>\n<td><span data-path-to-node=\"8,4,1,0\"><b data-path-to-node=\"8,4,1,0\" data-index-in-node=\"0\"><span class=\"math-inline\" data-math=\"\\geq 60 \\text{ dB}\" data-index-in-node=\"0\">$\\geq 60 \\text{ dB}$<\/span> (APC)<\/b><\/span><\/td>\n<td><span data-path-to-node=\"8,4,2,0\">\u00dcst\u00fcn yans\u0131ma y\u00f6netimi<\/span><\/td>\n<\/tr>\n<tr>\n<td><span data-path-to-node=\"8,5,0,0\"><b data-path-to-node=\"8,5,0,0\" data-index-in-node=\"0\">\u00c7al\u0131\u015fma Dalga Boyu<\/b><\/span><\/td>\n<td><span data-path-to-node=\"8,5,1,0\">1310nm \/ 1490nm \/ 1550nm<\/span><\/td>\n<td><span data-path-to-node=\"8,5,2,0\">Tam spektrum SM uyumlulu\u011fu<\/span><\/td>\n<\/tr>\n<tr>\n<td><span data-path-to-node=\"8,6,0,0\"><b data-path-to-node=\"8,6,0,0\" data-index-in-node=\"0\">Gerilim Dayan\u0131m\u0131<\/b><\/span><\/td>\n<td><span data-path-to-node=\"8,6,1,0\"><b data-path-to-node=\"8,6,1,0\" data-index-in-node=\"0\"><span class=\"math-inline\" data-math=\"\\geq 200 \\text{ N}\" data-index-in-node=\"0\">$\\geq 200 \\text{ N}$<\/span><\/b><\/span><\/td>\n<td><span data-path-to-node=\"8,6,2,0\">Dikey y\u00f6nlendirme i\u00e7in sa\u011flamla\u015ft\u0131r\u0131lm\u0131\u015ft\u0131r<\/span><\/td>\n<\/tr>\n<tr>\n<td><span data-path-to-node=\"8,7,0,0\"><b data-path-to-node=\"8,7,0,0\" data-index-in-node=\"0\">Dayan\u0131kl\u0131l\u0131k<\/b><\/span><\/td>\n<td><span data-path-to-node=\"8,7,1,0\"><span class=\"math-inline\" data-math=\"\\geq 1000\" data-index-in-node=\"0\">$\\geq 1000$<\/span> zamanlar<\/span><\/td>\n<td><span data-path-to-node=\"8,7,2,0\">Y\u00fcksek hassasiyetli seramik y\u00fcks\u00fckler<\/span><\/td>\n<\/tr>\n<tr>\n<td><span data-path-to-node=\"8,8,0,0\"><b data-path-to-node=\"8,8,0,0\" data-index-in-node=\"0\">Bant Geni\u015fli\u011fi<\/b><\/span><\/td>\n<td><span data-path-to-node=\"8,8,1,0\"><span class=\"math-inline\" data-math=\"\\pm 40\\text{nm}\" data-index-in-node=\"0\">$\\pm 40\\text{nm}$<\/span><\/span><\/td>\n<td><span data-path-to-node=\"8,8,2,0\">Dalgal\u0131 ortamlarda kararl\u0131<\/span><\/td>\n<\/tr>\n<tr>\n<td><span data-path-to-node=\"8,9,0,0\"><b data-path-to-node=\"8,9,0,0\" data-index-in-node=\"0\">Ceket Malzemesi<\/b><\/span><\/td>\n<td><span data-path-to-node=\"8,9,1,0\"><b data-path-to-node=\"8,9,1,0\" data-index-in-node=\"0\">LSZH (Sar\u0131)<\/b><\/span><\/td>\n<td><span data-path-to-node=\"8,9,2,0\">D\u00fc\u015f\u00fck Duman S\u0131f\u0131r Halojen g\u00fcvenlik<\/span><\/td>\n<\/tr>\n<\/tbody>\n<\/table>\n<hr data-path-to-node=\"9\" \/>\n<h2 data-path-to-node=\"10\">Bu APC Hibrit Jumper Neden Profesyonellerin Tercihi?<\/h2>\n<h3 data-path-to-node=\"11\">1. Elit Yans\u0131ma Y\u00f6netimi (<span class=\"math-inline\" data-math=\"\\geq 60\\text{dB}\" data-index-in-node=\"32\">$\\geq 60\\text{dB}$<\/span>)<\/h3>\n<p data-path-to-node=\"12\">\u201cYe\u015fil\u201d APC konnekt\u00f6rleri 8 derecelik a\u00e7\u0131l\u0131 bir cilaya sahiptir. Bu tasar\u0131m, \u0131\u015f\u0131\u011f\u0131 vericiye do\u011fru geri yans\u0131tmak yerine fiber kaplaman\u0131n i\u00e7ine yans\u0131t\u0131r. B2B m\u00fc\u015fterileri i\u00e7in <b data-path-to-node=\"12\" data-index-in-node=\"177\">CATV veya y\u00fcksek h\u0131zl\u0131 veri sekt\u00f6rleri<\/b>, Bu, sinyal g\u00fcr\u00fclt\u00fcs\u00fcn\u00fc ve lazer hasar\u0131n\u0131 \u00f6nlemek i\u00e7in zorunludur.<\/p>\n<h3 data-path-to-node=\"13\">2. Uzmanla\u015fm\u0131\u015f Ba\u011flant\u0131 Rolleri<\/h3>\n<ul data-path-to-node=\"14\">\n<li>\n<p data-path-to-node=\"14,0,0\"><b data-path-to-node=\"14,0,0\" data-index-in-node=\"0\">FC\/APC Biti\u015f:<\/b> Nikel kapl\u0131 metal vida tipi konnekt\u00f6r, sabit fiziksel temas sa\u011flayarak y\u00fcksek titre\u015fimli end\u00fcstriyel ortamlar ve test ekipmanlar\u0131 i\u00e7in tercih edilir.<\/p>\n<\/li>\n<li>\n<p data-path-to-node=\"14,1,0\"><b data-path-to-node=\"14,1,0\" data-index-in-node=\"0\">SC\/APC Son:<\/b> Kare itme-\u00e7ekme tasar\u0131m\u0131, standart Optik Da\u011f\u0131t\u0131m \u00c7er\u00e7evelerinde (ODF) h\u0131zl\u0131 ve y\u00fcksek yo\u011funluklu da\u011f\u0131t\u0131ma olanak tan\u0131r.<\/p>\n<\/li>\n<\/ul>\n<h3 data-path-to-node=\"15\">3. M\u00fchendislik S\u0131n\u0131f\u0131 \u00c7ekme Dayan\u0131m\u0131<\/h3>\n<p data-path-to-node=\"16\">Gerilim derecesi ile <b data-path-to-node=\"16\" data-index-in-node=\"25\"><span class=\"math-inline\" data-math=\"\\geq 200\\text{N}\" data-index-in-node=\"25\">$\\geq 200\\text{N}$<\/span><\/b>, Bu kablolar, yo\u011fun kanallardan ve dikey \u015faftlardan \u00e7ekilmenin fiziksel stresine dayanacak \u015fekilde \u00fcretilmi\u015ftir ve i\u00e7 cam \u00e7ekirde\u011fin kurulum s\u0131ras\u0131nda hasar g\u00f6rmemesini sa\u011flar.<\/p>\n<h3 data-path-to-node=\"17\">4. K\u00fcresel G\u00fcvenlik Uyumlulu\u011fu (LSZH)<\/h3>\n<p data-path-to-node=\"18\">G\u00fcvenlik, kurumsal projeler i\u00e7in temel bir gerekliliktir. Bu nedenle <b data-path-to-node=\"18\" data-index-in-node=\"58\">LSZH<\/b> ceket, yang\u0131n durumunda kablonun zehirli halojen gazlar veya a\u011f\u0131r duman yaymamas\u0131n\u0131 sa\u011flayarak ticari binalar ve veri merkezleri i\u00e7in uluslararas\u0131 yang\u0131n g\u00fcvenli\u011fi kodlar\u0131n\u0131 kar\u015f\u0131lar.<\/p>\n<hr data-path-to-node=\"19\" \/>\n<h2 data-path-to-node=\"20\">B2B Sat\u0131n Alma SSS<\/h2>\n<ul data-path-to-node=\"21\">\n<li>\n<p data-path-to-node=\"21,0,0\"><b data-path-to-node=\"21,0,0\" data-index-in-node=\"0\">S: Neden <span class=\"math-inline\" data-math=\"\\geq 60\\text{dB}\" data-index-in-node=\"14\">$\\geq 60\\text{dB}$<\/span> Geri D\u00f6n\u00fc\u015f Kayb\u0131?<\/b><\/p>\n<ul data-path-to-node=\"21,0,1\">\n<li>\n<p data-path-to-node=\"21,0,1,0,0\"><b data-path-to-node=\"21,0,1,0,0\" data-index-in-node=\"0\">A:<\/b> Y\u00fcksek g\u00fc\u00e7l\u00fc optik sistemler geri yans\u0131maya kar\u015f\u0131 hassast\u0131r. APC cilam\u0131z en y\u00fcksek sinyal-g\u00fcr\u00fclt\u00fc oran\u0131n\u0131 sa\u011flayarak altyap\u0131 yat\u0131r\u0131mlar\u0131n\u0131z\u0131 korur.<\/p>\n<\/li>\n<\/ul>\n<\/li>\n<li>\n<p data-path-to-node=\"21,1,0\"><b data-path-to-node=\"21,1,0\" data-index-in-node=\"0\">S: \u00d6zelle\u015ftirilmi\u015f uzunluk ve \u00e7aplar sunuyor musunuz?<\/b><\/p>\n<ul data-path-to-node=\"21,1,1\">\n<li>\n<p data-path-to-node=\"21,1,1,0,0\"><b data-path-to-node=\"21,1,1,0,0\" data-index-in-node=\"0\">A:<\/b> Evet. Bir B2B tedarik\u00e7isi olarak, \u00f6zel dolap alan\u0131n\u0131za uymas\u0131 i\u00e7in \u00f6zel uzunluklar (0,5m ila 100m+) ve k\u0131l\u0131f kal\u0131nl\u0131klar\u0131 (2,0mm veya 3,0mm) sa\u011fl\u0131yoruz.<\/p>\n<\/li>\n<\/ul>\n<\/li>\n<li>\n<p data-path-to-node=\"21,2,0\"><b data-path-to-node=\"21,2,0\" data-index-in-node=\"0\">S: Toptan sevkiyatlara test raporlar\u0131 dahil mi?<\/b><\/p>\n<ul data-path-to-node=\"21,2,1\">\n<li>\n<p data-path-to-node=\"21,2,1,0,0\"><b data-path-to-node=\"21,2,1,0,0\" data-index-in-node=\"0\">A:<\/b> Her parti, Ekleme Kayb\u0131 (IL) ve Geri D\u00f6n\u00fc\u015f Kayb\u0131 (RL) i\u00e7in ayr\u0131nt\u0131l\u0131 testler i\u00e7erir. Kalite g\u00fcvencesi i\u00e7in talep \u00fczerine 3D interferometri raporlar\u0131 mevcuttur.<\/p>\n<\/li>\n<\/ul>\n<\/li>\n<\/ul>","protected":false},"excerpt":{"rendered":"<p data-path-to-node=\"4\"><span class=\"\">Modern y\u00fcksek kapasiteli optik a\u011flarda,<\/span><span class=\"\"> Geri yans\u0131may\u0131 y\u00f6netmek pahal\u0131 lazer kaynaklar\u0131n\u0131 korumak i\u00e7in kritik \u00f6neme sahiptir.<\/span><span class=\"\"> Bu <\/span><b class=\"\" data-path-to-node=\"4\" data-index-in-node=\"123\">SC\/APC - FC\/APC Tek Modlu Simpleks (SM SX)<\/b><span class=\"\"> yama kablosu, her iki ucunda 8 derecelik a\u00e7\u0131l\u0131 fiziksel temas (APC) i\u00e7eren \u00f6zel bir \u00e7\u00f6z\u00fcmd\u00fcr.<\/span><span class=\"\"> Bu hibrit jumper, kolay eri\u015filebilen SC ba\u011flant\u0131 noktalar\u0131 ile y\u00fcksek kararl\u0131l\u0131k aras\u0131ndaki bo\u015flu\u011fu doldurur,<\/span><span class=\"\"> di\u015fli FC aray\u00fczleri.<\/span><\/p>\n<p data-path-to-node=\"5\">","protected":false},"featured_media":789,"comment_status":"open","ping_status":"closed","template":"","meta":[],"product_brand":[],"product_cat":[45],"product_tag":[],"class_list":{"0":"post-788","1":"product","2":"type-product","3":"status-publish","4":"has-post-thumbnail","6":"product_cat-single-mode-fiber-optic-patch-cord","8":"first","9":"instock","10":"shipping-taxable","11":"product-type-simple"},"_links":{"self":[{"href":"https:\/\/www.fenxifiber.com\/tr\/wp-json\/wp\/v2\/product\/788","targetHints":{"allow":["GET"]}}],"collection":[{"href":"https:\/\/www.fenxifiber.com\/tr\/wp-json\/wp\/v2\/product"}],"about":[{"href":"https:\/\/www.fenxifiber.com\/tr\/wp-json\/wp\/v2\/types\/product"}],"replies":[{"embeddable":true,"href":"https:\/\/www.fenxifiber.com\/tr\/wp-json\/wp\/v2\/comments?post=788"}],"wp:featuredmedia":[{"embeddable":true,"href":"https:\/\/www.fenxifiber.com\/tr\/wp-json\/wp\/v2\/media\/789"}],"wp:attachment":[{"href":"https:\/\/www.fenxifiber.com\/tr\/wp-json\/wp\/v2\/media?parent=788"}],"wp:term":[{"taxonomy":"product_brand","embeddable":true,"href":"https:\/\/www.fenxifiber.com\/tr\/wp-json\/wp\/v2\/product_brand?post=788"},{"taxonomy":"product_cat","embeddable":true,"href":"https:\/\/www.fenxifiber.com\/tr\/wp-json\/wp\/v2\/product_cat?post=788"},{"taxonomy":"product_tag","embeddable":true,"href":"https:\/\/www.fenxifiber.com\/tr\/wp-json\/wp\/v2\/product_tag?post=788"}],"curies":[{"name":"wp","href":"https:\/\/api.w.org\/{rel}","templated":true}]}}