{"id":792,"date":"2026-02-04T01:39:19","date_gmt":"2026-02-04T01:39:19","guid":{"rendered":"https:\/\/www.fenxifiber.com\/?post_type=product&#038;p=792"},"modified":"2026-02-04T02:21:56","modified_gmt":"2026-02-04T02:21:56","slug":"fc-upc-fc-upc-sm-dx","status":"publish","type":"product","link":"https:\/\/www.fenxifiber.com\/tr\/product\/fc-upc-fc-upc-sm-dx\/","title":{"rendered":"FC\/UPC - FC\/UPC Tek Modlu \u00c7ift Y\u00f6nl\u00fc (SM DX) ba\u011flant\u0131 kablosu"},"content":{"rendered":"<h2 data-path-to-node=\"3\">Teknik Performans Matrisi<\/h2>\n<p data-path-to-node=\"4\">\u00dcretim s\u00fcrecimiz, proje genelinde tutarl\u0131l\u0131\u011f\u0131 sa\u011flamak i\u00e7in a\u015fa\u011f\u0131daki performans kriterlerine s\u0131k\u0131 s\u0131k\u0131ya ba\u011fl\u0131d\u0131r:<\/p>\n<table data-path-to-node=\"5\">\n<thead>\n<tr>\n<td><strong>Metrik<\/strong><\/td>\n<td><strong>Profesyonel \u00d6zellikler<\/strong><\/td>\n<td><strong>M\u00fchendislik Avantaj\u0131<\/strong><\/td>\n<\/tr>\n<\/thead>\n<tbody>\n<tr>\n<td><span data-path-to-node=\"5,1,0,0\"><b data-path-to-node=\"5,1,0,0\" data-index-in-node=\"0\">Konekt\u00f6r Tipi<\/b><\/span><\/td>\n<td><span data-path-to-node=\"5,1,1,0\">FC\/UPC - FC\/UPC<\/span><\/td>\n<td><span data-path-to-node=\"5,1,2,0\">Di\u015fli metalik vidal\u0131 kaplin<\/span><\/td>\n<\/tr>\n<tr>\n<td><span data-path-to-node=\"5,2,0,0\"><b data-path-to-node=\"5,2,0,0\" data-index-in-node=\"0\">Elyaf Kategorisi<\/b><\/span><\/td>\n<td><span data-path-to-node=\"5,2,1,0\">Tek Modlu \u00c7ift Y\u00f6nl\u00fc (SM DX)<\/span><\/td>\n<td><span data-path-to-node=\"5,2,2,0\">\u00c7ift fiberli \u00e7ift y\u00f6nl\u00fc veriler i\u00e7in optimize edilmi\u015ftir<\/span><\/td>\n<\/tr>\n<tr>\n<td><span data-path-to-node=\"5,3,0,0\"><b data-path-to-node=\"5,3,0,0\" data-index-in-node=\"0\">Ekleme Kayb\u0131<\/b><\/span><\/td>\n<td><span data-path-to-node=\"5,3,1,0\"><b data-path-to-node=\"5,3,1,0\" data-index-in-node=\"0\"><span class=\"math-inline\" data-math=\"&lt; 0.3 \\text{ dB}\" data-index-in-node=\"0\">$&lt; 0,3 \\text{ dB}$<\/span><\/b><\/span><\/td>\n<td><span data-path-to-node=\"5,3,2,0\">Uzun mesafeli ba\u011flant\u0131lar i\u00e7in minimum zay\u0131flama<\/span><\/td>\n<\/tr>\n<tr>\n<td><span data-path-to-node=\"5,4,0,0\"><b data-path-to-node=\"5,4,0,0\" data-index-in-node=\"0\">Geri D\u00f6n\u00fc\u015f Kayb\u0131<\/b><\/span><\/td>\n<td><span data-path-to-node=\"5,4,1,0\"><b data-path-to-node=\"5,4,1,0\" data-index-in-node=\"0\"><span class=\"math-inline\" data-math=\"\\geq 50 \\text{ dB}\" data-index-in-node=\"0\">$\\geq 50 \\text{ dB}$<\/span> (UPC)<\/b><\/span><\/td>\n<td><span data-path-to-node=\"5,4,2,0\">Dijital protokoller i\u00e7in y\u00fcksek safl\u0131kta sinyal<\/span><\/td>\n<\/tr>\n<tr>\n<td><span data-path-to-node=\"5,5,0,0\"><b data-path-to-node=\"5,5,0,0\" data-index-in-node=\"0\">Dalga Uzunlu\u011fu<\/b><\/span><\/td>\n<td><span data-path-to-node=\"5,5,1,0\">1310nm \/ 1490nm \/ 1550nm<\/span><\/td>\n<td><span data-path-to-node=\"5,5,2,0\">Evrensel dalga boyu uyumlulu\u011fu<\/span><\/td>\n<\/tr>\n<tr>\n<td><span data-path-to-node=\"5,6,0,0\"><b data-path-to-node=\"5,6,0,0\" data-index-in-node=\"0\">Gerilim Dayan\u0131m\u0131<\/b><\/span><\/td>\n<td><span data-path-to-node=\"5,6,1,0\"><b data-path-to-node=\"5,6,1,0\" data-index-in-node=\"0\"><span class=\"math-inline\" data-math=\"\\geq 200 \\text{ N}\" data-index-in-node=\"0\">$\\geq 200 \\text{ N}$<\/span><\/b><\/span><\/td>\n<td><span data-path-to-node=\"5,6,2,0\">Yo\u011fun kablo y\u00f6nlendirmesi i\u00e7in sa\u011flamla\u015ft\u0131r\u0131lm\u0131\u015ft\u0131r<\/span><\/td>\n<\/tr>\n<tr>\n<td><span data-path-to-node=\"5,7,0,0\"><b data-path-to-node=\"5,7,0,0\" data-index-in-node=\"0\">Dayan\u0131kl\u0131l\u0131k<\/b><\/span><\/td>\n<td><span data-path-to-node=\"5,7,1,0\"><span class=\"math-inline\" data-math=\"\\geq 1000\" data-index-in-node=\"0\">$\\geq 1000$<\/span> zamanlar<\/span><\/td>\n<td><span data-path-to-node=\"5,7,2,0\">Y\u00fcksek hassasiyetli seramik y\u00fcks\u00fck uzun \u00f6m\u00fcrl\u00fc<\/span><\/td>\n<\/tr>\n<tr>\n<td><span data-path-to-node=\"5,8,0,0\"><b data-path-to-node=\"5,8,0,0\" data-index-in-node=\"0\">Bant Geni\u015fli\u011fi<\/b><\/span><\/td>\n<td><span data-path-to-node=\"5,8,1,0\"><span class=\"math-inline\" data-math=\"\\pm 40\\text{nm}\" data-index-in-node=\"0\">$\\pm 40\\text{nm}$<\/span><\/span><\/td>\n<td><span data-path-to-node=\"5,8,2,0\">Spektral kaymalar boyunca istikrarl\u0131 performans<\/span><\/td>\n<\/tr>\n<tr>\n<td><span data-path-to-node=\"5,9,0,0\"><b data-path-to-node=\"5,9,0,0\" data-index-in-node=\"0\">Ceket Malzemesi<\/b><\/span><\/td>\n<td><span data-path-to-node=\"5,9,1,0\"><b data-path-to-node=\"5,9,1,0\" data-index-in-node=\"0\">LSZH (Sar\u0131)<\/b><\/span><\/td>\n<td><span data-path-to-node=\"5,9,2,0\">Yang\u0131n g\u00fcvenli\u011fi, D\u00fc\u015f\u00fck Duman S\u0131f\u0131r Halojen uyumlulu\u011fu<\/span><\/td>\n<\/tr>\n<\/tbody>\n<\/table>\n<hr data-path-to-node=\"6\" \/>\n<h2 data-path-to-node=\"7\">B\u00fcy\u00fck \u00d6l\u00e7ekli Da\u011f\u0131t\u0131m i\u00e7in Performans Avantajlar\u0131<\/h2>\n<h3 data-path-to-node=\"8\">1. Titre\u015fime Dayan\u0131kl\u0131 Vidal\u0131 Mekanizma<\/h3>\n<p data-path-to-node=\"9\">Bu <b data-path-to-node=\"9\" data-index-in-node=\"4\">FC (Y\u00fcks\u00fck Konnekt\u00f6r)<\/b> di\u015fli bir kaplin ile nikel kaplama metalik bir muhafaza kullan\u0131r. Plastik ge\u00e7meli mandallar\u0131n aksine, FC mekanizmas\u0131 fiber u\u00e7 y\u00fczeylerinin sabit, bas\u0131n\u00e7l\u0131 temas halinde kalmas\u0131n\u0131 sa\u011flayarak mekanik stres veya termal genle\u015fmeye maruz kalan ortamlar i\u00e7in ideal se\u00e7imdir.<\/p>\n<h3 data-path-to-node=\"10\">2. Y\u00fcksek H\u0131zl\u0131 Ba\u011flant\u0131lar i\u00e7in \u00c7ift Y\u00f6nl\u00fc (DX) Verimlilik<\/h3>\n<p data-path-to-node=\"11\">Bu <b data-path-to-node=\"11\" data-index-in-node=\"4\">Dubleks (DX)<\/b> yap\u0131land\u0131rmas\u0131 e\u015fzamanl\u0131, iki y\u00f6nl\u00fc veri iletimine olanak tan\u0131r. Bu, iletim ve al\u0131m i\u00e7in ayr\u0131 tellere dayanan geleneksel 1G, 10G ve 40G Ethernet mimarileri i\u00e7in kritik bir gerekliliktir ve y\u00fcksek yo\u011funluklu raflarda kablo y\u00f6netimini basitle\u015ftirir.<\/p>\n<h3 data-path-to-node=\"12\">3. End\u00fcstriyel S\u0131n\u0131f \u00c7ekme G\u00fcvenilirli\u011fi<\/h3>\n<p data-path-to-node=\"13\">Gerilme mukavemeti derecesi ile <b data-path-to-node=\"13\" data-index-in-node=\"34\"><span class=\"math-inline\" data-math=\"\\geq 200\\text{N}\" data-index-in-node=\"34\">$\\geq 200\\text{N}$<\/span><\/b>, Bu atlama telleri, end\u00fcstriyel kanallar ve dikey \u015faftlar boyunca \u00e7ekilmenin fiziksel zorluklar\u0131na dayanacak \u015fekilde \u00fcretilmi\u015ftir. Bu dayan\u0131kl\u0131l\u0131k, b\u00fcy\u00fck \u00f6l\u00e7ekli projelerin kurulum a\u015famas\u0131nda cam \u00e7ekirde\u011fin k\u0131r\u0131lma riskini azalt\u0131r.<\/p>\n<h3 data-path-to-node=\"14\">4. K\u00fcresel G\u00fcvenlik ve LSZH Uyumlulu\u011fu<\/h3>\n<p data-path-to-node=\"15\">Sar\u0131 ceketlerimiz \u015funlardan \u00fcretilmektedir <b data-path-to-node=\"15\" data-index-in-node=\"41\">D\u00fc\u015f\u00fck Dumanl\u0131 S\u0131f\u0131r Halojen (LSZH)<\/b> malzemeler. Bu sayede \u00fcr\u00fcn, a\u015f\u0131r\u0131 \u0131s\u0131 durumunda zehirli halojen gazlar\u0131 yaymad\u0131\u011f\u0131 i\u00e7in ticari binalar ve devlet binalar\u0131 i\u00e7in uluslararas\u0131 yang\u0131n g\u00fcvenli\u011fi y\u00f6netmeliklerini kar\u015f\u0131lamaktad\u0131r.<\/p>\n<hr data-path-to-node=\"16\" \/>\n<h2 data-path-to-node=\"17\">Sat\u0131n Alma ve Proje Deste\u011fi<\/h2>\n<ul data-path-to-node=\"18\">\n<li>\n<p data-path-to-node=\"18,0,0\"><b data-path-to-node=\"18,0,0\" data-index-in-node=\"0\">Kalite G\u00fcvencesi:<\/b> Her bir yama kablosu, Ekleme Kayb\u0131 (IL) ve Geri D\u00f6n\u00fc\u015f Kayb\u0131 (RL) i\u00e7in fabrikada test edilmi\u015f 100%'dir. Bireysel test raporlar\u0131 ve 3D interferometri do\u011frulamas\u0131 desteklemek i\u00e7in sa\u011flanabilir. <b data-path-to-node=\"18,0,0\" data-index-in-node=\"203\">proje uygunluk belgeleri<\/b>.<\/p>\n<\/li>\n<li>\n<p data-path-to-node=\"18,1,0\"><b data-path-to-node=\"18,1,0\" data-index-in-node=\"0\">Toptan \u00d6l\u00e7eklenebilirlik:<\/b> H\u0131zl\u0131 teslimat s\u00fcreleri sa\u011flamak i\u00e7in tutarl\u0131 bir standart uzunluk envanteri (1m, 2m, 3m, 5m) bulunduruyoruz <b data-path-to-node=\"18,1,0\" data-index-in-node=\"126\">y\u00fcksek hacimli tedarik<\/b> ve acil a\u011f bak\u0131m\u0131.<\/p>\n<\/li>\n<li>\n<p data-path-to-node=\"18,2,0\"><b data-path-to-node=\"18,2,0\" data-index-in-node=\"0\">\u00d6zel Yap\u0131land\u0131rma:<\/b> Belirli \u00fcr\u00fcnler i\u00e7in esnek \u00fcretim sunuyoruz <b data-path-to-node=\"18,2,0\" data-index-in-node=\"67\">toptan sat\u0131\u015f gereksinimleri<\/b>, \u00d6zel uzunluklar, 2.0mm\/3.0mm k\u0131l\u0131f \u00e7aplar\u0131 ve kurumsal markalama i\u00e7in \u00f6zel etiketleme dahil.<\/p>\n<\/li>\n<\/ul>","protected":false},"excerpt":{"rendered":"<p data-path-to-node=\"0\">Bu <b data-path-to-node=\"0\" data-index-in-node=\"4\">FC\/UPC - FC\/UPC Tek Modlu \u00c7ift Y\u00f6nl\u00fc (SM DX)<\/b> yama kablosu, maksimum mekanik stabilite gerektiren ortamlarda \u00e7ift fiber iletimi i\u00e7in tasarlanm\u0131\u015f y\u00fcksek performansl\u0131 bir ara ba\u011flant\u0131d\u0131r. Klasik di\u015fli metalik ba\u011flant\u0131ya sahip olan bu dubleks konfig\u00fcrasyon, a\u015fa\u011f\u0131dakiler i\u00e7in profesyonel standartt\u0131r <b data-path-to-node=\"0\" data-index-in-node=\"296\">fiber optik sens\u00f6rler, telekom\u00fcnikasyon omurgalar\u0131 ve laboratuvar test yataklar\u0131<\/b> Titre\u015fim veya harekete ra\u011fmen s\u00fcrekli fiziksel temas\u0131n korunmas\u0131 gereken yerlerde.<\/p>\n<p data-path-to-node=\"1\">2026 altyap\u0131 taleplerini kar\u015f\u0131lamak \u00fczere tasarlanan bu \u201cMaviden Maviye\u201d \u00e7ift \u00e7ekirdekli jumper, kritik a\u011f sekt\u00f6rlerinde tam \u00e7ift y\u00f6nl\u00fc veri yollar\u0131 i\u00e7in gereken g\u00fcvenilirli\u011fi sa\u011flar.<\/p>","protected":false},"featured_media":793,"comment_status":"open","ping_status":"closed","template":"","meta":[],"product_brand":[],"product_cat":[45],"product_tag":[],"class_list":{"0":"post-792","1":"product","2":"type-product","3":"status-publish","4":"has-post-thumbnail","6":"product_cat-single-mode-fiber-optic-patch-cord","8":"first","9":"instock","10":"shipping-taxable","11":"product-type-simple"},"_links":{"self":[{"href":"https:\/\/www.fenxifiber.com\/tr\/wp-json\/wp\/v2\/product\/792","targetHints":{"allow":["GET"]}}],"collection":[{"href":"https:\/\/www.fenxifiber.com\/tr\/wp-json\/wp\/v2\/product"}],"about":[{"href":"https:\/\/www.fenxifiber.com\/tr\/wp-json\/wp\/v2\/types\/product"}],"replies":[{"embeddable":true,"href":"https:\/\/www.fenxifiber.com\/tr\/wp-json\/wp\/v2\/comments?post=792"}],"wp:featuredmedia":[{"embeddable":true,"href":"https:\/\/www.fenxifiber.com\/tr\/wp-json\/wp\/v2\/media\/793"}],"wp:attachment":[{"href":"https:\/\/www.fenxifiber.com\/tr\/wp-json\/wp\/v2\/media?parent=792"}],"wp:term":[{"taxonomy":"product_brand","embeddable":true,"href":"https:\/\/www.fenxifiber.com\/tr\/wp-json\/wp\/v2\/product_brand?post=792"},{"taxonomy":"product_cat","embeddable":true,"href":"https:\/\/www.fenxifiber.com\/tr\/wp-json\/wp\/v2\/product_cat?post=792"},{"taxonomy":"product_tag","embeddable":true,"href":"https:\/\/www.fenxifiber.com\/tr\/wp-json\/wp\/v2\/product_tag?post=792"}],"curies":[{"name":"wp","href":"https:\/\/api.w.org\/{rel}","templated":true}]}}