{"id":794,"date":"2026-02-04T01:40:45","date_gmt":"2026-02-04T01:40:45","guid":{"rendered":"https:\/\/www.fenxifiber.com\/?post_type=product&#038;p=794"},"modified":"2026-02-04T02:23:15","modified_gmt":"2026-02-04T02:23:15","slug":"fc-upc-st-upc-sm-dx","status":"publish","type":"product","link":"https:\/\/www.fenxifiber.com\/tr\/product\/fc-upc-st-upc-sm-dx\/","title":{"rendered":"FC\/UPC - ST\/UPC Tek Modlu \u00c7ift Y\u00f6nl\u00fc (SM DX) ba\u011flant\u0131 kablosu"},"content":{"rendered":"<p data-path-to-node=\"5\">Hassasiyet ve dayan\u0131kl\u0131l\u0131k i\u00e7in \u00fcretilen bu \u201cMaviden Maviye\u201d \u00e7ift y\u00f6nl\u00fc kablo, g\u00f6rev a\u00e7\u0131s\u0131ndan kritik \u00e7ift y\u00f6nl\u00fc veri iletimi i\u00e7in y\u00fcksek do\u011frulukta hizalama ve sa\u011flam fiziksel g\u00fcvenlik sa\u011flar.<\/p>\n<h2 data-path-to-node=\"6\">Teknik Performans Matrisi<\/h2>\n<p data-path-to-node=\"7\">\u00dcretimimiz, b\u00fcy\u00fck \u00f6l\u00e7ekli proje da\u011f\u0131t\u0131mlar\u0131nda tutarl\u0131l\u0131\u011f\u0131 sa\u011flamak i\u00e7in a\u015fa\u011f\u0131daki titiz teknik standartlara ba\u011fl\u0131d\u0131r:<\/p>\n<table data-path-to-node=\"8\">\n<thead>\n<tr>\n<td><strong>Metrik<\/strong><\/td>\n<td><strong>Profesyonel \u00d6zellikler<\/strong><\/td>\n<td><strong>M\u00fchendislik Avantaj\u0131<\/strong><\/td>\n<\/tr>\n<\/thead>\n<tbody>\n<tr>\n<td><span data-path-to-node=\"8,1,0,0\"><b data-path-to-node=\"8,1,0,0\" data-index-in-node=\"0\">Konekt\u00f6r Tipi<\/b><\/span><\/td>\n<td><span data-path-to-node=\"8,1,1,0\">FC\/UPC'den ST\/UPC'ye<\/span><\/td>\n<td><span data-path-to-node=\"8,1,2,0\">Metal-metal hibrit kaplin<\/span><\/td>\n<\/tr>\n<tr>\n<td><span data-path-to-node=\"8,2,0,0\"><b data-path-to-node=\"8,2,0,0\" data-index-in-node=\"0\">Elyaf Kategorisi<\/b><\/span><\/td>\n<td><span data-path-to-node=\"8,2,1,0\">Tek Modlu \u00c7ift Y\u00f6nl\u00fc (SM DX)<\/span><\/td>\n<td><span data-path-to-node=\"8,2,2,0\">E\u015fzamanl\u0131 \u00e7ift telli veriyi destekler<\/span><\/td>\n<\/tr>\n<tr>\n<td><span data-path-to-node=\"8,3,0,0\"><b data-path-to-node=\"8,3,0,0\" data-index-in-node=\"0\">Ekleme Kayb\u0131<\/b><\/span><\/td>\n<td><span data-path-to-node=\"8,3,1,0\"><b data-path-to-node=\"8,3,1,0\" data-index-in-node=\"0\"><span class=\"math-inline\" data-math=\"&lt; 0.3 \\text{ dB}\" data-index-in-node=\"0\">$&lt; 0,3 \\text{ dB}$<\/span><\/b><\/span><\/td>\n<td><span data-path-to-node=\"8,3,2,0\">Toplam ba\u011flant\u0131 g\u00fcc\u00fc b\u00fct\u00e7esini optimize eder<\/span><\/td>\n<\/tr>\n<tr>\n<td><span data-path-to-node=\"8,4,0,0\"><b data-path-to-node=\"8,4,0,0\" data-index-in-node=\"0\">Geri D\u00f6n\u00fc\u015f Kayb\u0131<\/b><\/span><\/td>\n<td><span data-path-to-node=\"8,4,1,0\"><b data-path-to-node=\"8,4,1,0\" data-index-in-node=\"0\"><span class=\"math-inline\" data-math=\"\\geq 50 \\text{ dB}\" data-index-in-node=\"0\">$\\geq 50 \\text{ dB}$<\/span> (UPC)<\/b><\/span><\/td>\n<td><span data-path-to-node=\"8,4,2,0\">\u00dcst\u00fcn dijital sinyal safl\u0131\u011f\u0131n\u0131 korur<\/span><\/td>\n<\/tr>\n<tr>\n<td><span data-path-to-node=\"8,5,0,0\"><b data-path-to-node=\"8,5,0,0\" data-index-in-node=\"0\">Dalga Uzunlu\u011fu<\/b><\/span><\/td>\n<td><span data-path-to-node=\"8,5,1,0\">1310nm \/ 1490nm \/ 1550nm<\/span><\/td>\n<td><span data-path-to-node=\"8,5,2,0\">Evrensel SM dalga boyu uyumlulu\u011fu<\/span><\/td>\n<\/tr>\n<tr>\n<td><span data-path-to-node=\"8,6,0,0\"><b data-path-to-node=\"8,6,0,0\" data-index-in-node=\"0\">Bant Geni\u015fli\u011fi<\/b><\/span><\/td>\n<td><span data-path-to-node=\"8,6,1,0\"><span class=\"math-inline\" data-math=\"\\pm 40\\text{nm}\" data-index-in-node=\"0\">$\\pm 40\\text{nm}$<\/span><\/span><\/td>\n<td><span data-path-to-node=\"8,6,2,0\">Spektral kaymalar boyunca istikrarl\u0131 performans<\/span><\/td>\n<\/tr>\n<tr>\n<td><span data-path-to-node=\"8,7,0,0\"><b data-path-to-node=\"8,7,0,0\" data-index-in-node=\"0\">Gerilim Dayan\u0131m\u0131<\/b><\/span><\/td>\n<td><span data-path-to-node=\"8,7,1,0\"><b data-path-to-node=\"8,7,1,0\" data-index-in-node=\"0\"><span class=\"math-inline\" data-math=\"\\geq 200 \\text{ N}\" data-index-in-node=\"0\">$\\geq 200 \\text{ N}$<\/span><\/b><\/span><\/td>\n<td><span data-path-to-node=\"8,7,2,0\">Yo\u011fun kanal y\u00f6nlendirmesi i\u00e7in sa\u011flamla\u015ft\u0131r\u0131lm\u0131\u015ft\u0131r<\/span><\/td>\n<\/tr>\n<tr>\n<td><span data-path-to-node=\"8,8,0,0\"><b data-path-to-node=\"8,8,0,0\" data-index-in-node=\"0\">Dayan\u0131kl\u0131l\u0131k<\/b><\/span><\/td>\n<td><span data-path-to-node=\"8,8,1,0\"><span class=\"math-inline\" data-math=\"\\geq 1000\" data-index-in-node=\"0\">$\\geq 1000$<\/span> zamanlar<\/span><\/td>\n<td><span data-path-to-node=\"8,8,2,0\">Y\u00fcksek hassasiyetli seramik y\u00fcks\u00fck uzun \u00f6m\u00fcrl\u00fc<\/span><\/td>\n<\/tr>\n<tr>\n<td><span data-path-to-node=\"8,9,0,0\"><b data-path-to-node=\"8,9,0,0\" data-index-in-node=\"0\">Ceket Malzemesi<\/b><\/span><\/td>\n<td><span data-path-to-node=\"8,9,1,0\"><b data-path-to-node=\"8,9,1,0\" data-index-in-node=\"0\">LSZH (Sar\u0131)<\/b><\/span><\/td>\n<td><span data-path-to-node=\"8,9,2,0\">Yang\u0131na kar\u015f\u0131 g\u00fcvenli, D\u00fc\u015f\u00fck Dumanl\u0131 S\u0131f\u0131r Halojen g\u00fcvenlik<\/span><\/td>\n<\/tr>\n<\/tbody>\n<\/table>\n<hr data-path-to-node=\"9\" \/>\n<h2 data-path-to-node=\"10\">Altyap\u0131 Projeleri i\u00e7in Performans Avantajlar\u0131<\/h2>\n<h3 data-path-to-node=\"11\">1. \u00c7ift Metalik Kilitleme Mekanizmas\u0131<\/h3>\n<ul data-path-to-node=\"12\">\n<li>\n<p data-path-to-node=\"12,0,0\">Her ikisi de <b data-path-to-node=\"12,0,0\" data-index-in-node=\"9\">FC<\/b> ve <b data-path-to-node=\"12,0,0\" data-index-in-node=\"16\">ST<\/b> konekt\u00f6rlerde plastik mandallar yerine nikel kapl\u0131 metalik muhafazalar kullan\u0131l\u0131r.<\/p>\n<\/li>\n<li>\n<p data-path-to-node=\"12,1,0\">FC di\u015fli vida ve ST yayl\u0131 bayonet montaj\u0131 titre\u015fime dayan\u0131kl\u0131 bir ba\u011flant\u0131 sa\u011flar.<\/p>\n<\/li>\n<li>\n<p data-path-to-node=\"12,2,0\">Bu tasar\u0131m a\u015fa\u011f\u0131dakiler i\u00e7in idealdir <b data-path-to-node=\"12,2,0\" data-index-in-node=\"25\">end\u00fcstri\u0307yel ortamlar ve di\u015f mekan kullanim dolaplari<\/b> mekanik strese maruz kal\u0131r.<\/p>\n<\/li>\n<\/ul>\n<h3 data-path-to-node=\"13\">2. Y\u00fcksek Verimli Dubleks (DX) Tasar\u0131m<\/h3>\n<ul data-path-to-node=\"14\">\n<li>\n<p data-path-to-node=\"14,0,0\">Bu <b data-path-to-node=\"14,0,0\" data-index-in-node=\"4\">Dubleks (DX)<\/b> yap\u0131land\u0131rmas\u0131, iki ayr\u0131 fiber \u015ferit \u00fczerinde ba\u011f\u0131ms\u0131z iletim (TX) ve al\u0131m (RX) yollar\u0131na izin verir.<\/p>\n<\/li>\n<li>\n<p data-path-to-node=\"14,1,0\">Bu, uzun mesafe \u00fczerinden tam \u00e7ift y\u00f6nl\u00fc ileti\u015fim gerektiren kurumsal a\u011f mimarileri i\u00e7in gereklidir <b data-path-to-node=\"14,1,0\" data-index-in-node=\"112\">OS2 Tek Modlu fiber<\/b>.<\/p>\n<\/li>\n<\/ul>\n<h3 data-path-to-node=\"15\">3. M\u00fchendislik Derecesinde \u00c7ekme G\u00fcvenilirli\u011fi<\/h3>\n<ul data-path-to-node=\"16\">\n<li>\n<p data-path-to-node=\"16,0,0\">Gerilme mukavemetinde derecelendirilmi\u015ftir <b data-path-to-node=\"16,0,0\" data-index-in-node=\"31\"><span class=\"math-inline\" data-math=\"\\geq 200\\text{N}\" data-index-in-node=\"31\">$\\geq 200\\text{N}$<\/span><\/b>, Bu jumperlar, kurulumun fiziksel zorluklar\u0131na dayanacak \u015fekilde \u00fcretilmi\u015ftir.<\/p>\n<\/li>\n<li>\n<p data-path-to-node=\"16,1,0\">Bu y\u00fcksek e\u015fik, yo\u011fun kablo kanallar\u0131 ve dikey \u015faftlar boyunca yo\u011fun \u00e7ekme s\u0131ras\u0131nda cam \u00e7ekirde\u011fin korunmas\u0131n\u0131 sa\u011flar.<\/p>\n<\/li>\n<\/ul>\n<h3 data-path-to-node=\"17\">4. K\u00fcresel Uyumluluk ve G\u00fcvenlik<\/h3>\n<ul data-path-to-node=\"18\">\n<li>\n<p data-path-to-node=\"18,0,0\">Sar\u0131 ceketlerimiz \u015funlardan \u00fcretilmektedir <b data-path-to-node=\"18,0,0\" data-index-in-node=\"41\">D\u00fc\u015f\u00fck Dumanl\u0131 S\u0131f\u0131r Halojen (LSZH)<\/b> malzeme.<\/p>\n<\/li>\n<li>\n<p data-path-to-node=\"18,1,0\">Bu, uluslararas\u0131 bina g\u00fcvenlik kodlar\u0131yla uyumludur ve a\u015f\u0131r\u0131 \u0131s\u0131 durumunda toksik halojen gazlar\u0131n yay\u0131lmamas\u0131n\u0131 sa\u011flar.<\/p>\n<\/li>\n<\/ul>\n<hr data-path-to-node=\"19\" \/>\n<h2 data-path-to-node=\"20\">Sat\u0131n Alma ve Toptan Sat\u0131\u015f Deste\u011fi<\/h2>\n<ul data-path-to-node=\"21\">\n<li>\n<p data-path-to-node=\"21,0,0\"><b data-path-to-node=\"21,0,0\" data-index-in-node=\"0\">Kalite G\u00fcvence<\/b>: Her patch cord, proje g\u00fcvenilirli\u011fini sa\u011flamak i\u00e7in Ekleme Kayb\u0131 (IL) ve Geri D\u00f6n\u00fc\u015f Kayb\u0131 (RL) i\u00e7in 100% fabrika testine tabi tutulur.<\/p>\n<\/li>\n<li>\n<p data-path-to-node=\"21,1,0\"><b data-path-to-node=\"21,1,0\" data-index-in-node=\"0\">Proje Dok\u00fcmantasyonu<\/b>: Kat\u0131 kurallar\u0131 kar\u015f\u0131lamak i\u00e7in bireysel test raporlar\u0131 ve 3D interferometri do\u011frulamas\u0131 sa\u011fl\u0131yoruz <b data-path-to-node=\"21,1,0\" data-index-in-node=\"108\">uygunluk gereklilikleri<\/b>.<\/p>\n<\/li>\n<li>\n<p data-path-to-node=\"21,2,0\"><b data-path-to-node=\"21,2,0\" data-index-in-node=\"0\">Toptan \u00d6l\u00e7eklenebilirlik<\/b>: H\u0131zl\u0131 teslimat s\u00fcreleri sa\u011flamak i\u00e7in standart uzunluklarda tutarl\u0131 envanter tutuyoruz <b data-path-to-node=\"21,2,0\" data-index-in-node=\"107\">y\u00fcksek hacimli tedarik<\/b>.<\/p>\n<\/li>\n<li>\n<p data-path-to-node=\"21,3,0\"><b data-path-to-node=\"21,3,0\" data-index-in-node=\"0\">\u00d6zel Yap\u0131land\u0131rma<\/b>: \u00d6zel uzunluklar, \u00f6zel etiketleme ve de\u011fi\u015fen k\u0131l\u0131f \u00e7aplar\u0131 (2.0mm\/3.0mm) i\u00e7in esnek \u00fcretim mevcuttur.<\/p>\n<\/li>\n<\/ul>","protected":false},"excerpt":{"rendered":"<p data-path-to-node=\"4\"><span class=\"\">Bu <\/span><b class=\"\" data-path-to-node=\"4\" data-index-in-node=\"4\">FC\/UPC - ST\/UPC Tek Modlu \u00c7ift Y\u00f6nl\u00fc (SM DX)<\/b><span class=\"\"> maksimum mekanik stabilite gerektiren \u00e7ift fiberli sistemler i\u00e7in tasarlanm\u0131\u015f y\u00fcksek performansl\u0131 bir ara ba\u011flant\u0131d\u0131r.<\/span><span class=\"\"> Bu hibrit jumper, di\u015fli FC aray\u00fczleri ile bayonet tarz\u0131 ST portlar\u0131 aras\u0131ndaki bo\u015flu\u011fu doldurur,<\/span><span class=\"\"> i\u00e7in g\u00fcvenilir bir full-duplex yol sa\u011flar. <\/span><b class=\"\" data-path-to-node=\"4\" data-index-in-node=\"291\">end\u00fcstriyel otomasyon, kamp\u00fcs omurgalar\u0131 ve eski telekom y\u00fckseltmeleri<\/b><span class=\"\">.<\/span><\/p>\n<p data-path-to-node=\"5\">","protected":false},"featured_media":795,"comment_status":"open","ping_status":"closed","template":"","meta":[],"product_brand":[],"product_cat":[45],"product_tag":[],"class_list":{"0":"post-794","1":"product","2":"type-product","3":"status-publish","4":"has-post-thumbnail","6":"product_cat-single-mode-fiber-optic-patch-cord","8":"first","9":"instock","10":"shipping-taxable","11":"product-type-simple"},"_links":{"self":[{"href":"https:\/\/www.fenxifiber.com\/tr\/wp-json\/wp\/v2\/product\/794","targetHints":{"allow":["GET"]}}],"collection":[{"href":"https:\/\/www.fenxifiber.com\/tr\/wp-json\/wp\/v2\/product"}],"about":[{"href":"https:\/\/www.fenxifiber.com\/tr\/wp-json\/wp\/v2\/types\/product"}],"replies":[{"embeddable":true,"href":"https:\/\/www.fenxifiber.com\/tr\/wp-json\/wp\/v2\/comments?post=794"}],"wp:featuredmedia":[{"embeddable":true,"href":"https:\/\/www.fenxifiber.com\/tr\/wp-json\/wp\/v2\/media\/795"}],"wp:attachment":[{"href":"https:\/\/www.fenxifiber.com\/tr\/wp-json\/wp\/v2\/media?parent=794"}],"wp:term":[{"taxonomy":"product_brand","embeddable":true,"href":"https:\/\/www.fenxifiber.com\/tr\/wp-json\/wp\/v2\/product_brand?post=794"},{"taxonomy":"product_cat","embeddable":true,"href":"https:\/\/www.fenxifiber.com\/tr\/wp-json\/wp\/v2\/product_cat?post=794"},{"taxonomy":"product_tag","embeddable":true,"href":"https:\/\/www.fenxifiber.com\/tr\/wp-json\/wp\/v2\/product_tag?post=794"}],"curies":[{"name":"wp","href":"https:\/\/api.w.org\/{rel}","templated":true}]}}