{"id":796,"date":"2026-02-04T01:42:04","date_gmt":"2026-02-04T01:42:04","guid":{"rendered":"https:\/\/www.fenxifiber.com\/?post_type=product&#038;p=796"},"modified":"2026-02-04T02:23:46","modified_gmt":"2026-02-04T02:23:46","slug":"lc-apc-lc-apc-sm-dx","status":"publish","type":"product","link":"https:\/\/www.fenxifiber.com\/tr\/product\/lc-apc-lc-apc-sm-dx\/","title":{"rendered":"LC\/APC - LC\/APC Tek Modlu \u00c7ift Y\u00f6nl\u00fc (SM DX) ba\u011flant\u0131 kablosu"},"content":{"rendered":"<h2 data-path-to-node=\"3\">Teknik Performans Matrisi<\/h2>\n<p data-path-to-node=\"4\">\u00dcretimimiz, b\u00fcy\u00fck \u00f6l\u00e7ekli a\u011f da\u011f\u0131t\u0131mlar\u0131nda tutarl\u0131 performans sa\u011flamak i\u00e7in a\u015fa\u011f\u0131daki titiz teknik standartlara ba\u011fl\u0131d\u0131r:<\/p>\n<table data-path-to-node=\"5\">\n<thead>\n<tr>\n<td><strong>Metrik<\/strong><\/td>\n<td><strong>Profesyonel \u00d6zellikler<\/strong><\/td>\n<td><strong>M\u00fchendislik Avantaj\u0131<\/strong><\/td>\n<\/tr>\n<\/thead>\n<tbody>\n<tr>\n<td><span data-path-to-node=\"5,1,0,0\"><b data-path-to-node=\"5,1,0,0\" data-index-in-node=\"0\">Konekt\u00f6r Tipi<\/b><\/span><\/td>\n<td><span data-path-to-node=\"5,1,1,0\">LC\/APC - LC\/APC<\/span><\/td>\n<td><span data-path-to-node=\"5,1,2,0\">Y\u00fcksek yo\u011funluklu SFF (K\u00fc\u00e7\u00fck Form Fakt\u00f6r\u00fc)<\/span><\/td>\n<\/tr>\n<tr>\n<td><span data-path-to-node=\"5,2,0,0\"><b data-path-to-node=\"5,2,0,0\" data-index-in-node=\"0\">Elyaf Kategorisi<\/b><\/span><\/td>\n<td><span data-path-to-node=\"5,2,1,0\">Tek Modlu \u00c7ift Y\u00f6nl\u00fc (SM\/DX)<\/span><\/td>\n<td><span data-path-to-node=\"5,2,2,0\">E\u015fzamanl\u0131 \u00e7ift telli veriyi destekler<\/span><\/td>\n<\/tr>\n<tr>\n<td><span data-path-to-node=\"5,3,0,0\"><b data-path-to-node=\"5,3,0,0\" data-index-in-node=\"0\">Ekleme Kayb\u0131<\/b><\/span><\/td>\n<td><span data-path-to-node=\"5,3,1,0\"><b data-path-to-node=\"5,3,1,0\" data-index-in-node=\"0\"><span class=\"math-inline\" data-math=\"&lt; 0.3 \\text{ dB}\" data-index-in-node=\"0\">$&lt; 0,3 \\text{ dB}$<\/span><\/b><\/span><\/td>\n<td><span data-path-to-node=\"5,3,2,0\">Toplam ba\u011flant\u0131 g\u00fcc\u00fc b\u00fct\u00e7esini optimize eder<\/span><\/td>\n<\/tr>\n<tr>\n<td><span data-path-to-node=\"5,4,0,0\"><b data-path-to-node=\"5,4,0,0\" data-index-in-node=\"0\">Geri D\u00f6n\u00fc\u015f Kayb\u0131<\/b><\/span><\/td>\n<td><span data-path-to-node=\"5,4,1,0\"><b data-path-to-node=\"5,4,1,0\" data-index-in-node=\"0\"><span class=\"math-inline\" data-math=\"\\geq 60 \\text{ dB}\" data-index-in-node=\"0\">$\\geq 60 \\text{ dB}$<\/span> (APC)<\/b><\/span><\/td>\n<td><span data-path-to-node=\"5,4,2,0\">\u00dcst\u00fcn geri yans\u0131ma bast\u0131rma<\/span><\/td>\n<\/tr>\n<tr>\n<td><span data-path-to-node=\"5,5,0,0\"><b data-path-to-node=\"5,5,0,0\" data-index-in-node=\"0\">Dalga Uzunlu\u011fu<\/b><\/span><\/td>\n<td><span data-path-to-node=\"5,5,1,0\">1310nm \/ 1490nm \/ 1550nm<\/span><\/td>\n<td><span data-path-to-node=\"5,5,2,0\">Evrensel SM dalga boyu uyumlulu\u011fu<\/span><\/td>\n<\/tr>\n<tr>\n<td><span data-path-to-node=\"5,6,0,0\"><b data-path-to-node=\"5,6,0,0\" data-index-in-node=\"0\">Bant Geni\u015fli\u011fi<\/b><\/span><\/td>\n<td><span data-path-to-node=\"5,6,1,0\"><span class=\"math-inline\" data-math=\"\\pm 40\\text{nm}\" data-index-in-node=\"0\">$\\pm 40\\text{nm}$<\/span><\/span><\/td>\n<td><span data-path-to-node=\"5,6,2,0\">Spektral kaymalar boyunca istikrarl\u0131 performans<\/span><\/td>\n<\/tr>\n<tr>\n<td><span data-path-to-node=\"5,7,0,0\"><b data-path-to-node=\"5,7,0,0\" data-index-in-node=\"0\">Gerilim Dayan\u0131m\u0131<\/b><\/span><\/td>\n<td><span data-path-to-node=\"5,7,1,0\"><b data-path-to-node=\"5,7,1,0\" data-index-in-node=\"0\"><span class=\"math-inline\" data-math=\"\\geq 200 \\text{ N}\" data-index-in-node=\"0\">$\\geq 200 \\text{ N}$<\/span><\/b><\/span><\/td>\n<td><span data-path-to-node=\"5,7,2,0\">Yo\u011fun kanal y\u00f6nlendirmesi i\u00e7in sa\u011flamla\u015ft\u0131r\u0131lm\u0131\u015ft\u0131r<\/span><\/td>\n<\/tr>\n<tr>\n<td><span data-path-to-node=\"5,8,0,0\"><b data-path-to-node=\"5,8,0,0\" data-index-in-node=\"0\">Dayan\u0131kl\u0131l\u0131k<\/b><\/span><\/td>\n<td><span data-path-to-node=\"5,8,1,0\"><span class=\"math-inline\" data-math=\"\\geq 1000\" data-index-in-node=\"0\">$\\geq 1000$<\/span> zamanlar<\/span><\/td>\n<td><span data-path-to-node=\"5,8,2,0\">Y\u00fcksek hassasiyetli seramik y\u00fcks\u00fck uzun \u00f6m\u00fcrl\u00fc<\/span><\/td>\n<\/tr>\n<tr>\n<td><span data-path-to-node=\"5,9,0,0\"><b data-path-to-node=\"5,9,0,0\" data-index-in-node=\"0\">Ceket Malzemesi<\/b><\/span><\/td>\n<td><span data-path-to-node=\"5,9,1,0\"><b data-path-to-node=\"5,9,1,0\" data-index-in-node=\"0\">LSZH (Sar\u0131)<\/b><\/span><\/td>\n<td><span data-path-to-node=\"5,9,2,0\">Yang\u0131na kar\u015f\u0131 g\u00fcvenli, D\u00fc\u015f\u00fck Dumanl\u0131 S\u0131f\u0131r Halojen g\u00fcvenlik<\/span><\/td>\n<\/tr>\n<\/tbody>\n<\/table>\n<hr data-path-to-node=\"6\" \/>\n<h2 data-path-to-node=\"7\">Altyap\u0131 Projeleri i\u00e7in Performans Avantajlar\u0131<\/h2>\n<h3 data-path-to-node=\"8\">1. Y\u00fcksek Yo\u011funluklu SFF Tasar\u0131m\u0131<\/h3>\n<ul data-path-to-node=\"9\">\n<li>\n<p data-path-to-node=\"9,0,0\">LC konnekt\u00f6r\u00fcn kompakt 1,25 mm y\u00fcks\u00fc\u011f\u00fc, SC konnekt\u00f6rlere k\u0131yasla standart 1U ba\u011flant\u0131 panellerinde iki kat daha fazla fiber yo\u011funlu\u011fu sa\u011flar.<\/p>\n<\/li>\n<li>\n<p data-path-to-node=\"9,1,0\">Bu K\u00fc\u00e7\u00fck Form Fakt\u00f6r\u00fc (SFF), kurumsal d\u00fczeydeki veri merkezlerinde raf alan\u0131n\u0131 en \u00fcst d\u00fczeye \u00e7\u0131karmak i\u00e7in gereklidir.<\/p>\n<\/li>\n<\/ul>\n<h3 data-path-to-node=\"10\">2. Elit Yans\u0131ma Y\u00f6netimi (APC Leh\u00e7e)<\/h3>\n<ul data-path-to-node=\"11\">\n<li>\n<p data-path-to-node=\"11,0,0\">8 derecelik a\u00e7\u0131l\u0131 fiziksel temas (APC), a\u015fa\u011f\u0131daki de\u011ferlerde bir geri d\u00f6n\u00fc\u015f kayb\u0131 sa\u011flar <b data-path-to-node=\"11,0,0\" data-index-in-node=\"68\"><span class=\"math-inline\" data-math=\"\\geq 60\\text{dB}\" data-index-in-node=\"68\">$\\geq 60\\text{dB}$<\/span><\/b>.<\/p>\n<\/li>\n<li>\n<p data-path-to-node=\"11,1,0\">Bu, geri yans\u0131may\u0131 en aza indirir, y\u00fcksek g\u00fc\u00e7l\u00fc lazer kaynaklar\u0131n\u0131 korur ve hassas cihazlarda sinyal b\u00fct\u00fcnl\u00fc\u011f\u00fcn\u00fc korur. <b data-path-to-node=\"11,1,0\" data-index-in-node=\"114\">CATV ve PON<\/b> a\u011flar.<\/p>\n<\/li>\n<\/ul>\n<h3 data-path-to-node=\"12\">3. M\u00fchendislik Derecesinde \u00c7ekme G\u00fcvenilirli\u011fi<\/h3>\n<ul data-path-to-node=\"13\">\n<li>\n<p data-path-to-node=\"13,0,0\">Gerilme mukavemetinde derecelendirilmi\u015ftir <b data-path-to-node=\"13,0,0\" data-index-in-node=\"31\"><span class=\"math-inline\" data-math=\"\\geq 200\\text{N}\" data-index-in-node=\"31\">$\\geq 200\\text{N}$<\/span><\/b>, Bu jumperlar, yo\u011fun ortamlarda kurulumun fiziksel zorluklar\u0131na dayanacak \u015fekilde \u00fcretilmi\u015ftir.<\/p>\n<\/li>\n<li>\n<p data-path-to-node=\"13,1,0\">Bu, kablolar kalabal\u0131k tepsilerden veya dikey \u015faftlardan ge\u00e7irildi\u011finde bile uzun s\u00fcreli g\u00fcvenilirlik sa\u011flar.<\/p>\n<\/li>\n<\/ul>\n<h3 data-path-to-node=\"14\">4. K\u00fcresel Uyumluluk ve G\u00fcvenlik<\/h3>\n<ul data-path-to-node=\"15\">\n<li>\n<p data-path-to-node=\"15,0,0\">Sar\u0131 ceketlerimiz \u015funlardan \u00fcretilmektedir <b data-path-to-node=\"15,0,0\" data-index-in-node=\"41\">D\u00fc\u015f\u00fck Dumanl\u0131 S\u0131f\u0131r Halojen (LSZH)<\/b> malzeme.<\/p>\n<\/li>\n<li>\n<p data-path-to-node=\"15,1,0\">Bu, uluslararas\u0131 bina g\u00fcvenlik kodlar\u0131yla uyumludur ve yang\u0131n durumunda minimum duman ve toksik halojen emisyonu sa\u011flamaz.<\/p>\n<\/li>\n<\/ul>\n<hr data-path-to-node=\"16\" \/>\n<h2 data-path-to-node=\"17\">Sat\u0131n Alma ve Toptan Sat\u0131\u015f Deste\u011fi<\/h2>\n<ul data-path-to-node=\"18\">\n<li>\n<p data-path-to-node=\"18,0,0\"><b data-path-to-node=\"18,0,0\" data-index-in-node=\"0\">Kalite G\u00fcvence<\/b>: Her patch cord, proje g\u00fcvenilirli\u011fini sa\u011flamak i\u00e7in Ekleme Kayb\u0131 (IL) ve Geri D\u00f6n\u00fc\u015f Kayb\u0131 (RL) i\u00e7in 100% fabrika testine tabi tutulur.<\/p>\n<\/li>\n<li>\n<p data-path-to-node=\"18,1,0\"><b data-path-to-node=\"18,1,0\" data-index-in-node=\"0\">Proje Dok\u00fcmantasyonu<\/b>: Kat\u0131 kurallar\u0131 kar\u015f\u0131lamak i\u00e7in bireysel test raporlar\u0131 ve 3D interferometri do\u011frulamas\u0131 sa\u011fl\u0131yoruz <b data-path-to-node=\"18,1,0\" data-index-in-node=\"108\">uygunluk gereklilikleri<\/b>.<\/p>\n<\/li>\n<li>\n<p data-path-to-node=\"18,2,0\"><b data-path-to-node=\"18,2,0\" data-index-in-node=\"0\">Toptan \u00d6l\u00e7eklenebilirlik<\/b>: H\u0131zl\u0131 teslimat s\u00fcreleri sa\u011flamak i\u00e7in standart uzunluklarda tutarl\u0131 envanter tutuyoruz <b data-path-to-node=\"18,2,0\" data-index-in-node=\"107\">y\u00fcksek hacimli tedarik<\/b>.<\/p>\n<\/li>\n<li>\n<p data-path-to-node=\"18,3,0\"><b data-path-to-node=\"18,3,0\" data-index-in-node=\"0\">\u00d6zel Yap\u0131land\u0131rma<\/b>: \u00d6zel uzunluklar, \u00f6zel etiketleme ve de\u011fi\u015fen k\u0131l\u0131f \u00e7aplar\u0131 (2.0mm\/3.0mm) i\u00e7in esnek \u00fcretim mevcuttur.<\/p>\n<\/li>\n<\/ul>","protected":false},"excerpt":{"rendered":"<p data-path-to-node=\"0\">Bu <b data-path-to-node=\"0\" data-index-in-node=\"4\">LC\/APC - LC\/APC Tek Modlu \u00c7ift Y\u00f6nl\u00fc (SM DX)<\/b> yama kablosu, hem y\u00fcksek ba\u011flant\u0131 noktas\u0131 yo\u011funlu\u011fu hem de \u00fcst\u00fcn yans\u0131ma y\u00f6netimi gerektiren modern a\u011f mimarileri i\u00e7in tasarlanm\u0131\u015f y\u00fcksek yo\u011funluklu bir \u00e7\u00f6z\u00fcmd\u00fcr. \u201cYe\u015filden Ye\u015file\u201d APC (A\u00e7\u0131l\u0131 Fiziksel Temas) cilas\u0131na sahip olan bu dubleks jumper, a\u015fa\u011f\u0131dakiler i\u00e7in kritik bir bile\u015fendir <b data-path-to-node=\"0\" data-index-in-node=\"315\">FTTH, PON ve y\u00fcksek h\u0131zl\u0131 veri merkezi<\/b> Sinyal safl\u0131\u011f\u0131n\u0131n \u00e7ok \u00f6nemli oldu\u011fu ortamlar.<\/p>\n<p data-path-to-node=\"1\">Y\u00fcksek performansl\u0131 \u00e7ift y\u00f6nl\u00fc veri iletimi i\u00e7in tasarlanan bu \u00e7ift fiber kablo, s\u0131k\u0131\u015f\u0131k kablolama ortamlar\u0131nda maksimum verimlilik sa\u011flar.<\/p>","protected":false},"featured_media":797,"comment_status":"open","ping_status":"closed","template":"","meta":[],"product_brand":[],"product_cat":[45],"product_tag":[],"class_list":{"0":"post-796","1":"product","2":"type-product","3":"status-publish","4":"has-post-thumbnail","6":"product_cat-single-mode-fiber-optic-patch-cord","8":"first","9":"instock","10":"shipping-taxable","11":"product-type-simple"},"_links":{"self":[{"href":"https:\/\/www.fenxifiber.com\/tr\/wp-json\/wp\/v2\/product\/796","targetHints":{"allow":["GET"]}}],"collection":[{"href":"https:\/\/www.fenxifiber.com\/tr\/wp-json\/wp\/v2\/product"}],"about":[{"href":"https:\/\/www.fenxifiber.com\/tr\/wp-json\/wp\/v2\/types\/product"}],"replies":[{"embeddable":true,"href":"https:\/\/www.fenxifiber.com\/tr\/wp-json\/wp\/v2\/comments?post=796"}],"wp:featuredmedia":[{"embeddable":true,"href":"https:\/\/www.fenxifiber.com\/tr\/wp-json\/wp\/v2\/media\/797"}],"wp:attachment":[{"href":"https:\/\/www.fenxifiber.com\/tr\/wp-json\/wp\/v2\/media?parent=796"}],"wp:term":[{"taxonomy":"product_brand","embeddable":true,"href":"https:\/\/www.fenxifiber.com\/tr\/wp-json\/wp\/v2\/product_brand?post=796"},{"taxonomy":"product_cat","embeddable":true,"href":"https:\/\/www.fenxifiber.com\/tr\/wp-json\/wp\/v2\/product_cat?post=796"},{"taxonomy":"product_tag","embeddable":true,"href":"https:\/\/www.fenxifiber.com\/tr\/wp-json\/wp\/v2\/product_tag?post=796"}],"curies":[{"name":"wp","href":"https:\/\/api.w.org\/{rel}","templated":true}]}}