{"id":798,"date":"2026-02-04T01:43:43","date_gmt":"2026-02-04T01:43:43","guid":{"rendered":"https:\/\/www.fenxifiber.com\/?post_type=product&#038;p=798"},"modified":"2026-02-04T02:24:23","modified_gmt":"2026-02-04T02:24:23","slug":"sc-apc-lc-apc-sm-dx","status":"publish","type":"product","link":"https:\/\/www.fenxifiber.com\/tr\/product\/sc-apc-lc-apc-sm-dx\/","title":{"rendered":"Toptan SC\/APC - LC\/APC Tek Modlu \u00c7ift Y\u00f6nl\u00fc Fiber Ba\u011flant\u0131 Kablosu | Y\u00fcksek Yo\u011funluklu OS2 Jumper"},"content":{"rendered":"<h2 data-path-to-node=\"6\">Teknik Performans Matrisi (Proje Derecesi)<\/h2>\n<p data-path-to-node=\"7\">\u00dcretimimiz, her birimin a\u015fa\u011f\u0131daki kriterleri kar\u015f\u0131lamas\u0131n\u0131 sa\u011flamak i\u00e7in titiz kalite standartlar\u0131n\u0131 takip eder:<\/p>\n<table data-path-to-node=\"8\">\n<thead>\n<tr>\n<td><strong>Metrik<\/strong><\/td>\n<td><strong>Profesyonel \u00d6zellikler<\/strong><\/td>\n<td><strong>M\u00fchendislik Avantaj\u0131<\/strong><\/td>\n<\/tr>\n<\/thead>\n<tbody>\n<tr>\n<td><span data-path-to-node=\"8,1,0,0\"><b data-path-to-node=\"8,1,0,0\" data-index-in-node=\"0\">Konekt\u00f6r Tipi<\/b><\/span><\/td>\n<td><span data-path-to-node=\"8,1,1,0\">SC\/APC'den LC\/APC'ye<\/span><\/td>\n<td><span data-path-to-node=\"8,1,2,0\">Hibrit SFF - Standart aray\u00fcz<\/span><\/td>\n<\/tr>\n<tr>\n<td><span data-path-to-node=\"8,2,0,0\"><b data-path-to-node=\"8,2,0,0\" data-index-in-node=\"0\">Elyaf Kategorisi<\/b><\/span><\/td>\n<td><span data-path-to-node=\"8,2,1,0\">Tek Modlu \u00c7ift Y\u00f6nl\u00fc (SM\/DX)<\/span><\/td>\n<td><span data-path-to-node=\"8,2,2,0\">E\u015fzamanl\u0131 \u00e7ift telli veriyi destekler<\/span><\/td>\n<\/tr>\n<tr>\n<td><span data-path-to-node=\"8,3,0,0\"><b data-path-to-node=\"8,3,0,0\" data-index-in-node=\"0\">Ekleme Kayb\u0131<\/b><\/span><\/td>\n<td><span data-path-to-node=\"8,3,1,0\"><b data-path-to-node=\"8,3,1,0\" data-index-in-node=\"0\"><span class=\"math-inline\" data-math=\"&lt; 0.3 \\text{ dB}\" data-index-in-node=\"0\">$&lt; 0,3 \\text{ dB}$<\/span><\/b><\/span><\/td>\n<td><span data-path-to-node=\"8,3,2,0\">Toplam ba\u011flant\u0131 g\u00fcc\u00fc b\u00fct\u00e7esini optimize eder<\/span><\/td>\n<\/tr>\n<tr>\n<td><span data-path-to-node=\"8,4,0,0\"><b data-path-to-node=\"8,4,0,0\" data-index-in-node=\"0\">Geri D\u00f6n\u00fc\u015f Kayb\u0131<\/b><\/span><\/td>\n<td><span data-path-to-node=\"8,4,1,0\"><b data-path-to-node=\"8,4,1,0\" data-index-in-node=\"0\"><span class=\"math-inline\" data-math=\"\\geq 60 \\text{ dB}\" data-index-in-node=\"0\">$\\geq 60 \\text{ dB}$<\/span> (APC)<\/b><\/span><\/td>\n<td><span data-path-to-node=\"8,4,2,0\">\u00dcst\u00fcn geri yans\u0131ma bast\u0131rma<\/span><\/td>\n<\/tr>\n<tr>\n<td><span data-path-to-node=\"8,5,0,0\"><b data-path-to-node=\"8,5,0,0\" data-index-in-node=\"0\">Dalga Uzunlu\u011fu<\/b><\/span><\/td>\n<td><span data-path-to-node=\"8,5,1,0\">1310nm \/ 1490nm \/ 1550nm<\/span><\/td>\n<td><span data-path-to-node=\"8,5,2,0\">Evrensel SM dalga boyu uyumlulu\u011fu<\/span><\/td>\n<\/tr>\n<tr>\n<td><span data-path-to-node=\"8,6,0,0\"><b data-path-to-node=\"8,6,0,0\" data-index-in-node=\"0\">Bant Geni\u015fli\u011fi<\/b><\/span><\/td>\n<td><span data-path-to-node=\"8,6,1,0\"><span class=\"math-inline\" data-math=\"\\pm 40\\text{nm}\" data-index-in-node=\"0\">$\\pm 40\\text{nm}$<\/span><\/span><\/td>\n<td><span data-path-to-node=\"8,6,2,0\">Spektral kaymalar boyunca istikrarl\u0131 performans<\/span><\/td>\n<\/tr>\n<tr>\n<td><span data-path-to-node=\"8,7,0,0\"><b data-path-to-node=\"8,7,0,0\" data-index-in-node=\"0\">Gerilim Dayan\u0131m\u0131<\/b><\/span><\/td>\n<td><span data-path-to-node=\"8,7,1,0\"><b data-path-to-node=\"8,7,1,0\" data-index-in-node=\"0\"><span class=\"math-inline\" data-math=\"\\geq 200 \\text{ N}\" data-index-in-node=\"0\">$\\geq 200 \\text{ N}$<\/span><\/b><\/span><\/td>\n<td><span data-path-to-node=\"8,7,2,0\">Yo\u011fun kanal y\u00f6nlendirmesi i\u00e7in sa\u011flamla\u015ft\u0131r\u0131lm\u0131\u015ft\u0131r<\/span><\/td>\n<\/tr>\n<tr>\n<td><span data-path-to-node=\"8,8,0,0\"><b data-path-to-node=\"8,8,0,0\" data-index-in-node=\"0\">Dayan\u0131kl\u0131l\u0131k<\/b><\/span><\/td>\n<td><span data-path-to-node=\"8,8,1,0\"><span class=\"math-inline\" data-math=\"\\geq 1000\" data-index-in-node=\"0\">$\\geq 1000$<\/span> zamanlar<\/span><\/td>\n<td><span data-path-to-node=\"8,8,2,0\">Y\u00fcksek hassasiyetli seramik y\u00fcks\u00fck uzun \u00f6m\u00fcrl\u00fc<\/span><\/td>\n<\/tr>\n<tr>\n<td><span data-path-to-node=\"8,9,0,0\"><b data-path-to-node=\"8,9,0,0\" data-index-in-node=\"0\">Ceket Malzemesi<\/b><\/span><\/td>\n<td><span data-path-to-node=\"8,9,1,0\"><b data-path-to-node=\"8,9,1,0\" data-index-in-node=\"0\">LSZH (Sar\u0131)<\/b><\/span><\/td>\n<td><span data-path-to-node=\"8,9,2,0\">Yang\u0131na kar\u015f\u0131 g\u00fcvenli, D\u00fc\u015f\u00fck Dumanl\u0131 S\u0131f\u0131r Halojen g\u00fcvenlik<\/span><\/td>\n<\/tr>\n<\/tbody>\n<\/table>\n<hr data-path-to-node=\"9\" \/>\n<h2 data-path-to-node=\"10\">Altyap\u0131 Da\u011f\u0131t\u0131m\u0131 i\u00e7in Stratejik Avantajlar<\/h2>\n<h3 data-path-to-node=\"11\">1. Hibrit Ba\u011flant\u0131 Ge\u00e7i\u015fi<\/h3>\n<ul data-path-to-node=\"12\">\n<li>\n<p data-path-to-node=\"12,0,0\">Bu <b data-path-to-node=\"12,0,0\" data-index-in-node=\"4\">SC\/APC<\/b> ucu, ODF'ler ve duvara monte terminaller i\u00e7in g\u00fcvenli, kan\u0131tlanm\u0131\u015f bir aray\u00fcz sa\u011flar.<\/p>\n<\/li>\n<li>\n<p data-path-to-node=\"12,1,0\">Bu <b data-path-to-node=\"12,1,0\" data-index-in-node=\"4\">LC\/APC<\/b> ucu, y\u00fcksek h\u0131zl\u0131 anahtarlar ve al\u0131c\u0131-vericilerdeki ba\u011flant\u0131 noktas\u0131 yo\u011funlu\u011funu en \u00fcst d\u00fczeye \u00e7\u0131karmak i\u00e7in K\u00fc\u00e7\u00fck Form Fakt\u00f6r\u00fc (SFF) tasar\u0131m\u0131n\u0131 kullan\u0131r.<\/p>\n<\/li>\n<li>\n<p data-path-to-node=\"12,2,0\">Bu hibrit yap\u0131land\u0131rma, farkl\u0131 nesil a\u011f donan\u0131mlar\u0131 aras\u0131nda ge\u00e7i\u015f gerektiren projeler i\u00e7in idealdir.<\/p>\n<\/li>\n<\/ul>\n<h3 data-path-to-node=\"13\">2. End\u00fcstri Lideri Yans\u0131ma Kontrol\u00fc (APC)<\/h3>\n<ul data-path-to-node=\"14\">\n<li>\n<p data-path-to-node=\"14,0,0\">Her iki konekt\u00f6r de 8 derecelik a\u00e7\u0131l\u0131 cilaya sahiptir ve bu sayede geri d\u00f6n\u00fc\u015f kayb\u0131 <b data-path-to-node=\"14,0,0\" data-index-in-node=\"77\"><span class=\"math-inline\" data-math=\"\\geq 60\\text{dB}\" data-index-in-node=\"77\">$\\geq 60\\text{dB}$<\/span><\/b>.<\/p>\n<\/li>\n<li>\n<p data-path-to-node=\"14,1,0\">Bu, geri yans\u0131man\u0131n hassas lazer kaynaklar\u0131yla etkile\u015fime girmesini \u00f6nler, bu da a\u015fa\u011f\u0131dakiler i\u00e7in kritik \u00f6neme sahiptir <b data-path-to-node=\"14,1,0\" data-index-in-node=\"99\">GPON, XGS-PON ve CATV<\/b> uygulamalar.<\/p>\n<\/li>\n<\/ul>\n<h3 data-path-to-node=\"15\">3. M\u00fchendislik Seviyesinde Mekanik G\u00fcvenilirlik<\/h3>\n<ul data-path-to-node=\"16\">\n<li>\n<p data-path-to-node=\"16,0,0\">Gerilme mukavemeti derecesi ile <b data-path-to-node=\"16,0,0\" data-index-in-node=\"34\"><span class=\"math-inline\" data-math=\"\\geq 200\\text{N}\" data-index-in-node=\"34\">$\\geq 200\\text{N}$<\/span><\/b>, Bu atlama telleri, s\u0131k\u0131\u015f\u0131k kablo kanallar\u0131nda kurulumun fiziksel zorluklar\u0131na dayanacak \u015fekilde \u00fcretilmi\u015ftir.<\/p>\n<\/li>\n<li>\n<p data-path-to-node=\"16,1,0\">\u00c7ift \u00e7ekirdekli (Dubleks) tasar\u0131m, ayr\u0131 tek y\u00f6nl\u00fc kablolara ihtiya\u00e7 duymadan verimli \u00e7ift y\u00f6nl\u00fc veri ak\u0131\u015f\u0131 sa\u011flar.<\/p>\n<\/li>\n<\/ul>\n<h3 data-path-to-node=\"17\">4. Sertifikal\u0131 G\u00fcvenlik ve Uyumluluk<\/h3>\n<ul data-path-to-node=\"18\">\n<li>\n<p data-path-to-node=\"18,0,0\">Bu <b data-path-to-node=\"18,0,0\" data-index-in-node=\"4\">LSZH<\/b> ceket, kablolar\u0131n i\u00e7 mekan ve ticari ortamlar i\u00e7in uluslararas\u0131 yang\u0131n g\u00fcvenli\u011fi d\u00fczenlemelerini kar\u015f\u0131lamas\u0131n\u0131 sa\u011flar.<\/p>\n<\/li>\n<li>\n<p data-path-to-node=\"18,1,0\">Bir yang\u0131n durumunda, ceket minimum duman yayar ve toksik halojen gazlar\u0131 yaymaz, kritik altyap\u0131y\u0131 ve personeli korur.<\/p>\n<\/li>\n<\/ul>\n<hr data-path-to-node=\"19\" \/>\n<h2 data-path-to-node=\"20\">Kaynak Bulma ve Proje Teklifi Deste\u011fi<\/h2>\n<ul data-path-to-node=\"21\">\n<li>\n<p data-path-to-node=\"21,0,0\"><b data-path-to-node=\"21,0,0\" data-index-in-node=\"0\">Kalite G\u00fcvence<\/b>: Her patch cord, Ekleme Kayb\u0131 (IL) ve Geri D\u00f6n\u00fc\u015f Kayb\u0131 (RL) i\u00e7in 100% fabrika testine tabi tutulur.<\/p>\n<\/li>\n<li>\n<p data-path-to-node=\"21,1,0\"><b data-path-to-node=\"21,1,0\" data-index-in-node=\"0\">Uyumluluk Belgeleri<\/b>: Bireysel test raporlar\u0131 ve 3D interferometri do\u011frulamas\u0131 sa\u011flayarak <b data-path-to-node=\"21,1,0\" data-index-in-node=\"112\">proje uyum gereklilikleri\u0307<\/b>.<\/p>\n<\/li>\n<li>\n<p data-path-to-node=\"21,2,0\"><b data-path-to-node=\"21,2,0\" data-index-in-node=\"0\">Y\u00fcksek Hacimli Tedarik<\/b>: H\u0131zl\u0131 teslimat s\u00fcreleri sa\u011flamak i\u00e7in standart uzunluklarda tutarl\u0131 envanter seviyelerini koruyoruz <b data-path-to-node=\"21,2,0\" data-index-in-node=\"111\">b\u00fcy\u00fck \u00f6l\u00e7ekli tedarik<\/b>.<\/p>\n<\/li>\n<li>\n<p data-path-to-node=\"21,3,0\"><b data-path-to-node=\"21,3,0\" data-index-in-node=\"0\">\u00d6zel OEM Hizmeti<\/b>: \u00d6zel uzunluklar, \u00f6zel etiketleme ve de\u011fi\u015fen k\u0131l\u0131f \u00e7aplar\u0131 (2.0mm\/3.0mm) i\u00e7in esnek \u00fcretim mevcuttur.<\/p>\n<\/li>\n<\/ul>","protected":false},"excerpt":{"rendered":"<p data-path-to-node=\"4\"><span class=\"\">Bu <\/span><b class=\"\" data-path-to-node=\"4\" data-index-in-node=\"4\">SC\/APC - LC\/APC Tek Modlu \u00c7ift Y\u00f6nl\u00fc (SM DX)<\/b><span class=\"\"> yama kablosu, maksimum sinyal safl\u0131\u011f\u0131n\u0131 korurken farkl\u0131 form fakt\u00f6rl\u00fc aray\u00fczler aras\u0131nda k\u00f6pr\u00fc kurmak i\u00e7in tasarlanm\u0131\u015f y\u00fcksek performansl\u0131 bir hibrit ara ba\u011flant\u0131d\u0131r.<\/span><span class=\"\"> Bu \u201cYe\u015filden Ye\u015file\u201d jumper, her iki u\u00e7ta da 8 derecelik a\u00e7\u0131l\u0131 fiziksel temas (APC) kullan\u0131r,<\/span><span class=\"\"> i\u00e7in profesyonel bir se\u00e7im haline getiriyor. <\/span><b class=\"\" data-path-to-node=\"4\" data-index-in-node=\"326\">FTTH a\u011flar\u0131, telekom\u00fcnikasyon CO'lar\u0131 ve y\u00fcksek h\u0131zl\u0131 veri merkezleri<\/b><span class=\"\"> \u00c7ift fiber (dubleks) iletim gerektiren.<\/span><\/p>\n<p data-path-to-node=\"5\"><span class=\"\">SC konnekt\u00f6r\u00fcn sa\u011flam kilitleme \u00f6zelli\u011fini LC konnekt\u00f6r\u00fcn y\u00fcksek yo\u011funluklu ayak izi ile birle\u015ftirerek,<\/span><span class=\"\"> Bu model, karma\u015f\u0131k a\u011f ge\u00e7i\u015fleri ve y\u00fcksek kapasiteli yama i\u015flemleri i\u00e7in gereken \u00e7ok y\u00f6nl\u00fcl\u00fc\u011f\u00fc sa\u011flar.<\/span><\/p>","protected":false},"featured_media":799,"comment_status":"open","ping_status":"closed","template":"","meta":[],"product_brand":[],"product_cat":[45],"product_tag":[],"class_list":{"0":"post-798","1":"product","2":"type-product","3":"status-publish","4":"has-post-thumbnail","6":"product_cat-single-mode-fiber-optic-patch-cord","8":"first","9":"instock","10":"shipping-taxable","11":"product-type-simple"},"_links":{"self":[{"href":"https:\/\/www.fenxifiber.com\/tr\/wp-json\/wp\/v2\/product\/798","targetHints":{"allow":["GET"]}}],"collection":[{"href":"https:\/\/www.fenxifiber.com\/tr\/wp-json\/wp\/v2\/product"}],"about":[{"href":"https:\/\/www.fenxifiber.com\/tr\/wp-json\/wp\/v2\/types\/product"}],"replies":[{"embeddable":true,"href":"https:\/\/www.fenxifiber.com\/tr\/wp-json\/wp\/v2\/comments?post=798"}],"wp:featuredmedia":[{"embeddable":true,"href":"https:\/\/www.fenxifiber.com\/tr\/wp-json\/wp\/v2\/media\/799"}],"wp:attachment":[{"href":"https:\/\/www.fenxifiber.com\/tr\/wp-json\/wp\/v2\/media?parent=798"}],"wp:term":[{"taxonomy":"product_brand","embeddable":true,"href":"https:\/\/www.fenxifiber.com\/tr\/wp-json\/wp\/v2\/product_brand?post=798"},{"taxonomy":"product_cat","embeddable":true,"href":"https:\/\/www.fenxifiber.com\/tr\/wp-json\/wp\/v2\/product_cat?post=798"},{"taxonomy":"product_tag","embeddable":true,"href":"https:\/\/www.fenxifiber.com\/tr\/wp-json\/wp\/v2\/product_tag?post=798"}],"curies":[{"name":"wp","href":"https:\/\/api.w.org\/{rel}","templated":true}]}}