{"id":800,"date":"2026-02-04T01:45:36","date_gmt":"2026-02-04T01:45:36","guid":{"rendered":"https:\/\/www.fenxifiber.com\/?post_type=product&#038;p=800"},"modified":"2026-02-04T02:25:15","modified_gmt":"2026-02-04T02:25:15","slug":"lc-upc-fc-upc-sm-dx","status":"publish","type":"product","link":"https:\/\/www.fenxifiber.com\/tr\/product\/lc-upc-fc-upc-sm-dx\/","title":{"rendered":"LC\/UPC - SC\/UPC Tek Modlu \u00c7ift Y\u00f6nl\u00fc Fiber Ba\u011flant\u0131 Kablosu | OS2 A\u011f Jumper'\u0131"},"content":{"rendered":"<h2 data-path-to-node=\"4\">Teknik Performans Matrisi<\/h2>\n<p data-path-to-node=\"5\">\u00dcretim s\u00fcrecimiz, a\u015fa\u011f\u0131daki end\u00fcstri standard\u0131 \u00f6l\u00e7\u00fctlerini kar\u015f\u0131layacak \u015fekilde optimize edilmi\u015ftir ve her \u00fcnitede tutarl\u0131l\u0131k sa\u011flar:<\/p>\n<table data-path-to-node=\"6\">\n<thead>\n<tr>\n<td><strong>Parametre<\/strong><\/td>\n<td><strong>\u015eartname<\/strong><\/td>\n<td><strong>A\u011f Avantaj\u0131<\/strong><\/td>\n<\/tr>\n<\/thead>\n<tbody>\n<tr>\n<td><span data-path-to-node=\"6,1,0,0\"><b data-path-to-node=\"6,1,0,0\" data-index-in-node=\"0\">Konekt\u00f6r Tipi<\/b><\/span><\/td>\n<td><span data-path-to-node=\"6,1,1,0\">LC\/UPC'den SC\/UPC'ye<\/span><\/td>\n<td><span data-path-to-node=\"6,1,2,0\">SFF-Standart hibrit tasar\u0131m<\/span><\/td>\n<\/tr>\n<tr>\n<td><span data-path-to-node=\"6,2,0,0\"><b data-path-to-node=\"6,2,0,0\" data-index-in-node=\"0\">Elyaf Kategorisi<\/b><\/span><\/td>\n<td><span data-path-to-node=\"6,2,1,0\">Tek Modlu \u00c7ift Y\u00f6nl\u00fc (SM\/DX)<\/span><\/td>\n<td><span data-path-to-node=\"6,2,2,0\">Full-duplex \u00e7ift y\u00f6nl\u00fc destek<\/span><\/td>\n<\/tr>\n<tr>\n<td><span data-path-to-node=\"6,3,0,0\"><b data-path-to-node=\"6,3,0,0\" data-index-in-node=\"0\">Ekleme Kayb\u0131<\/b><\/span><\/td>\n<td><span data-path-to-node=\"6,3,1,0\"><b data-path-to-node=\"6,3,1,0\" data-index-in-node=\"0\"><span class=\"math-inline\" data-math=\"&lt; 0.3 \\text{ dB}\" data-index-in-node=\"0\">$&lt; 0,3 \\text{ dB}$<\/span><\/b><\/span><\/td>\n<td><span data-path-to-node=\"6,3,2,0\">Fiber ba\u011flant\u0131 i\u00e7in minimum g\u00fc\u00e7 kayb\u0131<\/span><\/td>\n<\/tr>\n<tr>\n<td><span data-path-to-node=\"6,4,0,0\"><b data-path-to-node=\"6,4,0,0\" data-index-in-node=\"0\">Geri D\u00f6n\u00fc\u015f Kayb\u0131<\/b><\/span><\/td>\n<td><span data-path-to-node=\"6,4,1,0\"><b data-path-to-node=\"6,4,1,0\" data-index-in-node=\"0\"><span class=\"math-inline\" data-math=\"\\geq 50 \\text{ dB}\" data-index-in-node=\"0\">$\\geq 50 \\text{ dB}$<\/span> (UPC)<\/b><\/span><\/td>\n<td><span data-path-to-node=\"6,4,2,0\">Dijital veriler i\u00e7in m\u00fckemmel sinyal netli\u011fi<\/span><\/td>\n<\/tr>\n<tr>\n<td><span data-path-to-node=\"6,5,0,0\"><b data-path-to-node=\"6,5,0,0\" data-index-in-node=\"0\">Dalga boyu<\/b><\/span><\/td>\n<td><span data-path-to-node=\"6,5,1,0\">1310nm \/ 1490nm \/ 1550nm<\/span><\/td>\n<td><span data-path-to-node=\"6,5,2,0\">Evrensel OS2 tek mod deste\u011fi<\/span><\/td>\n<\/tr>\n<tr>\n<td><span data-path-to-node=\"6,6,0,0\"><b data-path-to-node=\"6,6,0,0\" data-index-in-node=\"0\">Bant Geni\u015fli\u011fi<\/b><\/span><\/td>\n<td><span data-path-to-node=\"6,6,1,0\"><span class=\"math-inline\" data-math=\"\\pm 40\\text{nm}\" data-index-in-node=\"0\">$\\pm 40\\text{nm}$<\/span><\/span><\/td>\n<td><span data-path-to-node=\"6,6,2,0\">Dalga boylar\u0131 aras\u0131nda istikrarl\u0131 performans<\/span><\/td>\n<\/tr>\n<tr>\n<td><span data-path-to-node=\"6,7,0,0\"><b data-path-to-node=\"6,7,0,0\" data-index-in-node=\"0\">Gerilim Dayan\u0131m\u0131<\/b><\/span><\/td>\n<td><span data-path-to-node=\"6,7,1,0\"><b data-path-to-node=\"6,7,1,0\" data-index-in-node=\"0\"><span class=\"math-inline\" data-math=\"\\geq 200 \\text{ N}\" data-index-in-node=\"0\">$\\geq 200 \\text{ N}$<\/span><\/b><\/span><\/td>\n<td><span data-path-to-node=\"6,7,2,0\">Yo\u011fun kurulum i\u00e7in sa\u011flam yap\u0131<\/span><\/td>\n<\/tr>\n<tr>\n<td><span data-path-to-node=\"6,8,0,0\"><b data-path-to-node=\"6,8,0,0\" data-index-in-node=\"0\">Dayan\u0131kl\u0131l\u0131k<\/b><\/span><\/td>\n<td><span data-path-to-node=\"6,8,1,0\"><span class=\"math-inline\" data-math=\"\\geq 1000\" data-index-in-node=\"0\">$\\geq 1000$<\/span> zamanlar<\/span><\/td>\n<td><span data-path-to-node=\"6,8,2,0\">Tekrarlayan yamalar i\u00e7in uzun \u00f6m\u00fcrl\u00fc d\u00f6ng\u00fc<\/span><\/td>\n<\/tr>\n<tr>\n<td><span data-path-to-node=\"6,9,0,0\"><b data-path-to-node=\"6,9,0,0\" data-index-in-node=\"0\">Ceket Malzemesi<\/b><\/span><\/td>\n<td><span data-path-to-node=\"6,9,1,0\"><b data-path-to-node=\"6,9,1,0\" data-index-in-node=\"0\">LSZH (Sar\u0131)<\/b><\/span><\/td>\n<td><span data-path-to-node=\"6,9,2,0\">Yang\u0131n geciktirici ve dumana kar\u015f\u0131 g\u00fcvenli<\/span><\/td>\n<\/tr>\n<\/tbody>\n<\/table>\n<hr data-path-to-node=\"7\" \/>\n<h2 data-path-to-node=\"8\">A\u011f Altyap\u0131s\u0131 i\u00e7in Temel Avantajlar<\/h2>\n<h3 data-path-to-node=\"9\">1. Hibrit Aray\u00fcz Esnekli\u011fi<\/h3>\n<p data-path-to-node=\"10\">Bu kablo, a\u015fa\u011f\u0131dakiler aras\u0131nda \u00f6nemli bir ge\u00e7i\u015f sa\u011flar <b data-path-to-node=\"10\" data-index-in-node=\"56\">K\u00fc\u00e7\u00fck Form Fakt\u00f6r\u00fc (SFF) LC<\/b> konekt\u00f6r, y\u00fcksek yo\u011funluklu anahtarlar i\u00e7in idealdir ve <b data-path-to-node=\"10\" data-index-in-node=\"135\">SC<\/b> Terminal ekipmanlar\u0131nda ve duvar prizlerinde sa\u011flam itme-\u00e7ekme mekanizmas\u0131 i\u00e7in tercih edilen konekt\u00f6r.<\/p>\n<h3 data-path-to-node=\"11\">2. Full-Duplex Veri \u00c7\u0131k\u0131\u015f\u0131<\/h3>\n<p data-path-to-node=\"12\">Bu <b data-path-to-node=\"12\" data-index-in-node=\"4\">Dubleks (DX)<\/b> konfig\u00fcrasyonu, e\u015fzamanl\u0131 iki y\u00f6nl\u00fc ileti\u015fim sa\u011flayan iki renk kodlu fiber telden olu\u015fur. Bu tasar\u0131m, \u00f6zel iletim (TX) ve al\u0131m (RX) yollar\u0131 gerektiren 10G\/40G Ethernet uygulamalar\u0131 i\u00e7in kablo y\u00f6nlendirmesini basitle\u015ftirir.<\/p>\n<h3 data-path-to-node=\"13\">3. Mekanik Esneklik<\/h3>\n<p data-path-to-node=\"14\">\u00c7ekme mukavemeti derecesi ile <b data-path-to-node=\"14\" data-index-in-node=\"31\"><span class=\"math-inline\" data-math=\"\\geq 200\\text{N}\" data-index-in-node=\"31\">$\\geq 200\\text{N}$<\/span><\/b>, Bu atlama kablolar\u0131, mikro b\u00fck\u00fclmeler veya \u00e7ekirdek k\u0131r\u0131lmalar\u0131 riski olmadan dikey kanallardan ve kalabal\u0131k kablo kanallar\u0131ndan y\u00f6nlendirilmenin fiziksel zorlu\u011funu kald\u0131racak \u015fekilde tasarlanm\u0131\u015ft\u0131r.<\/p>\n<h3 data-path-to-node=\"15\">4. Uluslararas\u0131 G\u00fcvenlik Uyumlulu\u011fu<\/h3>\n<p data-path-to-node=\"16\">Bu <b data-path-to-node=\"16\" data-index-in-node=\"4\">LSZH (D\u00fc\u015f\u00fck Dumanl\u0131 S\u0131f\u0131r Halojen)<\/b> ceket i\u00e7 mekan kurulumlar\u0131 i\u00e7in zorunludur. A\u015f\u0131r\u0131 \u0131s\u0131 durumunda, minimum duman ve toksik halojen emisyonu sa\u011flayarak hem kritik donan\u0131m\u0131 hem de saha personelini korur.<\/p>\n<hr data-path-to-node=\"17\" \/>\n<h2 data-path-to-node=\"18\">Kalite G\u00fcvence ve Lojistik<\/h2>\n<ul data-path-to-node=\"19\">\n<li>\n<p data-path-to-node=\"19,0,0\"><b data-path-to-node=\"19,0,0\" data-index-in-node=\"0\">100% Fabrika Testli<\/b>: Her kablo paketlenmeden \u00f6nce Ekleme Kayb\u0131 (IL) ve Geri D\u00f6n\u00fc\u015f Kayb\u0131 (RL) a\u00e7\u0131s\u0131ndan ayr\u0131 ayr\u0131 do\u011frulan\u0131r.<\/p>\n<\/li>\n<li>\n<p data-path-to-node=\"19,1,0\"><b data-path-to-node=\"19,1,0\" data-index-in-node=\"0\">Standartlara Uygunluk<\/b>: Telecordia GR-326-CORE ve IEC uluslararas\u0131 fiber optik standartlar\u0131n\u0131 kar\u015f\u0131lar.<\/p>\n<\/li>\n<li>\n<p data-path-to-node=\"19,2,0\"><b data-path-to-node=\"19,2,0\" data-index-in-node=\"0\">Envanter ve Teslim S\u00fcreleri<\/b>: H\u0131zl\u0131 teslimat sa\u011flamak i\u00e7in yayg\u0131n uzunluklarda (1m ila 30m) \u00f6nemli miktarda stok ta\u015f\u0131yoruz. <b data-path-to-node=\"19,2,0\" data-index-in-node=\"113\">proje bazli si\u0307pari\u0307\u015fler<\/b>.<\/p>\n<\/li>\n<li>\n<p data-path-to-node=\"19,3,0\"><b data-path-to-node=\"19,3,0\" data-index-in-node=\"0\">OEM \u00d6zelle\u015ftirme<\/b>: \u00d6zel uzunluklarda, 2.0mm veya 3.0mm k\u0131l\u0131f \u00e7aplar\u0131nda ve \u00f6zel gereksinimleri kar\u015f\u0131lamak i\u00e7in ki\u015fiselle\u015ftirilmi\u015f etiketlemede mevcuttur. <b data-path-to-node=\"19,3,0\" data-index-in-node=\"124\">y\u00fcklenici gereksinimleri<\/b>.<\/p>\n<\/li>\n<\/ul>","protected":false},"excerpt":{"rendered":"<p data-path-to-node=\"1\">Bu <b data-path-to-node=\"1\" data-index-in-node=\"4\">LC\/UPC - SC\/UPC Tek Modlu \u00c7ift Y\u00f6nl\u00fc (SM DX)<\/b> y\u00fcksek yo\u011funluklu LC aray\u00fczlerini standart SC a\u011f ba\u011flant\u0131 noktalar\u0131yla k\u00f6pr\u00fcleyen, yayg\u0131n olarak kullan\u0131lan bir hibrit fiber kablodur. Bu \u201cMaviden Maviye\u201d \u00e7ift \u00e7ekirdekli jumper, ba\u011flant\u0131 i\u00e7in bir temeldir <b data-path-to-node=\"1\" data-index-in-node=\"227\">SFP\/SFP+ al\u0131c\u0131-vericileri<\/b> i\u00e7in <b data-path-to-node=\"1\" data-index-in-node=\"252\">Optik Da\u011f\u0131t\u0131m \u00c7er\u00e7eveleri (ODF)<\/b> ve <b data-path-to-node=\"1\" data-index-in-node=\"290\">yama panelleri<\/b>.<\/p>\n<p data-path-to-node=\"2\">Kamp\u00fcs a\u011flar\u0131na ve ticari veri merkezlerine sorunsuz entegrasyon i\u00e7in tasarlanan bu kablo, g\u00fcvenilir, uzun mesafeli OS2 tek modlu ba\u011flant\u0131lar i\u00e7in gereken y\u00fcksek bant geni\u015fli\u011fini ve d\u00fc\u015f\u00fck zay\u0131flamay\u0131 sa\u011flar.<\/p>","protected":false},"featured_media":801,"comment_status":"open","ping_status":"closed","template":"","meta":[],"product_brand":[],"product_cat":[45],"product_tag":[],"class_list":{"0":"post-800","1":"product","2":"type-product","3":"status-publish","4":"has-post-thumbnail","6":"product_cat-single-mode-fiber-optic-patch-cord","8":"first","9":"instock","10":"shipping-taxable","11":"product-type-simple"},"_links":{"self":[{"href":"https:\/\/www.fenxifiber.com\/tr\/wp-json\/wp\/v2\/product\/800","targetHints":{"allow":["GET"]}}],"collection":[{"href":"https:\/\/www.fenxifiber.com\/tr\/wp-json\/wp\/v2\/product"}],"about":[{"href":"https:\/\/www.fenxifiber.com\/tr\/wp-json\/wp\/v2\/types\/product"}],"replies":[{"embeddable":true,"href":"https:\/\/www.fenxifiber.com\/tr\/wp-json\/wp\/v2\/comments?post=800"}],"wp:featuredmedia":[{"embeddable":true,"href":"https:\/\/www.fenxifiber.com\/tr\/wp-json\/wp\/v2\/media\/801"}],"wp:attachment":[{"href":"https:\/\/www.fenxifiber.com\/tr\/wp-json\/wp\/v2\/media?parent=800"}],"wp:term":[{"taxonomy":"product_brand","embeddable":true,"href":"https:\/\/www.fenxifiber.com\/tr\/wp-json\/wp\/v2\/product_brand?post=800"},{"taxonomy":"product_cat","embeddable":true,"href":"https:\/\/www.fenxifiber.com\/tr\/wp-json\/wp\/v2\/product_cat?post=800"},{"taxonomy":"product_tag","embeddable":true,"href":"https:\/\/www.fenxifiber.com\/tr\/wp-json\/wp\/v2\/product_tag?post=800"}],"curies":[{"name":"wp","href":"https:\/\/api.w.org\/{rel}","templated":true}]}}