{"id":802,"date":"2026-02-04T01:47:23","date_gmt":"2026-02-04T01:47:23","guid":{"rendered":"https:\/\/www.fenxifiber.com\/?post_type=product&#038;p=802"},"modified":"2026-02-04T02:38:39","modified_gmt":"2026-02-04T02:38:39","slug":"lc-upc-lc-upc-sm-dx","status":"publish","type":"product","link":"https:\/\/www.fenxifiber.com\/tr\/product\/lc-upc-lc-upc-sm-dx\/","title":{"rendered":"LC\/UPC - LC\/UPC Tek Modlu \u00c7ift Y\u00f6nl\u00fc Fiber Ba\u011flant\u0131 Kablosu | Premium \u00dcretici Do\u011frudan"},"content":{"rendered":"<h2 data-path-to-node=\"4\">Teknik Performans Matrisi (Uluslararas\u0131 Standartlar)<\/h2>\n<table style=\"width: 100%; border-collapse: collapse; margin: 20px 0; font-family: Arial, sans-serif; border: 1px solid #ddd; font-size: 14px;\">\n<thead>\n<tr style=\"background-color: #f8f9fa; text-align: left;\">\n<th style=\"padding: 12px; border: 1px solid #ddd; color: #333;\">Teknik Metrik<\/th>\n<th style=\"padding: 12px; border: 1px solid #ddd; color: #333;\">Profesyonel \u00d6zellikler<\/th>\n<th style=\"padding: 12px; border: 1px solid #ddd; color: #333;\">Uyumluluk ve Test<\/th>\n<\/tr>\n<\/thead>\n<tbody>\n<tr>\n<td style=\"padding: 12px; border: 1px solid #ddd;\"><strong>Konekt\u00f6r Tipi<\/strong><\/td>\n<td style=\"padding: 12px; border: 1px solid #ddd;\">LC\/UPC'den LC\/UPC'ye<\/td>\n<td style=\"padding: 12px; border: 1px solid #ddd;\">IEC 61754-20 Standard\u0131<\/td>\n<\/tr>\n<tr style=\"background-color: #fdfdfd;\">\n<td style=\"padding: 12px; border: 1px solid #ddd;\"><strong>Elyaf Tipi<\/strong><\/td>\n<td style=\"padding: 12px; border: 1px solid #ddd;\">Tek Modlu \u00c7ift Y\u00f6nl\u00fc (OS2)<\/td>\n<td style=\"padding: 12px; border: 1px solid #ddd;\">ITU-T G.652.D \/ G.657.A1<\/td>\n<\/tr>\n<tr>\n<td style=\"padding: 12px; border: 1px solid #ddd;\"><strong>Ekleme Kayb\u0131<\/strong><\/td>\n<td style=\"padding: 12px; border: 1px solid #ddd;\">\u2264 0,25 dB (Tipik)<\/td>\n<td style=\"padding: 12px; border: 1px solid #ddd;\">100% Fabrika IL Onayl\u0131<\/td>\n<\/tr>\n<tr style=\"background-color: #fdfdfd;\">\n<td style=\"padding: 12px; border: 1px solid #ddd;\"><strong>Geri D\u00f6n\u00fc\u015f Kayb\u0131<\/strong><\/td>\n<td style=\"padding: 12px; border: 1px solid #ddd;\">\u2265 50 dB<\/td>\n<td style=\"padding: 12px; border: 1px solid #ddd;\">3D \u0130nterferometri Test Edildi<\/td>\n<\/tr>\n<tr>\n<td style=\"padding: 12px; border: 1px solid #ddd;\"><strong>Ceket De\u011ferlendirmesi<\/strong><\/td>\n<td style=\"padding: 12px; border: 1px solid #ddd;\">LSZH (D\u00fc\u015f\u00fck Dumanl\u0131 S\u0131f\u0131r Halojen)<\/td>\n<td style=\"padding: 12px; border: 1px solid #ddd;\">RoHS, REACH ve CPR Uyumlu<\/td>\n<\/tr>\n<tr style=\"background-color: #fdfdfd;\">\n<td style=\"padding: 12px; border: 1px solid #ddd;\"><strong>Mekanik \u00d6m\u00fcr<\/strong><\/td>\n<td style=\"padding: 12px; border: 1px solid #ddd;\">&gt; 1000 \u00c7iftle\u015fme<\/td>\n<td style=\"padding: 12px; border: 1px solid #ddd;\">Hassas Circonia Y\u00fcks\u00fck<\/td>\n<\/tr>\n<\/tbody>\n<\/table>\n<h2 data-path-to-node=\"8\">Do\u011frudan \u00dcretim Avantajlar\u0131<\/h2>\n<h3 data-path-to-node=\"9\">1. Y\u00fcksek Yo\u011funluklu SFF M\u00fchendisli\u011fi<\/h3>\n<p data-path-to-node=\"10\">LC konnekt\u00f6r\u00fcn kompakt 1,25 mm y\u00fcks\u00fck ayak izi, SC konnekt\u00f6rlere k\u0131yasla 1U raf alanlar\u0131n\u0131n yo\u011funlu\u011funu iki kat\u0131na \u00e7\u0131kar\u0131r. Bu, a\u015fa\u011f\u0131dakiler i\u00e7in \u00e7ok \u00f6nemlidir <b data-path-to-node=\"10\" data-index-in-node=\"139\">Tier-1 Veri Merkezleri<\/b> Alan optimizasyonunun do\u011frudan daha d\u00fc\u015f\u00fck i\u015fletme maliyetleri anlam\u0131na geldi\u011fi yerlerde.<\/p>\n<h3 data-path-to-node=\"11\">2. Fabrikadan M\u00fc\u015fteriye Kalite Kontrol<\/h3>\n<p data-path-to-node=\"12\">Do\u011frudan \u00fcreticiden tedarik ederek <b data-path-to-node=\"12\" data-index-in-node=\"28\">\u00dcretici firma<\/b>, orta piyasa sat\u0131c\u0131lar\u0131n\u0131n de\u011fi\u015fkenli\u011fini atlars\u0131n\u0131z. Her jumper serile\u015ftirilmi\u015ftir ve son teknoloji te\u015fhis ekipman\u0131 kullan\u0131larak 100% optik teste (Ekleme Kayb\u0131 ve Geri D\u00f6n\u00fc\u015f Kayb\u0131) tabi tutularak kullan\u0131ma haz\u0131r g\u00fcvenilirlik sa\u011flan\u0131r.<\/p>\n<h3 data-path-to-node=\"13\">3. G\u00fcvenlik \u00d6ncelikli LSZH \u0130n\u015faat\u0131<\/h3>\n<p data-path-to-node=\"14\">Sar\u0131 d\u0131\u015f ceketlerimiz y\u00fcksek dereceli kullan\u0131larak ekstr\u00fcde edilir <b data-path-to-node=\"14\" data-index-in-node=\"55\">D\u00fc\u015f\u00fck Dumanl\u0131 S\u0131f\u0131r Halojen<\/b> malzemeler. A\u015f\u0131r\u0131 \u0131s\u0131 veya yang\u0131n durumunda, kablolar\u0131m\u0131z a\u015f\u0131nd\u0131r\u0131c\u0131 halojen gazlar ve minimum duman \u00e7\u0131kararak hem personelinizi hem de kapal\u0131 sunucu odalar\u0131ndaki hassas elektronik ekipman\u0131 korur.<\/p>\n<h3 data-path-to-node=\"15\">4. Sertifikal\u0131 K\u00fcresel Uyumluluk<\/h3>\n<p data-path-to-node=\"16\">Her partinin a\u015fa\u011f\u0131dakilerle tamamen uyumlu olmas\u0131n\u0131 sa\u011fl\u0131yoruz <b data-path-to-node=\"16\" data-index-in-node=\"51\">RoHS<\/b> (Tehlikeli Maddelerin K\u0131s\u0131tlanmas\u0131) ve <b data-path-to-node=\"16\" data-index-in-node=\"98\">REACH<\/b> standartlar\u0131. Bu, a\u015fa\u011f\u0131dakileri garanti eder <b data-path-to-node=\"16\" data-index-in-node=\"141\">Toplu Sipari\u015fler<\/b> uluslararas\u0131 g\u00fcmr\u00fcklerden sorunsuz bir \u015fekilde ge\u00e7erek k\u00fcresel tedarik zinciri gereksinimlerinizi destekleyecektir.<\/p>\n<hr data-path-to-node=\"17\" \/>\n<h2 data-path-to-node=\"18\">Toptan Sat\u0131\u015f ve Proje Deste\u011fi<\/h2>\n<ul data-path-to-node=\"19\">\n<li>\n<p data-path-to-node=\"19,0,0\"><b data-path-to-node=\"19,0,0\" data-index-in-node=\"0\">Esnek \u00d6zelle\u015ftirme<\/b>: Do\u011frudan bir fabrika olarak, \u00f6zel uzunluklar (0,5m ila 100m +), \u00f6zel ceket renkleri ve b\u00fcy\u00fck \u00f6l\u00e7ekli \u00f6zel etiketleme dahil olmak \u00fczere OEM hizmetleri sunuyoruz <b data-path-to-node=\"19,0,0\" data-index-in-node=\"173\">Entegrat\u00f6rler<\/b>.<\/p>\n<\/li>\n<li>\n<p data-path-to-node=\"19,1,0\"><b data-path-to-node=\"19,1,0\" data-index-in-node=\"0\">H\u0131zl\u0131 G\u00f6nderim<\/b>: Rekabeti geride b\u0131rakan teslim s\u00fcreleri sa\u011flamak i\u00e7in standart OS2 LC-LC dubleks atlama tellerinden olu\u015fan b\u00fcy\u00fck bir envanter tutuyoruz.<\/p>\n<\/li>\n<li>\n<p data-path-to-node=\"19,2,0\"><b data-path-to-node=\"19,2,0\" data-index-in-node=\"0\">Denetim \u015eeffafl\u0131\u011f\u0131<\/b>: T\u00fcm teknik veri sayfalar\u0131 ve 3D interferometri raporlar\u0131 talep \u00fczerine temin edilebilir. <b data-path-to-node=\"19,2,0\" data-index-in-node=\"112\">Ajan<\/b> veya <b data-path-to-node=\"19,2,0\" data-index-in-node=\"121\">Kaynak Kullan\u0131m\u0131<\/b> Memur bey.<\/p>\n<\/li>\n<\/ul>","protected":false},"excerpt":{"rendered":"<p data-path-to-node=\"1\"><span class=\"\">Bu <\/span><b class=\"\" data-path-to-node=\"1\" data-index-in-node=\"4\">LC\/UPC - LC\/UPC Tek Modlu \u00c7ift Y\u00f6nl\u00fc (SM DX)<\/b><span class=\"\"> modern y\u00fcksek yo\u011funluklu a\u011flarda en kritik ara ba\u011flant\u0131 olarak durmaktad\u0131r.<\/span><span class=\"\"> Hassasiyetin kullan\u0131lmas\u0131 1.<\/span><span class=\"\">25 mm seramik y\u00fcks\u00fckl\u00fc K\u00fc\u00e7\u00fck Form Fakt\u00f6r\u00fc (SFF) tasar\u0131m\u0131,<\/span><span class=\"\"> Bu \u201cMaviden Maviye\u201d atlama teli, d\u00fcnya \u00e7ap\u0131nda <\/span><b class=\"\" data-path-to-node=\"1\" data-index-in-node=\"258\">y\u00fcksek h\u0131zl\u0131 al\u0131c\u0131-vericiler (SFP\/SFP+), ultra yo\u011fun patch paneller ve 5G fronthaul\/backhaul altyap\u0131s\u0131<\/b><span class=\"\">.<\/span><\/p>\n<p data-path-to-node=\"2\"><span class=\"\">Olarak <\/span><b class=\"\" data-path-to-node=\"2\" data-index-in-node=\"5\">Do\u011frudan \u00dcretici<\/b><span class=\"\"> \u00fcr\u00fcn,<\/span><span class=\"\"> OS2 cam \u00e7ekirde\u011fin optik safl\u0131\u011f\u0131na ve mandall\u0131 muhafazan\u0131n mekanik dayan\u0131kl\u0131l\u0131\u011f\u0131na \u00f6ncelik veriyoruz,<\/span><span class=\"\"> A\u011f\u0131n\u0131z\u0131n binlerce \u00e7iftle\u015fme d\u00f6ng\u00fcs\u00fc boyunca en y\u00fcksek performans\u0131 korumas\u0131n\u0131 sa\u011flar.<\/span><\/p>","protected":false},"featured_media":803,"comment_status":"open","ping_status":"closed","template":"","meta":[],"product_brand":[],"product_cat":[45],"product_tag":[],"class_list":{"0":"post-802","1":"product","2":"type-product","3":"status-publish","4":"has-post-thumbnail","6":"product_cat-single-mode-fiber-optic-patch-cord","8":"first","9":"instock","10":"shipping-taxable","11":"product-type-simple"},"_links":{"self":[{"href":"https:\/\/www.fenxifiber.com\/tr\/wp-json\/wp\/v2\/product\/802","targetHints":{"allow":["GET"]}}],"collection":[{"href":"https:\/\/www.fenxifiber.com\/tr\/wp-json\/wp\/v2\/product"}],"about":[{"href":"https:\/\/www.fenxifiber.com\/tr\/wp-json\/wp\/v2\/types\/product"}],"replies":[{"embeddable":true,"href":"https:\/\/www.fenxifiber.com\/tr\/wp-json\/wp\/v2\/comments?post=802"}],"wp:featuredmedia":[{"embeddable":true,"href":"https:\/\/www.fenxifiber.com\/tr\/wp-json\/wp\/v2\/media\/803"}],"wp:attachment":[{"href":"https:\/\/www.fenxifiber.com\/tr\/wp-json\/wp\/v2\/media?parent=802"}],"wp:term":[{"taxonomy":"product_brand","embeddable":true,"href":"https:\/\/www.fenxifiber.com\/tr\/wp-json\/wp\/v2\/product_brand?post=802"},{"taxonomy":"product_cat","embeddable":true,"href":"https:\/\/www.fenxifiber.com\/tr\/wp-json\/wp\/v2\/product_cat?post=802"},{"taxonomy":"product_tag","embeddable":true,"href":"https:\/\/www.fenxifiber.com\/tr\/wp-json\/wp\/v2\/product_tag?post=802"}],"curies":[{"name":"wp","href":"https:\/\/api.w.org\/{rel}","templated":true}]}}