{"id":804,"date":"2026-02-04T01:48:56","date_gmt":"2026-02-04T01:48:56","guid":{"rendered":"https:\/\/www.fenxifiber.com\/?post_type=product&#038;p=804"},"modified":"2026-02-04T02:26:22","modified_gmt":"2026-02-04T02:26:22","slug":"sc-upc-lc-upc-sm-dx","status":"publish","type":"product","link":"https:\/\/www.fenxifiber.com\/tr\/product\/sc-upc-lc-upc-sm-dx\/","title":{"rendered":"SC\/UPC - LC\/UPC Tek Modlu \u00c7ift Y\u00f6nl\u00fc Fiber Ba\u011flant\u0131 Kablosu | OEM\\ODM \u00c7\u00f6z\u00fcmleri"},"content":{"rendered":"<h2 class=\"\" data-path-to-node=\"4\">Teknik Performans Matrisi<\/h2>\n<p data-path-to-node=\"5\"><span class=\"\">Her \u00fcnite, a\u015fa\u011f\u0131daki teknik kriterlere uygunlu\u011fu sa\u011flamak i\u00e7in titiz bir kalite kontrol s\u00fcreci alt\u0131nda \u00fcretilmektedir:<\/span><\/p>\n<table data-path-to-node=\"6\">\n<thead>\n<tr>\n<td><strong>Parametre<\/strong><\/td>\n<td><strong>Profesyonel \u00d6zellikler<\/strong><\/td>\n<td><strong>M\u00fchendislik Avantaj\u0131<\/strong><\/td>\n<\/tr>\n<\/thead>\n<tbody>\n<tr>\n<td><span data-path-to-node=\"6,1,0,0\"><b data-path-to-node=\"6,1,0,0\" data-index-in-node=\"0\">Konekt\u00f6r Tipi<\/b><\/span><\/td>\n<td><span data-path-to-node=\"6,1,1,0\">SC\/UPC'den LC\/UPC'ye<\/span><\/td>\n<td><span data-path-to-node=\"6,1,2,0\">Hibrit SFF-Standart aray\u00fcz<\/span><\/td>\n<\/tr>\n<tr>\n<td><span data-path-to-node=\"6,2,0,0\"><b data-path-to-node=\"6,2,0,0\" data-index-in-node=\"0\">Elyaf Kategorisi<\/b><\/span><\/td>\n<td><span data-path-to-node=\"6,2,1,0\">Tek Modlu \u00c7ift Y\u00f6nl\u00fc (SM\/DX)<\/span><\/td>\n<td><span data-path-to-node=\"6,2,2,0\">\u00c7ift fiber \u00e7ift y\u00f6nl\u00fc veri yolu<\/span><\/td>\n<\/tr>\n<tr>\n<td><span data-path-to-node=\"6,3,0,0\"><b data-path-to-node=\"6,3,0,0\" data-index-in-node=\"0\">Ekleme Kayb\u0131<\/b><\/span><\/td>\n<td><span data-path-to-node=\"6,3,1,0\"><b data-path-to-node=\"6,3,1,0\" data-index-in-node=\"0\"><span class=\"math-inline\" data-math=\"&lt; 0.3 \\text{ dB}\" data-index-in-node=\"0\">$&lt; 0,3 \\text{ dB}$<\/span><\/b><\/span><\/td>\n<td><span data-path-to-node=\"6,3,2,0\">Toplam ba\u011flant\u0131 g\u00fcc\u00fc b\u00fct\u00e7esini optimize eder<\/span><\/td>\n<\/tr>\n<tr>\n<td><span data-path-to-node=\"6,4,0,0\"><b data-path-to-node=\"6,4,0,0\" data-index-in-node=\"0\">Geri D\u00f6n\u00fc\u015f Kayb\u0131<\/b><\/span><\/td>\n<td><span data-path-to-node=\"6,4,1,0\"><b data-path-to-node=\"6,4,1,0\" data-index-in-node=\"0\"><span class=\"math-inline\" data-math=\"\\geq 50 \\text{ dB}\" data-index-in-node=\"0\">$\\geq 50 \\text{ dB}$<\/span> (UPC)<\/b><\/span><\/td>\n<td><span data-path-to-node=\"6,4,2,0\">\u00dcst\u00fcn dijital sinyal safl\u0131\u011f\u0131n\u0131 korur<\/span><\/td>\n<\/tr>\n<tr>\n<td><span data-path-to-node=\"6,5,0,0\"><b data-path-to-node=\"6,5,0,0\" data-index-in-node=\"0\">Dalga boyu<\/b><\/span><\/td>\n<td><span data-path-to-node=\"6,5,1,0\">1310nm \/ 1490nm \/ 1550nm<\/span><\/td>\n<td><span data-path-to-node=\"6,5,2,0\">Evrensel OS2 tek mod uyumlulu\u011fu<\/span><\/td>\n<\/tr>\n<tr>\n<td><span data-path-to-node=\"6,6,0,0\"><b data-path-to-node=\"6,6,0,0\" data-index-in-node=\"0\">Bant Geni\u015fli\u011fi<\/b><\/span><\/td>\n<td><span data-path-to-node=\"6,6,1,0\"><span class=\"math-inline\" data-math=\"\\pm 40\\text{nm}\" data-index-in-node=\"0\">$\\pm 40\\text{nm}$<\/span><\/span><\/td>\n<td><span data-path-to-node=\"6,6,2,0\">Spektral kaymalar boyunca istikrarl\u0131 performans<\/span><\/td>\n<\/tr>\n<tr>\n<td><span data-path-to-node=\"6,7,0,0\"><b data-path-to-node=\"6,7,0,0\" data-index-in-node=\"0\">Gerilim Dayan\u0131m\u0131<\/b><\/span><\/td>\n<td><span data-path-to-node=\"6,7,1,0\"><b data-path-to-node=\"6,7,1,0\" data-index-in-node=\"0\"><span class=\"math-inline\" data-math=\"\\geq 200 \\text{ N}\" data-index-in-node=\"0\">$\\geq 200 \\text{ N}$<\/span><\/b><\/span><\/td>\n<td><span data-path-to-node=\"6,7,2,0\">Y\u00fcksek stresli kurulum i\u00e7in sa\u011flamla\u015ft\u0131r\u0131lm\u0131\u015ft\u0131r<\/span><\/td>\n<\/tr>\n<tr>\n<td><span data-path-to-node=\"6,8,0,0\"><b data-path-to-node=\"6,8,0,0\" data-index-in-node=\"0\">Dayan\u0131kl\u0131l\u0131k<\/b><\/span><\/td>\n<td><span data-path-to-node=\"6,8,1,0\"><span class=\"math-inline\" data-math=\"\\geq 1000\" data-index-in-node=\"0\">$\\geq 1000$<\/span> zamanlar<\/span><\/td>\n<td><span data-path-to-node=\"6,8,2,0\">Y\u00fcksek hassasiyetli seramik y\u00fcks\u00fck uzun \u00f6m\u00fcrl\u00fc<\/span><\/td>\n<\/tr>\n<tr>\n<td><span data-path-to-node=\"6,9,0,0\"><b data-path-to-node=\"6,9,0,0\" data-index-in-node=\"0\">Ceket Malzemesi<\/b><\/span><\/td>\n<td><span data-path-to-node=\"6,9,1,0\"><b data-path-to-node=\"6,9,1,0\" data-index-in-node=\"0\">LSZH (Sar\u0131)<\/b><\/span><\/td>\n<td><span data-path-to-node=\"6,9,2,0\">Yang\u0131na kar\u015f\u0131 g\u00fcvenli, D\u00fc\u015f\u00fck Dumanl\u0131 S\u0131f\u0131r Halojen<\/span><\/td>\n<\/tr>\n<\/tbody>\n<\/table>\n<hr class=\"\" data-path-to-node=\"7\" \/>\n<h2 class=\"\" data-path-to-node=\"8\">Sistem Da\u011f\u0131t\u0131m\u0131 i\u00e7in Stratejik Avantajlar<\/h2>\n<h3 class=\"\" data-path-to-node=\"9\">1. Hibrit Aray\u00fcz \u00c7ok Y\u00f6nl\u00fcl\u00fc\u011f\u00fc<\/h3>\n<p data-path-to-node=\"10\"><span class=\"\">Bu atlama kablosu, sa\u011flam ve dayan\u0131kl\u0131 <\/span><b class=\"\" data-path-to-node=\"10\" data-index-in-node=\"47\">SC<\/b><span class=\"\"> konnekt\u00f6r - terminal ekipmanlar\u0131nda stabil itme-\u00e7ekme mekanizmas\u0131 i\u00e7in tercih edilir - ve <\/span><b class=\"\" data-path-to-node=\"10\" data-index-in-node=\"133\">K\u00fc\u00e7\u00fck Form Fakt\u00f6r\u00fc (SFF) LC<\/b><span class=\"\"> Ba\u011flay\u0131c\u0131,<\/span><span class=\"\"> Bu da modern y\u00fcksek h\u0131zl\u0131 anahtarlarda ve y\u00f6nlendiricilerde ba\u011flant\u0131 noktas\u0131 yo\u011funlu\u011funu en \u00fcst d\u00fczeye \u00e7\u0131karmak i\u00e7in gereklidir.<\/span><\/p>\n<h3 class=\"\" data-path-to-node=\"11\">2. Full-Duplex Ba\u011flant\u0131<\/h3>\n<p data-path-to-node=\"12\"><span class=\"\">Bu <\/span><b class=\"\" data-path-to-node=\"12\" data-index-in-node=\"4\">Dubleks (DX)<\/b><span class=\"\"> mimarisi iki \u00f6zel fiber \u015ferit sa\u011flar,<\/span><span class=\"\"> e\u015fzamanl\u0131 iki y\u00f6nl\u00fc ileti\u015fim sa\u011flar.<\/span><span class=\"\"> Bu, 10G ve 40G verim i\u00e7in senkronize iletim (TX) ve al\u0131m (RX) yollar\u0131 gerektiren kurumsal Ethernet a\u011flar\u0131 i\u00e7in kritik \u00f6neme sahiptir.<\/span><\/p>\n<h3 class=\"\" data-path-to-node=\"13\">3. End\u00fcstriyel S\u0131n\u0131f \u00c7ekme G\u00fcvenilirli\u011fi<\/h3>\n<p data-path-to-node=\"14\"><span class=\"\">Gerilme mukavemetinde derecelendirilmi\u015ftir <\/span><b class=\"\" data-path-to-node=\"14\" data-index-in-node=\"31\"><span class=\"math-inline\" data-math=\"\\geq 200\\text{N}\" data-index-in-node=\"31\">$\\geq 200\\text{N}$<\/span><\/b><span class=\"\">,<\/span><span class=\"\"> Bu kablolar, s\u0131k\u0131\u015f\u0131k kanallar ve dikey \u015faftlar boyunca y\u00f6nlendirilmenin fiziksel stresine dayanacak \u015fekilde \u00fcretilmi\u015ftir.<\/span><span class=\"\"> Bu dayan\u0131kl\u0131l\u0131k, b\u00fcy\u00fck \u00f6l\u00e7ekli a\u011f kurulumlar\u0131 s\u0131ras\u0131nda fiber kopmas\u0131 riskini azalt\u0131r.<\/span><\/p>\n<h3 class=\"\" data-path-to-node=\"15\">4. Sertifikal\u0131 G\u00fcvenlik Uyumlulu\u011fu<\/h3>\n<p data-path-to-node=\"16\"><span class=\"\">Bu <\/span><b class=\"\" data-path-to-node=\"16\" data-index-in-node=\"4\">LSZH (D\u00fc\u015f\u00fck Dumanl\u0131 S\u0131f\u0131r Halojen)<\/b><span class=\"\"> ceket, i\u00e7 mekan kurulumlar\u0131 i\u00e7in profesyonel standartt\u0131r.<\/span><span class=\"\"> Bir yang\u0131n durumunda,<\/span><span class=\"\"> minimum duman yo\u011funlu\u011fu ve s\u0131f\u0131r toksik halojen emisyonu sa\u011flar,<\/span><span class=\"\"> Veri merkezi ortamlar\u0131ndaki kritik donan\u0131m ve personeli korumak.<\/span><\/p>\n<hr class=\"\" data-path-to-node=\"17\" \/>\n<h2 class=\"\" data-path-to-node=\"18\">Sipari\u015f Kar\u015f\u0131lama &amp; Teknik Destek<\/h2>\n<ul data-path-to-node=\"19\">\n<li>\n<p data-path-to-node=\"19,0,0\"><b class=\"\" data-path-to-node=\"19,0,0\" data-index-in-node=\"0\">100% Fabrika Do\u011frulamas\u0131<\/b><span class=\"\">:<\/span><span class=\"\"> Her yama kablosu, s\u0131f\u0131r hatal\u0131 teslimat sa\u011flamak i\u00e7in g\u00f6nderilmeden \u00f6nce Ekleme Kayb\u0131 (IL) ve Geri D\u00f6n\u00fc\u015f Kayb\u0131 (RL) a\u00e7\u0131s\u0131ndan ayr\u0131 ayr\u0131 test edilir.<\/span><\/p>\n<\/li>\n<li>\n<p data-path-to-node=\"19,1,0\"><b class=\"\" data-path-to-node=\"19,1,0\" data-index-in-node=\"0\">Toptan Sat\u0131\u015f<\/b>: Standart uzunluklar (1m, 2m, 3m, 5m, 10m) i\u00e7in sa\u011flam bir envanter bulunduruyoruz. <b data-path-to-node=\"19,1,0\" data-index-in-node=\"101\">Toplu Sipari\u015fler<\/b> ve h\u0131zl\u0131 proje tamamlama.<\/p>\n<\/li>\n<li>\n<p data-path-to-node=\"19,2,0\"><b data-path-to-node=\"19,2,0\" data-index-in-node=\"0\">Esnek \u00d6zelle\u015ftirme<\/b>: Bizim arac\u0131l\u0131\u011f\u0131m\u0131zla <b data-path-to-node=\"19,2,0\" data-index-in-node=\"36\">OEM\\ODM<\/b> hizmetleri kapsam\u0131nda, \u00f6zel proje spesifikasyonlar\u0131n\u0131 kar\u015f\u0131lamak i\u00e7in \u00f6zel kablo uzunluklar\u0131, \u00f6zel etiketleme ve \u00e7e\u015fitli k\u0131l\u0131f \u00e7aplar\u0131 (2.0mm\/3.0mm) sunuyoruz.<\/p>\n<\/li>\n<li>\n<p data-path-to-node=\"19,3,0\"><b data-path-to-node=\"19,3,0\" data-index-in-node=\"0\">Uyumluluk Belgeleri<\/b>: Detayl\u0131 test raporlar\u0131 ve 3D interferometri do\u011frulamas\u0131 ile destek alabilirsiniz. <b data-path-to-node=\"19,3,0\" data-index-in-node=\"113\">Kaynak Kullan\u0131m\u0131<\/b> ve denetim gereklilikleri.<\/p>\n<\/li>\n<\/ul>","protected":false},"excerpt":{"rendered":"<p data-path-to-node=\"1\"><span class=\"\">Bu <\/span><b class=\"\" data-path-to-node=\"1\" data-index-in-node=\"4\">SC\/UPC - LC\/UPC Tek Modlu \u00c7ift Y\u00f6nl\u00fc (SM DX)<\/b><span class=\"\"> standart SC tabanl\u0131 altyap\u0131 ile y\u00fcksek yo\u011funluklu LC a\u011f ekipman\u0131 aras\u0131nda sorunsuz ge\u00e7i\u015fleri kolayla\u015ft\u0131rmak i\u00e7in tasarlanm\u0131\u015f y\u00fcksek performansl\u0131 bir hibrit jumper'd\u0131r.<\/span><span class=\"\"> Bu \u201cMaviden Maviye\u201d \u00e7ift \u00e7ekirdekli kablo, ba\u011flant\u0131 i\u00e7in end\u00fcstri standard\u0131 bir \u00e7\u00f6z\u00fcmd\u00fcr <\/span><b class=\"\" data-path-to-node=\"1\" data-index-in-node=\"296\">SFP\/SFP+ al\u0131c\u0131-vericileri<\/b><span class=\"\"> i\u00e7in <\/span><b class=\"\" data-path-to-node=\"1\" data-index-in-node=\"321\">Optik Da\u011f\u0131t\u0131m \u00c7er\u00e7eveleri (ODF)<\/b><span class=\"\"> ve \u00e7ekirdek anahtarlar\u0131.<\/span><\/p>\n<p data-path-to-node=\"2\"><span class=\"\">OS2 tek mod performans\u0131 i\u00e7in optimize edilmi\u015ftir,<\/span><span class=\"\"> bu hibrit kablo, g\u00f6rev a\u00e7\u0131s\u0131ndan kritik veri yollar\u0131 i\u00e7in minimum sinyal zay\u0131flamas\u0131 ve maksimum mekanik g\u00fcvenilirlik sa\u011flar.<\/span><\/p>","protected":false},"featured_media":805,"comment_status":"open","ping_status":"closed","template":"","meta":[],"product_brand":[],"product_cat":[45],"product_tag":[],"class_list":{"0":"post-804","1":"product","2":"type-product","3":"status-publish","4":"has-post-thumbnail","6":"product_cat-single-mode-fiber-optic-patch-cord","8":"first","9":"instock","10":"shipping-taxable","11":"product-type-simple"},"_links":{"self":[{"href":"https:\/\/www.fenxifiber.com\/tr\/wp-json\/wp\/v2\/product\/804","targetHints":{"allow":["GET"]}}],"collection":[{"href":"https:\/\/www.fenxifiber.com\/tr\/wp-json\/wp\/v2\/product"}],"about":[{"href":"https:\/\/www.fenxifiber.com\/tr\/wp-json\/wp\/v2\/types\/product"}],"replies":[{"embeddable":true,"href":"https:\/\/www.fenxifiber.com\/tr\/wp-json\/wp\/v2\/comments?post=804"}],"wp:featuredmedia":[{"embeddable":true,"href":"https:\/\/www.fenxifiber.com\/tr\/wp-json\/wp\/v2\/media\/805"}],"wp:attachment":[{"href":"https:\/\/www.fenxifiber.com\/tr\/wp-json\/wp\/v2\/media?parent=804"}],"wp:term":[{"taxonomy":"product_brand","embeddable":true,"href":"https:\/\/www.fenxifiber.com\/tr\/wp-json\/wp\/v2\/product_brand?post=804"},{"taxonomy":"product_cat","embeddable":true,"href":"https:\/\/www.fenxifiber.com\/tr\/wp-json\/wp\/v2\/product_cat?post=804"},{"taxonomy":"product_tag","embeddable":true,"href":"https:\/\/www.fenxifiber.com\/tr\/wp-json\/wp\/v2\/product_tag?post=804"}],"curies":[{"name":"wp","href":"https:\/\/api.w.org\/{rel}","templated":true}]}}