{"id":806,"date":"2026-02-04T01:50:12","date_gmt":"2026-02-04T01:50:12","guid":{"rendered":"https:\/\/www.fenxifiber.com\/?post_type=product&#038;p=806"},"modified":"2026-02-04T02:27:41","modified_gmt":"2026-02-04T02:27:41","slug":"fc-apc-sc-apc-sm-dx","status":"publish","type":"product","link":"https:\/\/www.fenxifiber.com\/tr\/product\/fc-apc-sc-apc-sm-dx\/","title":{"rendered":"FC\/APC - SC\/APC Tek Modlu \u00c7ift Y\u00f6nl\u00fc Fiber Ba\u011flant\u0131 Kablosu | \u00dcretici Do\u011frudan Tedarik"},"content":{"rendered":"<h2 data-path-to-node=\"4\">Teknik Performans Matrisi<\/h2>\n<p data-path-to-node=\"5\">\u00dcretim hatt\u0131m\u0131z, her birimin a\u015fa\u011f\u0131daki teknik kriterleri kar\u015f\u0131lamas\u0131n\u0131 veya a\u015fmas\u0131n\u0131 sa\u011flamak i\u00e7in s\u0131k\u0131 kalite protokolleri alt\u0131nda \u00e7al\u0131\u015f\u0131r:<\/p>\n<table data-path-to-node=\"6\">\n<thead>\n<tr>\n<td><strong>Metrik<\/strong><\/td>\n<td><strong>Profesyonel \u00d6zellikler<\/strong><\/td>\n<td><strong>M\u00fchendislik Avantaj\u0131<\/strong><\/td>\n<\/tr>\n<\/thead>\n<tbody>\n<tr>\n<td><span data-path-to-node=\"6,1,0,0\"><b data-path-to-node=\"6,1,0,0\" data-index-in-node=\"0\">Konekt\u00f6r Tipi<\/b><\/span><\/td>\n<td><span data-path-to-node=\"6,1,1,0\">FC\/APC'den SC\/APC'ye<\/span><\/td>\n<td><span data-path-to-node=\"6,1,2,0\">Hibrit Di\u015fli - Push-Pull aray\u00fcz\u00fc<\/span><\/td>\n<\/tr>\n<tr>\n<td><span data-path-to-node=\"6,2,0,0\"><b data-path-to-node=\"6,2,0,0\" data-index-in-node=\"0\">Elyaf Kategorisi<\/b><\/span><\/td>\n<td><span data-path-to-node=\"6,2,1,0\">Tek Modlu \u00c7ift Y\u00f6nl\u00fc (SM\/DX)<\/span><\/td>\n<td><span data-path-to-node=\"6,2,2,0\">E\u015f zamanl\u0131 \u00e7ift telli veri yolu<\/span><\/td>\n<\/tr>\n<tr>\n<td><span data-path-to-node=\"6,3,0,0\"><b data-path-to-node=\"6,3,0,0\" data-index-in-node=\"0\">Ekleme Kayb\u0131<\/b><\/span><\/td>\n<td><span data-path-to-node=\"6,3,1,0\"><b data-path-to-node=\"6,3,1,0\" data-index-in-node=\"0\"><span class=\"math-inline\" data-math=\"&lt; 0.3 \\text{ dB}\" data-index-in-node=\"0\">$&lt; 0,3 \\text{ dB}$<\/span><\/b><\/span><\/td>\n<td><span data-path-to-node=\"6,3,2,0\">Toplam ba\u011flant\u0131 g\u00fcc\u00fc b\u00fct\u00e7esini optimize eder<\/span><\/td>\n<\/tr>\n<tr>\n<td><span data-path-to-node=\"6,4,0,0\"><b data-path-to-node=\"6,4,0,0\" data-index-in-node=\"0\">Geri D\u00f6n\u00fc\u015f Kayb\u0131<\/b><\/span><\/td>\n<td><span data-path-to-node=\"6,4,1,0\"><b data-path-to-node=\"6,4,1,0\" data-index-in-node=\"0\"><span class=\"math-inline\" data-math=\"\\geq 60 \\text{ dB}\" data-index-in-node=\"0\">$\\geq 60 \\text{ dB}$<\/span> (APC)<\/b><\/span><\/td>\n<td><span data-path-to-node=\"6,4,2,0\">\u00dcst\u00fcn geri yans\u0131ma bast\u0131rma<\/span><\/td>\n<\/tr>\n<tr>\n<td><span data-path-to-node=\"6,5,0,0\"><b data-path-to-node=\"6,5,0,0\" data-index-in-node=\"0\">Dalga Uzunlu\u011fu<\/b><\/span><\/td>\n<td><span data-path-to-node=\"6,5,1,0\">1310nm \/ 1490nm \/ 1550nm<\/span><\/td>\n<td><span data-path-to-node=\"6,5,2,0\">Evrensel OS2 tek mod uyumlulu\u011fu<\/span><\/td>\n<\/tr>\n<tr>\n<td><span data-path-to-node=\"6,6,0,0\"><b data-path-to-node=\"6,6,0,0\" data-index-in-node=\"0\">Bant Geni\u015fli\u011fi<\/b><\/span><\/td>\n<td><span data-path-to-node=\"6,6,1,0\"><span class=\"math-inline\" data-math=\"\\pm 40\\text{nm}\" data-index-in-node=\"0\">$\\pm 40\\text{nm}$<\/span><\/span><\/td>\n<td><span data-path-to-node=\"6,6,2,0\">Spektral kaymalar boyunca istikrarl\u0131 performans<\/span><\/td>\n<\/tr>\n<tr>\n<td><span data-path-to-node=\"6,7,0,0\"><b data-path-to-node=\"6,7,0,0\" data-index-in-node=\"0\">Gerilim Dayan\u0131m\u0131<\/b><\/span><\/td>\n<td><span data-path-to-node=\"6,7,1,0\"><b data-path-to-node=\"6,7,1,0\" data-index-in-node=\"0\"><span class=\"math-inline\" data-math=\"\\geq 200 \\text{ N}\" data-index-in-node=\"0\">$\\geq 200 \\text{ N}$<\/span><\/b><\/span><\/td>\n<td><span data-path-to-node=\"6,7,2,0\">Y\u00fcksek stresli kanal y\u00f6nlendirmesi i\u00e7in sa\u011flamla\u015ft\u0131r\u0131lm\u0131\u015ft\u0131r<\/span><\/td>\n<\/tr>\n<tr>\n<td><span data-path-to-node=\"6,8,0,0\"><b data-path-to-node=\"6,8,0,0\" data-index-in-node=\"0\">Dayan\u0131kl\u0131l\u0131k<\/b><\/span><\/td>\n<td><span data-path-to-node=\"6,8,1,0\"><span class=\"math-inline\" data-math=\"\\geq 1000\" data-index-in-node=\"0\">$\\geq 1000$<\/span> zamanlar<\/span><\/td>\n<td><span data-path-to-node=\"6,8,2,0\">Y\u00fcksek hassasiyetli seramik y\u00fcks\u00fck uzun \u00f6m\u00fcrl\u00fc<\/span><\/td>\n<\/tr>\n<tr>\n<td><span data-path-to-node=\"6,9,0,0\"><b data-path-to-node=\"6,9,0,0\" data-index-in-node=\"0\">Ceket Malzemesi<\/b><\/span><\/td>\n<td><span data-path-to-node=\"6,9,1,0\"><b data-path-to-node=\"6,9,1,0\" data-index-in-node=\"0\">LSZH (Sar\u0131)<\/b><\/span><\/td>\n<td><span data-path-to-node=\"6,9,2,0\">Yang\u0131na kar\u015f\u0131 g\u00fcvenli, D\u00fc\u015f\u00fck Dumanl\u0131 S\u0131f\u0131r Halojen g\u00fcvenlik<\/span><\/td>\n<\/tr>\n<\/tbody>\n<\/table>\n<hr data-path-to-node=\"7\" \/>\n<h2 data-path-to-node=\"8\">A\u011f Altyap\u0131s\u0131 i\u00e7in Stratejik Avantajlar<\/h2>\n<h3 data-path-to-node=\"9\">1. Hibrit Aray\u00fcz Esnekli\u011fi<\/h3>\n<ul data-path-to-node=\"10\">\n<li>\n<p data-path-to-node=\"10,0,0\"><b data-path-to-node=\"10,0,0\" data-index-in-node=\"0\">FC\/APC Biti\u015f:<\/b> Nikel kaplamal\u0131 metalik vidal\u0131 muhafaza, end\u00fcstriyel ortamlar ve laboratuvar test ekipmanlar\u0131 i\u00e7in ideal olan titre\u015fime dayan\u0131kl\u0131 bir kilit sa\u011flar.<\/p>\n<\/li>\n<li>\n<p data-path-to-node=\"10,1,0\"><b data-path-to-node=\"10,1,0\" data-index-in-node=\"0\">SC\/APC Son:<\/b> Standart itme-\u00e7ekme mekanizmas\u0131, Optik Da\u011f\u0131t\u0131m \u00c7er\u00e7evelerinde (ODF) ve abone terminallerinde h\u0131zl\u0131 ve g\u00fcvenli da\u011f\u0131t\u0131m sa\u011flar.<\/p>\n<\/li>\n<\/ul>\n<h3 data-path-to-node=\"11\">2. Elite APC Yans\u0131ma Y\u00f6netimi<\/h3>\n<ul data-path-to-node=\"12\">\n<li>\n<p data-path-to-node=\"12,0,0\">Her iki u\u00e7ta da 8 derecelik hassas a\u00e7\u0131l\u0131 cila bulunur ve Geri D\u00f6n\u00fc\u015f Kayb\u0131 <b data-path-to-node=\"12,0,0\" data-index-in-node=\"82\"><span class=\"math-inline\" data-math=\"\\geq 60\\text{dB}\" data-index-in-node=\"82\">$\\geq 60\\text{dB}$<\/span><\/b>.<\/p>\n<\/li>\n<li>\n<p data-path-to-node=\"12,1,0\">Bu tasar\u0131m, geri yans\u0131may\u0131 fiber kaplamaya y\u00f6nlendirir, bu da pahal\u0131 lazer kaynaklar\u0131n\u0131 korumak i\u00e7in gereklidir. <b data-path-to-node=\"12,1,0\" data-index-in-node=\"124\">XGS-PON ve analog video<\/b> sistemler.<\/p>\n<\/li>\n<\/ul>\n<h3 data-path-to-node=\"13\">3. M\u00fchendislik Derecesinde \u00c7ekme G\u00fcvenilirli\u011fi<\/h3>\n<ul data-path-to-node=\"14\">\n<li>\n<p data-path-to-node=\"14,0,0\">Gerilme mukavemeti derecesi ile <b data-path-to-node=\"14,0,0\" data-index-in-node=\"34\"><span class=\"math-inline\" data-math=\"\\geq 200\\text{N}\" data-index-in-node=\"34\">$\\geq 200\\text{N}$<\/span><\/b>, Bu atlama telleri, s\u0131k\u0131\u015f\u0131k kablo kanallar\u0131nda ve dikey \u015faftlarda kurulumun fiziksel stresine dayanacak \u015fekilde \u00fcretilmi\u015ftir.<\/p>\n<\/li>\n<li>\n<p data-path-to-node=\"14,1,0\">Dubleks (DX) yap\u0131land\u0131rma, iki fiber \u015feridi entegre ederek \u00e7ift y\u00f6nl\u00fc veri ba\u011flant\u0131lar\u0131 i\u00e7in kablo y\u00f6netimini kolayla\u015ft\u0131r\u0131r.<\/p>\n<\/li>\n<\/ul>\n<h3 data-path-to-node=\"15\">4. K\u00fcresel G\u00fcvenlik ve LSZH Uyumlulu\u011fu<\/h3>\n<ul data-path-to-node=\"16\">\n<li>\n<p data-path-to-node=\"16,0,0\">Sar\u0131 ceketlerimiz \u015funlardan \u00fcretilmektedir <b data-path-to-node=\"16,0,0\" data-index-in-node=\"41\">D\u00fc\u015f\u00fck Dumanl\u0131 S\u0131f\u0131r Halojen (LSZH)<\/b> malzeme, uluslararas\u0131 bina g\u00fcvenlik kodlar\u0131na uygun.<\/p>\n<\/li>\n<li>\n<p data-path-to-node=\"16,1,0\">A\u015f\u0131r\u0131 \u0131s\u0131 durumunda, ceket minimum duman \u00e7\u0131kar\u0131r ve toksik halojen gazlar\u0131 yaymaz, personelin ve kritik donan\u0131m\u0131n g\u00fcvenli\u011fini sa\u011flar.<\/p>\n<\/li>\n<\/ul>\n<hr data-path-to-node=\"17\" \/>\n<h2 data-path-to-node=\"18\">Sat\u0131n Alma ve Proje Deste\u011fi<\/h2>\n<ul data-path-to-node=\"19\">\n<li>\n<p data-path-to-node=\"19,0,0\"><b data-path-to-node=\"19,0,0\" data-index-in-node=\"0\">100% Fabrika Do\u011frulamas\u0131<\/b>: Her patch cord, proje g\u00fcvenilirli\u011fini sa\u011flamak i\u00e7in Ekleme Kayb\u0131 (IL) ve Geri D\u00f6n\u00fc\u015f Kayb\u0131 (RL) a\u00e7\u0131s\u0131ndan ayr\u0131 ayr\u0131 test edilir.<\/p>\n<\/li>\n<li>\n<p data-path-to-node=\"19,1,0\"><b data-path-to-node=\"19,1,0\" data-index-in-node=\"0\">Toptan \u00d6l\u00e7eklenebilirlik<\/b>: Bir <b data-path-to-node=\"19,1,0\" data-index-in-node=\"28\">\u00dcretici firma<\/b>, kolayla\u015ft\u0131rmak i\u00e7in sa\u011flam bir standart uzunluk envanteri bulunduruyoruz <b data-path-to-node=\"19,1,0\" data-index-in-node=\"107\">Toplu Sipari\u015fler<\/b> h\u0131zl\u0131 teslimat s\u00fcreleri ile.<\/p>\n<\/li>\n<li>\n<p data-path-to-node=\"19,2,0\"><b data-path-to-node=\"19,2,0\" data-index-in-node=\"0\">\u00d6zel OEM Hizmeti<\/b>: Ismarlama kablo uzunluklar\u0131, \u00f6zel etiketleme ve de\u011fi\u015fen k\u0131l\u0131f \u00e7aplar\u0131 (2.0mm\/3.0mm) i\u00e7in esnek \u00fcretim sa\u011fl\u0131yoruz.<\/p>\n<\/li>\n<li>\n<p data-path-to-node=\"19,3,0\"><b data-path-to-node=\"19,3,0\" data-index-in-node=\"0\">Uyumluluk Belgeleri<\/b>: Bireysel test raporlar\u0131 ve 3D interferometri do\u011frulama verileri desteklemek i\u00e7in mevcuttur <b data-path-to-node=\"19,3,0\" data-index-in-node=\"120\">Kaynak Kullan\u0131m\u0131<\/b> ve denetim gereklilikleri.<\/p>\n<\/li>\n<\/ul>","protected":false},"excerpt":{"rendered":"<p data-path-to-node=\"1\">Bu <b data-path-to-node=\"1\" data-index-in-node=\"4\">FC\/APC - SC\/APC Tek Modlu \u00c7ift Y\u00f6nl\u00fc (SM DX)<\/b> se\u00e7kin yans\u0131ma y\u00f6netimi ve mekanik stabilite gerektiren \u00e7ift fiber sistemler i\u00e7in tasarlanm\u0131\u015f y\u00fcksek hassasiyetli bir hibrit jumper'd\u0131r. Kendine \u00f6zg\u00fc \u201cYe\u015filden Ye\u015file\u201d APC (A\u00e7\u0131l\u0131 Fiziksel Temas) cilas\u0131na sahip olan bu kablo, di\u015fli FC aray\u00fczleri ile push-pull SC ba\u011flant\u0131 noktalar\u0131 aras\u0131ndaki bo\u015flu\u011fu doldurur. A\u015fa\u011f\u0131dakiler i\u00e7in kritik bir bile\u015fendir <b data-path-to-node=\"1\" data-index-in-node=\"372\">FTTH, XGS-PON ve y\u00fcksek g\u00fc\u00e7l\u00fc CATV da\u011f\u0131t\u0131m\u0131<\/b> Hassas vericileri korumak i\u00e7in geri yans\u0131man\u0131n en aza indirilmesi gereken yerlerde.<\/p>\n<p data-path-to-node=\"2\">\u00c7ift yollu veri iletimi i\u00e7in optimize edilen bu dubleks tertibat, kritik g\u00f6rev optik a\u011flar\u0131 i\u00e7in y\u00fcksek do\u011frulukta sinyal b\u00fct\u00fcnl\u00fc\u011f\u00fc sa\u011flar.<\/p>","protected":false},"featured_media":807,"comment_status":"open","ping_status":"closed","template":"","meta":[],"product_brand":[],"product_cat":[45],"product_tag":[],"class_list":{"0":"post-806","1":"product","2":"type-product","3":"status-publish","4":"has-post-thumbnail","6":"product_cat-single-mode-fiber-optic-patch-cord","8":"first","9":"instock","10":"shipping-taxable","11":"product-type-simple"},"_links":{"self":[{"href":"https:\/\/www.fenxifiber.com\/tr\/wp-json\/wp\/v2\/product\/806","targetHints":{"allow":["GET"]}}],"collection":[{"href":"https:\/\/www.fenxifiber.com\/tr\/wp-json\/wp\/v2\/product"}],"about":[{"href":"https:\/\/www.fenxifiber.com\/tr\/wp-json\/wp\/v2\/types\/product"}],"replies":[{"embeddable":true,"href":"https:\/\/www.fenxifiber.com\/tr\/wp-json\/wp\/v2\/comments?post=806"}],"wp:featuredmedia":[{"embeddable":true,"href":"https:\/\/www.fenxifiber.com\/tr\/wp-json\/wp\/v2\/media\/807"}],"wp:attachment":[{"href":"https:\/\/www.fenxifiber.com\/tr\/wp-json\/wp\/v2\/media?parent=806"}],"wp:term":[{"taxonomy":"product_brand","embeddable":true,"href":"https:\/\/www.fenxifiber.com\/tr\/wp-json\/wp\/v2\/product_brand?post=806"},{"taxonomy":"product_cat","embeddable":true,"href":"https:\/\/www.fenxifiber.com\/tr\/wp-json\/wp\/v2\/product_cat?post=806"},{"taxonomy":"product_tag","embeddable":true,"href":"https:\/\/www.fenxifiber.com\/tr\/wp-json\/wp\/v2\/product_tag?post=806"}],"curies":[{"name":"wp","href":"https:\/\/api.w.org\/{rel}","templated":true}]}}