{"id":808,"date":"2026-02-04T01:52:32","date_gmt":"2026-02-04T01:52:32","guid":{"rendered":"https:\/\/www.fenxifiber.com\/?post_type=product&#038;p=808"},"modified":"2026-02-04T02:28:44","modified_gmt":"2026-02-04T02:28:44","slug":"sc-apc-sc-apc-sm-dx","status":"publish","type":"product","link":"https:\/\/www.fenxifiber.com\/tr\/product\/sc-apc-sc-apc-sm-dx\/","title":{"rendered":"Toptan SC\/APC - SC\/APC Tek Modlu \u00c7ift Y\u00f6nl\u00fc Fiber Yama Kablosu | Kaynak Merkezi"},"content":{"rendered":"<h2 data-path-to-node=\"4\">Teknik Performans Matrisi<\/h2>\n<table style=\"width: 100%; border-collapse: collapse; margin: 20px 0; font-family: Arial, sans-serif; border: 1px solid #ddd; font-size: 14px;\">\n<thead>\n<tr style=\"background-color: #f8f9fa; text-align: left;\">\n<th style=\"padding: 12px; border: 1px solid #ddd; color: #333;\">Teknik Metrik<\/th>\n<th style=\"padding: 12px; border: 1px solid #ddd; color: #333;\">Standart \u015eartname<\/th>\n<th style=\"padding: 12px; border: 1px solid #ddd; color: #333;\">Proje Avantaj\u0131<\/th>\n<\/tr>\n<\/thead>\n<tbody>\n<tr>\n<td style=\"padding: 12px; border: 1px solid #ddd;\"><strong>Konekt\u00f6r Tipi<\/strong><\/td>\n<td style=\"padding: 12px; border: 1px solid #ddd;\">SC\/APC'den SC\/APC'ye<\/td>\n<td style=\"padding: 12px; border: 1px solid #ddd;\">Standartla\u015ft\u0131r\u0131lm\u0131\u015f itme-\u00e7ekme kilitleme<\/td>\n<\/tr>\n<tr style=\"background-color: #fdfdfd;\">\n<td style=\"padding: 12px; border: 1px solid #ddd;\"><strong>Fiber Modu<\/strong><\/td>\n<td style=\"padding: 12px; border: 1px solid #ddd;\">Tek Modlu \u00c7ift Y\u00f6nl\u00fc (SM DX)<\/td>\n<td style=\"padding: 12px; border: 1px solid #ddd;\">\u00c7ift \u00e7ekirdekli \u00e7ift y\u00f6nl\u00fc veri<\/td>\n<\/tr>\n<tr>\n<td style=\"padding: 12px; border: 1px solid #ddd;\"><strong>Ekleme Kayb\u0131<\/strong><\/td>\n<td style=\"padding: 12px; border: 1px solid #ddd;\">\u2264 0,3 dB<\/td>\n<td style=\"padding: 12px; border: 1px solid #ddd;\">Minimum g\u00fc\u00e7 zay\u0131flamas\u0131<\/td>\n<\/tr>\n<tr style=\"background-color: #fdfdfd;\">\n<td style=\"padding: 12px; border: 1px solid #ddd;\"><strong>Geri D\u00f6n\u00fc\u015f Kayb\u0131<\/strong><\/td>\n<td style=\"padding: 12px; border: 1px solid #ddd;\">\u2265 60 dB<\/td>\n<td style=\"padding: 12px; border: 1px solid #ddd;\">\u00dcst\u00fcn lazer kayna\u011f\u0131 korumas\u0131<\/td>\n<\/tr>\n<tr>\n<td style=\"padding: 12px; border: 1px solid #ddd;\"><strong>Dalga boyu<\/strong><\/td>\n<td style=\"padding: 12px; border: 1px solid #ddd;\">1310nm \/ 1490nm \/ 1550nm<\/td>\n<td style=\"padding: 12px; border: 1px solid #ddd;\">Tam OS2 spektrum deste\u011fi<\/td>\n<\/tr>\n<tr style=\"background-color: #fdfdfd;\">\n<td style=\"padding: 12px; border: 1px solid #ddd;\"><strong>Gerilim Dayan\u0131m\u0131<\/strong><\/td>\n<td style=\"padding: 12px; border: 1px solid #ddd;\">\u2265 200 N<\/td>\n<td style=\"padding: 12px; border: 1px solid #ddd;\">Kablolama kanallar\u0131 i\u00e7in sa\u011flamla\u015ft\u0131r\u0131lm\u0131\u015ft\u0131r<\/td>\n<\/tr>\n<tr>\n<td style=\"padding: 12px; border: 1px solid #ddd;\"><strong>Ceket Malzemesi<\/strong><\/td>\n<td style=\"padding: 12px; border: 1px solid #ddd;\">LSZH (D\u00fc\u015f\u00fck Dumanl\u0131 S\u0131f\u0131r Halojen)<\/td>\n<td style=\"padding: 12px; border: 1px solid #ddd;\">K\u00fcresel yang\u0131n g\u00fcvenli\u011fi uyumlulu\u011fu<\/td>\n<\/tr>\n<\/tbody>\n<\/table>\n<h2 data-path-to-node=\"8\">B\u00fcy\u00fck \u00d6l\u00e7ekli Da\u011f\u0131t\u0131m i\u00e7in Temel Avantajlar<\/h2>\n<h3 data-path-to-node=\"9\">1. Optimize Edilmi\u015f APC Yans\u0131ma Y\u00f6netimi<\/h3>\n<p data-path-to-node=\"10\">8 derecelik a\u00e7\u0131l\u0131 cila (APC), a\u015fa\u011f\u0131daki de\u011ferlerde bir geri d\u00f6n\u00fc\u015f kayb\u0131 sa\u011flar <b data-path-to-node=\"10\" data-index-in-node=\"58\">\u2265 60dB<\/b>. Bu, y\u00fcksek h\u0131zl\u0131 a\u011flar ve y\u00fcksek g\u00fc\u00e7l\u00fc video sinyalleri i\u00e7in hayati \u00f6nem ta\u015f\u0131r, \u00e7\u00fcnk\u00fc geri yans\u0131may\u0131 kaplamaya y\u00f6nlendirerek sinyal g\u00fcr\u00fclt\u00fcs\u00fcn\u00fc ve hassas vericilerde donan\u0131m hasar\u0131n\u0131 \u00f6nler.<\/p>\n<h3 data-path-to-node=\"11\">2. Y\u00fcksek Kapasiteli Dubleks (DX) Tasar\u0131m<\/h3>\n<p data-path-to-node=\"12\">\u0130ki fiber \u015feridi tek bir kabloya entegre eden bu jumper, y\u00fcksek yo\u011funluklu fiber y\u00f6netimini kolayla\u015ft\u0131r\u0131r. <b data-path-to-node=\"12\" data-index-in-node=\"105\">Optik Da\u011f\u0131t\u0131m \u00c7er\u00e7eveleri (ODF)<\/b>. Standart tam \u00e7ift y\u00f6nl\u00fc Ethernet mimarileri i\u00e7in gerekli olan \u00f6zel g\u00f6nderme ve alma yollar\u0131 sa\u011flar.<\/p>\n<h3 data-path-to-node=\"13\">3. M\u00fchendislik S\u0131n\u0131f\u0131 Dayan\u0131kl\u0131l\u0131k<\/h3>\n<p data-path-to-node=\"14\">Gerilim g\u00fcc\u00fc ile <b data-path-to-node=\"14\" data-index-in-node=\"27\">\u2265 200N<\/b> ve y\u00fcksek hassasiyetli seramik y\u00fcks\u00fcklere sahip bu kablolar, binlerce e\u015fle\u015fme d\u00f6ng\u00fcs\u00fc boyunca istikrarl\u0131 optik performans\u0131 korurken kurulumun fiziksel stresine dayanacak \u015fekilde \u00fcretilmi\u015ftir.<\/p>\n<h3 data-path-to-node=\"15\">4. Sertifikal\u0131 G\u00fcvenlik Standartlar\u0131<\/h3>\n<p data-path-to-node=\"16\">Sar\u0131 <b data-path-to-node=\"16\" data-index-in-node=\"11\">LSZH<\/b> ceket, i\u00e7 mekan ve veri merkezi ortamlar\u0131 i\u00e7in tasarlanm\u0131\u015ft\u0131r. Yang\u0131n geciktiricidir ve a\u015f\u0131r\u0131 \u0131s\u0131da toksik halojen gazlar\u0131n a\u00e7\u0131\u011fa \u00e7\u0131kmamas\u0131n\u0131 sa\u011flayarak ticari ve devlet projeleri i\u00e7in uluslararas\u0131 g\u00fcvenlik kodlar\u0131n\u0131 kar\u015f\u0131lar.<\/p>\n<hr data-path-to-node=\"17\" \/>\n<h2 data-path-to-node=\"18\">Tedarik ve Lojistik Destek<\/h2>\n<ul data-path-to-node=\"19\">\n<li>\n<p data-path-to-node=\"19,0,0\"><b data-path-to-node=\"19,0,0\" data-index-in-node=\"0\">100% Kalite Kontroll\u00fc<\/b>: Her yama kablosu, Ekleme Kayb\u0131 ve Geri D\u00f6n\u00fc\u015f Kayb\u0131 i\u00e7in ayr\u0131 ayr\u0131 test edilir.<\/p>\n<\/li>\n<li>\n<p data-path-to-node=\"19,1,0\"><b data-path-to-node=\"19,1,0\" data-index-in-node=\"0\">Dok\u00fcmantasyon Deste\u011fi<\/b>: Bireysel test raporlar\u0131 ve 3D interferometri verileri a\u015fa\u011f\u0131dakiler i\u00e7in mevcuttur <b data-path-to-node=\"19,1,0\" data-index-in-node=\"92\">Proje Uyumlulu\u011fu<\/b>.<\/p>\n<\/li>\n<li>\n<p data-path-to-node=\"19,2,0\"><b data-path-to-node=\"19,2,0\" data-index-in-node=\"0\">Toplu Sipari\u015f Kar\u015f\u0131lama<\/b>: H\u0131zl\u0131 teslimat s\u00fcreleri sa\u011flamak i\u00e7in standart uzunluklar (1m, 3m, 5m, 10m) i\u00e7in y\u00fcksek stok seviyeleri tutuyoruz.<\/p>\n<\/li>\n<li>\n<p data-path-to-node=\"19,3,0\"><b data-path-to-node=\"19,3,0\" data-index-in-node=\"0\">\u00d6zel OEM Hizmeti<\/b>: Spesifik ihtiya\u00e7lar\u0131 kar\u015f\u0131lamak i\u00e7in \u0131smarlama uzunluklar, \u00f6zel etiketleme ve \u00e7e\u015fitli k\u0131l\u0131f \u00e7aplar\u0131 (2.0mm\/3.0mm) i\u00e7in esnek \u00fcretim sunuyoruz. <b data-path-to-node=\"19,3,0\" data-index-in-node=\"155\">Entegrat\u00f6r<\/b> Gereksinimler.<\/p>\n<\/li>\n<\/ul>","protected":false},"excerpt":{"rendered":"<p data-path-to-node=\"1\"><span class=\"\">Bu <\/span><b class=\"\" data-path-to-node=\"1\" data-index-in-node=\"4\">SC\/APC - SC\/APC Tek Modlu \u00c7ift Y\u00f6nl\u00fc (SM DX)<\/b><span class=\"\"> modern telekom\u00fcnikasyon ve y\u00fcksek h\u0131zl\u0131 veri iletimi i\u00e7in tasarlanm\u0131\u015f y\u00fcksek performansl\u0131 bir fiber optik jumper'd\u0131r.<\/span><span class=\"\"> \u0130mza niteli\u011findeki ye\u015fil <\/span><b class=\"\" data-path-to-node=\"1\" data-index-in-node=\"192\">A\u00e7\u0131l\u0131 Fiziksel Temas (APC)<\/b><span class=\"\"> her iki u\u00e7taki konekt\u00f6rler,<\/span><span class=\"\"> bu kablo \u00f6zel olarak geri\u0307 yansimayi en aza i\u0307ndi\u0307rmek \u00fczere tasarlanmi\u015ftir,<\/span><span class=\"\"> i\u00e7in \u00f6nde gelen se\u00e7im haline getiriyor <\/span><b class=\"\" data-path-to-node=\"1\" data-index-in-node=\"347\">GPON, FTTX ve CATV<\/b><span class=\"\"> altyap\u0131.<\/span><\/p>\n<p data-path-to-node=\"2\"><span class=\"\">\u00c7ift fiber (\u00c7ift Y\u00f6nl\u00fc) yap\u0131land\u0131rma ile,<\/span><span class=\"\"> bu yama kablosu e\u015fzamanl\u0131 \u00e7ift y\u00f6nl\u00fc veri ak\u0131\u015f\u0131n\u0131 destekler,<\/span><span class=\"\"> G\u00f6rev a\u00e7\u0131s\u0131ndan kritik a\u011f da\u011f\u0131t\u0131mlar\u0131 i\u00e7in gereken g\u00fcvenilirli\u011fi ve sinyal b\u00fct\u00fcnl\u00fc\u011f\u00fcn\u00fc sa\u011flar.<\/span><\/p>","protected":false},"featured_media":810,"comment_status":"open","ping_status":"closed","template":"","meta":[],"product_brand":[],"product_cat":[45],"product_tag":[],"class_list":{"0":"post-808","1":"product","2":"type-product","3":"status-publish","4":"has-post-thumbnail","6":"product_cat-single-mode-fiber-optic-patch-cord","8":"first","9":"instock","10":"shipping-taxable","11":"product-type-simple"},"_links":{"self":[{"href":"https:\/\/www.fenxifiber.com\/tr\/wp-json\/wp\/v2\/product\/808","targetHints":{"allow":["GET"]}}],"collection":[{"href":"https:\/\/www.fenxifiber.com\/tr\/wp-json\/wp\/v2\/product"}],"about":[{"href":"https:\/\/www.fenxifiber.com\/tr\/wp-json\/wp\/v2\/types\/product"}],"replies":[{"embeddable":true,"href":"https:\/\/www.fenxifiber.com\/tr\/wp-json\/wp\/v2\/comments?post=808"}],"wp:featuredmedia":[{"embeddable":true,"href":"https:\/\/www.fenxifiber.com\/tr\/wp-json\/wp\/v2\/media\/810"}],"wp:attachment":[{"href":"https:\/\/www.fenxifiber.com\/tr\/wp-json\/wp\/v2\/media?parent=808"}],"wp:term":[{"taxonomy":"product_brand","embeddable":true,"href":"https:\/\/www.fenxifiber.com\/tr\/wp-json\/wp\/v2\/product_brand?post=808"},{"taxonomy":"product_cat","embeddable":true,"href":"https:\/\/www.fenxifiber.com\/tr\/wp-json\/wp\/v2\/product_cat?post=808"},{"taxonomy":"product_tag","embeddable":true,"href":"https:\/\/www.fenxifiber.com\/tr\/wp-json\/wp\/v2\/product_tag?post=808"}],"curies":[{"name":"wp","href":"https:\/\/api.w.org\/{rel}","templated":true}]}}