{"id":811,"date":"2026-02-04T01:54:26","date_gmt":"2026-02-04T01:54:26","guid":{"rendered":"https:\/\/www.fenxifiber.com\/?post_type=product&#038;p=811"},"modified":"2026-02-04T02:29:43","modified_gmt":"2026-02-04T02:29:43","slug":"fc-upc-sc-upc-sm-dx","status":"publish","type":"product","link":"https:\/\/www.fenxifiber.com\/tr\/product\/fc-upc-sc-upc-sm-dx\/","title":{"rendered":"FC\/UPC - SC\/UPC Tek Modlu \u00c7ift Y\u00f6nl\u00fc Fiber Ba\u011flant\u0131 Kablosu | Kaynak Bulma \u00c7\u00f6z\u00fcmleri"},"content":{"rendered":"<h2 data-path-to-node=\"4\">Teknik Performans Matrisi<\/h2>\n<table style=\"width: 100%; border-collapse: collapse; margin: 20px 0; font-family: Arial, sans-serif; border: 1px solid #ddd; font-size: 14px;\">\n<thead>\n<tr style=\"background-color: #f8f9fa; text-align: left;\">\n<th style=\"padding: 12px; border: 1px solid #ddd; color: #333;\">Teknik Metrik<\/th>\n<th style=\"padding: 12px; border: 1px solid #ddd; color: #333;\">Profesyonel \u00d6zellikler<\/th>\n<th style=\"padding: 12px; border: 1px solid #ddd; color: #333;\">A\u011f Avantaj\u0131<\/th>\n<\/tr>\n<\/thead>\n<tbody>\n<tr>\n<td style=\"padding: 12px; border: 1px solid #ddd;\"><strong>Konekt\u00f6r Tipi<\/strong><\/td>\n<td style=\"padding: 12px; border: 1px solid #ddd;\">FC\/UPC'den SC\/UPC'ye<\/td>\n<td style=\"padding: 12px; border: 1px solid #ddd;\">\u0130tme-\u00c7ekme i\u00e7in Hibrit Di\u015fli<\/td>\n<\/tr>\n<tr style=\"background-color: #fdfdfd;\">\n<td style=\"padding: 12px; border: 1px solid #ddd;\"><strong>Elyaf Kategorisi<\/strong><\/td>\n<td style=\"padding: 12px; border: 1px solid #ddd;\">Tek Modlu \u00c7ift Y\u00f6nl\u00fc (SM DX)<\/td>\n<td style=\"padding: 12px; border: 1px solid #ddd;\">E\u015f zamanl\u0131 \u00e7ift y\u00f6nl\u00fc veri<\/td>\n<\/tr>\n<tr>\n<td style=\"padding: 12px; border: 1px solid #ddd;\"><strong>Ekleme Kayb\u0131<\/strong><\/td>\n<td style=\"padding: 12px; border: 1px solid #ddd;\">\u2264 0,3 dB<\/td>\n<td style=\"padding: 12px; border: 1px solid #ddd;\">\u00dcst\u00fcn g\u00fc\u00e7 verimlili\u011fi<\/td>\n<\/tr>\n<tr style=\"background-color: #fdfdfd;\">\n<td style=\"padding: 12px; border: 1px solid #ddd;\"><strong>Geri D\u00f6n\u00fc\u015f Kayb\u0131<\/strong><\/td>\n<td style=\"padding: 12px; border: 1px solid #ddd;\">\u2265 50 dB<\/td>\n<td style=\"padding: 12px; border: 1px solid #ddd;\">Y\u00fcksek sinyal safl\u0131\u011f\u0131n\u0131 korur<\/td>\n<\/tr>\n<tr>\n<td style=\"padding: 12px; border: 1px solid #ddd;\"><strong>Dalga boyu<\/strong><\/td>\n<td style=\"padding: 12px; border: 1px solid #ddd;\">1310nm \/ 1490nm \/ 1550nm<\/td>\n<td style=\"padding: 12px; border: 1px solid #ddd;\">Evrensel OS2 deste\u011fi<\/td>\n<\/tr>\n<tr style=\"background-color: #fdfdfd;\">\n<td style=\"padding: 12px; border: 1px solid #ddd;\"><strong>Gerilim Dayan\u0131m\u0131<\/strong><\/td>\n<td style=\"padding: 12px; border: 1px solid #ddd;\">\u2265 200 N<\/td>\n<td style=\"padding: 12px; border: 1px solid #ddd;\">Dikey y\u00f6nlendirme i\u00e7in sa\u011flamla\u015ft\u0131r\u0131lm\u0131\u015ft\u0131r<\/td>\n<\/tr>\n<tr>\n<td style=\"padding: 12px; border: 1px solid #ddd;\"><strong>Ceket Malzemesi<\/strong><\/td>\n<td style=\"padding: 12px; border: 1px solid #ddd;\">LSZH (D\u00fc\u015f\u00fck Dumanl\u0131 S\u0131f\u0131r Halojen)<\/td>\n<td style=\"padding: 12px; border: 1px solid #ddd;\">K\u00fcresel yang\u0131n g\u00fcvenli\u011fi uyumlulu\u011fu<\/td>\n<\/tr>\n<\/tbody>\n<\/table>\n<h2 data-path-to-node=\"8\">Sistem Da\u011f\u0131t\u0131m\u0131 i\u00e7in Stratejik Avantajlar<\/h2>\n<h3 data-path-to-node=\"9\">1. Sa\u011flam Hibrit Kilitleme Mekanizmas\u0131<\/h3>\n<ul data-path-to-node=\"10\">\n<li>\n<p data-path-to-node=\"10,0,0\"><b data-path-to-node=\"10,0,0\" data-index-in-node=\"0\">FC\/UPC Son:<\/b> Di\u015fli metalik g\u00f6vde titre\u015fime dayan\u0131kl\u0131 bir ba\u011flant\u0131 sa\u011flar ve fiziksel g\u00fcvenli\u011fin \u00f6ncelikli oldu\u011fu ortamlar i\u00e7in idealdir.<\/p>\n<\/li>\n<li>\n<p data-path-to-node=\"10,1,0\"><b data-path-to-node=\"10,1,0\" data-index-in-node=\"0\">SC\/UPC Sonu:<\/b> Push-pull tasar\u0131m\u0131, standart Optik Da\u011f\u0131t\u0131m \u00c7er\u00e7evelerinde (ODF) ve ekipman raflar\u0131nda h\u0131zl\u0131 yama yap\u0131lmas\u0131n\u0131 sa\u011flar.<\/p>\n<\/li>\n<\/ul>\n<h3 data-path-to-node=\"11\">2. Full-Duplex Verimlilik<\/h3>\n<p data-path-to-node=\"12\">Bu <b data-path-to-node=\"12\" data-index-in-node=\"4\">Dubleks (DX)<\/b> mimarisi, iki teli tek bir kablo k\u0131l\u0131f\u0131na entegre ederek ayr\u0131 \u0130letim (TX) ve Alma (RX) yollar\u0131 gerektiren 10G\/40G Ethernet sistemleri i\u00e7in y\u00f6netimi kolayla\u015ft\u0131r\u0131r.<\/p>\n<h3 data-path-to-node=\"13\">3. M\u00fchendislik S\u0131n\u0131f\u0131 Yap\u0131 Kalitesi<\/h3>\n<p data-path-to-node=\"14\">Gerilme mukavemetinde derecelendirilmi\u015ftir <b data-path-to-node=\"14\" data-index-in-node=\"31\">\u2265 200N<\/b>, Bu jumper, kablo kanallar\u0131 ve kanallar arac\u0131l\u0131\u011f\u0131yla yo\u011fun kurulumun fiziksel stresine dayanacak \u015fekilde \u00fcretilmi\u015ftir. Hassas seramik y\u00fcks\u00fckler, t\u00fcm OS2 spektrumu boyunca minimum ekleme kayb\u0131 sa\u011flar.<\/p>\n<hr data-path-to-node=\"15\" \/>\n<h2 data-path-to-node=\"16\">Tedarik ve Envanter Deste\u011fi<\/h2>\n<ul data-path-to-node=\"17\">\n<li>\n<p data-path-to-node=\"17,0,0\"><b data-path-to-node=\"17,0,0\" data-index-in-node=\"0\">100% Kalite Onayl\u0131<\/b>: Her \u00fcnite, Ekleme Kayb\u0131 (IL) ve Geri D\u00f6n\u00fc\u015f Kayb\u0131 (RL) i\u00e7in ayr\u0131 ayr\u0131 fabrikada test edilmi\u015ftir.<\/p>\n<\/li>\n<li>\n<p data-path-to-node=\"17,1,0\"><b data-path-to-node=\"17,1,0\" data-index-in-node=\"0\">Proje Dok\u00fcmantasyonu<\/b>: Denetim gereksinimleri i\u00e7in bireysel test verileri ve 3D interferometri raporlar\u0131 mevcuttur.<\/p>\n<\/li>\n<li>\n<p data-path-to-node=\"17,2,0\"><b data-path-to-node=\"17,2,0\" data-index-in-node=\"0\">Toplu Sipari\u015f Kar\u015f\u0131lama<\/b>: Herhangi bir \u00fcr\u00fcn i\u00e7in h\u0131zl\u0131 teslimat s\u00fcrelerini kolayla\u015ft\u0131rmak i\u00e7in sa\u011flam bir standart uzunluk envanteri tutuyoruz <b data-path-to-node=\"17,2,0\" data-index-in-node=\"114\">Distrib\u00fct\u00f6r<\/b> veya <b data-path-to-node=\"17,2,0\" data-index-in-node=\"129\">\u0130hracat\u00e7\u0131<\/b>.<\/p>\n<\/li>\n<li>\n<p data-path-to-node=\"17,3,0\"><b data-path-to-node=\"17,3,0\" data-index-in-node=\"0\">OEM \u00d6zelle\u015ftirme<\/b>: \u00d6zel uzunluklar, \u00f6zel etiketleme ve de\u011fi\u015fen k\u0131l\u0131f \u00e7aplar\u0131 (2.0mm\/3.0mm) i\u00e7in esnek \u00fcretim mevcuttur.<\/p>\n<\/li>\n<\/ul>","protected":false},"excerpt":{"rendered":"<p data-path-to-node=\"1\">Bu <b data-path-to-node=\"1\" data-index-in-node=\"4\">FC\/UPC - SC\/UPC Tek Modlu \u00c7ift Y\u00f6nl\u00fc (SM DX)<\/b> di\u015fli FC tabanl\u0131 ekipman ile standart push-pull SC a\u011f ba\u011flant\u0131 noktalar\u0131 aras\u0131nda sorunsuz ge\u00e7i\u015fleri kolayla\u015ft\u0131rmak i\u00e7in tasarlanm\u0131\u015f y\u00fcksek kararl\u0131l\u0131\u011fa sahip bir hibrit atlama kablosudur. Bu \u201cMaviden Maviye\u201d \u00e7ift fiber kablo, a\u015fa\u011f\u0131dakiler i\u00e7in kritik bir ba\u011flant\u0131d\u0131r <b data-path-to-node=\"1\" data-index-in-node=\"266\">telekom merkez ofisleri, end\u00fcstriyel kontrol sistemleri ve kurumsal veri merkezleri<\/b> tam \u00e7ift y\u00f6nl\u00fc \u00e7ift y\u00f6nl\u00fc veri ak\u0131\u015f\u0131 gerektirir.<\/p>\n<p data-path-to-node=\"2\">Mekanik dayan\u0131kl\u0131l\u0131k ve d\u00fc\u015f\u00fck sinyal zay\u0131flamas\u0131na odaklanarak \u00fcretilen bu hibrit tertibat, y\u00fcksek kapasiteli OS2 tek modlu da\u011f\u0131t\u0131mlar i\u00e7in gereken tutarl\u0131 performans\u0131 sa\u011flar.<\/p>","protected":false},"featured_media":812,"comment_status":"open","ping_status":"closed","template":"","meta":[],"product_brand":[],"product_cat":[45],"product_tag":[],"class_list":{"0":"post-811","1":"product","2":"type-product","3":"status-publish","4":"has-post-thumbnail","6":"product_cat-single-mode-fiber-optic-patch-cord","8":"first","9":"instock","10":"shipping-taxable","11":"product-type-simple"},"_links":{"self":[{"href":"https:\/\/www.fenxifiber.com\/tr\/wp-json\/wp\/v2\/product\/811","targetHints":{"allow":["GET"]}}],"collection":[{"href":"https:\/\/www.fenxifiber.com\/tr\/wp-json\/wp\/v2\/product"}],"about":[{"href":"https:\/\/www.fenxifiber.com\/tr\/wp-json\/wp\/v2\/types\/product"}],"replies":[{"embeddable":true,"href":"https:\/\/www.fenxifiber.com\/tr\/wp-json\/wp\/v2\/comments?post=811"}],"wp:featuredmedia":[{"embeddable":true,"href":"https:\/\/www.fenxifiber.com\/tr\/wp-json\/wp\/v2\/media\/812"}],"wp:attachment":[{"href":"https:\/\/www.fenxifiber.com\/tr\/wp-json\/wp\/v2\/media?parent=811"}],"wp:term":[{"taxonomy":"product_brand","embeddable":true,"href":"https:\/\/www.fenxifiber.com\/tr\/wp-json\/wp\/v2\/product_brand?post=811"},{"taxonomy":"product_cat","embeddable":true,"href":"https:\/\/www.fenxifiber.com\/tr\/wp-json\/wp\/v2\/product_cat?post=811"},{"taxonomy":"product_tag","embeddable":true,"href":"https:\/\/www.fenxifiber.com\/tr\/wp-json\/wp\/v2\/product_tag?post=811"}],"curies":[{"name":"wp","href":"https:\/\/api.w.org\/{rel}","templated":true}]}}