{"id":813,"date":"2026-02-04T01:55:47","date_gmt":"2026-02-04T01:55:47","guid":{"rendered":"https:\/\/www.fenxifiber.com\/?post_type=product&#038;p=813"},"modified":"2026-02-04T02:30:31","modified_gmt":"2026-02-04T02:30:31","slug":"sc-upc-sc-upc-sm-dx","status":"publish","type":"product","link":"https:\/\/www.fenxifiber.com\/tr\/product\/sc-upc-sc-upc-sm-dx\/","title":{"rendered":"SC\/UPC - SC\/UPC Tek Modlu \u00c7ift Y\u00f6nl\u00fc Fiber Ba\u011flant\u0131 Kablosu | Toplu Sipari\u015fe Haz\u0131r"},"content":{"rendered":"<h2 data-path-to-node=\"4\">Teknik Performans Matrisi<\/h2>\n<table style=\"width: 100%; border-collapse: collapse; margin: 20px 0; font-family: Arial, sans-serif; border: 1px solid #ddd; font-size: 14px;\">\n<thead>\n<tr style=\"background-color: #f8f9fa; text-align: left;\">\n<th style=\"padding: 12px; border: 1px solid #ddd; color: #333;\">Performans Metri\u011fi<\/th>\n<th style=\"padding: 12px; border: 1px solid #ddd; color: #333;\">Teknik Standart<\/th>\n<th style=\"padding: 12px; border: 1px solid #ddd; color: #333;\">Kurulum Avantaj\u0131<\/th>\n<\/tr>\n<\/thead>\n<tbody>\n<tr>\n<td style=\"padding: 12px; border: 1px solid #ddd;\"><strong>Konekt\u00f6r Tipi<\/strong><\/td>\n<td style=\"padding: 12px; border: 1px solid #ddd;\">SC\/UPC'den SC\/UPC'ye<\/td>\n<td style=\"padding: 12px; border: 1px solid #ddd;\">Standartla\u015ft\u0131r\u0131lm\u0131\u015f itme-\u00e7ekme kilitleme<\/td>\n<\/tr>\n<tr style=\"background-color: #fdfdfd;\">\n<td style=\"padding: 12px; border: 1px solid #ddd;\"><strong>Fiber Modu<\/strong><\/td>\n<td style=\"padding: 12px; border: 1px solid #ddd;\">Tek Modlu \u00c7ift Y\u00f6nl\u00fc (SM DX)<\/td>\n<td style=\"padding: 12px; border: 1px solid #ddd;\">E\u015fzamanl\u0131 TX\/RX veri yolu<\/td>\n<\/tr>\n<tr>\n<td style=\"padding: 12px; border: 1px solid #ddd;\"><strong>Ekleme Kayb\u0131<\/strong><\/td>\n<td style=\"padding: 12px; border: 1px solid #ddd;\">\u2264 0,3 dB<\/td>\n<td style=\"padding: 12px; border: 1px solid #ddd;\">Uzun mesafeli ba\u011flant\u0131lar i\u00e7in optimize edilmi\u015ftir<\/td>\n<\/tr>\n<tr style=\"background-color: #fdfdfd;\">\n<td style=\"padding: 12px; border: 1px solid #ddd;\"><strong>Geri D\u00f6n\u00fc\u015f Kayb\u0131<\/strong><\/td>\n<td style=\"padding: 12px; border: 1px solid #ddd;\">\u2265 50 dB<\/td>\n<td style=\"padding: 12px; border: 1px solid #ddd;\">Y\u00fcksek sinyal b\u00fct\u00fcnl\u00fc\u011f\u00fcn\u00fc korur<\/td>\n<\/tr>\n<tr>\n<td style=\"padding: 12px; border: 1px solid #ddd;\"><strong>\u00c7al\u0131\u015fma Dalga Boyu<\/strong><\/td>\n<td style=\"padding: 12px; border: 1px solid #ddd;\">1310nm \/ 1490nm \/ 1550nm<\/td>\n<td style=\"padding: 12px; border: 1px solid #ddd;\">Tam OS2 spektrum uyumlulu\u011fu<\/td>\n<\/tr>\n<tr style=\"background-color: #fdfdfd;\">\n<td style=\"padding: 12px; border: 1px solid #ddd;\"><strong>\u00c7ekme Dayan\u0131m\u0131<\/strong><\/td>\n<td style=\"padding: 12px; border: 1px solid #ddd;\">\u2265 200 N<\/td>\n<td style=\"padding: 12px; border: 1px solid #ddd;\">Kanal kurulumu i\u00e7in sa\u011flamla\u015ft\u0131r\u0131lm\u0131\u015ft\u0131r<\/td>\n<\/tr>\n<tr>\n<td style=\"padding: 12px; border: 1px solid #ddd;\"><strong>Ceket De\u011ferlendirmesi<\/strong><\/td>\n<td style=\"padding: 12px; border: 1px solid #ddd;\">LSZH (D\u00fc\u015f\u00fck Dumanl\u0131 S\u0131f\u0131r Halojen)<\/td>\n<td style=\"padding: 12px; border: 1px solid #ddd;\">G\u00fcvenlik uyumlu i\u00e7 mekan kablolamas\u0131<\/td>\n<\/tr>\n<\/tbody>\n<\/table>\n<h2 data-path-to-node=\"8\">A\u011f Da\u011f\u0131t\u0131m\u0131 i\u00e7in Stratejik Avantajlar<\/h2>\n<h3 data-path-to-node=\"9\">1. G\u00fcvenilir \u0130tme-\u00c7ekme Mekanizmas\u0131<\/h3>\n<p data-path-to-node=\"10\">SC konnekt\u00f6r, kullan\u0131m kolayl\u0131\u011f\u0131 ve istikrarl\u0131 fiziksel ba\u011flant\u0131s\u0131 nedeniyle tercih edilmektedir. \u201c\u0130tme-\u00e7ekme\u201d mekanizmas\u0131, seramik y\u00fcks\u00fcklerin m\u00fckemmel \u015fekilde hizalanmas\u0131n\u0131 ve g\u00fcvenli bir \u015fekilde kilitlenmesini sa\u011flayarak y\u00fcksek trafikli da\u011f\u0131t\u0131m merkezleri ve ISP terminalleri i\u00e7in az bak\u0131m gerektiren bir \u00e7\u00f6z\u00fcm sunar.<\/p>\n<h3 data-path-to-node=\"11\">2. Y\u00fcksek Verimli \u00c7ift Y\u00f6nl\u00fc Yap\u0131land\u0131rma<\/h3>\n<p data-path-to-node=\"12\">Bu <b data-path-to-node=\"12\" data-index-in-node=\"4\">Dubleks (DX)<\/b> mimarisi, iki fiber \u015feridi tek bir d\u00fczene\u011fe entegre ederek \u00f6zel g\u00f6nderme ve alma yollar\u0131 sa\u011flar. Bu, standart Ethernet mimarileri i\u00e7in \u00e7ok \u00f6nemlidir ve ayr\u0131 simpleks u\u00e7lar kullanmaya k\u0131yasla kablo y\u00f6netimini basitle\u015ftirir.<\/p>\n<h3 data-path-to-node=\"13\">3. M\u00fchendislik S\u0131n\u0131f\u0131 Yap\u0131 Kalitesi<\/h3>\n<p data-path-to-node=\"14\">\u00c7ekme mukavemeti i\u00e7in derecelendirilmi\u015ftir <b data-path-to-node=\"14\" data-index-in-node=\"29\">\u2265 200N<\/b>, Bu jumperlar, dikey kanallardan ve kalabal\u0131k ba\u015f \u00fcst\u00fc tepsilerinden ge\u00e7irilmenin zorluklar\u0131na dayanacak \u015fekilde tasarlanm\u0131\u015ft\u0131r. Hassas parlatma, a\u011f genelinde sinyal g\u00fcc\u00fcn\u00fc koruyarak ultra d\u00fc\u015f\u00fck ekleme kayb\u0131 sa\u011flar.<\/p>\n<h3 data-path-to-node=\"15\">4. K\u00fcresel G\u00fcvenlik ve Uyumluluk<\/h3>\n<p data-path-to-node=\"16\">Kablolar\u0131m\u0131z sar\u0131 renktedir <b data-path-to-node=\"16\" data-index-in-node=\"28\">LSZH<\/b> ceket, i\u00e7 mekan ve devlet kurulumlar\u0131 i\u00e7in zorunludur. Bu malzeme, toksik halojen gazlar\u0131n a\u00e7\u0131\u011fa \u00e7\u0131kmamas\u0131n\u0131 ve a\u015f\u0131r\u0131 \u0131s\u0131 durumunda duman\u0131n minimum d\u00fczeyde tutulmas\u0131n\u0131 sa\u011flar.<\/p>\n<hr data-path-to-node=\"17\" \/>\n<h2 data-path-to-node=\"18\">Tedarik ve Sat\u0131n Alma Deste\u011fi<\/h2>\n<ul data-path-to-node=\"19\">\n<li>\n<p data-path-to-node=\"19,0,0\"><b data-path-to-node=\"19,0,0\" data-index-in-node=\"0\">100% Kalite Kontroll\u00fc<\/b>: Her patch cord, Ekleme Kayb\u0131 (IL) ve Geri D\u00f6n\u00fc\u015f Kayb\u0131 (RL) i\u00e7in ayr\u0131 ayr\u0131 fabrika testine tabi tutulur.<\/p>\n<\/li>\n<li>\n<p data-path-to-node=\"19,1,0\"><b data-path-to-node=\"19,1,0\" data-index-in-node=\"0\">Proje Dok\u00fcmantasyonu<\/b>: Test raporlar\u0131n\u0131z\u0131 ve 3D interferometri do\u011frulaman\u0131z\u0131 desteklemek i\u00e7in <b data-path-to-node=\"19,1,0\" data-index-in-node=\"98\">Kaynak Kullan\u0131m\u0131<\/b> ve uygunluk denetimleri.<\/p>\n<\/li>\n<li>\n<p data-path-to-node=\"19,2,0\"><b data-path-to-node=\"19,2,0\" data-index-in-node=\"0\">H\u0131zl\u0131 G\u00f6nderim<\/b>: Herhangi bir \u00fcr\u00fcn i\u00e7in standart uzunluklarda (1m, 2m, 3m, 5m, 10m) derin bir stok bulunduruyoruz. <b data-path-to-node=\"19,2,0\" data-index-in-node=\"94\">\u0130hracat\u00e7\u0131<\/b> veya <b data-path-to-node=\"19,2,0\" data-index-in-node=\"106\">Distrib\u00fct\u00f6r<\/b> h\u0131zl\u0131 sevkiyat gerektiriyor.<\/p>\n<\/li>\n<li>\n<p data-path-to-node=\"19,3,0\"><b data-path-to-node=\"19,3,0\" data-index-in-node=\"0\">\u00d6zel OEM Hizmeti<\/b>: Esnek \u00fcretim, \u00f6zel uzunluklara, \u00f6zel etiketlemeye ve de\u011fi\u015fen k\u0131l\u0131f \u00e7aplar\u0131na (2.0mm veya 3.0mm) izin verir.<\/p>\n<\/li>\n<\/ul>","protected":false},"excerpt":{"rendered":"<p data-path-to-node=\"1\"><span class=\"\">Bu <\/span><b class=\"\" data-path-to-node=\"1\" data-index-in-node=\"4\">SC\/UPC - SC\/UPC Tek Modlu \u00c7ift Y\u00f6nl\u00fc (SM DX)<\/b><span class=\"\"> k\u00fcresel fiber optik altyap\u0131s\u0131n\u0131n temel ta\u015flar\u0131ndan biridir,<\/span><span class=\"\"> y\u00fcksek kapasiteli veri a\u011flar\u0131 i\u00e7in g\u00fcvenilir ve standartla\u015ft\u0131r\u0131lm\u0131\u015f bir ba\u011flant\u0131 sa\u011flar.<\/span><span class=\"\"> Klasik mavi push-pull konekt\u00f6rlere sahiptir,<\/span><span class=\"\"> bu dubleks kablo, a\u015fa\u011f\u0131dakiler i\u00e7in birincil se\u00e7imdir <\/span><b class=\"\" data-path-to-node=\"1\" data-index-in-node=\"278\">Optik Da\u011f\u0131t\u0131m \u00c7er\u00e7eveleri (ODF), abone terminalleri ve kurumsal anahtarlama ortamlar\u0131<\/b><span class=\"\"> senkronize \u00e7ift y\u00f6nl\u00fc veri iletimi gerektirir.<\/span><\/p>\n<p data-path-to-node=\"2\"><span class=\"\">Y\u00fcksek hassasiyetli seramik y\u00fcks\u00fcklerle tasarlanm\u0131\u015ft\u0131r,<\/span><span class=\"\"> Bu OS2 tek modlu jumper, g\u00f6rev a\u00e7\u0131s\u0131ndan kritik telekom\u00fcnikasyon ba\u011flant\u0131lar\u0131 i\u00e7in minimum sinyal zay\u0131flamas\u0131 ve uzun vadeli mekanik stabilite sa\u011flar.<\/span><\/p>","protected":false},"featured_media":814,"comment_status":"open","ping_status":"closed","template":"","meta":[],"product_brand":[],"product_cat":[45],"product_tag":[],"class_list":{"0":"post-813","1":"product","2":"type-product","3":"status-publish","4":"has-post-thumbnail","6":"product_cat-single-mode-fiber-optic-patch-cord","8":"first","9":"instock","10":"shipping-taxable","11":"product-type-simple"},"_links":{"self":[{"href":"https:\/\/www.fenxifiber.com\/tr\/wp-json\/wp\/v2\/product\/813","targetHints":{"allow":["GET"]}}],"collection":[{"href":"https:\/\/www.fenxifiber.com\/tr\/wp-json\/wp\/v2\/product"}],"about":[{"href":"https:\/\/www.fenxifiber.com\/tr\/wp-json\/wp\/v2\/types\/product"}],"replies":[{"embeddable":true,"href":"https:\/\/www.fenxifiber.com\/tr\/wp-json\/wp\/v2\/comments?post=813"}],"wp:featuredmedia":[{"embeddable":true,"href":"https:\/\/www.fenxifiber.com\/tr\/wp-json\/wp\/v2\/media\/814"}],"wp:attachment":[{"href":"https:\/\/www.fenxifiber.com\/tr\/wp-json\/wp\/v2\/media?parent=813"}],"wp:term":[{"taxonomy":"product_brand","embeddable":true,"href":"https:\/\/www.fenxifiber.com\/tr\/wp-json\/wp\/v2\/product_brand?post=813"},{"taxonomy":"product_cat","embeddable":true,"href":"https:\/\/www.fenxifiber.com\/tr\/wp-json\/wp\/v2\/product_cat?post=813"},{"taxonomy":"product_tag","embeddable":true,"href":"https:\/\/www.fenxifiber.com\/tr\/wp-json\/wp\/v2\/product_tag?post=813"}],"curies":[{"name":"wp","href":"https:\/\/api.w.org\/{rel}","templated":true}]}}