{"id":815,"date":"2026-02-04T01:57:14","date_gmt":"2026-02-04T01:57:14","guid":{"rendered":"https:\/\/www.fenxifiber.com\/?post_type=product&#038;p=815"},"modified":"2026-02-04T02:37:20","modified_gmt":"2026-02-04T02:37:20","slug":"st-upc-st-upc-sm-dx","status":"publish","type":"product","link":"https:\/\/www.fenxifiber.com\/tr\/product\/st-upc-st-upc-sm-dx\/","title":{"rendered":"ST\/UPC - ST\/UPC Tek Modlu \u00c7ift Y\u00f6nl\u00fc Fiber Ba\u011flant\u0131 Kablosu | K\u00fcresel \u0130hracat\u00e7\u0131 S\u0131n\u0131f\u0131"},"content":{"rendered":"<h2 data-path-to-node=\"4\">Teknik Performans Matrisi<\/h2>\n<table style=\"width: 100%; border-collapse: collapse; margin: 20px 0; font-family: Arial, sans-serif; border: 1px solid #ddd; font-size: 14px;\">\n<thead>\n<tr style=\"background-color: #f8f9fa; text-align: left;\">\n<th style=\"padding: 12px; border: 1px solid #ddd; color: #333;\">Teknik Metrik<\/th>\n<th style=\"padding: 12px; border: 1px solid #ddd; color: #333;\">Standart \u015eartname<\/th>\n<th style=\"padding: 12px; border: 1px solid #ddd; color: #333;\">M\u00fchendislik Faydas\u0131<\/th>\n<\/tr>\n<\/thead>\n<tbody>\n<tr>\n<td style=\"padding: 12px; border: 1px solid #ddd;\"><strong>Konekt\u00f6r Tipi<\/strong><\/td>\n<td style=\"padding: 12px; border: 1px solid #ddd;\">ST\/UPC - ST\/UPC<\/td>\n<td style=\"padding: 12px; border: 1px solid #ddd;\">Metalik Bayonet B\u00fck\u00fcml\u00fc Kilit<\/td>\n<\/tr>\n<tr style=\"background-color: #fdfdfd;\">\n<td style=\"padding: 12px; border: 1px solid #ddd;\"><strong>Elyaf Kategorisi<\/strong><\/td>\n<td style=\"padding: 12px; border: 1px solid #ddd;\">Tek Modlu \u00c7ift Y\u00f6nl\u00fc (SM DX)<\/td>\n<td style=\"padding: 12px; border: 1px solid #ddd;\">\u00c7ift \u00e7ekirdekli \u00e7ift y\u00f6nl\u00fc veri yolu<\/td>\n<\/tr>\n<tr>\n<td style=\"padding: 12px; border: 1px solid #ddd;\"><strong>Ekleme Kayb\u0131<\/strong><\/td>\n<td style=\"padding: 12px; border: 1px solid #ddd;\">\u2264 0,3 dB<\/td>\n<td style=\"padding: 12px; border: 1px solid #ddd;\">Uzun ba\u011flant\u0131lar boyunca minimum g\u00fc\u00e7 kayb\u0131<\/td>\n<\/tr>\n<tr style=\"background-color: #fdfdfd;\">\n<td style=\"padding: 12px; border: 1px solid #ddd;\"><strong>Geri D\u00f6n\u00fc\u015f Kayb\u0131<\/strong><\/td>\n<td style=\"padding: 12px; border: 1px solid #ddd;\">\u2265 50 dB (UPC)<\/td>\n<td style=\"padding: 12px; border: 1px solid #ddd;\">Y\u00fcksek sinyal-g\u00fcr\u00fclt\u00fc oran\u0131<\/td>\n<\/tr>\n<tr>\n<td style=\"padding: 12px; border: 1px solid #ddd;\"><strong>\u00c7al\u0131\u015fma Dalga Boyu<\/strong><\/td>\n<td style=\"padding: 12px; border: 1px solid #ddd;\">1310nm \/ 1490nm \/ 1550nm<\/td>\n<td style=\"padding: 12px; border: 1px solid #ddd;\">Evrensel OS2 spektrum deste\u011fi<\/td>\n<\/tr>\n<tr style=\"background-color: #fdfdfd;\">\n<td style=\"padding: 12px; border: 1px solid #ddd;\"><strong>Gerilim Dayan\u0131m\u0131<\/strong><\/td>\n<td style=\"padding: 12px; border: 1px solid #ddd;\">\u2265 200 N<\/td>\n<td style=\"padding: 12px; border: 1px solid #ddd;\">Zorlu ortamlar i\u00e7in sa\u011flamla\u015ft\u0131r\u0131lm\u0131\u015ft\u0131r<\/td>\n<\/tr>\n<tr>\n<td style=\"padding: 12px; border: 1px solid #ddd;\"><strong>Ceket Malzemesi<\/strong><\/td>\n<td style=\"padding: 12px; border: 1px solid #ddd;\">LSZH (Sar\u0131)<\/td>\n<td style=\"padding: 12px; border: 1px solid #ddd;\">D\u00fc\u015f\u00fck duman, s\u0131f\u0131r halojen g\u00fcvenli\u011fi<\/td>\n<\/tr>\n<\/tbody>\n<\/table>\n<h2 data-path-to-node=\"11\">Stratejik \u0130hracat Avantajlar\u0131<\/h2>\n<h3 data-path-to-node=\"12\">1. \u00c7ok B\u00f6lgeli Uyumluluk (RoHS, REACH, CPR)<\/h3>\n<p data-path-to-node=\"13\">\u00dcr\u00fcnlerimiz a\u015fa\u011f\u0131dakilerle tamamen uyumludur <b data-path-to-node=\"13\" data-index-in-node=\"38\">RoHS (Tehlikeli Maddelerin K\u0131s\u0131tlanmas\u0131)<\/b> ve <b data-path-to-node=\"13\" data-index-in-node=\"85\">REACH<\/b> Avrupa Birli\u011fi, Kuzey Amerika ve di\u011fer d\u00fczenlenmi\u015f pazarlarda sorunsuz g\u00fcmr\u00fckleme i\u015flemlerini kolayla\u015ft\u0131r\u0131r. Bu <b data-path-to-node=\"13\" data-index-in-node=\"213\">LSZH<\/b> ceket Avrupa ile bulu\u015fuyor <b data-path-to-node=\"13\" data-index-in-node=\"240\">CPR (Yap\u0131 Malzemeleri Y\u00f6netmeli\u011fi)<\/b> i\u00e7 mekan kablolamas\u0131 i\u00e7in g\u00fcvenlik katmanlar\u0131.<\/p>\n<h3 data-path-to-node=\"14\">2. Standartla\u015ft\u0131r\u0131lm\u0131\u015f Metalik Bayonet Muhafaza<\/h3>\n<p data-path-to-node=\"15\">ST konnekt\u00f6rleri, \u201c\u00e7evir ve kilitle\u201d g\u00fcvenli ba\u011flant\u0131 sa\u011flayan nikel kaplama metalik bir muhafaza ile \u00fcretilmi\u015ftir. Bu evrensel tasar\u0131m a\u015fa\u011f\u0131dakiler i\u00e7in idealdir <b data-path-to-node=\"15\" data-index-in-node=\"153\">k\u00fcresel end\u00fcstri\u0307yel otomasyon<\/b> ve eski telekom y\u00fckseltmeleri, k\u00fcresel mekanik stres standartlar\u0131n\u0131 kar\u015f\u0131layan titre\u015fime dayan\u0131kl\u0131 bir aray\u00fcz sa\u011flar.<\/p>\n<h3 data-path-to-node=\"16\">3. Uzun Mesafeli Ba\u011flant\u0131lar i\u00e7in Full-Duplex Verimlilik<\/h3>\n<p data-path-to-node=\"17\">\u00c7ift Y\u00f6nl\u00fc (DX) yap\u0131land\u0131rma, 1G\/10G Ethernet uygulamalar\u0131 i\u00e7in gereken \u00e7ift y\u00f6nl\u00fc veri ak\u0131\u015f\u0131n\u0131 destekler. Birinci s\u0131n\u0131f OS2 tek modlu cam \u00e7ekirdekleri kullanarak, genellikle a\u015fa\u011f\u0131daki uygulamalarda gerekli olan uzun mesafelerde sinyal b\u00fct\u00fcnl\u00fc\u011f\u00fc sa\u011fl\u0131yoruz <b data-path-to-node=\"17\" data-index-in-node=\"229\">s\u0131n\u0131r \u00f6tesi altyap\u0131 ve kamp\u00fcs \u00e7ap\u0131nda a\u011flar<\/b>.<\/p>\n<h3 data-path-to-node=\"18\">4. \u00d6zel \u0130hracat Paketleme ve Koruma<\/h3>\n<p data-path-to-node=\"19\">Deniz veya hava ta\u015f\u0131mac\u0131l\u0131\u011f\u0131 s\u0131ras\u0131nda hasar\u0131 \u00f6nlemek i\u00e7in, her bir patch kablosu neme dayan\u0131kl\u0131 anti-statik torbalarda ayr\u0131 ayr\u0131 m\u00fch\u00fcrlenmi\u015ftir. Her g\u00f6nderi taranabilir etiketlerle etiketlenmi\u015ftir. <b data-path-to-node=\"19\" data-index-in-node=\"161\">Barkodlar ve Test Sonu\u00e7lar\u0131<\/b> (IL\/RL) i\u00e7in kabul s\u00fcrecini kolayla\u015ft\u0131rmak amac\u0131yla <b data-path-to-node=\"19\" data-index-in-node=\"235\">Uluslararas\u0131 Distrib\u00fct\u00f6rler ve Acenteler<\/b>.<\/p>\n<hr data-path-to-node=\"20\" \/>\n<h2 data-path-to-node=\"21\">K\u00fcresel Tedarik ve Yerine Getirme Deste\u011fi<\/h2>\n<ul data-path-to-node=\"22\">\n<li>\n<p data-path-to-node=\"22,0,0\"><b data-path-to-node=\"22,0,0\" data-index-in-node=\"0\">100% Fabrika Do\u011frulamas\u0131<\/b>: Her bir yama kablosu, ihracat i\u00e7in onaylanmadan \u00f6nce 3D interferometri ve optik testlerden ge\u00e7irilir.<\/p>\n<\/li>\n<li>\n<p data-path-to-node=\"22,1,0\"><b data-path-to-node=\"22,1,0\" data-index-in-node=\"0\">Denetime Haz\u0131r Dok\u00fcmantasyon<\/b>: Desteklemek i\u00e7in tam teknik veri sayfalar\u0131, COA (Analiz Sertifikas\u0131) ve bireysel test raporlar\u0131 sa\u011fl\u0131yoruz <b data-path-to-node=\"22,1,0\" data-index-in-node=\"136\">Kaynak Kullan\u0131m\u0131<\/b> ve devlet ihaleleri.<\/p>\n<\/li>\n<li>\n<p data-path-to-node=\"22,2,0\"><b data-path-to-node=\"22,2,0\" data-index-in-node=\"0\">Toplu Sipari\u015f Lojisti\u011fi<\/b>: H\u0131zl\u0131 teslimat s\u00fcrelerini desteklemek i\u00e7in standart uzunluklardan (1m ila 30m) olu\u015fan b\u00fcy\u00fck bir envanter bulunduruyoruz. <b data-path-to-node=\"22,2,0\" data-index-in-node=\"118\">B\u00fcy\u00fck \u00d6l\u00e7ekli Tedarik<\/b>.<\/p>\n<\/li>\n<li>\n<p data-path-to-node=\"22,3,0\"><b data-path-to-node=\"22,3,0\" data-index-in-node=\"0\">OEM \u00d6zelle\u015ftirme<\/b>: Yerel pazar gereksinimlerinize uyum sa\u011flamak i\u00e7in \u0131smarlama kablo renkleri, \u00f6zel bask\u0131l\u0131 etiketler ve belirli k\u0131l\u0131f \u00e7aplar\u0131 (2.0mm \/ 3.0mm) sunuyoruz.<\/p>\n<\/li>\n<\/ul>","protected":false},"excerpt":{"rendered":"<p data-path-to-node=\"1\">Bu <b data-path-to-node=\"1\" data-index-in-node=\"4\">ST\/UPC - ST\/UPC Tek Modlu \u00c7ift Y\u00f6nl\u00fc (SM DX)<\/b> y\u00fcksek mekanik tutuculuk gerektiren ortamlar i\u00e7in tasarlanm\u0131\u015f sa\u011flamla\u015ft\u0131r\u0131lm\u0131\u015f bir fiber optik ara ba\u011flant\u0131d\u0131r. Metalik, yayl\u0131 bir bayonet ba\u011flant\u0131 mekanizmas\u0131 kullanan bu \u201cMaviden Maviye\u201d \u00e7ift fiberli jumper, a\u015fa\u011f\u0131dakiler i\u00e7in end\u00fcstri standard\u0131d\u0131r <b data-path-to-node=\"1\" data-index-in-node=\"285\">end\u00fcstriyel otomasyon, kamp\u00fcs omurgalar\u0131 ve askeri s\u0131n\u0131f ileti\u015fim sistemleri<\/b> Titre\u015fim direncinin kritik oldu\u011fu yerlerde.<\/p>\n<p data-path-to-node=\"2\">OS2 tek modlu performans i\u00e7in optimize edilen bu \u00e7ift y\u00f6nl\u00fc tertibat, zorlu fiziksel ko\u015fullarda bile s\u00fcrekli \u00e7ift y\u00f6nl\u00fc veri ak\u0131\u015f\u0131 sa\u011flayan g\u00fcvenli bir \u201c\u00e7evir ve kilitle\u201d ba\u011flant\u0131s\u0131 sa\u011flar.<\/p>","protected":false},"featured_media":816,"comment_status":"open","ping_status":"closed","template":"","meta":[],"product_brand":[],"product_cat":[45],"product_tag":[],"class_list":{"0":"post-815","1":"product","2":"type-product","3":"status-publish","4":"has-post-thumbnail","6":"product_cat-single-mode-fiber-optic-patch-cord","8":"first","9":"instock","10":"shipping-taxable","11":"product-type-simple"},"_links":{"self":[{"href":"https:\/\/www.fenxifiber.com\/tr\/wp-json\/wp\/v2\/product\/815","targetHints":{"allow":["GET"]}}],"collection":[{"href":"https:\/\/www.fenxifiber.com\/tr\/wp-json\/wp\/v2\/product"}],"about":[{"href":"https:\/\/www.fenxifiber.com\/tr\/wp-json\/wp\/v2\/types\/product"}],"replies":[{"embeddable":true,"href":"https:\/\/www.fenxifiber.com\/tr\/wp-json\/wp\/v2\/comments?post=815"}],"wp:featuredmedia":[{"embeddable":true,"href":"https:\/\/www.fenxifiber.com\/tr\/wp-json\/wp\/v2\/media\/816"}],"wp:attachment":[{"href":"https:\/\/www.fenxifiber.com\/tr\/wp-json\/wp\/v2\/media?parent=815"}],"wp:term":[{"taxonomy":"product_brand","embeddable":true,"href":"https:\/\/www.fenxifiber.com\/tr\/wp-json\/wp\/v2\/product_brand?post=815"},{"taxonomy":"product_cat","embeddable":true,"href":"https:\/\/www.fenxifiber.com\/tr\/wp-json\/wp\/v2\/product_cat?post=815"},{"taxonomy":"product_tag","embeddable":true,"href":"https:\/\/www.fenxifiber.com\/tr\/wp-json\/wp\/v2\/product_tag?post=815"}],"curies":[{"name":"wp","href":"https:\/\/api.w.org\/{rel}","templated":true}]}}