{"id":817,"date":"2026-02-04T02:06:19","date_gmt":"2026-02-04T02:06:19","guid":{"rendered":"https:\/\/www.fenxifiber.com\/?post_type=product&#038;p=817"},"modified":"2026-02-04T02:40:57","modified_gmt":"2026-02-04T02:40:57","slug":"st-kapali-uclu-0-9mm-dokme-bilesenler","status":"publish","type":"product","link":"https:\/\/www.fenxifiber.com\/tr\/product\/st-closed-ended-0-9mm-bulk-components\/","title":{"rendered":"ST Kapal\u0131 U\u00e7lu 0,9mm D\u00f6kme Bile\u015fenler | Tier-1 Tedarik\u00e7i Fiyatland\u0131rmas\u0131"},"content":{"rendered":"<h2 class=\"\" data-path-to-node=\"7\">Teknik Performans Matrisi (M\u00fchendislik S\u0131n\u0131f\u0131)<\/h2>\n<table style=\"width: 100%; border-collapse: collapse; margin: 20px 0; font-family: Arial, sans-serif; border: 1px solid #ddd; font-size: 14px;\">\n<thead>\n<tr style=\"background-color: #f8f9fa; text-align: left;\">\n<th style=\"padding: 12px; border: 1px solid #ddd; color: #333;\">Bile\u015fen Metri\u011fi<\/th>\n<th style=\"padding: 12px; border: 1px solid #ddd; color: #333;\">Standart \u015eartname<\/th>\n<th style=\"padding: 12px; border: 1px solid #ddd; color: #333;\">K\u00fcresel Uyumluluk<\/th>\n<\/tr>\n<\/thead>\n<tbody>\n<tr>\n<td style=\"padding: 12px; border: 1px solid #ddd;\"><strong>Ba\u011flay\u0131c\u0131 Mimarisi<\/strong><\/td>\n<td style=\"padding: 12px; border: 1px solid #ddd;\">ST Kapal\u0131 U\u00e7lu Tip<\/td>\n<td style=\"padding: 12px; border: 1px solid #ddd;\">IEC 61754-2 \/ TIA-604-2<\/td>\n<\/tr>\n<tr style=\"background-color: #fdfdfd;\">\n<td style=\"padding: 12px; border: 1px solid #ddd;\"><strong>Fiber Uyumlulu\u011fu<\/strong><\/td>\n<td style=\"padding: 12px; border: 1px solid #ddd;\">0,9 mm S\u0131k\u0131 Tampon Fiber<\/td>\n<td style=\"padding: 12px; border: 1px solid #ddd;\">Kompakt Y\u00f6nlendirme i\u00e7in \u0130deal<\/td>\n<\/tr>\n<tr>\n<td style=\"padding: 12px; border: 1px solid #ddd;\"><strong>Y\u00fcks\u00fck Malzemesi<\/strong><\/td>\n<td style=\"padding: 12px; border: 1px solid #ddd;\">Zirkonya Seramik<\/td>\n<td style=\"padding: 12px; border: 1px solid #ddd;\">\u2264 0,5\u03bcm Konsantriklik<\/td>\n<\/tr>\n<tr style=\"background-color: #fdfdfd;\">\n<td style=\"padding: 12px; border: 1px solid #ddd;\"><strong>G\u00f6vde Malzemesi<\/strong><\/td>\n<td style=\"padding: 12px; border: 1px solid #ddd;\">Nikel Kaplamal\u0131 \u00c7inko Ala\u015f\u0131m<\/td>\n<td style=\"padding: 12px; border: 1px solid #ddd;\">Korozyona Dayan\u0131kl\u0131 (Tuz P\u00fcsk\u00fcrtme)<\/td>\n<\/tr>\n<tr>\n<td style=\"padding: 12px; border: 1px solid #ddd;\"><strong>Ekleme Kayb\u0131<\/strong><\/td>\n<td style=\"padding: 12px; border: 1px solid #ddd;\">\u2264 0,2 dB (Tipik)<\/td>\n<td style=\"padding: 12px; border: 1px solid #ddd;\">Y\u00fcksek Verimli Kaplin<\/td>\n<\/tr>\n<tr style=\"background-color: #fdfdfd;\">\n<td style=\"padding: 12px; border: 1px solid #ddd;\"><strong>\u00c7evre Standartlar\u0131<\/strong><\/td>\n<td style=\"padding: 12px; border: 1px solid #ddd;\">LSZH \u00c7izmeler \/ RoHS<\/td>\n<td style=\"padding: 12px; border: 1px solid #ddd;\">REACH \/ CE Sertifikal\u0131<\/td>\n<\/tr>\n<\/tbody>\n<\/table>\n<h2 data-path-to-node=\"11\">Toplu Tedarik i\u00e7in Stratejik Avantajlar<\/h2>\n<ul data-path-to-node=\"12\">\n<li>\n<p data-path-to-node=\"12,0,0\"><b data-path-to-node=\"12,0,0\" data-index-in-node=\"0\">Hassas Hizalama<\/b>: Zirkonya y\u00fcks\u00fcklerimiz ultra d\u00fc\u015f\u00fck konsantriklik hatas\u0131 i\u00e7in se\u00e7ilmi\u015ftir ve sahada sonland\u0131r\u0131lan kablolar\u0131n\u0131z\u0131n fabrika d\u00fczeyinde performans elde etmesini sa\u011flar.<\/p>\n<\/li>\n<li>\n<p data-path-to-node=\"12,1,0\"><b data-path-to-node=\"12,1,0\" data-index-in-node=\"0\">Sa\u011flamla\u015ft\u0131r\u0131lm\u0131\u015f Bayonet Kilit<\/b>: \u00c7evir-ve-kilitle mekanizmas\u0131, mekanik titre\u015fim ve darbelere kar\u015f\u0131 son derece dayan\u0131kl\u0131 olan sabit, bas\u0131n\u00e7l\u0131 bir fiziksel temas sa\u011flar.<\/p>\n<\/li>\n<li>\n<p data-path-to-node=\"12,2,0\"><b data-path-to-node=\"12,2,0\" data-index-in-node=\"0\">0,9 mm Fiber i\u00e7in Optimize Edildi<\/b>: Bagaj ve i\u00e7 k\u0131vr\u0131m muhafazas\u0131, mikro b\u00fck\u00fclmelere veya sinyal kayb\u0131na neden olmadan 0,9 mm tamponlar\u0131 kavramak i\u00e7in \u00f6zel olarak tasarlanm\u0131\u015ft\u0131r.<\/p>\n<\/li>\n<li>\n<p data-path-to-node=\"12,3,0\"><b data-path-to-node=\"12,3,0\" data-index-in-node=\"0\">Uygun Maliyetli Paketleme<\/b>: Toplu \u00fcniteler halinde mevcuttur (\u00f6rn. 100 adet\/set veya 1000 adet\/torba), ambalaj at\u0131\u011f\u0131n\u0131 azalt\u0131r ve birim ba\u015f\u0131na maliyeti d\u00fc\u015f\u00fcr\u00fcr. <b data-path-to-node=\"12,3,0\" data-index-in-node=\"145\">OEM \u00dcreticileri<\/b>.<\/p>\n<\/li>\n<\/ul>\n<hr data-path-to-node=\"13\" \/>\n<h2 data-path-to-node=\"14\">SSS (S\u0131k\u00e7a Sorulan Sorular)<\/h2>\n<p data-path-to-node=\"15\"><b data-path-to-node=\"15\" data-index-in-node=\"0\">S1: \u201cKapal\u0131 U\u00e7lu\u201d ve standart ST konnekt\u00f6rleri aras\u0131ndaki fark nedir?<\/b> <b data-path-to-node=\"15\" data-index-in-node=\"78\">A:<\/b> Kapal\u0131 U\u00e7lu tasar\u0131m, montaj i\u015flemi s\u0131ras\u0131nda dahili yay\u0131 ve y\u00fcks\u00fc\u011f\u00fc daha iyi koruyan ve y\u00fcksek titre\u015fimli ortamlarda e\u015fle\u015ftirildikten sonra daha istikrarl\u0131 bir mekanik yuva sa\u011flayan daha entegre bir muhafazaya sahiptir.<\/p>\n<p data-path-to-node=\"16\"><b data-path-to-node=\"16\" data-index-in-node=\"0\">S2: Bu bile\u015fenler \u00e7ok modlu fiber ile uyumlu mu?<\/b> <b data-path-to-node=\"16\" data-index-in-node=\"58\">A:<\/b> Bu \u00f6zel model Tek Modlu uygulamalar i\u00e7in optimize edilmi\u015f olsa da (y\u00fcksek hassasiyetli y\u00fcks\u00fck toleranslar\u0131 nedeniyle), \u00e7ok moda \u00f6zg\u00fc bile\u015fenler de sunuyoruz. L\u00fctfen sipari\u015f verirken fiber tipinizi belirtin <b data-path-to-node=\"16\" data-index-in-node=\"268\">Toplu Sipari\u015f<\/b>.<\/p>\n<p data-path-to-node=\"17\"><b data-path-to-node=\"17\" data-index-in-node=\"0\">S3: Fabrikan\u0131z bu ST bile\u015fenleri i\u00e7in montaj ara\u00e7lar\u0131 sa\u011fl\u0131yor mu?<\/b> <b data-path-to-node=\"17\" data-index-in-node=\"74\">A:<\/b> Evet, \u00f6nde gelen bir <b data-path-to-node=\"17\" data-index-in-node=\"95\">\u00dcretici firma<\/b>, ST bile\u015fen kitlerimiz i\u00e7in \u00f6zel olarak tasarlanm\u0131\u015f eksiksiz bir s\u0131kma aletleri, parlatma kitleri ve k\u00fcrleme f\u0131r\u0131nlar\u0131 yelpazesi sunuyoruz.<\/p>\n<p data-path-to-node=\"18\"><b data-path-to-node=\"18\" data-index-in-node=\"0\">S4: A\u011f\u0131m\u0131 renk kodlamas\u0131 i\u00e7in \u00f6zel \u00f6ny\u00fckleme renkleri talep edebilir miyim?<\/b> <b data-path-to-node=\"18\" data-index-in-node=\"66\">A:<\/b> Kesinlikle. Destekliyoruz <b data-path-to-node=\"18\" data-index-in-node=\"92\">OEM \u00f6zelle\u015ftirme<\/b>. Tek mod i\u00e7in sar\u0131 standart olsa da, projenizin tan\u0131mlama gereksinimlerini kar\u015f\u0131lamak i\u00e7in \u00e7e\u015fitli renklerde botlar sa\u011flayabiliriz.<\/p>\n<p data-path-to-node=\"19\"><b data-path-to-node=\"19\" data-index-in-node=\"0\">S5: Toplu Sipari\u015f i\u00e7in standart teslim s\u00fcresi nedir?<\/b> <b data-path-to-node=\"19\" data-index-in-node=\"53\">A:<\/b> Standart ST bile\u015fenleri i\u00e7in geni\u015f bir envanterimiz bulunmaktad\u0131r. Genellikle sipari\u015fler 3-5 i\u015f g\u00fcn\u00fc i\u00e7inde g\u00f6nderime haz\u0131r hale gelir.<\/p>","protected":false},"excerpt":{"rendered":"<p data-path-to-node=\"1\">Bu <b data-path-to-node=\"1\" data-index-in-node=\"4\">ST Kapal\u0131 U\u00e7lu 0,9mm D\u00f6kme Bile\u015fenler<\/b> y\u00fcksek hassasiyetli saha montaj\u0131 ve fabrika d\u00fczeyinde sonland\u0131rmalar i\u00e7in tasarlanm\u0131\u015ft\u0131r. \u00d6zellikle \u015funlar i\u00e7in tasarlanm\u0131\u015ft\u0131r <b data-path-to-node=\"1\" data-index-in-node=\"149\">0,9 mm s\u0131k\u0131 tamponlu fiberler<\/b>, Bu bile\u015fenler, g\u00fcvenli, titre\u015fime dayan\u0131kl\u0131 \u201c\u00e7evir ve kilitle\u201d ba\u011flant\u0131 sa\u011flayan sa\u011flamla\u015ft\u0131r\u0131lm\u0131\u015f metalik bayonet tarz\u0131 bir muhafazaya sahiptir. \u201cKapal\u0131 U\u00e7lu\u201d tasar\u0131m, dahili seramik y\u00fcks\u00fck i\u00e7in \u00fcst\u00fcn koruma sa\u011flayarak a\u015fa\u011f\u0131dakiler i\u00e7in ideal bir se\u00e7imdir <b data-path-to-node=\"1\" data-index-in-node=\"432\">end\u00fcstriyel sens\u00f6rler, askeri ileti\u015fim ba\u011flant\u0131lar\u0131 ve y\u00fcksek kararl\u0131l\u0131\u011fa sahip telekom\u00fcnikasyon ODF'leri<\/b>.<\/p>\n<p data-path-to-node=\"2\">\u00d6zel bir toplu teklif olarak bu bile\u015fenler, tutarl\u0131 mekanik toleranslar ve sahada montaj kolayl\u0131\u011f\u0131 gerektiren y\u00fcksek hacimli entegrat\u00f6rler i\u00e7in optimize edilmi\u015ftir.<\/p>","protected":false},"featured_media":818,"comment_status":"open","ping_status":"closed","template":"","meta":[],"product_brand":[],"product_cat":[29],"product_tag":[],"class_list":{"0":"post-817","1":"product","2":"type-product","3":"status-publish","4":"has-post-thumbnail","6":"product_cat-st-connector","8":"first","9":"instock","10":"shipping-taxable","11":"product-type-simple"},"_links":{"self":[{"href":"https:\/\/www.fenxifiber.com\/tr\/wp-json\/wp\/v2\/product\/817","targetHints":{"allow":["GET"]}}],"collection":[{"href":"https:\/\/www.fenxifiber.com\/tr\/wp-json\/wp\/v2\/product"}],"about":[{"href":"https:\/\/www.fenxifiber.com\/tr\/wp-json\/wp\/v2\/types\/product"}],"replies":[{"embeddable":true,"href":"https:\/\/www.fenxifiber.com\/tr\/wp-json\/wp\/v2\/comments?post=817"}],"wp:featuredmedia":[{"embeddable":true,"href":"https:\/\/www.fenxifiber.com\/tr\/wp-json\/wp\/v2\/media\/818"}],"wp:attachment":[{"href":"https:\/\/www.fenxifiber.com\/tr\/wp-json\/wp\/v2\/media?parent=817"}],"wp:term":[{"taxonomy":"product_brand","embeddable":true,"href":"https:\/\/www.fenxifiber.com\/tr\/wp-json\/wp\/v2\/product_brand?post=817"},{"taxonomy":"product_cat","embeddable":true,"href":"https:\/\/www.fenxifiber.com\/tr\/wp-json\/wp\/v2\/product_cat?post=817"},{"taxonomy":"product_tag","embeddable":true,"href":"https:\/\/www.fenxifiber.com\/tr\/wp-json\/wp\/v2\/product_tag?post=817"}],"curies":[{"name":"wp","href":"https:\/\/api.w.org\/{rel}","templated":true}]}}