{"id":833,"date":"2026-02-04T02:20:38","date_gmt":"2026-02-04T02:20:38","guid":{"rendered":"https:\/\/www.fenxifiber.com\/?post_type=product&#038;p=833"},"modified":"2026-02-04T02:56:52","modified_gmt":"2026-02-04T02:56:52","slug":"sc-upc-apc-2-0-3-0mm-tum-plasti%cc%87k-kivrim-sti%cc%87li%cc%87","status":"publish","type":"product","link":"https:\/\/www.fenxifiber.com\/tr\/product\/sc-upc-to-apc-2-0-3-0mm-all-plastic-crimp-style\/","title":{"rendered":"SC UPC - APC Hibrit 2.0\/3.0mm Tamamen Plastik K\u0131vr\u0131ml\u0131 Stil"},"content":{"rendered":"<h3 data-path-to-node=\"4\">\ud83e\uddea Hibrit M\u00fchendislik: UPC-APC Aray\u00fcz\u00fc<\/h3>\n<p data-path-to-node=\"5\">Modern fiber a\u011flarda, Ultra Fiziksel Temastan (UPC) A\u00e7\u0131l\u0131 Fiziksel Temasa (APC) ge\u00e7i\u015f, potansiyel sinyal bozulmas\u0131n\u0131n kritik bir noktas\u0131d\u0131r. Hibrit bile\u015fenlerimiz bu aray\u00fcz\u00fc cerrahi bir hassasiyetle y\u00f6netmek \u00fczere tasarlanm\u0131\u015ft\u0131r.<\/p>\n<ul data-path-to-node=\"6\">\n<li>\n<p data-path-to-node=\"6,0,0\"><b data-path-to-node=\"6,0,0\" data-index-in-node=\"0\">APC Avantaj\u0131 (8\u00b0 A\u00e7\u0131):<\/b> APC taraf\u0131, hassas ta\u015flanm\u0131\u015f 8 derecelik a\u00e7\u0131l\u0131 bir u\u00e7 y\u00fczeye sahiptir. Bu, yans\u0131yan herhangi bir \u0131\u015f\u0131\u011f\u0131n lazer kayna\u011f\u0131na geri d\u00f6nmek yerine fiber kaplamaya ba\u011flanmas\u0131n\u0131 sa\u011flayarak a\u015fa\u011f\u0131daki de\u011ferlerde bir geri d\u00f6n\u00fc\u015f kayb\u0131 elde edilmesini sa\u011flar <b data-path-to-node=\"6,0,0\" data-index-in-node=\"237\">\u226560dB<\/b>.<\/p>\n<\/li>\n<li>\n<p data-path-to-node=\"6,1,0\"><b data-path-to-node=\"6,1,0\" data-index-in-node=\"0\">UPC \u0130stikrar\u0131:<\/b> UPC taraf\u0131, y\u00fcksek kaliteli k\u00fcresel bir cila sa\u011flayarak a\u015fa\u011f\u0131daki de\u011ferlerde bir geri d\u00f6n\u00fc\u015f kayb\u0131 sa\u011flar <b data-path-to-node=\"6,1,0\" data-index-in-node=\"100\">\u226550dB<\/b>, A\u015f\u0131r\u0131 geri yans\u0131ma bast\u0131rman\u0131n birincil endi\u015fe kayna\u011f\u0131 olmad\u0131\u011f\u0131 ancak d\u00fc\u015f\u00fck ekleme kayb\u0131n\u0131n zorunlu oldu\u011fu dijital sinyal iletimi i\u00e7in idealdir.<\/p>\n<\/li>\n<li>\n<p data-path-to-node=\"6,2,0\"><b data-path-to-node=\"6,2,0\" data-index-in-node=\"0\">\u00c7apraz Uyumluluk:<\/b> Bu hibrit kurulum, t\u00fcketici s\u0131n\u0131f\u0131 y\u00f6nlendiricileri (genellikle UPC) ta\u015f\u0131y\u0131c\u0131 s\u0131n\u0131f\u0131 besleme hatlar\u0131na (APC'de standartla\u015ft\u0131r\u0131lm\u0131\u015ft\u0131r) ba\u011flamak i\u00e7in standartt\u0131r.<\/p>\n<\/li>\n<\/ul>\n<hr data-path-to-node=\"7\" \/>\n<h3 data-path-to-node=\"8\">\ud83d\udee0 Tamam\u0131 Plastik K\u0131vr\u0131m Teknolojisi<\/h3>\n<p data-path-to-node=\"9\">\u201cTamamen Plastik\u201d tan\u0131m\u0131, metal durdurucular yerine y\u00fcksek performansl\u0131 m\u00fchendislik polimerleri kullanan dahili tutma mekanizmas\u0131n\u0131 ifade eder. Bu tasar\u0131m tercihi, belirli da\u011f\u0131t\u0131m senaryolar\u0131 i\u00e7in \u00e7e\u015fitli benzersiz avantajlar sunar:<\/p>\n<p data-path-to-node=\"10\"><b data-path-to-node=\"10\" data-index-in-node=\"0\">1. Hafif Yap\u0131sal B\u00fct\u00fcnl\u00fck<\/b> \u0130\u00e7 k\u0131vr\u0131ml\u0131 g\u00f6vde i\u00e7in ultra sert, alev geciktirici plastikler kullan\u0131larak, konekt\u00f6r daha d\u00fc\u015f\u00fck bir a\u011f\u0131rl\u0131k profilini korur. Bu, y\u00fcksek yo\u011funluklu ODF'lerdeki (Optik Da\u011f\u0131t\u0131m \u00c7er\u00e7eveleri) hassas fiber ba\u011flant\u0131 noktalar\u0131 \u00fczerindeki mekanik y\u00fck\u00fc azalt\u0131r.<\/p>\n<p data-path-to-node=\"11\"><b data-path-to-node=\"11\" data-index-in-node=\"0\">2. A\u015f\u0131nd\u0131r\u0131c\u0131 Olmayan Mimari<\/b> Metal bile\u015fenlerin zamanla oksitlenebilece\u011fi y\u00fcksek nemli veya kimyasal maddelere maruz kal\u0131nan ortamlarda All-Plastic Crimp inert kal\u0131r. Bu da onu k\u0131y\u0131 tesisatlar\u0131 ve end\u00fcstriyel tesis ortamlar\u0131 i\u00e7in \u00fcst\u00fcn bir se\u00e7im haline getirir.<\/p>\n<p data-path-to-node=\"12\"><b data-path-to-node=\"12\" data-index-in-node=\"0\">3. Hassas Mandallama ve \u201cPistonlama\u201d \u00d6nleme<\/b> Tamamen plastik olmas\u0131na ra\u011fmen, i\u00e7 klips sistemi mikron d\u00fczeyinde toleranslarla kal\u0131planm\u0131\u015ft\u0131r. Zirkonya y\u00fcks\u00fc\u011f\u00fc sabit bir eksenel konuma kilitleyerek -40\u00b0C ila +75\u00b0C aras\u0131ndaki s\u0131cakl\u0131k d\u00f6ng\u00fcleri s\u0131ras\u0131nda \u201cpistonlama\u201d etkisini (y\u00fcks\u00fc\u011f\u00fcn ileri ve geri hareketi) \u00f6nler.<\/p>\n<p data-path-to-node=\"13\"><b data-path-to-node=\"13\" data-index-in-node=\"0\">4. \u00c7ift \u00c7apl\u0131 \u00c7izme Sistemi<\/b> Birlikte verilen botlar konik bir i\u00e7 geometri ile tasarlanm\u0131\u015ft\u0131r. Bu, tek bir kitin her ikisi i\u00e7in de profesyonel gerilim azaltma sa\u011flamas\u0131na olanak tan\u0131r <b data-path-to-node=\"13\" data-index-in-node=\"169\">2.0mm<\/b> yama u\u00e7lar\u0131 ve <b data-path-to-node=\"13\" data-index-in-node=\"191\">3.0mm<\/b> a\u011f\u0131r hizmet tipi k\u0131l\u0131fl\u0131 kablolar, b\u00fcy\u00fck \u00f6l\u00e7ekli da\u011f\u0131t\u0131mlar i\u00e7in envanter y\u00f6netimini basitle\u015ftirir.<\/p>\n<hr data-path-to-node=\"14\" \/>\n<h3 data-path-to-node=\"15\">\ud83d\udcc8 Teknik Parametre Derin Dal\u0131\u015f\u0131<\/h3>\n<ul data-path-to-node=\"16\">\n<li>\n<p data-path-to-node=\"16,0,0\"><b data-path-to-node=\"16,0,0\" data-index-in-node=\"0\">Optik Hassasiyet:<\/b> 'lik e\u015fmerkezlilik hatas\u0131na sahip y\u00fcksek kaliteli Zirkonya seramik y\u00fcks\u00fck i\u00e7erir. <b data-path-to-node=\"16,0,0\" data-index-in-node=\"96\">\u22640,5\u03bcm<\/b>, Bu sayede \u0131\u015f\u0131k \u00e7ekirde\u011finin birle\u015ftirme s\u0131ras\u0131nda m\u00fckemmel \u015fekilde ortalanmas\u0131 sa\u011flan\u0131r.<\/p>\n<\/li>\n<li>\n<p data-path-to-node=\"16,1,0\"><b data-path-to-node=\"16,1,0\" data-index-in-node=\"0\">Ekleme Kayb\u0131 Profili:<\/b> Ortalama bir kay\u0131p i\u00e7in optimize edilmi\u015ftir <b data-path-to-node=\"16,1,0\" data-index-in-node=\"57\">\u22640,20dB<\/b>, standart TIA\/EIA-568 gereksinimlerini \u00f6nemli \u00f6l\u00e7\u00fcde a\u015fmaktad\u0131r.<\/p>\n<\/li>\n<li>\n<p data-path-to-node=\"16,2,0\"><b data-path-to-node=\"16,2,0\" data-index-in-node=\"0\">\u00c7ekme G\u00fcvenilirli\u011fi:<\/b> S\u0131kma mekanizmas\u0131, a\u015fa\u011f\u0131daki \u00e7ekme mukavemeti i\u00e7in derecelendirilmi\u015ftir <b data-path-to-node=\"16,2,0\" data-index-in-node=\"73\">\u2265100N<\/b>, Bu sayede kablo kazara \u00e7ekilse veya a\u011f\u0131r y\u00f6nlendirme gerilimine maruz kalsa bile fiberin ba\u011fl\u0131 kalmas\u0131n\u0131 sa\u011flar.<\/p>\n<\/li>\n<li>\n<p data-path-to-node=\"16,3,0\"><b data-path-to-node=\"16,3,0\" data-index-in-node=\"0\">Malzeme G\u00fcvenli\u011fi:<\/b> T\u00fcm g\u00f6vde ve bagaj tertibat\u0131 \u015fu malzemelerden \u00fcretilmi\u015ftir <b data-path-to-node=\"16,3,0\" data-index-in-node=\"76\">UL 94V-0 s\u0131n\u0131f\u0131<\/b> RoHS ve REACH k\u00fcresel \u00e7evre standartlar\u0131na uygun, alev geciktirici malzemeler.<\/p>\n<\/li>\n<\/ul>\n<hr data-path-to-node=\"17\" \/>\n<h3 data-path-to-node=\"18\">\ud83d\udca1 SSS: Tamamen Plastik Hibrit Seriyi Anlamak<\/h3>\n<p data-path-to-node=\"19\"><b data-path-to-node=\"19\" data-index-in-node=\"0\">S: Ne zaman \u201cMetal Stop\u201d versiyonu yerine \u201cTamamen Plastik K\u0131vr\u0131m\u201d versiyonunu se\u00e7meliyim?<\/b> <b data-path-to-node=\"19\" data-index-in-node=\"75\">A:<\/b> Tamamen Plastik versiyon, a\u011f\u0131rl\u0131k ve korozyon direncinin a\u015f\u0131r\u0131 end\u00fcstriyel s\u0131n\u0131f ezilme direncinden daha \u00f6nemli oldu\u011fu standart i\u00e7 mekan da\u011f\u0131t\u0131mlar\u0131 ve maliyete duyarl\u0131 projeler i\u00e7in idealdir. Metal durduruculu versiyonlarla ayn\u0131 optik performans\u0131 sa\u011flar ancak daha rekabet\u00e7i bir fiyat noktas\u0131ndad\u0131r.<\/p>\n<p data-path-to-node=\"20\"><b data-path-to-node=\"20\" data-index-in-node=\"0\">S: Hibrit UPC\/APC kurulumu neden gereklidir?<\/b> <b data-path-to-node=\"20\" data-index-in-node=\"46\">A:<\/b> Bir\u00e7ok modern a\u011f, harici tesis i\u00e7in APC kullan\u0131r (y\u00fcksek g\u00fc\u00e7l\u00fc sinyalleri i\u015flemek ve yans\u0131malar\u0131 \u00f6nlemek i\u00e7in) ancak dahili anahtarlama i\u00e7in UPC donan\u0131m\u0131n\u0131 kullan\u0131r. Bu bile\u015fenler, hantal adapt\u00f6rler kullanmadan bu iki farkl\u0131 standart aras\u0131nda k\u00f6pr\u00fc kurmak i\u00e7in \u00f6zel uzunlukta hibrit yama kablolar\u0131 veya pigtailler olu\u015fturman\u0131za olanak tan\u0131r.<\/p>\n<p data-path-to-node=\"21\"><b data-path-to-node=\"21\" data-index-in-node=\"0\">S: All-Plastic stili i\u00e7in \u00f6zel bir s\u0131kma aleti gerekli mi?<\/b> <b data-path-to-node=\"21\" data-index-in-node=\"66\">A:<\/b> Bu bile\u015fenler SC konnekt\u00f6rleri i\u00e7in kullan\u0131lan standart alt\u0131gen s\u0131kma aletleriyle uyumludur. Plastik i\u00e7 g\u00f6vde, Kevlar mukavemet elemanlar\u0131 \u00fczerinde kal\u0131c\u0131, y\u00fcksek s\u00fcrt\u00fcnmeli bir kilit olu\u015fturmak i\u00e7in metal s\u0131kma man\u015fonunun bas\u0131nc\u0131 alt\u0131nda hafif\u00e7e deforme olacak \u015fekilde tasarlanm\u0131\u015ft\u0131r.<\/p>\n<p data-path-to-node=\"22\"><b data-path-to-node=\"22\" data-index-in-node=\"0\">S: Bunlar Multimode fiber i\u00e7in kullan\u0131labilir mi?<\/b> <b data-path-to-node=\"22\" data-index-in-node=\"42\">A:<\/b> Mekanik g\u00f6vde uysa da, APC (Ye\u015fil) neredeyse sadece Tek modlu fiber i\u00e7in kullan\u0131l\u0131r. \u00c7ok modlu bir fiberde APC konnekt\u00f6r kullan\u0131lmas\u0131, 8 derecelik a\u00e7\u0131 uyumsuzlu\u011fu nedeniyle son derece y\u00fcksek ekleme kayb\u0131na neden olur. Multimode i\u00e7in standart SC UPC (Bej\/Aqua) All-Plastic serimizi \u00f6neriyoruz.<\/p>","protected":false},"excerpt":{"rendered":"<p data-path-to-node=\"1\">Bu <b data-path-to-node=\"1\" data-index-in-node=\"4\">SC UPC - APC Hibrit Tamam\u0131 Plastik K\u0131vr\u0131ml\u0131 Stil<\/b> sistemi, y\u00fcksek yo\u011funluklu optik a\u011flarda kesintisiz sinyal ge\u00e7i\u015fleri i\u00e7in tasarlanm\u0131\u015f \u00f6zel bir \u00e7\u00f6z\u00fcmd\u00fcr. Standart pigtaillerin aksine, bu <b data-path-to-node=\"1\" data-index-in-node=\"192\">Tamamen Plastik K\u0131vr\u0131m<\/b> mimarisi, mekanik stabiliteden \u00f6d\u00fcn vermeden maliyeti optimize eden hafif ancak y\u00fcksek mukavemetli bir sonland\u0131rma y\u00f6ntemi sunar. Mavi (UPC) ve Ye\u015fil (APC) aray\u00fczler aras\u0131ndaki bo\u015flu\u011fu doldurmak i\u00e7in \u00f6zel olarak tasarlanm\u0131\u015ft\u0131r, bu da onu a\u015fa\u011f\u0131dakiler i\u00e7in \u00f6nemli bir bile\u015fen haline getirir <b data-path-to-node=\"1\" data-index-in-node=\"475\">hibrit patch cord \u00fcretimi, GPON\/EPON altyap\u0131s\u0131 ve laboratuvar test ortamlar\u0131<\/b>.<\/p>\n<p data-path-to-node=\"2\">Bu seri, teknisyenlerin 2,0 mm veya 3,0 mm ceketli fiberi do\u011frudan hibrit bir konfig\u00fcrasyona sonland\u0131rmas\u0131na olanak tan\u0131yan \u00f6zel bir pigtail tarz\u0131 montaj kiti sa\u011flayarak a\u011f mimarisinin cila t\u00fcrlerini de\u011fi\u015ftirdi\u011fi yerlerde geri yans\u0131malar\u0131n tam olarak y\u00f6netilmesini sa\u011flar.<\/p>","protected":false},"featured_media":835,"comment_status":"open","ping_status":"closed","template":"","meta":[],"product_brand":[],"product_cat":[46],"product_tag":[],"class_list":{"0":"post-833","1":"product","2":"type-product","3":"status-publish","4":"has-post-thumbnail","6":"product_cat-field-assembled-pigtail-crimp-type","8":"first","9":"instock","10":"shipping-taxable","11":"product-type-simple"},"_links":{"self":[{"href":"https:\/\/www.fenxifiber.com\/tr\/wp-json\/wp\/v2\/product\/833","targetHints":{"allow":["GET"]}}],"collection":[{"href":"https:\/\/www.fenxifiber.com\/tr\/wp-json\/wp\/v2\/product"}],"about":[{"href":"https:\/\/www.fenxifiber.com\/tr\/wp-json\/wp\/v2\/types\/product"}],"replies":[{"embeddable":true,"href":"https:\/\/www.fenxifiber.com\/tr\/wp-json\/wp\/v2\/comments?post=833"}],"wp:featuredmedia":[{"embeddable":true,"href":"https:\/\/www.fenxifiber.com\/tr\/wp-json\/wp\/v2\/media\/835"}],"wp:attachment":[{"href":"https:\/\/www.fenxifiber.com\/tr\/wp-json\/wp\/v2\/media?parent=833"}],"wp:term":[{"taxonomy":"product_brand","embeddable":true,"href":"https:\/\/www.fenxifiber.com\/tr\/wp-json\/wp\/v2\/product_brand?post=833"},{"taxonomy":"product_cat","embeddable":true,"href":"https:\/\/www.fenxifiber.com\/tr\/wp-json\/wp\/v2\/product_cat?post=833"},{"taxonomy":"product_tag","embeddable":true,"href":"https:\/\/www.fenxifiber.com\/tr\/wp-json\/wp\/v2\/product_tag?post=833"}],"curies":[{"name":"wp","href":"https:\/\/api.w.org\/{rel}","templated":true}]}}