{"id":836,"date":"2026-02-04T02:25:08","date_gmt":"2026-02-04T02:25:08","guid":{"rendered":"https:\/\/www.fenxifiber.com\/?post_type=product&#038;p=836"},"modified":"2026-02-04T02:46:29","modified_gmt":"2026-02-04T02:46:29","slug":"sc-duplex-2-0-3-0mm-upc-apc-hibrit-cok-modlu","status":"publish","type":"product","link":"https:\/\/www.fenxifiber.com\/tr\/product\/sc-duplex-2-0-3-0mm-upc-apc-hybrid-multimode\/","title":{"rendered":"SC Duplex 2.0\/3.0mm UPC\/APC Hibrit \u00c7ok Modlu"},"content":{"rendered":"<h2 data-path-to-node=\"8\">\ud83d\udcca Teknik Performans matrisi<\/h2>\n<table style=\"width: 100%; border-collapse: separate; border-spacing: 0; margin: 20px 0; border: 1px solid #e1e1e1; border-radius: 8px; overflow: hidden; font-family: 'Segoe UI', Arial, sans-serif;\">\n<thead style=\"background-color: #2c3e50; color: white;\">\n<tr>\n<th style=\"padding: 15px; text-align: left;\">Parametre<\/th>\n<th style=\"padding: 15px; text-align: left;\">Tek modlu (UPC\/APC)<\/th>\n<th style=\"padding: 12px; text-align: left;\">\u00c7ok Modlu (OM1-OM4)<\/th>\n<\/tr>\n<\/thead>\n<tbody>\n<tr style=\"background-color: #ffffff;\">\n<td style=\"padding: 12px; border-bottom: 1px solid #eee;\"><strong>Ekleme Kayb\u0131 (IL)<\/strong><\/td>\n<td style=\"padding: 12px; border-bottom: 1px solid #eee;\">\u2264 0,20 dB (Tipik)<\/td>\n<td style=\"padding: 12px; border-bottom: 1px solid #eee;\">\u2264 0,25 dB (Tipik)<\/td>\n<\/tr>\n<tr style=\"background-color: #fcfcfc;\">\n<td style=\"padding: 12px; border-bottom: 1px solid #eee;\"><strong>Geri D\u00f6n\u00fc\u015f Kayb\u0131 (RL)<\/strong><\/td>\n<td style=\"padding: 12px; border-bottom: 1px solid #eee;\">UPC \u2265 50dB | APC \u2265 60dB<\/td>\n<td style=\"padding: 12px; border-bottom: 1px solid #eee;\">\u2265 35 dB<\/td>\n<\/tr>\n<tr style=\"background-color: #ffffff;\">\n<td style=\"padding: 12px; border-bottom: 1px solid #eee;\"><strong>Dayan\u0131kl\u0131l\u0131k<\/strong><\/td>\n<td style=\"padding: 12px; border-bottom: 1px solid #eee;\">&gt; 1000 \u00c7iftle\u015fme D\u00f6ng\u00fcs\u00fc<\/td>\n<td style=\"padding: 12px; border-bottom: 1px solid #eee;\">&gt; 1000 \u00c7iftle\u015fme D\u00f6ng\u00fcs\u00fc<\/td>\n<\/tr>\n<tr style=\"background-color: #fcfcfc;\">\n<td style=\"padding: 12px; border-bottom: 1px solid #eee;\"><strong>\u00c7ekme Dayan\u0131m\u0131<\/strong><\/td>\n<td style=\"padding: 12px; border-bottom: 1px solid #eee;\">\u2265 100N (2.0\/3.0mm)<\/td>\n<td style=\"padding: 12px; border-bottom: 1px solid #eee;\">\u2265 100N (2.0\/3.0mm)<\/td>\n<\/tr>\n<tr style=\"background-color: #ffffff;\">\n<td style=\"padding: 12px;\"><strong>\u00c7al\u0131\u015fma S\u0131cakl\u0131\u011f\u0131<\/strong><\/td>\n<td style=\"padding: 12px;\">-40\u00b0C ila +85\u00b0C<\/td>\n<td style=\"padding: 12px;\">-40\u00b0C ila +75\u00b0C<\/td>\n<\/tr>\n<\/tbody>\n<\/table>\n<h2 data-path-to-node=\"12\">\ud83d\udca1 Uygulama Bilgileri &amp; SSS<\/h2>\n<p data-path-to-node=\"13\"><b data-path-to-node=\"13\" data-index-in-node=\"0\">S: Renk kodlar\u0131 fiber tiplerine nas\u0131l kar\u015f\u0131l\u0131k geliyor?<\/b> <b data-path-to-node=\"13\" data-index-in-node=\"57\">A:<\/b> Uluslararas\u0131 TIA standartlar\u0131n\u0131 takip ediyoruz:<\/p>\n<ul data-path-to-node=\"14\">\n<li>\n<p data-path-to-node=\"14,0,0\"><b data-path-to-node=\"14,0,0\" data-index-in-node=\"0\">Mavi:<\/b> Tek modlu UPC (OS2)<\/p>\n<\/li>\n<li>\n<p data-path-to-node=\"14,1,0\"><b data-path-to-node=\"14,1,0\" data-index-in-node=\"0\">Ye\u015fil:<\/b> Tek modlu APC (OS2)<\/p>\n<\/li>\n<li>\n<p data-path-to-node=\"14,2,0\"><b data-path-to-node=\"14,2,0\" data-index-in-node=\"0\">Bej:<\/b> \u00c7ok Modlu (OM1\/OM2)<\/p>\n<\/li>\n<li>\n<p data-path-to-node=\"14,3,0\"><b data-path-to-node=\"14,3,0\" data-index-in-node=\"0\">Aqua:<\/b> \u00c7ok Modlu (OM3\/OM4 10G)<\/p>\n<\/li>\n<li>\n<p data-path-to-node=\"14,4,0\"><b data-path-to-node=\"14,4,0\" data-index-in-node=\"0\">Magenta:<\/b> \u00c7ok Modlu (OM4 Y\u00fcksek Bant Geni\u015fli\u011fi)<\/p>\n<\/li>\n<\/ul>\n<p data-path-to-node=\"15\"><b data-path-to-node=\"15\" data-index-in-node=\"0\">S: Bu konekt\u00f6rler hibrit Multimode APC kurulumlar\u0131 i\u00e7in kullan\u0131labilir mi?<\/b> <b data-path-to-node=\"15\" data-index-in-node=\"65\">A:<\/b> APC Tek mod i\u00e7in standart olsa da, \u015funlar\u0131 sa\u011flayabiliriz <b data-path-to-node=\"15\" data-index-in-node=\"122\">\u00c7ok Modlu APC<\/b> belirli t\u0131bbi ve duyusal uygulamalar i\u00e7in konekt\u00f6rler. Bunlar genellikle bizim arac\u0131l\u0131\u011f\u0131m\u0131zla \u00f6zel olarak sipari\u015f edilir <b data-path-to-node=\"15\" data-index-in-node=\"241\">Do\u011frudan \u00dcretici<\/b> Servis.<\/p>\n<p data-path-to-node=\"16\"><b data-path-to-node=\"16\" data-index-in-node=\"0\">S: Dubleks klips \u00e7\u0131kar\u0131labilir mi?<\/b> <b data-path-to-node=\"16\" data-index-in-node=\"33\">A:<\/b> Evet. SC \u00c7ift Y\u00f6nl\u00fc konekt\u00f6rlerimiz, konekt\u00f6rlerin gerekti\u011finde Tek Y\u00f6nl\u00fc olarak ayr\u0131 ayr\u0131 kullan\u0131lmas\u0131na veya polarite d\u00fczeltmesi i\u00e7in yeniden hizalanmas\u0131na olanak tan\u0131yan y\u00fcksek gerilimli \u00e7\u0131kar\u0131labilir bir klipse sahiptir.<\/p>\n<p data-path-to-node=\"17\"><b data-path-to-node=\"17\" data-index-in-node=\"0\">S: 3.0mm k\u00f6r\u00fc\u011f\u00fcn 2.0mm k\u00f6r\u00fc\u011fe g\u00f6re avantaj\u0131 nedir?<\/b> <b data-path-to-node=\"17\" data-index-in-node=\"62\">A:<\/b> 3.0mm k\u00f6r\u00fck, daha y\u00fcksek \u00e7ekme gerilimi ve b\u00fck\u00fclme korumas\u0131n\u0131n gerekli oldu\u011fu zorlu ortamlarda veya dikey y\u00fckselmelerde kullan\u0131lan daha kal\u0131n, k\u0131l\u0131fl\u0131 yama kablolar\u0131 i\u00e7in tasarlanm\u0131\u015ft\u0131r. 2,0 mm \u00f6ny\u00fckleme, ODF'lerde y\u00fcksek yo\u011funluklu yama i\u00e7in optimize edilmi\u015ftir.<\/p>","protected":false},"excerpt":{"rendered":"<p data-path-to-node=\"1\"><span class=\"\">Bu <\/span><b class=\"\" data-path-to-node=\"1\" data-index-in-node=\"4\">SC \u00c7ift Y\u00f6nl\u00fc Konekt\u00f6r<\/b><span class=\"\"> serisi \u00e7ok y\u00f6nl\u00fcd\u00fcr,<\/span><span class=\"\"> Hem Tek modlu (OS2) hem de \u00c7ok modlu (OM1\/OM2\/OM3\/OM4) uygulamalar i\u00e7in tasarlanm\u0131\u015f k\u00fc\u00e7\u00fck form fakt\u00f6rl\u00fc \u00e7\u00f6z\u00fcm.<\/span><span class=\"\"> Her ikisini de desteklemek <\/span><b class=\"\" data-path-to-node=\"1\" data-index-in-node=\"172\">2.0mm ve 3.0mm<\/b><span class=\"\"> kablo \u00e7aplar\u0131,<\/span><span class=\"\"> bu konnekt\u00f6rler, h\u0131zl\u0131 da\u011f\u0131t\u0131m ve y\u00fcksek yo\u011funluklu fiber y\u00f6netimi i\u00e7in bir itme-\u00e7ekme ba\u011flant\u0131 mekanizmas\u0131 kullan\u0131r.<\/span><\/p>\n<p data-path-to-node=\"2\"><span class=\"\">\u0130\u00e7inde mevcut <\/span><b class=\"\" data-path-to-node=\"2\" data-index-in-node=\"13\">UPC (Ultra Fiziksel Temas)<\/b><span class=\"\"> ve <\/span><b class=\"\" data-path-to-node=\"2\" data-index-in-node=\"46\">APC (A\u00e7\u0131l\u0131 Fiziksel Temas)<\/b><span class=\"\"> Cila t\u00fcrleri,<\/span><span class=\"\"> SC Duplex konekt\u00f6rlerimiz uluslararas\u0131 standartlara g\u00f6re renk kodludur (Mavi,<\/span><span class=\"\"> Ye\u015fil,<\/span><span class=\"\"> Aqua,<\/span><span class=\"\"> Bej,<\/span><span class=\"\"> ve Magenta) karma\u015f\u0131k a\u011f ortamlar\u0131nda hatas\u0131z yama yap\u0131lmas\u0131n\u0131 sa\u011flar.<\/span><\/p>","protected":false},"featured_media":838,"comment_status":"open","ping_status":"closed","template":"","meta":[],"product_brand":[],"product_cat":[47],"product_tag":[],"class_list":{"0":"post-836","1":"product","2":"type-product","3":"status-publish","4":"has-post-thumbnail","6":"product_cat-sc-duplex-connector-single-mode-multimode","8":"first","9":"instock","10":"shipping-taxable","11":"product-type-simple"},"_links":{"self":[{"href":"https:\/\/www.fenxifiber.com\/tr\/wp-json\/wp\/v2\/product\/836","targetHints":{"allow":["GET"]}}],"collection":[{"href":"https:\/\/www.fenxifiber.com\/tr\/wp-json\/wp\/v2\/product"}],"about":[{"href":"https:\/\/www.fenxifiber.com\/tr\/wp-json\/wp\/v2\/types\/product"}],"replies":[{"embeddable":true,"href":"https:\/\/www.fenxifiber.com\/tr\/wp-json\/wp\/v2\/comments?post=836"}],"wp:featuredmedia":[{"embeddable":true,"href":"https:\/\/www.fenxifiber.com\/tr\/wp-json\/wp\/v2\/media\/838"}],"wp:attachment":[{"href":"https:\/\/www.fenxifiber.com\/tr\/wp-json\/wp\/v2\/media?parent=836"}],"wp:term":[{"taxonomy":"product_brand","embeddable":true,"href":"https:\/\/www.fenxifiber.com\/tr\/wp-json\/wp\/v2\/product_brand?post=836"},{"taxonomy":"product_cat","embeddable":true,"href":"https:\/\/www.fenxifiber.com\/tr\/wp-json\/wp\/v2\/product_cat?post=836"},{"taxonomy":"product_tag","embeddable":true,"href":"https:\/\/www.fenxifiber.com\/tr\/wp-json\/wp\/v2\/product_tag?post=836"}],"curies":[{"name":"wp","href":"https:\/\/api.w.org\/{rel}","templated":true}]}}