{"id":842,"date":"2026-02-04T02:29:49","date_gmt":"2026-02-04T02:29:49","guid":{"rendered":"https:\/\/www.fenxifiber.com\/?post_type=product&#038;p=842"},"modified":"2026-02-04T02:59:09","modified_gmt":"2026-02-04T02:59:09","slug":"sc-apc-0-9mm-tum-plasti%cc%87k","status":"publish","type":"product","link":"https:\/\/www.fenxifiber.com\/tr\/product\/sc-apc-0-9mm-all-plastic\/","title":{"rendered":"SC APC 0,9mm Tamam\u0131 Plastik | Sahada Montajl\u0131 Pigtail Serisi"},"content":{"rendered":"<h2 data-path-to-node=\"4\">\ud83d\udee0 Malzeme Bilimi ve Tasar\u0131m Mimarisi<\/h2>\n<p data-path-to-node=\"5\">Kablo a\u011f\u0131rl\u0131\u011f\u0131 ve kablo y\u00f6netim alan\u0131n\u0131n birincil kayg\u0131lar oldu\u011fu 0,9 mm pigtail uygulamalar\u0131nda, Tamamen Plastik tasar\u0131m \u00e7e\u015fitli stratejik m\u00fchendislik avantajlar\u0131 sa\u011flar:<\/p>\n<ul data-path-to-node=\"6\">\n<li>\n<p data-path-to-node=\"6,0,0\"><b data-path-to-node=\"6,0,0\" data-index-in-node=\"0\">Alan Verimlili\u011fi:<\/b> Hantal metal durdurucular\u0131n ortadan kald\u0131r\u0131lmas\u0131, toplam a\u011f\u0131rl\u0131\u011f\u0131 ve kaplad\u0131\u011f\u0131 alan\u0131 azalt\u0131r. Bu, a\u015fa\u011f\u0131dakiler i\u00e7in kritiktir <b data-path-to-node=\"6,0,0\" data-index-in-node=\"118\">Y\u00fcksek Yo\u011funluklu ODF'ler<\/b> Binlerce sonland\u0131rman\u0131n dar yar\u0131\u00e7aplarda y\u00f6netildi\u011fi yerlerde.<\/p>\n<\/li>\n<li>\n<p data-path-to-node=\"6,1,0\"><b data-path-to-node=\"6,1,0\" data-index-in-node=\"0\">\u00c7evresel Atalet:<\/b> Y\u00fcksek performansl\u0131 polimer g\u00f6vde <b data-path-to-node=\"6,1,0\" data-index-in-node=\"65\">EMI'ye kar\u015f\u0131 ba\u011f\u0131\u015f\u0131kl\u0131k<\/b> (Elektromanyetik Giri\u015fim) ve kimyasal korozyona kar\u015f\u0131 dayan\u0131kl\u0131d\u0131r, k\u0131y\u0131 veya end\u00fcstriyel ortamlarda kararl\u0131l\u0131k sa\u011flar.<\/p>\n<\/li>\n<li>\n<p data-path-to-node=\"6,2,0\"><b data-path-to-node=\"6,2,0\" data-index-in-node=\"0\">Hassas Enjeksiyon Kal\u0131plama:<\/b> Dahili tutma klipsleri, s\u0131cakl\u0131k dalgalanmalar\u0131 s\u0131ras\u0131nda \u201cpistonlamay\u0131\u201d \u00f6nlemek i\u00e7in zirkonya y\u00fcks\u00fc\u011f\u00fc sabit bir eksenel konuma kilitleyerek mikron d\u00fczeyinde toleranslarla kal\u0131planm\u0131\u015ft\u0131r.<\/p>\n<\/li>\n<li>\n<p data-path-to-node=\"6,3,0\"><b data-path-to-node=\"6,3,0\" data-index-in-node=\"0\">8\u00b0 A\u00e7\u0131l\u0131 Fiziksel Temas (APC):<\/b> Ye\u015fil kodlu muhafaza, 8 derecelik a\u00e7\u0131l\u0131 cilay\u0131 g\u00f6sterir, bu da yans\u0131yan \u0131\u015f\u0131\u011f\u0131 fiber kaplamaya zorlayarak a\u015fa\u011f\u0131daki de\u011ferlerde bir geri d\u00f6n\u00fc\u015f kayb\u0131 elde edilmesini sa\u011flar <b data-path-to-node=\"6,3,0\" data-index-in-node=\"176\">\u226560dB<\/b>.<\/p>\n<\/li>\n<li>\n<p data-path-to-node=\"6,4,0\"><b data-path-to-node=\"6,4,0\" data-index-in-node=\"0\">Zirkonya Seramik Y\u00fcks\u00fck:<\/b> Tek modlu fiber i\u00e7in y\u00fcksek konsantriklikte 125\/126\u00b5m deli\u011fe sahiptir ve ortalama ekleme kayb\u0131 <b data-path-to-node=\"6,4,0\" data-index-in-node=\"132\">\u22640,20dB<\/b>.<\/p>\n<\/li>\n<li>\n<p data-path-to-node=\"6,5,0\"><b data-path-to-node=\"6,5,0\" data-index-in-node=\"0\">0.9mm Mini-Boot:<\/b> \u00d6zel k\u0131sa profilli \u00f6ny\u00fckleme, konnekt\u00f6r tertibat\u0131na gereksiz uzunluk eklemeden dar tamponlu fiberler i\u00e7in etkili gerilim azaltma sa\u011flar.<\/p>\n<\/li>\n<\/ul>\n<hr data-path-to-node=\"7\" \/>\n<h2 data-path-to-node=\"8\">\ud83d\udcc9 Teknik Performans \u00d6zellikleri<\/h2>\n<p data-path-to-node=\"9\">Bu veriler bizim <b data-path-to-node=\"9\" data-index-in-node=\"25\">Ta\u015f\u0131y\u0131c\u0131 S\u0131n\u0131f\u0131 Kalite Standard\u0131<\/b>, uluslararas\u0131 telekom\u00fcnikasyon altyap\u0131s\u0131 i\u00e7in uygundur:<\/p>\n<table data-path-to-node=\"10\">\n<thead>\n<tr>\n<td><strong>Teknik Metrik<\/strong><\/td>\n<td><strong>Gereksinim<\/strong><\/td>\n<td><strong>Standart Uyumluluk<\/strong><\/td>\n<\/tr>\n<\/thead>\n<tbody>\n<tr>\n<td><span data-path-to-node=\"10,1,0,0\"><b data-path-to-node=\"10,1,0,0\" data-index-in-node=\"0\">Ekleme Kayb\u0131 (IL)<\/b><\/span><\/td>\n<td><span data-path-to-node=\"10,1,1,0\">Avg \u2264 0,20 dB | Maks \u2264 0,30 dB<\/span><\/td>\n<td><span data-path-to-node=\"10,1,2,0\">IEC 61300-3-4<\/span><\/td>\n<\/tr>\n<tr>\n<td><span data-path-to-node=\"10,2,0,0\"><b data-path-to-node=\"10,2,0,0\" data-index-in-node=\"0\">Geri D\u00f6n\u00fc\u015f Kayb\u0131 (RL)<\/b><\/span><\/td>\n<td><span data-path-to-node=\"10,2,1,0\">\u2265 60 dB (APC)<\/span><\/td>\n<td><span data-path-to-node=\"10,2,2,0\">IEC 61300-3-6<\/span><\/td>\n<\/tr>\n<tr>\n<td><span data-path-to-node=\"10,3,0,0\"><b data-path-to-node=\"10,3,0,0\" data-index-in-node=\"0\">\u00c7iftle\u015fme Dayan\u0131kl\u0131l\u0131\u011f\u0131<\/b><\/span><\/td>\n<td><span data-path-to-node=\"10,3,1,0\">&gt; 1000 D\u00f6ng\u00fc<\/span><\/td>\n<td><span data-path-to-node=\"10,3,2,0\">TIA\/EIA-568-B.3<\/span><\/td>\n<\/tr>\n<tr>\n<td><span data-path-to-node=\"10,4,0,0\"><b data-path-to-node=\"10,4,0,0\" data-index-in-node=\"0\">\u00c7al\u0131\u015fma S\u0131cakl\u0131\u011f\u0131<\/b><\/span><\/td>\n<td><span data-path-to-node=\"10,4,1,0\">-40\u00b0C ila +75\u00b0C<\/span><\/td>\n<td><span data-path-to-node=\"10,4,2,0\">Bellcore GR-326<\/span><\/td>\n<\/tr>\n<tr>\n<td><span data-path-to-node=\"10,5,0,0\"><b data-path-to-node=\"10,5,0,0\" data-index-in-node=\"0\">Alev Geciktirici<\/b><\/span><\/td>\n<td><span data-path-to-node=\"10,5,1,0\">UL 94V-0 Anma<\/span><\/td>\n<td><span data-path-to-node=\"10,5,2,0\">K\u00fcresel G\u00fcvenlik Standartlar\u0131<\/span><\/td>\n<\/tr>\n<\/tbody>\n<\/table>\n<hr data-path-to-node=\"11\" \/>\n<h2 data-path-to-node=\"12\">\ud83d\udca1 Saha Montaj\u0131 ve Kaynak Kullan\u0131m\u0131 SSS<\/h2>\n<p data-path-to-node=\"13\"><b data-path-to-node=\"13\" data-index-in-node=\"0\">S: Neden Metal Stop versiyonu yerine 0,9 mm Tamamen Plastik tercih etmelisiniz?<\/b><\/p>\n<p data-path-to-node=\"13\"><b data-path-to-node=\"13\" data-index-in-node=\"61\">A:<\/b> 0,9 mm Tamamen Plastik versiyon, korumal\u0131 muhafazalar (ODF'ler veya splitter kutular\u0131 gibi) i\u00e7inde dahili y\u00f6nlendirme i\u00e7in \u00f6zel olarak optimize edilmi\u015ftir. Metal durdurmal\u0131 versiyonlar a\u011f\u0131r 3.0mm ceketler i\u00e7in daha y\u00fcksek \u00e7ekme mukavemeti sa\u011flarken, tamamen plastik pigtail versiyonu hassas 0.9mm tamponlu fiberler i\u00e7in daha ekonomik, daha hafif ve yerden tasarrufludur.<\/p>\n<p data-path-to-node=\"14\"><b data-path-to-node=\"14\" data-index-in-node=\"0\">S: 0,9 mm versiyon i\u00e7in bir s\u0131kma aleti gerekli mi?<\/b><\/p>\n<p data-path-to-node=\"14\"><b data-path-to-node=\"14\" data-index-in-node=\"54\">A:<\/b> Tipik olarak, 0,9 mm konekt\u00f6rler \u201ck\u0131vr\u0131ms\u0131zd\u0131r\u201d veya a\u011f\u0131r metal alt\u0131gen k\u0131vr\u0131m yerine \u00f6zel bir plastik man\u015fon kullan\u0131r. 0,9 mm fiberin kal\u0131n bir d\u0131\u015f k\u0131l\u0131f\u0131 veya sabitlemek i\u00e7in Kevlar mukavemet elemanlar\u0131 olmad\u0131\u011f\u0131ndan, montaj s\u0131k\u0131 tamponu do\u011frudan i\u00e7 muhafaza klipslerine sabitlemeye odaklan\u0131r.<\/p>\n<p data-path-to-node=\"15\"><b data-path-to-node=\"15\" data-index-in-node=\"0\">S: Bunlar y\u00fcksek h\u0131zl\u0131 GPON\/XGS-PON pigtailler i\u00e7in uygun mu?<\/b><\/p>\n<p data-path-to-node=\"15\"><b data-path-to-node=\"15\" data-index-in-node=\"60\">A:<\/b> Kesinlikle. Bunlar, gelen fiber damlalar\u0131n\u0131n u\u00e7lar\u0131na ekleme yapmak i\u00e7in end\u00fcstri standard\u0131d\u0131r. APC aray\u00fcz\u00fc, y\u00fcksek h\u0131zl\u0131 dijital sinyallere m\u00fcdahale edebilecek geri yans\u0131may\u0131 bast\u0131rmak i\u00e7in PON a\u011flar\u0131 i\u00e7in zorunludur.<\/p>\n<p data-path-to-node=\"16\"><b data-path-to-node=\"16\" data-index-in-node=\"0\">S: \u00d6zel \u00e7izme renkleri veya LSZH malzemeleri talep edebilir miyim?<\/b><\/p>\n<p data-path-to-node=\"16\"><b data-path-to-node=\"16\" data-index-in-node=\"55\">A:<\/b> Olarak <b data-path-to-node=\"16\" data-index-in-node=\"63\">Do\u011frudan \u00dcretici<\/b> kayna\u011f\u0131, APC i\u00e7in standart ye\u015fil botlar sa\u011fl\u0131yoruz, ancak renk kodlamas\u0131 i\u00e7in \u00f6zel bot renkleri (\u00f6rne\u011fin, bir ay\u0131r\u0131c\u0131daki giri\u015f ve \u00e7\u0131k\u0131\u015f fiberleri) a\u015fa\u011f\u0131dakiler i\u00e7in mevcuttur <b data-path-to-node=\"16\" data-index-in-node=\"236\">Toplu Sipari\u015fler<\/b>. T\u00fcm bile\u015fenler varsay\u0131lan olarak LSZH ve RoHS uyumludur.<\/p>","protected":false},"excerpt":{"rendered":"<p data-path-to-node=\"1\">Bu <b data-path-to-node=\"1\" data-index-in-node=\"4\">SC APC 0,9 mm Tamam\u0131 Plastik<\/b> konnekt\u00f6r, y\u00fcksek yo\u011funluklu fiber y\u00f6netimi ve alan k\u0131s\u0131tlamas\u0131 olan ortamlar i\u00e7in tasarlanm\u0131\u015f hassas m\u00fchendislik \u00fcr\u00fcn\u00fc bir \u00e7\u00f6z\u00fcmd\u00fcr. \u00d6zellikle a\u015fa\u011f\u0131dakiler i\u00e7in optimize edilmi\u015ftir <b data-path-to-node=\"1\" data-index-in-node=\"180\">0,9 mm s\u0131k\u0131 tamponlu fiber<\/b>, Bu \u201cTamamen Plastik\u201d mimari, hafif, a\u015f\u0131nd\u0131r\u0131c\u0131 olmayan ve uygun maliyetli bir sonland\u0131rma sa\u011flamak i\u00e7in y\u00fcksek mukavemetli m\u00fchendislik polimerleri kullan\u0131r. <b data-path-to-node=\"1\" data-index-in-node=\"358\">FTTH (Eve Kadar Fiber), ODF dahili kablolama ve optik ay\u0131r\u0131c\u0131 mod\u00fclleri<\/b>.<\/p>\n<p data-path-to-node=\"2\">Metalik bile\u015fenleri i\u00e7 yap\u0131dan \u00e7\u0131karan bu model, modern CATV ve GPON a\u011flar\u0131 i\u00e7in gereken y\u00fcksek geri d\u00f6n\u00fc\u015f kayb\u0131n\u0131 sa\u011flarken m\u00fckemmel optik performans\u0131 koruyan kolayla\u015ft\u0131r\u0131lm\u0131\u015f bir montaj s\u00fcreci sunar.<\/p>","protected":false},"featured_media":843,"comment_status":"open","ping_status":"closed","template":"","meta":[],"product_brand":[],"product_cat":[48],"product_tag":[],"class_list":{"0":"post-842","1":"product","2":"type-product","3":"status-publish","4":"has-post-thumbnail","6":"product_cat-sc-simplex-connector-single-mode-multimode","8":"first","9":"instock","10":"shipping-taxable","11":"product-type-simple"},"_links":{"self":[{"href":"https:\/\/www.fenxifiber.com\/tr\/wp-json\/wp\/v2\/product\/842","targetHints":{"allow":["GET"]}}],"collection":[{"href":"https:\/\/www.fenxifiber.com\/tr\/wp-json\/wp\/v2\/product"}],"about":[{"href":"https:\/\/www.fenxifiber.com\/tr\/wp-json\/wp\/v2\/types\/product"}],"replies":[{"embeddable":true,"href":"https:\/\/www.fenxifiber.com\/tr\/wp-json\/wp\/v2\/comments?post=842"}],"wp:featuredmedia":[{"embeddable":true,"href":"https:\/\/www.fenxifiber.com\/tr\/wp-json\/wp\/v2\/media\/843"}],"wp:attachment":[{"href":"https:\/\/www.fenxifiber.com\/tr\/wp-json\/wp\/v2\/media?parent=842"}],"wp:term":[{"taxonomy":"product_brand","embeddable":true,"href":"https:\/\/www.fenxifiber.com\/tr\/wp-json\/wp\/v2\/product_brand?post=842"},{"taxonomy":"product_cat","embeddable":true,"href":"https:\/\/www.fenxifiber.com\/tr\/wp-json\/wp\/v2\/product_cat?post=842"},{"taxonomy":"product_tag","embeddable":true,"href":"https:\/\/www.fenxifiber.com\/tr\/wp-json\/wp\/v2\/product_tag?post=842"}],"curies":[{"name":"wp","href":"https:\/\/api.w.org\/{rel}","templated":true}]}}