{"id":850,"date":"2026-02-04T02:36:57","date_gmt":"2026-02-04T02:36:57","guid":{"rendered":"https:\/\/www.fenxifiber.com\/?post_type=product&#038;p=850"},"modified":"2026-02-04T03:01:30","modified_gmt":"2026-02-04T03:01:30","slug":"sc-upc-0-9mm-cok-modlu-tum-plastik","status":"publish","type":"product","link":"https:\/\/www.fenxifiber.com\/tr\/product\/sc-upc-0-9mm-multimode-all-plastic\/","title":{"rendered":"SC UPC 0.9mm \u00c7ok Modlu Tamam\u0131 Plastik | Y\u00fcksek Yo\u011funluklu Dahili Ara Ba\u011flant\u0131lar"},"content":{"rendered":"<h1 data-path-to-node=\"0\">SC UPC 0.9mm \u00c7ok Modlu Tamam\u0131 Plastik | Y\u00fcksek Yo\u011funluklu Dahili Ara Ba\u011flant\u0131lar<\/h1>\n<p data-path-to-node=\"1\">Bu <b data-path-to-node=\"1\" data-index-in-node=\"4\">SC UPC 0,9 mm \u00c7ok Modlu Tamam\u0131 Plastik<\/b> serisi, dahili fiber y\u00f6netimi i\u00e7in \u00f6zel olarak tasarlanm\u0131\u015f ultra hafif, yerden tasarruf sa\u011flayan bir sonland\u0131rma \u00e7\u00f6z\u00fcm\u00fcd\u00fcr. \u00d6zellikle a\u015fa\u011f\u0131dakiler i\u00e7in tasarlanm\u0131\u015ft\u0131r <b data-path-to-node=\"1\" data-index-in-node=\"172\">0,9 mm s\u0131k\u0131 tamponlu fiberler<\/b>, Bu konnekt\u00f6r, y\u00fcksek performansl\u0131 bir polimer mimarisi kullanarak gereksiz hacmi ortadan kald\u0131r\u0131r. A\u015fa\u011f\u0131dakiler i\u00e7in tercih edilir <b data-path-to-node=\"1\" data-index-in-node=\"323\">optik ay\u0131r\u0131c\u0131 mod\u00fclleri, MPO-SC fan-out kitleri ve kompakt patch paneller<\/b> Y\u00fczlerce fiberin s\u0131n\u0131rl\u0131 bir muhafaza i\u00e7inde y\u00f6nlendirilmesi gereken yerlerde.<\/p>\n<p data-path-to-node=\"2\">Y\u00fcksek h\u0131zl\u0131 talepler i\u00e7in tasarlanm\u0131\u015ft\u0131r <b data-path-to-node=\"2\" data-index-in-node=\"39\">Kurumsal LAN'lar ve Veri Merkezleri<\/b>, Bu bile\u015fenler t\u00fcm \u00e7ok modlu fiberleri (OM1\/OM2\/OM3\/OM4) destekleyerek dahili kablolama karma\u015f\u0131kl\u0131\u011f\u0131n\u0131 basitle\u015ftiren g\u00fcvenilir, ge\u00e7meli kilitli bir aray\u00fcz sa\u011flar.<\/p>\n<hr data-path-to-node=\"3\" \/>\n<h2 data-path-to-node=\"4\">\ud83c\udfd7\ufe0f Tasar\u0131m Yenili\u011fi: Hafif Hassasiyet<\/h2>\n<p data-path-to-node=\"5\">0,9 mm uygulamalarda ama\u00e7, tamponlanm\u0131\u015f fiberin hassas yap\u0131s\u0131ndan \u00f6d\u00fcn vermeden yo\u011funlu\u011fu en \u00fcst d\u00fczeye \u00e7\u0131karmakt\u0131r. All-Plastic tasar\u0131m\u0131 bunu \u015fu \u015fekilde ele al\u0131r:<\/p>\n<ul data-path-to-node=\"6\">\n<li>\n<p data-path-to-node=\"6,0,0\"><b data-path-to-node=\"6,0,0\" data-index-in-node=\"0\">Minyat\u00fcrle\u015ftirilmi\u015f Ayak \u0130zi:<\/b> Konnekt\u00f6r, metalik durdurucular\u0131 kald\u0131rarak daha d\u00fc\u015f\u00fck bir k\u00fctle profili elde eder, hassas i\u00e7 tepsilerdeki k\u00fcm\u00fclatif a\u011f\u0131rl\u0131\u011f\u0131 azalt\u0131r ve y\u00fcksek yo\u011funluklu ODF'lerde fiber \u201csarkmas\u0131n\u0131\u201d \u00f6nler.<\/p>\n<\/li>\n<li>\n<p data-path-to-node=\"6,1,0\"><b data-path-to-node=\"6,1,0\" data-index-in-node=\"0\">Termal Genle\u015fme E\u015fle\u015fmesi:<\/b> Fiber tampon malzemelerin genle\u015fme oranlar\u0131n\u0131 yans\u0131tan m\u00fchendislik s\u0131n\u0131f\u0131 termoplastikler kullan\u0131larak <b data-path-to-node=\"6,1,0\" data-index-in-node=\"139\">Ultra Fiziksel Temas (UPC)<\/b> de\u011fi\u015fen sunucu odas\u0131 s\u0131cakl\u0131klar\u0131nda sabit kal\u0131r.<\/p>\n<\/li>\n<li>\n<p data-path-to-node=\"6,2,0\"><b data-path-to-node=\"6,2,0\" data-index-in-node=\"0\">\u00c7\u0131t\u00e7\u0131tl\u0131 Montaj:<\/b> Tamamen plastik i\u00e7 \u00e7er\u00e7eve, karma\u015f\u0131k metal aletlere ihtiya\u00e7 duymadan zirkonya y\u00fcks\u00fc\u011f\u00fc g\u00fcvenli bir \u015fekilde yerle\u015ftiren y\u00fcksek hassasiyetli bir klips sistemine sahip olup fabrika d\u00fczeyinde h\u0131zl\u0131 sonland\u0131rma i\u00e7in optimize edilmi\u015ftir.<\/p>\n<\/li>\n<li>\n<p data-path-to-node=\"6,3,0\"><b data-path-to-node=\"6,3,0\" data-index-in-node=\"0\">EMI\/RFI N\u00f6trl\u00fc\u011f\u00fc:<\/b> 100% metalik olmayan yap\u0131s\u0131, bu konnekt\u00f6rleri t\u0131bbi g\u00f6r\u00fcnt\u00fcleme s\u00fcitleri veya g\u00fc\u00e7 trafo merkezi kontrol odalar\u0131 gibi y\u00fcksek elektromanyetik parazitli ortamlarda kullan\u0131m i\u00e7in ideal hale getirir.<\/p>\n<\/li>\n<\/ul>\n<hr data-path-to-node=\"7\" \/>\n<h2 data-path-to-node=\"8\">\ud83d\udcc8 Teknik Performans \u00d6zellikleri<\/h2>\n<p data-path-to-node=\"9\">Bu seri, 10G ve 40G ba\u011flant\u0131lar\u0131n\u0131z\u0131n hatas\u0131z kalmas\u0131n\u0131 sa\u011flamak i\u00e7in standart \u00e7ok modlu kar\u015f\u0131la\u015ft\u0131rma \u00f6l\u00e7\u00fctlerini a\u015facak \u015fekilde \u00fcretilmi\u015ftir:<\/p>\n<table data-path-to-node=\"10\">\n<thead>\n<tr>\n<td><strong>Performans Karakteristi\u011fi<\/strong><\/td>\n<td><strong>\u015eartname<\/strong><\/td>\n<td><strong>M\u00fchendislik Faydas\u0131<\/strong><\/td>\n<\/tr>\n<\/thead>\n<tbody>\n<tr>\n<td><span data-path-to-node=\"10,1,0,0\"><b data-path-to-node=\"10,1,0,0\" data-index-in-node=\"0\">Fiber Uyumlulu\u011fu<\/b><\/span><\/td>\n<td><span data-path-to-node=\"10,1,1,0\">\u00c7ok Modlu (OM1, OM2, OM3, OM4)<\/span><\/td>\n<td><span data-path-to-node=\"10,1,2,0\">Evrensel eski ve y\u00fcksek h\u0131zl\u0131 destek<\/span><\/td>\n<\/tr>\n<tr>\n<td><span data-path-to-node=\"10,2,0,0\"><b data-path-to-node=\"10,2,0,0\" data-index-in-node=\"0\">Leh\u00e7e Tipi<\/b><\/span><\/td>\n<td><span data-path-to-node=\"10,2,1,0\">UPC (Ultra Fiziksel Temas)<\/span><\/td>\n<td><span data-path-to-node=\"10,2,2,0\">Veri ba\u011flant\u0131lar\u0131 i\u00e7in d\u00fc\u015f\u00fck sinyal zay\u0131flamas\u0131<\/span><\/td>\n<\/tr>\n<tr>\n<td><span data-path-to-node=\"10,3,0,0\"><b data-path-to-node=\"10,3,0,0\" data-index-in-node=\"0\">Ekleme Kayb\u0131 (IL)<\/b><\/span><\/td>\n<td><span data-path-to-node=\"10,3,1,0\">Tipik \u2264 0,15 dB<\/span><\/td>\n<td><span data-path-to-node=\"10,3,2,0\">Optik g\u00fc\u00e7 b\u00fct\u00e7enizi en \u00fcst d\u00fczeye \u00e7\u0131kar\u0131n<\/span><\/td>\n<\/tr>\n<tr>\n<td><span data-path-to-node=\"10,4,0,0\"><b data-path-to-node=\"10,4,0,0\" data-index-in-node=\"0\">Geri D\u00f6n\u00fc\u015f Kayb\u0131 (RL)<\/b><\/span><\/td>\n<td><span data-path-to-node=\"10,4,1,0\">\u2265 35 dB<\/span><\/td>\n<td><span data-path-to-node=\"10,4,2,0\">Y\u00fcksek h\u0131zl\u0131 al\u0131c\u0131-vericilerde titre\u015fimi bast\u0131r\u0131r<\/span><\/td>\n<\/tr>\n<tr>\n<td><span data-path-to-node=\"10,5,0,0\"><b data-path-to-node=\"10,5,0,0\" data-index-in-node=\"0\">G\u00f6vde Rengi<\/b><\/span><\/td>\n<td><span data-path-to-node=\"10,5,1,0\">Bej (OM1\/2) veya Aqua (OM3\/4)<\/span><\/td>\n<td><span data-path-to-node=\"10,5,2,0\">An\u0131nda g\u00f6rsel a\u011f tan\u0131mlama<\/span><\/td>\n<\/tr>\n<tr>\n<td><span data-path-to-node=\"10,6,0,0\"><b data-path-to-node=\"10,6,0,0\" data-index-in-node=\"0\">Dayan\u0131kl\u0131l\u0131k<\/b><\/span><\/td>\n<td><span data-path-to-node=\"10,6,1,0\">&gt; 1000 \u00c7iftle\u015fme D\u00f6ng\u00fcs\u00fc<\/span><\/td>\n<td><span data-path-to-node=\"10,6,2,0\">Aktif raflarda uzun vadeli g\u00fcvenilirlik<\/span><\/td>\n<\/tr>\n<tr>\n<td><span data-path-to-node=\"10,7,0,0\"><b data-path-to-node=\"10,7,0,0\" data-index-in-node=\"0\">\u00c7evresel<\/b><\/span><\/td>\n<td><span data-path-to-node=\"10,7,1,0\">RoHS &amp; REACH Uyumlu<\/span><\/td>\n<td><span data-path-to-node=\"10,7,2,0\">K\u00fcresel altyap\u0131 projeleri i\u00e7in g\u00fcvenli<\/span><\/td>\n<\/tr>\n<\/tbody>\n<\/table>\n<hr data-path-to-node=\"11\" \/>\n<h2 data-path-to-node=\"12\">\ud83d\udca1 \u00c7oklu Fiber Y\u00f6nlendirme &amp; SSS<\/h2>\n<p data-path-to-node=\"13\"><b data-path-to-node=\"13\" data-index-in-node=\"0\">S: Multimode 0.9mm i\u00e7in neden \u00c7inko veya Metal-Stop yerine All-Plastic kullan\u0131l\u0131yor?<\/b><\/p>\n<p data-path-to-node=\"13\"><b data-path-to-node=\"13\" data-index-in-node=\"74\">A:<\/b> 0,9 mm fiber, 3,0 mm kablolarda bulunan a\u011f\u0131r d\u0131\u015f k\u0131l\u0131f ve Kevlar'dan yoksundur. Metal stop, bu hafif elyaflar i\u00e7in genellikle \u201ca\u015f\u0131r\u0131 m\u00fchendislik\u201d anlam\u0131na gelir. Metal durdurucu <b data-path-to-node=\"13\" data-index-in-node=\"227\">Tamamen Plastik<\/b> versiyonu, port ba\u015f\u0131na maliyeti ve a\u011f\u0131rl\u0131\u011f\u0131 minimumda tutarken optik temas\u0131 korumak i\u00e7in gereken tam gerginlik miktar\u0131n\u0131 sa\u011flar.<\/p>\n<p data-path-to-node=\"14\"><b data-path-to-node=\"14\" data-index-in-node=\"0\">S: Bu konekt\u00f6rler OM4 40G\/100G Ethernet ile uyumlu mu?<\/b><\/p>\n<p data-path-to-node=\"14\"><b data-path-to-node=\"14\" data-index-in-node=\"63\">A:<\/b> Evet. Muhafaza plastik olsa da, konekt\u00f6r\u00fcn kalbi bir <b data-path-to-node=\"14\" data-index-in-node=\"133\">Premium Zirkonya Y\u00fcks\u00fck<\/b>. OM3 ve OM4 fiberlerin \u0131\u015f\u0131k \u00e7ekirde\u011finin VCSEL tabanl\u0131 y\u00fcksek h\u0131zl\u0131 iletim i\u00e7in m\u00fckemmel \u015fekilde hizalanmas\u0131n\u0131 sa\u011flayan y\u00fcksek hassasiyetli delikler kullan\u0131yoruz.<\/p>\n<p data-path-to-node=\"15\"><b data-path-to-node=\"15\" data-index-in-node=\"0\">S: 0,9 mm botun standart botlardan fark\u0131 nedir?<\/b><\/p>\n<p data-path-to-node=\"15\"><b data-path-to-node=\"15\" data-index-in-node=\"55\">A:<\/b> 0,9 mm \u00f6ny\u00fckleme bir \u201ck\u0131sa \u00f6rt\u00fc\u201d tasar\u0131m\u0131d\u0131r. Konekt\u00f6r giri\u015f noktas\u0131nda mikro b\u00fck\u00fclmeleri \u00f6nlemek i\u00e7in yeterli b\u00fck\u00fclme yar\u0131\u00e7ap\u0131 korumas\u0131 sa\u011flar, ancak fiberin k\u00fc\u00e7\u00fck ekleme tepsileri veya kaset mod\u00fclleri i\u00e7inde s\u0131k\u0131ca sar\u0131lmas\u0131na izin verecek kadar k\u0131sad\u0131r.<\/p>\n<p data-path-to-node=\"16\"><b data-path-to-node=\"16\" data-index-in-node=\"0\">S: Bu kit anaerobik \u201csahada h\u0131zl\u0131\u201d yap\u0131\u015ft\u0131r\u0131c\u0131lar\u0131 destekliyor mu?<\/b><\/p>\n<p data-path-to-node=\"16\"><b data-path-to-node=\"16\" data-index-in-node=\"59\">A:<\/b> Kesinlikle. \u0130\u00e7 plastik \u00e7er\u00e7eve hem geleneksel \u0131s\u0131yla sertle\u015fen epoksilerle hem de h\u0131zl\u0131 sertle\u015fen anaerobik yap\u0131\u015ft\u0131r\u0131c\u0131larla uyumludur, bu da onu hem fabrika montaj hatlar\u0131 hem de saha onar\u0131m kitleri i\u00e7in \u00e7ok y\u00f6nl\u00fc bir se\u00e7im haline getirir.<\/p>","protected":false},"excerpt":{"rendered":"<p data-path-to-node=\"1\"><span class=\"\">Bu <\/span><b class=\"\" data-path-to-node=\"1\" data-index-in-node=\"4\">SC UPC 0,9 mm \u00c7ok Modlu Tamam\u0131 Plastik<\/b><span class=\"\"> serisi ultra hafif bir \u00fcr\u00fcnd\u00fcr,<\/span><span class=\"\"> Dahili fiber y\u00f6netimi i\u00e7in \u00f6zel olarak tasarlanm\u0131\u015f, yerden tasarruf sa\u011flayan sonland\u0131rma \u00e7\u00f6z\u00fcm\u00fc.<\/span><span class=\"\"> \u015eunlar i\u00e7in \u00f6zel olarak tasarlanm\u0131\u015ft\u0131r <\/span><b class=\"\" data-path-to-node=\"1\" data-index-in-node=\"172\">0,9 mm s\u0131k\u0131 tamponlu fiberler<\/b><span class=\"\">,<\/span><span class=\"\"> Bu konnekt\u00f6r, y\u00fcksek performansl\u0131 bir polimer mimarisi kullanarak gereksiz hacmi ortadan kald\u0131r\u0131r.<\/span><span class=\"\"> \u015eunlar i\u00e7in tercih edilir <\/span><b class=\"\" data-path-to-node=\"1\" data-index-in-node=\"323\">optik ay\u0131r\u0131c\u0131 mod\u00fclleri, MPO-SC fan-out kitleri ve kompakt patch paneller<\/b><span class=\"\"> Y\u00fczlerce fiberin s\u0131n\u0131rl\u0131 bir muhafaza i\u00e7inde y\u00f6nlendirilmesi gereken yerlerde.<\/span><\/p>\n<p data-path-to-node=\"2\"><span class=\"\">Y\u00fcksek h\u0131zl\u0131 talepler i\u00e7in tasarlanm\u0131\u015ft\u0131r <\/span><b class=\"\" data-path-to-node=\"2\" data-index-in-node=\"39\">Kurumsal LAN'lar ve Veri Merkezleri<\/b><span class=\"\">,<\/span><span class=\"\"> bu bile\u015fenler \u00e7ok modlu fiberlerin (OM1\/OM2\/OM3\/OM4) tamam\u0131n\u0131 destekler,<\/span><span class=\"\"> g\u00fcvenilir bir,<\/span><span class=\"\"> Dahili kablolama karma\u015f\u0131kl\u0131\u011f\u0131n\u0131 basitle\u015ftiren ge\u00e7meli kilit aray\u00fcz\u00fc.<\/span><\/p>","protected":false},"featured_media":851,"comment_status":"open","ping_status":"closed","template":"","meta":[],"product_brand":[],"product_cat":[48],"product_tag":[],"class_list":{"0":"post-850","1":"product","2":"type-product","3":"status-publish","4":"has-post-thumbnail","6":"product_cat-sc-simplex-connector-single-mode-multimode","8":"first","9":"instock","10":"shipping-taxable","11":"product-type-simple"},"_links":{"self":[{"href":"https:\/\/www.fenxifiber.com\/tr\/wp-json\/wp\/v2\/product\/850","targetHints":{"allow":["GET"]}}],"collection":[{"href":"https:\/\/www.fenxifiber.com\/tr\/wp-json\/wp\/v2\/product"}],"about":[{"href":"https:\/\/www.fenxifiber.com\/tr\/wp-json\/wp\/v2\/types\/product"}],"replies":[{"embeddable":true,"href":"https:\/\/www.fenxifiber.com\/tr\/wp-json\/wp\/v2\/comments?post=850"}],"wp:featuredmedia":[{"embeddable":true,"href":"https:\/\/www.fenxifiber.com\/tr\/wp-json\/wp\/v2\/media\/851"}],"wp:attachment":[{"href":"https:\/\/www.fenxifiber.com\/tr\/wp-json\/wp\/v2\/media?parent=850"}],"wp:term":[{"taxonomy":"product_brand","embeddable":true,"href":"https:\/\/www.fenxifiber.com\/tr\/wp-json\/wp\/v2\/product_brand?post=850"},{"taxonomy":"product_cat","embeddable":true,"href":"https:\/\/www.fenxifiber.com\/tr\/wp-json\/wp\/v2\/product_cat?post=850"},{"taxonomy":"product_tag","embeddable":true,"href":"https:\/\/www.fenxifiber.com\/tr\/wp-json\/wp\/v2\/product_tag?post=850"}],"curies":[{"name":"wp","href":"https:\/\/api.w.org\/{rel}","templated":true}]}}