{"id":857,"date":"2026-02-04T02:42:12","date_gmt":"2026-02-04T02:42:12","guid":{"rendered":"https:\/\/www.fenxifiber.com\/?post_type=product&#038;p=857"},"modified":"2026-02-04T03:03:09","modified_gmt":"2026-02-04T03:03:09","slug":"sc-upc-2-0-3-0mm-cok-modlu-tum-plastik","status":"publish","type":"product","link":"https:\/\/www.fenxifiber.com\/tr\/product\/sc-upc-2-0-3-0mm-multimode-all-plastic\/","title":{"rendered":"SC UPC 2.0\/3.0mm \u00c7ok Modlu Tamam\u0131 Plastik | Kurumsal S\u0131n\u0131f Yerel Alan A\u011f\u0131 Serisi"},"content":{"rendered":"<h2 data-path-to-node=\"4\">\ud83d\udd2c Malzeme \u0130novasyonu ve Yap\u0131sal Tasar\u0131m<\/h2>\n<p data-path-to-node=\"5\">\u201cTamamen Plastik\u201d tan\u0131m\u0131, y\u00fcksek mukavemetli polimer i\u00e7 \u00e7er\u00e7eveyi ifade eder. Bu tasar\u0131m, malzeme verimlili\u011fi ve \u00e7evresel dirence odaklanan modern m\u00fchendislik trendlerini yans\u0131tmaktad\u0131r.<\/p>\n<ul data-path-to-node=\"6\">\n<li>\n<p data-path-to-node=\"6,0,0\"><b data-path-to-node=\"6,0,0\" data-index-in-node=\"0\">\u0130letken Olmayan Dielektrik Yap\u0131:<\/b> 100% polimer tutma sistemi kullanan bu konekt\u00f6rler, y\u00fcksek elektromanyetik parazit (EMI) olan alanlarda veya g\u00fc\u00e7 da\u011f\u0131t\u0131m sistemlerinin yak\u0131n\u0131nda kullan\u0131m i\u00e7in do\u011fal olarak g\u00fcvenlidir ve fiber yolu boyunca s\u0131f\u0131r elektrik iletkenli\u011fi sa\u011flar.<\/p>\n<\/li>\n<li>\n<p data-path-to-node=\"6,1,0\"><b data-path-to-node=\"6,1,0\" data-index-in-node=\"0\">Korozyona Dayan\u0131kl\u0131 Uzun \u00d6m\u00fcr:<\/b> Nemli veya \u201cs\u0131cak koridorlu\u201d veri merkezi ortamlar\u0131nda oksitlenebilen metal bazl\u0131 bile\u015fenlerin aksine, m\u00fchendislik s\u0131n\u0131f\u0131 plastikler inert kal\u0131r ve mandal mekanizmas\u0131n\u0131n asla k\u0131r\u0131lganla\u015fmamas\u0131n\u0131 veya s\u0131k\u0131\u015fmamas\u0131n\u0131 sa\u011flar.<\/p>\n<\/li>\n<li>\n<p data-path-to-node=\"6,2,0\"><b data-path-to-node=\"6,2,0\" data-index-in-node=\"0\">Termal E\u015fle\u015ftirme Teknolojisi:<\/b> \u0130\u00e7 \u00e7er\u00e7eve, zirkonya y\u00fcks\u00fck ile yak\u0131ndan e\u015fle\u015fen bir termal genle\u015fme katsay\u0131s\u0131na sahip bir termoplastikten kal\u0131planm\u0131\u015ft\u0131r. <b data-path-to-node=\"6,2,0\" data-index-in-node=\"171\">Ultra Fiziksel Temas (UPC)<\/b> Aktif ekipman raflar\u0131ndaki s\u0131cakl\u0131k art\u0131\u015flar\u0131 s\u0131ras\u0131nda stabilite.<\/p>\n<\/li>\n<li>\n<p data-path-to-node=\"6,3,0\"><b data-path-to-node=\"6,3,0\" data-index-in-node=\"0\">Optimize edilmi\u015f 2.0\/3.0mm S\u0131kma B\u00f6lgesi:<\/b> Plastik i\u00e7 g\u00f6vde, metal k\u0131vr\u0131ml\u0131 man\u015fonla s\u0131k\u0131\u015ft\u0131r\u0131ld\u0131\u011f\u0131nda Aramid iplik (Kevlar) \u00fczerinde y\u00fcksek s\u00fcrt\u00fcnmeli bir kilit olu\u015fturan ve a\u015fa\u011f\u0131daki de\u011ferlerde bir \u00e7ekme mukavemeti sa\u011flayan dokulu bir y\u00fczey alan\u0131na sahiptir <b data-path-to-node=\"6,3,0\" data-index-in-node=\"229\">\u2265100N<\/b>.<\/p>\n<\/li>\n<\/ul>\n<hr data-path-to-node=\"7\" \/>\n<h2 data-path-to-node=\"8\">\ud83d\udce1 Stratejik Uygulama Senaryolar\u0131<\/h2>\n<p data-path-to-node=\"9\">SC UPC Multimode All-Plastic serisi, \u00e7e\u015fitli a\u011f mimarilerinde \u00fcst\u00fcnl\u00fck sa\u011flar:<\/p>\n<h3 data-path-to-node=\"10\">1. Y\u00fcksek H\u0131zl\u0131 10G\/40G Veri Merkezleri<\/h3>\n<p data-path-to-node=\"11\">OM3 ve OM4 10Gbps ortamlar\u0131nda, ekleme kayb\u0131 birincil d\u00fc\u015fmand\u0131r. <span class=\"citation-1\">Konekt\u00f6rlerimiz birinci s\u0131n\u0131f <\/span><b data-path-to-node=\"11\" data-index-in-node=\"104\"><span class=\"citation-1\">Zirkonya Seramik Y\u00fcks\u00fckler<\/span><\/b><span class=\"citation-1 citation-end-1\"> \u00d6zellikle \u00e7ok modlu fiber i\u00e7in biraz daha geni\u015f bir deli\u011fe (127\u00b5m) sahiptir ve modal da\u011f\u0131l\u0131m\u0131 en aza indirmek i\u00e7in \u0131\u015f\u0131k ta\u015f\u0131yan \u00e7ekirde\u011fin m\u00fckemmel \u015fekilde hizalanmas\u0131n\u0131 sa\u011flar.<\/span><\/p>\n<div class=\"source-inline-chip-container ng-star-inserted\"><\/div>\n<p>&nbsp;<\/p>\n<h3 data-path-to-node=\"12\">2. Kurumsal Omurga ve Yatay Kablolama<\/h3>\n<p data-path-to-node=\"13\">Bu konnekt\u00f6rlerin hafif yap\u0131s\u0131, onlar\u0131 b\u00fcy\u00fck \u00f6l\u00e7ekli ofis da\u011f\u0131t\u0131mlar\u0131 i\u00e7in ideal hale getirir. ODF'ler ve patch paneller \u00fczerindeki toplam mekanik y\u00fck\u00fc azaltarak binlerce ba\u011flant\u0131 i\u00e7eren raflarda olu\u015fabilecek uzun s\u00fcreli \u201cport sarkmas\u0131n\u0131\u201d \u00f6nler.<\/p>\n<h3 data-path-to-node=\"14\">3. End\u00fcstriyel Otomasyon ve T\u0131bbi G\u00f6r\u00fcnt\u00fcleme<\/h3>\n<p data-path-to-node=\"15\">T\u0131bbi MRI s\u00fcitleri veya end\u00fcstriyel PLC kontrol kabinleri gibi elektrik yal\u0131t\u0131m\u0131 gerektiren ortamlarda, All-Plastic SC konnekt\u00f6r\u00fcn metalik olmayan i\u00e7 yap\u0131s\u0131 ekstra bir g\u00fcvenlik ve sinyal safl\u0131\u011f\u0131 katman\u0131 sa\u011flar.<\/p>\n<hr data-path-to-node=\"16\" \/>\n<h2 data-path-to-node=\"17\">\ud83d\udcc8 Teknik Performans Kar\u015f\u0131la\u015ft\u0131rmalar\u0131<\/h2>\n<table data-path-to-node=\"18\">\n<thead>\n<tr>\n<td><strong>Performans Metri\u011fi<\/strong><\/td>\n<td><strong>\u015eartname Seviyesi<\/strong><\/td>\n<td><strong>Operasyonel Avantaj<\/strong><\/td>\n<\/tr>\n<\/thead>\n<tbody>\n<tr>\n<td><span data-path-to-node=\"18,1,0,0\"><b data-path-to-node=\"18,1,0,0\" data-index-in-node=\"0\">Fiber Uyumlulu\u011fu<\/b><\/span><\/td>\n<td><span data-path-to-node=\"18,1,1,0\">\u00c7ok modlu 50\/125\u00b5m veya 62,5\/125\u00b5m<\/span><\/td>\n<td><span data-path-to-node=\"18,1,2,0\">OM1, OM2, OM3, OM4'\u00fc destekler<\/span><\/td>\n<\/tr>\n<tr>\n<td><span data-path-to-node=\"18,2,0,0\"><b data-path-to-node=\"18,2,0,0\" data-index-in-node=\"0\">G\u00f6vde Rengi<\/b><\/span><\/td>\n<td><span data-path-to-node=\"18,2,1,0\">Aqua (OM3\/4) \/ Bej (OM1\/2)<\/span><\/td>\n<td><span data-path-to-node=\"18,2,2,0\">H\u0131zl\u0131 g\u00f6rsel a\u011f tan\u0131mlama<\/span><\/td>\n<\/tr>\n<tr>\n<td><span data-path-to-node=\"18,3,0,0\"><b data-path-to-node=\"18,3,0,0\" data-index-in-node=\"0\">Ekleme Kayb\u0131 (IL)<\/b><\/span><\/td>\n<td><span data-path-to-node=\"18,3,1,0\"><b data-path-to-node=\"18,3,1,0\" data-index-in-node=\"0\">Tipik: \u2264 0,15 dB<\/b> \/ Maks: \u2264 0,25 dB<\/span><\/td>\n<td><span data-path-to-node=\"18,3,2,0\">Uzun \u00e7al\u0131\u015fmalar i\u00e7in sinyali korur<\/span><\/td>\n<\/tr>\n<tr>\n<td><span data-path-to-node=\"18,4,0,0\"><b data-path-to-node=\"18,4,0,0\" data-index-in-node=\"0\">Geri D\u00f6n\u00fc\u015f Kayb\u0131 (RL)<\/b><\/span><\/td>\n<td><span data-path-to-node=\"18,4,1,0\">\u2265 30 dB (UPC)<\/span><\/td>\n<td><span data-path-to-node=\"18,4,2,0\">Y\u00fcksek h\u0131zl\u0131 ba\u011flant\u0131larda titre\u015fimi azalt\u0131r<\/span><\/td>\n<\/tr>\n<tr>\n<td><span data-path-to-node=\"18,5,0,0\"><b data-path-to-node=\"18,5,0,0\" data-index-in-node=\"0\">Tutma G\u00fcc\u00fc<\/b><\/span><\/td>\n<td><span data-path-to-node=\"18,5,1,0\">\u2265 100N (22,5 lbs)<\/span><\/td>\n<td><span data-path-to-node=\"18,5,2,0\">Kazara \u00e7ekmeye kar\u015f\u0131 emniyetli<\/span><\/td>\n<\/tr>\n<tr>\n<td><span data-path-to-node=\"18,6,0,0\"><b data-path-to-node=\"18,6,0,0\" data-index-in-node=\"0\">\u00c7iftle\u015fme D\u00f6ng\u00fcleri<\/b><\/span><\/td>\n<td><span data-path-to-node=\"18,6,1,0\">&gt; 1000 Kez<\/span><\/td>\n<td><span data-path-to-node=\"18,6,2,0\">S\u0131k yama i\u00e7in g\u00fcvenilir<\/span><\/td>\n<\/tr>\n<tr>\n<td><span data-path-to-node=\"18,7,0,0\"><b data-path-to-node=\"18,7,0,0\" data-index-in-node=\"0\">G\u00fcvenlik Uyumlulu\u011fu<\/b><\/span><\/td>\n<td><span data-path-to-node=\"18,7,1,0\">UL 94V-0 \/ RoHS \/ REACH<\/span><\/td>\n<td><span data-path-to-node=\"18,7,2,0\">K\u00fcresel \u00e7evre standartlar\u0131<\/span><\/td>\n<\/tr>\n<\/tbody>\n<\/table>\n<hr data-path-to-node=\"19\" \/>\n<h2 data-path-to-node=\"20\">\ud83d\udee0 \u00dcretim ve Kalite \u00d6zelle\u015ftirme<\/h2>\n<p data-path-to-node=\"21\">Do\u011frudan \u00fcretim orta\u011f\u0131 olarak, bu konnekt\u00f6rleri montaj evleri i\u00e7in \u00e7e\u015fitli katma de\u011ferli se\u00e7eneklerle birlikte sunuyoruz:<\/p>\n<ul data-path-to-node=\"22\">\n<li>\n<p data-path-to-node=\"22,0,0\"><b data-path-to-node=\"22,0,0\" data-index-in-node=\"0\">Mod\u00fcler \u00d6ny\u00fckleme Se\u00e7enekleri:<\/b> Kitler, kablo giri\u015f noktas\u0131nda mikro b\u00fck\u00fclmeyi \u00f6nlemek i\u00e7in \u201cuzun konik\u201d tasar\u0131ma sahip 2.0mm veya 3.0mm ceketlere uyacak \u015fekilde tasarlanm\u0131\u015f \u00f6zel botlar i\u00e7erir.<\/p>\n<\/li>\n<li>\n<p data-path-to-node=\"22,1,0\"><b data-path-to-node=\"22,1,0\" data-index-in-node=\"0\">Y\u00fcks\u00fck Hassas Derecelendirmesi:<\/b> Genel ama\u00e7l\u0131 a\u011f ileti\u015fimi i\u00e7in standart s\u0131n\u0131f y\u00fcks\u00fckler ve y\u00fcksek hassasiyetli laboratuvar test ortamlar\u0131 i\u00e7in ultra s\u0131k\u0131 e\u015fmerkezlili\u011fe sahip \u201cMaster Grade\u201d y\u00fcks\u00fckler sunuyoruz.<\/p>\n<\/li>\n<li>\n<p data-path-to-node=\"22,2,0\"><b data-path-to-node=\"22,2,0\" data-index-in-node=\"0\">K\u0131vr\u0131ml\u0131 Kovan Varyantlar\u0131:<\/b> \u00d6zel \u00fcretim tak\u0131mlar\u0131n\u0131za ve gerilim gereksinimlerinize uymas\u0131 i\u00e7in standart al\u00fcminyum veya g\u00fc\u00e7lendirilmi\u015f bak\u0131r k\u0131vr\u0131m man\u015fonlar\u0131 aras\u0131ndan se\u00e7im yap\u0131n.<\/p>\n<\/li>\n<li>\n<p data-path-to-node=\"22,3,0\"><b data-path-to-node=\"22,3,0\" data-index-in-node=\"0\">\u00d6zel Logo Kabartma:<\/b> B\u00fcy\u00fck \u00f6l\u00e7ekli distrib\u00fct\u00f6rler ve OEM'ler i\u00e7in, marka tan\u0131mlamas\u0131 veya belirli seri numaraland\u0131rma i\u00e7eren \u00f6zel muhafaza kal\u0131plama sunuyoruz.<\/p>\n<\/li>\n<\/ul>","protected":false},"excerpt":{"rendered":"<p data-path-to-node=\"1\"><span class=\"\">Bu <\/span><b class=\"\" data-path-to-node=\"1\" data-index-in-node=\"4\">SC UPC 2.0\/3.0mm \u00c7ok Modlu Tamamen Plastik<\/b><span class=\"\"> konnekt\u00f6r, maliyet optimizasyonu i\u00e7in kesin se\u00e7imdir,<\/span><span class=\"\"> y\u00fcksek yo\u011funluklu \u00e7ok modlu fiber da\u011f\u0131t\u0131mlar\u0131.<\/span><span class=\"\"> \u015eunlar i\u00e7in \u00f6zel olarak tasarlanm\u0131\u015ft\u0131r <\/span><b class=\"\" data-path-to-node=\"1\" data-index-in-node=\"168\">OM1, OM2, OM3 ve OM4<\/b><span class=\"\"> altyap\u0131lar,<\/span><span class=\"\"> Bu \u201cTamamen Plastik\u201d mimari, y\u00fcksek h\u0131zl\u0131 VCSEL tabanl\u0131 veri iletimi i\u00e7in gereken hassasiyetten \u00f6d\u00fcn vermeden metalik bile\u015fenlerin a\u011f\u0131rl\u0131k ve maliyet y\u00fck\u00fcn\u00fc ortadan kald\u0131r\u0131r.<\/span><\/p>\n<p data-path-to-node=\"2\"><span class=\"\">Ki\u015fiye \u00f6zel <\/span><b class=\"\" data-path-to-node=\"2\" data-index-in-node=\"13\">2.0mm ve 3.0mm k\u0131l\u0131fl\u0131 kablolar<\/b><span class=\"\">,<\/span><span class=\"\"> bu konekt\u00f6rler dayan\u0131kl\u0131d\u0131r,<\/span><\/p>","protected":false},"featured_media":859,"comment_status":"open","ping_status":"closed","template":"","meta":[],"product_brand":[],"product_cat":[48],"product_tag":[],"class_list":{"0":"post-857","1":"product","2":"type-product","3":"status-publish","4":"has-post-thumbnail","6":"product_cat-sc-simplex-connector-single-mode-multimode","8":"first","9":"instock","10":"shipping-taxable","11":"product-type-simple"},"_links":{"self":[{"href":"https:\/\/www.fenxifiber.com\/tr\/wp-json\/wp\/v2\/product\/857","targetHints":{"allow":["GET"]}}],"collection":[{"href":"https:\/\/www.fenxifiber.com\/tr\/wp-json\/wp\/v2\/product"}],"about":[{"href":"https:\/\/www.fenxifiber.com\/tr\/wp-json\/wp\/v2\/types\/product"}],"replies":[{"embeddable":true,"href":"https:\/\/www.fenxifiber.com\/tr\/wp-json\/wp\/v2\/comments?post=857"}],"wp:featuredmedia":[{"embeddable":true,"href":"https:\/\/www.fenxifiber.com\/tr\/wp-json\/wp\/v2\/media\/859"}],"wp:attachment":[{"href":"https:\/\/www.fenxifiber.com\/tr\/wp-json\/wp\/v2\/media?parent=857"}],"wp:term":[{"taxonomy":"product_brand","embeddable":true,"href":"https:\/\/www.fenxifiber.com\/tr\/wp-json\/wp\/v2\/product_brand?post=857"},{"taxonomy":"product_cat","embeddable":true,"href":"https:\/\/www.fenxifiber.com\/tr\/wp-json\/wp\/v2\/product_cat?post=857"},{"taxonomy":"product_tag","embeddable":true,"href":"https:\/\/www.fenxifiber.com\/tr\/wp-json\/wp\/v2\/product_tag?post=857"}],"curies":[{"name":"wp","href":"https:\/\/api.w.org\/{rel}","templated":true}]}}