{"id":864,"date":"2026-02-04T02:45:24","date_gmt":"2026-02-04T02:45:24","guid":{"rendered":"https:\/\/www.fenxifiber.com\/?post_type=product&#038;p=864"},"modified":"2026-02-04T03:04:03","modified_gmt":"2026-02-04T03:04:03","slug":"sc-upc-2-0-3-0mm-ci%cc%87nko-alasimli-stoplu","status":"publish","type":"product","link":"https:\/\/www.fenxifiber.com\/tr\/product\/sc-upc-2-0-3-0mm-with-zinc-alloy-stop\/","title":{"rendered":"SC UPC 2.0\/3.0mm \u00c7inko Ala\u015f\u0131ml\u0131 Durdurma | A\u011f\u0131r Hizmet Tipi End\u00fcstriyel Ara Ba\u011flant\u0131lar"},"content":{"rendered":"<h2 data-path-to-node=\"4\">\ud83c\udfd7\ufe0f Yap\u0131sal \u00dcst\u00fcnl\u00fck: Metal-Stop Mimarisi<\/h2>\n<p data-path-to-node=\"5\">Plastik bir i\u00e7 \u00e7er\u00e7eveden bir i\u00e7 \u00e7er\u00e7eveye ge\u00e7i\u015f <b data-path-to-node=\"5\" data-index-in-node=\"50\">\u00c7inko Ala\u015f\u0131ml\u0131 Stop<\/b> konnekt\u00f6r\u00fcn stres alt\u0131ndaki performans profilini temelden de\u011fi\u015ftirir.<\/p>\n<ul data-path-to-node=\"6\">\n<li>\n<p data-path-to-node=\"6,0,0\"><b data-path-to-node=\"6,0,0\" data-index-in-node=\"0\">Kal\u0131c\u0131 Eksenel Stabilite:<\/b> \u00c7inko Ala\u015f\u0131ml\u0131 durdurucu sert bir b\u00f6lme g\u00f6revi g\u00f6r\u00fcr. 3.0 mm kablolarda, k\u0131l\u0131f\u0131n a\u011f\u0131rl\u0131\u011f\u0131 ve sertli\u011fi dahili bile\u015fenleri \u00e7ekebilir; bu metal durdurucu, kablolar\u0131n <b data-path-to-node=\"6,0,0\" data-index-in-node=\"194\">Ultra Fiziksel Temas (UPC)<\/b> sinyal \u201ctitremesini\u201d veya ge\u00e7ici ba\u011flant\u0131 kopukluklar\u0131n\u0131 \u00f6nleyerek m\u00fckemmel \u015fekilde oturur.<\/p>\n<\/li>\n<li>\n<p data-path-to-node=\"6,1,0\"><b data-path-to-node=\"6,1,0\" data-index-in-node=\"0\">Termal Genle\u015fme N\u00f6trl\u00fc\u011f\u00fc:<\/b> \u00c7inko ala\u015f\u0131m\u0131 gibi metaller, standart polimerlere k\u0131yasla \u00fcst\u00fcn boyutsal kararl\u0131l\u0131\u011fa sahiptir. A\u015f\u0131r\u0131 s\u0131cak (aktif ekipman raflar\u0131) veya so\u011fuk (d\u0131\u015f mekan dolaplar\u0131) ortamlarda, metal durdurucu i\u00e7 yay geriliminin sabit kalmas\u0131n\u0131 sa\u011flar. <span class=\"math-inline\" data-math=\"1.2\\text{ kgf}\" data-index-in-node=\"283\">$1.2\\text{ kgf}$<\/span>.<\/p>\n<\/li>\n<li>\n<p data-path-to-node=\"6,2,0\"><b data-path-to-node=\"6,2,0\" data-index-in-node=\"0\">G\u00fc\u00e7lendirilmi\u015f S\u0131kma Matrisi:<\/b> Metalik g\u00f6vde, k\u0131vr\u0131m man\u015fonunun s\u0131k\u0131\u015fmas\u0131 i\u00e7in sa\u011flam, ezilemeyen bir y\u00fczey sa\u011flar. Bu, Aramid iplik (Kevlar) \u00fczerinde \u00e7ok daha s\u0131k\u0131 bir kilitlenme sa\u011flayarak \u00fcst\u00fcn bir \u00e7ekme mukavemeti elde edilmesini sa\u011flar. <b data-path-to-node=\"6,2,0\" data-index-in-node=\"228\"><span class=\"math-inline\" data-math=\"\\ge 100\\text{N}\" data-index-in-node=\"228\">$\\ge 100\\text{N}$<\/span><\/b>.<\/p>\n<\/li>\n<li>\n<p data-path-to-node=\"6,3,0\"><b data-path-to-node=\"6,3,0\" data-index-in-node=\"0\">Titre\u015fim S\u00f6n\u00fcmleme:<\/b> \u00c7inko ala\u015f\u0131ml\u0131 \u00e7er\u00e7evenin ilave k\u00fctlesi ve sertli\u011fi, bu konnekt\u00f6r\u00fc s\u00fcrekli titre\u015fimin sadece plastik konnekt\u00f6rlerin zamanla yorulmas\u0131na neden olabilece\u011fi end\u00fcstriyel otomasyon ve ula\u015f\u0131m a\u011flar\u0131 i\u00e7in ideal hale getirir.<\/p>\n<\/li>\n<\/ul>\n<hr data-path-to-node=\"7\" \/>\n<h2 data-path-to-node=\"8\">\ud83c\udf10 Geli\u015fmi\u015f Uygulama Senaryolar\u0131<\/h2>\n<p data-path-to-node=\"9\">Zinc-Stop serisi, 25 y\u0131ll\u0131k hizmet \u00f6mr\u00fc gerektiren altyap\u0131lar i\u00e7in \u201cAlt\u0131n Standart \u201dt\u0131r:<\/p>\n<h3 data-path-to-node=\"10\">1. Ta\u015f\u0131y\u0131c\u0131 S\u0131n\u0131f\u0131 Merkezi Ofisler (CO)<\/h3>\n<p data-path-to-node=\"11\">Y\u00fcksek yo\u011funluklu ODF'lerde, ba\u011flant\u0131 kablolar\u0131 genellikle dar kablo y\u00f6neticilerinden \u00e7ekilir. \u00c7inko Ala\u015f\u0131ml\u0131 durdurucu, hassas fiber-ferr\u00fcl ba\u011f\u0131n\u0131 eksenel gerilimden koruyarak \u201cba\u011flant\u0131 noktas\u0131 \u00e7ekmesinin\u201d ekleme kayb\u0131n\u0131n artmas\u0131na neden olmamas\u0131n\u0131 sa\u011flar.<\/p>\n<h3 data-path-to-node=\"12\">2. Dikey Y\u00fckseltici ve Uzun A\u00e7\u0131kl\u0131kl\u0131 Kablolama<\/h3>\n<p data-path-to-node=\"13\">3.0mm kablolar dikey olarak veya uzun a\u00e7\u0131kl\u0131klar boyunca \u00e7al\u0131\u015ft\u0131r\u0131ld\u0131\u011f\u0131nda, kablonun a\u011f\u0131rl\u0131\u011f\u0131 konnekt\u00f6r \u00fczerinde s\u00fcrekli bir bask\u0131 olu\u015fturur. Bu seri, daha hafif hizmet modellerinde yayg\u0131n olan \u201cpistonlama\u201d etkisi (y\u00fcks\u00fck geri \u00e7ekilmesi) olmadan bu a\u011f\u0131rl\u0131\u011f\u0131 destekleyecek \u015fekilde tasarlanm\u0131\u015ft\u0131r.<\/p>\n<h3 data-path-to-node=\"14\">3. Y\u00fcksek G\u00fc\u00e7l\u00fc Optik \u0130letim<\/h3>\n<p data-path-to-node=\"15\">Y\u00fcksek g\u00fc\u00e7l\u00fc sinyaller ta\u015f\u0131yan a\u011flar i\u00e7in, y\u00fcks\u00fckteki herhangi bir mikro hareket, y\u0131k\u0131c\u0131 geri yans\u0131malara yol a\u00e7abilir. Bu serinin metalik kararl\u0131l\u0131\u011f\u0131 tutarl\u0131 bir geri yans\u0131ma sa\u011flar. <b data-path-to-node=\"15\" data-index-in-node=\"178\">Geri D\u00f6n\u00fc\u015f Kayb\u0131 <span class=\"math-inline\" data-math=\"\\ge 55\\text{dB}\" data-index-in-node=\"193\">$\\ge 55\\text{dB}$<\/span><\/b>, pahal\u0131 SFP\/XFP al\u0131c\u0131-vericilerini korur.<\/p>\n<hr data-path-to-node=\"16\" \/>\n<h2 data-path-to-node=\"17\">\ud83d\udcc9 Teknik Performans matrisi<\/h2>\n<table data-path-to-node=\"18\">\n<thead>\n<tr>\n<td><strong>Metrik<\/strong><\/td>\n<td><strong>Performans Seviyesi<\/strong><\/td>\n<td><strong>Stratejik Avantaj<\/strong><\/td>\n<\/tr>\n<\/thead>\n<tbody>\n<tr>\n<td><span data-path-to-node=\"18,1,0,0\"><b data-path-to-node=\"18,1,0,0\" data-index-in-node=\"0\">\u0130\u00e7 Malzeme<\/b><\/span><\/td>\n<td><span data-path-to-node=\"18,1,1,0\">Hassas D\u00f6k\u00fcm \u00c7inko Ala\u015f\u0131m<\/span><\/td>\n<td><span data-path-to-node=\"18,1,2,0\">Maksimum yap\u0131sal sa\u011flaml\u0131k<\/span><\/td>\n<\/tr>\n<tr>\n<td><span data-path-to-node=\"18,2,0,0\"><b data-path-to-node=\"18,2,0,0\" data-index-in-node=\"0\">Y\u00fcks\u00fck Tipi<\/b><\/span><\/td>\n<td><span data-path-to-node=\"18,2,1,0\">Premium Zirkonya Seramik<\/span><\/td>\n<td><span data-path-to-node=\"18,2,2,0\">Konsantriklik <span class=\"math-inline\" data-math=\"\\le 0.5\\mu\\text{m}\" data-index-in-node=\"14\">$\\le 0,5\\mu\\text{m}$<\/span><\/span><\/td>\n<\/tr>\n<tr>\n<td><span data-path-to-node=\"18,3,0,0\"><b data-path-to-node=\"18,3,0,0\" data-index-in-node=\"0\">Ekleme Kayb\u0131 (IL)<\/b><\/span><\/td>\n<td><span data-path-to-node=\"18,3,1,0\"><b data-path-to-node=\"18,3,1,0\" data-index-in-node=\"0\">Tipik <span class=\"math-inline\" data-math=\"\\le 0.12\\text{ dB}\" data-index-in-node=\"8\">$\\le 0.12\\text{ dB}$<\/span><\/b> \/ Maks <span class=\"math-inline\" data-math=\"\\le 0.30\\text{ dB}\" data-index-in-node=\"33\">$\\le 0,30\\text{ dB}$<\/span><\/span><\/td>\n<td><span data-path-to-node=\"18,3,2,0\">Sekt\u00f6r lideri g\u00fc\u00e7 verimlili\u011fi<\/span><\/td>\n<\/tr>\n<tr>\n<td><span data-path-to-node=\"18,4,0,0\"><b data-path-to-node=\"18,4,0,0\" data-index-in-node=\"0\">Geri D\u00f6n\u00fc\u015f Kayb\u0131 (RL)<\/b><\/span><\/td>\n<td><span data-path-to-node=\"18,4,1,0\"><span class=\"math-inline\" data-math=\"\\ge 50\\text{ dB}\" data-index-in-node=\"0\">$\\ge 50\\text{ dB}$<\/span> (UPC)<\/span><\/td>\n<td><span data-path-to-node=\"18,4,2,0\">Sinyal yans\u0131mas\u0131n\u0131 en aza indirir<\/span><\/td>\n<\/tr>\n<tr>\n<td><span data-path-to-node=\"18,5,0,0\"><b data-path-to-node=\"18,5,0,0\" data-index-in-node=\"0\">\u00c7ekme Direnci<\/b><\/span><\/td>\n<td><span data-path-to-node=\"18,5,1,0\"><span class=\"math-inline\" data-math=\"\\ge 100\\text{N}\" data-index-in-node=\"0\">$\\ge 100\\text{N}$<\/span> (<span class=\"math-inline\" data-math=\"22.5\\text{ lbs}\" data-index-in-node=\"17\">$22,5\\text{ lbs}$<\/span>)<\/span><\/td>\n<td><span data-path-to-node=\"18,5,2,0\">A\u011f\u0131r mekanik strese kar\u015f\u0131 g\u00fcvenli<\/span><\/td>\n<\/tr>\n<tr>\n<td><span data-path-to-node=\"18,6,0,0\"><b data-path-to-node=\"18,6,0,0\" data-index-in-node=\"0\">\u00c7al\u0131\u015fma Aral\u0131\u011f\u0131<\/b><\/span><\/td>\n<td><span data-path-to-node=\"18,6,1,0\"><span class=\"math-inline\" data-math=\"-40^\\circ\\text{C}\" data-index-in-node=\"0\">$-40^\\circ\\text{C}$<\/span> i\u00e7in <span class=\"math-inline\" data-math=\"+85^\\circ\\text{C}\" data-index-in-node=\"21\">$+85^\\circ\\text{C}$<\/span><\/span><\/td>\n<td><span data-path-to-node=\"18,6,2,0\">Her t\u00fcrl\u00fc k\u00fcresel iklimde kararl\u0131<\/span><\/td>\n<\/tr>\n<tr>\n<td><span data-path-to-node=\"18,7,0,0\"><b data-path-to-node=\"18,7,0,0\" data-index-in-node=\"0\">Dayan\u0131kl\u0131l\u0131k<\/b><\/span><\/td>\n<td><span data-path-to-node=\"18,7,1,0\"><span class=\"math-inline\" data-math=\"&gt; 1000\" data-index-in-node=\"0\">$&gt; 1000$<\/span> \u00c7iftle\u015fme D\u00f6ng\u00fcleri<\/span><\/td>\n<td><span data-path-to-node=\"18,7,2,0\">S\u00fcng\u00fc ve mandalda d\u00fc\u015f\u00fck a\u015f\u0131nma<\/span><\/td>\n<\/tr>\n<\/tbody>\n<\/table>\n<hr data-path-to-node=\"19\" \/>\n<h2 data-path-to-node=\"20\">\ud83d\udce6 \u00dcretim ve OEM \u00d6zelle\u015ftirme<\/h2>\n<p data-path-to-node=\"21\">Do\u011frudan \u00fcretim orta\u011f\u0131 olarak, bu a\u011f\u0131r hizmet bile\u015fenlerini tedarik zinciri esnekli\u011fine odaklanarak sa\u011fl\u0131yoruz:<\/p>\n<ul data-path-to-node=\"22\">\n<li>\n<p data-path-to-node=\"22,0,0\"><b data-path-to-node=\"22,0,0\" data-index-in-node=\"0\">Y\u00fcksek Tutu\u015flu S\u0131kma Man\u015fonlar\u0131:<\/b> Kitler, \u00c7inko Ala\u015f\u0131ml\u0131 Durdurucunun sertli\u011fine uyacak \u015fekilde tasarlanm\u0131\u015f g\u00fc\u00e7lendirilmi\u015f metal man\u015fonlar i\u00e7erir ve kablo k\u0131l\u0131f\u0131 \u00fczerinde kal\u0131c\u0131 bir \u201c\u0131s\u0131rma\u201d sa\u011flar.<\/p>\n<\/li>\n<li>\n<p data-path-to-node=\"22,1,0\"><b data-path-to-node=\"22,1,0\" data-index-in-node=\"0\">Evrensel \u00d6ny\u00fckleme Deste\u011fi:<\/b> 2.0\/3.0mm botlar\u0131m\u0131z, konnekt\u00f6r-kablo aray\u00fcz\u00fcnde mikro b\u00fck\u00fclmeleri \u00f6nleyerek yumu\u015fak bir b\u00fck\u00fclme yar\u0131\u00e7ap\u0131 ge\u00e7i\u015fi sa\u011flamak i\u00e7in y\u00fcksek elastikiyetli polimerden yap\u0131lm\u0131\u015ft\u0131r.<\/p>\n<\/li>\n<li>\n<p data-path-to-node=\"22,2,0\"><b data-path-to-node=\"22,2,0\" data-index-in-node=\"0\">Renk Kodlu Tan\u0131mlay\u0131c\u0131lar:<\/b> Standart Mavi renk OS2 Tek mod i\u00e7in olsa da, belirli y\u00fcksek \u00f6ncelikli veri yollar\u0131 i\u00e7in \u00f6zel renkli muhafazalar sa\u011flayabiliriz.<\/p>\n<\/li>\n<li>\n<p data-path-to-node=\"22,3,0\"><b data-path-to-node=\"22,3,0\" data-index-in-node=\"0\">\u00d6nceden S\u0131n\u0131fland\u0131r\u0131lm\u0131\u015f Toplu Kitler:<\/b> Fabrika montaj\u0131nda zamandan tasarruf etmek i\u00e7in, y\u00fcks\u00fcklerin, durdurucular\u0131n ve muhafazalar\u0131n h\u0131zl\u0131 bir \u015fekilde al\u0131n\u0131p yerle\u015ftirilmesi i\u00e7in s\u0131raland\u0131\u011f\u0131 \u201c\u00dcretime Haz\u0131r\u201d ambalajlar sunuyoruz.<\/p>\n<\/li>\n<\/ul>","protected":false},"excerpt":{"rendered":"<p data-path-to-node=\"1\">Bu <b data-path-to-node=\"1\" data-index-in-node=\"4\">SC UPC 2.0\/3.0mm \u00c7inko Ala\u015f\u0131ml\u0131 Stoplu<\/b> mekanik ar\u0131zan\u0131n bir se\u00e7enek olmad\u0131\u011f\u0131 ortamlar i\u00e7in tasarlanm\u0131\u015f birinci s\u0131n\u0131f bir konnekt\u00f6rd\u00fcr. Standart konnekt\u00f6rler plastik i\u00e7 \u00e7er\u00e7evelere dayan\u0131rken, bu seri bir <b data-path-to-node=\"1\" data-index-in-node=\"225\">hassas d\u00f6k\u00fcm \u00c7inko Ala\u015f\u0131ml\u0131 i\u00e7 b\u00f6lme<\/b>. Bu metalik \u201cStop\u201d konekt\u00f6r\u00fcn yap\u0131sal kalbi olarak g\u00f6rev yapar ve y\u00fcks\u00fck ile yay tertibat\u0131 i\u00e7in boyun e\u011fmeyen bir ankraj sa\u011flar.<\/p>\n<p data-path-to-node=\"2\">\u00d6zellikle a\u015fa\u011f\u0131dakiler i\u00e7in tasarlanm\u0131\u015ft\u0131r <b data-path-to-node=\"2\" data-index-in-node=\"32\">a\u011f\u0131r hizmet tipi patch kablolar, end\u00fcstriyel fiber ba\u011flant\u0131lar ve ta\u015f\u0131y\u0131c\u0131 s\u0131n\u0131f\u0131 merkez ofisler<\/b> 2.0mm veya 3.0mm kablolar\u0131n s\u0131k kullan\u0131m, y\u00fcksek gerilimli y\u00f6nlendirme veya \u00f6nemli s\u0131cakl\u0131k dalgalanmalar\u0131na maruz kald\u0131\u011f\u0131 yerlerde.<\/p>","protected":false},"featured_media":865,"comment_status":"open","ping_status":"closed","template":"","meta":[],"product_brand":[],"product_cat":[48],"product_tag":[],"class_list":{"0":"post-864","1":"product","2":"type-product","3":"status-publish","4":"has-post-thumbnail","6":"product_cat-sc-simplex-connector-single-mode-multimode","8":"first","9":"instock","10":"shipping-taxable","11":"product-type-simple"},"_links":{"self":[{"href":"https:\/\/www.fenxifiber.com\/tr\/wp-json\/wp\/v2\/product\/864","targetHints":{"allow":["GET"]}}],"collection":[{"href":"https:\/\/www.fenxifiber.com\/tr\/wp-json\/wp\/v2\/product"}],"about":[{"href":"https:\/\/www.fenxifiber.com\/tr\/wp-json\/wp\/v2\/types\/product"}],"replies":[{"embeddable":true,"href":"https:\/\/www.fenxifiber.com\/tr\/wp-json\/wp\/v2\/comments?post=864"}],"wp:featuredmedia":[{"embeddable":true,"href":"https:\/\/www.fenxifiber.com\/tr\/wp-json\/wp\/v2\/media\/865"}],"wp:attachment":[{"href":"https:\/\/www.fenxifiber.com\/tr\/wp-json\/wp\/v2\/media?parent=864"}],"wp:term":[{"taxonomy":"product_brand","embeddable":true,"href":"https:\/\/www.fenxifiber.com\/tr\/wp-json\/wp\/v2\/product_brand?post=864"},{"taxonomy":"product_cat","embeddable":true,"href":"https:\/\/www.fenxifiber.com\/tr\/wp-json\/wp\/v2\/product_cat?post=864"},{"taxonomy":"product_tag","embeddable":true,"href":"https:\/\/www.fenxifiber.com\/tr\/wp-json\/wp\/v2\/product_tag?post=864"}],"curies":[{"name":"wp","href":"https:\/\/api.w.org\/{rel}","templated":true}]}}