{"id":868,"date":"2026-02-04T02:52:43","date_gmt":"2026-02-04T02:52:43","guid":{"rendered":"https:\/\/www.fenxifiber.com\/?post_type=product&#038;p=868"},"modified":"2026-02-05T02:29:50","modified_gmt":"2026-02-05T02:29:50","slug":"lc-upc-2-0mm-duplex-multimode-gul-kirmizi","status":"publish","type":"product","link":"https:\/\/www.fenxifiber.com\/tr\/product\/lc-upc-2-0mm-duplex-multimode-rose-red\/","title":{"rendered":"LC UPC 2.0mm \u00c7ift Y\u00f6nl\u00fc \u00c7ok Modlu Konekt\u00f6r (G\u00fcl K\u0131rm\u0131z\u0131s\u0131)"},"content":{"rendered":"<h3 data-start=\"705\" data-end=\"752\">Dubleks LC neden veri merkezi standard\u0131d\u0131r?<\/h3>\n<div class=\"TyagGW_tableContainer\">\n<div class=\"group TyagGW_tableWrapper flex flex-col-reverse w-fit\" tabindex=\"-1\">\n<table class=\"w-fit min-w-(--thread-content-width)\" data-start=\"754\" data-end=\"948\">\n<thead data-start=\"754\" data-end=\"808\">\n<tr data-start=\"754\" data-end=\"808\">\n<th class=\"\" data-start=\"754\" data-end=\"771\" data-col-size=\"sm\">Konekt\u00f6r Tipi<\/th>\n<th class=\"\" data-start=\"771\" data-end=\"789\" data-col-size=\"sm\">Ne ta\u015f\u0131yor<\/th>\n<th class=\"\" data-start=\"789\" data-end=\"808\" data-col-size=\"sm\">Kullan\u0131ld\u0131\u011f\u0131 yerler<\/th>\n<\/tr>\n<\/thead>\n<tbody data-start=\"823\" data-end=\"948\">\n<tr data-start=\"823\" data-end=\"866\">\n<td data-start=\"823\" data-end=\"833\" data-col-size=\"sm\">Simplex<\/td>\n<td data-start=\"833\" data-end=\"845\" data-col-size=\"sm\">Bir fiber<\/td>\n<td data-start=\"845\" data-end=\"866\" data-col-size=\"sm\">Pigtailler, test<\/td>\n<\/tr>\n<tr data-start=\"867\" data-end=\"948\">\n<td data-start=\"867\" data-end=\"883\" data-col-size=\"sm\"><strong data-start=\"869\" data-end=\"882\">\u00c7ift Y\u00f6nl\u00fc LC<\/strong><\/td>\n<td data-start=\"883\" data-end=\"908\" data-col-size=\"sm\"><strong data-start=\"885\" data-end=\"907\">\u0130ki fiber (Tx\/Rx)<\/strong><\/td>\n<td data-start=\"908\" data-end=\"948\" data-col-size=\"sm\"><strong data-start=\"910\" data-end=\"946\">Anahtar \u2194 Sunucu, Anahtar \u2194 Anahtar<\/strong><\/td>\n<\/tr>\n<\/tbody>\n<\/table>\n<\/div>\n<\/div>\n<p data-start=\"950\" data-end=\"1047\">Tek bir dubleks fi\u015f, iki tek y\u00f6nl\u00fc kablonun yerini al\u0131r-<strong data-start=\"998\" data-end=\"1046\">daha h\u0131zl\u0131 kurulum, daha az hata, daha temiz raflar<\/strong>.<\/p>\n<hr data-start=\"1049\" data-end=\"1052\" \/>\n<h3 data-start=\"1054\" data-end=\"1095\">Rose-red = y\u00fcksek bant geni\u015flikli \u00e7ok modlu<\/h3>\n<div class=\"TyagGW_tableContainer\">\n<div class=\"group TyagGW_tableWrapper flex flex-col-reverse w-fit\" tabindex=\"-1\">\n<table class=\"w-fit min-w-(--thread-content-width)\" data-start=\"1097\" data-end=\"1280\">\n<thead data-start=\"1097\" data-end=\"1143\">\n<tr data-start=\"1097\" data-end=\"1143\">\n<th class=\"\" data-start=\"1097\" data-end=\"1111\" data-col-size=\"sm\">Elyaf S\u0131n\u0131f\u0131<\/th>\n<th class=\"\" data-start=\"1111\" data-end=\"1119\" data-col-size=\"sm\">Renk<\/th>\n<th class=\"\" data-start=\"1119\" data-end=\"1143\" data-col-size=\"sm\">100G'de Tipik Eri\u015fim<\/th>\n<\/tr>\n<\/thead>\n<tbody data-start=\"1158\" data-end=\"1280\">\n<tr data-start=\"1158\" data-end=\"1180\">\n<td data-start=\"1158\" data-end=\"1164\" data-col-size=\"sm\">OM3<\/td>\n<td data-start=\"1164\" data-end=\"1171\" data-col-size=\"sm\">Aqua<\/td>\n<td data-start=\"1171\" data-end=\"1180\" data-col-size=\"sm\">~70 m<\/td>\n<\/tr>\n<tr data-start=\"1181\" data-end=\"1229\">\n<td data-start=\"1181\" data-end=\"1191\" data-col-size=\"sm\"><strong data-start=\"1183\" data-end=\"1190\">OM4<\/strong><\/td>\n<td data-start=\"1191\" data-end=\"1215\" data-col-size=\"sm\"><strong data-start=\"1193\" data-end=\"1214\">G\u00fcl k\u0131rm\u0131z\u0131s\u0131 \/ Menek\u015fe<\/strong><\/td>\n<td data-start=\"1215\" data-end=\"1229\" data-col-size=\"sm\"><strong data-start=\"1217\" data-end=\"1227\">~100 m<\/strong><\/td>\n<\/tr>\n<tr data-start=\"1230\" data-end=\"1280\">\n<td data-start=\"1230\" data-end=\"1240\" data-col-size=\"sm\"><strong data-start=\"1232\" data-end=\"1239\">OM5<\/strong><\/td>\n<td data-start=\"1240\" data-end=\"1262\" data-col-size=\"sm\"><strong data-start=\"1242\" data-end=\"1261\">G\u00fcl K\u0131rm\u0131z\u0131s\u0131 \/ Misket Limonu<\/strong><\/td>\n<td data-start=\"1262\" data-end=\"1280\" data-col-size=\"sm\"><strong data-start=\"1264\" data-end=\"1278\">SWDM'ye haz\u0131r<\/strong><\/td>\n<\/tr>\n<\/tbody>\n<\/table>\n<\/div>\n<\/div>\n<p data-start=\"1282\" data-end=\"1387\">G\u00fcl k\u0131rm\u0131z\u0131s\u0131 konekt\u00f6rlerin kullan\u0131lmas\u0131 teknisyenlere yard\u0131mc\u0131 olur <strong data-start=\"1326\" data-end=\"1358\">OM4\/OM5 yollar\u0131n\u0131 an\u0131nda tespit edin<\/strong> kar\u0131\u015f\u0131k fiber ortamlarda.<\/p>\n<hr data-start=\"1389\" data-end=\"1392\" \/>\n<h3 data-start=\"1394\" data-end=\"1429\">Optik performans (\u00e7ok modlu)<\/h3>\n<div class=\"TyagGW_tableContainer\">\n<div class=\"group TyagGW_tableWrapper flex flex-col-reverse w-fit\" tabindex=\"-1\">\n<table class=\"w-fit min-w-(--thread-content-width)\" data-start=\"1431\" data-end=\"1701\">\n<thead data-start=\"1431\" data-end=\"1460\">\n<tr data-start=\"1431\" data-end=\"1460\">\n<th class=\"\" data-start=\"1431\" data-end=\"1443\" data-col-size=\"sm\">Parametre<\/th>\n<th class=\"\" data-start=\"1443\" data-end=\"1460\" data-col-size=\"sm\">Tipik De\u011fer<\/th>\n<\/tr>\n<\/thead>\n<tbody data-start=\"1471\" data-end=\"1701\">\n<tr data-start=\"1471\" data-end=\"1515\">\n<td data-start=\"1471\" data-end=\"1484\" data-col-size=\"sm\">Elyaf Tipi<\/td>\n<td data-start=\"1484\" data-end=\"1515\" data-col-size=\"sm\">OM3 \/ OM4 \/ OM5 (50\/125 \u00b5m)<\/td>\n<\/tr>\n<tr data-start=\"1516\" data-end=\"1532\">\n<td data-start=\"1516\" data-end=\"1525\" data-col-size=\"sm\">Leh\u00e7e<\/td>\n<td data-start=\"1525\" data-end=\"1532\" data-col-size=\"sm\">UPC<\/td>\n<\/tr>\n<tr data-start=\"1533\" data-end=\"1563\">\n<td data-start=\"1533\" data-end=\"1550\" data-col-size=\"sm\">Ekleme Kayb\u0131<\/td>\n<td data-start=\"1550\" data-end=\"1563\" data-col-size=\"sm\">\u2264 0,30 dB<\/td>\n<\/tr>\n<tr data-start=\"1564\" data-end=\"1589\">\n<td data-start=\"1564\" data-end=\"1578\" data-col-size=\"sm\">Geri D\u00f6n\u00fc\u015f Kayb\u0131<\/td>\n<td data-start=\"1578\" data-end=\"1589\" data-col-size=\"sm\">\u2265 35 dB<\/td>\n<\/tr>\n<tr data-start=\"1590\" data-end=\"1621\">\n<td data-start=\"1590\" data-end=\"1604\" data-col-size=\"sm\">Dalga Boylar\u0131<\/td>\n<td data-start=\"1604\" data-end=\"1621\" data-col-size=\"sm\">850 \/ 1300 nm<\/td>\n<\/tr>\n<tr data-start=\"1622\" data-end=\"1669\">\n<td data-start=\"1622\" data-end=\"1641\" data-col-size=\"sm\">Desteklenen H\u0131zlar<\/td>\n<td data-col-size=\"sm\" data-start=\"1641\" data-end=\"1669\">10G, 25G, 40G, 100G (SR)<\/td>\n<\/tr>\n<tr data-start=\"1670\" data-end=\"1701\">\n<td data-start=\"1670\" data-end=\"1684\" data-col-size=\"sm\">\u00c7iftle\u015fme Ya\u015fam\u0131<\/td>\n<td data-start=\"1684\" data-end=\"1701\" data-col-size=\"sm\">\u2265 1000 d\u00f6ng\u00fc<\/td>\n<\/tr>\n<\/tbody>\n<\/table>\n<\/div>\n<\/div>\n<hr data-start=\"1703\" data-end=\"1706\" \/>\n<h3 data-start=\"1708\" data-end=\"1745\">Mekanik ve in\u015faat detaylar\u0131<\/h3>\n<div class=\"TyagGW_tableContainer\">\n<div class=\"group TyagGW_tableWrapper flex flex-col-reverse w-fit\" tabindex=\"-1\">\n<table class=\"w-fit min-w-(--thread-content-width)\" data-start=\"1747\" data-end=\"2066\">\n<thead data-start=\"1747\" data-end=\"1774\">\n<tr data-start=\"1747\" data-end=\"1774\">\n<th class=\"\" data-start=\"1747\" data-end=\"1757\" data-col-size=\"sm\">\u00d6zellik<\/th>\n<th class=\"\" data-start=\"1757\" data-end=\"1774\" data-col-size=\"sm\">\u015eartname<\/th>\n<\/tr>\n<\/thead>\n<tbody data-start=\"1785\" data-end=\"2066\">\n<tr data-start=\"1785\" data-end=\"1821\">\n<td data-start=\"1785\" data-end=\"1804\" data-col-size=\"sm\">Konekt\u00f6r Format\u0131<\/td>\n<td data-start=\"1804\" data-end=\"1821\" data-col-size=\"sm\"><strong data-start=\"1806\" data-end=\"1819\">LC Dubleks<\/strong><\/td>\n<\/tr>\n<tr data-start=\"1822\" data-end=\"1853\">\n<td data-start=\"1822\" data-end=\"1839\" data-col-size=\"sm\">Kablo \u00c7ap\u0131<\/td>\n<td data-col-size=\"sm\" data-start=\"1839\" data-end=\"1853\"><strong data-start=\"1841\" data-end=\"1851\">2.0 mm<\/strong><\/td>\n<\/tr>\n<tr data-start=\"1854\" data-end=\"1892\">\n<td data-start=\"1854\" data-end=\"1864\" data-col-size=\"sm\">Y\u00fcks\u00fck<\/td>\n<td data-col-size=\"sm\" data-start=\"1864\" data-end=\"1892\">1,25 mm zirkonya seramik<\/td>\n<\/tr>\n<tr data-start=\"1893\" data-end=\"1938\">\n<td data-start=\"1893\" data-end=\"1909\" data-col-size=\"sm\">G\u00f6vde Rengi<\/td>\n<td data-start=\"1909\" data-end=\"1938\" data-col-size=\"sm\"><strong data-start=\"1911\" data-end=\"1923\">G\u00fcl K\u0131rm\u0131z\u0131s\u0131<\/strong> (OM4\/OM5 ID)<\/td>\n<\/tr>\n<tr data-start=\"1939\" data-end=\"1963\">\n<td data-start=\"1939\" data-end=\"1947\" data-col-size=\"sm\">Mandal<\/td>\n<td data-col-size=\"sm\" data-start=\"1947\" data-end=\"1963\">LC itme-\u00e7ekme<\/td>\n<\/tr>\n<tr data-start=\"1964\" data-end=\"1997\">\n<td data-start=\"1964\" data-end=\"1971\" data-col-size=\"sm\">\u00c7izme<\/td>\n<td data-col-size=\"sm\" data-start=\"1971\" data-end=\"1997\">Standart gerilim azaltma<\/td>\n<\/tr>\n<tr data-start=\"1998\" data-end=\"2035\">\n<td data-start=\"1998\" data-end=\"2015\" data-col-size=\"sm\">\u00c7al\u0131\u015fma S\u0131cakl\u0131\u011f\u0131<\/td>\n<td data-start=\"2015\" data-end=\"2035\" data-col-size=\"sm\">-40 \u00b0C ila +75 \u00b0C<\/td>\n<\/tr>\n<tr data-start=\"2036\" data-end=\"2066\">\n<td data-start=\"2036\" data-end=\"2055\" data-col-size=\"sm\">\u00c7ekme Dayan\u0131m\u0131<\/td>\n<td data-start=\"2055\" data-end=\"2066\" data-col-size=\"sm\">\u2265 100 N<\/td>\n<\/tr>\n<\/tbody>\n<\/table>\n<\/div>\n<\/div>\n<p data-start=\"2068\" data-end=\"2190\">Bu <strong data-start=\"2072\" data-end=\"2089\">2.0 mm ceket<\/strong> dengeler <strong data-start=\"2099\" data-end=\"2132\">esneklik ve \u00e7ekme kuvveti<\/strong>, i\u00e7in idealdir. <strong data-start=\"2144\" data-end=\"2180\">raftan rafa ve cihazdan panele<\/strong> Yama.<\/p>\n<hr data-start=\"2192\" data-end=\"2195\" \/>\n<h3 data-start=\"2197\" data-end=\"2221\">En iyi uydu\u011fu yer<\/h3>\n<ul data-start=\"2223\" data-end=\"2414\">\n<li data-start=\"2223\" data-end=\"2261\">\n<p data-start=\"2225\" data-end=\"2261\">Veri merkezi anahtar\u0131ndan anahtara ba\u011flant\u0131lar<\/p>\n<\/li>\n<li data-start=\"2262\" data-end=\"2306\">\n<p data-start=\"2264\" data-end=\"2306\">Sunucu ve depolama ba\u011flant\u0131lar\u0131 (SR optik)<\/p>\n<\/li>\n<li data-start=\"2307\" data-end=\"2337\">\n<p data-start=\"2309\" data-end=\"2337\">MPO-LC kesme tertibatlar\u0131<\/p>\n<\/li>\n<li data-start=\"2338\" data-end=\"2372\">\n<p data-start=\"2340\" data-end=\"2372\">Kurumsal LAN ve SAN omurgalar\u0131<\/p>\n<\/li>\n<li data-start=\"2373\" data-end=\"2414\">\n<p data-start=\"2375\" data-end=\"2414\">\u00c7ok modlu test ve izleme jumperlar\u0131<\/p>\n<\/li>\n<\/ul>","protected":false},"excerpt":{"rendered":"<h3 data-start=\"80\" data-end=\"122\">A\u00e7\u0131k\u00e7a tan\u0131mlanm\u0131\u015f y\u00fcksek h\u0131zl\u0131 ba\u011flant\u0131lar<\/h3>\n<p data-start=\"124\" data-end=\"488\">Bu <strong data-start=\"128\" data-end=\"172\">LC UPC 2.0mm \u00c7ift Y\u00f6nl\u00fc \u00c7ok Modlu (G\u00fcl K\u0131rm\u0131z\u0131s\u0131)<\/strong> konekt\u00f6r a\u015fa\u011f\u0131dakiler i\u00e7in \u00fcretilmi\u015ftir <strong data-start=\"196\" data-end=\"258\">modern, y\u00fcksek bant geni\u015fli\u011fine sahip veri merkezi ve kurumsal a\u011flar<\/strong>.<br data-start=\"259\" data-end=\"262\" \/>Onun <strong data-start=\"266\" data-end=\"286\">dubleks LC tasar\u0131m\u0131<\/strong> ta\u015f\u0131r <strong data-start=\"295\" data-end=\"338\">Tek, kompakt bir mandalda Tx\/Rx fiberleri<\/strong>, ve <strong data-start=\"350\" data-end=\"370\">g\u00fcl k\u0131rm\u0131z\u0131s\u0131 g\u00f6vde<\/strong> an\u0131nda sinyaller <strong data-start=\"389\" data-end=\"425\">y\u00fcksek dereceli \u00e7ok modlu (OM4 \/ OM5)<\/strong>-Renk kodlamas\u0131n\u0131n maliyetli hatalar\u0131 \u00f6nledi\u011fi raflar i\u00e7in m\u00fckemmeldir.<\/p>\n<p data-start=\"490\" data-end=\"698\">ile <strong data-start=\"495\" data-end=\"536\">UPC ile parlat\u0131lm\u0131\u015f 1,25 mm seramik y\u00fcks\u00fckler<\/strong> ve bir <strong data-start=\"543\" data-end=\"568\">dayan\u0131kl\u0131 2.0 mm ceket<\/strong>, bu konekt\u00f6r \u015funlar\u0131 sa\u011flar <strong data-start=\"594\" data-end=\"624\">istikrarl\u0131 optik performans<\/strong> ve <strong data-start=\"629\" data-end=\"659\">g\u00fcnl\u00fck yama g\u00fcvenilirli\u011fi<\/strong> i\u00e7in <strong data-start=\"664\" data-end=\"697\">10G ila 100G k\u0131sa eri\u015fimli ba\u011flant\u0131lar<\/strong>.<\/p>","protected":false},"featured_media":870,"comment_status":"open","ping_status":"closed","template":"","meta":[],"product_brand":[],"product_cat":[49],"product_tag":[],"class_list":{"0":"post-868","1":"product","2":"type-product","3":"status-publish","4":"has-post-thumbnail","6":"product_cat-lc-duplex-connectors-single-modemultimode","8":"first","9":"instock","10":"shipping-taxable","11":"product-type-simple"},"_links":{"self":[{"href":"https:\/\/www.fenxifiber.com\/tr\/wp-json\/wp\/v2\/product\/868","targetHints":{"allow":["GET"]}}],"collection":[{"href":"https:\/\/www.fenxifiber.com\/tr\/wp-json\/wp\/v2\/product"}],"about":[{"href":"https:\/\/www.fenxifiber.com\/tr\/wp-json\/wp\/v2\/types\/product"}],"replies":[{"embeddable":true,"href":"https:\/\/www.fenxifiber.com\/tr\/wp-json\/wp\/v2\/comments?post=868"}],"wp:featuredmedia":[{"embeddable":true,"href":"https:\/\/www.fenxifiber.com\/tr\/wp-json\/wp\/v2\/media\/870"}],"wp:attachment":[{"href":"https:\/\/www.fenxifiber.com\/tr\/wp-json\/wp\/v2\/media?parent=868"}],"wp:term":[{"taxonomy":"product_brand","embeddable":true,"href":"https:\/\/www.fenxifiber.com\/tr\/wp-json\/wp\/v2\/product_brand?post=868"},{"taxonomy":"product_cat","embeddable":true,"href":"https:\/\/www.fenxifiber.com\/tr\/wp-json\/wp\/v2\/product_cat?post=868"},{"taxonomy":"product_tag","embeddable":true,"href":"https:\/\/www.fenxifiber.com\/tr\/wp-json\/wp\/v2\/product_tag?post=868"}],"curies":[{"name":"wp","href":"https:\/\/api.w.org\/{rel}","templated":true}]}}