{"id":873,"date":"2026-02-04T02:55:05","date_gmt":"2026-02-04T02:55:05","guid":{"rendered":"https:\/\/www.fenxifiber.com\/?post_type=product&#038;p=873"},"modified":"2026-02-05T02:32:47","modified_gmt":"2026-02-05T02:32:47","slug":"lc-apc-2-0mm-dubleks-tekli%cc%87-mod","status":"publish","type":"product","link":"https:\/\/www.fenxifiber.com\/tr\/product\/lc-apc-2-0mm-duplex-singlemode\/","title":{"rendered":"LC APC 2.0mm \u00c7ift Y\u00f6nl\u00fc Tekli Mod"},"content":{"rendered":"<h3 data-start=\"731\" data-end=\"777\">Ger\u00e7ek iki y\u00f6nl\u00fc iletim i\u00e7in Duplex APC<\/h3>\n<p data-start=\"779\" data-end=\"893\">Tek y\u00f6nl\u00fc atlama tellerinin aksine, \u00e7ift y\u00f6nl\u00fc LC konekt\u00f6rler <strong data-start=\"829\" data-end=\"868\">Tx ve Rx fiberleri kal\u0131c\u0131 olarak e\u015fle\u015ftirildi<\/strong>, i\u00e7in gerekli olan:<\/p>\n<ul data-start=\"895\" data-end=\"988\">\n<li data-start=\"895\" data-end=\"920\">\n<p data-start=\"897\" data-end=\"920\">OLT \u2194 ONU ba\u011flant\u0131lar\u0131<\/p>\n<\/li>\n<li data-start=\"921\" data-end=\"953\">\n<p data-start=\"923\" data-end=\"953\">Raflar aras\u0131ndaki omurga ba\u011flant\u0131lar\u0131<\/p>\n<\/li>\n<li data-start=\"954\" data-end=\"988\">\n<p data-start=\"956\" data-end=\"988\">Aktif optik ekipman ba\u011flant\u0131 noktalar\u0131<\/p>\n<\/li>\n<\/ul>\n<p data-start=\"990\" data-end=\"1088\">Y\u00fcksek yo\u011funluklu panellerde, \u00e7ift y\u00f6nl\u00fc APC atlama telleri de polarite hatalar\u0131n\u0131 azalt\u0131r ve bak\u0131m\u0131 h\u0131zland\u0131r\u0131r.<\/p>\n<hr data-start=\"1090\" data-end=\"1093\" \/>\n<h3 data-start=\"1095\" data-end=\"1141\">2.0mm - canl\u0131 a\u011flar i\u00e7in do\u011fru boyut<\/h3>\n<p data-start=\"1143\" data-end=\"1435\">Bir PON veya omurga jumper'\u0131 s\u00fcrekli olarak ele al\u0131nmaktad\u0131r.<br data-start=\"1196\" data-end=\"1199\" \/>OLT kartlar\u0131na tak\u0131l\u0131r, kablo y\u00f6neticileri arac\u0131l\u0131\u011f\u0131yla y\u00f6nlendirilir ve bazen test i\u00e7in \u00e7\u0131kar\u0131l\u0131r.<br data-start=\"1294\" data-end=\"1297\" \/>Bu nedenle bu model bir <strong data-start=\"1327\" data-end=\"1374\">0,9 mm pigtail fiber yerine 2,0 mm ceket<\/strong> - \u015funlar\u0131 sa\u011flar <strong data-start=\"1389\" data-end=\"1434\">sertle\u015fmeden ger\u00e7ek gerilim azaltma<\/strong>.<\/p>\n<div class=\"TyagGW_tableContainer\">\n<div class=\"group TyagGW_tableWrapper flex flex-col-reverse w-fit\" tabindex=\"-1\">\n<table class=\"w-fit min-w-(--thread-content-width)\" data-start=\"1437\" data-end=\"1632\">\n<thead data-start=\"1437\" data-end=\"1473\">\n<tr data-start=\"1437\" data-end=\"1473\">\n<th class=\"\" data-start=\"1437\" data-end=\"1450\" data-col-size=\"sm\">Kablo boyutu<\/th>\n<th class=\"\" data-start=\"1450\" data-end=\"1473\" data-col-size=\"sm\">Ne i\u015fe yarar<\/th>\n<\/tr>\n<\/thead>\n<tbody data-start=\"1508\" data-end=\"1632\">\n<tr data-start=\"1508\" data-end=\"1541\">\n<td data-start=\"1508\" data-end=\"1516\" data-col-size=\"sm\">0.9mm<\/td>\n<td data-start=\"1516\" data-end=\"1541\" data-col-size=\"sm\">Tepsilerin i\u00e7ine ekleme<\/td>\n<\/tr>\n<tr data-start=\"1542\" data-end=\"1593\">\n<td data-start=\"1542\" data-end=\"1554\" data-col-size=\"sm\"><strong data-start=\"1544\" data-end=\"1553\">2.0mm<\/strong><\/td>\n<td data-start=\"1554\" data-end=\"1593\" data-col-size=\"sm\"><strong data-start=\"1556\" data-end=\"1591\">Canl\u0131 yama ve ekipman portlar\u0131<\/strong><\/td>\n<\/tr>\n<tr data-start=\"1594\" data-end=\"1632\">\n<td data-start=\"1594\" data-end=\"1602\" data-col-size=\"sm\">3.0mm<\/td>\n<td data-start=\"1602\" data-end=\"1632\" data-col-size=\"sm\">D\u0131\u015f mekan ve a\u011f\u0131r hizmet ba\u011flant\u0131lar\u0131<\/td>\n<\/tr>\n<\/tbody>\n<\/table>\n<\/div>\n<\/div>\n<hr data-start=\"1634\" data-end=\"1637\" \/>\n<h3 data-start=\"1639\" data-end=\"1687\">PON a\u011flar\u0131n\u0131n gerektirdi\u011fi optik davran\u0131\u015f<\/h3>\n<p data-start=\"1689\" data-end=\"1766\">APC parlatma, UPC ile kar\u015f\u0131la\u015ft\u0131r\u0131ld\u0131\u011f\u0131nda yans\u0131ma performans\u0131n\u0131 \u00f6nemli \u00f6l\u00e7\u00fcde art\u0131r\u0131r.<\/p>\n<div class=\"TyagGW_tableContainer\">\n<div class=\"group TyagGW_tableWrapper flex flex-col-reverse w-fit\" tabindex=\"-1\">\n<table class=\"w-fit min-w-(--thread-content-width)\" data-start=\"1768\" data-end=\"2050\">\n<thead data-start=\"1768\" data-end=\"1810\">\n<tr data-start=\"1768\" data-end=\"1810\">\n<th class=\"\" data-start=\"1768\" data-end=\"1793\" data-col-size=\"sm\">Optik karakteristik<\/th>\n<th class=\"\" data-start=\"1793\" data-end=\"1810\" data-col-size=\"sm\">Tipik seviye<\/th>\n<\/tr>\n<\/thead>\n<tbody data-start=\"1853\" data-end=\"2050\">\n<tr data-start=\"1853\" data-end=\"1885\">\n<td data-start=\"1853\" data-end=\"1861\" data-col-size=\"sm\">Elyaf<\/td>\n<td data-start=\"1861\" data-end=\"1885\" data-col-size=\"sm\">Tek modlu 9\/125 \u00b5m<\/td>\n<\/tr>\n<tr data-start=\"1886\" data-end=\"1916\">\n<td data-start=\"1886\" data-end=\"1897\" data-col-size=\"sm\">U\u00e7 y\u00fcz<\/td>\n<td data-start=\"1897\" data-end=\"1916\" data-col-size=\"sm\">APC (8\u00b0 a\u00e7\u0131l\u0131)<\/td>\n<\/tr>\n<tr data-start=\"1917\" data-end=\"1947\">\n<td data-start=\"1917\" data-end=\"1934\" data-col-size=\"sm\">Ekleme kayb\u0131<\/td>\n<td data-start=\"1934\" data-end=\"1947\" data-col-size=\"sm\">\u2264 0,30 dB<\/td>\n<\/tr>\n<tr data-start=\"1948\" data-end=\"1973\">\n<td data-start=\"1948\" data-end=\"1962\" data-col-size=\"sm\">Geri d\u00f6n\u00fc\u015f kayb\u0131<\/td>\n<td data-start=\"1962\" data-end=\"1973\" data-col-size=\"sm\">\u2265 60 dB<\/td>\n<\/tr>\n<tr data-start=\"1974\" data-end=\"2023\">\n<td data-start=\"1974\" data-end=\"1998\" data-col-size=\"sm\">\u00c7al\u0131\u015fma dalga boylar\u0131<\/td>\n<td data-start=\"1998\" data-end=\"2023\" data-col-size=\"sm\">1310 \/ 1490 \/ 1550 nm<\/td>\n<\/tr>\n<tr data-start=\"2024\" data-end=\"2050\">\n<td data-start=\"2024\" data-end=\"2040\" data-col-size=\"sm\">\u00c7iftle\u015fme d\u00f6ng\u00fcleri<\/td>\n<td data-start=\"2040\" data-end=\"2050\" data-col-size=\"sm\">\u2265 1000<\/td>\n<\/tr>\n<\/tbody>\n<\/table>\n<\/div>\n<\/div>\n<p data-start=\"2052\" data-end=\"2154\">Bu getiri-zarar seviyesi a\u015fa\u011f\u0131dakiler i\u00e7in kritik \u00f6neme sahiptir <strong data-start=\"2091\" data-end=\"2153\">GPON, XG-PON, CATV overlay ve uzun mesafeli tek modlu ba\u011flant\u0131lar<\/strong>.<\/p>\n<hr data-start=\"2156\" data-end=\"2159\" \/>\n<h3 data-start=\"2161\" data-end=\"2200\">Yo\u011fun telekom \u00e7er\u00e7eveleri i\u00e7in tasarlanm\u0131\u015ft\u0131r<\/h3>\n<p data-start=\"2202\" data-end=\"2354\">APC geometrisi ile bile, konekt\u00f6r hala <strong data-start=\"2255\" data-end=\"2276\">kompakt LC format\u0131<\/strong>, izin vermek <strong data-start=\"2287\" data-end=\"2313\">ba\u011flant\u0131 noktas\u0131 yo\u011funlu\u011funun iki kat\u0131<\/strong> SC konekt\u00f6rlerinin ayn\u0131 raf alan\u0131nda.<\/p>\n<div class=\"TyagGW_tableContainer\">\n<div class=\"group TyagGW_tableWrapper flex flex-col-reverse w-fit\" tabindex=\"-1\">\n<table class=\"w-fit min-w-(--thread-content-width)\" data-start=\"2356\" data-end=\"2672\">\n<thead data-start=\"2356\" data-end=\"2394\">\n<tr data-start=\"2356\" data-end=\"2394\">\n<th class=\"\" data-start=\"2356\" data-end=\"2378\" data-col-size=\"sm\">\u0130n\u015faat detay\u0131<\/th>\n<th class=\"\" data-start=\"2378\" data-end=\"2394\" data-col-size=\"sm\">Ne i\u015fe yarar<\/th>\n<\/tr>\n<\/thead>\n<tbody data-start=\"2432\" data-end=\"2672\">\n<tr data-start=\"2432\" data-end=\"2492\">\n<td data-start=\"2432\" data-end=\"2450\" data-col-size=\"sm\">LC dubleks mandal\u0131<\/td>\n<td data-start=\"2450\" data-end=\"2492\" data-col-size=\"sm\">Her iki fiberi do\u011fru hizalamada kilitler<\/td>\n<\/tr>\n<tr data-start=\"2493\" data-end=\"2550\">\n<td data-start=\"2493\" data-end=\"2519\" data-col-size=\"sm\">1,25 mm seramik y\u00fcks\u00fckler<\/td>\n<td data-start=\"2519\" data-end=\"2550\" data-col-size=\"sm\">APC a\u00e7\u0131 do\u011frulu\u011funu koruyun<\/td>\n<\/tr>\n<tr data-start=\"2551\" data-end=\"2607\">\n<td data-start=\"2551\" data-end=\"2576\" data-col-size=\"sm\">G\u00fc\u00e7lendirilmi\u015f 2.0mm botlar<\/td>\n<td data-start=\"2576\" data-end=\"2607\" data-col-size=\"sm\">Elyaf\u0131n mikro b\u00fck\u00fclmesini \u00f6nleyin<\/td>\n<\/tr>\n<tr data-start=\"2608\" data-end=\"2672\">\n<td data-start=\"2608\" data-end=\"2634\" data-col-size=\"sm\">Hassas APC parlatma<\/td>\n<td data-start=\"2634\" data-end=\"2672\" data-col-size=\"sm\">Yans\u0131malar\u0131 lazerin d\u0131\u015f\u0131nda tutar<\/td>\n<\/tr>\n<\/tbody>\n<\/table>\n<\/div>\n<\/div>\n<hr data-start=\"2674\" data-end=\"2677\" \/>\n<h3 data-start=\"2679\" data-end=\"2701\">Profesyonel Soru-Cevap<\/h3>\n<p data-start=\"2703\" data-end=\"2871\"><strong data-start=\"2703\" data-end=\"2743\">LC APC dubleks LC UPC'ye ba\u011flanabilir mi?<\/strong><br data-start=\"2743\" data-end=\"2746\" \/>Hay\u0131r. APC ve UPC konnekt\u00f6rleri asla e\u015fle\u015ftirilmemelidir. A\u00e7\u0131l\u0131 APC u\u00e7 y\u00fcz\u00fc hasar g\u00f6recek ve yans\u0131ma keskin bir \u015fekilde artacakt\u0131r.<\/p>\n<p data-start=\"2873\" data-end=\"3012\"><strong data-start=\"2873\" data-end=\"2905\">PON i\u00e7in dubleks gerekli mi?<\/strong><br data-start=\"2905\" data-end=\"2908\" \/>Evet. OLT ve ONU ba\u011flant\u0131 noktalar\u0131 \u015funlar\u0131 gerektirir <strong data-start=\"2939\" data-end=\"2963\">iki y\u00f6nl\u00fc iletim<\/strong>, ve dubleks LC, Tx ve Rx'in do\u011fru \u015fekilde e\u015fle\u015fmesini sa\u011flar.<\/p>\n<p data-start=\"3014\" data-end=\"3227\"><strong data-start=\"3014\" data-end=\"3056\">PON ba\u011flant\u0131 kablolar\u0131 i\u00e7in neden 3.0mm kullan\u0131lm\u0131yor?<\/strong><br data-start=\"3056\" data-end=\"3059\" \/>3.0mm, kablolar a\u011f\u0131r \u00e7ekmeye maruz kald\u0131\u011f\u0131nda kullan\u0131l\u0131r. \u0130\u00e7in <strong data-start=\"3119\" data-end=\"3159\">raflar, OLT raflar\u0131 ve i\u00e7 mekan \u00e7er\u00e7eveleri<\/strong>, 2.0mm en iyi dengeyi sa\u011flar <strong data-start=\"3196\" data-end=\"3226\">esneklik ve koruma<\/strong>.<\/p>","protected":false},"excerpt":{"rendered":"<p data-start=\"99\" data-end=\"420\">PON ve uzun mesafeli tek modlu a\u011flarda en b\u00fcy\u00fck gizli d\u00fc\u015fman kay\u0131p de\u011fildir - bu <strong data-start=\"191\" data-end=\"205\">yans\u0131ma<\/strong>.<br data-start=\"206\" data-end=\"209\" \/>Yans\u0131yan her sinyal, yukar\u0131 ak\u0131\u015f lazerlerine m\u00fcdahale eden g\u00fcr\u00fclt\u00fc yarat\u0131r, \u00f6zellikle de <strong data-start=\"298\" data-end=\"340\">GPON, XG-PON ve RF-over-fiber sistemleri<\/strong>.<br data-start=\"341\" data-end=\"344\" \/>\u0130\u015fte tam da bu y\u00fczden <strong data-start=\"368\" data-end=\"412\">LC APC 2.0mm \u00c7ift Y\u00f6nl\u00fc Tekli Mod konekt\u00f6r<\/strong> var.<\/p>\n<p data-start=\"422\" data-end=\"724\">Kullanarak <strong data-start=\"434\" data-end=\"476\">8 derece a\u00e7\u0131l\u0131 fiziksel temas (APC)<\/strong> Her iki LC y\u00fcks\u00fc\u011f\u00fcnde de, bu dubleks konekt\u00f6r yans\u0131yan \u0131\u015f\u0131\u011f\u0131 vericiye geri g\u00f6ndermek yerine fiber \u00e7ekirde\u011finden d\u0131\u015far\u0131 iter. Sonu\u00e7 olarak <strong data-start=\"628\" data-end=\"660\">\u00e7ok daha temiz optik kanal<\/strong>, Birden fazla ay\u0131r\u0131c\u0131 ve uzun fiber hatlar\u0131 s\u00f6z konusu oldu\u011funda bile.<\/p>","protected":false},"featured_media":874,"comment_status":"open","ping_status":"closed","template":"","meta":[],"product_brand":[],"product_cat":[49],"product_tag":[],"class_list":{"0":"post-873","1":"product","2":"type-product","3":"status-publish","4":"has-post-thumbnail","6":"product_cat-lc-duplex-connectors-single-modemultimode","8":"first","9":"instock","10":"shipping-taxable","11":"product-type-simple"},"_links":{"self":[{"href":"https:\/\/www.fenxifiber.com\/tr\/wp-json\/wp\/v2\/product\/873","targetHints":{"allow":["GET"]}}],"collection":[{"href":"https:\/\/www.fenxifiber.com\/tr\/wp-json\/wp\/v2\/product"}],"about":[{"href":"https:\/\/www.fenxifiber.com\/tr\/wp-json\/wp\/v2\/types\/product"}],"replies":[{"embeddable":true,"href":"https:\/\/www.fenxifiber.com\/tr\/wp-json\/wp\/v2\/comments?post=873"}],"wp:featuredmedia":[{"embeddable":true,"href":"https:\/\/www.fenxifiber.com\/tr\/wp-json\/wp\/v2\/media\/874"}],"wp:attachment":[{"href":"https:\/\/www.fenxifiber.com\/tr\/wp-json\/wp\/v2\/media?parent=873"}],"wp:term":[{"taxonomy":"product_brand","embeddable":true,"href":"https:\/\/www.fenxifiber.com\/tr\/wp-json\/wp\/v2\/product_brand?post=873"},{"taxonomy":"product_cat","embeddable":true,"href":"https:\/\/www.fenxifiber.com\/tr\/wp-json\/wp\/v2\/product_cat?post=873"},{"taxonomy":"product_tag","embeddable":true,"href":"https:\/\/www.fenxifiber.com\/tr\/wp-json\/wp\/v2\/product_tag?post=873"}],"curies":[{"name":"wp","href":"https:\/\/api.w.org\/{rel}","templated":true}]}}