{"id":875,"date":"2026-02-04T02:56:27","date_gmt":"2026-02-04T02:56:27","guid":{"rendered":"https:\/\/www.fenxifiber.com\/?post_type=product&#038;p=875"},"modified":"2026-02-05T02:34:01","modified_gmt":"2026-02-05T02:34:01","slug":"lc-apc-3-0mm-duplex-tekli%cc%87-mod","status":"publish","type":"product","link":"https:\/\/www.fenxifiber.com\/tr\/product\/lc-apc-3-0mm-duplex-singlemode\/","title":{"rendered":"LC APC 3.0mm \u00c7ift Y\u00f6nl\u00fc Tekli Mod Fiber Optik Konnekt\u00f6r"},"content":{"rendered":"<h3 data-start=\"640\" data-end=\"717\">3.0mm k\u0131l\u0131f - kablonun kendisi sistem g\u00fcvenilirli\u011finin bir par\u00e7as\u0131 haline geldi\u011finde<\/h3>\n<p data-start=\"719\" data-end=\"903\">3,0 mm dubleks jumper sadece \u201cdaha kal\u0131n\u201d de\u011fildir.<br data-start=\"765\" data-end=\"768\" \/>Bu bir <strong data-start=\"778\" data-end=\"843\">daha g\u00fc\u00e7l\u00fc aramid iplik katman\u0131, daha b\u00fcy\u00fck tampon ve g\u00fc\u00e7lendirilmi\u015f \u00e7izme<\/strong>, Bu da mekanik g\u00fcvenlik marj\u0131n\u0131 \u00f6nemli \u00f6l\u00e7\u00fcde art\u0131r\u0131r.<\/p>\n<div class=\"TyagGW_tableContainer\">\n<div class=\"group TyagGW_tableWrapper flex flex-col-reverse w-fit\" tabindex=\"-1\">\n<table class=\"w-fit min-w-(--thread-content-width)\" data-start=\"905\" data-end=\"1092\">\n<thead data-start=\"905\" data-end=\"941\">\n<tr data-start=\"905\" data-end=\"941\">\n<th class=\"\" data-start=\"905\" data-end=\"919\" data-col-size=\"sm\">Ceket bedeni<\/th>\n<th class=\"\" data-start=\"919\" data-end=\"941\" data-col-size=\"md\">Ger\u00e7ek d\u00fcnya anlam\u0131<\/th>\n<\/tr>\n<\/thead>\n<tbody data-start=\"976\" data-end=\"1092\">\n<tr data-start=\"976\" data-end=\"1021\">\n<td data-start=\"976\" data-end=\"984\" data-col-size=\"sm\">2.0mm<\/td>\n<td data-col-size=\"md\" data-start=\"984\" data-end=\"1021\">Raftan rafa ve cihaz ba\u011flant\u0131 noktalar\u0131 i\u00e7in<\/td>\n<\/tr>\n<tr data-start=\"1022\" data-end=\"1092\">\n<td data-start=\"1022\" data-end=\"1034\" data-col-size=\"sm\"><strong data-start=\"1024\" data-end=\"1033\">3.0mm<\/strong><\/td>\n<td data-col-size=\"md\" data-start=\"1034\" data-end=\"1092\"><strong data-start=\"1036\" data-end=\"1090\">Omurga y\u00f6nlendirmesi, zemin kanallar\u0131, kabin atlama telleri i\u00e7in<\/strong><\/td>\n<\/tr>\n<\/tbody>\n<\/table>\n<\/div>\n<\/div>\n<p data-start=\"1094\" data-end=\"1219\">Bu, 3.0mm dubleks APC LC'yi \u00f6zellikle a\u015fa\u011f\u0131dakiler i\u00e7in uygun hale getirir <strong data-start=\"1153\" data-end=\"1218\">metro fiber odalar\u0131, CATV merkezleri ve telekom da\u011f\u0131t\u0131m \u00e7er\u00e7eveleri<\/strong>.<\/p>\n<hr data-start=\"1221\" data-end=\"1224\" \/>\n<h3 data-start=\"1226\" data-end=\"1276\">Yans\u0131ma a\u00e7\u0131s\u0131ndan kritik sistemler i\u00e7in APC geometrisi<\/h3>\n<p data-start=\"1278\" data-end=\"1363\">A\u00e7\u0131l\u0131 fiziksel temas, yans\u0131yan \u0131\u015f\u0131\u011f\u0131n fiber \u00e7ekirde\u011fe yeniden girmesini \u00f6nler.<\/p>\n<div class=\"TyagGW_tableContainer\">\n<div class=\"group TyagGW_tableWrapper flex flex-col-reverse w-fit\" tabindex=\"-1\">\n<table class=\"w-fit min-w-(--thread-content-width)\" data-start=\"1365\" data-end=\"1639\">\n<thead data-start=\"1365\" data-end=\"1404\">\n<tr data-start=\"1365\" data-end=\"1404\">\n<th class=\"\" data-start=\"1365\" data-end=\"1387\" data-col-size=\"sm\">Optik performans<\/th>\n<th class=\"\" data-start=\"1387\" data-end=\"1404\" data-col-size=\"sm\">Tipik de\u011fer<\/th>\n<\/tr>\n<\/thead>\n<tbody data-start=\"1443\" data-end=\"1639\">\n<tr data-start=\"1443\" data-end=\"1480\">\n<td data-start=\"1443\" data-end=\"1456\" data-col-size=\"sm\">Fiber tipi<\/td>\n<td data-start=\"1456\" data-end=\"1480\" data-col-size=\"sm\">Tek modlu 9\/125 \u00b5m<\/td>\n<\/tr>\n<tr data-start=\"1481\" data-end=\"1502\">\n<td data-start=\"1481\" data-end=\"1490\" data-col-size=\"sm\">Leh\u00e7e<\/td>\n<td data-start=\"1490\" data-end=\"1502\" data-col-size=\"sm\">APC (8\u00b0)<\/td>\n<\/tr>\n<tr data-start=\"1503\" data-end=\"1533\">\n<td data-start=\"1503\" data-end=\"1520\" data-col-size=\"sm\">Ekleme kayb\u0131<\/td>\n<td data-start=\"1520\" data-end=\"1533\" data-col-size=\"sm\">\u2264 0,30 dB<\/td>\n<\/tr>\n<tr data-start=\"1534\" data-end=\"1559\">\n<td data-start=\"1534\" data-end=\"1548\" data-col-size=\"sm\">Geri d\u00f6n\u00fc\u015f kayb\u0131<\/td>\n<td data-col-size=\"sm\" data-start=\"1548\" data-end=\"1559\">\u2265 60 dB<\/td>\n<\/tr>\n<tr data-start=\"1560\" data-end=\"1607\">\n<td data-start=\"1560\" data-end=\"1582\" data-col-size=\"sm\">\u00c7al\u0131\u015fma dalga boylar\u0131<\/td>\n<td data-col-size=\"sm\" data-start=\"1582\" data-end=\"1607\">1310 \/ 1490 \/ 1550 nm<\/td>\n<\/tr>\n<tr data-start=\"1608\" data-end=\"1639\">\n<td data-start=\"1608\" data-end=\"1621\" data-col-size=\"sm\">Dayan\u0131kl\u0131l\u0131k<\/td>\n<td data-col-size=\"sm\" data-start=\"1621\" data-end=\"1639\">\u2265 1000 \u00e7iftle\u015fme<\/td>\n<\/tr>\n<\/tbody>\n<\/table>\n<\/div>\n<\/div>\n<p data-start=\"1641\" data-end=\"1736\">Bu yans\u0131ma kontrol\u00fc a\u015fa\u011f\u0131dakiler i\u00e7in gereklidir <strong data-start=\"1682\" data-end=\"1735\">RFoG, CATV overlay, GPON ve uzun mesafeli DWDM ba\u011flant\u0131lar\u0131<\/strong>.<\/p>\n<hr data-start=\"1738\" data-end=\"1741\" \/>\n<h3 data-start=\"1743\" data-end=\"1801\">Ger\u00e7ek \u00e7ift y\u00f6nl\u00fc iletim i\u00e7in \u00e7ift y\u00f6nl\u00fc yap\u0131<\/h3>\n<p data-start=\"1803\" data-end=\"1882\">Dubleks LC format\u0131, iki fiberi tek bir konekt\u00f6r g\u00f6vdesinde birbirine kilitleyerek<\/p>\n<ul data-start=\"1884\" data-end=\"1968\">\n<li data-start=\"1884\" data-end=\"1910\">\n<p data-start=\"1886\" data-end=\"1910\">Kararl\u0131 Tx\/Rx hizalamas\u0131<\/p>\n<\/li>\n<li data-start=\"1911\" data-end=\"1934\">\n<p data-start=\"1913\" data-end=\"1934\">Daha h\u0131zl\u0131 kurulum<\/p>\n<\/li>\n<li data-start=\"1935\" data-end=\"1968\">\n<p data-start=\"1937\" data-end=\"1968\">Daha d\u00fc\u015f\u00fck polarite hatas\u0131 riski<\/p>\n<\/li>\n<\/ul>\n<p data-start=\"1970\" data-end=\"2092\">Kablolar yo\u011fun bir \u015fekilde kablo kanallar\u0131ndan ge\u00e7irilse bile, <strong data-start=\"2027\" data-end=\"2091\">dubleks APC LC her iki kanal\u0131 da korumal\u0131 ve senkronize tutar<\/strong>.<\/p>\n<hr data-start=\"2094\" data-end=\"2097\" \/>\n<h3 data-start=\"2099\" data-end=\"2124\">M\u00fchendislik detaylar\u0131<\/h3>\n<div class=\"TyagGW_tableContainer\">\n<div class=\"group TyagGW_tableWrapper flex flex-col-reverse w-fit\" tabindex=\"-1\">\n<table class=\"w-fit min-w-(--thread-content-width)\" data-start=\"2126\" data-end=\"2399\">\n<thead data-start=\"2126\" data-end=\"2150\">\n<tr data-start=\"2126\" data-end=\"2150\">\n<th class=\"\" data-start=\"2126\" data-end=\"2138\" data-col-size=\"sm\">Bile\u015fen<\/th>\n<th class=\"\" data-start=\"2138\" data-end=\"2150\" data-col-size=\"sm\">Fonksiyon<\/th>\n<\/tr>\n<\/thead>\n<tbody data-start=\"2174\" data-end=\"2399\">\n<tr data-start=\"2174\" data-end=\"2234\">\n<td data-start=\"2174\" data-end=\"2204\" data-col-size=\"sm\">1,25 mm zirkonya APC y\u00fcks\u00fck<\/td>\n<td data-col-size=\"sm\" data-start=\"2204\" data-end=\"2234\">Hassas 8\u00b0 a\u00e7\u0131y\u0131 korur<\/td>\n<\/tr>\n<tr data-start=\"2235\" data-end=\"2290\">\n<td data-start=\"2235\" data-end=\"2260\" data-col-size=\"sm\">G\u00fc\u00e7lendirilmi\u015f dubleks klips<\/td>\n<td data-col-size=\"sm\" data-start=\"2260\" data-end=\"2290\">Her iki elyaf\u0131 da s\u0131k\u0131ca tutar<\/td>\n<\/tr>\n<tr data-start=\"2291\" data-end=\"2337\">\n<td data-start=\"2291\" data-end=\"2312\" data-col-size=\"sm\">Kal\u0131n 3.0mm ceket<\/td>\n<td data-col-size=\"sm\" data-start=\"2312\" data-end=\"2337\">\u00c7ekme kuvvetini emer<\/td>\n<\/tr>\n<tr data-start=\"2338\" data-end=\"2399\">\n<td data-start=\"2338\" data-end=\"2361\" data-col-size=\"sm\">Uzun \u00f6m\u00fcrl\u00fc APC cilas\u0131<\/td>\n<td data-col-size=\"sm\" data-start=\"2361\" data-end=\"2399\">Geri d\u00f6n\u00fc\u015f kayb\u0131n\u0131 zaman i\u00e7inde sabit tutar<\/td>\n<\/tr>\n<\/tbody>\n<\/table>\n<\/div>\n<\/div>\n<hr data-start=\"2401\" data-end=\"2404\" \/>\n<h3 data-start=\"2406\" data-end=\"2428\">Profesyonel Soru-Cevap<\/h3>\n<p data-start=\"2430\" data-end=\"2574\"><strong data-start=\"2430\" data-end=\"2469\">LC adapt\u00f6rleri i\u00e7in 3,0 mm \u00e7ok mu kal\u0131n?<\/strong><br data-start=\"2469\" data-end=\"2472\" \/>Hay\u0131r. Sadece kablo daha kal\u0131nd\u0131r. LC y\u00fcks\u00fck ve muhafaza standart olarak kal\u0131r ve t\u00fcm LC APC adapt\u00f6rlerine uyar.<\/p>\n<p data-start=\"2576\" data-end=\"2733\"><strong data-start=\"2576\" data-end=\"2624\">Ne zaman 2.0mm yerine 3.0mm se\u00e7meliyim?<\/strong><br data-start=\"2624\" data-end=\"2627\" \/>Yama kablolar\u0131 oldu\u011funda <strong data-start=\"2648\" data-end=\"2699\">kanallar, dolaplar veya ortak tepsiler arac\u0131l\u0131\u011f\u0131yla y\u00f6nlendirilir<\/strong> b\u00fck\u00fclebilecekleri veya \u00e7ekilebilecekleri bir yerde.<\/p>\n<p data-start=\"2735\" data-end=\"2914\"><strong data-start=\"2735\" data-end=\"2781\">APC omurga ba\u011flant\u0131lar\u0131 i\u00e7in ger\u00e7ekten \u00f6nemli mi?<\/strong><br data-start=\"2781\" data-end=\"2784\" \/>Evet. B\u00f6l\u00fcc\u00fcler, amplifikat\u00f6rler veya RF sinyalleri i\u00e7eren uzun tek modlu yollarda, <strong data-start=\"2857\" data-end=\"2891\">yans\u0131malar h\u0131zla birikir<\/strong> ve APC bunu engeller.<\/p>","protected":false},"excerpt":{"rendered":"<p data-start=\"94\" data-end=\"426\">Uzun mesafeli tek modlu ba\u011flant\u0131lar sadece d\u00fc\u015f\u00fck kay\u0131pla ilgili de\u011fildir - ayn\u0131 zamanda <strong data-start=\"171\" data-end=\"194\">mekanik hayatta kalma<\/strong>.<br data-start=\"195\" data-end=\"198\" \/>Omurga odalar\u0131nda, ODF \u00e7er\u00e7evelerinde, d\u0131\u015f mekan dolaplar\u0131nda ve koridor kanallar\u0131nda, fiber atlama telleri tekrar tekrar b\u00fck\u00fcl\u00fcr, \u00e7ekilir ve yeniden y\u00f6nlendirilir.<br data-start=\"328\" data-end=\"331\" \/>Bu <strong data-start=\"335\" data-end=\"379\">LC APC 3.0mm \u00c7ift Y\u00f6nl\u00fc Tekli Mod konekt\u00f6r<\/strong> tam da bu t\u00fcr ortamlar i\u00e7in \u00fcretilmi\u015ftir.<\/p>\n<p data-start=\"428\" data-end=\"633\">Bu birle\u015ftirir <strong data-start=\"440\" data-end=\"464\">APC a\u00e7\u0131l\u0131 parlatma<\/strong> ile optik kararl\u0131l\u0131k i\u00e7in <strong data-start=\"494\" data-end=\"521\">3.0mm a\u011f\u0131r hizmet ceketi<\/strong> kar\u015f\u0131 koruyan <strong data-start=\"554\" data-end=\"593\">gerilim, ezilme ve mikro b\u00fck\u00fclme<\/strong>, zorlu kurulum ko\u015fullar\u0131nda bile.<\/p>","protected":false},"featured_media":876,"comment_status":"open","ping_status":"closed","template":"","meta":[],"product_brand":[],"product_cat":[49],"product_tag":[],"class_list":{"0":"post-875","1":"product","2":"type-product","3":"status-publish","4":"has-post-thumbnail","6":"product_cat-lc-duplex-connectors-single-modemultimode","8":"first","9":"instock","10":"shipping-taxable","11":"product-type-simple"},"_links":{"self":[{"href":"https:\/\/www.fenxifiber.com\/tr\/wp-json\/wp\/v2\/product\/875","targetHints":{"allow":["GET"]}}],"collection":[{"href":"https:\/\/www.fenxifiber.com\/tr\/wp-json\/wp\/v2\/product"}],"about":[{"href":"https:\/\/www.fenxifiber.com\/tr\/wp-json\/wp\/v2\/types\/product"}],"replies":[{"embeddable":true,"href":"https:\/\/www.fenxifiber.com\/tr\/wp-json\/wp\/v2\/comments?post=875"}],"wp:featuredmedia":[{"embeddable":true,"href":"https:\/\/www.fenxifiber.com\/tr\/wp-json\/wp\/v2\/media\/876"}],"wp:attachment":[{"href":"https:\/\/www.fenxifiber.com\/tr\/wp-json\/wp\/v2\/media?parent=875"}],"wp:term":[{"taxonomy":"product_brand","embeddable":true,"href":"https:\/\/www.fenxifiber.com\/tr\/wp-json\/wp\/v2\/product_brand?post=875"},{"taxonomy":"product_cat","embeddable":true,"href":"https:\/\/www.fenxifiber.com\/tr\/wp-json\/wp\/v2\/product_cat?post=875"},{"taxonomy":"product_tag","embeddable":true,"href":"https:\/\/www.fenxifiber.com\/tr\/wp-json\/wp\/v2\/product_tag?post=875"}],"curies":[{"name":"wp","href":"https:\/\/api.w.org\/{rel}","templated":true}]}}