{"id":880,"date":"2026-02-04T02:58:35","date_gmt":"2026-02-04T02:58:35","guid":{"rendered":"https:\/\/www.fenxifiber.com\/?post_type=product&#038;p=880"},"modified":"2026-02-05T02:35:56","modified_gmt":"2026-02-05T02:35:56","slug":"lc-upc-2-0mm-dubleks-cok-modlu","status":"publish","type":"product","link":"https:\/\/www.fenxifiber.com\/tr\/product\/lc-upc-2-0mm-duplex-multimode\/","title":{"rendered":"LC UPC 2.0mm Dubleks \u00c7ok Modlu Fiber Optik Konnekt\u00f6r"},"content":{"rendered":"<h3 data-start=\"714\" data-end=\"772\">\u00c7ift y\u00f6nl\u00fc \u00e7ok modlu - \u00e7ift y\u00f6nl\u00fc veri ak\u0131\u015f\u0131 i\u00e7in \u00fcretilmi\u015ftir<\/h3>\n<p data-start=\"774\" data-end=\"963\">\u00c7ok modlu al\u0131c\u0131-vericiler her zaman <strong data-start=\"812\" data-end=\"848\">iki fiber: g\u00f6nderme ve alma<\/strong>.<br data-start=\"849\" data-end=\"852\" \/>Dubleks LC yap\u0131s\u0131 onlar\u0131 birbirine kilitli tutarak ters polariteyi \u00f6nler ve i\u00e7eride yama yapmay\u0131 basitle\u015ftirir:<\/p>\n<ul data-start=\"965\" data-end=\"1053\">\n<li data-start=\"965\" data-end=\"981\">\n<p data-start=\"967\" data-end=\"981\">Sunucu raflar\u0131<\/p>\n<\/li>\n<li data-start=\"982\" data-end=\"999\">\n<p data-start=\"984\" data-end=\"999\">\u00c7er\u00e7eveleri de\u011fi\u015ftir<\/p>\n<\/li>\n<li data-start=\"1000\" data-end=\"1020\">\n<p data-start=\"1002\" data-end=\"1020\">Depolama a\u011flar\u0131<\/p>\n<\/li>\n<li data-start=\"1021\" data-end=\"1053\">\n<p data-start=\"1023\" data-end=\"1053\">End\u00fcstriyel Ethernet kabinleri<\/p>\n<\/li>\n<\/ul>\n<p data-start=\"1055\" data-end=\"1144\">Y\u00fcksek yo\u011funluklu ortamlarda, LC dupleks \u015funlar\u0131 sa\u011flar <strong data-start=\"1102\" data-end=\"1126\">ba\u011flant\u0131 noktas\u0131 say\u0131s\u0131n\u0131n iki kat\u0131<\/strong> SC konekt\u00f6rlerinin.<\/p>\n<hr data-start=\"1146\" data-end=\"1149\" \/>\n<h3 data-start=\"1151\" data-end=\"1193\">2.0mm ceket - esnek ama g\u00fcvenilir<\/h3>\n<div class=\"TyagGW_tableContainer\">\n<div class=\"group TyagGW_tableWrapper flex flex-col-reverse w-fit\" tabindex=\"-1\">\n<table class=\"w-fit min-w-(--thread-content-width)\" data-start=\"1195\" data-end=\"1372\">\n<thead data-start=\"1195\" data-end=\"1228\">\n<tr data-start=\"1195\" data-end=\"1228\">\n<th class=\"\" data-start=\"1195\" data-end=\"1208\" data-col-size=\"sm\">Kablo boyutu<\/th>\n<th class=\"\" data-start=\"1208\" data-end=\"1228\" data-col-size=\"sm\">Ne sa\u011fl\u0131yor<\/th>\n<\/tr>\n<\/thead>\n<tbody data-start=\"1261\" data-end=\"1372\">\n<tr data-start=\"1261\" data-end=\"1290\">\n<td data-start=\"1261\" data-end=\"1269\" data-col-size=\"sm\">0.9mm<\/td>\n<td data-start=\"1269\" data-end=\"1290\" data-col-size=\"sm\">Ekleme, k\u0131r\u0131lgan<\/td>\n<\/tr>\n<tr data-start=\"1291\" data-end=\"1346\">\n<td data-start=\"1291\" data-end=\"1303\" data-col-size=\"sm\"><strong data-start=\"1293\" data-end=\"1302\">2.0mm<\/strong><\/td>\n<td data-start=\"1303\" data-end=\"1346\" data-col-size=\"sm\"><strong data-start=\"1305\" data-end=\"1344\">Canl\u0131 yama, al\u0131c\u0131-vericiler, paneller<\/strong><\/td>\n<\/tr>\n<tr data-start=\"1347\" data-end=\"1372\">\n<td data-start=\"1347\" data-end=\"1355\" data-col-size=\"sm\">3.0mm<\/td>\n<td data-start=\"1355\" data-end=\"1372\" data-col-size=\"sm\">A\u011f\u0131r y\u00f6nlendirme<\/td>\n<\/tr>\n<\/tbody>\n<\/table>\n<\/div>\n<\/div>\n<p data-start=\"1374\" data-end=\"1517\">2.0mm kablo a\u015fa\u011f\u0131dakiler i\u00e7in optimize edilmi\u015ftir <strong data-start=\"1407\" data-end=\"1462\">LC portlar\u0131n\u0131n arkas\u0131na s\u0131k s\u0131k takma ve s\u0131k\u0131 y\u00f6nlendirme<\/strong>, Bu da onu aktif ekipman i\u00e7in end\u00fcstri standard\u0131 haline getiriyor.<\/p>\n<hr data-start=\"1519\" data-end=\"1522\" \/>\n<h3 data-start=\"1524\" data-end=\"1559\">\u00c7ok modlu optik performans<\/h3>\n<div class=\"TyagGW_tableContainer\">\n<div class=\"group TyagGW_tableWrapper flex flex-col-reverse w-fit\" tabindex=\"-1\">\n<table class=\"w-fit min-w-(--thread-content-width)\" data-start=\"1561\" data-end=\"1841\">\n<thead data-start=\"1561\" data-end=\"1590\">\n<tr data-start=\"1561\" data-end=\"1590\">\n<th class=\"\" data-start=\"1561\" data-end=\"1573\" data-col-size=\"sm\">Parametre<\/th>\n<th class=\"\" data-start=\"1573\" data-end=\"1590\" data-col-size=\"sm\">Tipik de\u011fer<\/th>\n<\/tr>\n<\/thead>\n<tbody data-start=\"1620\" data-end=\"1841\">\n<tr data-start=\"1620\" data-end=\"1662\">\n<td data-start=\"1620\" data-end=\"1633\" data-col-size=\"sm\">Fiber tipi<\/td>\n<td data-start=\"1633\" data-end=\"1662\" data-col-size=\"sm\">OM2 \/ OM3 \/ OM4 \u00e7ok modlu<\/td>\n<\/tr>\n<tr data-start=\"1663\" data-end=\"1703\">\n<td data-start=\"1663\" data-end=\"1675\" data-col-size=\"sm\">\u00c7ekirdek boyutu<\/td>\n<td data-start=\"1675\" data-end=\"1703\" data-col-size=\"sm\">50\/125 \u00b5m veya 62,5\/125 \u00b5m<\/td>\n<\/tr>\n<tr data-start=\"1704\" data-end=\"1720\">\n<td data-start=\"1704\" data-end=\"1713\" data-col-size=\"sm\">Leh\u00e7e<\/td>\n<td data-start=\"1713\" data-end=\"1720\" data-col-size=\"sm\">UPC<\/td>\n<\/tr>\n<tr data-start=\"1721\" data-end=\"1751\">\n<td data-start=\"1721\" data-end=\"1738\" data-col-size=\"sm\">Ekleme kayb\u0131<\/td>\n<td data-start=\"1738\" data-end=\"1751\" data-col-size=\"sm\">\u2264 0,30 dB<\/td>\n<\/tr>\n<tr data-start=\"1752\" data-end=\"1777\">\n<td data-start=\"1752\" data-end=\"1766\" data-col-size=\"sm\">Geri d\u00f6n\u00fc\u015f kayb\u0131<\/td>\n<td data-start=\"1766\" data-end=\"1777\" data-col-size=\"sm\">\u2265 35 dB<\/td>\n<\/tr>\n<tr data-start=\"1778\" data-end=\"1809\">\n<td data-start=\"1778\" data-end=\"1792\" data-col-size=\"sm\">Dalga Boylar\u0131<\/td>\n<td data-start=\"1792\" data-end=\"1809\" data-col-size=\"sm\">850 \/ 1300 nm<\/td>\n<\/tr>\n<tr data-start=\"1810\" data-end=\"1841\">\n<td data-start=\"1810\" data-end=\"1823\" data-col-size=\"sm\">Dayan\u0131kl\u0131l\u0131k<\/td>\n<td data-start=\"1823\" data-end=\"1841\" data-col-size=\"sm\">\u2265 1000 \u00e7iftle\u015fme<\/td>\n<\/tr>\n<\/tbody>\n<\/table>\n<\/div>\n<\/div>\n<p data-start=\"1843\" data-end=\"1929\">Bu spesifikasyonlar \u015funlar\u0131 destekler <strong data-start=\"1872\" data-end=\"1928\">Ethernet, SAN ve k\u0131sa eri\u015fimli optik ara ba\u011flant\u0131lar<\/strong>.<\/p>\n<hr data-start=\"1931\" data-end=\"1934\" \/>\n<h3 data-start=\"1936\" data-end=\"1962\">Konekt\u00f6r\u00fcn i\u00e7inde<\/h3>\n<div class=\"TyagGW_tableContainer\">\n<div class=\"group TyagGW_tableWrapper flex flex-col-reverse w-fit\" tabindex=\"-1\">\n<table class=\"w-fit min-w-(--thread-content-width)\" data-start=\"1964\" data-end=\"2216\">\n<thead data-start=\"1964\" data-end=\"1988\">\n<tr data-start=\"1964\" data-end=\"1988\">\n<th class=\"\" data-start=\"1964\" data-end=\"1976\" data-col-size=\"sm\">Bile\u015fen<\/th>\n<th class=\"\" data-start=\"1976\" data-end=\"1988\" data-col-size=\"sm\">Fonksiyon<\/th>\n<\/tr>\n<\/thead>\n<tbody data-start=\"2012\" data-end=\"2216\">\n<tr data-start=\"2012\" data-end=\"2064\">\n<td data-start=\"2012\" data-end=\"2037\" data-col-size=\"sm\">1,25 mm seramik y\u00fcks\u00fck<\/td>\n<td data-start=\"2037\" data-end=\"2064\" data-col-size=\"sm\">Hassas fiber hizalama<\/td>\n<\/tr>\n<tr data-start=\"2065\" data-end=\"2119\">\n<td data-start=\"2065\" data-end=\"2089\" data-col-size=\"sm\">UPC cilal\u0131 u\u00e7 y\u00fczey<\/td>\n<td data-start=\"2089\" data-end=\"2119\" data-col-size=\"sm\">Fresnel yans\u0131mas\u0131n\u0131 azalt\u0131r<\/td>\n<\/tr>\n<tr data-start=\"2120\" data-end=\"2161\">\n<td data-start=\"2120\" data-end=\"2137\" data-col-size=\"sm\">\u00c7ift y\u00f6nl\u00fc LC klips<\/td>\n<td data-start=\"2137\" data-end=\"2161\" data-col-size=\"sm\">Tx\/Rx'i s\u0131rayla tutar<\/td>\n<\/tr>\n<tr data-start=\"2162\" data-end=\"2216\">\n<td data-start=\"2162\" data-end=\"2189\" data-col-size=\"sm\">2.0mm gerilim azalt\u0131c\u0131 \u00e7izme<\/td>\n<td data-start=\"2189\" data-end=\"2216\" data-col-size=\"sm\">B\u00fck\u00fclme hasar\u0131n\u0131 \u00f6nler<\/td>\n<\/tr>\n<\/tbody>\n<\/table>\n<\/div>\n<\/div>\n<hr data-start=\"2218\" data-end=\"2221\" \/>\n<h3 data-start=\"2223\" data-end=\"2245\">Profesyonel Soru-Cevap<\/h3>\n<p data-start=\"2247\" data-end=\"2404\"><strong data-start=\"2247\" data-end=\"2297\">\u00c7ok modlu uzun mesafeli ba\u011flant\u0131lar i\u00e7in uygun mudur?<\/strong><br data-start=\"2297\" data-end=\"2300\" \/>Hay\u0131r. Multimode a\u015fa\u011f\u0131dakiler i\u00e7in optimize edilmi\u015ftir <strong data-start=\"2331\" data-end=\"2361\">k\u0131sa ve orta mesafeler<\/strong> Binalar\u0131n ve veri merkezlerinin i\u00e7i gibi.<\/p>\n<p data-start=\"2406\" data-end=\"2549\"><strong data-start=\"2406\" data-end=\"2462\">Bu LC UPC konekt\u00f6r\u00fc APC adapt\u00f6rleri ile kullan\u0131labilir mi?<\/strong><br data-start=\"2462\" data-end=\"2465\" \/>Hay\u0131r. UPC ve APC kar\u0131\u015ft\u0131r\u0131lmamal\u0131d\u0131r - u\u00e7 y\u00fczeyler farkl\u0131d\u0131r ve zarar g\u00f6r\u00fcr.<\/p>\n<p data-start=\"2551\" data-end=\"2743\"><strong data-start=\"2551\" data-end=\"2595\">Neden simpleks yerine LC dupleksi se\u00e7melisiniz?<\/strong><br data-start=\"2595\" data-end=\"2598\" \/>\u00c7\u00fcnk\u00fc Ethernet ve optik mod\u00fcller <strong data-start=\"2643\" data-end=\"2667\">iki y\u00f6nl\u00fc iletim<\/strong>, ve dubleks konekt\u00f6rler \u015funlar\u0131 sa\u011flar <strong data-start=\"2698\" data-end=\"2742\">do\u011fru polarite ve daha h\u0131zl\u0131 kurulum<\/strong>.<\/p>","protected":false},"excerpt":{"rendered":"<p data-start=\"162\" data-end=\"539\">Bu <strong data-start=\"166\" data-end=\"221\">LC UPC 2.0mm Dubleks \u00c7ok Modlu Fiber Optik Konnekt\u00f6r<\/strong> i\u00e7in tasarlanm\u0131\u015ft\u0131r <strong data-start=\"238\" data-end=\"296\">y\u00fcksek bant geni\u015flikli, k\u0131sa-orta mesafeli optik ba\u011flant\u0131lar<\/strong> veri merkezlerinin, kurumsal a\u011flar\u0131n ve end\u00fcstriyel kontrol sistemlerinin i\u00e7inde.<br data-start=\"369\" data-end=\"372\" \/>\u00c7ok modlu fiber \u015fu durumlarda se\u00e7ilir <strong data-start=\"404\" data-end=\"444\">h\u0131z, istikrar ve maliyet verimlili\u011fi<\/strong> a\u015f\u0131r\u0131 mesafeden daha \u00f6nemlidir ve bu LC dubleks konekt\u00f6r tam olarak bu dengeyi sa\u011flar.<\/p>\n<p data-start=\"541\" data-end=\"707\">ile <strong data-start=\"546\" data-end=\"574\">UPC cilal\u0131 LC y\u00fcks\u00fckler<\/strong>, sa\u011flar <strong data-start=\"587\" data-end=\"636\">s\u0131k\u0131 fiziksel temas ve d\u00fc\u015f\u00fck ekleme kayb\u0131<\/strong>, i\u00e7in ideal hale getirir. <strong data-start=\"658\" data-end=\"706\">10G, 40G ve 100G \u00e7ok modlu optik kanallar<\/strong>.<\/p>","protected":false},"featured_media":881,"comment_status":"open","ping_status":"closed","template":"","meta":[],"product_brand":[],"product_cat":[49],"product_tag":[],"class_list":{"0":"post-880","1":"product","2":"type-product","3":"status-publish","4":"has-post-thumbnail","6":"product_cat-lc-duplex-connectors-single-modemultimode","8":"first","9":"instock","10":"shipping-taxable","11":"product-type-simple"},"_links":{"self":[{"href":"https:\/\/www.fenxifiber.com\/tr\/wp-json\/wp\/v2\/product\/880","targetHints":{"allow":["GET"]}}],"collection":[{"href":"https:\/\/www.fenxifiber.com\/tr\/wp-json\/wp\/v2\/product"}],"about":[{"href":"https:\/\/www.fenxifiber.com\/tr\/wp-json\/wp\/v2\/types\/product"}],"replies":[{"embeddable":true,"href":"https:\/\/www.fenxifiber.com\/tr\/wp-json\/wp\/v2\/comments?post=880"}],"wp:featuredmedia":[{"embeddable":true,"href":"https:\/\/www.fenxifiber.com\/tr\/wp-json\/wp\/v2\/media\/881"}],"wp:attachment":[{"href":"https:\/\/www.fenxifiber.com\/tr\/wp-json\/wp\/v2\/media?parent=880"}],"wp:term":[{"taxonomy":"product_brand","embeddable":true,"href":"https:\/\/www.fenxifiber.com\/tr\/wp-json\/wp\/v2\/product_brand?post=880"},{"taxonomy":"product_cat","embeddable":true,"href":"https:\/\/www.fenxifiber.com\/tr\/wp-json\/wp\/v2\/product_cat?post=880"},{"taxonomy":"product_tag","embeddable":true,"href":"https:\/\/www.fenxifiber.com\/tr\/wp-json\/wp\/v2\/product_tag?post=880"}],"curies":[{"name":"wp","href":"https:\/\/api.w.org\/{rel}","templated":true}]}}