{"id":885,"date":"2026-02-04T03:00:39","date_gmt":"2026-02-04T03:00:39","guid":{"rendered":"https:\/\/www.fenxifiber.com\/?post_type=product&#038;p=885"},"modified":"2026-02-05T02:36:30","modified_gmt":"2026-02-05T02:36:30","slug":"lc-upc-3-0mm-dubleks-tekli%cc%87-mod","status":"publish","type":"product","link":"https:\/\/www.fenxifiber.com\/tr\/product\/lc-upc-3-0mm-duplex-singlemode\/","title":{"rendered":"LC UPC 3.0mm \u00c7ift Y\u00f6nl\u00fc Tekli Mod Fiber Optik Konnekt\u00f6r"},"content":{"rendered":"<h3 data-start=\"737\" data-end=\"786\">3.0mm dubleks - ger\u00e7ek kablolama yollar\u0131 i\u00e7in \u00fcretilmi\u015ftir<\/h3>\n<div class=\"TyagGW_tableContainer\">\n<div class=\"group TyagGW_tableWrapper flex flex-col-reverse w-fit\" tabindex=\"-1\">\n<table class=\"w-fit min-w-(--thread-content-width)\" data-start=\"788\" data-end=\"982\">\n<thead data-start=\"788\" data-end=\"827\">\n<tr data-start=\"788\" data-end=\"827\">\n<th class=\"\" data-start=\"788\" data-end=\"801\" data-col-size=\"sm\">Kablo tipi<\/th>\n<th class=\"\" data-start=\"801\" data-end=\"827\" data-col-size=\"md\">En iyi performans g\u00f6sterdi\u011fi yer<\/th>\n<\/tr>\n<\/thead>\n<tbody data-start=\"867\" data-end=\"982\">\n<tr data-start=\"867\" data-end=\"908\">\n<td data-start=\"867\" data-end=\"875\" data-col-size=\"sm\">2.0mm<\/td>\n<td data-start=\"875\" data-end=\"908\" data-col-size=\"md\">Cihaz ba\u011flant\u0131 noktalar\u0131ndaki k\u0131sa atlama telleri<\/td>\n<\/tr>\n<tr data-start=\"909\" data-end=\"982\">\n<td data-start=\"909\" data-end=\"921\" data-col-size=\"sm\"><strong data-start=\"911\" data-end=\"920\">3.0mm<\/strong><\/td>\n<td data-start=\"921\" data-end=\"982\" data-col-size=\"md\"><strong data-start=\"923\" data-end=\"980\">Bina omurgalar\u0131, kattan kata ba\u011flant\u0131lar, ODF y\u00f6nlendirme<\/strong><\/td>\n<\/tr>\n<\/tbody>\n<\/table>\n<\/div>\n<\/div>\n<p data-start=\"984\" data-end=\"1094\">Daha kal\u0131n k\u0131l\u0131f \u00e7ekme kuvvetlerini emer ve lifler uzun yollardan ge\u00e7irildi\u011finde mikro b\u00fck\u00fclmeleri azalt\u0131r.<\/p>\n<hr data-start=\"1096\" data-end=\"1099\" \/>\n<h3 data-start=\"1101\" data-end=\"1143\">Optik iletim \u00f6zellikleri<\/h3>\n<div class=\"TyagGW_tableContainer\">\n<div class=\"group TyagGW_tableWrapper flex flex-col-reverse w-fit\" tabindex=\"-1\">\n<table class=\"w-fit min-w-(--thread-content-width)\" data-start=\"1145\" data-end=\"1396\">\n<thead data-start=\"1145\" data-end=\"1174\">\n<tr data-start=\"1145\" data-end=\"1174\">\n<th class=\"\" data-start=\"1145\" data-end=\"1157\" data-col-size=\"sm\">Parametre<\/th>\n<th class=\"\" data-start=\"1157\" data-end=\"1174\" data-col-size=\"sm\">Tipik de\u011fer<\/th>\n<\/tr>\n<\/thead>\n<tbody data-start=\"1204\" data-end=\"1396\">\n<tr data-start=\"1204\" data-end=\"1236\">\n<td data-start=\"1204\" data-end=\"1212\" data-col-size=\"sm\">Elyaf<\/td>\n<td data-start=\"1212\" data-end=\"1236\" data-col-size=\"sm\">Tek modlu 9\/125 \u00b5m<\/td>\n<\/tr>\n<tr data-start=\"1237\" data-end=\"1258\">\n<td data-start=\"1237\" data-end=\"1251\" data-col-size=\"sm\">Leh\u00e7e tipi<\/td>\n<td data-start=\"1251\" data-end=\"1258\" data-col-size=\"sm\">UPC<\/td>\n<\/tr>\n<tr data-start=\"1259\" data-end=\"1289\">\n<td data-start=\"1259\" data-end=\"1276\" data-col-size=\"sm\">Ekleme kayb\u0131<\/td>\n<td data-start=\"1276\" data-end=\"1289\" data-col-size=\"sm\">\u2264 0,30 dB<\/td>\n<\/tr>\n<tr data-start=\"1290\" data-end=\"1315\">\n<td data-start=\"1290\" data-end=\"1304\" data-col-size=\"sm\">Geri d\u00f6n\u00fc\u015f kayb\u0131<\/td>\n<td data-start=\"1304\" data-end=\"1315\" data-col-size=\"sm\">\u2265 50 dB<\/td>\n<\/tr>\n<tr data-start=\"1316\" data-end=\"1358\">\n<td data-start=\"1316\" data-end=\"1340\" data-col-size=\"sm\">\u00c7al\u0131\u015fma dalga boylar\u0131<\/td>\n<td data-start=\"1340\" data-end=\"1358\" data-col-size=\"sm\">1310 \/ 1550 nm<\/td>\n<\/tr>\n<tr data-start=\"1359\" data-end=\"1396\">\n<td data-start=\"1359\" data-end=\"1379\" data-col-size=\"sm\">\u00c7iftle\u015fme dayan\u0131kl\u0131l\u0131\u011f\u0131<\/td>\n<td data-start=\"1379\" data-end=\"1396\" data-col-size=\"sm\">\u2265 1000 d\u00f6ng\u00fc<\/td>\n<\/tr>\n<\/tbody>\n<\/table>\n<\/div>\n<\/div>\n<p data-start=\"1398\" data-end=\"1496\">Bu de\u011ferler \u015funlar\u0131 destekler <strong data-start=\"1419\" data-end=\"1463\">Ethernet, SDH, metro ve eri\u015fim a\u011flar\u0131<\/strong> uzun vadeli sinyal kararl\u0131l\u0131\u011f\u0131 ile.<\/p>\n<hr data-start=\"1498\" data-end=\"1501\" \/>\n<h3 data-start=\"1503\" data-end=\"1528\">\u00c7ift y\u00f6nl\u00fc LC yap\u0131s\u0131<\/h3>\n<p data-start=\"1530\" data-end=\"1659\">\u0130ki fiber, bir LC dubleks muhafazan\u0131n i\u00e7ine sabitlenerek <strong data-start=\"1590\" data-end=\"1619\">do\u011fru Tx\/Rx oryantasyonu<\/strong> kablolar ta\u015f\u0131nd\u0131\u011f\u0131nda veya bak\u0131m yap\u0131ld\u0131\u011f\u0131nda bile.<\/p>\n<div class=\"TyagGW_tableContainer\">\n<div class=\"group TyagGW_tableWrapper flex flex-col-reverse w-fit\" tabindex=\"-1\">\n<table class=\"w-fit min-w-(--thread-content-width)\" data-start=\"1661\" data-end=\"1899\">\n<thead data-start=\"1661\" data-end=\"1687\">\n<tr data-start=\"1661\" data-end=\"1687\">\n<th class=\"\" data-start=\"1661\" data-end=\"1676\" data-col-size=\"sm\">\u0130n\u015faat<\/th>\n<th class=\"\" data-start=\"1676\" data-end=\"1687\" data-col-size=\"sm\">Fayda<\/th>\n<\/tr>\n<\/thead>\n<tbody data-start=\"1713\" data-end=\"1899\">\n<tr data-start=\"1713\" data-end=\"1765\">\n<td data-start=\"1713\" data-end=\"1739\" data-col-size=\"sm\">1,25 mm seramik y\u00fcks\u00fckler<\/td>\n<td data-col-size=\"sm\" data-start=\"1739\" data-end=\"1765\">Hassas \u00e7ekirdek hizalama<\/td>\n<\/tr>\n<tr data-start=\"1766\" data-end=\"1809\">\n<td data-start=\"1766\" data-end=\"1791\" data-col-size=\"sm\">UPC cilal\u0131 u\u00e7 y\u00fczeyler<\/td>\n<td data-col-size=\"sm\" data-start=\"1791\" data-end=\"1809\">D\u00fc\u015f\u00fck yans\u0131ma<\/td>\n<\/tr>\n<tr data-start=\"1810\" data-end=\"1849\">\n<td data-start=\"1810\" data-end=\"1827\" data-col-size=\"sm\">\u00c7ift y\u00f6nl\u00fc LC klips<\/td>\n<td data-col-size=\"sm\" data-start=\"1827\" data-end=\"1849\">Polariteyi korur<\/td>\n<\/tr>\n<tr data-start=\"1850\" data-end=\"1899\">\n<td data-start=\"1850\" data-end=\"1871\" data-col-size=\"sm\">Kal\u0131n 3.0mm ceket<\/td>\n<td data-start=\"1871\" data-end=\"1899\" data-col-size=\"sm\">Gerilime kar\u015f\u0131 korur<\/td>\n<\/tr>\n<\/tbody>\n<\/table>\n<\/div>\n<\/div>\n<hr data-start=\"1901\" data-end=\"1904\" \/>\n<h3 data-start=\"1906\" data-end=\"1928\">Profesyonel Soru-Cevap<\/h3>\n<p data-start=\"1930\" data-end=\"2085\"><strong data-start=\"1930\" data-end=\"1978\">Ne zaman 2.0mm yerine 3.0mm se\u00e7meliyim?<\/strong><br data-start=\"1978\" data-end=\"1981\" \/>Jumper ge\u00e7ti\u011finde <strong data-start=\"2010\" data-end=\"2053\">kablo kanallar\u0131, y\u00fckselticiler veya omurga \u00e7er\u00e7eveleri<\/strong> b\u00fck\u00fclebilece\u011fi veya \u00e7ekilebilece\u011fi yerlerde.<\/p>\n<p data-start=\"2087\" data-end=\"2216\"><strong data-start=\"2087\" data-end=\"2135\">Bu t\u00fcm LC UPC adapt\u00f6rleri ile uyumlu mu?<\/strong><br data-start=\"2135\" data-end=\"2138\" \/>Evet. LC aray\u00fcz\u00fc standartt\u0131r ve t\u00fcm LC UPC panellerine ve al\u0131c\u0131-vericilerine uyar.<\/p>\n<p data-start=\"2218\" data-end=\"2353\"><strong data-start=\"2218\" data-end=\"2255\">Bu PON sistemleri i\u00e7in kullan\u0131labilir mi?<\/strong><br data-start=\"2255\" data-end=\"2258\" \/>Evet, ancak RF kaplamas\u0131 veya yans\u0131maya duyarl\u0131 PON sistemleri i\u00e7in, <strong data-start=\"2319\" data-end=\"2329\">LC APC<\/strong> bunun yerine tavsiye edilir.<\/p>","protected":false},"excerpt":{"rendered":"<p data-start=\"164\" data-end=\"520\">Bu <strong data-start=\"168\" data-end=\"224\">LC UPC 3.0mm \u00c7ift Y\u00f6nl\u00fc Tekli Mod Fiber Optik Konnekt\u00f6r<\/strong> i\u00e7in tasarlanm\u0131\u015ft\u0131r <strong data-start=\"241\" data-end=\"288\">y\u0131llarca sabit kalmas\u0131 gereken fiber ba\u011flant\u0131lar<\/strong>, sadece bir raf\u0131n i\u00e7inde de\u011fil, genelinde <strong data-start=\"324\" data-end=\"365\">katlar, koridorlar ve omurga \u00e7er\u00e7eveleri<\/strong>.<br data-start=\"366\" data-end=\"369\" \/>Yama kablolar\u0131n\u0131n y\u00f6nlendirildi\u011fi yer <strong data-start=\"406\" data-end=\"463\">kablo kanallar\u0131, dikey \u015faftlar veya da\u011f\u0131t\u0131m kabinleri<\/strong>, daha kal\u0131n ve daha koruyucu bir ceket gerekli hale gelir.<\/p>\n<p data-start=\"522\" data-end=\"730\">Bu 3.0mm dubleks LC konekt\u00f6r \u015funlar\u0131 birle\u015ftirir <strong data-start=\"562\" data-end=\"588\">d\u00fc\u015f\u00fck kay\u0131pl\u0131 UPC parlatma<\/strong> ile <strong data-start=\"596\" data-end=\"626\">g\u00fc\u00e7lendirilmi\u015f kablo yap\u0131s\u0131<\/strong>, aras\u0131nda g\u00fcvenilir bir ba\u011flant\u0131 olu\u015fturarak <strong data-start=\"667\" data-end=\"729\">optik da\u011f\u0131t\u0131m \u00e7er\u00e7eveleri, anahtarlar ve eri\u015fim ekipmanlar\u0131<\/strong>.<\/p>","protected":false},"featured_media":886,"comment_status":"open","ping_status":"closed","template":"","meta":[],"product_brand":[],"product_cat":[49],"product_tag":[],"class_list":{"0":"post-885","1":"product","2":"type-product","3":"status-publish","4":"has-post-thumbnail","6":"product_cat-lc-duplex-connectors-single-modemultimode","8":"first","9":"instock","10":"shipping-taxable","11":"product-type-simple"},"_links":{"self":[{"href":"https:\/\/www.fenxifiber.com\/tr\/wp-json\/wp\/v2\/product\/885","targetHints":{"allow":["GET"]}}],"collection":[{"href":"https:\/\/www.fenxifiber.com\/tr\/wp-json\/wp\/v2\/product"}],"about":[{"href":"https:\/\/www.fenxifiber.com\/tr\/wp-json\/wp\/v2\/types\/product"}],"replies":[{"embeddable":true,"href":"https:\/\/www.fenxifiber.com\/tr\/wp-json\/wp\/v2\/comments?post=885"}],"wp:featuredmedia":[{"embeddable":true,"href":"https:\/\/www.fenxifiber.com\/tr\/wp-json\/wp\/v2\/media\/886"}],"wp:attachment":[{"href":"https:\/\/www.fenxifiber.com\/tr\/wp-json\/wp\/v2\/media?parent=885"}],"wp:term":[{"taxonomy":"product_brand","embeddable":true,"href":"https:\/\/www.fenxifiber.com\/tr\/wp-json\/wp\/v2\/product_brand?post=885"},{"taxonomy":"product_cat","embeddable":true,"href":"https:\/\/www.fenxifiber.com\/tr\/wp-json\/wp\/v2\/product_cat?post=885"},{"taxonomy":"product_tag","embeddable":true,"href":"https:\/\/www.fenxifiber.com\/tr\/wp-json\/wp\/v2\/product_tag?post=885"}],"curies":[{"name":"wp","href":"https:\/\/api.w.org\/{rel}","templated":true}]}}