{"id":887,"date":"2026-02-04T03:01:52","date_gmt":"2026-02-04T03:01:52","guid":{"rendered":"https:\/\/www.fenxifiber.com\/?post_type=product&#038;p=887"},"modified":"2026-02-05T02:36:56","modified_gmt":"2026-02-05T02:36:56","slug":"lc-upc-3-0mm-dubleks-cok-modlu","status":"publish","type":"product","link":"https:\/\/www.fenxifiber.com\/tr\/product\/lc-upc-3-0mm-duplex-multimode\/","title":{"rendered":"LC UPC 3.0mm Dubleks \u00c7ok Modlu Fiber Optik Konnekt\u00f6r"},"content":{"rendered":"<h3 data-start=\"732\" data-end=\"776\">\u00c7ok modlu kablolamada 3.0mm neden \u00f6nemlidir?<\/h3>\n<div class=\"TyagGW_tableContainer\">\n<div class=\"group TyagGW_tableWrapper flex flex-col-reverse w-fit\" tabindex=\"-1\">\n<table class=\"w-fit min-w-(--thread-content-width)\" data-start=\"778\" data-end=\"946\">\n<thead data-start=\"778\" data-end=\"812\">\n<tr data-start=\"778\" data-end=\"812\">\n<th class=\"\" data-start=\"778\" data-end=\"795\" data-col-size=\"sm\">Kablo \u00e7ap\u0131<\/th>\n<th class=\"\" data-start=\"795\" data-end=\"812\" data-col-size=\"sm\">Pratik kullan\u0131m<\/th>\n<\/tr>\n<\/thead>\n<tbody data-start=\"847\" data-end=\"946\">\n<tr data-start=\"847\" data-end=\"887\">\n<td data-start=\"847\" data-end=\"855\" data-col-size=\"sm\">2.0mm<\/td>\n<td data-start=\"855\" data-end=\"887\" data-col-size=\"sm\">Anahtar ve al\u0131c\u0131-verici ba\u011flant\u0131 noktalar\u0131<\/td>\n<\/tr>\n<tr data-start=\"888\" data-end=\"946\">\n<td data-start=\"888\" data-end=\"900\" data-col-size=\"sm\"><strong data-start=\"890\" data-end=\"899\">3.0mm<\/strong><\/td>\n<td data-col-size=\"sm\" data-start=\"900\" data-end=\"946\"><strong data-start=\"902\" data-end=\"944\">Raflar, tepsiler, dolaptan dolaba ba\u011flant\u0131lar<\/strong><\/td>\n<\/tr>\n<\/tbody>\n<\/table>\n<\/div>\n<\/div>\n<p data-start=\"948\" data-end=\"1046\">Daha a\u011f\u0131r k\u0131l\u0131f, OM fiberini kalabal\u0131k kablo yollar\u0131nda b\u00fck\u00fclme kayb\u0131na ve ezilmeye kar\u015f\u0131 korur.<\/p>\n<hr data-start=\"1048\" data-end=\"1051\" \/>\n<h3 data-start=\"1053\" data-end=\"1085\">\u00c7ok modlu optik davran\u0131\u015f<\/h3>\n<div class=\"TyagGW_tableContainer\">\n<div class=\"group TyagGW_tableWrapper flex flex-col-reverse w-fit\" tabindex=\"-1\">\n<table class=\"w-fit min-w-(--thread-content-width)\" data-start=\"1087\" data-end=\"1359\">\n<thead data-start=\"1087\" data-end=\"1116\">\n<tr data-start=\"1087\" data-end=\"1116\">\n<th class=\"\" data-start=\"1087\" data-end=\"1099\" data-col-size=\"sm\">Parametre<\/th>\n<th class=\"\" data-start=\"1099\" data-end=\"1116\" data-col-size=\"sm\">Tipik de\u011fer<\/th>\n<\/tr>\n<\/thead>\n<tbody data-start=\"1146\" data-end=\"1359\">\n<tr data-start=\"1146\" data-end=\"1178\">\n<td data-start=\"1146\" data-end=\"1159\" data-col-size=\"sm\">Fiber tipi<\/td>\n<td data-start=\"1159\" data-end=\"1178\" data-col-size=\"sm\">OM2 \/ OM3 \/ OM4<\/td>\n<\/tr>\n<tr data-start=\"1179\" data-end=\"1219\">\n<td data-start=\"1179\" data-end=\"1191\" data-col-size=\"sm\">\u00c7ekirdek boyutu<\/td>\n<td data-start=\"1191\" data-end=\"1219\" data-col-size=\"sm\">50\/125 \u00b5m veya 62,5\/125 \u00b5m<\/td>\n<\/tr>\n<tr data-start=\"1220\" data-end=\"1238\">\n<td data-start=\"1220\" data-end=\"1231\" data-col-size=\"sm\">U\u00e7 y\u00fcz<\/td>\n<td data-start=\"1231\" data-end=\"1238\" data-col-size=\"sm\">UPC<\/td>\n<\/tr>\n<tr data-start=\"1239\" data-end=\"1269\">\n<td data-start=\"1239\" data-end=\"1256\" data-col-size=\"sm\">Ekleme kayb\u0131<\/td>\n<td data-start=\"1256\" data-end=\"1269\" data-col-size=\"sm\">\u2264 0,30 dB<\/td>\n<\/tr>\n<tr data-start=\"1270\" data-end=\"1295\">\n<td data-start=\"1270\" data-end=\"1284\" data-col-size=\"sm\">Geri d\u00f6n\u00fc\u015f kayb\u0131<\/td>\n<td data-start=\"1284\" data-end=\"1295\" data-col-size=\"sm\">\u2265 35 dB<\/td>\n<\/tr>\n<tr data-start=\"1296\" data-end=\"1327\">\n<td data-start=\"1296\" data-end=\"1310\" data-col-size=\"sm\">Dalga Boylar\u0131<\/td>\n<td data-start=\"1310\" data-end=\"1327\" data-col-size=\"sm\">850 \/ 1300 nm<\/td>\n<\/tr>\n<tr data-start=\"1328\" data-end=\"1359\">\n<td data-start=\"1328\" data-end=\"1342\" data-col-size=\"sm\">\u00c7iftle\u015fme hayat\u0131<\/td>\n<td data-start=\"1342\" data-end=\"1359\" data-col-size=\"sm\">\u2265 1000 d\u00f6ng\u00fc<\/td>\n<\/tr>\n<\/tbody>\n<\/table>\n<\/div>\n<\/div>\n<p data-start=\"1361\" data-end=\"1469\">Bu de\u011ferler \u015funlar\u0131 destekler <strong data-start=\"1382\" data-end=\"1436\">Ethernet, SAN ve y\u00fcksek h\u0131zl\u0131 optik ara ba\u011flant\u0131lar<\/strong> binalar\u0131n ve veri salonlar\u0131n\u0131n i\u00e7inde.<\/p>\n<hr data-start=\"1471\" data-end=\"1474\" \/>\n<h3 data-start=\"1476\" data-end=\"1498\">\u00c7ift y\u00f6nl\u00fc LC tasar\u0131m\u0131<\/h3>\n<p data-start=\"1500\" data-end=\"1639\">\u0130ki fiber bir LC dubleks muhafazada tutularak <strong data-start=\"1555\" data-end=\"1614\">sabit polarite ve senkronize g\u00f6nderme\/alma yollar\u0131<\/strong> bak\u0131m s\u0131ras\u0131nda bile.<\/p>\n<div class=\"TyagGW_tableContainer\">\n<div class=\"group TyagGW_tableWrapper flex flex-col-reverse w-fit\" tabindex=\"-1\">\n<table class=\"w-fit min-w-(--thread-content-width)\" data-start=\"1641\" data-end=\"1895\">\n<thead data-start=\"1641\" data-end=\"1663\">\n<tr data-start=\"1641\" data-end=\"1663\">\n<th class=\"\" data-start=\"1641\" data-end=\"1651\" data-col-size=\"sm\">Element<\/th>\n<th class=\"\" data-start=\"1651\" data-end=\"1663\" data-col-size=\"sm\">Fonksiyon<\/th>\n<\/tr>\n<\/thead>\n<tbody data-start=\"1685\" data-end=\"1895\">\n<tr data-start=\"1685\" data-end=\"1738\">\n<td data-start=\"1685\" data-end=\"1711\" data-col-size=\"sm\">1,25 mm seramik y\u00fcks\u00fckler<\/td>\n<td data-start=\"1711\" data-end=\"1738\" data-col-size=\"sm\">Hassas fiber hizalama<\/td>\n<\/tr>\n<tr data-start=\"1739\" data-end=\"1791\">\n<td data-start=\"1739\" data-end=\"1752\" data-col-size=\"sm\">UPC cilas\u0131<\/td>\n<td data-col-size=\"sm\" data-start=\"1752\" data-end=\"1791\">\u00c7ok modlu lazerler i\u00e7in d\u00fc\u015f\u00fck yans\u0131ma<\/td>\n<\/tr>\n<tr data-start=\"1792\" data-end=\"1833\">\n<td data-start=\"1792\" data-end=\"1809\" data-col-size=\"sm\">\u00c7ift y\u00f6nl\u00fc LC klips<\/td>\n<td data-col-size=\"sm\" data-start=\"1809\" data-end=\"1833\">Tx\/Rx'i birbirine kilitler<\/td>\n<\/tr>\n<tr data-start=\"1834\" data-end=\"1895\">\n<td data-start=\"1834\" data-end=\"1855\" data-col-size=\"sm\">Kal\u0131n 3.0mm ceket<\/td>\n<td data-start=\"1855\" data-end=\"1895\" data-col-size=\"sm\">E\u011filme ve gerilmelere kar\u015f\u0131 korur<\/td>\n<\/tr>\n<\/tbody>\n<\/table>\n<\/div>\n<\/div>\n<hr data-start=\"1897\" data-end=\"1900\" \/>\n<h3 data-start=\"1902\" data-end=\"1924\">Profesyonel Soru-Cevap<\/h3>\n<p data-start=\"1926\" data-end=\"2090\"><strong data-start=\"1926\" data-end=\"1967\">3.0mm LC konekt\u00f6rler i\u00e7in \u00e7ok mu sert?<\/strong><br data-start=\"1967\" data-end=\"1970\" \/>Hay\u0131r. LC y\u00fcks\u00fck ve muhafaza standartt\u0131r. Yaln\u0131zca kablo daha kal\u0131nd\u0131r ve omurga rotalar\u0131 i\u00e7in daha iyi koruma sa\u011flar.<\/p>\n<p data-start=\"2092\" data-end=\"2205\"><strong data-start=\"2092\" data-end=\"2136\">Bu OM3 ve OM4 fiber ile kullan\u0131labilir mi?<\/strong><br data-start=\"2136\" data-end=\"2139\" \/>Evet. OM2, OM3 ve OM4 \u00e7ok modlu fiber ile tamamen uyumludur.<\/p>\n<p data-start=\"2207\" data-end=\"2337\"><strong data-start=\"2207\" data-end=\"2248\">\u00c7ok modlu ba\u011flant\u0131lar i\u00e7in APC kullanmal\u0131 m\u0131y\u0131m?<\/strong><br data-start=\"2248\" data-end=\"2251\" \/>Hay\u0131r. \u00c7ok modlu sistemler <strong data-start=\"2277\" data-end=\"2284\">UPC<\/strong>. APC tek modlu yans\u0131ma kontrol\u00fc i\u00e7in tasarlanm\u0131\u015ft\u0131r.<\/p>","protected":false},"excerpt":{"rendered":"<p data-start=\"161\" data-end=\"572\">Bu <strong data-start=\"165\" data-end=\"220\">LC UPC 3.0mm Dubleks \u00c7ok Modlu Fiber Optik Konnekt\u00f6r<\/strong> i\u00e7in in\u015fa edilmi\u015ftir <strong data-start=\"234\" data-end=\"275\">veri merkezleri ve kurumsal omurgalar<\/strong> k\u0131sa eri\u015fimli optik ba\u011flant\u0131lar\u0131n h\u0131zl\u0131, istikrarl\u0131 ve fiziksel olarak korunmu\u015f kalmas\u0131 gereken yerlerde.<br data-start=\"358\" data-end=\"361\" \/>\u00c7ok modlu fiber a\u015fa\u011f\u0131dakiler i\u00e7in yayg\u0131n olarak kullan\u0131l\u0131r <strong data-start=\"396\" data-end=\"429\">10G, 40G ve 100G ba\u011flant\u0131lar\u0131<\/strong>, ve daha kal\u0131n 3.0mm dubleks k\u0131l\u0131f bu ba\u011flant\u0131lara <strong data-start=\"489\" data-end=\"515\">mekani\u0307k g\u00fcveni\u0307li\u0307rli\u0307k<\/strong> tepsiler, raflar ve dolaplar arac\u0131l\u0131\u011f\u0131yla y\u00f6nlendirildiklerinde ihtiya\u00e7 duyarlar.<\/p>\n<p data-start=\"574\" data-end=\"725\">Standart 2.0mm jumperlar ekipman ba\u011flant\u0131 noktalar\u0131nda iyi \u00e7al\u0131\u015f\u0131rken, omurga yollar\u0131 \u015funlar\u0131 gerektirir <strong data-start=\"656\" data-end=\"676\">daha g\u00fc\u00e7l\u00fc ceketler<\/strong> mikro b\u00fck\u00fclmeyi ve sinyal karars\u0131zl\u0131\u011f\u0131n\u0131 \u00f6nlemek i\u00e7in.<\/p>","protected":false},"featured_media":888,"comment_status":"open","ping_status":"closed","template":"","meta":[],"product_brand":[],"product_cat":[49],"product_tag":[],"class_list":{"0":"post-887","1":"product","2":"type-product","3":"status-publish","4":"has-post-thumbnail","6":"product_cat-lc-duplex-connectors-single-modemultimode","8":"first","9":"instock","10":"shipping-taxable","11":"product-type-simple"},"_links":{"self":[{"href":"https:\/\/www.fenxifiber.com\/tr\/wp-json\/wp\/v2\/product\/887","targetHints":{"allow":["GET"]}}],"collection":[{"href":"https:\/\/www.fenxifiber.com\/tr\/wp-json\/wp\/v2\/product"}],"about":[{"href":"https:\/\/www.fenxifiber.com\/tr\/wp-json\/wp\/v2\/types\/product"}],"replies":[{"embeddable":true,"href":"https:\/\/www.fenxifiber.com\/tr\/wp-json\/wp\/v2\/comments?post=887"}],"wp:featuredmedia":[{"embeddable":true,"href":"https:\/\/www.fenxifiber.com\/tr\/wp-json\/wp\/v2\/media\/888"}],"wp:attachment":[{"href":"https:\/\/www.fenxifiber.com\/tr\/wp-json\/wp\/v2\/media?parent=887"}],"wp:term":[{"taxonomy":"product_brand","embeddable":true,"href":"https:\/\/www.fenxifiber.com\/tr\/wp-json\/wp\/v2\/product_brand?post=887"},{"taxonomy":"product_cat","embeddable":true,"href":"https:\/\/www.fenxifiber.com\/tr\/wp-json\/wp\/v2\/product_cat?post=887"},{"taxonomy":"product_tag","embeddable":true,"href":"https:\/\/www.fenxifiber.com\/tr\/wp-json\/wp\/v2\/product_tag?post=887"}],"curies":[{"name":"wp","href":"https:\/\/api.w.org\/{rel}","templated":true}]}}