{"id":890,"date":"2026-02-04T03:02:57","date_gmt":"2026-02-04T03:02:57","guid":{"rendered":"https:\/\/www.fenxifiber.com\/?post_type=product&#038;p=890"},"modified":"2026-02-05T02:37:21","modified_gmt":"2026-02-05T02:37:21","slug":"lc-upc-3-0mm-dubleks-cok-modlu-gol-mavisi","status":"publish","type":"product","link":"https:\/\/www.fenxifiber.com\/tr\/product\/lc-upc-3-0mm-duplex-multimode-lake-blue\/","title":{"rendered":"LC UPC 3.0mm Dubleks \u00c7ok Modlu (G\u00f6l Mavisi) Fiber Optik Konnekt\u00f6r"},"content":{"rendered":"<h3 data-start=\"721\" data-end=\"780\">Renk kodlu \u00e7ok modlu a\u011flar\u0131n y\u00f6netimini kolayla\u015ft\u0131r\u0131r<\/h3>\n<div class=\"TyagGW_tableContainer\">\n<div class=\"group TyagGW_tableWrapper flex flex-col-reverse w-fit\" tabindex=\"-1\">\n<table class=\"w-fit min-w-(--thread-content-width)\" data-start=\"782\" data-end=\"992\">\n<thead data-start=\"782\" data-end=\"827\">\n<tr data-start=\"782\" data-end=\"827\">\n<th class=\"\" data-start=\"782\" data-end=\"797\" data-col-size=\"sm\">Ceket rengi<\/th>\n<th class=\"\" data-start=\"797\" data-end=\"827\" data-col-size=\"sm\">Genellikle neyi temsil eder<\/th>\n<\/tr>\n<\/thead>\n<tbody data-start=\"873\" data-end=\"992\">\n<tr data-start=\"873\" data-end=\"897\">\n<td data-start=\"873\" data-end=\"882\" data-col-size=\"sm\">Sar\u0131<\/td>\n<td data-start=\"882\" data-end=\"897\" data-col-size=\"sm\">Tek modlu<\/td>\n<\/tr>\n<tr data-start=\"898\" data-end=\"930\">\n<td data-start=\"898\" data-end=\"907\" data-col-size=\"sm\">Turuncu<\/td>\n<td data-start=\"907\" data-end=\"930\" data-col-size=\"sm\">OM1 \/ OM2 \u00e7ok modlu<\/td>\n<\/tr>\n<tr data-start=\"931\" data-end=\"992\">\n<td data-start=\"931\" data-end=\"954\" data-col-size=\"sm\"><strong data-start=\"933\" data-end=\"953\">G\u00f6l Mavisi (Aqua)<\/strong><\/td>\n<td data-col-size=\"sm\" data-start=\"954\" data-end=\"992\"><strong data-start=\"956\" data-end=\"990\">OM3 \/ OM4 y\u00fcksek h\u0131zl\u0131 \u00e7ok modlu<\/strong><\/td>\n<\/tr>\n<\/tbody>\n<\/table>\n<\/div>\n<\/div>\n<p data-start=\"994\" data-end=\"1086\">Bu g\u00f6rsel standart \u015fu alanlarda yayg\u0131n olarak kullan\u0131lmaktad\u0131r <strong data-start=\"1033\" data-end=\"1085\">veri merkezleri, bulut tesisleri ve telekom odalar\u0131<\/strong>.<\/p>\n<hr data-start=\"1088\" data-end=\"1091\" \/>\n<h3 data-start=\"1093\" data-end=\"1142\">3.0mm dubleks - yap\u0131land\u0131r\u0131lm\u0131\u015f kablolama i\u00e7in \u00fcretilmi\u015ftir<\/h3>\n<div class=\"TyagGW_tableContainer\">\n<div class=\"group TyagGW_tableWrapper flex flex-col-reverse w-fit\" tabindex=\"-1\">\n<table class=\"w-fit min-w-(--thread-content-width)\" data-start=\"1144\" data-end=\"1307\">\n<thead data-start=\"1144\" data-end=\"1173\">\n<tr data-start=\"1144\" data-end=\"1173\">\n<th class=\"\" data-start=\"1144\" data-end=\"1157\" data-col-size=\"sm\">Kablo boyutu<\/th>\n<th class=\"\" data-start=\"1157\" data-end=\"1173\" data-col-size=\"md\">Tipik rol<\/th>\n<\/tr>\n<\/thead>\n<tbody data-start=\"1203\" data-end=\"1307\">\n<tr data-start=\"1203\" data-end=\"1242\">\n<td data-start=\"1203\" data-end=\"1211\" data-col-size=\"sm\">2.0mm<\/td>\n<td data-col-size=\"md\" data-start=\"1211\" data-end=\"1242\">Anahtar ba\u011flant\u0131 noktalar\u0131ndaki yama kablolar\u0131<\/td>\n<\/tr>\n<tr data-start=\"1243\" data-end=\"1307\">\n<td data-start=\"1243\" data-end=\"1255\" data-col-size=\"sm\"><strong data-start=\"1245\" data-end=\"1254\">3.0mm<\/strong><\/td>\n<td data-start=\"1255\" data-end=\"1307\" data-col-size=\"md\"><strong data-start=\"1257\" data-end=\"1305\">Raflar, kablo kanallar\u0131, kabinden kabine ba\u011flant\u0131lar<\/strong><\/td>\n<\/tr>\n<\/tbody>\n<\/table>\n<\/div>\n<\/div>\n<p data-start=\"1309\" data-end=\"1432\">Daha kal\u0131n k\u0131l\u0131f, \u00e7ok modlu fiberleri yo\u011fun kablolama yollar\u0131ndan ge\u00e7irildi\u011finde b\u00fck\u00fclme kayb\u0131na ve fiziksel gerilime kar\u015f\u0131 korur.<\/p>\n<hr data-start=\"1434\" data-end=\"1437\" \/>\n<h3 data-start=\"1439\" data-end=\"1474\">\u00c7ok modlu optik performans<\/h3>\n<div class=\"TyagGW_tableContainer\">\n<div class=\"group TyagGW_tableWrapper flex flex-col-reverse w-fit\" tabindex=\"-1\">\n<table class=\"w-fit min-w-(--thread-content-width)\" data-start=\"1476\" data-end=\"1727\">\n<thead data-start=\"1476\" data-end=\"1505\">\n<tr data-start=\"1476\" data-end=\"1505\">\n<th class=\"\" data-start=\"1476\" data-end=\"1488\" data-col-size=\"sm\">Parametre<\/th>\n<th class=\"\" data-start=\"1488\" data-end=\"1505\" data-col-size=\"sm\">Tipik de\u011fer<\/th>\n<\/tr>\n<\/thead>\n<tbody data-start=\"1535\" data-end=\"1727\">\n<tr data-start=\"1535\" data-end=\"1561\">\n<td data-start=\"1535\" data-end=\"1548\" data-col-size=\"sm\">Fiber tipi<\/td>\n<td data-start=\"1548\" data-end=\"1561\" data-col-size=\"sm\">OM3 \/ OM4<\/td>\n<\/tr>\n<tr data-start=\"1562\" data-end=\"1587\">\n<td data-start=\"1562\" data-end=\"1574\" data-col-size=\"sm\">\u00c7ekirdek boyutu<\/td>\n<td data-start=\"1574\" data-end=\"1587\" data-col-size=\"sm\">50\/125 \u00b5m<\/td>\n<\/tr>\n<tr data-start=\"1588\" data-end=\"1606\">\n<td data-start=\"1588\" data-end=\"1599\" data-col-size=\"sm\">U\u00e7 y\u00fcz<\/td>\n<td data-start=\"1599\" data-end=\"1606\" data-col-size=\"sm\">UPC<\/td>\n<\/tr>\n<tr data-start=\"1607\" data-end=\"1637\">\n<td data-start=\"1607\" data-end=\"1624\" data-col-size=\"sm\">Ekleme kayb\u0131<\/td>\n<td data-col-size=\"sm\" data-start=\"1624\" data-end=\"1637\">\u2264 0,30 dB<\/td>\n<\/tr>\n<tr data-start=\"1638\" data-end=\"1663\">\n<td data-start=\"1638\" data-end=\"1652\" data-col-size=\"sm\">Geri d\u00f6n\u00fc\u015f kayb\u0131<\/td>\n<td data-start=\"1652\" data-end=\"1663\" data-col-size=\"sm\">\u2265 35 dB<\/td>\n<\/tr>\n<tr data-start=\"1664\" data-end=\"1695\">\n<td data-start=\"1664\" data-end=\"1678\" data-col-size=\"sm\">Dalga Boylar\u0131<\/td>\n<td data-start=\"1678\" data-end=\"1695\" data-col-size=\"sm\">850 \/ 1300 nm<\/td>\n<\/tr>\n<tr data-start=\"1696\" data-end=\"1727\">\n<td data-start=\"1696\" data-end=\"1710\" data-col-size=\"sm\">\u00c7iftle\u015fme hayat\u0131<\/td>\n<td data-start=\"1710\" data-end=\"1727\" data-col-size=\"sm\">\u2265 1000 d\u00f6ng\u00fc<\/td>\n<\/tr>\n<\/tbody>\n<\/table>\n<\/div>\n<\/div>\n<p data-start=\"1729\" data-end=\"1834\">Bu \u00f6zellikler a\u015fa\u011f\u0131dakileri destekler <strong data-start=\"1759\" data-end=\"1789\">10G, 40G ve 100G Ethernet<\/strong> veri merkezlerinin ve kurumsal a\u011flar\u0131n i\u00e7inde.<\/p>\n<hr data-start=\"1836\" data-end=\"1839\" \/>\n<h3 data-start=\"1841\" data-end=\"1869\">\u00c7ift y\u00f6nl\u00fc LC yap\u0131s\u0131<\/h3>\n<div class=\"TyagGW_tableContainer\">\n<div class=\"group TyagGW_tableWrapper flex flex-col-reverse w-fit\" tabindex=\"-1\">\n<table class=\"w-fit min-w-(--thread-content-width)\" data-start=\"1871\" data-end=\"2130\">\n<thead data-start=\"1871\" data-end=\"1894\">\n<tr data-start=\"1871\" data-end=\"1894\">\n<th class=\"\" data-start=\"1871\" data-end=\"1883\" data-col-size=\"sm\">Bile\u015fen<\/th>\n<th class=\"\" data-start=\"1883\" data-end=\"1894\" data-col-size=\"sm\">Ama\u00e7<\/th>\n<\/tr>\n<\/thead>\n<tbody data-start=\"1917\" data-end=\"2130\">\n<tr data-start=\"1917\" data-end=\"1974\">\n<td data-start=\"1917\" data-end=\"1943\" data-col-size=\"sm\">1,25 mm seramik y\u00fcks\u00fckler<\/td>\n<td data-start=\"1943\" data-end=\"1974\" data-col-size=\"sm\">Hassas \u00e7ok modlu hizalama<\/td>\n<\/tr>\n<tr data-start=\"1975\" data-end=\"2027\">\n<td data-start=\"1975\" data-end=\"2000\" data-col-size=\"sm\">UPC cilal\u0131 u\u00e7 y\u00fczeyler<\/td>\n<td data-start=\"2000\" data-end=\"2027\" data-col-size=\"sm\">Kararl\u0131 optik ba\u011flant\u0131<\/td>\n<\/tr>\n<tr data-start=\"2028\" data-end=\"2072\">\n<td data-start=\"2028\" data-end=\"2045\" data-col-size=\"sm\">\u00c7ift y\u00f6nl\u00fc LC klips<\/td>\n<td data-start=\"2045\" data-end=\"2072\" data-col-size=\"sm\">Tx\/Rx e\u015fle\u015fmesini korur<\/td>\n<\/tr>\n<tr data-start=\"2073\" data-end=\"2130\">\n<td data-start=\"2073\" data-end=\"2098\" data-col-size=\"sm\">3.0mm g\u00f6l mavisi ceket<\/td>\n<td data-start=\"2098\" data-end=\"2130\" data-col-size=\"sm\">Y\u00fcksek g\u00f6r\u00fcn\u00fcrl\u00fck ve koruma<\/td>\n<\/tr>\n<\/tbody>\n<\/table>\n<\/div>\n<\/div>\n<hr data-start=\"2132\" data-end=\"2135\" \/>\n<h3 data-start=\"2137\" data-end=\"2159\">Profesyonel Soru-Cevap<\/h3>\n<p data-start=\"2161\" data-end=\"2328\"><strong data-start=\"2161\" data-end=\"2209\">G\u00f6l mavisi renk performans\u0131 etkiliyor mu?<\/strong><br data-start=\"2209\" data-end=\"2212\" \/>Hay\u0131r. Renk <strong data-start=\"2233\" data-end=\"2271\">sadece tan\u0131mlama ve y\u00f6netim<\/strong>. Optik performans fiber ve cila taraf\u0131ndan tan\u0131mlan\u0131r.<\/p>\n<p data-start=\"2330\" data-end=\"2456\"><strong data-start=\"2330\" data-end=\"2383\">Bu OM3 ve OM4 al\u0131c\u0131-vericileriyle uyumlu mu?<\/strong><br data-start=\"2383\" data-end=\"2386\" \/>Evet. \u00d6zellikle \u015funlar i\u00e7in tasarlanm\u0131\u015ft\u0131r <strong data-start=\"2423\" data-end=\"2455\">y\u00fcksek h\u0131zl\u0131 \u00e7ok modlu sistemler<\/strong>.<\/p>\n<p data-start=\"2458\" data-end=\"2564\"><strong data-start=\"2458\" data-end=\"2498\">Bu LC patch panellerde kullan\u0131labilir mi?<\/strong><br data-start=\"2498\" data-end=\"2501\" \/>Evet. LC aray\u00fcz\u00fc standartt\u0131r ve t\u00fcm LC UPC adapt\u00f6rlerine uyar.<\/p>","protected":false},"excerpt":{"rendered":"<p data-start=\"180\" data-end=\"551\">B\u00fcy\u00fck veri merkezlerinde ve kurumsal fiber odalar\u0131nda kablolar art\u0131k sadece ba\u011flant\u0131 de\u011fil, ayn\u0131 zamanda <strong data-start=\"279\" data-end=\"312\">y\u00f6netim sisteminin bir par\u00e7as\u0131<\/strong>.<br data-start=\"313\" data-end=\"316\" \/>Bu <strong data-start=\"320\" data-end=\"387\">LC UPC 3.0mm Dubleks \u00c7ok Modlu (G\u00f6l Mavisi) Fiber Optik Konnekt\u00f6r<\/strong> ekler <strong data-start=\"393\" data-end=\"424\">net g\u00f6rsel tan\u0131mlama<\/strong> bir <strong data-start=\"430\" data-end=\"457\">y\u00fcksek h\u0131zl\u0131 optik ba\u011flant\u0131<\/strong>, m\u00fchendislerin \u00e7ok modlu devreleri tek modlu ve yedek rotalardan h\u0131zl\u0131 bir \u015fekilde ay\u0131rt etmelerine yard\u0131mc\u0131 olur.<\/p>\n<p data-start=\"553\" data-end=\"714\">Bu <strong data-start=\"557\" data-end=\"577\">G\u00f6l Mavisi ceket<\/strong> genellikle tan\u0131mlamak i\u00e7in kullan\u0131l\u0131r <strong data-start=\"607\" data-end=\"638\">OM3 ve OM4 \u00e7ok modlu fiber<\/strong>, Kurulum veya bak\u0131m s\u0131ras\u0131nda yanl\u0131\u015f ba\u011flant\u0131 riskini azalt\u0131r.<\/p>","protected":false},"featured_media":891,"comment_status":"open","ping_status":"closed","template":"","meta":[],"product_brand":[],"product_cat":[49],"product_tag":[],"class_list":{"0":"post-890","1":"product","2":"type-product","3":"status-publish","4":"has-post-thumbnail","6":"product_cat-lc-duplex-connectors-single-modemultimode","8":"first","9":"instock","10":"shipping-taxable","11":"product-type-simple"},"_links":{"self":[{"href":"https:\/\/www.fenxifiber.com\/tr\/wp-json\/wp\/v2\/product\/890","targetHints":{"allow":["GET"]}}],"collection":[{"href":"https:\/\/www.fenxifiber.com\/tr\/wp-json\/wp\/v2\/product"}],"about":[{"href":"https:\/\/www.fenxifiber.com\/tr\/wp-json\/wp\/v2\/types\/product"}],"replies":[{"embeddable":true,"href":"https:\/\/www.fenxifiber.com\/tr\/wp-json\/wp\/v2\/comments?post=890"}],"wp:featuredmedia":[{"embeddable":true,"href":"https:\/\/www.fenxifiber.com\/tr\/wp-json\/wp\/v2\/media\/891"}],"wp:attachment":[{"href":"https:\/\/www.fenxifiber.com\/tr\/wp-json\/wp\/v2\/media?parent=890"}],"wp:term":[{"taxonomy":"product_brand","embeddable":true,"href":"https:\/\/www.fenxifiber.com\/tr\/wp-json\/wp\/v2\/product_brand?post=890"},{"taxonomy":"product_cat","embeddable":true,"href":"https:\/\/www.fenxifiber.com\/tr\/wp-json\/wp\/v2\/product_cat?post=890"},{"taxonomy":"product_tag","embeddable":true,"href":"https:\/\/www.fenxifiber.com\/tr\/wp-json\/wp\/v2\/product_tag?post=890"}],"curies":[{"name":"wp","href":"https:\/\/api.w.org\/{rel}","templated":true}]}}