{"id":892,"date":"2026-02-04T03:04:47","date_gmt":"2026-02-04T03:04:47","guid":{"rendered":"https:\/\/www.fenxifiber.com\/?post_type=product&#038;p=892"},"modified":"2026-02-05T02:22:27","modified_gmt":"2026-02-05T02:22:27","slug":"lc-apc-0-9mm-simpleks-tekli%cc%87-mod","status":"publish","type":"product","link":"https:\/\/www.fenxifiber.com\/tr\/product\/lc-apc-0-9mm-simplex-singlemode\/","title":{"rendered":"LC APC 0,9 mm Simpleks Tek Modlu Konekt\u00f6r"},"content":{"rendered":"<h3 data-start=\"694\" data-end=\"741\">LC + APC neden tercih edilen kombinasyondur?<\/h3>\n<p data-start=\"743\" data-end=\"943\">LC konnekt\u00f6rleri \u015fu \u00f6zellikleriyle bilinir <strong data-start=\"777\" data-end=\"823\">az yer kaplar ve g\u00fcvenli mandal mekanizmas\u0131<\/strong>, APC parlatma ise \u015funlar\u0131 sa\u011flar <strong data-start=\"854\" data-end=\"891\">son derece d\u00fc\u015f\u00fck geri yans\u0131ma<\/strong>.<br data-start=\"892\" data-end=\"895\" \/>Birlikte, destekleyen bir ba\u011flay\u0131c\u0131 olu\u015ftururlar:<\/p>\n<ul data-start=\"945\" data-end=\"1083\">\n<li data-start=\"945\" data-end=\"974\">\n<p data-start=\"947\" data-end=\"974\">Y\u00fcksek yo\u011funluklu patch paneller<\/p>\n<\/li>\n<li data-start=\"975\" data-end=\"1017\">\n<p data-start=\"977\" data-end=\"1017\">Uzun mesafeli tek modlu iletim<\/p>\n<\/li>\n<li data-start=\"1018\" data-end=\"1052\">\n<p data-start=\"1020\" data-end=\"1052\">Hassas optik al\u0131c\u0131-vericiler<\/p>\n<\/li>\n<li data-start=\"1053\" data-end=\"1083\">\n<p data-start=\"1055\" data-end=\"1083\">\u0130stikrarl\u0131 FTTH sinyal kalitesi<\/p>\n<\/li>\n<\/ul>\n<p data-start=\"1085\" data-end=\"1189\">Bu nedenle LC APC konnekt\u00f6rleri standart hale gelmektedir. <strong data-start=\"1140\" data-end=\"1188\">modern eri\u015fim ve veri merkezi fiber a\u011flar\u0131<\/strong>.<\/p>\n<hr data-start=\"1191\" data-end=\"1194\" \/>\n<h3 data-start=\"1196\" data-end=\"1239\">0,9 mm s\u0131k\u0131 tamponlu fiber i\u00e7in tasarlanm\u0131\u015ft\u0131r<\/h3>\n<div class=\"TyagGW_tableContainer\">\n<div class=\"group TyagGW_tableWrapper flex flex-col-reverse w-fit\" tabindex=\"-1\">\n<table class=\"w-fit min-w-(--thread-content-width)\" data-start=\"1241\" data-end=\"1393\">\n<thead data-start=\"1241\" data-end=\"1277\">\n<tr data-start=\"1241\" data-end=\"1277\">\n<th class=\"\" data-start=\"1241\" data-end=\"1254\" data-col-size=\"sm\">Kablo Tipi<\/th>\n<th class=\"\" data-start=\"1254\" data-end=\"1277\" data-col-size=\"md\">Tipik Uygulama<\/th>\n<\/tr>\n<\/thead>\n<tbody data-start=\"1313\" data-end=\"1393\">\n<tr data-start=\"1313\" data-end=\"1393\">\n<td data-start=\"1313\" data-end=\"1338\" data-col-size=\"sm\"><strong data-start=\"1315\" data-end=\"1337\">0,9 mm s\u0131k\u0131 tampon<\/strong><\/td>\n<td data-col-size=\"md\" data-start=\"1338\" data-end=\"1393\">Pigtailler, ekipman jumperlar\u0131, dahili fiber y\u00f6nlendirme<\/td>\n<\/tr>\n<\/tbody>\n<\/table>\n<\/div>\n<\/div>\n<p data-start=\"1395\" data-end=\"1519\">Bu boyut a\u015fa\u011f\u0131dakilere izin verir <strong data-start=\"1416\" data-end=\"1474\">ODF'ler, ONT'ler ve optik mod\u00fcller i\u00e7inde kompakt y\u00f6nlendirme<\/strong>, mekanik g\u00fcvenilirlikten \u00f6d\u00fcn vermeden.<\/p>\n<hr data-start=\"1521\" data-end=\"1524\" \/>\n<h3 data-start=\"1526\" data-end=\"1551\">Optik performans<\/h3>\n<div class=\"TyagGW_tableContainer\">\n<div class=\"group TyagGW_tableWrapper flex flex-col-reverse w-fit\" tabindex=\"-1\">\n<table class=\"w-fit min-w-(--thread-content-width)\" data-start=\"1553\" data-end=\"1824\">\n<thead data-start=\"1553\" data-end=\"1582\">\n<tr data-start=\"1553\" data-end=\"1582\">\n<th class=\"\" data-start=\"1553\" data-end=\"1565\" data-col-size=\"sm\">Parametre<\/th>\n<th class=\"\" data-start=\"1565\" data-end=\"1582\" data-col-size=\"sm\">Tipik De\u011fer<\/th>\n<\/tr>\n<\/thead>\n<tbody data-start=\"1611\" data-end=\"1824\">\n<tr data-start=\"1611\" data-end=\"1650\">\n<td data-start=\"1611\" data-end=\"1624\" data-col-size=\"sm\">Elyaf Tipi<\/td>\n<td data-col-size=\"sm\" data-start=\"1624\" data-end=\"1650\">Tek modlu (9\/125 \u00b5m)<\/td>\n<\/tr>\n<tr data-start=\"1651\" data-end=\"1684\">\n<td data-start=\"1651\" data-end=\"1665\" data-col-size=\"sm\">Leh\u00e7e Tipi<\/td>\n<td data-col-size=\"sm\" data-start=\"1665\" data-end=\"1684\">APC (8\u00b0 a\u00e7\u0131l\u0131)<\/td>\n<\/tr>\n<tr data-start=\"1685\" data-end=\"1715\">\n<td data-start=\"1685\" data-end=\"1702\" data-col-size=\"sm\">Ekleme Kayb\u0131<\/td>\n<td data-col-size=\"sm\" data-start=\"1702\" data-end=\"1715\">\u2264 0,30 dB<\/td>\n<\/tr>\n<tr data-start=\"1716\" data-end=\"1741\">\n<td data-start=\"1716\" data-end=\"1730\" data-col-size=\"sm\">Geri D\u00f6n\u00fc\u015f Kayb\u0131<\/td>\n<td data-col-size=\"sm\" data-start=\"1730\" data-end=\"1741\">\u2265 60 dB<\/td>\n<\/tr>\n<tr data-start=\"1742\" data-end=\"1786\">\n<td data-start=\"1742\" data-end=\"1765\" data-col-size=\"sm\">\u00c7al\u0131\u015fma Dalga Boyu<\/td>\n<td data-col-size=\"sm\" data-start=\"1765\" data-end=\"1786\">1310 nm \/ 1550 nm<\/td>\n<\/tr>\n<tr data-start=\"1787\" data-end=\"1824\">\n<td data-start=\"1787\" data-end=\"1807\" data-col-size=\"sm\">\u00c7iftle\u015fme Dayan\u0131kl\u0131l\u0131\u011f\u0131<\/td>\n<td data-col-size=\"sm\" data-start=\"1807\" data-end=\"1824\">\u2265 1000 d\u00f6ng\u00fc<\/td>\n<\/tr>\n<\/tbody>\n<\/table>\n<\/div>\n<\/div>\n<p data-start=\"1826\" data-end=\"1947\">Bu \u00f6zellikler onu a\u015fa\u011f\u0131dakiler i\u00e7in uygun hale getirir <strong data-start=\"1869\" data-end=\"1909\">PON, FTTH, CATV ve uzun mesafeli ba\u011flant\u0131lar<\/strong> Yans\u0131ma kontrol\u00fcn\u00fcn kritik oldu\u011fu yerlerde.<\/p>\n<hr data-start=\"1949\" data-end=\"1952\" \/>\n<h3 data-start=\"1954\" data-end=\"1992\">Mekanik ve yap\u0131sal tasar\u0131m<\/h3>\n<div class=\"TyagGW_tableContainer\">\n<div class=\"group TyagGW_tableWrapper flex flex-col-reverse w-fit\" tabindex=\"-1\">\n<table class=\"w-fit min-w-(--thread-content-width)\" data-start=\"1994\" data-end=\"2253\">\n<thead data-start=\"1994\" data-end=\"2018\">\n<tr data-start=\"1994\" data-end=\"2018\">\n<th class=\"\" data-start=\"1994\" data-end=\"2001\" data-col-size=\"sm\">\u00d6\u011fe<\/th>\n<th class=\"\" data-start=\"2001\" data-end=\"2018\" data-col-size=\"sm\">\u015eartname<\/th>\n<\/tr>\n<\/thead>\n<tbody data-start=\"2045\" data-end=\"2253\">\n<tr data-start=\"2045\" data-end=\"2076\">\n<td data-start=\"2045\" data-end=\"2062\" data-col-size=\"sm\">Konekt\u00f6r Tipi<\/td>\n<td data-start=\"2062\" data-end=\"2076\" data-col-size=\"sm\">LC Simplex<\/td>\n<\/tr>\n<tr data-start=\"2077\" data-end=\"2099\">\n<td data-start=\"2077\" data-end=\"2090\" data-col-size=\"sm\">Elyaf Boyutu<\/td>\n<td data-start=\"2090\" data-end=\"2099\" data-col-size=\"sm\">0.9mm<\/td>\n<\/tr>\n<tr data-start=\"2100\" data-end=\"2137\">\n<td data-start=\"2100\" data-end=\"2110\" data-col-size=\"sm\">Y\u00fcks\u00fck<\/td>\n<td data-start=\"2110\" data-end=\"2137\" data-col-size=\"sm\">1,25 mm zirkonya seramik<\/td>\n<\/tr>\n<tr data-start=\"2138\" data-end=\"2177\">\n<td data-start=\"2138\" data-end=\"2156\" data-col-size=\"sm\">Mandallama Sistemi<\/td>\n<td data-start=\"2156\" data-end=\"2177\" data-col-size=\"sm\">RJ tarz\u0131 LC mandal\u0131<\/td>\n<\/tr>\n<tr data-start=\"2178\" data-end=\"2210\">\n<td data-start=\"2178\" data-end=\"2189\" data-col-size=\"sm\">U\u00e7 y\u00fcz<\/td>\n<td data-start=\"2189\" data-end=\"2210\" data-col-size=\"sm\">APC a\u00e7\u0131l\u0131 cila<\/td>\n<\/tr>\n<tr data-start=\"2211\" data-end=\"2253\">\n<td data-start=\"2211\" data-end=\"2235\" data-col-size=\"sm\">\u00c7al\u0131\u015fma S\u0131cakl\u0131\u011f\u0131<\/td>\n<td data-start=\"2235\" data-end=\"2253\" data-col-size=\"sm\">-40\u00b0C ila +75\u00b0C<\/td>\n<\/tr>\n<\/tbody>\n<\/table>\n<\/div>\n<\/div>\n<p data-start=\"2255\" data-end=\"2393\">Bu <strong data-start=\"2259\" data-end=\"2271\">LC mandal\u0131<\/strong> h\u0131zl\u0131 itme-\u00e7ekme ba\u011flant\u0131s\u0131 sa\u011flarken <strong data-start=\"2317\" data-end=\"2336\">seramik y\u00fcks\u00fck<\/strong> hassas elyaf hizalamas\u0131 ve uzun vadeli stabilite sa\u011flar.<\/p>\n<hr data-start=\"2395\" data-end=\"2398\" \/>\n<h3 data-start=\"2400\" data-end=\"2444\">Bu konekt\u00f6r\u00fcn tipik olarak kullan\u0131ld\u0131\u011f\u0131 yerler<\/h3>\n<ul data-start=\"2446\" data-end=\"2662\">\n<li data-start=\"2446\" data-end=\"2477\">\n<p data-start=\"2448\" data-end=\"2477\">FTTH &amp; PON abone ba\u011flant\u0131lar\u0131<\/p>\n<\/li>\n<li data-start=\"2478\" data-end=\"2506\">\n<p data-start=\"2480\" data-end=\"2506\">Veri merkezi patch panelleri<\/p>\n<\/li>\n<li data-start=\"2507\" data-end=\"2534\">\n<p data-start=\"2509\" data-end=\"2534\">Y\u00fcksek yo\u011funluklu ODF \u00e7er\u00e7eveler<\/p>\n<\/li>\n<li data-start=\"2535\" data-end=\"2585\">\n<p data-start=\"2537\" data-end=\"2585\">Optik al\u0131c\u0131-vericiler (SFP, GPON, XG-PON, vb.)<\/p>\n<\/li>\n<li data-start=\"2586\" data-end=\"2620\">\n<p data-start=\"2588\" data-end=\"2620\">CATV ve RF-over-fiber sistemleri<\/p>\n<\/li>\n<li data-start=\"2621\" data-end=\"2662\">\n<p data-start=\"2623\" data-end=\"2662\">Optik test ve izleme ekipmanlar\u0131<\/p>\n<\/li>\n<\/ul>\n<hr data-start=\"2664\" data-end=\"2667\" \/>\n<h2 data-start=\"2669\" data-end=\"2690\">Profesyonel Soru-Cevap<\/h2>\n<p data-start=\"2692\" data-end=\"2929\"><strong data-start=\"2692\" data-end=\"2745\">S1: LC konnekt\u00f6rler i\u00e7in neden UPC yerine APC kullan\u0131l\u0131yor?<\/strong><br data-start=\"2745\" data-end=\"2748\" \/>APC parlatma \u00e7ok daha fazlas\u0131n\u0131 sa\u011flar <strong data-start=\"2776\" data-end=\"2807\">daha y\u00fcksek geri d\u00f6n\u00fc\u015f kayb\u0131 (\u226560 dB)<\/strong>, i\u00e7in \u00f6nemli olan <strong data-start=\"2832\" data-end=\"2882\">PON, CATV ve uzun mesafeli tek modlu ba\u011flant\u0131lar<\/strong> Yans\u0131yan \u0131\u015f\u0131\u011f\u0131n performans\u0131 d\u00fc\u015f\u00fcrebilece\u011fi yerlerde.<\/p>\n<hr data-start=\"2931\" data-end=\"2934\" \/>\n<p data-start=\"2936\" data-end=\"3099\"><strong data-start=\"2936\" data-end=\"2973\">S2: LC APC, LC UPC'ye ba\u011flanabilir mi?<\/strong><br data-start=\"2973\" data-end=\"2976\" \/>Hay\u0131r. APC ve UPC farkl\u0131 u\u00e7 y\u00fcz geometrilerine sahiptir. E\u015fle\u015fmeleri \u015funlara neden olur <strong data-start=\"3047\" data-end=\"3098\">y\u00fcksek ekleme kayb\u0131 ve olas\u0131 y\u00fcks\u00fck hasar\u0131<\/strong>.<\/p>\n<hr data-start=\"3101\" data-end=\"3104\" \/>\n<p data-start=\"3106\" data-end=\"3325\"><strong data-start=\"3106\" data-end=\"3156\">S3: 0,9 mm d\u0131\u015f mekan damla kablolar\u0131 i\u00e7in uygun mu?<\/strong><br data-start=\"3156\" data-end=\"3159\" \/>0.9mm esas olarak \u015funlar i\u00e7in kullan\u0131l\u0131r <strong data-start=\"3184\" data-end=\"3225\">i\u00e7 mekan pigtailleri ve ekipman jumperlar\u0131<\/strong>. D\u0131\u015f mekan FTTH drop kablolar\u0131 normalde <strong data-start=\"3265\" data-end=\"3291\">2.0mm veya 3.0mm ceketler<\/strong> g\u00fc\u00e7lendirilmi\u015f mukavemet elemanlar\u0131 ile.<\/p>","protected":false},"excerpt":{"rendered":"<h3 data-start=\"156\" data-end=\"206\">K\u00fc\u00e7\u00fck konekt\u00f6r, ciddi optik performans<\/h3>\n<p data-start=\"208\" data-end=\"384\">Bu <strong data-start=\"212\" data-end=\"258\">LC APC 0,9 mm Simplex Tek Modlu konekt\u00f6r<\/strong> modern i\u00e7in tasarlanm\u0131\u015ft\u0131r <strong data-start=\"282\" data-end=\"313\">y\u00fcksek yo\u011funluklu fiber a\u011flar<\/strong>, Alan\u0131n s\u0131n\u0131rl\u0131 oldu\u011fu ancak optik performanstan \u00f6d\u00fcn verilemeyece\u011fi yerlerde.<\/p>\n<p data-start=\"386\" data-end=\"687\">Onunla <strong data-start=\"395\" data-end=\"421\">kompakt LC form fakt\u00f6r\u00fc<\/strong> ve <strong data-start=\"426\" data-end=\"448\">APC a\u00e7\u0131l\u0131 y\u00fcks\u00fck<\/strong>, bu konekt\u00f6r a\u015fa\u011f\u0131daki alanlarda yayg\u0131n olarak kullan\u0131lmaktad\u0131r <strong data-start=\"483\" data-end=\"572\">FTTH eri\u015fim a\u011flar\u0131, veri merkezleri, PON sistemleri ve y\u00fcksek hassasiyetli optik ekipmanlar<\/strong>. Bu <strong data-start=\"578\" data-end=\"607\">0,9 mm dar tampon tasar\u0131m\u0131<\/strong> i\u00e7in ideal hale getirir <strong data-start=\"627\" data-end=\"686\">pigtailler, ekipman jumperlar\u0131 ve dahili cihaz kablolar\u0131<\/strong>.<\/p>","protected":false},"featured_media":893,"comment_status":"open","ping_status":"closed","template":"","meta":[],"product_brand":[],"product_cat":[50],"product_tag":[],"class_list":{"0":"post-892","1":"product","2":"type-product","3":"status-publish","4":"has-post-thumbnail","6":"product_cat-lc-simplex-connectors-single-modemultimode","8":"first","9":"instock","10":"shipping-taxable","11":"product-type-simple"},"_links":{"self":[{"href":"https:\/\/www.fenxifiber.com\/tr\/wp-json\/wp\/v2\/product\/892","targetHints":{"allow":["GET"]}}],"collection":[{"href":"https:\/\/www.fenxifiber.com\/tr\/wp-json\/wp\/v2\/product"}],"about":[{"href":"https:\/\/www.fenxifiber.com\/tr\/wp-json\/wp\/v2\/types\/product"}],"replies":[{"embeddable":true,"href":"https:\/\/www.fenxifiber.com\/tr\/wp-json\/wp\/v2\/comments?post=892"}],"wp:featuredmedia":[{"embeddable":true,"href":"https:\/\/www.fenxifiber.com\/tr\/wp-json\/wp\/v2\/media\/893"}],"wp:attachment":[{"href":"https:\/\/www.fenxifiber.com\/tr\/wp-json\/wp\/v2\/media?parent=892"}],"wp:term":[{"taxonomy":"product_brand","embeddable":true,"href":"https:\/\/www.fenxifiber.com\/tr\/wp-json\/wp\/v2\/product_brand?post=892"},{"taxonomy":"product_cat","embeddable":true,"href":"https:\/\/www.fenxifiber.com\/tr\/wp-json\/wp\/v2\/product_cat?post=892"},{"taxonomy":"product_tag","embeddable":true,"href":"https:\/\/www.fenxifiber.com\/tr\/wp-json\/wp\/v2\/product_tag?post=892"}],"curies":[{"name":"wp","href":"https:\/\/api.w.org\/{rel}","templated":true}]}}