{"id":896,"date":"2026-02-04T03:07:12","date_gmt":"2026-02-04T03:07:12","guid":{"rendered":"https:\/\/www.fenxifiber.com\/?post_type=product&#038;p=896"},"modified":"2026-02-05T02:23:47","modified_gmt":"2026-02-05T02:23:47","slug":"lc-apc-3-0mm-simpleks-tekli%cc%87-mod","status":"publish","type":"product","link":"https:\/\/www.fenxifiber.com\/tr\/product\/lc-apc-3-0mm-simplex-singlemode\/","title":{"rendered":"LC APC 3.0mm Simplex Tek Modlu Konekt\u00f6r"},"content":{"rendered":"<h3 data-start=\"920\" data-end=\"962\">Eri\u015fim a\u011flar\u0131nda 3.0mm neden \u00f6nemlidir?<\/h3>\n<div class=\"TyagGW_tableContainer\">\n<div class=\"group TyagGW_tableWrapper flex flex-col-reverse w-fit\" tabindex=\"-1\">\n<table class=\"w-fit min-w-(--thread-content-width)\" data-start=\"964\" data-end=\"1255\">\n<thead data-start=\"964\" data-end=\"1017\">\n<tr data-start=\"964\" data-end=\"1017\">\n<th class=\"\" data-start=\"964\" data-end=\"981\" data-col-size=\"sm\">Kablo \u00c7ap\u0131<\/th>\n<th class=\"\" data-start=\"981\" data-end=\"1002\" data-col-size=\"sm\">Mekanik Fayda<\/th>\n<th class=\"\" data-start=\"1002\" data-end=\"1017\" data-col-size=\"sm\">Tipik Kullan\u0131m<\/th>\n<\/tr>\n<\/thead>\n<tbody data-start=\"1071\" data-end=\"1255\">\n<tr data-start=\"1071\" data-end=\"1114\">\n<td data-start=\"1071\" data-end=\"1079\" data-col-size=\"sm\">0.9mm<\/td>\n<td data-start=\"1079\" data-end=\"1093\" data-col-size=\"sm\">Hafif<\/td>\n<td data-start=\"1093\" data-end=\"1114\" data-col-size=\"sm\">Dahili pigtailler<\/td>\n<\/tr>\n<tr data-start=\"1115\" data-end=\"1164\">\n<td data-start=\"1115\" data-end=\"1123\" data-col-size=\"sm\">2.0mm<\/td>\n<td data-start=\"1123\" data-end=\"1143\" data-col-size=\"sm\">Esnek ve g\u00fc\u00e7l\u00fc<\/td>\n<td data-col-size=\"sm\" data-start=\"1143\" data-end=\"1164\">\u0130\u00e7 mekan FTTH kablolar\u0131<\/td>\n<\/tr>\n<tr data-start=\"1165\" data-end=\"1255\">\n<td data-start=\"1165\" data-end=\"1177\" data-col-size=\"sm\"><strong data-start=\"1167\" data-end=\"1176\">3.0mm<\/strong><\/td>\n<td data-col-size=\"sm\" data-start=\"1177\" data-end=\"1215\"><strong data-start=\"1179\" data-end=\"1214\">Y\u00fcksek gerilme ve ezilme direnci<\/strong><\/td>\n<td data-col-size=\"sm\" data-start=\"1215\" data-end=\"1255\"><strong data-start=\"1217\" data-end=\"1253\">D\u0131\u015f mekan ve end\u00fcstriyel fiber ba\u011flant\u0131lar<\/strong><\/td>\n<\/tr>\n<\/tbody>\n<\/table>\n<\/div>\n<\/div>\n<p data-start=\"1257\" data-end=\"1375\">3.0mm tasar\u0131m lifleri a\u015fa\u011f\u0131dakilerden korur <strong data-start=\"1295\" data-end=\"1353\">kurulum stresi, kazara \u00e7ekme ve titre\u015fim<\/strong> saha konu\u015fland\u0131rmalar\u0131nda.<\/p>\n<hr data-start=\"1377\" data-end=\"1380\" \/>\n<h3 data-start=\"1382\" data-end=\"1407\">Optik performans<\/h3>\n<div class=\"TyagGW_tableContainer\">\n<div class=\"group TyagGW_tableWrapper flex flex-col-reverse w-fit\" tabindex=\"-1\">\n<table class=\"w-fit min-w-(--thread-content-width)\" data-start=\"1409\" data-end=\"1689\">\n<thead data-start=\"1409\" data-end=\"1438\">\n<tr data-start=\"1409\" data-end=\"1438\">\n<th class=\"\" data-start=\"1409\" data-end=\"1421\" data-col-size=\"sm\">Parametre<\/th>\n<th class=\"\" data-start=\"1421\" data-end=\"1438\" data-col-size=\"sm\">\u015eartname<\/th>\n<\/tr>\n<\/thead>\n<tbody data-start=\"1468\" data-end=\"1689\">\n<tr data-start=\"1468\" data-end=\"1505\">\n<td data-start=\"1468\" data-end=\"1481\" data-col-size=\"sm\">Elyaf Tipi<\/td>\n<td data-start=\"1481\" data-end=\"1505\" data-col-size=\"sm\">Tek modlu 9\/125 \u00b5m<\/td>\n<\/tr>\n<tr data-start=\"1506\" data-end=\"1532\">\n<td data-start=\"1506\" data-end=\"1520\" data-col-size=\"sm\">Leh\u00e7e Tipi<\/td>\n<td data-start=\"1520\" data-end=\"1532\" data-col-size=\"sm\">APC (8\u00b0)<\/td>\n<\/tr>\n<tr data-start=\"1533\" data-end=\"1563\">\n<td data-start=\"1533\" data-end=\"1550\" data-col-size=\"sm\">Ekleme Kayb\u0131<\/td>\n<td data-start=\"1550\" data-end=\"1563\" data-col-size=\"sm\">\u2264 0,30 dB<\/td>\n<\/tr>\n<tr data-start=\"1564\" data-end=\"1589\">\n<td data-start=\"1564\" data-end=\"1578\" data-col-size=\"sm\">Geri D\u00f6n\u00fc\u015f Kayb\u0131<\/td>\n<td data-start=\"1578\" data-end=\"1589\" data-col-size=\"sm\">\u2265 60 dB<\/td>\n<\/tr>\n<tr data-start=\"1590\" data-end=\"1622\">\n<td data-start=\"1590\" data-end=\"1604\" data-col-size=\"sm\">Dalga Boylar\u0131<\/td>\n<td data-start=\"1604\" data-end=\"1622\" data-col-size=\"sm\">1310 \/ 1550 nm<\/td>\n<\/tr>\n<tr data-start=\"1623\" data-end=\"1651\">\n<td data-start=\"1623\" data-end=\"1639\" data-col-size=\"sm\">Tekrarlanabilirlik<\/td>\n<td data-start=\"1639\" data-end=\"1651\" data-col-size=\"sm\">\u2264 0,1 dB<\/td>\n<\/tr>\n<tr data-start=\"1652\" data-end=\"1689\">\n<td data-start=\"1652\" data-end=\"1665\" data-col-size=\"sm\">Dayan\u0131kl\u0131l\u0131k<\/td>\n<td data-start=\"1665\" data-end=\"1689\" data-col-size=\"sm\">\u2265 1000 \u00e7iftle\u015fme d\u00f6ng\u00fcs\u00fc<\/td>\n<\/tr>\n<\/tbody>\n<\/table>\n<\/div>\n<\/div>\n<p data-start=\"1691\" data-end=\"1787\">Bu de\u011ferler a\u015fa\u011f\u0131daki gereklilikleri kar\u015f\u0131lamaktad\u0131r <strong data-start=\"1729\" data-end=\"1786\">GPON, XG-PON, FTTx, CATV ve telekom omurga sistemleri<\/strong>.<\/p>\n<hr data-start=\"1789\" data-end=\"1792\" \/>\n<h3 data-start=\"1794\" data-end=\"1830\">Mekanik ve yap\u0131sal tasar\u0131m<\/h3>\n<div class=\"TyagGW_tableContainer\">\n<div class=\"group TyagGW_tableWrapper flex flex-col-reverse w-fit\" tabindex=\"-1\">\n<table class=\"w-fit min-w-(--thread-content-width)\" data-start=\"1832\" data-end=\"2146\">\n<thead data-start=\"1832\" data-end=\"1857\">\n<tr data-start=\"1832\" data-end=\"1857\">\n<th class=\"\" data-start=\"1832\" data-end=\"1842\" data-col-size=\"sm\">\u00d6zellik<\/th>\n<th class=\"\" data-start=\"1842\" data-end=\"1857\" data-col-size=\"sm\">A\u00e7\u0131klama<\/th>\n<\/tr>\n<\/thead>\n<tbody data-start=\"1883\" data-end=\"2146\">\n<tr data-start=\"1883\" data-end=\"1916\">\n<td data-start=\"1883\" data-end=\"1902\" data-col-size=\"sm\">Konekt\u00f6r Format\u0131<\/td>\n<td data-start=\"1902\" data-end=\"1916\" data-col-size=\"sm\">LC Simplex<\/td>\n<\/tr>\n<tr data-start=\"1917\" data-end=\"1939\">\n<td data-start=\"1917\" data-end=\"1930\" data-col-size=\"sm\">Kablo Boyutu<\/td>\n<td data-start=\"1930\" data-end=\"1939\" data-col-size=\"sm\">3.0mm<\/td>\n<\/tr>\n<tr data-start=\"1940\" data-end=\"1977\">\n<td data-start=\"1940\" data-end=\"1950\" data-col-size=\"sm\">Y\u00fcks\u00fck<\/td>\n<td data-start=\"1950\" data-end=\"1977\" data-col-size=\"sm\">1,25 mm zirkonya seramik<\/td>\n<\/tr>\n<tr data-start=\"1978\" data-end=\"2011\">\n<td data-start=\"1978\" data-end=\"1988\" data-col-size=\"sm\">Konut<\/td>\n<td data-start=\"1988\" data-end=\"2011\" data-col-size=\"sm\">Y\u00fcksek etkili polimer<\/td>\n<\/tr>\n<tr data-start=\"2012\" data-end=\"2046\">\n<td data-start=\"2012\" data-end=\"2019\" data-col-size=\"sm\">\u00c7izme<\/td>\n<td data-start=\"2019\" data-end=\"2046\" data-col-size=\"sm\">Uzun gerilim azalt\u0131c\u0131 \u00e7izme<\/td>\n<\/tr>\n<tr data-start=\"2047\" data-end=\"2079\">\n<td data-start=\"2047\" data-end=\"2057\" data-col-size=\"sm\">Kilitleme<\/td>\n<td data-col-size=\"sm\" data-start=\"2057\" data-end=\"2079\">LC itme-\u00e7ekme mandal\u0131<\/td>\n<\/tr>\n<tr data-start=\"2080\" data-end=\"2115\">\n<td data-start=\"2080\" data-end=\"2097\" data-col-size=\"sm\">\u00c7al\u0131\u015fma S\u0131cakl\u0131\u011f\u0131<\/td>\n<td data-col-size=\"sm\" data-start=\"2097\" data-end=\"2115\">-40\u00b0C ila +75\u00b0C<\/td>\n<\/tr>\n<tr data-start=\"2116\" data-end=\"2146\">\n<td data-start=\"2116\" data-end=\"2135\" data-col-size=\"sm\">\u00c7ekme Dayan\u0131m\u0131<\/td>\n<td data-col-size=\"sm\" data-start=\"2135\" data-end=\"2146\">\u2265 120 N<\/td>\n<\/tr>\n<\/tbody>\n<\/table>\n<\/div>\n<\/div>\n<p data-start=\"2148\" data-end=\"2289\">Bu <strong data-start=\"2152\" data-end=\"2182\">uzun \u00e7izme ve kal\u0131n ceket<\/strong> \u00e7ekme kuvvetini emer ve mikro b\u00fck\u00fclmeyi \u00f6nler, bu da zaman i\u00e7inde istikrarl\u0131 optik performans\u0131n korunmas\u0131na yard\u0131mc\u0131 olur.<\/p>\n<hr data-start=\"2291\" data-end=\"2294\" \/>\n<h3 data-start=\"2296\" data-end=\"2330\">Bu konekt\u00f6r\u00fcn kullan\u0131ld\u0131\u011f\u0131 yerler<\/h3>\n<p data-start=\"2332\" data-end=\"2380\">LC APC 3.0mm Simplex konekt\u00f6r a\u015fa\u011f\u0131dakiler i\u00e7in idealdir:<\/p>\n<ul data-start=\"2382\" data-end=\"2580\">\n<li data-start=\"2382\" data-end=\"2410\">\n<p data-start=\"2384\" data-end=\"2410\">D\u0131\u015f mekan FTTH drop kablolar\u0131<\/p>\n<\/li>\n<li data-start=\"2411\" data-end=\"2442\">\n<p data-start=\"2413\" data-end=\"2442\">Fiber da\u011f\u0131t\u0131m kabinleri<\/p>\n<\/li>\n<li data-start=\"2443\" data-end=\"2468\">\n<p data-start=\"2445\" data-end=\"2468\">Telekom baz istasyonlar\u0131<\/p>\n<\/li>\n<li data-start=\"2469\" data-end=\"2504\">\n<p data-start=\"2471\" data-end=\"2504\">End\u00fcstriyel Ethernet fiber ba\u011flant\u0131lar\u0131<\/p>\n<\/li>\n<li data-start=\"2505\" data-end=\"2539\">\n<p data-start=\"2507\" data-end=\"2539\">CATV ve RF-over-fiber sistemleri<\/p>\n<\/li>\n<li data-start=\"2540\" data-end=\"2580\">\n<p data-start=\"2542\" data-end=\"2580\">Sahada kullan\u0131lan optik test kablolar\u0131<\/p>\n<\/li>\n<\/ul>\n<hr data-start=\"2582\" data-end=\"2585\" \/>\n<h2 data-start=\"2587\" data-end=\"2608\">Profesyonel Soru-Cevap<\/h2>\n<p data-start=\"2610\" data-end=\"2800\"><strong data-start=\"2610\" data-end=\"2662\">S1: Ne zaman 2.0mm yerine 3.0mm se\u00e7meliyim?<\/strong><br data-start=\"2662\" data-end=\"2665\" \/>Kullan\u0131m <strong data-start=\"2669\" data-end=\"2678\">3.0mm<\/strong> kablo ne zaman <strong data-start=\"2702\" data-end=\"2752\">\u00e7ekilmi\u015f, s\u0131k s\u0131k b\u00fck\u00fclm\u00fc\u015f veya a\u00e7\u0131k havada monte edilmi\u015f<\/strong>. \u00c7ok daha iyi mekanik koruma sa\u011flar.<\/p>\n<hr data-start=\"2802\" data-end=\"2805\" \/>\n<p data-start=\"2807\" data-end=\"2949\"><strong data-start=\"2807\" data-end=\"2851\">S2: PON a\u011flar\u0131 i\u00e7in LC APC gerekli mi?<\/strong><br data-start=\"2851\" data-end=\"2854\" \/>Evet. \u00c7o\u011fu <strong data-start=\"2864\" data-end=\"2897\">GPON, XG-PON ve CATV sistemleri<\/strong> sinyal yans\u0131mas\u0131n\u0131 azaltmak i\u00e7in APC konekt\u00f6rleri gerektirir.<\/p>\n<hr data-start=\"2951\" data-end=\"2954\" \/>\n<p data-start=\"2956\" data-end=\"3114\"><strong data-start=\"2956\" data-end=\"3005\">S3: LC APC 3.0mm patch panellerde kullan\u0131labilir mi?<\/strong><br data-start=\"3005\" data-end=\"3008\" \/>Evet. Standart LC adapt\u00f6rlerine ve panellerine uyar, ancak \u015funlar\u0131 sunar <strong data-start=\"3065\" data-end=\"3094\">daha g\u00fc\u00e7l\u00fc kablo korumas\u0131<\/strong> daha ince kordonlara g\u00f6re.<\/p>","protected":false},"excerpt":{"rendered":"<h3 data-start=\"259\" data-end=\"319\">Zorlu ortamlar ve uzun s\u00fcreli g\u00fcvenilirlik i\u00e7in \u00fcretilmi\u015ftir<\/h3>\n<p data-start=\"321\" data-end=\"528\">Bu <strong data-start=\"325\" data-end=\"371\">LC APC 3.0mm Simplex Tek Modlu konekt\u00f6r<\/strong> i\u00e7in tasarlanm\u0131\u015ft\u0131r <strong data-start=\"388\" data-end=\"456\">d\u0131\u015f mekan FTTH hatlar\u0131, telekom kabinleri ve end\u00fcstriyel fiber ba\u011flant\u0131lar<\/strong> Mekanik koruman\u0131n optik performans kadar kritik oldu\u011fu yerlerde.<\/p>\n<p data-start=\"530\" data-end=\"773\">2.0mm konekt\u00f6rler esnekli\u011fe odaklan\u0131rken <strong data-start=\"579\" data-end=\"595\">3.0mm ceket<\/strong> teslim eder <strong data-start=\"605\" data-end=\"670\">ekstra \u00e7ekme mukavemeti, ezilme direnci ve b\u00fck\u00fclme korumas\u0131<\/strong>, i\u00e7in tercih edilen bir se\u00e7im haline getirmektedir. <strong data-start=\"707\" data-end=\"772\">damla kablolar, d\u0131\u015f mekan ba\u011flant\u0131 kablolar\u0131 ve baz istasyonu fiber hatlar\u0131<\/strong>.<\/p>\n<p data-start=\"775\" data-end=\"913\">Onunla <strong data-start=\"784\" data-end=\"805\">APC a\u00e7\u0131l\u0131 cila<\/strong>, i\u00e7in temel bir gereklilik olan geri yans\u0131may\u0131 en aza indirir. <strong data-start=\"872\" data-end=\"912\">PON, CATV ve RF-over-fiber sistemleri<\/strong>.<\/p>","protected":false},"featured_media":897,"comment_status":"open","ping_status":"closed","template":"","meta":[],"product_brand":[],"product_cat":[50],"product_tag":[],"class_list":{"0":"post-896","1":"product","2":"type-product","3":"status-publish","4":"has-post-thumbnail","6":"product_cat-lc-simplex-connectors-single-modemultimode","8":"first","9":"instock","10":"shipping-taxable","11":"product-type-simple"},"_links":{"self":[{"href":"https:\/\/www.fenxifiber.com\/tr\/wp-json\/wp\/v2\/product\/896","targetHints":{"allow":["GET"]}}],"collection":[{"href":"https:\/\/www.fenxifiber.com\/tr\/wp-json\/wp\/v2\/product"}],"about":[{"href":"https:\/\/www.fenxifiber.com\/tr\/wp-json\/wp\/v2\/types\/product"}],"replies":[{"embeddable":true,"href":"https:\/\/www.fenxifiber.com\/tr\/wp-json\/wp\/v2\/comments?post=896"}],"wp:featuredmedia":[{"embeddable":true,"href":"https:\/\/www.fenxifiber.com\/tr\/wp-json\/wp\/v2\/media\/897"}],"wp:attachment":[{"href":"https:\/\/www.fenxifiber.com\/tr\/wp-json\/wp\/v2\/media?parent=896"}],"wp:term":[{"taxonomy":"product_brand","embeddable":true,"href":"https:\/\/www.fenxifiber.com\/tr\/wp-json\/wp\/v2\/product_brand?post=896"},{"taxonomy":"product_cat","embeddable":true,"href":"https:\/\/www.fenxifiber.com\/tr\/wp-json\/wp\/v2\/product_cat?post=896"},{"taxonomy":"product_tag","embeddable":true,"href":"https:\/\/www.fenxifiber.com\/tr\/wp-json\/wp\/v2\/product_tag?post=896"}],"curies":[{"name":"wp","href":"https:\/\/api.w.org\/{rel}","templated":true}]}}