{"id":898,"date":"2026-02-04T03:08:46","date_gmt":"2026-02-04T03:08:46","guid":{"rendered":"https:\/\/www.fenxifiber.com\/?post_type=product&#038;p=898"},"modified":"2026-02-05T02:24:15","modified_gmt":"2026-02-05T02:24:15","slug":"lc-upc-0-9mm-simpleks-tekli%cc%87-mod","status":"publish","type":"product","link":"https:\/\/www.fenxifiber.com\/tr\/product\/lc-upc-0-9mm-simplex-singlemode\/","title":{"rendered":"LC UPC 0,9 mm Simpleks Tek Modlu Konekt\u00f6r"},"content":{"rendered":"<h3 data-start=\"793\" data-end=\"829\">Pigtailler i\u00e7in neden 0,9 mm kullan\u0131l\u0131r?<\/h3>\n<div class=\"TyagGW_tableContainer\">\n<div class=\"group TyagGW_tableWrapper flex flex-col-reverse w-fit\" tabindex=\"-1\">\n<table class=\"w-fit min-w-(--thread-content-width)\" data-start=\"831\" data-end=\"1007\">\n<thead data-start=\"831\" data-end=\"856\">\n<tr data-start=\"831\" data-end=\"856\">\n<th class=\"\" data-start=\"831\" data-end=\"844\" data-col-size=\"sm\">Kablo Boyutu<\/th>\n<th class=\"\" data-start=\"844\" data-end=\"856\" data-col-size=\"md\">Fonksiyon<\/th>\n<\/tr>\n<\/thead>\n<tbody data-start=\"883\" data-end=\"1007\">\n<tr data-start=\"883\" data-end=\"941\">\n<td data-start=\"883\" data-end=\"895\" data-col-size=\"sm\"><strong data-start=\"885\" data-end=\"894\">0.9mm<\/strong><\/td>\n<td data-col-size=\"md\" data-start=\"895\" data-end=\"941\">F\u00fczyon ekli pigtailler ve dahili y\u00f6nlendirme<\/td>\n<\/tr>\n<tr data-start=\"942\" data-end=\"965\">\n<td data-start=\"942\" data-end=\"950\" data-col-size=\"sm\">2.0mm<\/td>\n<td data-col-size=\"md\" data-start=\"950\" data-end=\"965\">Yama kablolar\u0131<\/td>\n<\/tr>\n<tr data-start=\"966\" data-end=\"1007\">\n<td data-start=\"966\" data-end=\"974\" data-col-size=\"sm\">3.0mm<\/td>\n<td data-col-size=\"md\" data-start=\"974\" data-end=\"1007\">D\u0131\u015f mekan ve y\u00fcksek mukavemetli kordonlar<\/td>\n<\/tr>\n<\/tbody>\n<\/table>\n<\/div>\n<\/div>\n<p data-start=\"1009\" data-end=\"1157\">Bu <strong data-start=\"1013\" data-end=\"1034\">ince 0,9 mm ceket<\/strong> fiberin <strong data-start=\"1058\" data-end=\"1115\">ekleme tepsileri ve fiber kasetleri i\u00e7inde d\u00fczg\u00fcn bir \u015fekilde saklan\u0131r<\/strong>, kaplanm\u0131\u015f elyaf\u0131 korumaya devam eder.<\/p>\n<hr data-start=\"1159\" data-end=\"1162\" \/>\n<h3 data-start=\"1164\" data-end=\"1189\">Optik performans<\/h3>\n<div class=\"TyagGW_tableContainer\">\n<div class=\"group TyagGW_tableWrapper flex flex-col-reverse w-fit\" tabindex=\"-1\">\n<table class=\"w-fit min-w-(--thread-content-width)\" data-start=\"1191\" data-end=\"1484\">\n<thead data-start=\"1191\" data-end=\"1220\">\n<tr data-start=\"1191\" data-end=\"1220\">\n<th class=\"\" data-start=\"1191\" data-end=\"1203\" data-col-size=\"sm\">Parametre<\/th>\n<th class=\"\" data-start=\"1203\" data-end=\"1220\" data-col-size=\"sm\">Tipik De\u011fer<\/th>\n<\/tr>\n<\/thead>\n<tbody data-start=\"1250\" data-end=\"1484\">\n<tr data-start=\"1250\" data-end=\"1287\">\n<td data-start=\"1250\" data-end=\"1263\" data-col-size=\"sm\">Elyaf Tipi<\/td>\n<td data-start=\"1263\" data-end=\"1287\" data-col-size=\"sm\">Tek modlu 9\/125 \u00b5m<\/td>\n<\/tr>\n<tr data-start=\"1288\" data-end=\"1309\">\n<td data-start=\"1288\" data-end=\"1302\" data-col-size=\"sm\">Leh\u00e7e Tipi<\/td>\n<td data-start=\"1302\" data-end=\"1309\" data-col-size=\"sm\">UPC<\/td>\n<\/tr>\n<tr data-start=\"1310\" data-end=\"1340\">\n<td data-start=\"1310\" data-end=\"1327\" data-col-size=\"sm\">Ekleme Kayb\u0131<\/td>\n<td data-col-size=\"sm\" data-start=\"1327\" data-end=\"1340\">\u2264 0,25 dB<\/td>\n<\/tr>\n<tr data-start=\"1341\" data-end=\"1366\">\n<td data-start=\"1341\" data-end=\"1355\" data-col-size=\"sm\">Geri D\u00f6n\u00fc\u015f Kayb\u0131<\/td>\n<td data-col-size=\"sm\" data-start=\"1355\" data-end=\"1366\">\u2265 50 dB<\/td>\n<\/tr>\n<tr data-start=\"1367\" data-end=\"1408\">\n<td data-start=\"1367\" data-end=\"1390\" data-col-size=\"sm\">\u00c7al\u0131\u015fma Dalga Boyu<\/td>\n<td data-col-size=\"sm\" data-start=\"1390\" data-end=\"1408\">1310 \/ 1550 nm<\/td>\n<\/tr>\n<tr data-start=\"1409\" data-end=\"1446\">\n<td data-start=\"1409\" data-end=\"1429\" data-col-size=\"sm\">U\u00e7 Y\u00fcz Geometrisi<\/td>\n<td data-col-size=\"sm\" data-start=\"1429\" data-end=\"1446\">IEC uyumlu<\/td>\n<\/tr>\n<tr data-start=\"1447\" data-end=\"1484\">\n<td data-start=\"1447\" data-end=\"1467\" data-col-size=\"sm\">\u00c7iftle\u015fme Dayan\u0131kl\u0131l\u0131\u011f\u0131<\/td>\n<td data-col-size=\"sm\" data-start=\"1467\" data-end=\"1484\">\u2265 1000 d\u00f6ng\u00fc<\/td>\n<\/tr>\n<\/tbody>\n<\/table>\n<\/div>\n<\/div>\n<p data-start=\"1486\" data-end=\"1582\">UPC parlatma \u015funlar\u0131 sa\u011flar <strong data-start=\"1508\" data-end=\"1538\">kararl\u0131 sinyal iletimi<\/strong> \u00e7o\u011fu i\u00e7in <strong data-start=\"1548\" data-end=\"1581\">telekom ve veri\u0307 uygulamalari<\/strong>.<\/p>\n<hr data-start=\"1584\" data-end=\"1587\" \/>\n<h3 data-start=\"1589\" data-end=\"1615\">Mekanik yap\u0131<\/h3>\n<div class=\"TyagGW_tableContainer\">\n<div class=\"group TyagGW_tableWrapper flex flex-col-reverse w-fit\" tabindex=\"-1\">\n<table class=\"w-fit min-w-(--thread-content-width)\" data-start=\"1617\" data-end=\"1857\">\n<thead data-start=\"1617\" data-end=\"1641\">\n<tr data-start=\"1617\" data-end=\"1641\">\n<th class=\"\" data-start=\"1617\" data-end=\"1624\" data-col-size=\"sm\">\u00d6\u011fe<\/th>\n<th class=\"\" data-start=\"1624\" data-end=\"1641\" data-col-size=\"sm\">\u015eartname<\/th>\n<\/tr>\n<\/thead>\n<tbody data-start=\"1667\" data-end=\"1857\">\n<tr data-start=\"1667\" data-end=\"1698\">\n<td data-start=\"1667\" data-end=\"1684\" data-col-size=\"sm\">Konekt\u00f6r Tipi<\/td>\n<td data-start=\"1684\" data-end=\"1698\" data-col-size=\"sm\">LC Simplex<\/td>\n<\/tr>\n<tr data-start=\"1699\" data-end=\"1725\">\n<td data-start=\"1699\" data-end=\"1716\" data-col-size=\"sm\">Kablo \u00c7ap\u0131<\/td>\n<td data-start=\"1716\" data-end=\"1725\" data-col-size=\"sm\">0.9mm<\/td>\n<\/tr>\n<tr data-start=\"1726\" data-end=\"1763\">\n<td data-start=\"1726\" data-end=\"1736\" data-col-size=\"sm\">Y\u00fcks\u00fck<\/td>\n<td data-start=\"1736\" data-end=\"1763\" data-col-size=\"sm\">1,25 mm zirkonya seramik<\/td>\n<\/tr>\n<tr data-start=\"1764\" data-end=\"1793\">\n<td data-start=\"1764\" data-end=\"1771\" data-col-size=\"sm\">\u00c7izme<\/td>\n<td data-start=\"1771\" data-end=\"1793\" data-col-size=\"sm\">K\u0131sa sa\u00e7 \u00f6rg\u00fcs\u00fc \u00e7izme<\/td>\n<\/tr>\n<tr data-start=\"1794\" data-end=\"1818\">\n<td data-start=\"1794\" data-end=\"1802\" data-col-size=\"sm\">Mandal<\/td>\n<td data-start=\"1802\" data-end=\"1818\" data-col-size=\"sm\">LC itme-\u00e7ekme<\/td>\n<\/tr>\n<tr data-start=\"1819\" data-end=\"1857\">\n<td data-start=\"1819\" data-end=\"1839\" data-col-size=\"sm\">S\u0131cakl\u0131k Aral\u0131\u011f\u0131<\/td>\n<td data-start=\"1839\" data-end=\"1857\" data-col-size=\"sm\">-40\u00b0C ila +75\u00b0C<\/td>\n<\/tr>\n<\/tbody>\n<\/table>\n<\/div>\n<\/div>\n<p data-start=\"1859\" data-end=\"1968\">Bu <strong data-start=\"1863\" data-end=\"1884\">k\u0131sa bot tasar\u0131m\u0131<\/strong> konekt\u00f6r\u00fcn kolayca tak\u0131lmas\u0131n\u0131 sa\u011flar <strong data-start=\"1925\" data-end=\"1967\">ekleme tepsileri ve kompakt fiber mod\u00fclleri<\/strong>.<\/p>\n<hr data-start=\"1970\" data-end=\"1973\" \/>\n<h3 data-start=\"1975\" data-end=\"2001\">Tipik uygulamalar<\/h3>\n<p data-start=\"2003\" data-end=\"2036\">Bu konekt\u00f6r yayg\u0131n olarak kullan\u0131lmaktad\u0131r:<\/p>\n<ul data-start=\"2038\" data-end=\"2202\">\n<li data-start=\"2038\" data-end=\"2062\">\n<p data-start=\"2040\" data-end=\"2062\">Fiber optik pigtailler<\/p>\n<\/li>\n<li data-start=\"2063\" data-end=\"2094\">\n<p data-start=\"2065\" data-end=\"2094\">ODF ve da\u011f\u0131t\u0131m \u00e7er\u00e7eveleri<\/p>\n<\/li>\n<li data-start=\"2095\" data-end=\"2131\">\n<p data-start=\"2097\" data-end=\"2131\">Fiber kasetler ve ekleme tepsileri<\/p>\n<\/li>\n<li data-start=\"2132\" data-end=\"2168\">\n<p data-start=\"2134\" data-end=\"2168\">Optik al\u0131c\u0131-vericiler ve mod\u00fcller<\/p>\n<\/li>\n<li data-start=\"2169\" data-end=\"2202\">\n<p data-start=\"2171\" data-end=\"2202\">FTTH merkez ofis ekipmanlar\u0131<\/p>\n<\/li>\n<\/ul>\n<hr data-start=\"2204\" data-end=\"2207\" \/>\n<h2 data-start=\"2209\" data-end=\"2230\">Profesyonel Soru-Cevap<\/h2>\n<p data-start=\"2232\" data-end=\"2397\"><strong data-start=\"2232\" data-end=\"2285\">S1: LC UPC 0.9mm yama kablolar\u0131 yapmak i\u00e7in kullan\u0131labilir mi?<\/strong><br data-start=\"2285\" data-end=\"2288\" \/>No. 0.9mm konekt\u00f6rler a\u015fa\u011f\u0131dakiler i\u00e7in tasarlanm\u0131\u015ft\u0131r <strong data-start=\"2326\" data-end=\"2338\">pigtailler<\/strong> ve ba\u011flant\u0131 kablolar\u0131 olu\u015fturmak i\u00e7in daha kal\u0131n kablolara eklenmesi gerekir.<\/p>\n<hr data-start=\"2399\" data-end=\"2402\" \/>\n<p data-start=\"2404\" data-end=\"2593\"><strong data-start=\"2404\" data-end=\"2452\">S2: Ne zaman APC yerine UPC'yi se\u00e7meliyim?<\/strong><br data-start=\"2452\" data-end=\"2455\" \/>UPC \u015fu alanlarda kullan\u0131l\u0131r <strong data-start=\"2470\" data-end=\"2507\">genel telekom ve veri\u0307 a\u011flari<\/strong>. APC a\u015fa\u011f\u0131dakiler i\u00e7in gereklidir <strong data-start=\"2529\" data-end=\"2553\">PON ve CATV sistemleri<\/strong> Yans\u0131man\u0131n son derece d\u00fc\u015f\u00fck olmas\u0131 gereken yerlerde.<\/p>\n<hr data-start=\"2595\" data-end=\"2598\" \/>\n<p data-start=\"2600\" data-end=\"2738\"><strong data-start=\"2600\" data-end=\"2654\">S3: Bu konekt\u00f6r LC adapt\u00f6rlerle uyumlu mu?<\/strong><br data-start=\"2654\" data-end=\"2657\" \/>Evet. <strong data-start=\"2686\" data-end=\"2714\">standart LC UPC adapt\u00f6rleri<\/strong> ve LC UPC yama kablolar\u0131.<\/p>","protected":false},"excerpt":{"rendered":"<h3 data-start=\"220\" data-end=\"271\">Temiz, hassas fiber sonland\u0131rma i\u00e7in tasarlanm\u0131\u015ft\u0131r<\/h3>\n<p data-start=\"273\" data-end=\"582\">Bu <strong data-start=\"277\" data-end=\"323\">LC UPC 0,9 mm Simplex Tek Modlu konekt\u00f6r<\/strong> i\u00e7in optimize edilmi\u015ftir <strong data-start=\"341\" data-end=\"429\">fabrika yap\u0131m\u0131 pigtailler, dahili ekipman kablolar\u0131 ve y\u00fcksek hassasiyetli optik mod\u00fcller<\/strong>.<br data-start=\"430\" data-end=\"433\" \/>Patch cordlar i\u00e7in kullan\u0131lan 2.0mm ve 3.0mm ceketli konnekt\u00f6rlerin aksine <strong data-start=\"502\" data-end=\"581\">0,9 mm versiyonu do\u011frudan f\u00fczyon ekleme ve kompakt fiber y\u00f6nlendirme i\u00e7in \u00fcretilmi\u015ftir<\/strong>.<\/p>\n<p data-start=\"584\" data-end=\"786\">ile <strong data-start=\"591\" data-end=\"616\">UPC cilal\u0131 u\u00e7 y\u00fczey<\/strong> ve bir <strong data-start=\"623\" data-end=\"649\">1,25 mm seramik y\u00fcks\u00fck<\/strong>, teslim eder <strong data-start=\"663\" data-end=\"708\">sabit ekleme kayb\u0131 ve d\u00fc\u015f\u00fck yans\u0131ma<\/strong>, i\u00e7in ideal hale getirir. <strong data-start=\"730\" data-end=\"785\">ODF tepsileri, optik mod\u00fcller ve da\u011f\u0131t\u0131m \u00e7er\u00e7eveleri<\/strong>.<\/p>","protected":false},"featured_media":899,"comment_status":"open","ping_status":"closed","template":"","meta":[],"product_brand":[],"product_cat":[50],"product_tag":[],"class_list":{"0":"post-898","1":"product","2":"type-product","3":"status-publish","4":"has-post-thumbnail","6":"product_cat-lc-simplex-connectors-single-modemultimode","8":"first","9":"instock","10":"shipping-taxable","11":"product-type-simple"},"_links":{"self":[{"href":"https:\/\/www.fenxifiber.com\/tr\/wp-json\/wp\/v2\/product\/898","targetHints":{"allow":["GET"]}}],"collection":[{"href":"https:\/\/www.fenxifiber.com\/tr\/wp-json\/wp\/v2\/product"}],"about":[{"href":"https:\/\/www.fenxifiber.com\/tr\/wp-json\/wp\/v2\/types\/product"}],"replies":[{"embeddable":true,"href":"https:\/\/www.fenxifiber.com\/tr\/wp-json\/wp\/v2\/comments?post=898"}],"wp:featuredmedia":[{"embeddable":true,"href":"https:\/\/www.fenxifiber.com\/tr\/wp-json\/wp\/v2\/media\/899"}],"wp:attachment":[{"href":"https:\/\/www.fenxifiber.com\/tr\/wp-json\/wp\/v2\/media?parent=898"}],"wp:term":[{"taxonomy":"product_brand","embeddable":true,"href":"https:\/\/www.fenxifiber.com\/tr\/wp-json\/wp\/v2\/product_brand?post=898"},{"taxonomy":"product_cat","embeddable":true,"href":"https:\/\/www.fenxifiber.com\/tr\/wp-json\/wp\/v2\/product_cat?post=898"},{"taxonomy":"product_tag","embeddable":true,"href":"https:\/\/www.fenxifiber.com\/tr\/wp-json\/wp\/v2\/product_tag?post=898"}],"curies":[{"name":"wp","href":"https:\/\/api.w.org\/{rel}","templated":true}]}}