{"id":900,"date":"2026-02-04T03:09:50","date_gmt":"2026-02-04T03:09:50","guid":{"rendered":"https:\/\/www.fenxifiber.com\/?post_type=product&#038;p=900"},"modified":"2026-02-05T02:24:57","modified_gmt":"2026-02-05T02:24:57","slug":"lc-upc-0-9mm-simpleks-cok-modlu-gol-mavisi","status":"publish","type":"product","link":"https:\/\/www.fenxifiber.com\/tr\/product\/lc-upc-0-9mm-simplex-multimode-lake-blue\/","title":{"rendered":"LC UPC 0,9 mm Tek Y\u00f6nl\u00fc \u00c7ok Modlu Konekt\u00f6r (G\u00f6l Mavisi)"},"content":{"rendered":"<h3 data-start=\"811\" data-end=\"860\">Neden 0,9 mm \u00e7ok modlu pigtailler i\u00e7in m\u00fckemmeldir?<\/h3>\n<div class=\"TyagGW_tableContainer\">\n<div class=\"group TyagGW_tableWrapper flex flex-col-reverse w-fit\" tabindex=\"-1\">\n<table class=\"w-fit min-w-(--thread-content-width)\" data-start=\"862\" data-end=\"1062\">\n<thead data-start=\"862\" data-end=\"899\">\n<tr data-start=\"862\" data-end=\"899\">\n<th class=\"\" data-start=\"862\" data-end=\"879\" data-col-size=\"sm\">Kablo \u00c7ap\u0131<\/th>\n<th class=\"\" data-start=\"879\" data-end=\"899\" data-col-size=\"sm\">Tipik \u0130\u015flev<\/th>\n<\/tr>\n<\/thead>\n<tbody data-start=\"938\" data-end=\"1062\">\n<tr data-start=\"938\" data-end=\"991\">\n<td data-start=\"938\" data-end=\"950\" data-col-size=\"sm\"><strong data-start=\"940\" data-end=\"949\">0.9mm<\/strong><\/td>\n<td data-start=\"950\" data-end=\"991\" data-col-size=\"sm\">\u00c7ok modlu pigtailler ve dahili mod\u00fcller<\/td>\n<\/tr>\n<tr data-start=\"992\" data-end=\"1025\">\n<td data-start=\"992\" data-end=\"1000\" data-col-size=\"sm\">2.0mm<\/td>\n<td data-start=\"1000\" data-end=\"1025\" data-col-size=\"sm\">\u00c7ok modlu yama kablolar\u0131<\/td>\n<\/tr>\n<tr data-start=\"1026\" data-end=\"1062\">\n<td data-start=\"1026\" data-end=\"1034\" data-col-size=\"sm\">3.0mm<\/td>\n<td data-start=\"1034\" data-end=\"1062\" data-col-size=\"sm\">Sa\u011flam \u00e7ok modlu jumperlar<\/td>\n<\/tr>\n<\/tbody>\n<\/table>\n<\/div>\n<\/div>\n<p data-start=\"1064\" data-end=\"1193\">Bu <strong data-start=\"1068\" data-end=\"1089\">ince 0,9 mm ceket<\/strong> i\u00e7in idealdir <strong data-start=\"1103\" data-end=\"1192\">patch paneller, al\u0131c\u0131-vericiler ve ekleme tepsileri i\u00e7inde f\u00fczyon ekleme ve s\u0131k\u0131 y\u00f6nlendirme<\/strong>.<\/p>\n<hr data-start=\"1195\" data-end=\"1198\" \/>\n<h3 data-start=\"1200\" data-end=\"1240\">Optik \u00f6zellikler (\u00c7ok Modlu)<\/h3>\n<div class=\"TyagGW_tableContainer\">\n<div class=\"group TyagGW_tableWrapper flex flex-col-reverse w-fit\" tabindex=\"-1\">\n<table class=\"w-fit min-w-(--thread-content-width)\" data-start=\"1242\" data-end=\"1557\">\n<thead data-start=\"1242\" data-end=\"1271\">\n<tr data-start=\"1242\" data-end=\"1271\">\n<th class=\"\" data-start=\"1242\" data-end=\"1254\" data-col-size=\"sm\">Parametre<\/th>\n<th class=\"\" data-start=\"1254\" data-end=\"1271\" data-col-size=\"sm\">Tipik De\u011fer<\/th>\n<\/tr>\n<\/thead>\n<tbody data-start=\"1301\" data-end=\"1557\">\n<tr data-start=\"1301\" data-end=\"1354\">\n<td data-start=\"1301\" data-end=\"1314\" data-col-size=\"sm\">Elyaf Tipi<\/td>\n<td data-start=\"1314\" data-end=\"1354\" data-col-size=\"sm\">\u00c7ok modlu (50\/125 \u00b5m veya 62,5\/125 \u00b5m)<\/td>\n<\/tr>\n<tr data-start=\"1355\" data-end=\"1376\">\n<td data-start=\"1355\" data-end=\"1369\" data-col-size=\"sm\">Leh\u00e7e Tipi<\/td>\n<td data-start=\"1369\" data-end=\"1376\" data-col-size=\"sm\">UPC<\/td>\n<\/tr>\n<tr data-start=\"1377\" data-end=\"1407\">\n<td data-start=\"1377\" data-end=\"1394\" data-col-size=\"sm\">Ekleme Kayb\u0131<\/td>\n<td data-start=\"1394\" data-end=\"1407\" data-col-size=\"sm\">\u2264 0,30 dB<\/td>\n<\/tr>\n<tr data-start=\"1408\" data-end=\"1433\">\n<td data-start=\"1408\" data-end=\"1422\" data-col-size=\"sm\">Geri D\u00f6n\u00fc\u015f Kayb\u0131<\/td>\n<td data-start=\"1422\" data-end=\"1433\" data-col-size=\"sm\">\u2265 35 dB<\/td>\n<\/tr>\n<tr data-start=\"1434\" data-end=\"1468\">\n<td data-start=\"1434\" data-end=\"1448\" data-col-size=\"sm\">Dalga Boylar\u0131<\/td>\n<td data-start=\"1448\" data-end=\"1468\" data-col-size=\"sm\">850 nm \/ 1300 nm<\/td>\n<\/tr>\n<tr data-start=\"1469\" data-end=\"1525\">\n<td data-start=\"1469\" data-end=\"1487\" data-col-size=\"sm\">Modal Bant Geni\u015fli\u011fi<\/td>\n<td data-start=\"1487\" data-end=\"1525\" data-col-size=\"sm\">Y\u00fcksek h\u0131zl\u0131 LAN ba\u011flant\u0131lar\u0131 i\u00e7in optimize edilmi\u015ftir<\/td>\n<\/tr>\n<tr data-start=\"1526\" data-end=\"1557\">\n<td data-start=\"1526\" data-end=\"1540\" data-col-size=\"sm\">\u00c7iftle\u015fme Ya\u015fam\u0131<\/td>\n<td data-start=\"1540\" data-end=\"1557\" data-col-size=\"sm\">\u2265 1000 d\u00f6ng\u00fc<\/td>\n<\/tr>\n<\/tbody>\n<\/table>\n<\/div>\n<\/div>\n<p data-start=\"1559\" data-end=\"1659\">Bu performans \u015funlar\u0131 destekler <strong data-start=\"1585\" data-end=\"1637\">10G, 25G, 40G ve k\u0131sa eri\u015fimli 100G optik ba\u011flant\u0131lar<\/strong> \u00e7ok modlu fiber \u00fczerinden.<\/p>\n<hr data-start=\"1661\" data-end=\"1664\" \/>\n<h3 data-start=\"1666\" data-end=\"1694\">Konekt\u00f6r yap\u0131s\u0131<\/h3>\n<div class=\"TyagGW_tableContainer\">\n<div class=\"group TyagGW_tableWrapper flex flex-col-reverse w-fit\" tabindex=\"-1\">\n<table class=\"w-fit min-w-(--thread-content-width)\" data-start=\"1696\" data-end=\"1961\">\n<thead data-start=\"1696\" data-end=\"1723\">\n<tr data-start=\"1696\" data-end=\"1723\">\n<th class=\"\" data-start=\"1696\" data-end=\"1706\" data-col-size=\"sm\">\u00d6zellik<\/th>\n<th class=\"\" data-start=\"1706\" data-end=\"1723\" data-col-size=\"sm\">\u015eartname<\/th>\n<\/tr>\n<\/thead>\n<tbody data-start=\"1751\" data-end=\"1961\">\n<tr data-start=\"1751\" data-end=\"1782\">\n<td data-start=\"1751\" data-end=\"1768\" data-col-size=\"sm\">Konekt\u00f6r Tipi<\/td>\n<td data-start=\"1768\" data-end=\"1782\" data-col-size=\"sm\">LC Simplex<\/td>\n<\/tr>\n<tr data-start=\"1783\" data-end=\"1805\">\n<td data-start=\"1783\" data-end=\"1796\" data-col-size=\"sm\">Kablo Boyutu<\/td>\n<td data-start=\"1796\" data-end=\"1805\" data-col-size=\"sm\">0.9mm<\/td>\n<\/tr>\n<tr data-start=\"1806\" data-end=\"1843\">\n<td data-start=\"1806\" data-end=\"1816\" data-col-size=\"sm\">Y\u00fcks\u00fck<\/td>\n<td data-start=\"1816\" data-end=\"1843\" data-col-size=\"sm\">1,25 mm zirkonya seramik<\/td>\n<\/tr>\n<tr data-start=\"1844\" data-end=\"1887\">\n<td data-start=\"1844\" data-end=\"1857\" data-col-size=\"sm\">\u00c7izme Rengi<\/td>\n<td data-start=\"1857\" data-end=\"1887\" data-col-size=\"sm\">Mavi G\u00f6l (\u00e7ok modlu kod)<\/td>\n<\/tr>\n<tr data-start=\"1888\" data-end=\"1918\">\n<td data-start=\"1888\" data-end=\"1896\" data-col-size=\"sm\">Mandal<\/td>\n<td data-start=\"1896\" data-end=\"1918\" data-col-size=\"sm\">LC itme-\u00e7ekme mandal\u0131<\/td>\n<\/tr>\n<tr data-start=\"1919\" data-end=\"1961\">\n<td data-start=\"1919\" data-end=\"1943\" data-col-size=\"sm\">\u00c7al\u0131\u015fma S\u0131cakl\u0131\u011f\u0131<\/td>\n<td data-start=\"1943\" data-end=\"1961\" data-col-size=\"sm\">-40\u00b0C ila +75\u00b0C<\/td>\n<\/tr>\n<\/tbody>\n<\/table>\n<\/div>\n<\/div>\n<p data-start=\"1963\" data-end=\"2077\">Bu <strong data-start=\"1967\" data-end=\"1988\">mavi\u0307 g\u00f6l konutlari<\/strong> sa\u011flar <strong data-start=\"1997\" data-end=\"2028\">h\u0131zl\u0131 g\u00f6rsel tan\u0131mlama<\/strong> kar\u0131\u015f\u0131k tek modlu ve \u00e7ok modlu ortamlarda.<\/p>\n<hr data-start=\"2079\" data-end=\"2082\" \/>\n<h3 data-start=\"2084\" data-end=\"2110\">Tipik uygulamalar<\/h3>\n<p data-start=\"2112\" data-end=\"2160\">Bu LC \u00e7ok modlu konekt\u00f6r genellikle \u015fu alanlarda kullan\u0131l\u0131r:<\/p>\n<ul data-start=\"2162\" data-end=\"2334\">\n<li data-start=\"2162\" data-end=\"2190\">\n<p data-start=\"2164\" data-end=\"2190\">Veri merkezi patch panelleri<\/p>\n<\/li>\n<li data-start=\"2191\" data-end=\"2213\">\n<p data-start=\"2193\" data-end=\"2213\">\u00c7ok modlu pigtailler<\/p>\n<\/li>\n<li data-start=\"2214\" data-end=\"2245\">\n<p data-start=\"2216\" data-end=\"2245\">Optik al\u0131c\u0131-verici mod\u00fclleri<\/p>\n<\/li>\n<li data-start=\"2246\" data-end=\"2281\">\n<p data-start=\"2248\" data-end=\"2281\">LAN ve kurumsal fiber a\u011flar<\/p>\n<\/li>\n<li data-start=\"2282\" data-end=\"2304\">\n<p data-start=\"2284\" data-end=\"2304\">Optik test kablolar\u0131<\/p>\n<\/li>\n<li data-start=\"2305\" data-end=\"2334\">\n<p data-start=\"2307\" data-end=\"2334\">Ekipman i\u00e7 kablolamas\u0131<\/p>\n<\/li>\n<\/ul>\n<hr data-start=\"2336\" data-end=\"2339\" \/>\n<h2 data-start=\"2341\" data-end=\"2362\">Profesyonel Soru-Cevap<\/h2>\n<p data-start=\"2364\" data-end=\"2517\"><strong data-start=\"2364\" data-end=\"2403\">S1: Ba\u011flay\u0131c\u0131 g\u00f6l neden mavi?<\/strong><br data-start=\"2403\" data-end=\"2406\" \/>G\u00f6l mavisi <strong data-start=\"2423\" data-end=\"2461\">\u00e7ok modlu fiber i\u00e7in standart renk<\/strong>, sar\u0131 tek modlu kablolarla kar\u0131\u015fmas\u0131n\u0131 \u00f6nlemeye yard\u0131mc\u0131 olur.<\/p>\n<hr data-start=\"2519\" data-end=\"2522\" \/>\n<p data-start=\"2524\" data-end=\"2668\"><strong data-start=\"2524\" data-end=\"2572\">S2: LC \u00e7ok modlu tek moda ba\u011flanabilir mi?<\/strong><br data-start=\"2572\" data-end=\"2575\" \/>Hay\u0131r. \u00c7ok modlu ve tek modlu fiberler <strong data-start=\"2617\" data-end=\"2641\">farkl\u0131 \u00e7ekirdek boyutlar\u0131<\/strong> ve ba\u011flanmamal\u0131d\u0131r.<\/p>\n<hr data-start=\"2670\" data-end=\"2673\" \/>\n<p data-start=\"2675\" data-end=\"2844\"><strong data-start=\"2675\" data-end=\"2722\">S3: UPC parlatma i\u015flemi \u00e7ok modlu i\u00e7in do\u011fru mudur?<\/strong><br data-start=\"2722\" data-end=\"2725\" \/>Evet. <strong data-start=\"2730\" data-end=\"2771\">UPC \u00e7ok modlu sistemler i\u00e7in standartt\u0131r<\/strong> ve k\u0131sa eri\u015fimli, y\u00fcksek h\u0131zl\u0131 a\u011flar i\u00e7in sabit ekleme kayb\u0131 sa\u011flar.<\/p>","protected":false},"excerpt":{"rendered":"<h3 data-start=\"195\" data-end=\"248\">K\u0131sa eri\u015fimli, y\u00fcksek h\u0131zl\u0131 optik ba\u011flant\u0131lar i\u00e7in \u00fcretilmi\u015ftir<\/h3>\n<p data-start=\"250\" data-end=\"468\">Bu <strong data-start=\"254\" data-end=\"310\">LC UPC 0,9 mm Simpleks \u00c7ok Modlu konekt\u00f6r (G\u00f6l Mavisi)<\/strong> i\u00e7in tasarlanm\u0131\u015ft\u0131r <strong data-start=\"329\" data-end=\"369\">y\u00fcksek yo\u011funluklu \u00e7ok modlu fiber sistemler<\/strong>, nerede <strong data-start=\"377\" data-end=\"454\">h\u0131zl\u0131 veri iletimi, kolay tan\u0131mlama ve kompakt kablo y\u00f6netimi<\/strong> gerekli.<\/p>\n<p data-start=\"470\" data-end=\"804\">Kullanma <strong data-start=\"476\" data-end=\"513\">\u00e7ok modlu fiber ve UPC parlatma<\/strong>, bu konekt\u00f6r a\u015fa\u011f\u0131daki alanlarda yayg\u0131n olarak kullan\u0131lmaktad\u0131r <strong data-start=\"548\" data-end=\"628\">veri merkezleri, kurumsal a\u011flar, optik mod\u00fcller ve LAN fiber tertibatlar\u0131<\/strong>.<br data-start=\"629\" data-end=\"632\" \/>Bu <strong data-start=\"636\" data-end=\"655\">g\u00f6l mavisi rengi<\/strong> uluslararas\u0131 fiber renk kodlamas\u0131n\u0131 takip ederek teknisyenlerin an\u0131nda tan\u0131mas\u0131n\u0131 sa\u011flar <strong data-start=\"742\" data-end=\"767\">\u00e7ok modlu ba\u011flant\u0131lar<\/strong> kurulum ve bak\u0131m s\u0131ras\u0131nda.<\/p>","protected":false},"featured_media":901,"comment_status":"open","ping_status":"closed","template":"","meta":[],"product_brand":[],"product_cat":[50],"product_tag":[],"class_list":{"0":"post-900","1":"product","2":"type-product","3":"status-publish","4":"has-post-thumbnail","6":"product_cat-lc-simplex-connectors-single-modemultimode","8":"first","9":"instock","10":"shipping-taxable","11":"product-type-simple"},"_links":{"self":[{"href":"https:\/\/www.fenxifiber.com\/tr\/wp-json\/wp\/v2\/product\/900","targetHints":{"allow":["GET"]}}],"collection":[{"href":"https:\/\/www.fenxifiber.com\/tr\/wp-json\/wp\/v2\/product"}],"about":[{"href":"https:\/\/www.fenxifiber.com\/tr\/wp-json\/wp\/v2\/types\/product"}],"replies":[{"embeddable":true,"href":"https:\/\/www.fenxifiber.com\/tr\/wp-json\/wp\/v2\/comments?post=900"}],"wp:featuredmedia":[{"embeddable":true,"href":"https:\/\/www.fenxifiber.com\/tr\/wp-json\/wp\/v2\/media\/901"}],"wp:attachment":[{"href":"https:\/\/www.fenxifiber.com\/tr\/wp-json\/wp\/v2\/media?parent=900"}],"wp:term":[{"taxonomy":"product_brand","embeddable":true,"href":"https:\/\/www.fenxifiber.com\/tr\/wp-json\/wp\/v2\/product_brand?post=900"},{"taxonomy":"product_cat","embeddable":true,"href":"https:\/\/www.fenxifiber.com\/tr\/wp-json\/wp\/v2\/product_cat?post=900"},{"taxonomy":"product_tag","embeddable":true,"href":"https:\/\/www.fenxifiber.com\/tr\/wp-json\/wp\/v2\/product_tag?post=900"}],"curies":[{"name":"wp","href":"https:\/\/api.w.org\/{rel}","templated":true}]}}