{"id":906,"date":"2026-02-04T03:13:11","date_gmt":"2026-02-04T03:13:11","guid":{"rendered":"https:\/\/www.fenxifiber.com\/?post_type=product&#038;p=906"},"modified":"2026-02-05T02:26:35","modified_gmt":"2026-02-05T02:26:35","slug":"lc-upc-0-9mm-simpleks-cok-modlu","status":"publish","type":"product","link":"https:\/\/www.fenxifiber.com\/tr\/product\/lc-upc-0-9mm-simplex-multimode\/","title":{"rendered":"LC UPC 0.9mm Tek Y\u00f6nl\u00fc \u00c7ok Modlu Fiber Konnekt\u00f6r"},"content":{"rendered":"<h3 data-start=\"784\" data-end=\"827\">\u00c7ok modlu fiber sistemler i\u00e7in optimize edilmi\u015ftir<\/h3>\n<p data-start=\"829\" data-end=\"947\">\u00c7ok modlu fiber, a\u015fa\u011f\u0131dakiler i\u00e7in standart se\u00e7imdir <strong data-start=\"872\" data-end=\"913\">k\u0131sa eri\u015fimli, y\u00fcksek h\u0131zl\u0131 optik ba\u011flant\u0131lar<\/strong> kurumsal ve bulut a\u011flar\u0131nda.<\/p>\n<div class=\"TyagGW_tableContainer\">\n<div class=\"group TyagGW_tableWrapper flex flex-col-reverse w-fit\" tabindex=\"-1\">\n<table class=\"w-fit min-w-(--thread-content-width)\" data-start=\"949\" data-end=\"1148\">\n<thead data-start=\"949\" data-end=\"1004\">\n<tr data-start=\"949\" data-end=\"1004\">\n<th class=\"\" data-start=\"949\" data-end=\"962\" data-col-size=\"sm\">Elyaf Tipi<\/th>\n<th class=\"\" data-start=\"962\" data-end=\"983\" data-col-size=\"sm\">Tipik Dalga Boyu<\/th>\n<th class=\"\" data-start=\"983\" data-end=\"1004\" data-col-size=\"md\">Ana Uygulamalar<\/th>\n<\/tr>\n<\/thead>\n<tbody data-start=\"1058\" data-end=\"1148\">\n<tr data-start=\"1058\" data-end=\"1148\">\n<td data-start=\"1058\" data-end=\"1081\" data-col-size=\"sm\">\u00c7ok Modlu (50\/125\u00b5m)<\/td>\n<td data-col-size=\"sm\" data-start=\"1081\" data-end=\"1100\">850 nm \/ 1300 nm<\/td>\n<td data-col-size=\"md\" data-start=\"1100\" data-end=\"1148\">Veri merkezleri, LAN, SAN, kurumsal omurgalar<\/td>\n<\/tr>\n<\/tbody>\n<\/table>\n<\/div>\n<\/div>\n<p data-start=\"1150\" data-end=\"1225\">LC UPC 0,9 mm konekt\u00f6r \u015funlar\u0131 destekler <strong data-start=\"1186\" data-end=\"1224\">OM2, OM3, OM4 ve OM5 fiber kaliteleri<\/strong>.<\/p>\n<hr data-start=\"1227\" data-end=\"1230\" \/>\n<h3 data-start=\"1232\" data-end=\"1260\">Optik \u00f6zellikler<\/h3>\n<div class=\"TyagGW_tableContainer\">\n<div class=\"group TyagGW_tableWrapper flex flex-col-reverse w-fit\" tabindex=\"-1\">\n<table class=\"w-fit min-w-(--thread-content-width)\" data-start=\"1262\" data-end=\"1560\">\n<thead data-start=\"1262\" data-end=\"1291\">\n<tr data-start=\"1262\" data-end=\"1291\">\n<th class=\"\" data-start=\"1262\" data-end=\"1274\" data-col-size=\"sm\">Parametre<\/th>\n<th class=\"\" data-start=\"1274\" data-end=\"1291\" data-col-size=\"sm\">Tipik De\u011fer<\/th>\n<\/tr>\n<\/thead>\n<tbody data-start=\"1321\" data-end=\"1560\">\n<tr data-start=\"1321\" data-end=\"1372\">\n<td data-start=\"1321\" data-end=\"1334\" data-col-size=\"sm\">Elyaf Tipi<\/td>\n<td data-start=\"1334\" data-end=\"1372\" data-col-size=\"sm\">\u00c7ok modlu 50\/125 \u00b5m veya 62,5\/125 \u00b5m<\/td>\n<\/tr>\n<tr data-start=\"1373\" data-end=\"1394\">\n<td data-start=\"1373\" data-end=\"1387\" data-col-size=\"sm\">Leh\u00e7e Tipi<\/td>\n<td data-start=\"1387\" data-end=\"1394\" data-col-size=\"sm\">UPC<\/td>\n<\/tr>\n<tr data-start=\"1395\" data-end=\"1425\">\n<td data-start=\"1395\" data-end=\"1412\" data-col-size=\"sm\">Ekleme Kayb\u0131<\/td>\n<td data-start=\"1412\" data-end=\"1425\" data-col-size=\"sm\">\u2264 0,30 dB<\/td>\n<\/tr>\n<tr data-start=\"1426\" data-end=\"1451\">\n<td data-start=\"1426\" data-end=\"1440\" data-col-size=\"sm\">Geri D\u00f6n\u00fc\u015f Kayb\u0131<\/td>\n<td data-start=\"1440\" data-end=\"1451\" data-col-size=\"sm\">\u2265 35 dB<\/td>\n<\/tr>\n<tr data-start=\"1452\" data-end=\"1493\">\n<td data-start=\"1452\" data-end=\"1476\" data-col-size=\"sm\">\u00c7al\u0131\u015fma Dalga Boylar\u0131<\/td>\n<td data-col-size=\"sm\" data-start=\"1476\" data-end=\"1493\">850 \/ 1300 nm<\/td>\n<\/tr>\n<tr data-start=\"1494\" data-end=\"1522\">\n<td data-start=\"1494\" data-end=\"1510\" data-col-size=\"sm\">Tekrarlanabilirlik<\/td>\n<td data-col-size=\"sm\" data-start=\"1510\" data-end=\"1522\">\u2264 0,1 dB<\/td>\n<\/tr>\n<tr data-start=\"1523\" data-end=\"1560\">\n<td data-start=\"1523\" data-end=\"1543\" data-col-size=\"sm\">\u00c7iftle\u015fme Dayan\u0131kl\u0131l\u0131\u011f\u0131<\/td>\n<td data-col-size=\"sm\" data-start=\"1543\" data-end=\"1560\">\u2265 1000 d\u00f6ng\u00fc<\/td>\n<\/tr>\n<\/tbody>\n<\/table>\n<\/div>\n<\/div>\n<p data-start=\"1562\" data-end=\"1654\">Bu de\u011ferler a\u015fa\u011f\u0131dakiler i\u00e7in gereksinimleri kar\u015f\u0131lar <strong data-start=\"1601\" data-end=\"1653\">10G, 25G, 40G ve k\u0131sa eri\u015fimli 100G optik ba\u011flant\u0131lar<\/strong>.<\/p>\n<hr data-start=\"1656\" data-end=\"1659\" \/>\n<h3 data-start=\"1661\" data-end=\"1684\">Mekanik tasar\u0131m<\/h3>\n<div class=\"TyagGW_tableContainer\">\n<div class=\"group TyagGW_tableWrapper flex flex-col-reverse w-fit\" tabindex=\"-1\">\n<table class=\"w-fit min-w-(--thread-content-width)\" data-start=\"1686\" data-end=\"1937\">\n<thead data-start=\"1686\" data-end=\"1713\">\n<tr data-start=\"1686\" data-end=\"1713\">\n<th class=\"\" data-start=\"1686\" data-end=\"1696\" data-col-size=\"sm\">\u00d6zellik<\/th>\n<th class=\"\" data-start=\"1696\" data-end=\"1713\" data-col-size=\"sm\">\u015eartname<\/th>\n<\/tr>\n<\/thead>\n<tbody data-start=\"1741\" data-end=\"1937\">\n<tr data-start=\"1741\" data-end=\"1772\">\n<td data-start=\"1741\" data-end=\"1758\" data-col-size=\"sm\">Konekt\u00f6r Tipi<\/td>\n<td data-start=\"1758\" data-end=\"1772\" data-col-size=\"sm\">LC Simplex<\/td>\n<\/tr>\n<tr data-start=\"1773\" data-end=\"1799\">\n<td data-start=\"1773\" data-end=\"1790\" data-col-size=\"sm\">Kablo \u00c7ap\u0131<\/td>\n<td data-start=\"1790\" data-end=\"1799\" data-col-size=\"sm\">0.9mm<\/td>\n<\/tr>\n<tr data-start=\"1800\" data-end=\"1837\">\n<td data-start=\"1800\" data-end=\"1810\" data-col-size=\"sm\">Y\u00fcks\u00fck<\/td>\n<td data-start=\"1810\" data-end=\"1837\" data-col-size=\"sm\">1,25 mm zirkonya seramik<\/td>\n<\/tr>\n<tr data-start=\"1838\" data-end=\"1862\">\n<td data-start=\"1838\" data-end=\"1846\" data-col-size=\"sm\">Mandal<\/td>\n<td data-start=\"1846\" data-end=\"1862\" data-col-size=\"sm\">LC itme-\u00e7ekme<\/td>\n<\/tr>\n<tr data-start=\"1863\" data-end=\"1894\">\n<td data-start=\"1863\" data-end=\"1870\" data-col-size=\"sm\">\u00c7izme<\/td>\n<td data-start=\"1870\" data-end=\"1894\" data-col-size=\"sm\">Kompakt pigtail \u00e7izme<\/td>\n<\/tr>\n<tr data-start=\"1895\" data-end=\"1937\">\n<td data-start=\"1895\" data-end=\"1919\" data-col-size=\"sm\">\u00c7al\u0131\u015fma S\u0131cakl\u0131\u011f\u0131<\/td>\n<td data-start=\"1919\" data-end=\"1937\" data-col-size=\"sm\">-40\u00b0C ila +75\u00b0C<\/td>\n<\/tr>\n<\/tbody>\n<\/table>\n<\/div>\n<\/div>\n<p data-start=\"1939\" data-end=\"2072\">Bu <strong data-start=\"1943\" data-end=\"1964\">ince 0,9 mm ceket<\/strong> bu konekt\u00f6r\u00fc a\u015fa\u011f\u0131dakiler i\u00e7in ideal k\u0131lar <strong data-start=\"1996\" data-end=\"2039\">f\u00fczyon ekleme ve s\u0131k\u0131 kablo y\u00f6nlendirme<\/strong> ekleme tepsilerinin ve mod\u00fcllerin i\u00e7inde.<\/p>\n<hr data-start=\"2074\" data-end=\"2077\" \/>\n<h3 data-start=\"2079\" data-end=\"2105\">Tipik uygulamalar<\/h3>\n<p data-start=\"2107\" data-end=\"2142\">Bu konnekt\u00f6r genellikle \u015fu alanlarda kullan\u0131l\u0131r:<\/p>\n<ul data-start=\"2144\" data-end=\"2324\">\n<li data-start=\"2144\" data-end=\"2172\">\n<p data-start=\"2146\" data-end=\"2172\">\u00c7ok modlu fiber pigtailler<\/p>\n<\/li>\n<li data-start=\"2173\" data-end=\"2201\">\n<p data-start=\"2175\" data-end=\"2201\">Veri merkezi patch panelleri<\/p>\n<\/li>\n<li data-start=\"2202\" data-end=\"2233\">\n<p data-start=\"2204\" data-end=\"2233\">Optik al\u0131c\u0131-verici mod\u00fclleri<\/p>\n<\/li>\n<li data-start=\"2234\" data-end=\"2267\">\n<p data-start=\"2236\" data-end=\"2267\">Kurumsal LAN ve SAN a\u011flar\u0131<\/p>\n<\/li>\n<li data-start=\"2268\" data-end=\"2297\">\n<p data-start=\"2270\" data-end=\"2297\">Fiber da\u011f\u0131t\u0131m \u00e7er\u00e7eveleri<\/p>\n<\/li>\n<li data-start=\"2298\" data-end=\"2324\">\n<p data-start=\"2300\" data-end=\"2324\">Optik test kablolar\u0131<\/p>\n<\/li>\n<\/ul>\n<hr data-start=\"2326\" data-end=\"2329\" \/>\n<h2 data-start=\"2331\" data-end=\"2352\">Profesyonel Soru-Cevap<\/h2>\n<p data-start=\"2354\" data-end=\"2534\"><strong data-start=\"2354\" data-end=\"2416\">S1: Bu konekt\u00f6r OM3, OM4 ve OM5 fiber i\u00e7in uygun mu?<\/strong><br data-start=\"2416\" data-end=\"2419\" \/>Evet. LC UPC 0,9 mm \u00e7ok modlu konekt\u00f6r a\u015fa\u011f\u0131dakilerle \u00e7al\u0131\u015f\u0131r <strong data-start=\"2472\" data-end=\"2505\">t\u00fcm standart \u00e7ok modlu kaliteler<\/strong>, OM3, OM4 ve OM5 dahil olmak \u00fczere.<\/p>\n<hr data-start=\"2536\" data-end=\"2539\" \/>\n<p data-start=\"2541\" data-end=\"2719\"><strong data-start=\"2541\" data-end=\"2584\">S2: Ba\u011flant\u0131 kablolar\u0131 yapmak i\u00e7in kullan\u0131labilir mi?<\/strong><br data-start=\"2584\" data-end=\"2587\" \/>Hay\u0131r. Bu konekt\u00f6r a\u015fa\u011f\u0131dakiler i\u00e7in tasarlanm\u0131\u015ft\u0131r <strong data-start=\"2622\" data-end=\"2640\">0,9 mm pigtailler<\/strong> ve olmal\u0131 <strong data-start=\"2653\" data-end=\"2697\">2,0 mm veya 3,0 mm kabloya f\u00fczyonla eklenmi\u015f<\/strong> bir yama kablosu olu\u015fturmak i\u00e7in.<\/p>\n<hr data-start=\"2721\" data-end=\"2724\" \/>\n<p data-start=\"2726\" data-end=\"2909\"><strong data-start=\"2726\" data-end=\"2787\">S3: \u00c7oklu mod i\u00e7in UPC parlatman\u0131n avantaj\u0131 nedir?<\/strong><br data-start=\"2787\" data-end=\"2790\" \/>UPC \u015funlar\u0131 sa\u011flar <strong data-start=\"2803\" data-end=\"2844\">d\u00fc\u015f\u00fck ekleme kayb\u0131 ve kararl\u0131 temas<\/strong>, i\u00e7in ideal olan <strong data-start=\"2865\" data-end=\"2908\">k\u0131sa eri\u015fimli, y\u00fcksek h\u0131zl\u0131 \u00e7ok modlu ba\u011flant\u0131lar<\/strong>.<\/p>","protected":false},"excerpt":{"rendered":"<h3 data-start=\"232\" data-end=\"289\">\u00c7ok modlu pigtail montajlar\u0131 i\u00e7in kompakt bir \u00e7\u00f6z\u00fcm<\/h3>\n<p data-start=\"291\" data-end=\"592\">Bu <strong data-start=\"295\" data-end=\"339\">LC UPC 0,9 mm Simpleks \u00c7ok Modlu konekt\u00f6r<\/strong> i\u00e7in tasarlanm\u0131\u015ft\u0131r <strong data-start=\"356\" data-end=\"444\">veri merkezlerinde, telekom odalar\u0131nda ve optik ekipmanlarda y\u00fcksek yo\u011funluklu fiber sonland\u0131rma<\/strong>.<br data-start=\"445\" data-end=\"448\" \/>Yayg\u0131n olarak \u015funlar i\u00e7in kullan\u0131l\u0131r <strong data-start=\"470\" data-end=\"518\">\u00e7ok modlu pigtailler ve dahili fiber kablolama<\/strong>, Alan, stabilite ve tekrarlanabilir optik performans\u0131n kritik oldu\u011fu yerlerde.<\/p>\n<p data-start=\"594\" data-end=\"777\">Onunla <strong data-start=\"603\" data-end=\"655\">1,25 mm seramik y\u00fcks\u00fck ve UPC cilal\u0131 u\u00e7 y\u00fczey<\/strong>, bu konekt\u00f6r a\u015fa\u011f\u0131dakileri sa\u011flar <strong data-start=\"680\" data-end=\"746\">tutarl\u0131 d\u00fc\u015f\u00fck ekleme kayb\u0131 ve g\u00fcvenilir sinyal iletimi<\/strong> modern \u00e7ok modlu a\u011flar i\u00e7in.<\/p>","protected":false},"featured_media":907,"comment_status":"open","ping_status":"closed","template":"","meta":[],"product_brand":[],"product_cat":[50],"product_tag":[],"class_list":{"0":"post-906","1":"product","2":"type-product","3":"status-publish","4":"has-post-thumbnail","6":"product_cat-lc-simplex-connectors-single-modemultimode","8":"first","9":"instock","10":"shipping-taxable","11":"product-type-simple"},"_links":{"self":[{"href":"https:\/\/www.fenxifiber.com\/tr\/wp-json\/wp\/v2\/product\/906","targetHints":{"allow":["GET"]}}],"collection":[{"href":"https:\/\/www.fenxifiber.com\/tr\/wp-json\/wp\/v2\/product"}],"about":[{"href":"https:\/\/www.fenxifiber.com\/tr\/wp-json\/wp\/v2\/types\/product"}],"replies":[{"embeddable":true,"href":"https:\/\/www.fenxifiber.com\/tr\/wp-json\/wp\/v2\/comments?post=906"}],"wp:featuredmedia":[{"embeddable":true,"href":"https:\/\/www.fenxifiber.com\/tr\/wp-json\/wp\/v2\/media\/907"}],"wp:attachment":[{"href":"https:\/\/www.fenxifiber.com\/tr\/wp-json\/wp\/v2\/media?parent=906"}],"wp:term":[{"taxonomy":"product_brand","embeddable":true,"href":"https:\/\/www.fenxifiber.com\/tr\/wp-json\/wp\/v2\/product_brand?post=906"},{"taxonomy":"product_cat","embeddable":true,"href":"https:\/\/www.fenxifiber.com\/tr\/wp-json\/wp\/v2\/product_cat?post=906"},{"taxonomy":"product_tag","embeddable":true,"href":"https:\/\/www.fenxifiber.com\/tr\/wp-json\/wp\/v2\/product_tag?post=906"}],"curies":[{"name":"wp","href":"https:\/\/api.w.org\/{rel}","templated":true}]}}