{"id":908,"date":"2026-02-04T03:14:21","date_gmt":"2026-02-04T03:14:21","guid":{"rendered":"https:\/\/www.fenxifiber.com\/?post_type=product&#038;p=908"},"modified":"2026-02-05T02:27:02","modified_gmt":"2026-02-05T02:27:02","slug":"lc-upc-2-0mm-simpleks-tekli%cc%87-mod","status":"publish","type":"product","link":"https:\/\/www.fenxifiber.com\/tr\/product\/lc-upc-2-0mm-simplex-singlemode\/","title":{"rendered":"LC UPC 2.0mm Simplex Tek Modlu Konekt\u00f6r"},"content":{"rendered":"<h3 data-start=\"872\" data-end=\"922\">LC ba\u011flant\u0131 kablolar\u0131 i\u00e7in neden 2,0 mm standartt\u0131r?<\/h3>\n<div class=\"TyagGW_tableContainer\">\n<div class=\"group TyagGW_tableWrapper flex flex-col-reverse w-fit\" tabindex=\"-1\">\n<table class=\"w-fit min-w-(--thread-content-width)\" data-start=\"924\" data-end=\"1108\">\n<thead data-start=\"924\" data-end=\"957\">\n<tr data-start=\"924\" data-end=\"957\">\n<th class=\"\" data-start=\"924\" data-end=\"941\" data-col-size=\"sm\">Kablo \u00c7ap\u0131<\/th>\n<th class=\"\" data-start=\"941\" data-end=\"957\" data-col-size=\"sm\">Tipik Rol<\/th>\n<\/tr>\n<\/thead>\n<tbody data-start=\"992\" data-end=\"1108\">\n<tr data-start=\"992\" data-end=\"1028\">\n<td data-start=\"992\" data-end=\"1000\" data-col-size=\"sm\">0.9mm<\/td>\n<td data-start=\"1000\" data-end=\"1028\" data-col-size=\"sm\">Pigtailler, dahili fiber<\/td>\n<\/tr>\n<tr data-start=\"1029\" data-end=\"1073\">\n<td data-start=\"1029\" data-end=\"1041\" data-col-size=\"sm\"><strong data-start=\"1031\" data-end=\"1040\">2.0mm<\/strong><\/td>\n<td data-col-size=\"sm\" data-start=\"1041\" data-end=\"1073\"><strong data-start=\"1043\" data-end=\"1071\">LC ba\u011flant\u0131 kablolar\u0131 ve jumperlar<\/strong><\/td>\n<\/tr>\n<tr data-start=\"1074\" data-end=\"1108\">\n<td data-start=\"1074\" data-end=\"1082\" data-col-size=\"sm\">3.0mm<\/td>\n<td data-col-size=\"sm\" data-start=\"1082\" data-end=\"1108\">D\u0131\u015f mekan ve sa\u011flam kordonlar<\/td>\n<\/tr>\n<\/tbody>\n<\/table>\n<\/div>\n<\/div>\n<p data-start=\"1110\" data-end=\"1241\">Bu <strong data-start=\"1114\" data-end=\"1129\">2.0mm kablo<\/strong> aras\u0131ndaki en iyi dengeyi sunar <strong data-start=\"1162\" data-end=\"1198\">esneklik ve gerilme mukavemeti<\/strong>, Bu da onu i\u00e7 mekan fiber y\u00f6nlendirmesi i\u00e7in ideal hale getirir.<\/p>\n<hr data-start=\"1243\" data-end=\"1246\" \/>\n<h3 data-start=\"1248\" data-end=\"1273\">Optik performans<\/h3>\n<div class=\"TyagGW_tableContainer\">\n<div class=\"group TyagGW_tableWrapper flex flex-col-reverse w-fit\" tabindex=\"-1\">\n<table class=\"w-fit min-w-(--thread-content-width)\" data-start=\"1275\" data-end=\"1550\">\n<thead data-start=\"1275\" data-end=\"1304\">\n<tr data-start=\"1275\" data-end=\"1304\">\n<th class=\"\" data-start=\"1275\" data-end=\"1287\" data-col-size=\"sm\">Parametre<\/th>\n<th class=\"\" data-start=\"1287\" data-end=\"1304\" data-col-size=\"sm\">Tipik De\u011fer<\/th>\n<\/tr>\n<\/thead>\n<tbody data-start=\"1334\" data-end=\"1550\">\n<tr data-start=\"1334\" data-end=\"1371\">\n<td data-start=\"1334\" data-end=\"1347\" data-col-size=\"sm\">Elyaf Tipi<\/td>\n<td data-start=\"1347\" data-end=\"1371\" data-col-size=\"sm\">Tek modlu 9\/125 \u00b5m<\/td>\n<\/tr>\n<tr data-start=\"1372\" data-end=\"1393\">\n<td data-start=\"1372\" data-end=\"1386\" data-col-size=\"sm\">Leh\u00e7e Tipi<\/td>\n<td data-start=\"1386\" data-end=\"1393\" data-col-size=\"sm\">UPC<\/td>\n<\/tr>\n<tr data-start=\"1394\" data-end=\"1424\">\n<td data-start=\"1394\" data-end=\"1411\" data-col-size=\"sm\">Ekleme Kayb\u0131<\/td>\n<td data-start=\"1411\" data-end=\"1424\" data-col-size=\"sm\">\u2264 0,30 dB<\/td>\n<\/tr>\n<tr data-start=\"1425\" data-end=\"1450\">\n<td data-start=\"1425\" data-end=\"1439\" data-col-size=\"sm\">Geri D\u00f6n\u00fc\u015f Kayb\u0131<\/td>\n<td data-start=\"1439\" data-end=\"1450\" data-col-size=\"sm\">\u2265 50 dB<\/td>\n<\/tr>\n<tr data-start=\"1451\" data-end=\"1483\">\n<td data-start=\"1451\" data-end=\"1465\" data-col-size=\"sm\">Dalga Boylar\u0131<\/td>\n<td data-start=\"1465\" data-end=\"1483\" data-col-size=\"sm\">1310 \/ 1550 nm<\/td>\n<\/tr>\n<tr data-start=\"1484\" data-end=\"1512\">\n<td data-start=\"1484\" data-end=\"1500\" data-col-size=\"sm\">Tekrarlanabilirlik<\/td>\n<td data-start=\"1500\" data-end=\"1512\" data-col-size=\"sm\">\u2264 0,1 dB<\/td>\n<\/tr>\n<tr data-start=\"1513\" data-end=\"1550\">\n<td data-start=\"1513\" data-end=\"1533\" data-col-size=\"sm\">\u00c7iftle\u015fme Dayan\u0131kl\u0131l\u0131\u011f\u0131<\/td>\n<td data-start=\"1533\" data-end=\"1550\" data-col-size=\"sm\">\u2265 1000 d\u00f6ng\u00fc<\/td>\n<\/tr>\n<\/tbody>\n<\/table>\n<\/div>\n<\/div>\n<p data-start=\"1552\" data-end=\"1633\">Bu performans \u015funlar\u0131 destekler <strong data-start=\"1578\" data-end=\"1632\">FTTH, telekom omurgas\u0131 ve veri iletim ba\u011flant\u0131lar\u0131<\/strong>.<\/p>\n<hr data-start=\"1635\" data-end=\"1638\" \/>\n<h3 data-start=\"1640\" data-end=\"1666\">Mekanik yap\u0131<\/h3>\n<div class=\"TyagGW_tableContainer\">\n<div class=\"group TyagGW_tableWrapper flex flex-col-reverse w-fit\" tabindex=\"-1\">\n<table class=\"w-fit min-w-(--thread-content-width)\" data-start=\"1668\" data-end=\"1967\">\n<thead data-start=\"1668\" data-end=\"1695\">\n<tr data-start=\"1668\" data-end=\"1695\">\n<th class=\"\" data-start=\"1668\" data-end=\"1678\" data-col-size=\"sm\">\u00d6zellik<\/th>\n<th class=\"\" data-start=\"1678\" data-end=\"1695\" data-col-size=\"sm\">\u015eartname<\/th>\n<\/tr>\n<\/thead>\n<tbody data-start=\"1723\" data-end=\"1967\">\n<tr data-start=\"1723\" data-end=\"1754\">\n<td data-start=\"1723\" data-end=\"1740\" data-col-size=\"sm\">Konekt\u00f6r Tipi<\/td>\n<td data-col-size=\"sm\" data-start=\"1740\" data-end=\"1754\">LC Simplex<\/td>\n<\/tr>\n<tr data-start=\"1755\" data-end=\"1781\">\n<td data-start=\"1755\" data-end=\"1772\" data-col-size=\"sm\">Kablo \u00c7ap\u0131<\/td>\n<td data-col-size=\"sm\" data-start=\"1772\" data-end=\"1781\">2.0mm<\/td>\n<\/tr>\n<tr data-start=\"1782\" data-end=\"1819\">\n<td data-start=\"1782\" data-end=\"1792\" data-col-size=\"sm\">Y\u00fcks\u00fck<\/td>\n<td data-col-size=\"sm\" data-start=\"1792\" data-end=\"1819\">1,25 mm zirkonya seramik<\/td>\n<\/tr>\n<tr data-start=\"1820\" data-end=\"1858\">\n<td data-start=\"1820\" data-end=\"1827\" data-col-size=\"sm\">\u00c7izme<\/td>\n<td data-start=\"1827\" data-end=\"1858\" data-col-size=\"sm\">Standart gerilim azalt\u0131c\u0131 \u00e7izme<\/td>\n<\/tr>\n<tr data-start=\"1859\" data-end=\"1893\">\n<td data-start=\"1859\" data-end=\"1877\" data-col-size=\"sm\">Mandallama Sistemi<\/td>\n<td data-col-size=\"sm\" data-start=\"1877\" data-end=\"1893\">LC itme-\u00e7ekme<\/td>\n<\/tr>\n<tr data-start=\"1894\" data-end=\"1936\">\n<td data-start=\"1894\" data-end=\"1918\" data-col-size=\"sm\">\u00c7al\u0131\u015fma S\u0131cakl\u0131\u011f\u0131<\/td>\n<td data-start=\"1918\" data-end=\"1936\" data-col-size=\"sm\">-40\u00b0C ila +75\u00b0C<\/td>\n<\/tr>\n<tr data-start=\"1937\" data-end=\"1967\">\n<td data-start=\"1937\" data-end=\"1956\" data-col-size=\"sm\">\u00c7ekme Dayan\u0131m\u0131<\/td>\n<td data-start=\"1956\" data-end=\"1967\" data-col-size=\"sm\">\u2265 100 N<\/td>\n<\/tr>\n<\/tbody>\n<\/table>\n<\/div>\n<\/div>\n<p data-start=\"1969\" data-end=\"2074\">Bu <strong data-start=\"1973\" data-end=\"2003\">g\u00fc\u00e7lendirilmi\u015f bot ve ceket<\/strong> elyaf\u0131 a\u015fa\u011f\u0131dakilerden korur <strong data-start=\"2027\" data-end=\"2073\">g\u00fcnl\u00fck \u00e7al\u0131\u015fma s\u0131ras\u0131nda e\u011filme ve \u00e7ekme<\/strong>.<\/p>\n<hr data-start=\"2076\" data-end=\"2079\" \/>\n<h3 data-start=\"2081\" data-end=\"2107\">Tipik uygulamalar<\/h3>\n<p data-start=\"2109\" data-end=\"2155\">Bu LC UPC 2.0mm konekt\u00f6r yayg\u0131n olarak kullan\u0131lmaktad\u0131r:<\/p>\n<ul data-start=\"2157\" data-end=\"2360\">\n<li data-start=\"2157\" data-end=\"2188\">\n<p data-start=\"2159\" data-end=\"2188\">LC-LC ve LC-SC yama kablolar\u0131<\/p>\n<\/li>\n<li data-start=\"2189\" data-end=\"2216\">\n<p data-start=\"2191\" data-end=\"2216\">FTTH i\u00e7 mekan fiber ba\u011flant\u0131lar\u0131<\/p>\n<\/li>\n<li data-start=\"2217\" data-end=\"2254\">\n<p data-start=\"2219\" data-end=\"2254\">Optik da\u011f\u0131t\u0131m \u00e7er\u00e7eveleri (ODF)<\/p>\n<\/li>\n<li data-start=\"2255\" data-end=\"2287\">\n<p data-start=\"2257\" data-end=\"2287\">A\u011f anahtarlar\u0131 ve y\u00f6nlendiriciler<\/p>\n<\/li>\n<li data-start=\"2288\" data-end=\"2327\">\n<p data-start=\"2290\" data-end=\"2327\">Veri merkezi tek modlu ba\u011flant\u0131lar<\/p>\n<\/li>\n<li data-start=\"2328\" data-end=\"2360\">\n<p data-start=\"2330\" data-end=\"2360\">Test ve \u00f6l\u00e7\u00fcm jumperlar\u0131<\/p>\n<\/li>\n<\/ul>","protected":false},"excerpt":{"rendered":"<h3 data-start=\"233\" data-end=\"289\">Patch cordlar ve da\u011f\u0131t\u0131m a\u011flar\u0131 i\u00e7in tasarlanm\u0131\u015ft\u0131r<\/h3>\n<p data-start=\"291\" data-end=\"490\">Bu <strong data-start=\"295\" data-end=\"341\">LC UPC 2.0mm Simplex Tek Modlu konekt\u00f6r<\/strong> i\u00e7in in\u015fa edilmi\u015ftir <strong data-start=\"355\" data-end=\"414\">kullan\u0131ma haz\u0131r patch cordlar ve eri\u015fim a\u011f\u0131 fiber ba\u011flant\u0131lar\u0131<\/strong>, nerede <strong data-start=\"422\" data-end=\"467\">mekanik mukavemet ve optik stabilite<\/strong> e\u015fit derecede \u00f6nemlidir.<\/p>\n<p data-start=\"492\" data-end=\"710\">Ekipman\u0131n i\u00e7ine eklenmi\u015f 0,9 mm pigtail konekt\u00f6rlerin aksine <strong data-start=\"563\" data-end=\"594\">2,0 mm k\u0131l\u0131fl\u0131 LC konekt\u00f6r<\/strong> olacak \u015fekilde tasarlanm\u0131\u015ft\u0131r. <strong data-start=\"613\" data-end=\"658\">elden ge\u00e7irilmi\u015f, tekrar tekrar fi\u015fe tak\u0131lm\u0131\u015f ve \u00e7\u0131kar\u0131lm\u0131\u015f<\/strong> i\u00e7inde <strong data-start=\"662\" data-end=\"709\">ODF panelleri, duvar prizleri, anahtarlar ve ONT'ler<\/strong>.<\/p>\n<p data-start=\"712\" data-end=\"865\">Onunla <strong data-start=\"721\" data-end=\"746\">UPC cilal\u0131 u\u00e7 y\u00fczey<\/strong>, teslim eder <strong data-start=\"760\" data-end=\"812\">d\u00fc\u015f\u00fck ekleme kayb\u0131 ve temiz sinyal iletimi<\/strong> i\u00e7in <strong data-start=\"817\" data-end=\"864\">telekom, FTTH ve veri a\u011f\u0131 uygulamalar\u0131<\/strong>.<\/p>","protected":false},"featured_media":909,"comment_status":"open","ping_status":"closed","template":"","meta":[],"product_brand":[],"product_cat":[50],"product_tag":[],"class_list":{"0":"post-908","1":"product","2":"type-product","3":"status-publish","4":"has-post-thumbnail","6":"product_cat-lc-simplex-connectors-single-modemultimode","8":"first","9":"instock","10":"shipping-taxable","11":"product-type-simple"},"_links":{"self":[{"href":"https:\/\/www.fenxifiber.com\/tr\/wp-json\/wp\/v2\/product\/908","targetHints":{"allow":["GET"]}}],"collection":[{"href":"https:\/\/www.fenxifiber.com\/tr\/wp-json\/wp\/v2\/product"}],"about":[{"href":"https:\/\/www.fenxifiber.com\/tr\/wp-json\/wp\/v2\/types\/product"}],"replies":[{"embeddable":true,"href":"https:\/\/www.fenxifiber.com\/tr\/wp-json\/wp\/v2\/comments?post=908"}],"wp:featuredmedia":[{"embeddable":true,"href":"https:\/\/www.fenxifiber.com\/tr\/wp-json\/wp\/v2\/media\/909"}],"wp:attachment":[{"href":"https:\/\/www.fenxifiber.com\/tr\/wp-json\/wp\/v2\/media?parent=908"}],"wp:term":[{"taxonomy":"product_brand","embeddable":true,"href":"https:\/\/www.fenxifiber.com\/tr\/wp-json\/wp\/v2\/product_brand?post=908"},{"taxonomy":"product_cat","embeddable":true,"href":"https:\/\/www.fenxifiber.com\/tr\/wp-json\/wp\/v2\/product_cat?post=908"},{"taxonomy":"product_tag","embeddable":true,"href":"https:\/\/www.fenxifiber.com\/tr\/wp-json\/wp\/v2\/product_tag?post=908"}],"curies":[{"name":"wp","href":"https:\/\/api.w.org\/{rel}","templated":true}]}}