{"id":910,"date":"2026-02-04T03:15:23","date_gmt":"2026-02-04T03:15:23","guid":{"rendered":"https:\/\/www.fenxifiber.com\/?post_type=product&#038;p=910"},"modified":"2026-02-05T02:27:30","modified_gmt":"2026-02-05T02:27:30","slug":"lc-upc-2-0mm-simpleks-kisa-cizme-ile","status":"publish","type":"product","link":"https:\/\/www.fenxifiber.com\/tr\/product\/lc-upc-2-0mm-simplex-with-short-boot\/","title":{"rendered":"K\u0131sa \u00d6ny\u00fcklemeli LC UPC 2.0mm Tek Y\u00f6nl\u00fc Konekt\u00f6r"},"content":{"rendered":"<h3 data-start=\"825\" data-end=\"866\">K\u0131sa \u00f6ny\u00fcklemeli LC konnekt\u00f6rler neden \u00f6nemlidir?<\/h3>\n<div class=\"TyagGW_tableContainer\">\n<div class=\"group TyagGW_tableWrapper flex flex-col-reverse w-fit\" tabindex=\"-1\">\n<table class=\"w-fit min-w-(--thread-content-width)\" data-start=\"868\" data-end=\"1100\">\n<thead data-start=\"868\" data-end=\"907\">\n<tr data-start=\"868\" data-end=\"907\">\n<th class=\"\" data-start=\"868\" data-end=\"880\" data-col-size=\"sm\">\u00c7izme Tipi<\/th>\n<th class=\"\" data-start=\"880\" data-end=\"892\" data-col-size=\"sm\">Avantaj<\/th>\n<th class=\"\" data-start=\"892\" data-end=\"907\" data-col-size=\"sm\">Tipik Kullan\u0131m<\/th>\n<\/tr>\n<\/thead>\n<tbody data-start=\"948\" data-end=\"1100\">\n<tr data-start=\"948\" data-end=\"1012\">\n<td data-start=\"948\" data-end=\"964\" data-col-size=\"sm\">Standart bot<\/td>\n<td data-start=\"964\" data-end=\"989\" data-col-size=\"sm\">Daha iyi \u00e7ekme korumas\u0131<\/td>\n<td data-col-size=\"sm\" data-start=\"989\" data-end=\"1012\">Genel yama kablolar\u0131<\/td>\n<\/tr>\n<tr data-start=\"1013\" data-end=\"1100\">\n<td data-start=\"1013\" data-end=\"1030\" data-col-size=\"sm\"><strong data-start=\"1015\" data-end=\"1029\">K\u0131sa \u00e7izme<\/strong><\/td>\n<td data-start=\"1030\" data-end=\"1064\" data-col-size=\"sm\"><strong data-start=\"1032\" data-end=\"1063\">Yer tasarrufu sa\u011flar, daha kolay y\u00f6nlendirme<\/strong><\/td>\n<td data-col-size=\"sm\" data-start=\"1064\" data-end=\"1100\"><strong data-start=\"1066\" data-end=\"1098\">Y\u00fcksek yo\u011funluklu raflar ve mod\u00fcller<\/strong><\/td>\n<\/tr>\n<\/tbody>\n<\/table>\n<\/div>\n<\/div>\n<p data-start=\"1102\" data-end=\"1234\">K\u0131sa bot tasar\u0131mlar\u0131 \u015fu alanlarda yayg\u0131n olarak kullan\u0131lmaktad\u0131r <strong data-start=\"1140\" data-end=\"1177\">veri merkezleri ve telekom kabinleri<\/strong> K\u00fc\u00e7\u00fck bir alanda y\u00fczlerce fiberin sonland\u0131r\u0131ld\u0131\u011f\u0131 yerlerde.<\/p>\n<hr data-start=\"1236\" data-end=\"1239\" \/>\n<h3 data-start=\"1241\" data-end=\"1269\">Optik \u00f6zellikler<\/h3>\n<div class=\"TyagGW_tableContainer\">\n<div class=\"group TyagGW_tableWrapper flex flex-col-reverse w-fit\" tabindex=\"-1\">\n<table class=\"w-fit min-w-(--thread-content-width)\" data-start=\"1271\" data-end=\"1517\">\n<thead data-start=\"1271\" data-end=\"1300\">\n<tr data-start=\"1271\" data-end=\"1300\">\n<th class=\"\" data-start=\"1271\" data-end=\"1283\" data-col-size=\"sm\">Parametre<\/th>\n<th class=\"\" data-start=\"1283\" data-end=\"1300\" data-col-size=\"sm\">Tipik De\u011fer<\/th>\n<\/tr>\n<\/thead>\n<tbody data-start=\"1330\" data-end=\"1517\">\n<tr data-start=\"1330\" data-end=\"1367\">\n<td data-start=\"1330\" data-end=\"1343\" data-col-size=\"sm\">Elyaf Tipi<\/td>\n<td data-start=\"1343\" data-end=\"1367\" data-col-size=\"sm\">Tek modlu 9\/125 \u00b5m<\/td>\n<\/tr>\n<tr data-start=\"1368\" data-end=\"1389\">\n<td data-start=\"1368\" data-end=\"1382\" data-col-size=\"sm\">Leh\u00e7e Tipi<\/td>\n<td data-start=\"1382\" data-end=\"1389\" data-col-size=\"sm\">UPC<\/td>\n<\/tr>\n<tr data-start=\"1390\" data-end=\"1420\">\n<td data-start=\"1390\" data-end=\"1407\" data-col-size=\"sm\">Ekleme Kayb\u0131<\/td>\n<td data-col-size=\"sm\" data-start=\"1407\" data-end=\"1420\">\u2264 0,30 dB<\/td>\n<\/tr>\n<tr data-start=\"1421\" data-end=\"1446\">\n<td data-start=\"1421\" data-end=\"1435\" data-col-size=\"sm\">Geri D\u00f6n\u00fc\u015f Kayb\u0131<\/td>\n<td data-col-size=\"sm\" data-start=\"1435\" data-end=\"1446\">\u2265 50 dB<\/td>\n<\/tr>\n<tr data-start=\"1447\" data-end=\"1479\">\n<td data-start=\"1447\" data-end=\"1461\" data-col-size=\"sm\">Dalga Boylar\u0131<\/td>\n<td data-start=\"1461\" data-end=\"1479\" data-col-size=\"sm\">1310 \/ 1550 nm<\/td>\n<\/tr>\n<tr data-start=\"1480\" data-end=\"1517\">\n<td data-start=\"1480\" data-end=\"1493\" data-col-size=\"sm\">Dayan\u0131kl\u0131l\u0131k<\/td>\n<td data-start=\"1493\" data-end=\"1517\" data-col-size=\"sm\">\u2265 1000 \u00e7iftle\u015fme d\u00f6ng\u00fcs\u00fc<\/td>\n<\/tr>\n<\/tbody>\n<\/table>\n<\/div>\n<\/div>\n<p data-start=\"1519\" data-end=\"1611\">Bu de\u011ferler a\u015fa\u011f\u0131dakileri sa\u011flar <strong data-start=\"1539\" data-end=\"1569\">kararl\u0131 sinyal iletimi<\/strong> i\u00e7in <strong data-start=\"1574\" data-end=\"1610\">FTTH, telekom ve veri a\u011flar\u0131<\/strong>.<\/p>\n<hr data-start=\"1613\" data-end=\"1616\" \/>\n<h3 data-start=\"1618\" data-end=\"1641\">Mekanik tasar\u0131m<\/h3>\n<div class=\"TyagGW_tableContainer\">\n<div class=\"group TyagGW_tableWrapper flex flex-col-reverse w-fit\" tabindex=\"-1\">\n<table class=\"w-fit min-w-(--thread-content-width)\" data-start=\"1643\" data-end=\"1947\">\n<thead data-start=\"1643\" data-end=\"1670\">\n<tr data-start=\"1643\" data-end=\"1670\">\n<th class=\"\" data-start=\"1643\" data-end=\"1653\" data-col-size=\"sm\">\u00d6zellik<\/th>\n<th class=\"\" data-start=\"1653\" data-end=\"1670\" data-col-size=\"sm\">\u015eartname<\/th>\n<\/tr>\n<\/thead>\n<tbody data-start=\"1698\" data-end=\"1947\">\n<tr data-start=\"1698\" data-end=\"1729\">\n<td data-start=\"1698\" data-end=\"1715\" data-col-size=\"sm\">Konekt\u00f6r Tipi<\/td>\n<td data-start=\"1715\" data-end=\"1729\" data-col-size=\"sm\">LC Simplex<\/td>\n<\/tr>\n<tr data-start=\"1730\" data-end=\"1756\">\n<td data-start=\"1730\" data-end=\"1747\" data-col-size=\"sm\">Kablo \u00c7ap\u0131<\/td>\n<td data-start=\"1747\" data-end=\"1756\" data-col-size=\"sm\">2.0mm<\/td>\n<\/tr>\n<tr data-start=\"1757\" data-end=\"1794\">\n<td data-start=\"1757\" data-end=\"1767\" data-col-size=\"sm\">Y\u00fcks\u00fck<\/td>\n<td data-start=\"1767\" data-end=\"1794\" data-col-size=\"sm\">1,25 mm zirkonya seramik<\/td>\n<\/tr>\n<tr data-start=\"1795\" data-end=\"1838\">\n<td data-start=\"1795\" data-end=\"1802\" data-col-size=\"sm\">\u00c7izme<\/td>\n<td data-start=\"1802\" data-end=\"1838\" data-col-size=\"sm\">K\u0131sa, d\u00fc\u015f\u00fck profilli gerilim azalt\u0131c\u0131<\/td>\n<\/tr>\n<tr data-start=\"1839\" data-end=\"1873\">\n<td data-start=\"1839\" data-end=\"1857\" data-col-size=\"sm\">Mandallama Sistemi<\/td>\n<td data-start=\"1857\" data-end=\"1873\" data-col-size=\"sm\">LC itme-\u00e7ekme<\/td>\n<\/tr>\n<tr data-start=\"1874\" data-end=\"1916\">\n<td data-start=\"1874\" data-end=\"1898\" data-col-size=\"sm\">\u00c7al\u0131\u015fma S\u0131cakl\u0131\u011f\u0131<\/td>\n<td data-start=\"1898\" data-end=\"1916\" data-col-size=\"sm\">-40\u00b0C ila +75\u00b0C<\/td>\n<\/tr>\n<tr data-start=\"1917\" data-end=\"1947\">\n<td data-start=\"1917\" data-end=\"1936\" data-col-size=\"sm\">\u00c7ekme Dayan\u0131m\u0131<\/td>\n<td data-start=\"1936\" data-end=\"1947\" data-col-size=\"sm\">\u2265 100 N<\/td>\n<\/tr>\n<\/tbody>\n<\/table>\n<\/div>\n<\/div>\n<p data-start=\"1949\" data-end=\"2058\">Bu <strong data-start=\"1953\" data-end=\"1967\">k\u0131sa bot<\/strong> konekt\u00f6r\u00fcn rahat\u00e7a oturmas\u0131n\u0131 sa\u011flar <strong data-start=\"2011\" data-end=\"2057\">kalabal\u0131k patch paneller ve al\u0131c\u0131-verici kafesleri<\/strong>.<\/p>\n<hr data-start=\"2060\" data-end=\"2063\" \/>\n<h3 data-start=\"2065\" data-end=\"2091\">Tipik uygulamalar<\/h3>\n<p data-start=\"2093\" data-end=\"2121\">Bu konekt\u00f6r a\u015fa\u011f\u0131dakiler i\u00e7in idealdir:<\/p>\n<ul data-start=\"2123\" data-end=\"2315\">\n<li data-start=\"2123\" data-end=\"2152\">\n<p data-start=\"2125\" data-end=\"2152\">Y\u00fcksek yo\u011funluklu patch paneller<\/p>\n<\/li>\n<li data-start=\"2153\" data-end=\"2183\">\n<p data-start=\"2155\" data-end=\"2183\">Veri merkezi LC ba\u011flant\u0131 kablolar\u0131<\/p>\n<\/li>\n<li data-start=\"2184\" data-end=\"2212\">\n<p data-start=\"2186\" data-end=\"2212\">FTTH da\u011f\u0131t\u0131m \u00e7er\u00e7eveleri<\/p>\n<\/li>\n<li data-start=\"2213\" data-end=\"2245\">\n<p data-start=\"2215\" data-end=\"2245\">A\u011f anahtarlar\u0131 ve y\u00f6nlendiriciler<\/p>\n<\/li>\n<li data-start=\"2246\" data-end=\"2281\">\n<p data-start=\"2248\" data-end=\"2281\">Optik al\u0131c\u0131-verici ba\u011flant\u0131lar\u0131<\/p>\n<\/li>\n<li data-start=\"2282\" data-end=\"2315\">\n<p data-start=\"2284\" data-end=\"2315\">Test ve izleme ekipmanlar\u0131<\/p>\n<\/li>\n<\/ul>\n<hr data-start=\"2317\" data-end=\"2320\" \/>\n<h2 data-start=\"2322\" data-end=\"2343\">Profesyonel Soru-Cevap<\/h2>\n<p data-start=\"2345\" data-end=\"2513\"><strong data-start=\"2345\" data-end=\"2393\">S1: K\u0131sa \u00e7izme kablo g\u00fcc\u00fcn\u00fc azalt\u0131r m\u0131?<\/strong><br data-start=\"2393\" data-end=\"2396\" \/>Hay\u0131r. K\u0131sa bot hala <strong data-start=\"2430\" data-end=\"2456\">yeterli gerilim azaltma<\/strong> alan verimlili\u011fini art\u0131r\u0131rken i\u00e7 mekan yama kablolar\u0131 i\u00e7in.<\/p>\n<hr data-start=\"2515\" data-end=\"2518\" \/>\n<p data-start=\"2520\" data-end=\"2649\"><strong data-start=\"2520\" data-end=\"2569\">S2: Bu standart LC adapt\u00f6rlerinde kullan\u0131labilir mi?<\/strong><br data-start=\"2569\" data-end=\"2572\" \/>Evet, \u00f6yle. <strong data-start=\"2583\" data-end=\"2603\">tam uyumlu<\/strong> t\u00fcm standart LC UPC adapt\u00f6rleri ve panelleri ile.<\/p>\n<hr data-start=\"2651\" data-end=\"2654\" \/>\n<p data-start=\"2656\" data-end=\"2838\"><strong data-start=\"2656\" data-end=\"2711\">S3: Ne zaman k\u0131sa \u00f6ny\u00fcklemeli LC konnekt\u00f6r se\u00e7meliyim?<\/strong><br data-start=\"2711\" data-end=\"2714\" \/>Birlikte \u00e7al\u0131\u015ft\u0131\u011f\u0131n\u0131z zaman <strong data-start=\"2740\" data-end=\"2792\">kalabal\u0131k raflar, fiber raflar veya kompakt cihazlar<\/strong> Standart botlarla idare etmenin zor oldu\u011fu yerlerde.<\/p>","protected":false},"excerpt":{"rendered":"<h3 data-start=\"216\" data-end=\"277\">Dar alanlar ve y\u00fcksek yo\u011funluklu fiber paneller i\u00e7in tasarlanm\u0131\u015ft\u0131r<\/h3>\n<p data-start=\"279\" data-end=\"647\">Bu <strong data-start=\"283\" data-end=\"333\">LC UPC 2.0mm K\u0131sa \u00f6ny\u00fcklemeli Simpleks konekt\u00f6r<\/strong> i\u00e7in tasarlanm\u0131\u015ft\u0131r <strong data-start=\"352\" data-end=\"435\">Alan\u0131n s\u0131n\u0131rl\u0131 oldu\u011fu ancak performanstan \u00f6d\u00fcn verilmeyen fiber ortamlar<\/strong>.<br data-start=\"436\" data-end=\"439\" \/>Standart uzun gerilim azalt\u0131c\u0131 k\u00f6r\u00fc\u011f\u00fc bir <strong data-start=\"496\" data-end=\"518\">kompakt k\u0131sa \u00e7izme<\/strong>, bu konekt\u00f6r a\u015fa\u011f\u0131dakilere izin verir <strong data-start=\"542\" data-end=\"584\">daha kolay y\u00f6nlendirme ve daha y\u00fcksek ba\u011flant\u0131 noktas\u0131 yo\u011funlu\u011fu<\/strong> i\u00e7inde <strong data-start=\"588\" data-end=\"646\">ODF raflar\u0131, patch paneller, anahtarlar ve optik mod\u00fcller<\/strong>.<\/p>\n<p data-start=\"649\" data-end=\"818\">Ayn\u0131 \u015feyi korur <strong data-start=\"671\" data-end=\"721\">optik performans ve mekanik g\u00fcvenilirlik<\/strong> standart bir LC UPC konekt\u00f6r\u00fc olarak sunarken <strong data-start=\"769\" data-end=\"817\">adapt\u00f6rlerin ve mod\u00fcllerin arkas\u0131nda daha iyi bo\u015fluk<\/strong>.<\/p>","protected":false},"featured_media":911,"comment_status":"open","ping_status":"closed","template":"","meta":[],"product_brand":[],"product_cat":[50],"product_tag":[],"class_list":{"0":"post-910","1":"product","2":"type-product","3":"status-publish","4":"has-post-thumbnail","6":"product_cat-lc-simplex-connectors-single-modemultimode","8":"first","9":"instock","10":"shipping-taxable","11":"product-type-simple"},"_links":{"self":[{"href":"https:\/\/www.fenxifiber.com\/tr\/wp-json\/wp\/v2\/product\/910","targetHints":{"allow":["GET"]}}],"collection":[{"href":"https:\/\/www.fenxifiber.com\/tr\/wp-json\/wp\/v2\/product"}],"about":[{"href":"https:\/\/www.fenxifiber.com\/tr\/wp-json\/wp\/v2\/types\/product"}],"replies":[{"embeddable":true,"href":"https:\/\/www.fenxifiber.com\/tr\/wp-json\/wp\/v2\/comments?post=910"}],"wp:featuredmedia":[{"embeddable":true,"href":"https:\/\/www.fenxifiber.com\/tr\/wp-json\/wp\/v2\/media\/911"}],"wp:attachment":[{"href":"https:\/\/www.fenxifiber.com\/tr\/wp-json\/wp\/v2\/media?parent=910"}],"wp:term":[{"taxonomy":"product_brand","embeddable":true,"href":"https:\/\/www.fenxifiber.com\/tr\/wp-json\/wp\/v2\/product_brand?post=910"},{"taxonomy":"product_cat","embeddable":true,"href":"https:\/\/www.fenxifiber.com\/tr\/wp-json\/wp\/v2\/product_cat?post=910"},{"taxonomy":"product_tag","embeddable":true,"href":"https:\/\/www.fenxifiber.com\/tr\/wp-json\/wp\/v2\/product_tag?post=910"}],"curies":[{"name":"wp","href":"https:\/\/api.w.org\/{rel}","templated":true}]}}