{"id":912,"date":"2026-02-04T03:16:46","date_gmt":"2026-02-04T03:16:46","guid":{"rendered":"https:\/\/www.fenxifiber.com\/?post_type=product&#038;p=912"},"modified":"2026-02-05T02:27:53","modified_gmt":"2026-02-05T02:27:53","slug":"lc-upc-2-0mm-simpleks-cok-modlu","status":"publish","type":"product","link":"https:\/\/www.fenxifiber.com\/tr\/product\/lc-upc-2-0mm-simplex-multimode\/","title":{"rendered":"LC UPC 2.0mm Tek Y\u00f6nl\u00fc \u00c7ok Modlu Fiber Konnekt\u00f6r"},"content":{"rendered":"<h3 data-start=\"786\" data-end=\"839\">\u00c7ok modlu atlama telleri i\u00e7in neden 2,0 mm standartt\u0131r?<\/h3>\n<div class=\"TyagGW_tableContainer\">\n<div class=\"group TyagGW_tableWrapper flex flex-col-reverse w-fit\" tabindex=\"-1\">\n<table class=\"w-fit min-w-(--thread-content-width)\" data-start=\"841\" data-end=\"1021\">\n<thead data-start=\"841\" data-end=\"877\">\n<tr data-start=\"841\" data-end=\"877\">\n<th class=\"\" data-start=\"841\" data-end=\"854\" data-col-size=\"sm\">Kablo Boyutu<\/th>\n<th class=\"\" data-start=\"854\" data-end=\"877\" data-col-size=\"sm\">Tipik Uygulama<\/th>\n<\/tr>\n<\/thead>\n<tbody data-start=\"913\" data-end=\"1021\">\n<tr data-start=\"913\" data-end=\"943\">\n<td data-start=\"913\" data-end=\"921\" data-col-size=\"sm\">0.9mm<\/td>\n<td data-start=\"921\" data-end=\"943\" data-col-size=\"sm\">\u00c7ok modlu pigtailler<\/td>\n<\/tr>\n<tr data-start=\"944\" data-end=\"985\">\n<td data-start=\"944\" data-end=\"956\" data-col-size=\"sm\"><strong data-start=\"946\" data-end=\"955\">2.0mm<\/strong><\/td>\n<td data-start=\"956\" data-end=\"985\" data-col-size=\"sm\"><strong data-start=\"958\" data-end=\"983\">\u00c7ok modlu yama kablolar\u0131<\/strong><\/td>\n<\/tr>\n<tr data-start=\"986\" data-end=\"1021\">\n<td data-start=\"986\" data-end=\"994\" data-col-size=\"sm\">3.0mm<\/td>\n<td data-col-size=\"sm\" data-start=\"994\" data-end=\"1021\">Sa\u011flam veya d\u0131\u015f mekan kablolar\u0131<\/td>\n<\/tr>\n<\/tbody>\n<\/table>\n<\/div>\n<\/div>\n<p data-start=\"1023\" data-end=\"1187\">Bu <strong data-start=\"1027\" data-end=\"1042\">2.0mm kablo<\/strong> aras\u0131nda ideal dengeyi sa\u011flar. <strong data-start=\"1078\" data-end=\"1114\">esneklik ve gerilme mukavemeti<\/strong>, i\u00e7in m\u00fckemmel hale getirir. <strong data-start=\"1138\" data-end=\"1186\">raftan rafa ve cihazdan panele ba\u011flant\u0131lar<\/strong>.<\/p>\n<hr data-start=\"1189\" data-end=\"1192\" \/>\n<h3 data-start=\"1194\" data-end=\"1229\">\u00c7ok modlu optik performans<\/h3>\n<div class=\"TyagGW_tableContainer\">\n<div class=\"group TyagGW_tableWrapper flex flex-col-reverse w-fit\" tabindex=\"-1\">\n<table class=\"w-fit min-w-(--thread-content-width)\" data-start=\"1231\" data-end=\"1570\">\n<thead data-start=\"1231\" data-end=\"1260\">\n<tr data-start=\"1231\" data-end=\"1260\">\n<th class=\"\" data-start=\"1231\" data-end=\"1243\" data-col-size=\"sm\">Parametre<\/th>\n<th class=\"\" data-start=\"1243\" data-end=\"1260\" data-col-size=\"md\">Tipik De\u011fer<\/th>\n<\/tr>\n<\/thead>\n<tbody data-start=\"1290\" data-end=\"1570\">\n<tr data-start=\"1290\" data-end=\"1350\">\n<td data-start=\"1290\" data-end=\"1303\" data-col-size=\"sm\">Elyaf Tipi<\/td>\n<td data-start=\"1303\" data-end=\"1350\" data-col-size=\"md\">\u00c7ok Modlu 50\/125 \u00b5m (OM2 \/ OM3 \/ OM4 \/ OM5)<\/td>\n<\/tr>\n<tr data-start=\"1351\" data-end=\"1372\">\n<td data-start=\"1351\" data-end=\"1365\" data-col-size=\"sm\">Leh\u00e7e Tipi<\/td>\n<td data-start=\"1365\" data-end=\"1372\" data-col-size=\"md\">UPC<\/td>\n<\/tr>\n<tr data-start=\"1373\" data-end=\"1403\">\n<td data-start=\"1373\" data-end=\"1390\" data-col-size=\"sm\">Ekleme Kayb\u0131<\/td>\n<td data-start=\"1390\" data-end=\"1403\" data-col-size=\"md\">\u2264 0,30 dB<\/td>\n<\/tr>\n<tr data-start=\"1404\" data-end=\"1429\">\n<td data-start=\"1404\" data-end=\"1418\" data-col-size=\"sm\">Geri D\u00f6n\u00fc\u015f Kayb\u0131<\/td>\n<td data-start=\"1418\" data-end=\"1429\" data-col-size=\"md\">\u2265 35 dB<\/td>\n<\/tr>\n<tr data-start=\"1430\" data-end=\"1474\">\n<td data-start=\"1430\" data-end=\"1454\" data-col-size=\"sm\">\u00c7al\u0131\u015fma Dalga Boylar\u0131<\/td>\n<td data-start=\"1454\" data-end=\"1474\" data-col-size=\"md\">850 nm \/ 1300 nm<\/td>\n<\/tr>\n<tr data-start=\"1475\" data-end=\"1538\">\n<td data-start=\"1475\" data-end=\"1498\" data-col-size=\"sm\">Desteklenen Veri H\u0131zlar\u0131<\/td>\n<td data-start=\"1498\" data-end=\"1538\" data-col-size=\"md\">10G \/ 25G \/ 40G \/ 100G (k\u0131sa eri\u015fim)<\/td>\n<\/tr>\n<tr data-start=\"1539\" data-end=\"1570\">\n<td data-start=\"1539\" data-end=\"1553\" data-col-size=\"sm\">\u00c7iftle\u015fme Ya\u015fam\u0131<\/td>\n<td data-start=\"1553\" data-end=\"1570\" data-col-size=\"md\">\u2265 1000 d\u00f6ng\u00fc<\/td>\n<\/tr>\n<\/tbody>\n<\/table>\n<\/div>\n<\/div>\n<p data-start=\"1572\" data-end=\"1668\">Bu spesifikasyonlar \u015funlar\u0131 sa\u011flar <strong data-start=\"1600\" data-end=\"1633\">kararl\u0131, d\u00fc\u015f\u00fck kay\u0131pl\u0131 iletim<\/strong> y\u00fcksek h\u0131zl\u0131 \u00e7ok modlu a\u011flar i\u00e7in.<\/p>\n<hr data-start=\"1670\" data-end=\"1673\" \/>\n<h3 data-start=\"1675\" data-end=\"1708\">Konekt\u00f6r ve kablo yap\u0131s\u0131<\/h3>\n<div class=\"TyagGW_tableContainer\">\n<div class=\"group TyagGW_tableWrapper flex flex-col-reverse w-fit\" tabindex=\"-1\">\n<table class=\"w-fit min-w-(--thread-content-width)\" data-start=\"1710\" data-end=\"2009\">\n<thead data-start=\"1710\" data-end=\"1737\">\n<tr data-start=\"1710\" data-end=\"1737\">\n<th class=\"\" data-start=\"1710\" data-end=\"1720\" data-col-size=\"sm\">\u00d6zellik<\/th>\n<th class=\"\" data-start=\"1720\" data-end=\"1737\" data-col-size=\"sm\">\u015eartname<\/th>\n<\/tr>\n<\/thead>\n<tbody data-start=\"1765\" data-end=\"2009\">\n<tr data-start=\"1765\" data-end=\"1796\">\n<td data-start=\"1765\" data-end=\"1782\" data-col-size=\"sm\">Konekt\u00f6r Tipi<\/td>\n<td data-col-size=\"sm\" data-start=\"1782\" data-end=\"1796\">LC Simplex<\/td>\n<\/tr>\n<tr data-start=\"1797\" data-end=\"1823\">\n<td data-start=\"1797\" data-end=\"1814\" data-col-size=\"sm\">Kablo \u00c7ap\u0131<\/td>\n<td data-col-size=\"sm\" data-start=\"1814\" data-end=\"1823\">2.0mm<\/td>\n<\/tr>\n<tr data-start=\"1824\" data-end=\"1861\">\n<td data-start=\"1824\" data-end=\"1834\" data-col-size=\"sm\">Y\u00fcks\u00fck<\/td>\n<td data-start=\"1834\" data-end=\"1861\" data-col-size=\"sm\">1,25 mm zirkonya seramik<\/td>\n<\/tr>\n<tr data-start=\"1862\" data-end=\"1900\">\n<td data-start=\"1862\" data-end=\"1869\" data-col-size=\"sm\">\u00c7izme<\/td>\n<td data-start=\"1869\" data-end=\"1900\" data-col-size=\"sm\">Standart gerilim azalt\u0131c\u0131 \u00e7izme<\/td>\n<\/tr>\n<tr data-start=\"1901\" data-end=\"1935\">\n<td data-start=\"1901\" data-end=\"1919\" data-col-size=\"sm\">Mandallama Sistemi<\/td>\n<td data-start=\"1919\" data-end=\"1935\" data-col-size=\"sm\">LC itme-\u00e7ekme<\/td>\n<\/tr>\n<tr data-start=\"1936\" data-end=\"1978\">\n<td data-start=\"1936\" data-end=\"1960\" data-col-size=\"sm\">\u00c7al\u0131\u015fma S\u0131cakl\u0131\u011f\u0131<\/td>\n<td data-start=\"1960\" data-end=\"1978\" data-col-size=\"sm\">-40\u00b0C ila +75\u00b0C<\/td>\n<\/tr>\n<tr data-start=\"1979\" data-end=\"2009\">\n<td data-start=\"1979\" data-end=\"1998\" data-col-size=\"sm\">\u00c7ekme Dayan\u0131m\u0131<\/td>\n<td data-col-size=\"sm\" data-start=\"1998\" data-end=\"2009\">\u2265 100 N<\/td>\n<\/tr>\n<\/tbody>\n<\/table>\n<\/div>\n<\/div>\n<p data-start=\"2011\" data-end=\"2115\">Bu <strong data-start=\"2015\" data-end=\"2045\">g\u00fc\u00e7lendirilmi\u015f ceket ve \u00e7izme<\/strong> elyaf\u0131 a\u015fa\u011f\u0131dakilerden korur <strong data-start=\"2069\" data-end=\"2114\">g\u00fcnl\u00fck yama s\u0131ras\u0131nda e\u011filme ve \u00e7ekme<\/strong>.<\/p>\n<hr data-start=\"2117\" data-end=\"2120\" \/>\n<h3 data-start=\"2122\" data-end=\"2148\">Tipik uygulamalar<\/h3>\n<p data-start=\"2150\" data-end=\"2198\">Bu LC \u00e7ok modlu konekt\u00f6r genellikle \u015fu alanlarda kullan\u0131l\u0131r:<\/p>\n<ul data-start=\"2200\" data-end=\"2402\">\n<li data-start=\"2200\" data-end=\"2227\">\n<p data-start=\"2202\" data-end=\"2227\">Veri merkezi ba\u011flant\u0131 kablolar\u0131<\/p>\n<\/li>\n<li data-start=\"2228\" data-end=\"2275\">\n<p data-start=\"2230\" data-end=\"2275\">Switch-to-switch ve switch-to-server ba\u011flant\u0131lar\u0131<\/p>\n<\/li>\n<li data-start=\"2276\" data-end=\"2309\">\n<p data-start=\"2278\" data-end=\"2309\">Kurumsal LAN ve SAN a\u011flar\u0131<\/p>\n<\/li>\n<li data-start=\"2310\" data-end=\"2345\">\n<p data-start=\"2312\" data-end=\"2345\">Optik al\u0131c\u0131-verici ba\u011flant\u0131lar\u0131<\/p>\n<\/li>\n<li data-start=\"2346\" data-end=\"2372\">\n<p data-start=\"2348\" data-end=\"2372\">\u00c7ok modlu test jumperlar\u0131<\/p>\n<\/li>\n<li data-start=\"2373\" data-end=\"2402\">\n<p data-start=\"2375\" data-end=\"2402\">Fiber da\u011f\u0131t\u0131m \u00e7er\u00e7eveleri<\/p>\n<\/li>\n<\/ul>","protected":false},"excerpt":{"rendered":"<h3 data-start=\"236\" data-end=\"299\">Y\u00fcksek h\u0131zl\u0131 \u00e7ok modlu patch cordlar i\u00e7in g\u00fcvenilir bir konnekt\u00f6r<\/h3>\n<p data-start=\"301\" data-end=\"640\">Bu <strong data-start=\"305\" data-end=\"349\">LC UPC 2.0mm Simplex \u00c7ok Modlu konekt\u00f6r<\/strong> i\u00e7in tasarlanm\u0131\u015ft\u0131r <strong data-start=\"366\" data-end=\"397\">\u00e7ok modlu fiber ba\u011flant\u0131 kablolar\u0131<\/strong> kullan\u0131lan <strong data-start=\"406\" data-end=\"464\">veri merkezleri, kurumsal a\u011flar ve ekipman odalar\u0131<\/strong>.<br data-start=\"465\" data-end=\"468\" \/>Bu birle\u015ftirir <strong data-start=\"484\" data-end=\"510\">kompakt LC form fakt\u00f6r\u00fc<\/strong> ile <strong data-start=\"518\" data-end=\"542\">dayan\u0131kl\u0131 2.0mm ceket<\/strong>, her ikisini de sa\u011flayarak <strong data-start=\"559\" data-end=\"605\">optik hassasiyet ve mekanik kararl\u0131l\u0131k<\/strong> g\u00fcnl\u00fck tak ve \u00e7al\u0131\u015ft\u0131r i\u015flemi i\u00e7in.<\/p>\n<p data-start=\"642\" data-end=\"779\">Bu konekt\u00f6r, a\u015fa\u011f\u0131dakileri olu\u015fturmak i\u00e7in yayg\u0131n olarak kullan\u0131l\u0131r <strong data-start=\"681\" data-end=\"725\">LC-LC, LC-SC ve LC-FC \u00e7ok modlu atlama telleri<\/strong> i\u00e7in <strong data-start=\"730\" data-end=\"778\">10G, 25G ve k\u0131sa eri\u015fimli 100G Ethernet ba\u011flant\u0131lar\u0131<\/strong>.<\/p>","protected":false},"featured_media":913,"comment_status":"open","ping_status":"closed","template":"","meta":[],"product_brand":[],"product_cat":[50],"product_tag":[],"class_list":{"0":"post-912","1":"product","2":"type-product","3":"status-publish","4":"has-post-thumbnail","6":"product_cat-lc-simplex-connectors-single-modemultimode","8":"first","9":"instock","10":"shipping-taxable","11":"product-type-simple"},"_links":{"self":[{"href":"https:\/\/www.fenxifiber.com\/tr\/wp-json\/wp\/v2\/product\/912","targetHints":{"allow":["GET"]}}],"collection":[{"href":"https:\/\/www.fenxifiber.com\/tr\/wp-json\/wp\/v2\/product"}],"about":[{"href":"https:\/\/www.fenxifiber.com\/tr\/wp-json\/wp\/v2\/types\/product"}],"replies":[{"embeddable":true,"href":"https:\/\/www.fenxifiber.com\/tr\/wp-json\/wp\/v2\/comments?post=912"}],"wp:featuredmedia":[{"embeddable":true,"href":"https:\/\/www.fenxifiber.com\/tr\/wp-json\/wp\/v2\/media\/913"}],"wp:attachment":[{"href":"https:\/\/www.fenxifiber.com\/tr\/wp-json\/wp\/v2\/media?parent=912"}],"wp:term":[{"taxonomy":"product_brand","embeddable":true,"href":"https:\/\/www.fenxifiber.com\/tr\/wp-json\/wp\/v2\/product_brand?post=912"},{"taxonomy":"product_cat","embeddable":true,"href":"https:\/\/www.fenxifiber.com\/tr\/wp-json\/wp\/v2\/product_cat?post=912"},{"taxonomy":"product_tag","embeddable":true,"href":"https:\/\/www.fenxifiber.com\/tr\/wp-json\/wp\/v2\/product_tag?post=912"}],"curies":[{"name":"wp","href":"https:\/\/api.w.org\/{rel}","templated":true}]}}