{"id":914,"date":"2026-02-04T03:18:08","date_gmt":"2026-02-04T03:18:08","guid":{"rendered":"https:\/\/www.fenxifiber.com\/?post_type=product&#038;p=914"},"modified":"2026-02-05T02:28:21","modified_gmt":"2026-02-05T02:28:21","slug":"lc-upc-3-0mm-simpleks-tekli%cc%87-mod","status":"publish","type":"product","link":"https:\/\/www.fenxifiber.com\/tr\/product\/lc-upc-3-0mm-simplex-singlemode\/","title":{"rendered":"LC UPC 3.0mm Simplex Tek Modlu Fiber Konnekt\u00f6r"},"content":{"rendered":"<h3 data-start=\"775\" data-end=\"821\">Sa\u011flam fiber kablolar i\u00e7in neden 3.0mm kullan\u0131l\u0131r?<\/h3>\n<div class=\"TyagGW_tableContainer\">\n<div class=\"group TyagGW_tableWrapper flex flex-col-reverse w-fit\" tabindex=\"-1\">\n<table class=\"w-fit min-w-(--thread-content-width)\" data-start=\"823\" data-end=\"1069\">\n<thead data-start=\"823\" data-end=\"872\">\n<tr data-start=\"823\" data-end=\"872\">\n<th class=\"\" data-start=\"823\" data-end=\"840\" data-col-size=\"sm\">Kablo \u00c7ap\u0131<\/th>\n<th class=\"\" data-start=\"840\" data-end=\"857\" data-col-size=\"sm\">G\u00fc\u00e7 Seviyesi<\/th>\n<th class=\"\" data-start=\"857\" data-end=\"872\" data-col-size=\"sm\">Tipik Kullan\u0131m<\/th>\n<\/tr>\n<\/thead>\n<tbody data-start=\"922\" data-end=\"1069\">\n<tr data-start=\"922\" data-end=\"965\">\n<td data-start=\"922\" data-end=\"930\" data-col-size=\"sm\">0.9mm<\/td>\n<td data-start=\"930\" data-end=\"936\" data-col-size=\"sm\">D\u00fc\u015f\u00fck<\/td>\n<td data-col-size=\"sm\" data-start=\"936\" data-end=\"965\">Pigtailler ve dahili fiber<\/td>\n<\/tr>\n<tr data-start=\"966\" data-end=\"1005\">\n<td data-start=\"966\" data-end=\"974\" data-col-size=\"sm\">2.0mm<\/td>\n<td data-start=\"974\" data-end=\"983\" data-col-size=\"sm\">Orta<\/td>\n<td data-start=\"983\" data-end=\"1005\" data-col-size=\"sm\">\u0130\u00e7 mekan yama kablolar\u0131<\/td>\n<\/tr>\n<tr data-start=\"1006\" data-end=\"1069\">\n<td data-start=\"1006\" data-end=\"1018\" data-col-size=\"sm\"><strong data-start=\"1008\" data-end=\"1017\">3.0mm<\/strong><\/td>\n<td data-start=\"1018\" data-end=\"1029\" data-col-size=\"sm\"><strong data-start=\"1020\" data-end=\"1028\">Y\u00fcksek<\/strong><\/td>\n<td data-start=\"1029\" data-end=\"1069\" data-col-size=\"sm\"><strong data-start=\"1031\" data-end=\"1067\">D\u0131\u015f mekan ve end\u00fcstriyel patch cordlar<\/strong><\/td>\n<\/tr>\n<\/tbody>\n<\/table>\n<\/div>\n<\/div>\n<p data-start=\"1071\" data-end=\"1161\">Bu <strong data-start=\"1075\" data-end=\"1091\">3.0mm ceket<\/strong> elyaf\u0131 a\u015fa\u011f\u0131dakilerden korur <strong data-start=\"1116\" data-end=\"1160\">k\u0131rma, titre\u015fim ve tekrarlanan \u00e7ekme<\/strong>.<\/p>\n<hr data-start=\"1163\" data-end=\"1166\" \/>\n<h3 data-start=\"1168\" data-end=\"1193\">Optik performans<\/h3>\n<div class=\"TyagGW_tableContainer\">\n<div class=\"group TyagGW_tableWrapper flex flex-col-reverse w-fit\" tabindex=\"-1\">\n<table class=\"w-fit min-w-(--thread-content-width)\" data-start=\"1195\" data-end=\"1470\">\n<thead data-start=\"1195\" data-end=\"1224\">\n<tr data-start=\"1195\" data-end=\"1224\">\n<th class=\"\" data-start=\"1195\" data-end=\"1207\" data-col-size=\"sm\">Parametre<\/th>\n<th class=\"\" data-start=\"1207\" data-end=\"1224\" data-col-size=\"sm\">Tipik De\u011fer<\/th>\n<\/tr>\n<\/thead>\n<tbody data-start=\"1254\" data-end=\"1470\">\n<tr data-start=\"1254\" data-end=\"1291\">\n<td data-start=\"1254\" data-end=\"1267\" data-col-size=\"sm\">Elyaf Tipi<\/td>\n<td data-start=\"1267\" data-end=\"1291\" data-col-size=\"sm\">Tek modlu 9\/125 \u00b5m<\/td>\n<\/tr>\n<tr data-start=\"1292\" data-end=\"1313\">\n<td data-start=\"1292\" data-end=\"1306\" data-col-size=\"sm\">Leh\u00e7e Tipi<\/td>\n<td data-start=\"1306\" data-end=\"1313\" data-col-size=\"sm\">UPC<\/td>\n<\/tr>\n<tr data-start=\"1314\" data-end=\"1344\">\n<td data-start=\"1314\" data-end=\"1331\" data-col-size=\"sm\">Ekleme Kayb\u0131<\/td>\n<td data-start=\"1331\" data-end=\"1344\" data-col-size=\"sm\">\u2264 0,30 dB<\/td>\n<\/tr>\n<tr data-start=\"1345\" data-end=\"1370\">\n<td data-start=\"1345\" data-end=\"1359\" data-col-size=\"sm\">Geri D\u00f6n\u00fc\u015f Kayb\u0131<\/td>\n<td data-start=\"1359\" data-end=\"1370\" data-col-size=\"sm\">\u2265 50 dB<\/td>\n<\/tr>\n<tr data-start=\"1371\" data-end=\"1403\">\n<td data-start=\"1371\" data-end=\"1385\" data-col-size=\"sm\">Dalga Boylar\u0131<\/td>\n<td data-start=\"1385\" data-end=\"1403\" data-col-size=\"sm\">1310 \/ 1550 nm<\/td>\n<\/tr>\n<tr data-start=\"1404\" data-end=\"1432\">\n<td data-start=\"1404\" data-end=\"1420\" data-col-size=\"sm\">Tekrarlanabilirlik<\/td>\n<td data-start=\"1420\" data-end=\"1432\" data-col-size=\"sm\">\u2264 0,1 dB<\/td>\n<\/tr>\n<tr data-start=\"1433\" data-end=\"1470\">\n<td data-start=\"1433\" data-end=\"1446\" data-col-size=\"sm\">Dayan\u0131kl\u0131l\u0131k<\/td>\n<td data-start=\"1446\" data-end=\"1470\" data-col-size=\"sm\">\u2265 1000 \u00e7iftle\u015fme d\u00f6ng\u00fcs\u00fc<\/td>\n<\/tr>\n<\/tbody>\n<\/table>\n<\/div>\n<\/div>\n<p data-start=\"1472\" data-end=\"1552\">Bu, a\u015fa\u011f\u0131dakileri sa\u011flar <strong data-start=\"1485\" data-end=\"1510\">istikrarl\u0131 sinyal kalitesi<\/strong> i\u00e7in <strong data-start=\"1515\" data-end=\"1551\">FTTH, telekom ve omurga ba\u011flant\u0131lar\u0131<\/strong>.<\/p>\n<hr data-start=\"1554\" data-end=\"1557\" \/>\n<h3 data-start=\"1559\" data-end=\"1582\">Mekanik tasar\u0131m<\/h3>\n<div class=\"TyagGW_tableContainer\">\n<div class=\"group TyagGW_tableWrapper flex flex-col-reverse w-fit\" tabindex=\"-1\">\n<table class=\"w-fit min-w-(--thread-content-width)\" data-start=\"1584\" data-end=\"1886\">\n<thead data-start=\"1584\" data-end=\"1611\">\n<tr data-start=\"1584\" data-end=\"1611\">\n<th class=\"\" data-start=\"1584\" data-end=\"1594\" data-col-size=\"sm\">\u00d6zellik<\/th>\n<th class=\"\" data-start=\"1594\" data-end=\"1611\" data-col-size=\"sm\">\u015eartname<\/th>\n<\/tr>\n<\/thead>\n<tbody data-start=\"1639\" data-end=\"1886\">\n<tr data-start=\"1639\" data-end=\"1670\">\n<td data-start=\"1639\" data-end=\"1656\" data-col-size=\"sm\">Konekt\u00f6r Tipi<\/td>\n<td data-start=\"1656\" data-end=\"1670\" data-col-size=\"sm\">LC Simplex<\/td>\n<\/tr>\n<tr data-start=\"1671\" data-end=\"1697\">\n<td data-start=\"1671\" data-end=\"1688\" data-col-size=\"sm\">Kablo \u00c7ap\u0131<\/td>\n<td data-col-size=\"sm\" data-start=\"1688\" data-end=\"1697\">3.0mm<\/td>\n<\/tr>\n<tr data-start=\"1698\" data-end=\"1735\">\n<td data-start=\"1698\" data-end=\"1708\" data-col-size=\"sm\">Y\u00fcks\u00fck<\/td>\n<td data-start=\"1708\" data-end=\"1735\" data-col-size=\"sm\">1,25 mm zirkonya seramik<\/td>\n<\/tr>\n<tr data-start=\"1736\" data-end=\"1777\">\n<td data-start=\"1736\" data-end=\"1743\" data-col-size=\"sm\">\u00c7izme<\/td>\n<td data-start=\"1743\" data-end=\"1777\" data-col-size=\"sm\">Uzun, g\u00fc\u00e7lendirilmi\u015f gerilim azalt\u0131c\u0131<\/td>\n<\/tr>\n<tr data-start=\"1778\" data-end=\"1812\">\n<td data-start=\"1778\" data-end=\"1796\" data-col-size=\"sm\">Mandallama Sistemi<\/td>\n<td data-col-size=\"sm\" data-start=\"1796\" data-end=\"1812\">LC itme-\u00e7ekme<\/td>\n<\/tr>\n<tr data-start=\"1813\" data-end=\"1855\">\n<td data-start=\"1813\" data-end=\"1837\" data-col-size=\"sm\">\u00c7al\u0131\u015fma S\u0131cakl\u0131\u011f\u0131<\/td>\n<td data-col-size=\"sm\" data-start=\"1837\" data-end=\"1855\">-40\u00b0C ila +75\u00b0C<\/td>\n<\/tr>\n<tr data-start=\"1856\" data-end=\"1886\">\n<td data-start=\"1856\" data-end=\"1875\" data-col-size=\"sm\">\u00c7ekme Dayan\u0131m\u0131<\/td>\n<td data-col-size=\"sm\" data-start=\"1875\" data-end=\"1886\">\u2265 120 N<\/td>\n<\/tr>\n<\/tbody>\n<\/table>\n<\/div>\n<\/div>\n<p data-start=\"1888\" data-end=\"1983\">Bu <strong data-start=\"1892\" data-end=\"1922\">uzun \u00e7izme ve kal\u0131n ceket<\/strong> gerilimi emer ve elyaf \u00e7ekirde\u011fini mikro b\u00fck\u00fclmeye kar\u015f\u0131 korur.<\/p>\n<hr data-start=\"1985\" data-end=\"1988\" \/>\n<h3 data-start=\"1990\" data-end=\"2016\">Tipik uygulamalar<\/h3>\n<p data-start=\"2018\" data-end=\"2060\">Bu LC 3.0mm konekt\u00f6r yayg\u0131n olarak kullan\u0131lmaktad\u0131r:<\/p>\n<ul data-start=\"2062\" data-end=\"2247\">\n<li data-start=\"2062\" data-end=\"2087\">\n<p data-start=\"2064\" data-end=\"2087\">FTTH damla yama kablolar\u0131<\/p>\n<\/li>\n<li data-start=\"2088\" data-end=\"2116\">\n<p data-start=\"2090\" data-end=\"2116\">D\u0131\u015f mekan fiber muhafazalar\u0131<\/p>\n<\/li>\n<li data-start=\"2117\" data-end=\"2142\">\n<p data-start=\"2119\" data-end=\"2142\">Telekom baz istasyonlar\u0131<\/p>\n<\/li>\n<li data-start=\"2143\" data-end=\"2178\">\n<p data-start=\"2145\" data-end=\"2178\">End\u00fcstriyel Ethernet fiber ba\u011flant\u0131lar\u0131<\/p>\n<\/li>\n<li data-start=\"2179\" data-end=\"2210\">\n<p data-start=\"2181\" data-end=\"2210\">Fiber da\u011f\u0131t\u0131m kabinleri<\/p>\n<\/li>\n<li data-start=\"2211\" data-end=\"2247\">\n<p data-start=\"2213\" data-end=\"2247\">Saha test ve bak\u0131m kordonlar\u0131<\/p>\n<\/li>\n<\/ul>","protected":false},"excerpt":{"rendered":"<h3 data-start=\"210\" data-end=\"277\">Sa\u011flam fiber ba\u011flant\u0131lar ve d\u0131\u015f mekana haz\u0131r patch cordlar i\u00e7in tasarlanm\u0131\u015ft\u0131r<\/h3>\n<p data-start=\"279\" data-end=\"588\">Bu <strong data-start=\"283\" data-end=\"329\">LC UPC 3.0mm Simplex Tek Modlu konekt\u00f6r<\/strong> i\u00e7in in\u015fa edilmi\u015ftir <strong data-start=\"343\" data-end=\"433\">\u00c7ekme, b\u00fckme ve zorlu kurulum ko\u015fullar\u0131na dayanmas\u0131 gereken fiber patch kablolar<\/strong>.<br data-start=\"434\" data-end=\"437\" \/>Onunla <strong data-start=\"446\" data-end=\"496\">kal\u0131n 3.0mm ceket ve uzun gerilim azalt\u0131c\u0131 \u00e7izme<\/strong>, \u015funlar\u0131 sa\u011flar <strong data-start=\"510\" data-end=\"544\">\u00fcst\u00fcn mekani\u0307k koruma<\/strong> standart 2.0mm LC konekt\u00f6rlerle kar\u015f\u0131la\u015ft\u0131r\u0131ld\u0131\u011f\u0131nda.<\/p>\n<p data-start=\"590\" data-end=\"768\">Bu, onu a\u015fa\u011f\u0131dakiler i\u00e7in ideal k\u0131lar <strong data-start=\"614\" data-end=\"703\">telekom kabinleri, FTTH drop kablolar\u0131, d\u0131\u015f mekan muhafazalar\u0131 ve end\u00fcstriyel fiber a\u011flar<\/strong>, Kablo dayan\u0131kl\u0131l\u0131\u011f\u0131n\u0131n optik kalite kadar \u00f6nemli oldu\u011fu yerlerde.<\/p>","protected":false},"featured_media":915,"comment_status":"open","ping_status":"closed","template":"","meta":[],"product_brand":[],"product_cat":[50],"product_tag":[],"class_list":{"0":"post-914","1":"product","2":"type-product","3":"status-publish","4":"has-post-thumbnail","6":"product_cat-lc-simplex-connectors-single-modemultimode","8":"first","9":"instock","10":"shipping-taxable","11":"product-type-simple"},"_links":{"self":[{"href":"https:\/\/www.fenxifiber.com\/tr\/wp-json\/wp\/v2\/product\/914","targetHints":{"allow":["GET"]}}],"collection":[{"href":"https:\/\/www.fenxifiber.com\/tr\/wp-json\/wp\/v2\/product"}],"about":[{"href":"https:\/\/www.fenxifiber.com\/tr\/wp-json\/wp\/v2\/types\/product"}],"replies":[{"embeddable":true,"href":"https:\/\/www.fenxifiber.com\/tr\/wp-json\/wp\/v2\/comments?post=914"}],"wp:featuredmedia":[{"embeddable":true,"href":"https:\/\/www.fenxifiber.com\/tr\/wp-json\/wp\/v2\/media\/915"}],"wp:attachment":[{"href":"https:\/\/www.fenxifiber.com\/tr\/wp-json\/wp\/v2\/media?parent=914"}],"wp:term":[{"taxonomy":"product_brand","embeddable":true,"href":"https:\/\/www.fenxifiber.com\/tr\/wp-json\/wp\/v2\/product_brand?post=914"},{"taxonomy":"product_cat","embeddable":true,"href":"https:\/\/www.fenxifiber.com\/tr\/wp-json\/wp\/v2\/product_cat?post=914"},{"taxonomy":"product_tag","embeddable":true,"href":"https:\/\/www.fenxifiber.com\/tr\/wp-json\/wp\/v2\/product_tag?post=914"}],"curies":[{"name":"wp","href":"https:\/\/api.w.org\/{rel}","templated":true}]}}