{"id":916,"date":"2026-02-04T03:19:09","date_gmt":"2026-02-04T03:19:09","guid":{"rendered":"https:\/\/www.fenxifiber.com\/?post_type=product&#038;p=916"},"modified":"2026-02-05T02:28:47","modified_gmt":"2026-02-05T02:28:47","slug":"lc-upc-3-0mm-simpleks-cok-modlu","status":"publish","type":"product","link":"https:\/\/www.fenxifiber.com\/tr\/product\/lc-upc-3-0mm-simplex-multimode\/","title":{"rendered":"LC UPC 3.0mm Tek Y\u00f6nl\u00fc \u00c7ok Modlu Fiber Konnekt\u00f6r"},"content":{"rendered":"<h3 data-start=\"845\" data-end=\"889\">\u00c7ok modlu jumperlar i\u00e7in neden 3.0mm se\u00e7ilmeli?<\/h3>\n<div class=\"TyagGW_tableContainer\">\n<div class=\"group TyagGW_tableWrapper flex flex-col-reverse w-fit\" tabindex=\"-1\">\n<table class=\"w-fit min-w-(--thread-content-width)\" data-start=\"891\" data-end=\"1145\">\n<thead data-start=\"891\" data-end=\"944\">\n<tr data-start=\"891\" data-end=\"944\">\n<th class=\"\" data-start=\"891\" data-end=\"908\" data-col-size=\"sm\">Kablo \u00c7ap\u0131<\/th>\n<th class=\"\" data-start=\"908\" data-end=\"921\" data-col-size=\"sm\">Dayan\u0131kl\u0131l\u0131k<\/th>\n<th class=\"\" data-start=\"921\" data-end=\"944\" data-col-size=\"sm\">Tipik Ortam<\/th>\n<\/tr>\n<\/thead>\n<tbody data-start=\"999\" data-end=\"1145\">\n<tr data-start=\"999\" data-end=\"1035\">\n<td data-start=\"999\" data-end=\"1007\" data-col-size=\"sm\">0.9mm<\/td>\n<td data-start=\"1007\" data-end=\"1013\" data-col-size=\"sm\">D\u00fc\u015f\u00fck<\/td>\n<td data-start=\"1013\" data-end=\"1035\" data-col-size=\"sm\">Pigtailler, ekleme<\/td>\n<\/tr>\n<tr data-start=\"1036\" data-end=\"1077\">\n<td data-start=\"1036\" data-end=\"1044\" data-col-size=\"sm\">2.0mm<\/td>\n<td data-start=\"1044\" data-end=\"1053\" data-col-size=\"sm\">Orta<\/td>\n<td data-start=\"1053\" data-end=\"1077\" data-col-size=\"sm\">Standart ba\u011flant\u0131 kablolar\u0131<\/td>\n<\/tr>\n<tr data-start=\"1078\" data-end=\"1145\">\n<td data-start=\"1078\" data-end=\"1090\" data-col-size=\"sm\"><strong data-start=\"1080\" data-end=\"1089\">3.0mm<\/strong><\/td>\n<td data-start=\"1090\" data-end=\"1101\" data-col-size=\"sm\"><strong data-start=\"1092\" data-end=\"1100\">Y\u00fcksek<\/strong><\/td>\n<td data-start=\"1101\" data-end=\"1145\" data-col-size=\"sm\"><strong data-start=\"1103\" data-end=\"1143\">Y\u00fcksek trafikli raflar, end\u00fcstriyel siteler<\/strong><\/td>\n<\/tr>\n<\/tbody>\n<\/table>\n<\/div>\n<\/div>\n<p data-start=\"1147\" data-end=\"1238\">Bu <strong data-start=\"1151\" data-end=\"1169\">daha kal\u0131n ceket<\/strong> lifleri a\u015fa\u011f\u0131dakilerden korur <strong data-start=\"1191\" data-end=\"1237\">b\u00fck\u00fclme, titre\u015fim ve kazara \u00e7ekme<\/strong>.<\/p>\n<hr data-start=\"1240\" data-end=\"1243\" \/>\n<h3 data-start=\"1245\" data-end=\"1280\">\u00c7ok modlu optik performans<\/h3>\n<div class=\"TyagGW_tableContainer\">\n<div class=\"group TyagGW_tableWrapper flex flex-col-reverse w-fit\" tabindex=\"-1\">\n<table class=\"w-fit min-w-(--thread-content-width)\" data-start=\"1282\" data-end=\"1653\">\n<thead data-start=\"1282\" data-end=\"1311\">\n<tr data-start=\"1282\" data-end=\"1311\">\n<th class=\"\" data-start=\"1282\" data-end=\"1294\" data-col-size=\"sm\">Parametre<\/th>\n<th class=\"\" data-start=\"1294\" data-end=\"1311\" data-col-size=\"sm\">Tipik De\u011fer<\/th>\n<\/tr>\n<\/thead>\n<tbody data-start=\"1341\" data-end=\"1653\">\n<tr data-start=\"1341\" data-end=\"1389\">\n<td data-start=\"1341\" data-end=\"1354\" data-col-size=\"sm\">Elyaf Tipi<\/td>\n<td data-col-size=\"sm\" data-start=\"1354\" data-end=\"1389\">\u00c7ok Modlu OM2 \/ OM3 \/ OM4 \/ OM5<\/td>\n<\/tr>\n<tr data-start=\"1390\" data-end=\"1440\">\n<td data-start=\"1390\" data-end=\"1408\" data-col-size=\"sm\">\u00c7ekirdek \/ Kaplama<\/td>\n<td data-col-size=\"sm\" data-start=\"1408\" data-end=\"1440\">50 \/ 125 \u00b5m veya 62,5 \/ 125 \u00b5m<\/td>\n<\/tr>\n<tr data-start=\"1441\" data-end=\"1462\">\n<td data-start=\"1441\" data-end=\"1455\" data-col-size=\"sm\">Leh\u00e7e Tipi<\/td>\n<td data-col-size=\"sm\" data-start=\"1455\" data-end=\"1462\">UPC<\/td>\n<\/tr>\n<tr data-start=\"1463\" data-end=\"1493\">\n<td data-start=\"1463\" data-end=\"1480\" data-col-size=\"sm\">Ekleme Kayb\u0131<\/td>\n<td data-start=\"1480\" data-end=\"1493\" data-col-size=\"sm\">\u2264 0,30 dB<\/td>\n<\/tr>\n<tr data-start=\"1494\" data-end=\"1519\">\n<td data-start=\"1494\" data-end=\"1508\" data-col-size=\"sm\">Geri D\u00f6n\u00fc\u015f Kayb\u0131<\/td>\n<td data-col-size=\"sm\" data-start=\"1508\" data-end=\"1519\">\u2265 35 dB<\/td>\n<\/tr>\n<tr data-start=\"1520\" data-end=\"1551\">\n<td data-start=\"1520\" data-end=\"1534\" data-col-size=\"sm\">Dalga Boylar\u0131<\/td>\n<td data-col-size=\"sm\" data-start=\"1534\" data-end=\"1551\">850 \/ 1300 nm<\/td>\n<\/tr>\n<tr data-start=\"1552\" data-end=\"1615\">\n<td data-start=\"1552\" data-end=\"1575\" data-col-size=\"sm\">Desteklenen Veri H\u0131zlar\u0131<\/td>\n<td data-start=\"1575\" data-end=\"1615\" data-col-size=\"sm\">10G \/ 25G \/ 40G \/ 100G (k\u0131sa eri\u015fim)<\/td>\n<\/tr>\n<tr data-start=\"1616\" data-end=\"1653\">\n<td data-start=\"1616\" data-end=\"1629\" data-col-size=\"sm\">Dayan\u0131kl\u0131l\u0131k<\/td>\n<td data-start=\"1629\" data-end=\"1653\" data-col-size=\"sm\">\u2265 1000 \u00e7iftle\u015fme d\u00f6ng\u00fcs\u00fc<\/td>\n<\/tr>\n<\/tbody>\n<\/table>\n<\/div>\n<\/div>\n<p data-start=\"1655\" data-end=\"1733\">Bu \u00f6zellikler \u015funlar\u0131 sa\u011flar <strong data-start=\"1674\" data-end=\"1701\">g\u00fcvenilir sinyal kalitesi<\/strong> zorlu ortamlarda bile.<\/p>\n<hr data-start=\"1735\" data-end=\"1738\" \/>\n<h3 data-start=\"1740\" data-end=\"1769\">Mekanik yap\u0131<\/h3>\n<div class=\"TyagGW_tableContainer\">\n<div class=\"group TyagGW_tableWrapper flex flex-col-reverse w-fit\" tabindex=\"-1\">\n<table class=\"w-fit min-w-(--thread-content-width)\" data-start=\"1771\" data-end=\"2073\">\n<thead data-start=\"1771\" data-end=\"1798\">\n<tr data-start=\"1771\" data-end=\"1798\">\n<th class=\"\" data-start=\"1771\" data-end=\"1781\" data-col-size=\"sm\">\u00d6zellik<\/th>\n<th class=\"\" data-start=\"1781\" data-end=\"1798\" data-col-size=\"sm\">\u015eartname<\/th>\n<\/tr>\n<\/thead>\n<tbody data-start=\"1826\" data-end=\"2073\">\n<tr data-start=\"1826\" data-end=\"1857\">\n<td data-start=\"1826\" data-end=\"1843\" data-col-size=\"sm\">Konekt\u00f6r Tipi<\/td>\n<td data-start=\"1843\" data-end=\"1857\" data-col-size=\"sm\">LC Simplex<\/td>\n<\/tr>\n<tr data-start=\"1858\" data-end=\"1884\">\n<td data-start=\"1858\" data-end=\"1875\" data-col-size=\"sm\">Kablo \u00c7ap\u0131<\/td>\n<td data-start=\"1875\" data-end=\"1884\" data-col-size=\"sm\">3.0mm<\/td>\n<\/tr>\n<tr data-start=\"1885\" data-end=\"1922\">\n<td data-start=\"1885\" data-end=\"1895\" data-col-size=\"sm\">Y\u00fcks\u00fck<\/td>\n<td data-start=\"1895\" data-end=\"1922\" data-col-size=\"sm\">1,25 mm zirkonya seramik<\/td>\n<\/tr>\n<tr data-start=\"1923\" data-end=\"1964\">\n<td data-start=\"1923\" data-end=\"1930\" data-col-size=\"sm\">\u00c7izme<\/td>\n<td data-start=\"1930\" data-end=\"1964\" data-col-size=\"sm\">Uzun, g\u00fc\u00e7lendirilmi\u015f gerilim azalt\u0131c\u0131<\/td>\n<\/tr>\n<tr data-start=\"1965\" data-end=\"1999\">\n<td data-start=\"1965\" data-end=\"1983\" data-col-size=\"sm\">Mandallama Sistemi<\/td>\n<td data-start=\"1983\" data-end=\"1999\" data-col-size=\"sm\">LC itme-\u00e7ekme<\/td>\n<\/tr>\n<tr data-start=\"2000\" data-end=\"2042\">\n<td data-start=\"2000\" data-end=\"2024\" data-col-size=\"sm\">\u00c7al\u0131\u015fma S\u0131cakl\u0131\u011f\u0131<\/td>\n<td data-start=\"2024\" data-end=\"2042\" data-col-size=\"sm\">-40\u00b0C ila +75\u00b0C<\/td>\n<\/tr>\n<tr data-start=\"2043\" data-end=\"2073\">\n<td data-start=\"2043\" data-end=\"2062\" data-col-size=\"sm\">\u00c7ekme Dayan\u0131m\u0131<\/td>\n<td data-start=\"2062\" data-end=\"2073\" data-col-size=\"sm\">\u2265 120 N<\/td>\n<\/tr>\n<\/tbody>\n<\/table>\n<\/div>\n<\/div>\n<p data-start=\"2075\" data-end=\"2195\">Bu <strong data-start=\"2079\" data-end=\"2115\">g\u00fc\u00e7lendirilmi\u015f \u00e7izme ve kal\u0131n ceket<\/strong> \u00e7ok modlu sinyalleri bozabilecek mikro b\u00fck\u00fclme ve mekanik gerilimi \u00f6nler.<\/p>\n<hr data-start=\"2197\" data-end=\"2200\" \/>\n<h3 data-start=\"2202\" data-end=\"2228\">Tipik uygulamalar<\/h3>\n<p data-start=\"2230\" data-end=\"2282\">Bu LC \u00e7ok modlu 3.0mm konekt\u00f6r yayg\u0131n olarak kullan\u0131lmaktad\u0131r:<\/p>\n<ul data-start=\"2284\" data-end=\"2480\">\n<li data-start=\"2284\" data-end=\"2316\">\n<p data-start=\"2286\" data-end=\"2316\">Veri merkezi omurga atlama telleri<\/p>\n<\/li>\n<li data-start=\"2317\" data-end=\"2353\">\n<p data-start=\"2319\" data-end=\"2353\">Switch-to-switch \u00e7ok modlu ba\u011flant\u0131lar<\/p>\n<\/li>\n<li data-start=\"2354\" data-end=\"2392\">\n<p data-start=\"2356\" data-end=\"2392\">End\u00fcstriyel Ethernet fiber a\u011flar\u0131<\/p>\n<\/li>\n<li data-start=\"2393\" data-end=\"2425\">\n<p data-start=\"2395\" data-end=\"2425\">Ekipman dolaplar\u0131 ve raflar\u0131<\/p>\n<\/li>\n<li data-start=\"2426\" data-end=\"2450\">\n<p data-start=\"2428\" data-end=\"2450\">\u00c7ok modlu test kablolar\u0131<\/p>\n<\/li>\n<li data-start=\"2451\" data-end=\"2480\">\n<p data-start=\"2453\" data-end=\"2480\">Fiber da\u011f\u0131t\u0131m \u00e7er\u00e7eveleri<\/p>\n<\/li>\n<\/ul>","protected":false},"excerpt":{"rendered":"<h3 data-start=\"226\" data-end=\"290\">Zorlu ortamlarda y\u00fcksek h\u0131zl\u0131 \u00e7ok modlu ba\u011flant\u0131lar i\u00e7in \u00fcretilmi\u015ftir<\/h3>\n<p data-start=\"292\" data-end=\"669\">Bu <strong data-start=\"296\" data-end=\"340\">LC UPC 3.0mm Simplex \u00c7ok Modlu konekt\u00f6r<\/strong> i\u00e7in tasarlanm\u0131\u015ft\u0131r <strong data-start=\"357\" data-end=\"426\">ekstra mekanik korumaya ihtiya\u00e7 duyan \u00e7ok modlu fiber patch kablolar<\/strong>.<br data-start=\"427\" data-end=\"430\" \/>Standart raflarda 2.0 mm kablolar yayg\u0131n olsa da <strong data-start=\"483\" data-end=\"499\">3.0mm ceket<\/strong> sa\u011flar <strong data-start=\"509\" data-end=\"583\">daha y\u00fcksek \u00e7ekme mukavemeti, daha iyi ezilme direnci ve daha uzun hizmet \u00f6mr\u00fc<\/strong>, i\u00e7in ideal hale getirir. <strong data-start=\"605\" data-end=\"668\">yo\u011fun veri merkezleri, end\u00fcstriyel dolaplar ve ekipman odalar\u0131<\/strong>.<\/p>\n<p data-start=\"671\" data-end=\"838\">ile <strong data-start=\"676\" data-end=\"701\">UPC cilal\u0131 y\u00fcks\u00fckler<\/strong> ve <strong data-start=\"706\" data-end=\"739\">\u00e7ok modlu fiber uyumlulu\u011fu<\/strong>, bu konekt\u00f6r \u015funlar\u0131 destekler <strong data-start=\"765\" data-end=\"812\">y\u00fcksek h\u0131zl\u0131 k\u0131sa eri\u015fimli optik iletim<\/strong> m\u00fckemmel stabilite ile.<\/p>","protected":false},"featured_media":917,"comment_status":"open","ping_status":"closed","template":"","meta":[],"product_brand":[],"product_cat":[50],"product_tag":[],"class_list":{"0":"post-916","1":"product","2":"type-product","3":"status-publish","4":"has-post-thumbnail","6":"product_cat-lc-simplex-connectors-single-modemultimode","8":"first","9":"instock","10":"shipping-taxable","11":"product-type-simple"},"_links":{"self":[{"href":"https:\/\/www.fenxifiber.com\/tr\/wp-json\/wp\/v2\/product\/916","targetHints":{"allow":["GET"]}}],"collection":[{"href":"https:\/\/www.fenxifiber.com\/tr\/wp-json\/wp\/v2\/product"}],"about":[{"href":"https:\/\/www.fenxifiber.com\/tr\/wp-json\/wp\/v2\/types\/product"}],"replies":[{"embeddable":true,"href":"https:\/\/www.fenxifiber.com\/tr\/wp-json\/wp\/v2\/comments?post=916"}],"wp:featuredmedia":[{"embeddable":true,"href":"https:\/\/www.fenxifiber.com\/tr\/wp-json\/wp\/v2\/media\/917"}],"wp:attachment":[{"href":"https:\/\/www.fenxifiber.com\/tr\/wp-json\/wp\/v2\/media?parent=916"}],"wp:term":[{"taxonomy":"product_brand","embeddable":true,"href":"https:\/\/www.fenxifiber.com\/tr\/wp-json\/wp\/v2\/product_brand?post=916"},{"taxonomy":"product_cat","embeddable":true,"href":"https:\/\/www.fenxifiber.com\/tr\/wp-json\/wp\/v2\/product_cat?post=916"},{"taxonomy":"product_tag","embeddable":true,"href":"https:\/\/www.fenxifiber.com\/tr\/wp-json\/wp\/v2\/product_tag?post=916"}],"curies":[{"name":"wp","href":"https:\/\/api.w.org\/{rel}","templated":true}]}}