{"id":920,"date":"2026-02-04T03:22:10","date_gmt":"2026-02-04T03:22:10","guid":{"rendered":"https:\/\/www.fenxifiber.com\/?post_type=product&#038;p=920"},"modified":"2026-02-05T02:15:22","modified_gmt":"2026-02-05T02:15:22","slug":"fc-apc-0-9mm-ayarlanamaz","status":"publish","type":"product","link":"https:\/\/www.fenxifiber.com\/tr\/product\/fc-apc-0-9mm-non-adjustable\/","title":{"rendered":"FC APC 0,9 mm Ayarlanamaz"},"content":{"rendered":"<h2 data-start=\"993\" data-end=\"1010\">Temel \u00d6zellikler<\/h2>\n<ul data-start=\"1012\" data-end=\"1873\">\n<li data-start=\"1012\" data-end=\"1186\">\n<p data-start=\"1014\" data-end=\"1186\"><strong data-start=\"1014\" data-end=\"1056\">APC (A\u00e7\u0131l\u0131 Fiziksel Temas) Y\u00fcks\u00fck:<\/strong> Tek modlu fiber sistemler i\u00e7in tipik geri d\u00f6n\u00fc\u015f kayb\u0131 \u2265 60 dB ile geri yans\u0131may\u0131 en aza indirir.<\/p>\n<\/li>\n<li data-start=\"1187\" data-end=\"1319\">\n<p data-start=\"1189\" data-end=\"1319\"><strong data-start=\"1189\" data-end=\"1228\">Ayarlanamayan Sabit \u00c7izme (0,9 mm):<\/strong> Dar tamponlu fiber kablo tertibatlar\u0131 i\u00e7in optimize edilmi\u015ftir.<\/p>\n<\/li>\n<li data-start=\"1320\" data-end=\"1447\">\n<p data-start=\"1322\" data-end=\"1447\"><strong data-start=\"1322\" data-end=\"1345\">D\u00fc\u015f\u00fck Ekleme Kayb\u0131:<\/strong> Standart telekom dalga boylar\u0131nda tipik \u2264 0,20 - 0,30 dB.<\/p>\n<\/li>\n<li data-start=\"1448\" data-end=\"1599\">\n<p data-start=\"1450\" data-end=\"1599\"><strong data-start=\"1450\" data-end=\"1480\">Hassas Seramik Y\u00fcks\u00fck:<\/strong> Zirkonya y\u00fcks\u00fck, do\u011fru fiber hizalamas\u0131 ve uzun s\u00fcreli tekrarlanabilirlik sa\u011flar.<\/p>\n<\/li>\n<li data-start=\"1600\" data-end=\"1760\">\n<p data-start=\"1602\" data-end=\"1760\"><strong data-start=\"1602\" data-end=\"1631\">Sa\u011flam Mekanik Tasar\u0131m:<\/strong> G\u00fcvenli ba\u011flant\u0131lar ve \u00e7evresel diren\u00e7 i\u00e7in vidal\u0131 kaplin ve metal g\u00f6vde.<\/p>\n<\/li>\n<li data-start=\"1761\" data-end=\"1873\">\n<p data-start=\"1763\" data-end=\"1873\"><strong data-start=\"1763\" data-end=\"1782\">RoHS Uyumlu:<\/strong> End\u00fcstri \u00e7evre ve g\u00fcvenlik standartlar\u0131n\u0131 kar\u015f\u0131lar.<\/p>\n<\/li>\n<\/ul>\n<hr data-start=\"1875\" data-end=\"1878\" \/>\n<h2 data-start=\"1880\" data-end=\"1907\">Tipik \u00d6zellikler<\/h2>\n<h3 data-start=\"1909\" data-end=\"1936\">Optik \u00d6zellikler<\/h3>\n<div class=\"TyagGW_tableContainer\">\n<div class=\"group TyagGW_tableWrapper flex flex-col-reverse w-fit\" tabindex=\"-1\">\n<table class=\"w-fit min-w-(--thread-content-width)\" data-start=\"1938\" data-end=\"2200\">\n<thead data-start=\"1938\" data-end=\"1967\">\n<tr data-start=\"1938\" data-end=\"1967\">\n<th class=\"align-top\" data-start=\"1938\" data-end=\"1950\" data-col-size=\"sm\">Parametre<\/th>\n<th class=\"align-top\" data-start=\"1950\" data-end=\"1967\" data-col-size=\"sm\">Tipik De\u011fer<\/th>\n<\/tr>\n<\/thead>\n<tbody data-start=\"1999\" data-end=\"2200\">\n<tr data-start=\"1999\" data-end=\"2042\">\n<td data-start=\"1999\" data-end=\"2022\" data-col-size=\"sm\">Ekleme Kayb\u0131 (APC)<\/td>\n<td data-start=\"2022\" data-end=\"2042\" data-col-size=\"sm\">\u2264 0,20 - 0,30 dB<\/td>\n<\/tr>\n<tr data-start=\"2043\" data-end=\"2074\">\n<td data-start=\"2043\" data-end=\"2063\" data-col-size=\"sm\">Geri D\u00f6n\u00fc\u015f Kayb\u0131 (APC)<\/td>\n<td data-col-size=\"sm\" data-start=\"2063\" data-end=\"2074\">\u2265 60 dB<\/td>\n<\/tr>\n<tr data-start=\"2075\" data-end=\"2118\">\n<td data-start=\"2075\" data-end=\"2098\" data-col-size=\"sm\">\u00c7al\u0131\u015fma Dalga Boyu<\/td>\n<td data-start=\"2098\" data-end=\"2118\" data-col-size=\"sm\">1310 nm, 1550 nm<\/td>\n<\/tr>\n<tr data-start=\"2119\" data-end=\"2158\">\n<td data-start=\"2119\" data-end=\"2132\" data-col-size=\"sm\">Fiber Modu<\/td>\n<td data-start=\"2132\" data-end=\"2158\" data-col-size=\"sm\">Tek modlu (9\/125 \u00b5m)<\/td>\n<\/tr>\n<tr data-start=\"2159\" data-end=\"2200\">\n<td data-start=\"2159\" data-end=\"2178\" data-col-size=\"sm\">Y\u00fcks\u00fck Malzemesi<\/td>\n<td data-col-size=\"sm\" data-start=\"2178\" data-end=\"2200\">Seramik (Zirkonya)<\/td>\n<\/tr>\n<\/tbody>\n<\/table>\n<\/div>\n<\/div>\n<p data-start=\"2202\" data-end=\"2311\"><em data-start=\"2202\" data-end=\"2273\">De\u011ferler, end\u00fcstri kataloglar\u0131ndaki yayg\u0131n FC APC 0,9 mm konnekt\u00f6rlere dayanmaktad\u0131r.<\/em><\/p>\n<h3 data-start=\"2313\" data-end=\"2343\">\u00c7evresel ve Mekanik<\/h3>\n<div class=\"TyagGW_tableContainer\">\n<div class=\"group TyagGW_tableWrapper flex flex-col-reverse w-fit\" tabindex=\"-1\">\n<table class=\"w-fit min-w-(--thread-content-width)\" data-start=\"2345\" data-end=\"2605\">\n<thead data-start=\"2345\" data-end=\"2372\">\n<tr data-start=\"2345\" data-end=\"2372\">\n<th class=\"align-top\" data-start=\"2345\" data-end=\"2355\" data-col-size=\"sm\">\u00d6zellik<\/th>\n<th class=\"align-top\" data-start=\"2355\" data-end=\"2372\" data-col-size=\"sm\">\u015eartname<\/th>\n<\/tr>\n<\/thead>\n<tbody data-start=\"2402\" data-end=\"2605\">\n<tr data-start=\"2402\" data-end=\"2434\">\n<td data-start=\"2402\" data-end=\"2418\" data-col-size=\"sm\">\u00c7izme \u00c7ap\u0131<\/td>\n<td data-col-size=\"sm\" data-start=\"2418\" data-end=\"2434\">0,9 mm sabit<\/td>\n<\/tr>\n<tr data-start=\"2435\" data-end=\"2479\">\n<td data-start=\"2435\" data-end=\"2459\" data-col-size=\"sm\">\u00c7al\u0131\u015fma S\u0131cakl\u0131\u011f\u0131<\/td>\n<td data-start=\"2459\" data-end=\"2479\" data-col-size=\"sm\">-40 \u00b0C ila +75 \u00b0C<\/td>\n<\/tr>\n<tr data-start=\"2480\" data-end=\"2527\">\n<td data-start=\"2480\" data-end=\"2497\" data-col-size=\"sm\">Konekt\u00f6r Tipi<\/td>\n<td data-col-size=\"sm\" data-start=\"2497\" data-end=\"2527\">APC cilal\u0131 Simplex FC<\/td>\n<\/tr>\n<tr data-start=\"2528\" data-end=\"2567\">\n<td data-start=\"2528\" data-end=\"2545\" data-col-size=\"sm\">Kaplin Stili<\/td>\n<td data-start=\"2545\" data-end=\"2567\" data-col-size=\"sm\">Di\u015fli metal somun<\/td>\n<\/tr>\n<tr data-start=\"2568\" data-end=\"2605\">\n<td data-start=\"2568\" data-end=\"2581\" data-col-size=\"sm\">Uyumluluk<\/td>\n<td data-start=\"2581\" data-end=\"2605\" data-col-size=\"sm\">IEC &amp; RoHS standartlar\u0131<\/td>\n<\/tr>\n<\/tbody>\n<\/table>\n<\/div>\n<\/div>\n<p data-start=\"2607\" data-end=\"2713\"><em data-start=\"2607\" data-end=\"2673\">Tipik saha s\u0131n\u0131f\u0131 ayarlanabilir olmayan konnekt\u00f6rleri temsil eder.<\/em><\/p>\n<hr data-start=\"2715\" data-end=\"2718\" \/>\n<h2 data-start=\"2720\" data-end=\"2737\">Uygulamalar<\/h2>\n<ul data-start=\"2739\" data-end=\"3389\">\n<li data-start=\"2739\" data-end=\"2864\">\n<p data-start=\"2741\" data-end=\"2864\"><strong data-start=\"2741\" data-end=\"2772\">Telekom\u00fcnikasyon A\u011flar\u0131<\/strong> - g\u00fcvenilir omurga ve eri\u015fim katman\u0131 ba\u011flant\u0131lar\u0131.<\/p>\n<\/li>\n<li data-start=\"2865\" data-end=\"3001\">\n<p data-start=\"2867\" data-end=\"3001\"><strong data-start=\"2867\" data-end=\"2895\">FTTH \/ PON Kurulumlar\u0131<\/strong> - y\u00fcksek geri d\u00f6n\u00fc\u015f kayb\u0131 abone ba\u011flant\u0131lar\u0131nda sinyal kalitesini art\u0131r\u0131r.<\/p>\n<\/li>\n<li data-start=\"3002\" data-end=\"3123\">\n<p data-start=\"3004\" data-end=\"3123\"><strong data-start=\"3004\" data-end=\"3032\">CATV &amp; Geni\u015f Bant Sistemleri<\/strong> - Uzun mesafeli ba\u011flant\u0131larda istikrarl\u0131 performans.<\/p>\n<\/li>\n<li data-start=\"3124\" data-end=\"3258\">\n<p data-start=\"3126\" data-end=\"3258\"><strong data-start=\"3126\" data-end=\"3152\">LAN\/WAN Altyap\u0131s\u0131<\/strong> - patch paneller, da\u011f\u0131t\u0131m \u00e7er\u00e7eveleri ve ekipman sonland\u0131rmalar\u0131.<\/p>\n<\/li>\n<li data-start=\"3259\" data-end=\"3389\">\n<p data-start=\"3261\" data-end=\"3389\"><strong data-start=\"3261\" data-end=\"3290\">Laboratuvar ve Test Sistemleri<\/strong> - \u00f6l\u00e7\u00fcm kurulumlar\u0131 i\u00e7in tutarl\u0131 optik performans.<\/p>\n<\/li>\n<\/ul>\n<hr data-start=\"3391\" data-end=\"3394\" \/>\n<h2 data-start=\"3396\" data-end=\"3415\">Profesyonel Soru-Cevap<\/h2>\n<p data-start=\"3417\" data-end=\"3772\"><strong data-start=\"3417\" data-end=\"3478\">S1: Bir FC konnekt\u00f6r\u00fcnde APC cilas\u0131n\u0131n faydas\u0131 nedir?<\/strong><br data-start=\"3478\" data-end=\"3481\" \/><strong data-start=\"3481\" data-end=\"3488\">A1:<\/strong> APC'nin a\u00e7\u0131l\u0131m\u0131 <em data-start=\"3504\" data-end=\"3529\">A\u00e7\u0131l\u0131 Fiziksel Temas<\/em>, y\u00fcks\u00fck u\u00e7 y\u00fczeyinin bir a\u00e7\u0131yla (tipik olarak ~8 \u00b0) parlat\u0131ld\u0131\u011f\u0131 yer. Bu, geri yans\u0131may\u0131 \u00f6nemli \u00f6l\u00e7\u00fcde azaltarak y\u00fcksek geri d\u00f6n\u00fc\u015f kayb\u0131 (&gt; 60 dB) sa\u011flar ve tek modlu sistemlerde sinyal kalitesini art\u0131r\u0131r.<\/p>\n<p data-start=\"3774\" data-end=\"4154\"><strong data-start=\"3774\" data-end=\"3853\">S2: Neden ayarlanabilir bir konnekt\u00f6r yerine ayarlanamayan bir 0,9 mm konnekt\u00f6r kullan\u0131l\u0131yor?<\/strong><br data-start=\"3853\" data-end=\"3856\" \/><strong data-start=\"3856\" data-end=\"3863\">A2:<\/strong> Bu 0,9 mm versiyon gibi ayarlanamayan konnekt\u00f6rler, tutarl\u0131 boyutsal do\u011fruluk ve optik performans i\u00e7in fabrikada \u00f6nceden optimize edilmi\u015ftir. Kurulumu basitle\u015ftirir, sahada ayarlama s\u00fcresini azalt\u0131r ve seri \u00fcretilen fiber montajlar\u0131 i\u00e7in idealdir.<\/p>\n<p data-start=\"4156\" data-end=\"4427\"><strong data-start=\"4156\" data-end=\"4227\">S3: Bu konnekt\u00f6r zorlu titre\u015fim ortamlar\u0131nda kullan\u0131labilir mi?<\/strong><br data-start=\"4227\" data-end=\"4230\" \/><strong data-start=\"4230\" data-end=\"4237\">A3:<\/strong> Evet. Di\u015fli metal kaplin ve sert yap\u0131, mekanik titre\u015fim ve hareketin oldu\u011fu ortamlarda bile sabit ba\u011flant\u0131lar\u0131n korunmas\u0131na yard\u0131mc\u0131 olur.<\/p>","protected":false},"excerpt":{"rendered":"<h2 data-start=\"116\" data-end=\"141\">\u00dcr\u00fcn Tan\u0131t\u0131m\u0131<\/h2>\n<p data-start=\"143\" data-end=\"609\">Bu <strong data-start=\"147\" data-end=\"201\">FC APC 0,9 mm Ayarlanamayan Fiber Optik Konnekt\u00f6r<\/strong> modern optik ileti\u015fim a\u011flar\u0131 i\u00e7in tasarlanm\u0131\u015f y\u00fcksek g\u00fcvenilirli\u011fe sahip bir konnekt\u00f6rd\u00fcr. Sabit 0,9 mm \u00f6ny\u00fckleme boyutu ve A\u00e7\u0131l\u0131 Fiziksel Temas (APC) y\u00fcks\u00fck cilas\u0131 ile bu konekt\u00f6r \u015funlar\u0131 sunar <strong data-start=\"392\" data-end=\"570\">m\u00fckemmel sinyal b\u00fct\u00fcnl\u00fc\u011f\u00fc, d\u00fc\u015f\u00fck ekleme kayb\u0131 ve ultra y\u00fcksek geri d\u00f6n\u00fc\u015f kayb\u0131 - FTTH, PON, CATV, LAN\/WAN ve hassas test ortamlar\u0131 gibi tek modlu da\u011f\u0131t\u0131mlar i\u00e7in ideal<\/strong>.<\/p>\n<p data-start=\"611\" data-end=\"986\">Bu ayarlanamayan versiyon \u015funlar\u0131 sa\u011flar <strong data-start=\"647\" data-end=\"716\">tutarl\u0131 mekanik do\u011fruluk ve tekrarlanabilir optik performans<\/strong> Saha ayar\u0131na gerek kalmadan kurulum ve bak\u0131m\u0131 basitle\u015ftirir. Sa\u011flam metal g\u00f6vde ve korozyona dayan\u0131kl\u0131 yap\u0131, hem i\u00e7 mekan altyap\u0131s\u0131 hem de kontroll\u00fc telekom\u00fcnikasyon ortamlar\u0131 i\u00e7in uygun olmas\u0131n\u0131 sa\u011flar.<\/p>","protected":false},"featured_media":921,"comment_status":"open","ping_status":"closed","template":"","meta":[],"product_brand":[],"product_cat":[34],"product_tag":[],"class_list":{"0":"post-920","1":"product","2":"type-product","3":"status-publish","4":"has-post-thumbnail","6":"product_cat-fc-connector","8":"first","9":"instock","10":"shipping-taxable","11":"product-type-simple"},"_links":{"self":[{"href":"https:\/\/www.fenxifiber.com\/tr\/wp-json\/wp\/v2\/product\/920","targetHints":{"allow":["GET"]}}],"collection":[{"href":"https:\/\/www.fenxifiber.com\/tr\/wp-json\/wp\/v2\/product"}],"about":[{"href":"https:\/\/www.fenxifiber.com\/tr\/wp-json\/wp\/v2\/types\/product"}],"replies":[{"embeddable":true,"href":"https:\/\/www.fenxifiber.com\/tr\/wp-json\/wp\/v2\/comments?post=920"}],"wp:featuredmedia":[{"embeddable":true,"href":"https:\/\/www.fenxifiber.com\/tr\/wp-json\/wp\/v2\/media\/921"}],"wp:attachment":[{"href":"https:\/\/www.fenxifiber.com\/tr\/wp-json\/wp\/v2\/media?parent=920"}],"wp:term":[{"taxonomy":"product_brand","embeddable":true,"href":"https:\/\/www.fenxifiber.com\/tr\/wp-json\/wp\/v2\/product_brand?post=920"},{"taxonomy":"product_cat","embeddable":true,"href":"https:\/\/www.fenxifiber.com\/tr\/wp-json\/wp\/v2\/product_cat?post=920"},{"taxonomy":"product_tag","embeddable":true,"href":"https:\/\/www.fenxifiber.com\/tr\/wp-json\/wp\/v2\/product_tag?post=920"}],"curies":[{"name":"wp","href":"https:\/\/api.w.org\/{rel}","templated":true}]}}