{"id":922,"date":"2026-02-04T03:23:22","date_gmt":"2026-02-04T03:23:22","guid":{"rendered":"https:\/\/www.fenxifiber.com\/?post_type=product&#038;p=922"},"modified":"2026-02-05T02:15:51","modified_gmt":"2026-02-05T02:15:51","slug":"fc-apc-2-0-3-0mm-ayarlanamaz","status":"publish","type":"product","link":"https:\/\/www.fenxifiber.com\/tr\/product\/fc-apc-2-0-3-0mm-non-adjustable\/","title":{"rendered":"FC APC 2.0\/3.0mm Ayarlanamayan Fiber Optik Konnekt\u00f6r"},"content":{"rendered":"<h2 data-start=\"1097\" data-end=\"1114\">Temel \u00d6zellikler<\/h2>\n<ul data-start=\"1116\" data-end=\"1888\">\n<li data-start=\"1116\" data-end=\"1237\">\n<p data-start=\"1118\" data-end=\"1237\"><strong data-start=\"1118\" data-end=\"1163\">Ayarlanamayan sabit 2,0 mm \/ 3,0 mm \u00e7izme<\/strong> standart fiber kablo k\u0131l\u0131flar\u0131 i\u00e7in.<\/p>\n<\/li>\n<li data-start=\"1238\" data-end=\"1349\">\n<p data-start=\"1240\" data-end=\"1349\"><strong data-start=\"1240\" data-end=\"1261\">APC a\u00e7\u0131l\u0131 cila<\/strong> \u00dcst\u00fcn geri d\u00f6n\u00fc\u015f kayb\u0131 performans\u0131 i\u00e7in (\u2265 60 dB).<\/p>\n<\/li>\n<li data-start=\"1350\" data-end=\"1452\">\n<p data-start=\"1352\" data-end=\"1452\"><strong data-start=\"1352\" data-end=\"1374\">D\u00fc\u015f\u00fck ekleme kayb\u0131<\/strong> tek modlu uygulamalar i\u00e7in tipiktir.<\/p>\n<\/li>\n<li data-start=\"1453\" data-end=\"1558\">\n<p data-start=\"1455\" data-end=\"1558\"><strong data-start=\"1455\" data-end=\"1484\">Hassas seramik y\u00fcks\u00fck<\/strong> do\u011fru fiber hizalamas\u0131 sa\u011flar.<\/p>\n<\/li>\n<li data-start=\"1559\" data-end=\"1680\">\n<p data-start=\"1561\" data-end=\"1680\"><strong data-start=\"1561\" data-end=\"1592\">Di\u015fli metal kaplin somunu<\/strong> g\u00fcvenli, titre\u015fime dayan\u0131kl\u0131 ba\u011flant\u0131lar sunar.<\/p>\n<\/li>\n<li data-start=\"1681\" data-end=\"1785\">\n<p data-start=\"1683\" data-end=\"1785\"><strong data-start=\"1683\" data-end=\"1716\">ISO9001:2015 ve RoHS uyumlu<\/strong> imalat ve malzemeler.<\/p>\n<\/li>\n<li data-start=\"1786\" data-end=\"1888\">\n<p data-start=\"1788\" data-end=\"1888\"><strong data-start=\"1788\" data-end=\"1812\">\u00c7oklu \u00e7izme renkleri<\/strong> a\u011f tan\u0131mlamas\u0131 i\u00e7in kullan\u0131labilir.<\/p>\n<\/li>\n<\/ul>\n<hr data-start=\"1890\" data-end=\"1893\" \/>\n<h2 data-start=\"1895\" data-end=\"1924\">Teknik \u00d6zellikler<\/h2>\n<h3 data-start=\"1926\" data-end=\"1949\">Optik Performans<\/h3>\n<div class=\"TyagGW_tableContainer\">\n<div class=\"group TyagGW_tableWrapper flex flex-col-reverse w-fit\" tabindex=\"-1\">\n<table class=\"w-fit min-w-(--thread-content-width)\" data-start=\"1951\" data-end=\"2207\">\n<thead data-start=\"1951\" data-end=\"1980\">\n<tr data-start=\"1951\" data-end=\"1980\">\n<th class=\"align-top\" data-start=\"1951\" data-end=\"1963\" data-col-size=\"sm\">Parametre<\/th>\n<th class=\"align-top\" data-start=\"1963\" data-end=\"1980\" data-col-size=\"sm\">Tipik De\u011fer<\/th>\n<\/tr>\n<\/thead>\n<tbody data-start=\"2012\" data-end=\"2207\">\n<tr data-start=\"2012\" data-end=\"2048\">\n<td data-start=\"2012\" data-end=\"2035\" data-col-size=\"sm\">Ekleme Kayb\u0131 (APC)<\/td>\n<td data-start=\"2035\" data-end=\"2048\" data-col-size=\"sm\">\u2264 0,25 dB<\/td>\n<\/tr>\n<tr data-start=\"2049\" data-end=\"2080\">\n<td data-start=\"2049\" data-end=\"2069\" data-col-size=\"sm\">Geri D\u00f6n\u00fc\u015f Kayb\u0131 (APC)<\/td>\n<td data-start=\"2069\" data-end=\"2080\" data-col-size=\"sm\">\u2265 60 dB<\/td>\n<\/tr>\n<tr data-start=\"2081\" data-end=\"2120\">\n<td data-start=\"2081\" data-end=\"2094\" data-col-size=\"sm\">Fiber Modu<\/td>\n<td data-start=\"2094\" data-end=\"2120\" data-col-size=\"sm\">Tek modlu (9\/125 \u00b5m)<\/td>\n<\/tr>\n<tr data-start=\"2121\" data-end=\"2165\">\n<td data-start=\"2121\" data-end=\"2144\" data-col-size=\"sm\">\u00c7al\u0131\u015fma Dalga Boyu<\/td>\n<td data-start=\"2144\" data-end=\"2165\" data-col-size=\"sm\">1310 nm \/ 1550 nm<\/td>\n<\/tr>\n<tr data-start=\"2166\" data-end=\"2207\">\n<td data-start=\"2166\" data-end=\"2185\" data-col-size=\"sm\">Y\u00fcks\u00fck Malzemesi<\/td>\n<td data-start=\"2185\" data-end=\"2207\" data-col-size=\"sm\">Seramik (Zirkonya)<\/td>\n<\/tr>\n<\/tbody>\n<\/table>\n<\/div>\n<\/div>\n<p data-start=\"2209\" data-end=\"2319\"><em data-start=\"2209\" data-end=\"2279\">2,0\/3,0 mm botlu FC\/APC konnekt\u00f6rleri i\u00e7in tipik end\u00fcstri de\u011ferleri.<\/em><\/p>\n<h3 data-start=\"2321\" data-end=\"2351\">Mekanik ve \u00c7evre<\/h3>\n<div class=\"TyagGW_tableContainer\">\n<div class=\"group TyagGW_tableWrapper flex flex-col-reverse w-fit\" tabindex=\"-1\">\n<table class=\"w-fit min-w-(--thread-content-width)\" data-start=\"2353\" data-end=\"2620\">\n<thead data-start=\"2353\" data-end=\"2380\">\n<tr data-start=\"2353\" data-end=\"2380\">\n<th class=\"align-top\" data-start=\"2353\" data-end=\"2363\" data-col-size=\"sm\">\u00d6zellik<\/th>\n<th class=\"align-top\" data-start=\"2363\" data-end=\"2380\" data-col-size=\"sm\">\u015eartname<\/th>\n<\/tr>\n<\/thead>\n<tbody data-start=\"2410\" data-end=\"2620\">\n<tr data-start=\"2410\" data-end=\"2445\">\n<td data-start=\"2410\" data-end=\"2426\" data-col-size=\"sm\">\u00c7izme \u00c7ap\u0131<\/td>\n<td data-start=\"2426\" data-end=\"2445\" data-col-size=\"sm\">2.0 mm \/ 3.0 mm<\/td>\n<\/tr>\n<tr data-start=\"2446\" data-end=\"2488\">\n<td data-start=\"2446\" data-end=\"2470\" data-col-size=\"sm\">\u00c7al\u0131\u015fma S\u0131cakl\u0131\u011f\u0131<\/td>\n<td data-start=\"2470\" data-end=\"2488\" data-col-size=\"sm\">-40\u00b0C ila +85\u00b0C<\/td>\n<\/tr>\n<tr data-start=\"2489\" data-end=\"2528\">\n<td data-start=\"2489\" data-end=\"2506\" data-col-size=\"sm\">Kaplin Stili<\/td>\n<td data-start=\"2506\" data-end=\"2528\" data-col-size=\"sm\">Di\u015fli metal somun<\/td>\n<\/tr>\n<tr data-start=\"2529\" data-end=\"2582\">\n<td data-start=\"2529\" data-end=\"2551\" data-col-size=\"sm\">Standart Uyumluluk<\/td>\n<td data-start=\"2551\" data-end=\"2582\" data-col-size=\"sm\">IEC 61754-13 \/ ISO9001:2015<\/td>\n<\/tr>\n<tr data-start=\"2583\" data-end=\"2620\">\n<td data-start=\"2583\" data-end=\"2596\" data-col-size=\"sm\">Dayan\u0131kl\u0131l\u0131k<\/td>\n<td data-start=\"2596\" data-end=\"2620\" data-col-size=\"sm\">\u2265 1000 \u00e7iftle\u015fme d\u00f6ng\u00fcs\u00fc<\/td>\n<\/tr>\n<\/tbody>\n<\/table>\n<\/div>\n<\/div>\n<p data-start=\"2622\" data-end=\"2746\"><em data-start=\"2622\" data-end=\"2706\">Ayarlanamayan FC\/APC konnekt\u00f6rleri i\u00e7in standart performans beklentilerini temsil eder.<\/em><\/p>\n<hr data-start=\"2748\" data-end=\"2751\" \/>\n<h2 data-start=\"2753\" data-end=\"2778\">Tipik Uygulamalar<\/h2>\n<ul data-start=\"2780\" data-end=\"3446\">\n<li data-start=\"2780\" data-end=\"2913\">\n<p data-start=\"2782\" data-end=\"2913\"><strong data-start=\"2782\" data-end=\"2813\">Telekom\u00fcnikasyon A\u011flar\u0131<\/strong> - Uzun mesafeli ve metro a\u011flar\u0131 i\u00e7in g\u00fcvenilir sonland\u0131rmalar.<\/p>\n<\/li>\n<li data-start=\"2914\" data-end=\"3040\">\n<p data-start=\"2916\" data-end=\"3040\"><strong data-start=\"2916\" data-end=\"2941\">PON \/ FTTH Da\u011f\u0131t\u0131m\u0131<\/strong> - D\u00fc\u015f\u00fck yans\u0131ma ile kararl\u0131 optik eri\u015fim ba\u011flant\u0131lar\u0131.<\/p>\n<\/li>\n<li data-start=\"3041\" data-end=\"3172\">\n<p data-start=\"3043\" data-end=\"3172\"><strong data-start=\"3043\" data-end=\"3071\">CATV \/ Geni\u015f Bant Sistemleri<\/strong> - Sinyal b\u00fct\u00fcnl\u00fc\u011f\u00fcn\u00fc destekleyen y\u00fcksek return-loss konnekt\u00f6rler.<\/p>\n<\/li>\n<li data-start=\"3173\" data-end=\"3306\">\n<p data-start=\"3175\" data-end=\"3306\"><strong data-start=\"3175\" data-end=\"3203\">LAN ve WAN Altyap\u0131s\u0131<\/strong> - Patch paneller, da\u011f\u0131t\u0131m \u00e7er\u00e7eveleri ve fiber sonland\u0131rmalar.<\/p>\n<\/li>\n<li data-start=\"3307\" data-end=\"3446\">\n<p data-start=\"3309\" data-end=\"3446\"><strong data-start=\"3309\" data-end=\"3352\">Test ve \u00d6l\u00e7\u00fcm Ekipman\u0131 Aray\u00fczleri<\/strong> - Laboratuvar ve saha testlerinde hassas optik hizalama.<\/p>\n<\/li>\n<\/ul>\n<hr data-start=\"3448\" data-end=\"3451\" \/>\n<h2 data-start=\"3453\" data-end=\"3472\">Profesyonel Soru-Cevap<\/h2>\n<p data-start=\"3474\" data-end=\"3850\"><strong data-start=\"3474\" data-end=\"3543\">S1: Neden ayarlanabilir bir konnekt\u00f6r yerine ayarlanamayan bir konnekt\u00f6r se\u00e7melisiniz?<\/strong><br data-start=\"3543\" data-end=\"3546\" \/><strong data-start=\"3546\" data-end=\"3553\">A1:<\/strong> Ayarlanamayan konnekt\u00f6rler, sahada ayarlama ihtiyac\u0131n\u0131 ortadan kald\u0131ran sabit boyutlarla fabrikada optimize edilmi\u015ftir ve y\u00fcksek hacimli \u00fcretimde veya standartla\u015ft\u0131r\u0131lm\u0131\u015f kablo tertibatlar\u0131nda tutarl\u0131 optik performans, daha h\u0131zl\u0131 montaj ve daha kolay kalite kontrol\u00fc sa\u011flar.<\/p>\n<p data-start=\"3852\" data-end=\"4202\"><strong data-start=\"3852\" data-end=\"3897\">S2: APC nedir ve neden faydal\u0131d\u0131r?<\/strong><br data-start=\"3897\" data-end=\"3900\" \/><strong data-start=\"3900\" data-end=\"3907\">A2:<\/strong> APC'nin a\u00e7\u0131l\u0131m\u0131 <em data-start=\"3923\" data-end=\"3948\">A\u00e7\u0131l\u0131 Fiziksel Temas<\/em>. Y\u00fcks\u00fck u\u00e7 y\u00fczeyi bir a\u00e7\u0131yla (genellikle 8\u00b0) parlat\u0131l\u0131r, bu da geri yans\u0131may\u0131 \u00f6nemli \u00f6l\u00e7\u00fcde azalt\u0131r ve y\u00fcksek performansl\u0131 tek modlu a\u011flar ve hassas optik ba\u011flant\u0131lar i\u00e7in kritik olan geri d\u00f6n\u00fc\u015f kayb\u0131n\u0131 art\u0131r\u0131r.<\/p>\n<p data-start=\"4204\" data-end=\"4562\"><strong data-start=\"4204\" data-end=\"4296\">S3: 2.0\/3.0 mm \u00e7izmeli FC APC konekt\u00f6rleri standart telekom kablolar\u0131yla uyumlu mudur?<\/strong><br data-start=\"4296\" data-end=\"4299\" \/><strong data-start=\"4299\" data-end=\"4306\">A3:<\/strong> Evet - 2,0 mm ve 3,0 mm \u00e7aplar\u0131 destekleyen FC APC konnekt\u00f6rleri, tipik telekom ve kurumsal fiber kablo k\u0131l\u0131flar\u0131na uyacak \u015fekilde tasarlanm\u0131\u015ft\u0131r ve geni\u015f bir s\u0131cakl\u0131k aral\u0131\u011f\u0131nda g\u00fcvenli e\u015fle\u015fme ve sa\u011flam performans sunar.<\/p>","protected":false},"excerpt":{"rendered":"<h2 data-start=\"107\" data-end=\"128\">\u00dcr\u00fcne Genel Bak\u0131\u015f<\/h2>\n<p data-start=\"130\" data-end=\"684\">Bu <strong data-start=\"134\" data-end=\"175\"><span class=\"entity-underline hover:entity-accent inline cursor-pointer align-baseline\"><span class=\"whitespace-normal\">FC APC Tek Modlu 3.0mm \u00d6ny\u00fckleme Konnekt\u00f6r\u00fc<\/span><\/span><\/strong> zorlu tek modlu optik ileti\u015fim da\u011f\u0131t\u0131mlar\u0131 i\u00e7in tasarlanm\u0131\u015f hassas \u00fcretimli, ayarlanabilir olmayan bir fiber optik konekt\u00f6rd\u00fcr. Sabit bir ba\u011flant\u0131 ile tasarlanm\u0131\u015ft\u0131r. <strong data-start=\"335\" data-end=\"368\">2,0 mm \/ 3,0 mm \u00e7izme \u00e7ap\u0131<\/strong>, bu konekt\u00f6r, istikrarl\u0131 optik performans ve y\u00fcksek geri d\u00f6n\u00fc\u015f kayb\u0131 sa\u011flar. <strong data-start=\"450\" data-end=\"498\">APC (A\u00e7\u0131l\u0131 Fiziksel Temas) y\u00fcks\u00fck cilas\u0131<\/strong>, i\u00e7in m\u00fckemmel bir se\u00e7imdir. <strong data-start=\"534\" data-end=\"645\">telekom\u00fcnikasyon a\u011flar\u0131, PON\/FTTH sistemleri, CATV, LAN\/WAN altyap\u0131lar\u0131 ve test ekipman\u0131 aray\u00fczleri<\/strong>.<\/p>\n<p data-start=\"686\" data-end=\"1090\">Ayarlanabilir konnekt\u00f6rlerin aksine, ayarlanamayan versiyon sabit boyutlarla fabrikada optimize edilmi\u015f olarak gelir ve sahada ayarlamaya gerek kalmadan tutarl\u0131 e\u015fle\u015fme hizalamas\u0131 ve tekrarlanabilir optik \u00f6zellikler sa\u011flar. Di\u015fli kaplinli sa\u011flam metal g\u00f6vdesi, hem kurulum ortamlar\u0131 hem de uzun s\u00fcreli operasyonlar i\u00e7in ideal olan g\u00fcvenli mekanik ba\u011flant\u0131 sa\u011flar.<\/p>","protected":false},"featured_media":923,"comment_status":"open","ping_status":"closed","template":"","meta":[],"product_brand":[],"product_cat":[34],"product_tag":[],"class_list":{"0":"post-922","1":"product","2":"type-product","3":"status-publish","4":"has-post-thumbnail","6":"product_cat-fc-connector","8":"first","9":"instock","10":"shipping-taxable","11":"product-type-simple"},"_links":{"self":[{"href":"https:\/\/www.fenxifiber.com\/tr\/wp-json\/wp\/v2\/product\/922","targetHints":{"allow":["GET"]}}],"collection":[{"href":"https:\/\/www.fenxifiber.com\/tr\/wp-json\/wp\/v2\/product"}],"about":[{"href":"https:\/\/www.fenxifiber.com\/tr\/wp-json\/wp\/v2\/types\/product"}],"replies":[{"embeddable":true,"href":"https:\/\/www.fenxifiber.com\/tr\/wp-json\/wp\/v2\/comments?post=922"}],"wp:featuredmedia":[{"embeddable":true,"href":"https:\/\/www.fenxifiber.com\/tr\/wp-json\/wp\/v2\/media\/923"}],"wp:attachment":[{"href":"https:\/\/www.fenxifiber.com\/tr\/wp-json\/wp\/v2\/media?parent=922"}],"wp:term":[{"taxonomy":"product_brand","embeddable":true,"href":"https:\/\/www.fenxifiber.com\/tr\/wp-json\/wp\/v2\/product_brand?post=922"},{"taxonomy":"product_cat","embeddable":true,"href":"https:\/\/www.fenxifiber.com\/tr\/wp-json\/wp\/v2\/product_cat?post=922"},{"taxonomy":"product_tag","embeddable":true,"href":"https:\/\/www.fenxifiber.com\/tr\/wp-json\/wp\/v2\/product_tag?post=922"}],"curies":[{"name":"wp","href":"https:\/\/api.w.org\/{rel}","templated":true}]}}