{"id":924,"date":"2026-02-04T03:24:37","date_gmt":"2026-02-04T03:24:37","guid":{"rendered":"https:\/\/www.fenxifiber.com\/?post_type=product&#038;p=924"},"modified":"2026-02-05T02:16:27","modified_gmt":"2026-02-05T02:16:27","slug":"fc-pc-0-9mm-ayarlanamaz","status":"publish","type":"product","link":"https:\/\/www.fenxifiber.com\/tr\/product\/fc-pc-0-9mm-non-adjustable\/","title":{"rendered":"FC PC 0.9mm Ayarlanamayan Fiber Optik Konnekt\u00f6r"},"content":{"rendered":"<h2 data-start=\"989\" data-end=\"1006\">Temel \u00d6zellikler<\/h2>\n<ul data-start=\"1008\" data-end=\"1532\">\n<li data-start=\"1008\" data-end=\"1091\">\n<p data-start=\"1010\" data-end=\"1091\"><strong data-start=\"1010\" data-end=\"1039\">0,9 mm S\u0131k\u0131 Tampon Tasar\u0131m\u0131<\/strong> - \u0130\u00e7 mekan fiber atlama kablolar\u0131 ve pigtailler i\u00e7in optimize edilmi\u015ftir<\/p>\n<\/li>\n<li data-start=\"1092\" data-end=\"1167\">\n<p data-start=\"1094\" data-end=\"1167\"><strong data-start=\"1094\" data-end=\"1126\">PC (Fiziksel Temas) Leh\u00e7e<\/strong> - D\u00fc\u015f\u00fck ekleme kayb\u0131 i\u00e7in d\u00fcz u\u00e7 y\u00fcz<\/p>\n<\/li>\n<li data-start=\"1168\" data-end=\"1249\">\n<p data-start=\"1170\" data-end=\"1249\"><strong data-start=\"1170\" data-end=\"1198\">Ayarlanamayan Yap\u0131<\/strong> - Tutarl\u0131 kalite i\u00e7in fabrikada sabitlenmi\u015f hizalama<\/p>\n<\/li>\n<li data-start=\"1250\" data-end=\"1319\">\n<p data-start=\"1252\" data-end=\"1319\"><strong data-start=\"1252\" data-end=\"1276\">FC Di\u015fli Kaplin<\/strong> - G\u00fcvenli, titre\u015fime dayan\u0131kl\u0131 ba\u011flant\u0131<\/p>\n<\/li>\n<li data-start=\"1320\" data-end=\"1388\">\n<p data-start=\"1322\" data-end=\"1388\"><strong data-start=\"1322\" data-end=\"1350\">Zirkonya Seramik Y\u00fcks\u00fck<\/strong> - Y\u00fcksek konsantriklik ve dayan\u0131kl\u0131l\u0131k<\/p>\n<\/li>\n<li data-start=\"1389\" data-end=\"1457\">\n<p data-start=\"1391\" data-end=\"1457\"><strong data-start=\"1391\" data-end=\"1419\">RoHS uyumlu Malzemeler<\/strong> - G\u00fcvenli ve \u00e7evre dostu<\/p>\n<\/li>\n<li data-start=\"1458\" data-end=\"1532\">\n<p data-start=\"1460\" data-end=\"1532\"><strong data-start=\"1460\" data-end=\"1480\">Uzun \u00c7iftle\u015fme \u00d6mr\u00fc<\/strong> - Tekrarlanan ba\u011flanma\/ba\u011flant\u0131 kesme d\u00f6ng\u00fcleri i\u00e7in tasarlanm\u0131\u015ft\u0131r<\/p>\n<\/li>\n<\/ul>\n<hr data-start=\"1534\" data-end=\"1537\" \/>\n<h2 data-start=\"1539\" data-end=\"1566\">Optik \u00d6zellikler<\/h2>\n<div class=\"TyagGW_tableContainer\">\n<div class=\"group TyagGW_tableWrapper flex flex-col-reverse w-fit\" tabindex=\"-1\">\n<table class=\"w-fit min-w-(--thread-content-width)\" data-start=\"1568\" data-end=\"1844\">\n<thead data-start=\"1568\" data-end=\"1597\">\n<tr data-start=\"1568\" data-end=\"1597\">\n<th class=\"\" data-start=\"1568\" data-end=\"1580\" data-col-size=\"sm\">Parametre<\/th>\n<th class=\"\" data-start=\"1580\" data-end=\"1597\" data-col-size=\"sm\">Tipik De\u011fer<\/th>\n<\/tr>\n<\/thead>\n<tbody data-start=\"1625\" data-end=\"1844\">\n<tr data-start=\"1625\" data-end=\"1664\">\n<td data-start=\"1625\" data-end=\"1638\" data-col-size=\"sm\">Elyaf Tipi<\/td>\n<td data-start=\"1638\" data-end=\"1664\" data-col-size=\"sm\">Tek modlu (9\/125 \u00b5m)<\/td>\n<\/tr>\n<tr data-start=\"1665\" data-end=\"1704\">\n<td data-start=\"1665\" data-end=\"1679\" data-col-size=\"sm\">Leh\u00e7e Tipi<\/td>\n<td data-start=\"1679\" data-end=\"1704\" data-col-size=\"sm\">PC (Fiziksel Temas)<\/td>\n<\/tr>\n<tr data-start=\"1705\" data-end=\"1735\">\n<td data-start=\"1705\" data-end=\"1722\" data-col-size=\"sm\">Ekleme Kayb\u0131<\/td>\n<td data-start=\"1722\" data-end=\"1735\" data-col-size=\"sm\">\u2264 0,30 dB<\/td>\n<\/tr>\n<tr data-start=\"1736\" data-end=\"1761\">\n<td data-start=\"1736\" data-end=\"1750\" data-col-size=\"sm\">Geri D\u00f6n\u00fc\u015f Kayb\u0131<\/td>\n<td data-start=\"1750\" data-end=\"1761\" data-col-size=\"sm\">\u2265 45 dB<\/td>\n<\/tr>\n<tr data-start=\"1762\" data-end=\"1806\">\n<td data-start=\"1762\" data-end=\"1785\" data-col-size=\"sm\">\u00c7al\u0131\u015fma Dalga Boyu<\/td>\n<td data-start=\"1785\" data-end=\"1806\" data-col-size=\"sm\">1310 nm \/ 1550 nm<\/td>\n<\/tr>\n<tr data-start=\"1807\" data-end=\"1844\">\n<td data-start=\"1807\" data-end=\"1827\" data-col-size=\"sm\">\u00c7iftle\u015fme Dayan\u0131kl\u0131l\u0131\u011f\u0131<\/td>\n<td data-start=\"1827\" data-end=\"1844\" data-col-size=\"sm\">\u2265 1000 d\u00f6ng\u00fc<\/td>\n<\/tr>\n<\/tbody>\n<\/table>\n<\/div>\n<\/div>\n<hr data-start=\"1846\" data-end=\"1849\" \/>\n<h2 data-start=\"1851\" data-end=\"1882\">Mekanik ve \u00c7evre<\/h2>\n<div class=\"TyagGW_tableContainer\">\n<div class=\"group TyagGW_tableWrapper flex flex-col-reverse w-fit\" tabindex=\"-1\">\n<table class=\"w-fit min-w-(--thread-content-width)\" data-start=\"1884\" data-end=\"2149\">\n<thead data-start=\"1884\" data-end=\"1908\">\n<tr data-start=\"1884\" data-end=\"1908\">\n<th class=\"\" data-start=\"1884\" data-end=\"1891\" data-col-size=\"sm\">\u00d6\u011fe<\/th>\n<th class=\"\" data-start=\"1891\" data-end=\"1908\" data-col-size=\"sm\">\u015eartname<\/th>\n<\/tr>\n<\/thead>\n<tbody data-start=\"1934\" data-end=\"2149\">\n<tr data-start=\"1934\" data-end=\"1960\">\n<td data-start=\"1934\" data-end=\"1951\" data-col-size=\"sm\">Konekt\u00f6r Tipi<\/td>\n<td data-start=\"1951\" data-end=\"1960\" data-col-size=\"sm\">FC PC<\/td>\n<\/tr>\n<tr data-start=\"1961\" data-end=\"1987\">\n<td data-start=\"1961\" data-end=\"1977\" data-col-size=\"sm\">\u00c7izme \u00c7ap\u0131<\/td>\n<td data-start=\"1977\" data-end=\"1987\" data-col-size=\"sm\">0,9 mm<\/td>\n<\/tr>\n<tr data-start=\"1988\" data-end=\"2027\">\n<td data-start=\"1988\" data-end=\"2007\" data-col-size=\"sm\">Y\u00fcks\u00fck Malzemesi<\/td>\n<td data-start=\"2007\" data-end=\"2027\" data-col-size=\"sm\">Zirkonya Seramik<\/td>\n<\/tr>\n<tr data-start=\"2028\" data-end=\"2073\">\n<td data-start=\"2028\" data-end=\"2049\" data-col-size=\"sm\">Ba\u011flant\u0131 Mekanizmas\u0131<\/td>\n<td data-start=\"2049\" data-end=\"2073\" data-col-size=\"sm\">Di\u015fli metal vida<\/td>\n<\/tr>\n<tr data-start=\"2074\" data-end=\"2118\">\n<td data-start=\"2074\" data-end=\"2098\" data-col-size=\"sm\">\u00c7al\u0131\u015fma S\u0131cakl\u0131\u011f\u0131<\/td>\n<td data-start=\"2098\" data-end=\"2118\" data-col-size=\"sm\">-40 \u00b0C ila +75 \u00b0C<\/td>\n<\/tr>\n<tr data-start=\"2119\" data-end=\"2149\">\n<td data-start=\"2119\" data-end=\"2138\" data-col-size=\"sm\">\u00c7ekme Dayan\u0131m\u0131<\/td>\n<td data-start=\"2138\" data-end=\"2149\" data-col-size=\"sm\">\u2265 200 N<\/td>\n<\/tr>\n<\/tbody>\n<\/table>\n<\/div>\n<\/div>\n<hr data-start=\"2151\" data-end=\"2154\" \/>\n<h2 data-start=\"2156\" data-end=\"2181\">Tipik Uygulamalar<\/h2>\n<ul data-start=\"2183\" data-end=\"2393\">\n<li data-start=\"2183\" data-end=\"2217\">\n<p data-start=\"2185\" data-end=\"2217\"><strong data-start=\"2185\" data-end=\"2215\">Telekom\u00fcnikasyon a\u011flar\u0131<\/strong><\/p>\n<\/li>\n<li data-start=\"2218\" data-end=\"2244\">\n<p data-start=\"2220\" data-end=\"2244\"><strong data-start=\"2220\" data-end=\"2242\">FTTH &amp; PON sistemleri<\/strong><\/p>\n<\/li>\n<li data-start=\"2245\" data-end=\"2281\">\n<p data-start=\"2247\" data-end=\"2281\"><strong data-start=\"2247\" data-end=\"2279\">Fiber pigtailler ve patch cordlar<\/strong><\/p>\n<\/li>\n<li data-start=\"2282\" data-end=\"2323\">\n<p data-start=\"2284\" data-end=\"2323\"><strong data-start=\"2284\" data-end=\"2321\">Optik da\u011f\u0131t\u0131m \u00e7er\u00e7eveleri (ODF)<\/strong><\/p>\n<\/li>\n<li data-start=\"2324\" data-end=\"2356\">\n<p data-start=\"2326\" data-end=\"2356\"><strong data-start=\"2326\" data-end=\"2354\">CATV ve geni\u015f bant sistemleri<\/strong><\/p>\n<\/li>\n<li data-start=\"2357\" data-end=\"2393\">\n<p data-start=\"2359\" data-end=\"2393\"><strong data-start=\"2359\" data-end=\"2391\">Test ve \u00f6l\u00e7\u00fcm ekipmanlar\u0131<\/strong><\/p>\n<\/li>\n<\/ul>\n<hr data-start=\"2395\" data-end=\"2398\" \/>\n<h2 data-start=\"2400\" data-end=\"2443\">Neden FC PC 0.9mm Ayarlanamaz'\u0131 Se\u00e7melisiniz?<\/h2>\n<p data-start=\"2445\" data-end=\"2526\">Ayarlanabilir konekt\u00f6rlerle kar\u015f\u0131la\u015ft\u0131r\u0131ld\u0131\u011f\u0131nda <strong data-start=\"2486\" data-end=\"2516\">ayarlanamayan FC PC 0,9 mm<\/strong> sa\u011flar:<\/p>\n<ul data-start=\"2528\" data-end=\"2665\">\n<li data-start=\"2528\" data-end=\"2564\">\n<p data-start=\"2530\" data-end=\"2564\">Daha fazla <strong data-start=\"2535\" data-end=\"2562\">kararl\u0131 optik geometri<\/strong><\/p>\n<\/li>\n<li data-start=\"2565\" data-end=\"2599\">\n<p data-start=\"2567\" data-end=\"2599\">Daha h\u0131zl\u0131 <strong data-start=\"2574\" data-end=\"2597\">fabrika sonland\u0131rmas\u0131<\/strong><\/p>\n<\/li>\n<li data-start=\"2600\" data-end=\"2632\">\n<p data-start=\"2602\" data-end=\"2632\">Daha iyi <strong data-start=\"2609\" data-end=\"2630\">parti tutarl\u0131l\u0131\u011f\u0131<\/strong><\/p>\n<\/li>\n<li data-start=\"2633\" data-end=\"2665\">\n<p data-start=\"2635\" data-end=\"2665\">Daha d\u00fc\u015f\u00fck <strong data-start=\"2641\" data-end=\"2663\">saha ar\u0131za oran\u0131<\/strong><\/p>\n<\/li>\n<\/ul>\n<p data-start=\"2667\" data-end=\"2750\">Bu, onu a\u015fa\u011f\u0131dakiler i\u00e7in ideal k\u0131lar <strong data-start=\"2691\" data-end=\"2749\">OEM kablo montaj\u0131 ve y\u00fcksek hacimli fiber \u00fcretimi<\/strong>.<\/p>\n<hr data-start=\"2752\" data-end=\"2755\" \/>\n<h2 data-start=\"2757\" data-end=\"2778\">Profesyonel Soru-Cevap<\/h2>\n<p data-start=\"2780\" data-end=\"3095\"><strong data-start=\"2780\" data-end=\"2836\">S1: FC PC ve FC APC aras\u0131ndaki fark nedir?<\/strong><br data-start=\"2836\" data-end=\"2839\" \/><strong data-start=\"2839\" data-end=\"2845\">A:<\/strong> FC PC bir <strong data-start=\"2859\" data-end=\"2885\">d\u00fcz cilal\u0131 u\u00e7 y\u00fczey<\/strong> geri d\u00f6n\u00fc\u015f kayb\u0131 tipik olarak \u226545 dB iken, FC APC <strong data-start=\"2941\" data-end=\"2961\">8\u00b0 a\u00e7\u0131l\u0131 cila<\/strong> \u00e7ok daha y\u00fcksek geri d\u00f6n\u00fc\u015f kayb\u0131 (\u226560 dB) ile. PC, a\u015f\u0131r\u0131 yans\u0131ma kontrol\u00fcn\u00fcn gerekli olmad\u0131\u011f\u0131 telekom ve LAN sistemlerinde yayg\u0131n olarak kullan\u0131lmaktad\u0131r.<\/p>\n<hr data-start=\"3097\" data-end=\"3100\" \/>\n<p data-start=\"3102\" data-end=\"3332\"><strong data-start=\"3102\" data-end=\"3154\">S2: Neden 2.0mm veya 3.0mm yerine 0.9mm kullan\u0131l\u0131yor?<\/strong><br data-start=\"3154\" data-end=\"3157\" \/><strong data-start=\"3157\" data-end=\"3163\">A:<\/strong> <strong data-start=\"3164\" data-end=\"3184\">0,9 mm konekt\u00f6rler<\/strong> i\u00e7in tasarlanm\u0131\u015ft\u0131r <strong data-start=\"3202\" data-end=\"3227\">s\u0131k\u0131 tamponlu lifler<\/strong> yama kablolar\u0131, pigtailler ve ekipman i\u00e7inde kullan\u0131l\u0131r ve <strong data-start=\"3287\" data-end=\"3331\">kompakt ve hafif kablo tertibatlar\u0131<\/strong>.<\/p>\n<hr data-start=\"3334\" data-end=\"3337\" \/>\n<p data-start=\"3339\" data-end=\"3603\"><strong data-start=\"3339\" data-end=\"3413\">S3: FC PC 0.9mm konnekt\u00f6rler y\u00fcksek titre\u015fimli ortamlarda kullan\u0131labilir mi?<\/strong><br data-start=\"3413\" data-end=\"3416\" \/><strong data-start=\"3416\" data-end=\"3422\">A:<\/strong> Evet. <strong data-start=\"3432\" data-end=\"3456\">di\u015fli FC kaplin<\/strong> titre\u015fime ve mekanik harekete kar\u015f\u0131 m\u00fckemmel diren\u00e7 sa\u011flayarak telekom raflar\u0131, aletler ve end\u00fcstriyel fiber ba\u011flant\u0131lar i\u00e7in uygun hale getirir.<\/p>","protected":false},"excerpt":{"rendered":"<h2 data-start=\"117\" data-end=\"138\">\u00dcr\u00fcne Genel Bak\u0131\u015f<\/h2>\n<p data-start=\"140\" data-end=\"384\">Bu <strong data-start=\"144\" data-end=\"184\">FC PC 0,9 mm Ayarlanamayan Konnekt\u00f6r<\/strong> i\u00e7in tasarlanm\u0131\u015f kompakt, y\u00fcksek hassasiyetli bir fiber optik konekt\u00f6rd\u00fcr. <strong data-start=\"251\" data-end=\"295\">s\u0131k\u0131 tamponlu (0,9 mm) tek modlu fiberler<\/strong> Telekom a\u011flar\u0131nda, FTTH drop kablolar\u0131nda, test ekipmanlar\u0131nda ve patch cord montajlar\u0131nda kullan\u0131l\u0131r.<\/p>\n<p data-start=\"386\" data-end=\"680\">\u00d6zellikli bir <strong data-start=\"398\" data-end=\"445\">PC (Fiziksel Temas) d\u00fcz cilal\u0131 y\u00fcks\u00fck<\/strong> ve bir <strong data-start=\"452\" data-end=\"482\">di\u015fli FC metal kaplin<\/strong>, bu konekt\u00f6r \u015funlar\u0131 sa\u011flar <strong data-start=\"508\" data-end=\"594\">istikrarl\u0131 optik performans, d\u00fc\u015f\u00fck ekleme kayb\u0131 ve m\u00fckemmel mekanik tutuculuk<\/strong>-Titre\u015fim direnci ve tekrarlanabilir e\u015fle\u015fmenin gerekli oldu\u011fu ortamlar i\u00e7in idealdir.<\/p>\n<p data-start=\"682\" data-end=\"982\">Olarak <strong data-start=\"687\" data-end=\"705\">ayarlanamaz<\/strong> modelinde, konekt\u00f6r fabrikada hizalan\u0131r ve sabitlenir, b\u00f6ylece <strong data-start=\"766\" data-end=\"839\">tutarl\u0131 geometri, daha h\u0131zl\u0131 sonland\u0131rma ve daha d\u00fc\u015f\u00fck montaj varyasyonu<\/strong>-gibi \u00fcreticilerin seri \u00fcretim ve standartla\u015ft\u0131r\u0131lm\u0131\u015f fiber montajlar\u0131 i\u00e7in m\u00fckemmeldir. <strong data-start=\"926\" data-end=\"982\">Changzhou Fenxi Optoelektronik Technology Co, Ltd.<\/strong><\/p>","protected":false},"featured_media":925,"comment_status":"open","ping_status":"closed","template":"","meta":[],"product_brand":[],"product_cat":[34],"product_tag":[],"class_list":{"0":"post-924","1":"product","2":"type-product","3":"status-publish","4":"has-post-thumbnail","6":"product_cat-fc-connector","8":"first","9":"instock","10":"shipping-taxable","11":"product-type-simple"},"_links":{"self":[{"href":"https:\/\/www.fenxifiber.com\/tr\/wp-json\/wp\/v2\/product\/924","targetHints":{"allow":["GET"]}}],"collection":[{"href":"https:\/\/www.fenxifiber.com\/tr\/wp-json\/wp\/v2\/product"}],"about":[{"href":"https:\/\/www.fenxifiber.com\/tr\/wp-json\/wp\/v2\/types\/product"}],"replies":[{"embeddable":true,"href":"https:\/\/www.fenxifiber.com\/tr\/wp-json\/wp\/v2\/comments?post=924"}],"wp:featuredmedia":[{"embeddable":true,"href":"https:\/\/www.fenxifiber.com\/tr\/wp-json\/wp\/v2\/media\/925"}],"wp:attachment":[{"href":"https:\/\/www.fenxifiber.com\/tr\/wp-json\/wp\/v2\/media?parent=924"}],"wp:term":[{"taxonomy":"product_brand","embeddable":true,"href":"https:\/\/www.fenxifiber.com\/tr\/wp-json\/wp\/v2\/product_brand?post=924"},{"taxonomy":"product_cat","embeddable":true,"href":"https:\/\/www.fenxifiber.com\/tr\/wp-json\/wp\/v2\/product_cat?post=924"},{"taxonomy":"product_tag","embeddable":true,"href":"https:\/\/www.fenxifiber.com\/tr\/wp-json\/wp\/v2\/product_tag?post=924"}],"curies":[{"name":"wp","href":"https:\/\/api.w.org\/{rel}","templated":true}]}}