{"id":926,"date":"2026-02-04T03:25:34","date_gmt":"2026-02-04T03:25:34","guid":{"rendered":"https:\/\/www.fenxifiber.com\/?post_type=product&#038;p=926"},"modified":"2026-02-05T02:17:12","modified_gmt":"2026-02-05T02:17:12","slug":"fc-pc-0-9mm-ayarlanabilir","status":"publish","type":"product","link":"https:\/\/www.fenxifiber.com\/tr\/product\/fc-pc-0-9mm-adjustable\/","title":{"rendered":"FC PC 0.9mm Ayarlanabilir Fiber Optik Konnekt\u00f6r"},"content":{"rendered":"<h2 data-start=\"867\" data-end=\"884\">Temel \u00d6zellikler<\/h2>\n<ul data-start=\"886\" data-end=\"1439\">\n<li data-start=\"886\" data-end=\"963\">\n<p data-start=\"888\" data-end=\"963\"><strong data-start=\"888\" data-end=\"918\">0,9 mm S\u0131k\u0131 Tampon Deste\u011fi<\/strong> - Kompakt i\u00e7 mekan fiber kablolar\u0131 i\u00e7in tasarlanm\u0131\u015ft\u0131r<\/p>\n<\/li>\n<li data-start=\"964\" data-end=\"1044\">\n<p data-start=\"966\" data-end=\"1044\"><strong data-start=\"966\" data-end=\"998\">PC (Fiziksel Temas) Leh\u00e7e<\/strong> - D\u00fc\u015f\u00fck ekleme kayb\u0131 i\u00e7in d\u00fcz fiber kontak<\/p>\n<\/li>\n<li data-start=\"1045\" data-end=\"1139\">\n<p data-start=\"1047\" data-end=\"1139\"><strong data-start=\"1047\" data-end=\"1076\">Ayarlanabilir Y\u00fcks\u00fck Tasar\u0131m\u0131<\/strong> - Elyaf y\u00fcksekli\u011finin ve u\u00e7 y\u00fczey geometrisinin hassas kontrol\u00fcn\u00fc sa\u011flar<\/p>\n<\/li>\n<li data-start=\"1140\" data-end=\"1214\">\n<p data-start=\"1142\" data-end=\"1214\"><strong data-start=\"1142\" data-end=\"1177\">Y\u00fcksek Hassasiyetli Zirkonya Y\u00fcks\u00fck<\/strong> - Do\u011fru fiber hizalamas\u0131 sa\u011flar<\/p>\n<\/li>\n<li data-start=\"1215\" data-end=\"1294\">\n<p data-start=\"1217\" data-end=\"1294\"><strong data-start=\"1217\" data-end=\"1241\">FC Di\u015fli Kaplin<\/strong> - M\u00fckemmel mekanik stabilite ve tekrarlanabilirlik<\/p>\n<\/li>\n<li data-start=\"1295\" data-end=\"1365\">\n<p data-start=\"1297\" data-end=\"1365\"><strong data-start=\"1297\" data-end=\"1322\">Uzun \u00d6m\u00fcrl\u00fc Performans<\/strong> - 1000'den fazla \u00e7iftle\u015fme d\u00f6ng\u00fcs\u00fc i\u00e7in derecelendirilmi\u015ftir<\/p>\n<\/li>\n<li data-start=\"1366\" data-end=\"1439\">\n<p data-start=\"1368\" data-end=\"1439\"><strong data-start=\"1368\" data-end=\"1396\">RoHS Uyumlu Malzemeler<\/strong> - \u00c7evre dostu \u00fcretim<\/p>\n<\/li>\n<\/ul>\n<hr data-start=\"1441\" data-end=\"1444\" \/>\n<h2 data-start=\"1446\" data-end=\"1470\">Optik Performans<\/h2>\n<div class=\"TyagGW_tableContainer\">\n<div class=\"group TyagGW_tableWrapper flex flex-col-reverse w-fit\" tabindex=\"-1\">\n<table class=\"w-fit min-w-(--thread-content-width)\" data-start=\"1472\" data-end=\"1749\">\n<thead data-start=\"1472\" data-end=\"1501\">\n<tr data-start=\"1472\" data-end=\"1501\">\n<th class=\"\" data-start=\"1472\" data-end=\"1484\" data-col-size=\"sm\">Parametre<\/th>\n<th class=\"\" data-start=\"1484\" data-end=\"1501\" data-col-size=\"sm\">Tipik De\u011fer<\/th>\n<\/tr>\n<\/thead>\n<tbody data-start=\"1530\" data-end=\"1749\">\n<tr data-start=\"1530\" data-end=\"1569\">\n<td data-start=\"1530\" data-end=\"1543\" data-col-size=\"sm\">Elyaf Tipi<\/td>\n<td data-start=\"1543\" data-end=\"1569\" data-col-size=\"sm\">Tek modlu (9\/125 \u00b5m)<\/td>\n<\/tr>\n<tr data-start=\"1570\" data-end=\"1609\">\n<td data-start=\"1570\" data-end=\"1584\" data-col-size=\"sm\">Leh\u00e7e Tipi<\/td>\n<td data-start=\"1584\" data-end=\"1609\" data-col-size=\"sm\">PC (Fiziksel Temas)<\/td>\n<\/tr>\n<tr data-start=\"1610\" data-end=\"1640\">\n<td data-start=\"1610\" data-end=\"1627\" data-col-size=\"sm\">Ekleme Kayb\u0131<\/td>\n<td data-start=\"1627\" data-end=\"1640\" data-col-size=\"sm\">\u2264 0,30 dB<\/td>\n<\/tr>\n<tr data-start=\"1641\" data-end=\"1666\">\n<td data-start=\"1641\" data-end=\"1655\" data-col-size=\"sm\">Geri D\u00f6n\u00fc\u015f Kayb\u0131<\/td>\n<td data-start=\"1655\" data-end=\"1666\" data-col-size=\"sm\">\u2265 45 dB<\/td>\n<\/tr>\n<tr data-start=\"1667\" data-end=\"1711\">\n<td data-start=\"1667\" data-end=\"1690\" data-col-size=\"sm\">\u00c7al\u0131\u015fma Dalga Boyu<\/td>\n<td data-col-size=\"sm\" data-start=\"1690\" data-end=\"1711\">1310 nm \/ 1550 nm<\/td>\n<\/tr>\n<tr data-start=\"1712\" data-end=\"1749\">\n<td data-start=\"1712\" data-end=\"1732\" data-col-size=\"sm\">\u00c7iftle\u015fme Dayan\u0131kl\u0131l\u0131\u011f\u0131<\/td>\n<td data-col-size=\"sm\" data-start=\"1732\" data-end=\"1749\">\u2265 1000 d\u00f6ng\u00fc<\/td>\n<\/tr>\n<\/tbody>\n<\/table>\n<\/div>\n<\/div>\n<hr data-start=\"1751\" data-end=\"1754\" \/>\n<h2 data-start=\"1756\" data-end=\"1787\">Mekanik ve \u00c7evre<\/h2>\n<div class=\"TyagGW_tableContainer\">\n<div class=\"group TyagGW_tableWrapper flex flex-col-reverse w-fit\" tabindex=\"-1\">\n<table class=\"w-fit min-w-(--thread-content-width)\" data-start=\"1789\" data-end=\"2113\">\n<thead data-start=\"1789\" data-end=\"1813\">\n<tr data-start=\"1789\" data-end=\"1813\">\n<th class=\"\" data-start=\"1789\" data-end=\"1796\" data-col-size=\"sm\">\u00d6\u011fe<\/th>\n<th class=\"\" data-start=\"1796\" data-end=\"1813\" data-col-size=\"sm\">\u015eartname<\/th>\n<\/tr>\n<\/thead>\n<tbody data-start=\"1840\" data-end=\"2113\">\n<tr data-start=\"1840\" data-end=\"1877\">\n<td data-start=\"1840\" data-end=\"1857\" data-col-size=\"sm\">Konekt\u00f6r Tipi<\/td>\n<td data-start=\"1857\" data-end=\"1877\" data-col-size=\"sm\">FC PC Ayarlanabilir<\/td>\n<\/tr>\n<tr data-start=\"1878\" data-end=\"1904\">\n<td data-start=\"1878\" data-end=\"1894\" data-col-size=\"sm\">\u00c7izme \u00c7ap\u0131<\/td>\n<td data-start=\"1894\" data-end=\"1904\" data-col-size=\"sm\">0,9 mm<\/td>\n<\/tr>\n<tr data-start=\"1905\" data-end=\"1944\">\n<td data-start=\"1905\" data-end=\"1924\" data-col-size=\"sm\">Y\u00fcks\u00fck Malzemesi<\/td>\n<td data-start=\"1924\" data-end=\"1944\" data-col-size=\"sm\">Zirkonya Seramik<\/td>\n<\/tr>\n<tr data-start=\"1945\" data-end=\"1990\">\n<td data-start=\"1945\" data-end=\"1966\" data-col-size=\"sm\">Ba\u011flant\u0131 Mekanizmas\u0131<\/td>\n<td data-start=\"1966\" data-end=\"1990\" data-col-size=\"sm\">Di\u015fli metal vida<\/td>\n<\/tr>\n<tr data-start=\"1991\" data-end=\"2037\">\n<td data-start=\"1991\" data-end=\"2009\" data-col-size=\"sm\">Ayarlama Tipi<\/td>\n<td data-start=\"2009\" data-end=\"2037\" data-col-size=\"sm\">Y\u00fcks\u00fck eksenel ayar\u0131<\/td>\n<\/tr>\n<tr data-start=\"2038\" data-end=\"2082\">\n<td data-start=\"2038\" data-end=\"2062\" data-col-size=\"sm\">\u00c7al\u0131\u015fma S\u0131cakl\u0131\u011f\u0131<\/td>\n<td data-start=\"2062\" data-end=\"2082\" data-col-size=\"sm\">-40 \u00b0C ila +75 \u00b0C<\/td>\n<\/tr>\n<tr data-start=\"2083\" data-end=\"2113\">\n<td data-start=\"2083\" data-end=\"2102\" data-col-size=\"sm\">\u00c7ekme Dayan\u0131m\u0131<\/td>\n<td data-start=\"2102\" data-end=\"2113\" data-col-size=\"sm\">\u2265 200 N<\/td>\n<\/tr>\n<\/tbody>\n<\/table>\n<\/div>\n<\/div>\n<hr data-start=\"2115\" data-end=\"2118\" \/>\n<h2 data-start=\"2120\" data-end=\"2145\">Tipik Uygulamalar<\/h2>\n<ul data-start=\"2147\" data-end=\"2392\">\n<li data-start=\"2147\" data-end=\"2201\">\n<p data-start=\"2149\" data-end=\"2201\"><strong data-start=\"2149\" data-end=\"2199\">Telekom\u00fcnikasyon omurgas\u0131 ve eri\u015fim a\u011flar\u0131<\/strong><\/p>\n<\/li>\n<li data-start=\"2202\" data-end=\"2232\">\n<p data-start=\"2204\" data-end=\"2232\"><strong data-start=\"2204\" data-end=\"2230\">FTTH &amp; PON fiber ba\u011flant\u0131lar\u0131<\/strong><\/p>\n<\/li>\n<li data-start=\"2233\" data-end=\"2277\">\n<p data-start=\"2235\" data-end=\"2277\"><strong data-start=\"2235\" data-end=\"2275\">Fiber optik pigtailler ve patch cordlar<\/strong><\/p>\n<\/li>\n<li data-start=\"2278\" data-end=\"2320\">\n<p data-start=\"2280\" data-end=\"2320\"><strong data-start=\"2280\" data-end=\"2318\">ODF \u00e7er\u00e7eveleri ve da\u011f\u0131t\u0131m panelleri<\/strong><\/p>\n<\/li>\n<li data-start=\"2321\" data-end=\"2357\">\n<p data-start=\"2323\" data-end=\"2357\"><strong data-start=\"2323\" data-end=\"2355\">Test ve \u00f6l\u00e7\u00fcm ekipmanlar\u0131<\/strong><\/p>\n<\/li>\n<li data-start=\"2358\" data-end=\"2392\">\n<p data-start=\"2360\" data-end=\"2392\"><strong data-start=\"2360\" data-end=\"2390\">CATV ve geni\u015f bant sistemleri<\/strong><\/p>\n<\/li>\n<\/ul>\n<hr data-start=\"2394\" data-end=\"2397\" \/>\n<h2 data-start=\"2399\" data-end=\"2451\">Neden Ayarlanabilir FC PC 0,9mm Konnekt\u00f6r Se\u00e7melisiniz?<\/h2>\n<p data-start=\"2453\" data-end=\"2534\">Ayarlanabilir olmayan konekt\u00f6rlerle kar\u015f\u0131la\u015ft\u0131r\u0131ld\u0131\u011f\u0131nda <strong data-start=\"2498\" data-end=\"2524\">ayarlanabilir FC PC 0,9 mm<\/strong> sa\u011flar:<\/p>\n<ul data-start=\"2536\" data-end=\"2721\">\n<li data-start=\"2536\" data-end=\"2579\">\n<p data-start=\"2538\" data-end=\"2579\"><strong data-start=\"2538\" data-end=\"2577\">Daha hassas fiber u\u00e7 y\u00fczey kontrol\u00fc<\/strong><\/p>\n<\/li>\n<li data-start=\"2580\" data-end=\"2627\">\n<p data-start=\"2582\" data-end=\"2627\"><strong data-start=\"2582\" data-end=\"2625\">Parlatma sonu\u00e7lar\u0131nda daha iyi tutarl\u0131l\u0131k<\/strong><\/p>\n<\/li>\n<li data-start=\"2628\" data-end=\"2671\">\n<p data-start=\"2630\" data-end=\"2671\"><strong data-start=\"2630\" data-end=\"2669\">Partiler aras\u0131nda daha d\u00fc\u015f\u00fck ekleme kayb\u0131<\/strong><\/p>\n<\/li>\n<li data-start=\"2672\" data-end=\"2721\">\n<p data-start=\"2674\" data-end=\"2721\"><strong data-start=\"2674\" data-end=\"2719\">Kablo montaj\u0131 \u00fcretiminde daha y\u00fcksek verim<\/strong><\/p>\n<\/li>\n<\/ul>\n<p data-start=\"2723\" data-end=\"2834\">Bu, onu \u00f6zellikle a\u015fa\u011f\u0131dakiler i\u00e7in uygun hale getirir <strong data-start=\"2761\" data-end=\"2833\">profesyonel fiber optik \u00fcreticileri ve \u00fcst d\u00fczey kablo montajlar\u0131<\/strong>.<\/p>\n<hr data-start=\"2836\" data-end=\"2839\" \/>\n<h2 data-start=\"2841\" data-end=\"2862\">Profesyonel Soru-Cevap<\/h2>\n<p data-start=\"2864\" data-end=\"3156\"><strong data-start=\"2864\" data-end=\"2924\">S1: Ayarlanabilir FC konnekt\u00f6r\u00fcn\u00fcn avantaj\u0131 nedir?<\/strong><br data-start=\"2924\" data-end=\"2927\" \/><strong data-start=\"2927\" data-end=\"2933\">A:<\/strong> Ayarlanabilir tasar\u0131m, y\u00fcks\u00fc\u011f\u00fcn montaj ve cilalama s\u0131ras\u0131nda hassas bir \u015fekilde konumland\u0131r\u0131lmas\u0131n\u0131 sa\u011flayarak <strong data-start=\"3042\" data-end=\"3092\">optimum elyaf \u00e7\u0131k\u0131nt\u0131s\u0131 ve u\u00e7 y\u00fcz geometrisi<\/strong>, 'ye yol a\u00e7ar. <strong data-start=\"3109\" data-end=\"3155\">daha d\u00fc\u015f\u00fck kay\u0131p ve daha tutarl\u0131 performans<\/strong>.<\/p>\n<hr data-start=\"3158\" data-end=\"3161\" \/>\n<p data-start=\"3163\" data-end=\"3384\"><strong data-start=\"3163\" data-end=\"3203\">S2: FC PC, FC APC ile uyumlu mu?<\/strong><br data-start=\"3203\" data-end=\"3206\" \/><strong data-start=\"3206\" data-end=\"3212\">A:<\/strong> Hay\u0131r. <strong data-start=\"3217\" data-end=\"3240\">FC PC (d\u00fcz cila)<\/strong> ve <strong data-start=\"3245\" data-end=\"3271\">FC APC (a\u00e7\u0131l\u0131 cila)<\/strong> neden olabilece\u011finden konekt\u00f6rler birbirine ba\u011flanmamal\u0131d\u0131r. <strong data-start=\"3331\" data-end=\"3383\">y\u00fcksek ekleme kayb\u0131 ve potansiyel y\u00fcks\u00fck hasar\u0131<\/strong>.<\/p>\n<hr data-start=\"3386\" data-end=\"3389\" \/>\n<p data-start=\"3391\" data-end=\"3628\"><strong data-start=\"3391\" data-end=\"3455\">S3: 0,9 mm neden pigtailler ve patch cordlar i\u00e7in yayg\u0131n olarak kullan\u0131l\u0131r?<\/strong><br data-start=\"3455\" data-end=\"3458\" \/><strong data-start=\"3458\" data-end=\"3464\">A:<\/strong> <strong data-start=\"3465\" data-end=\"3493\">0,9 mm s\u0131k\u0131 tamponlu fiber<\/strong> esnek, kompakt ve i\u00e7 mekan kullan\u0131m\u0131 i\u00e7in idealdir, bu da onu a\u015fa\u011f\u0131dakiler i\u00e7in m\u00fckemmel k\u0131lar <strong data-start=\"3564\" data-end=\"3627\">fiber pigtailler, patch cordlar ve ekipman ara ba\u011flant\u0131lar\u0131<\/strong>.<\/p>","protected":false},"excerpt":{"rendered":"<h2 data-start=\"121\" data-end=\"142\">\u00dcr\u00fcne Genel Bak\u0131\u015f<\/h2>\n<p data-start=\"144\" data-end=\"640\">Bu <strong data-start=\"148\" data-end=\"196\">FC PC 0.9mm Ayarlanabilir Fiber Optik Konnekt\u00f6r<\/strong> y\u00fcksek hassasiyetli sonland\u0131rma i\u00e7in tasarlanm\u0131\u015ft\u0131r. <strong data-start=\"243\" data-end=\"289\">s\u0131k\u0131 tamponlu (0,9 mm) tek modlu fiberler<\/strong> telekom\u00fcnikasyon, FTTH, CATV ve test ekipmanlar\u0131nda kullan\u0131l\u0131r.<br data-start=\"349\" data-end=\"352\" \/>Birle\u015ftirerek <strong data-start=\"367\" data-end=\"414\">PC (Fiziksel Temas) d\u00fcz cilal\u0131 y\u00fcks\u00fck<\/strong> bir <strong data-start=\"423\" data-end=\"455\">ayarlanabilir y\u00fcks\u00fck yap\u0131s\u0131<\/strong>, bu konekt\u00f6r, montajc\u0131lar\u0131n ve \u00fcreticilerin a\u015fa\u011f\u0131dakileri yapmas\u0131na olanak tan\u0131r <strong data-start=\"511\" data-end=\"567\">fiber \u00e7\u0131k\u0131nt\u0131 ve u\u00e7 y\u00fczey geometrisinde ince ayar<\/strong>, optimum optik performans ve tutarl\u0131 konnekt\u00f6r kalitesi sa\u011flar.<\/p>\n<p data-start=\"642\" data-end=\"860\">Onunla <strong data-start=\"651\" data-end=\"681\">di\u015fli FC metal kaplin<\/strong>, konekt\u00f6r \u015funlar\u0131 sa\u011flar <strong data-start=\"706\" data-end=\"744\">g\u00fcvenli, titre\u015fime dayan\u0131kl\u0131 birle\u015fme<\/strong>, Bu sayede merkezi ofisler, ODF \u00e7er\u00e7eveleri, laboratuvar cihazlar\u0131 ve end\u00fcstriyel optik sistemler i\u00e7in son derece uygundur.<\/p>","protected":false},"featured_media":927,"comment_status":"open","ping_status":"closed","template":"","meta":[],"product_brand":[],"product_cat":[34],"product_tag":[],"class_list":{"0":"post-926","1":"product","2":"type-product","3":"status-publish","4":"has-post-thumbnail","6":"product_cat-fc-connector","8":"first","9":"instock","10":"shipping-taxable","11":"product-type-simple"},"_links":{"self":[{"href":"https:\/\/www.fenxifiber.com\/tr\/wp-json\/wp\/v2\/product\/926","targetHints":{"allow":["GET"]}}],"collection":[{"href":"https:\/\/www.fenxifiber.com\/tr\/wp-json\/wp\/v2\/product"}],"about":[{"href":"https:\/\/www.fenxifiber.com\/tr\/wp-json\/wp\/v2\/types\/product"}],"replies":[{"embeddable":true,"href":"https:\/\/www.fenxifiber.com\/tr\/wp-json\/wp\/v2\/comments?post=926"}],"wp:featuredmedia":[{"embeddable":true,"href":"https:\/\/www.fenxifiber.com\/tr\/wp-json\/wp\/v2\/media\/927"}],"wp:attachment":[{"href":"https:\/\/www.fenxifiber.com\/tr\/wp-json\/wp\/v2\/media?parent=926"}],"wp:term":[{"taxonomy":"product_brand","embeddable":true,"href":"https:\/\/www.fenxifiber.com\/tr\/wp-json\/wp\/v2\/product_brand?post=926"},{"taxonomy":"product_cat","embeddable":true,"href":"https:\/\/www.fenxifiber.com\/tr\/wp-json\/wp\/v2\/product_cat?post=926"},{"taxonomy":"product_tag","embeddable":true,"href":"https:\/\/www.fenxifiber.com\/tr\/wp-json\/wp\/v2\/product_tag?post=926"}],"curies":[{"name":"wp","href":"https:\/\/api.w.org\/{rel}","templated":true}]}}