{"id":928,"date":"2026-02-04T03:26:49","date_gmt":"2026-02-04T03:26:49","guid":{"rendered":"https:\/\/www.fenxifiber.com\/?post_type=product&#038;p=928"},"modified":"2026-02-05T02:18:22","modified_gmt":"2026-02-05T02:18:22","slug":"fc-pc-2-0-3-0mm-ayarlanamaz","status":"publish","type":"product","link":"https:\/\/www.fenxifiber.com\/tr\/product\/fc-pc-2-0-3-0mm-non-adjustable\/","title":{"rendered":"FC PC 2.0\/3.0mm Ayarlanamayan Fiber Optik Konnekt\u00f6r"},"content":{"rendered":"<h3 data-start=\"791\" data-end=\"816\">Neden ayarlanamaz?<\/h3>\n<p data-start=\"818\" data-end=\"981\">Ayarlanabilir konekt\u00f6rlerin aksine, bu model bir <strong data-start=\"866\" data-end=\"901\">fabrikada sabitlenmi\u015f y\u00fcks\u00fck yap\u0131s\u0131<\/strong>.<br data-start=\"902\" data-end=\"905\" \/>Bu, \u00fcretim s\u0131ras\u0131nda her konnekt\u00f6r\u00fcn hizalan\u0131p ayarland\u0131\u011f\u0131 anlam\u0131na gelir:<\/p>\n<ul data-start=\"983\" data-end=\"1110\">\n<li data-start=\"983\" data-end=\"1022\">\n<p data-start=\"985\" data-end=\"1022\">Daha tutarl\u0131 optik performans<\/p>\n<\/li>\n<li data-start=\"1023\" data-end=\"1048\">\n<p data-start=\"1025\" data-end=\"1048\">Daha h\u0131zl\u0131 kablo montaj\u0131<\/p>\n<\/li>\n<li data-start=\"1049\" data-end=\"1073\">\n<p data-start=\"1051\" data-end=\"1073\">Daha d\u00fc\u015f\u00fck ret oran\u0131<\/p>\n<\/li>\n<li data-start=\"1074\" data-end=\"1110\">\n<p data-start=\"1076\" data-end=\"1110\">Partiden partiye daha iyi homojenlik<\/p>\n<\/li>\n<\/ul>\n<p data-start=\"1112\" data-end=\"1328\">Bu, onu \u00f6zellikle a\u015fa\u011f\u0131dakiler i\u00e7in uygun hale getirir <strong data-start=\"1150\" data-end=\"1203\">fiber patch cord ve pigtaillerin seri \u00fcretimi<\/strong>, gibi profesyonel \u00fcreticilerin tam olarak yapt\u0131\u011f\u0131 \u015feydir. <strong data-start=\"1262\" data-end=\"1318\">Changzhou Fenxi Optoelektronik Technology Co, Ltd.<\/strong> odaklan.<\/p>\n<hr data-start=\"1330\" data-end=\"1333\" \/>\n<h3 data-start=\"1335\" data-end=\"1380\">2.0mm ve 3.0mm fiber kablolar i\u00e7in tasarlanm\u0131\u015ft\u0131r<\/h3>\n<p data-start=\"1382\" data-end=\"1445\">Bu konekt\u00f6r en yayg\u0131n iki fiber k\u0131l\u0131f boyutunu destekler:<\/p>\n<div class=\"TyagGW_tableContainer\">\n<div class=\"group TyagGW_tableWrapper flex flex-col-reverse w-fit\" tabindex=\"-1\">\n<table class=\"w-fit min-w-(--thread-content-width)\" data-start=\"1447\" data-end=\"1614\">\n<thead data-start=\"1447\" data-end=\"1475\">\n<tr data-start=\"1447\" data-end=\"1475\">\n<th class=\"\" data-start=\"1447\" data-end=\"1460\" data-col-size=\"sm\">Kablo Tipi<\/th>\n<th class=\"\" data-start=\"1460\" data-end=\"1475\" data-col-size=\"md\">Tipik Kullan\u0131m<\/th>\n<\/tr>\n<\/thead>\n<tbody data-start=\"1503\" data-end=\"1614\">\n<tr data-start=\"1503\" data-end=\"1556\">\n<td data-start=\"1503\" data-end=\"1515\" data-col-size=\"sm\"><strong data-start=\"1505\" data-end=\"1514\">2.0mm<\/strong><\/td>\n<td data-col-size=\"md\" data-start=\"1515\" data-end=\"1556\">\u0130\u00e7 mekan ba\u011flant\u0131 kablolar\u0131, ekipman atlama telleri<\/td>\n<\/tr>\n<tr data-start=\"1557\" data-end=\"1614\">\n<td data-start=\"1557\" data-end=\"1569\" data-col-size=\"sm\"><strong data-start=\"1559\" data-end=\"1568\">3.0mm<\/strong><\/td>\n<td data-col-size=\"md\" data-start=\"1569\" data-end=\"1614\">Telekom s\u0131n\u0131f\u0131 yama kablolar\u0131, omurga ba\u011flant\u0131lar\u0131<\/td>\n<\/tr>\n<\/tbody>\n<\/table>\n<\/div>\n<\/div>\n<p data-start=\"1616\" data-end=\"1782\">\u0130ster k\u0131sa ekipman atlama kablolar\u0131 ister uzun mesafeli telekom ba\u011flant\u0131 kablolar\u0131 olu\u015fturuyor olun, bu FC PC konekt\u00f6r\u00fc dahili optik yap\u0131y\u0131 de\u011fi\u015ftirmeden her ikisine de uyar.<\/p>\n<hr data-start=\"1784\" data-end=\"1787\" \/>\n<h3 data-start=\"1789\" data-end=\"1830\">G\u00fcvenebilece\u011finiz optik performans<\/h3>\n<div class=\"TyagGW_tableContainer\">\n<div class=\"group TyagGW_tableWrapper flex flex-col-reverse w-fit\" tabindex=\"-1\">\n<table class=\"w-fit min-w-(--thread-content-width)\" data-start=\"1832\" data-end=\"2111\">\n<thead data-start=\"1832\" data-end=\"1867\">\n<tr data-start=\"1832\" data-end=\"1867\">\n<th class=\"\" data-start=\"1832\" data-end=\"1844\" data-col-size=\"sm\">Parametre<\/th>\n<th class=\"\" data-start=\"1844\" data-end=\"1867\" data-col-size=\"sm\">Tipik Performans<\/th>\n<\/tr>\n<\/thead>\n<tbody data-start=\"1900\" data-end=\"2111\">\n<tr data-start=\"1900\" data-end=\"1937\">\n<td data-start=\"1900\" data-end=\"1913\" data-col-size=\"sm\">Elyaf Tipi<\/td>\n<td data-col-size=\"sm\" data-start=\"1913\" data-end=\"1937\">Tek modlu 9\/125 \u00b5m<\/td>\n<\/tr>\n<tr data-start=\"1938\" data-end=\"1977\">\n<td data-start=\"1938\" data-end=\"1952\" data-col-size=\"sm\">Leh\u00e7e Tipi<\/td>\n<td data-col-size=\"sm\" data-start=\"1952\" data-end=\"1977\">PC (Fiziksel Temas)<\/td>\n<\/tr>\n<tr data-start=\"1978\" data-end=\"2008\">\n<td data-start=\"1978\" data-end=\"1995\" data-col-size=\"sm\">Ekleme Kayb\u0131<\/td>\n<td data-col-size=\"sm\" data-start=\"1995\" data-end=\"2008\">\u2264 0,30 dB<\/td>\n<\/tr>\n<tr data-start=\"2009\" data-end=\"2034\">\n<td data-start=\"2009\" data-end=\"2023\" data-col-size=\"sm\">Geri D\u00f6n\u00fc\u015f Kayb\u0131<\/td>\n<td data-col-size=\"sm\" data-start=\"2023\" data-end=\"2034\">\u2265 45 dB<\/td>\n<\/tr>\n<tr data-start=\"2035\" data-end=\"2079\">\n<td data-start=\"2035\" data-end=\"2058\" data-col-size=\"sm\">\u00c7al\u0131\u015fma Dalga Boyu<\/td>\n<td data-col-size=\"sm\" data-start=\"2058\" data-end=\"2079\">1310 nm \/ 1550 nm<\/td>\n<\/tr>\n<tr data-start=\"2080\" data-end=\"2111\">\n<td data-start=\"2080\" data-end=\"2094\" data-col-size=\"sm\">\u00c7iftle\u015fme Ya\u015fam\u0131<\/td>\n<td data-col-size=\"sm\" data-start=\"2094\" data-end=\"2111\">\u2265 1000 d\u00f6ng\u00fc<\/td>\n<\/tr>\n<\/tbody>\n<\/table>\n<\/div>\n<\/div>\n<p data-start=\"2113\" data-end=\"2208\">Bu de\u011ferler telekom, FTTH ve kurumsal optik a\u011flar i\u00e7in standart gereksinimleri kar\u015f\u0131lar.<\/p>\n<hr data-start=\"2210\" data-end=\"2213\" \/>\n<h3 data-start=\"2215\" data-end=\"2256\">Ger\u00e7ek a\u011f ortamlar\u0131 i\u00e7in tasarland\u0131<\/h3>\n<div class=\"TyagGW_tableContainer\">\n<div class=\"group TyagGW_tableWrapper flex flex-col-reverse w-fit\" tabindex=\"-1\">\n<table class=\"w-fit min-w-(--thread-content-width)\" data-start=\"2258\" data-end=\"2511\">\n<thead data-start=\"2258\" data-end=\"2285\">\n<tr data-start=\"2258\" data-end=\"2285\">\n<th class=\"\" data-start=\"2258\" data-end=\"2268\" data-col-size=\"sm\">\u00d6zellik<\/th>\n<th class=\"\" data-start=\"2268\" data-end=\"2285\" data-col-size=\"sm\">\u015eartname<\/th>\n<\/tr>\n<\/thead>\n<tbody data-start=\"2313\" data-end=\"2511\">\n<tr data-start=\"2313\" data-end=\"2339\">\n<td data-start=\"2313\" data-end=\"2330\" data-col-size=\"sm\">Konekt\u00f6r Tipi<\/td>\n<td data-col-size=\"sm\" data-start=\"2330\" data-end=\"2339\">FC PC<\/td>\n<\/tr>\n<tr data-start=\"2340\" data-end=\"2370\">\n<td data-start=\"2340\" data-end=\"2353\" data-col-size=\"sm\">Kablo Boyutu<\/td>\n<td data-col-size=\"sm\" data-start=\"2353\" data-end=\"2370\">2.0mm \/ 3.0mm<\/td>\n<\/tr>\n<tr data-start=\"2371\" data-end=\"2401\">\n<td data-start=\"2371\" data-end=\"2381\" data-col-size=\"sm\">Y\u00fcks\u00fck<\/td>\n<td data-col-size=\"sm\" data-start=\"2381\" data-end=\"2401\">Zirkonya seramik<\/td>\n<\/tr>\n<tr data-start=\"2402\" data-end=\"2437\">\n<td data-start=\"2402\" data-end=\"2413\" data-col-size=\"sm\">Kaplin<\/td>\n<td data-col-size=\"sm\" data-start=\"2413\" data-end=\"2437\">Di\u015fli metal vida<\/td>\n<\/tr>\n<tr data-start=\"2438\" data-end=\"2480\">\n<td data-start=\"2438\" data-end=\"2462\" data-col-size=\"sm\">\u00c7al\u0131\u015fma S\u0131cakl\u0131\u011f\u0131<\/td>\n<td data-col-size=\"sm\" data-start=\"2462\" data-end=\"2480\">-40\u00b0C ila +75\u00b0C<\/td>\n<\/tr>\n<tr data-start=\"2481\" data-end=\"2511\">\n<td data-start=\"2481\" data-end=\"2500\" data-col-size=\"sm\">\u00c7ekme Dayan\u0131m\u0131<\/td>\n<td data-col-size=\"sm\" data-start=\"2500\" data-end=\"2511\">\u2265 200 N<\/td>\n<\/tr>\n<\/tbody>\n<\/table>\n<\/div>\n<\/div>\n<p data-start=\"2513\" data-end=\"2660\">Bu <strong data-start=\"2517\" data-end=\"2541\">FC di\u015fli kaplin<\/strong> ba\u011fland\u0131ktan sonra fiberin raflarda, kabinlerde veya d\u0131\u015f mekan telekom muhafazalar\u0131nda bile yerinde kilitli kalmas\u0131n\u0131 sa\u011flar.<\/p>\n<hr data-start=\"2662\" data-end=\"2665\" \/>\n<h3 data-start=\"2667\" data-end=\"2710\">Bu konekt\u00f6r\u00fcn yayg\u0131n olarak kullan\u0131ld\u0131\u011f\u0131 yerler<\/h3>\n<p data-start=\"2712\" data-end=\"2756\">FC PC 2.0\/3.0mm konekt\u00f6rlerini \u015furada bulabilirsiniz:<\/p>\n<ul data-start=\"2758\" data-end=\"2967\">\n<li data-start=\"2758\" data-end=\"2798\">\n<p data-start=\"2760\" data-end=\"2798\">Telekom omurgas\u0131 ve eri\u015fim a\u011flar\u0131<\/p>\n<\/li>\n<li data-start=\"2799\" data-end=\"2823\">\n<p data-start=\"2801\" data-end=\"2823\">FTTH ve PON sistemleri<\/p>\n<\/li>\n<li data-start=\"2824\" data-end=\"2858\">\n<p data-start=\"2826\" data-end=\"2858\">Fiber patch kablolar ve pigtailler<\/p>\n<\/li>\n<li data-start=\"2859\" data-end=\"2892\">\n<p data-start=\"2861\" data-end=\"2892\">ODF \u00e7er\u00e7eveler ve fiber dolaplar<\/p>\n<\/li>\n<li data-start=\"2893\" data-end=\"2924\">\n<p data-start=\"2895\" data-end=\"2924\">CATV ve geni\u015f bant a\u011flar\u0131<\/p>\n<\/li>\n<li data-start=\"2925\" data-end=\"2967\">\n<p data-start=\"2927\" data-end=\"2967\">Optik test ve \u00f6l\u00e7\u00fcm ekipmanlar\u0131<\/p>\n<\/li>\n<\/ul>\n<p data-start=\"2969\" data-end=\"3058\">Kararl\u0131, d\u00fc\u015f\u00fck kay\u0131pl\u0131 fiber ba\u011flant\u0131lara ihtiya\u00e7 duyulan her yerde, bu konekt\u00f6r do\u011fal olarak uyum sa\u011flar.<\/p>\n<hr data-start=\"3060\" data-end=\"3063\" \/>\n<h2 data-start=\"3065\" data-end=\"3086\">Profesyonel Soru-Cevap<\/h2>\n<p data-start=\"3088\" data-end=\"3265\"><strong data-start=\"3088\" data-end=\"3139\">S1: FC PC ve FC APC birbirine ba\u011flanabilir mi?<\/strong><br data-start=\"3139\" data-end=\"3142\" \/>Hay\u0131r. FC PC d\u00fcz bir u\u00e7 y\u00fcze sahipken, FC APC a\u00e7\u0131l\u0131d\u0131r. Bunlar\u0131 ba\u011flamak \u015funlara neden olur <strong data-start=\"3224\" data-end=\"3264\">y\u00fcksek kay\u0131p ve y\u00fcks\u00fc\u011fe zarar verebilir<\/strong>.<\/p>\n<hr data-start=\"3267\" data-end=\"3270\" \/>\n<p data-start=\"3272\" data-end=\"3494\"><strong data-start=\"3272\" data-end=\"3324\">S2: Ne zaman 3.0mm yerine 2.0mm se\u00e7meliyim?<\/strong><br data-start=\"3324\" data-end=\"3327\" \/>2.0mm tipik olarak \u015funlar i\u00e7in kullan\u0131l\u0131r <strong data-start=\"3355\" data-end=\"3399\">ekipman atlama telleri ve i\u00e7 mekan ba\u011flant\u0131 kablolar\u0131<\/strong>, i\u00e7in 3.0mm tercih edilirken <strong data-start=\"3430\" data-end=\"3461\">telekom ve omurga kablolar\u0131<\/strong> daha y\u00fcksek mekanik mukavemet ile.<\/p>\n<hr data-start=\"3496\" data-end=\"3499\" \/>\n<p data-start=\"3501\" data-end=\"3709\"><strong data-start=\"3501\" data-end=\"3550\">S3: Ayarlanabilir olmayan ayarlanabilir olandan daha m\u0131 iyidir?<\/strong><br data-start=\"3550\" data-end=\"3553\" \/>\u0130\u00e7in <strong data-start=\"3557\" data-end=\"3598\">fabrika yap\u0131m\u0131 patch cordlar ve pigtailler<\/strong>, Evet. Ayarlanamayan konekt\u00f6rler <strong data-start=\"3636\" data-end=\"3708\">daha iyi tutarl\u0131l\u0131k, daha h\u0131zl\u0131 montaj ve daha istikrarl\u0131 optik kalite<\/strong>.<\/p>","protected":false},"excerpt":{"rendered":"<h3 data-start=\"170\" data-end=\"227\">G\u00fcnl\u00fck fiber a\u011flar i\u00e7in g\u00fcvenilir bir FC konekt\u00f6r\u00fc<\/h3>\n<p data-start=\"229\" data-end=\"513\">Bu <strong data-start=\"233\" data-end=\"277\">FC PC 2.0\/3.0mm Ayarlanamayan konekt\u00f6r<\/strong> tek bir \u015fey i\u00e7in in\u015fa edilmi\u015ftir: <strong data-start=\"302\" data-end=\"341\">istikrarl\u0131, uzun vadeli fiber performans\u0131<\/strong>.<br data-start=\"342\" data-end=\"345\" \/>\u015eunlar i\u00e7in tasarlanm\u0131\u015ft\u0131r <strong data-start=\"364\" data-end=\"420\">2,0mm veya 3,0mm ceketli tek modlu fiber kablolar<\/strong>, Bu sayede standart telekom ba\u011flant\u0131 kablolar\u0131, pigtailler ve fiber da\u011f\u0131t\u0131m sistemleri i\u00e7in idealdir.<\/p>\n<p data-start=\"515\" data-end=\"784\">Onunla <strong data-start=\"524\" data-end=\"579\">PC (Fiziksel Temas) d\u00fcz cilal\u0131 seramik y\u00fcks\u00fck<\/strong> ve <strong data-start=\"584\" data-end=\"613\">di\u015fli FC metal g\u00f6vde<\/strong>, bu konekt\u00f6r bir <strong data-start=\"641\" data-end=\"673\">g\u00fcvenli mekanik ba\u011flant\u0131<\/strong> ve <strong data-start=\"678\" data-end=\"711\">s\u00fcrekli d\u00fc\u015f\u00fck optik kay\u0131p<\/strong>-Titre\u015fimin veya tekrarlanan yeniden ba\u011flant\u0131n\u0131n yayg\u0131n oldu\u011fu ortamlarda bile.<\/p>","protected":false},"featured_media":929,"comment_status":"open","ping_status":"closed","template":"","meta":[],"product_brand":[],"product_cat":[34],"product_tag":[],"class_list":{"0":"post-928","1":"product","2":"type-product","3":"status-publish","4":"has-post-thumbnail","6":"product_cat-fc-connector","8":"first","9":"instock","10":"shipping-taxable","11":"product-type-simple"},"_links":{"self":[{"href":"https:\/\/www.fenxifiber.com\/tr\/wp-json\/wp\/v2\/product\/928","targetHints":{"allow":["GET"]}}],"collection":[{"href":"https:\/\/www.fenxifiber.com\/tr\/wp-json\/wp\/v2\/product"}],"about":[{"href":"https:\/\/www.fenxifiber.com\/tr\/wp-json\/wp\/v2\/types\/product"}],"replies":[{"embeddable":true,"href":"https:\/\/www.fenxifiber.com\/tr\/wp-json\/wp\/v2\/comments?post=928"}],"wp:featuredmedia":[{"embeddable":true,"href":"https:\/\/www.fenxifiber.com\/tr\/wp-json\/wp\/v2\/media\/929"}],"wp:attachment":[{"href":"https:\/\/www.fenxifiber.com\/tr\/wp-json\/wp\/v2\/media?parent=928"}],"wp:term":[{"taxonomy":"product_brand","embeddable":true,"href":"https:\/\/www.fenxifiber.com\/tr\/wp-json\/wp\/v2\/product_brand?post=928"},{"taxonomy":"product_cat","embeddable":true,"href":"https:\/\/www.fenxifiber.com\/tr\/wp-json\/wp\/v2\/product_cat?post=928"},{"taxonomy":"product_tag","embeddable":true,"href":"https:\/\/www.fenxifiber.com\/tr\/wp-json\/wp\/v2\/product_tag?post=928"}],"curies":[{"name":"wp","href":"https:\/\/api.w.org\/{rel}","templated":true}]}}