{"id":931,"date":"2026-02-04T03:27:48","date_gmt":"2026-02-04T03:27:48","guid":{"rendered":"https:\/\/www.fenxifiber.com\/?post_type=product&#038;p=931"},"modified":"2026-02-05T02:18:49","modified_gmt":"2026-02-05T02:18:49","slug":"fc-pc-2-0-3-0mm-ayarlanabilir","status":"publish","type":"product","link":"https:\/\/www.fenxifiber.com\/tr\/product\/fc-pc-2-0-3-0mm-adjustable\/","title":{"rendered":"FC PC 2.0\/3.0mm Ayarlanabilir Fiber Optik Konnekt\u00f6r"},"content":{"rendered":"<h3 data-start=\"782\" data-end=\"826\">Neden ayarlanabilir bir FC konnekt\u00f6r se\u00e7melisiniz?<\/h3>\n<p data-start=\"828\" data-end=\"1011\">Y\u00fcksek kaliteli fiber tertibatlar\u0131nda, birka\u00e7 mikronluk fiber y\u00fcksekli\u011fi bile optik kayb\u0131 etkileyebilir.<br data-start=\"921\" data-end=\"924\" \/>Bu nedenle ayarlanabilir konekt\u00f6rler <strong data-start=\"974\" data-end=\"1010\">profesyonel kablo \u00fcreti\u0307mi\u0307<\/strong>.<\/p>\n<p data-start=\"1013\" data-end=\"1059\">Bu ayarlanabilir FC PC konekt\u00f6r\u00fc ile \u015funlar\u0131 yapabilirsiniz:<\/p>\n<ul data-start=\"1061\" data-end=\"1216\">\n<li data-start=\"1061\" data-end=\"1106\">\n<p data-start=\"1063\" data-end=\"1106\">Fiber u\u00e7 y\u00fczey konumunu hassas \u015fekilde kontrol edin<\/p>\n<\/li>\n<li data-start=\"1107\" data-end=\"1143\">\n<p data-start=\"1109\" data-end=\"1143\">Daha iyi polisaj sonu\u00e7lar\u0131 elde edin<\/p>\n<\/li>\n<li data-start=\"1144\" data-end=\"1179\">\n<p data-start=\"1146\" data-end=\"1179\">Ekleme kayb\u0131 varyasyonunu azalt\u0131n<\/p>\n<\/li>\n<li data-start=\"1180\" data-end=\"1216\">\n<p data-start=\"1182\" data-end=\"1216\">Seri \u00fcretimde verimi art\u0131r\u0131n<\/p>\n<\/li>\n<\/ul>\n<p data-start=\"1218\" data-end=\"1378\">Bu \u00f6zellikle a\u015fa\u011f\u0131daki gibi \u015firketler i\u00e7in de\u011ferlidir <strong data-start=\"1265\" data-end=\"1321\">Changzhou Fenxi Optoelektronik Technology Co, Ltd.<\/strong>, nerede <strong data-start=\"1329\" data-end=\"1370\">istikrarl\u0131 kalite ve y\u00fcksek hacimli \u00e7\u0131kt\u0131<\/strong> \u00f6nemli.<\/p>\n<hr data-start=\"1380\" data-end=\"1383\" \/>\n<h3 data-start=\"1385\" data-end=\"1435\">2.0mm ve 3.0mm fiber kablolarla uyumludur<\/h3>\n<div class=\"TyagGW_tableContainer\">\n<div class=\"group TyagGW_tableWrapper flex flex-col-reverse w-fit\" tabindex=\"-1\">\n<table class=\"w-fit min-w-(--thread-content-width)\" data-start=\"1437\" data-end=\"1600\">\n<thead data-start=\"1437\" data-end=\"1469\">\n<tr data-start=\"1437\" data-end=\"1469\">\n<th class=\"\" data-start=\"1437\" data-end=\"1454\" data-col-size=\"sm\">Kablo \u00c7ap\u0131<\/th>\n<th class=\"\" data-start=\"1454\" data-end=\"1469\" data-col-size=\"sm\">Tipik Kullan\u0131m<\/th>\n<\/tr>\n<\/thead>\n<tbody data-start=\"1501\" data-end=\"1600\">\n<tr data-start=\"1501\" data-end=\"1551\">\n<td data-start=\"1501\" data-end=\"1513\" data-col-size=\"sm\"><strong data-start=\"1503\" data-end=\"1512\">2.0mm<\/strong><\/td>\n<td data-col-size=\"sm\" data-start=\"1513\" data-end=\"1551\">\u0130\u00e7 mekan ba\u011flant\u0131 kablolar\u0131, cihaz atlama telleri<\/td>\n<\/tr>\n<tr data-start=\"1552\" data-end=\"1600\">\n<td data-start=\"1552\" data-end=\"1564\" data-col-size=\"sm\"><strong data-start=\"1554\" data-end=\"1563\">3.0mm<\/strong><\/td>\n<td data-col-size=\"sm\" data-start=\"1564\" data-end=\"1600\">Telekom ve omurga yama kablolar\u0131<\/td>\n<\/tr>\n<\/tbody>\n<\/table>\n<\/div>\n<\/div>\n<p data-start=\"1602\" data-end=\"1688\">Tek bir konnekt\u00f6r tasar\u0131m\u0131 her iki boyutu da destekleyerek envanter ve \u00fcretimi \u00e7ok daha kolay hale getirir.<\/p>\n<hr data-start=\"1690\" data-end=\"1693\" \/>\n<h3 data-start=\"1695\" data-end=\"1720\">Optik performans<\/h3>\n<div class=\"TyagGW_tableContainer\">\n<div class=\"group TyagGW_tableWrapper flex flex-col-reverse w-fit\" tabindex=\"-1\">\n<table class=\"w-fit min-w-(--thread-content-width)\" data-start=\"1722\" data-end=\"1993\">\n<thead data-start=\"1722\" data-end=\"1751\">\n<tr data-start=\"1722\" data-end=\"1751\">\n<th class=\"\" data-start=\"1722\" data-end=\"1734\" data-col-size=\"sm\">Parametre<\/th>\n<th class=\"\" data-start=\"1734\" data-end=\"1751\" data-col-size=\"sm\">Tipik De\u011fer<\/th>\n<\/tr>\n<\/thead>\n<tbody data-start=\"1780\" data-end=\"1993\">\n<tr data-start=\"1780\" data-end=\"1819\">\n<td data-start=\"1780\" data-end=\"1793\" data-col-size=\"sm\">Elyaf Tipi<\/td>\n<td data-start=\"1793\" data-end=\"1819\" data-col-size=\"sm\">Tek modlu (9\/125 \u00b5m)<\/td>\n<\/tr>\n<tr data-start=\"1820\" data-end=\"1859\">\n<td data-start=\"1820\" data-end=\"1834\" data-col-size=\"sm\">Leh\u00e7e Tipi<\/td>\n<td data-start=\"1834\" data-end=\"1859\" data-col-size=\"sm\">PC (Fiziksel Temas)<\/td>\n<\/tr>\n<tr data-start=\"1860\" data-end=\"1890\">\n<td data-start=\"1860\" data-end=\"1877\" data-col-size=\"sm\">Ekleme Kayb\u0131<\/td>\n<td data-col-size=\"sm\" data-start=\"1877\" data-end=\"1890\">\u2264 0,30 dB<\/td>\n<\/tr>\n<tr data-start=\"1891\" data-end=\"1916\">\n<td data-start=\"1891\" data-end=\"1905\" data-col-size=\"sm\">Geri D\u00f6n\u00fc\u015f Kayb\u0131<\/td>\n<td data-col-size=\"sm\" data-start=\"1905\" data-end=\"1916\">\u2265 45 dB<\/td>\n<\/tr>\n<tr data-start=\"1917\" data-end=\"1961\">\n<td data-start=\"1917\" data-end=\"1940\" data-col-size=\"sm\">\u00c7al\u0131\u015fma Dalga Boyu<\/td>\n<td data-start=\"1940\" data-end=\"1961\" data-col-size=\"sm\">1310 nm \/ 1550 nm<\/td>\n<\/tr>\n<tr data-start=\"1962\" data-end=\"1993\">\n<td data-start=\"1962\" data-end=\"1976\" data-col-size=\"sm\">\u00c7iftle\u015fme Ya\u015fam\u0131<\/td>\n<td data-start=\"1976\" data-end=\"1993\" data-col-size=\"sm\">\u2265 1000 d\u00f6ng\u00fc<\/td>\n<\/tr>\n<\/tbody>\n<\/table>\n<\/div>\n<\/div>\n<p data-start=\"1995\" data-end=\"2082\">Bu de\u011ferler a\u015fa\u011f\u0131daki gereklilikleri kar\u015f\u0131lamaktad\u0131r <strong data-start=\"2033\" data-end=\"2081\">telekom, FTTH ve kurumsal fiber a\u011flar<\/strong>.<\/p>\n<hr data-start=\"2084\" data-end=\"2087\" \/>\n<h3 data-start=\"2089\" data-end=\"2128\">Mekanik ve \u00e7evresel tasar\u0131m<\/h3>\n<div class=\"TyagGW_tableContainer\">\n<div class=\"group TyagGW_tableWrapper flex flex-col-reverse w-fit\" tabindex=\"-1\">\n<table class=\"w-fit min-w-(--thread-content-width)\" data-start=\"2130\" data-end=\"2450\">\n<thead data-start=\"2130\" data-end=\"2154\">\n<tr data-start=\"2130\" data-end=\"2154\">\n<th class=\"\" data-start=\"2130\" data-end=\"2137\" data-col-size=\"sm\">\u00d6\u011fe<\/th>\n<th class=\"\" data-start=\"2137\" data-end=\"2154\" data-col-size=\"sm\">\u015eartname<\/th>\n<\/tr>\n<\/thead>\n<tbody data-start=\"2180\" data-end=\"2450\">\n<tr data-start=\"2180\" data-end=\"2217\">\n<td data-start=\"2180\" data-end=\"2197\" data-col-size=\"sm\">Konekt\u00f6r Tipi<\/td>\n<td data-start=\"2197\" data-end=\"2217\" data-col-size=\"sm\">FC PC Ayarlanabilir<\/td>\n<\/tr>\n<tr data-start=\"2218\" data-end=\"2248\">\n<td data-start=\"2218\" data-end=\"2231\" data-col-size=\"sm\">Kablo Boyutu<\/td>\n<td data-start=\"2231\" data-end=\"2248\" data-col-size=\"sm\">2.0mm \/ 3.0mm<\/td>\n<\/tr>\n<tr data-start=\"2249\" data-end=\"2288\">\n<td data-start=\"2249\" data-end=\"2268\" data-col-size=\"sm\">Y\u00fcks\u00fck Malzemesi<\/td>\n<td data-start=\"2268\" data-end=\"2288\" data-col-size=\"sm\">Zirkonya seramik<\/td>\n<\/tr>\n<tr data-start=\"2289\" data-end=\"2329\">\n<td data-start=\"2289\" data-end=\"2305\" data-col-size=\"sm\">Kaplin Tipi<\/td>\n<td data-start=\"2305\" data-end=\"2329\" data-col-size=\"sm\">Di\u015fli metal vida<\/td>\n<\/tr>\n<tr data-start=\"2330\" data-end=\"2376\">\n<td data-start=\"2330\" data-end=\"2348\" data-col-size=\"sm\">Ayarlama Tipi<\/td>\n<td data-start=\"2348\" data-end=\"2376\" data-col-size=\"sm\">Eksenel y\u00fcks\u00fck ayar\u0131<\/td>\n<\/tr>\n<tr data-start=\"2377\" data-end=\"2419\">\n<td data-start=\"2377\" data-end=\"2401\" data-col-size=\"sm\">\u00c7al\u0131\u015fma S\u0131cakl\u0131\u011f\u0131<\/td>\n<td data-start=\"2401\" data-end=\"2419\" data-col-size=\"sm\">-40\u00b0C ila +75\u00b0C<\/td>\n<\/tr>\n<tr data-start=\"2420\" data-end=\"2450\">\n<td data-start=\"2420\" data-end=\"2439\" data-col-size=\"sm\">\u00c7ekme Dayan\u0131m\u0131<\/td>\n<td data-start=\"2439\" data-end=\"2450\" data-col-size=\"sm\">\u2265 200 N<\/td>\n<\/tr>\n<\/tbody>\n<\/table>\n<\/div>\n<\/div>\n<p data-start=\"2452\" data-end=\"2609\">Bu <strong data-start=\"2456\" data-end=\"2480\">di\u015fli FC kaplin<\/strong> titre\u015fime kar\u015f\u0131 m\u00fckemmel diren\u00e7 sa\u011flayarak bu konekt\u00f6r\u00fc a\u015fa\u011f\u0131dakiler i\u00e7in uygun hale getirir <strong data-start=\"2559\" data-end=\"2608\">raflar, dolaplar ve end\u00fcstriyel telekom sahalar\u0131<\/strong>.<\/p>\n<hr data-start=\"2611\" data-end=\"2614\" \/>\n<h3 data-start=\"2616\" data-end=\"2642\">Tipik uygulamalar<\/h3>\n<p data-start=\"2644\" data-end=\"2677\">Bu konekt\u00f6r yayg\u0131n olarak kullan\u0131lmaktad\u0131r:<\/p>\n<ul data-start=\"2679\" data-end=\"2886\">\n<li data-start=\"2679\" data-end=\"2712\">\n<p data-start=\"2681\" data-end=\"2712\">Telekom ve omurga a\u011flar\u0131<\/p>\n<\/li>\n<li data-start=\"2713\" data-end=\"2739\">\n<p data-start=\"2715\" data-end=\"2739\">FTTH &amp; PON da\u011f\u0131t\u0131mlar\u0131<\/p>\n<\/li>\n<li data-start=\"2740\" data-end=\"2774\">\n<p data-start=\"2742\" data-end=\"2774\">Fiber patch kablolar ve pigtailler<\/p>\n<\/li>\n<li data-start=\"2775\" data-end=\"2812\">\n<p data-start=\"2777\" data-end=\"2812\">Optik da\u011f\u0131t\u0131m \u00e7er\u00e7eveleri (ODF)<\/p>\n<\/li>\n<li data-start=\"2813\" data-end=\"2843\">\n<p data-start=\"2815\" data-end=\"2843\">CATV ve geni\u015f bant sistemleri<\/p>\n<\/li>\n<li data-start=\"2844\" data-end=\"2886\">\n<p data-start=\"2846\" data-end=\"2886\">Optik test ve \u00f6l\u00e7\u00fcm ekipmanlar\u0131<\/p>\n<\/li>\n<\/ul>\n<hr data-start=\"2888\" data-end=\"2891\" \/>\n<h2 data-start=\"2893\" data-end=\"2914\">Profesyonel Soru-Cevap<\/h2>\n<p data-start=\"2916\" data-end=\"3149\"><strong data-start=\"2916\" data-end=\"2974\">S1: Ayarlanabilir yap\u0131 ne gibi avantajlar sa\u011fl\u0131yor?<\/strong><br data-start=\"2974\" data-end=\"2977\" \/>Parlatma ve montaj s\u0131ras\u0131nda y\u00fcks\u00fck konumunun ince ayarlanmas\u0131na olanak tan\u0131yarak <strong data-start=\"3063\" data-end=\"3108\">fiber u\u00e7 y\u00fczey geometrisinin daha iyi kontrol\u00fc<\/strong> ve <strong data-start=\"3113\" data-end=\"3148\">daha istikrarl\u0131 optik performans<\/strong>.<\/p>\n<hr data-start=\"3151\" data-end=\"3154\" \/>\n<p data-start=\"3156\" data-end=\"3363\"><strong data-start=\"3156\" data-end=\"3199\">S2: FC PC FTTH sistemleri i\u00e7in uygun mu?<\/strong><br data-start=\"3199\" data-end=\"3202\" \/>Evet. FC PC konekt\u00f6rleri \u015fu alanlarda yayg\u0131n olarak kullan\u0131lmaktad\u0131r <strong data-start=\"3243\" data-end=\"3285\">FTTH, telekom ve kurumsal a\u011flar<\/strong> nerede <strong data-start=\"3292\" data-end=\"3349\">d\u00fc\u015f\u00fck ekleme kayb\u0131 ve g\u00fcvenilir mekanik ba\u011flant\u0131<\/strong> gerekli.<\/p>\n<hr data-start=\"3365\" data-end=\"3368\" \/>\n<p data-start=\"3370\" data-end=\"3550\"><strong data-start=\"3370\" data-end=\"3406\">S3: FC PC, FC APC'ye ba\u011flanabilir mi?<\/strong><br data-start=\"3406\" data-end=\"3409\" \/>Hay\u0131r. PC ve APC farkl\u0131 u\u00e7 y\u00fcz geometrisine sahiptir. Onlar gerekir <strong data-start=\"3470\" data-end=\"3497\">asla birlikte \u00e7iftle\u015ftirilmemeli<\/strong>, Y\u00fcksek kay\u0131plara neden oldu\u011fundan ve y\u00fcks\u00fcklere zarar verebilece\u011finden.<\/p>","protected":false},"excerpt":{"rendered":"<h3 data-start=\"147\" data-end=\"203\">Hassasiyet ve esneklik i\u00e7in tasarlanm\u0131\u015f bir konnekt\u00f6r<\/h3>\n<p data-start=\"205\" data-end=\"426\">Bu <strong data-start=\"209\" data-end=\"261\">FC PC 2.0\/3.0mm Ayarlanabilir fiber optik konekt\u00f6r<\/strong> ihtiya\u00e7 duyan \u00fcreticiler ve a\u011f kurucular\u0131 i\u00e7in \u00fcretilmi\u015ftir. <strong data-start=\"321\" data-end=\"383\">hassas fiber hizalama ve tutarl\u0131 optik performans<\/strong> tek modlu fiber kablolar\u0131 sonland\u0131r\u0131rken.<\/p>\n<p data-start=\"428\" data-end=\"775\">Her ikisini de destekler <strong data-start=\"445\" data-end=\"480\">2.0mm ve 3.0mm ceketli fiberler<\/strong>, i\u00e7in ideal hale getirir. <strong data-start=\"502\" data-end=\"562\">telekom ba\u011flant\u0131 kablolar\u0131, pigtailler ve FTTH kablo tertibatlar\u0131<\/strong>. Bu <strong data-start=\"568\" data-end=\"623\">PC (Fiziksel Temas) d\u00fcz cilal\u0131 seramik y\u00fcks\u00fck<\/strong> d\u00fc\u015f\u00fck ekleme kayb\u0131 sa\u011flarken <strong data-start=\"662\" data-end=\"694\">ayarlanabilir y\u00fcks\u00fck yap\u0131s\u0131<\/strong> \u00fcretim s\u0131ras\u0131nda elyaf \u00e7\u0131k\u0131nt\u0131s\u0131n\u0131n ve u\u00e7 y\u00fcz geometrisinin hassas bir \u015fekilde kontrol edilmesini sa\u011flar.<\/p>","protected":false},"featured_media":932,"comment_status":"open","ping_status":"closed","template":"","meta":[],"product_brand":[],"product_cat":[34],"product_tag":[],"class_list":{"0":"post-931","1":"product","2":"type-product","3":"status-publish","4":"has-post-thumbnail","6":"product_cat-fc-connector","8":"first","9":"instock","10":"shipping-taxable","11":"product-type-simple"},"_links":{"self":[{"href":"https:\/\/www.fenxifiber.com\/tr\/wp-json\/wp\/v2\/product\/931","targetHints":{"allow":["GET"]}}],"collection":[{"href":"https:\/\/www.fenxifiber.com\/tr\/wp-json\/wp\/v2\/product"}],"about":[{"href":"https:\/\/www.fenxifiber.com\/tr\/wp-json\/wp\/v2\/types\/product"}],"replies":[{"embeddable":true,"href":"https:\/\/www.fenxifiber.com\/tr\/wp-json\/wp\/v2\/comments?post=931"}],"wp:featuredmedia":[{"embeddable":true,"href":"https:\/\/www.fenxifiber.com\/tr\/wp-json\/wp\/v2\/media\/932"}],"wp:attachment":[{"href":"https:\/\/www.fenxifiber.com\/tr\/wp-json\/wp\/v2\/media?parent=931"}],"wp:term":[{"taxonomy":"product_brand","embeddable":true,"href":"https:\/\/www.fenxifiber.com\/tr\/wp-json\/wp\/v2\/product_brand?post=931"},{"taxonomy":"product_cat","embeddable":true,"href":"https:\/\/www.fenxifiber.com\/tr\/wp-json\/wp\/v2\/product_cat?post=931"},{"taxonomy":"product_tag","embeddable":true,"href":"https:\/\/www.fenxifiber.com\/tr\/wp-json\/wp\/v2\/product_tag?post=931"}],"curies":[{"name":"wp","href":"https:\/\/api.w.org\/{rel}","templated":true}]}}