{"id":933,"date":"2026-02-04T03:28:48","date_gmt":"2026-02-04T03:28:48","guid":{"rendered":"https:\/\/www.fenxifiber.com\/?post_type=product&#038;p=933"},"modified":"2026-02-05T02:19:46","modified_gmt":"2026-02-05T02:19:46","slug":"fc-pc-2-0-3-0mm-damla-kablo-toplu-bi%cc%87lesenleri%cc%87","status":"publish","type":"product","link":"https:\/\/www.fenxifiber.com\/tr\/product\/fc-pc-2-0-3-0mm-drop-cable-bulk-components\/","title":{"rendered":"FC PC 2.0\/3.0mm B\u0131rakma Kablosu D\u00f6kme Bile\u015fenler"},"content":{"rendered":"<h3 data-start=\"765\" data-end=\"823\">Damla kablo fabrikalar\u0131nda \u201cy\u0131\u011f\u0131n bile\u015fenler\u201d neden \u00f6nemlidir?<\/h3>\n<p data-start=\"825\" data-end=\"996\">FTTH \u00fcretim hatlar\u0131nda, konnekt\u00f6r\u00fcn kendisi hikayenin sadece yar\u0131s\u0131d\u0131r.<br data-start=\"895\" data-end=\"898\" \/>Verim, h\u0131z ve uzun vadeli performans\u0131 ger\u00e7ekten belirleyen \u015fey <strong data-start=\"968\" data-end=\"995\">arkas\u0131ndaki bile\u015fen seti<\/strong>.<\/p>\n<p data-start=\"998\" data-end=\"1052\">Bu FC PC toplu bile\u015fenleri, teslimat i\u00e7in tasarlanm\u0131\u015ft\u0131r:<\/p>\n<ul data-start=\"1054\" data-end=\"1256\">\n<li data-start=\"1054\" data-end=\"1099\">\n<p data-start=\"1056\" data-end=\"1099\">Parlatma s\u0131ras\u0131nda kararl\u0131 elyaf konumland\u0131rma<\/p>\n<\/li>\n<li data-start=\"1100\" data-end=\"1157\">\n<p data-start=\"1102\" data-end=\"1157\">2,0mm ve 3,0mm damla kablolarda g\u00fcvenilir gerilim azaltma<\/p>\n<\/li>\n<li data-start=\"1158\" data-end=\"1208\">\n<p data-start=\"1160\" data-end=\"1208\">B\u00fcy\u00fck partiler aras\u0131nda tutarl\u0131 mekanik uyum<\/p>\n<\/li>\n<li data-start=\"1209\" data-end=\"1256\">\n<p data-start=\"1211\" data-end=\"1256\">Sorunsuz otomatik veya yar\u0131 otomatik montaj<\/p>\n<\/li>\n<\/ul>\n<p data-start=\"1258\" data-end=\"1382\">Bu nedenle, a\u015fa\u011f\u0131daki gibi profesyonel \u00fcreticiler taraf\u0131ndan yayg\u0131n olarak kullan\u0131lmaktad\u0131rlar <strong data-start=\"1326\" data-end=\"1382\">Changzhou Fenxi Optoelektronik Technology Co, Ltd.<\/strong><\/p>\n<hr data-start=\"1384\" data-end=\"1387\" \/>\n<h3 data-start=\"1389\" data-end=\"1438\">2.0mm ve 3.0mm FTTH drop kablolar\u0131 i\u00e7in tasarlanm\u0131\u015ft\u0131r<\/h3>\n<div class=\"TyagGW_tableContainer\">\n<div class=\"group TyagGW_tableWrapper flex flex-col-reverse w-fit\" tabindex=\"-1\">\n<table class=\"w-fit min-w-(--thread-content-width)\" data-start=\"1440\" data-end=\"1637\">\n<thead data-start=\"1440\" data-end=\"1468\">\n<tr data-start=\"1440\" data-end=\"1468\">\n<th class=\"\" data-start=\"1440\" data-end=\"1453\" data-col-size=\"sm\">Kablo Tipi<\/th>\n<th class=\"\" data-start=\"1453\" data-end=\"1468\" data-col-size=\"md\">Tipik Kullan\u0131m<\/th>\n<\/tr>\n<\/thead>\n<tbody data-start=\"1498\" data-end=\"1637\">\n<tr data-start=\"1498\" data-end=\"1563\">\n<td data-start=\"1498\" data-end=\"1521\" data-col-size=\"sm\"><strong data-start=\"1500\" data-end=\"1520\">2.0mm damla kablo<\/strong><\/td>\n<td data-col-size=\"md\" data-start=\"1521\" data-end=\"1563\">\u0130\u00e7 mekan FTTH, duvar prizleri, ONT atlama telleri<\/td>\n<\/tr>\n<tr data-start=\"1564\" data-end=\"1637\">\n<td data-start=\"1564\" data-end=\"1587\" data-col-size=\"sm\"><strong data-start=\"1566\" data-end=\"1586\">3.0mm damla kablo<\/strong><\/td>\n<td data-start=\"1587\" data-end=\"1637\" data-col-size=\"md\">D\u0131\u015f mekan FTTH, bina giri\u015fi, eve kadar omurga<\/td>\n<\/tr>\n<\/tbody>\n<\/table>\n<\/div>\n<\/div>\n<p data-start=\"1639\" data-end=\"1749\">Ayn\u0131 bile\u015fen sistemi her ikisini de destekleyerek <strong data-start=\"1689\" data-end=\"1748\">tak\u0131m de\u011fi\u015fiklikleri, envanter karma\u015f\u0131kl\u0131\u011f\u0131 ve \u00fcretim maliyeti<\/strong>.<\/p>\n<hr data-start=\"1751\" data-end=\"1754\" \/>\n<h3 data-start=\"1756\" data-end=\"1797\">Optik ve mekanik tasar\u0131m hedefleri<\/h3>\n<div class=\"TyagGW_tableContainer\">\n<div class=\"group TyagGW_tableWrapper flex flex-col-reverse w-fit\" tabindex=\"-1\">\n<table class=\"w-fit min-w-(--thread-content-width)\" data-start=\"1799\" data-end=\"2061\">\n<thead data-start=\"1799\" data-end=\"1833\">\n<tr data-start=\"1799\" data-end=\"1833\">\n<th class=\"\" data-start=\"1799\" data-end=\"1811\" data-col-size=\"sm\">Parametre<\/th>\n<th class=\"\" data-start=\"1811\" data-end=\"1833\" data-col-size=\"sm\">Hedef Performans<\/th>\n<\/tr>\n<\/thead>\n<tbody data-start=\"1865\" data-end=\"2061\">\n<tr data-start=\"1865\" data-end=\"1891\">\n<td data-start=\"1865\" data-end=\"1882\" data-col-size=\"sm\">Konekt\u00f6r Tipi<\/td>\n<td data-start=\"1882\" data-end=\"1891\" data-col-size=\"sm\">FC PC<\/td>\n<\/tr>\n<tr data-start=\"1892\" data-end=\"1929\">\n<td data-start=\"1892\" data-end=\"1905\" data-col-size=\"sm\">Fiber Modu<\/td>\n<td data-start=\"1905\" data-end=\"1929\" data-col-size=\"sm\">Tek modlu 9\/125 \u00b5m<\/td>\n<\/tr>\n<tr data-start=\"1930\" data-end=\"1960\">\n<td data-start=\"1930\" data-end=\"1947\" data-col-size=\"sm\">Ekleme Kayb\u0131<\/td>\n<td data-start=\"1947\" data-end=\"1960\" data-col-size=\"sm\">\u2264 0,30 dB<\/td>\n<\/tr>\n<tr data-start=\"1961\" data-end=\"1986\">\n<td data-start=\"1961\" data-end=\"1975\" data-col-size=\"sm\">Geri D\u00f6n\u00fc\u015f Kayb\u0131<\/td>\n<td data-start=\"1975\" data-end=\"1986\" data-col-size=\"sm\">\u2265 45 dB<\/td>\n<\/tr>\n<tr data-start=\"1987\" data-end=\"2017\">\n<td data-start=\"1987\" data-end=\"1997\" data-col-size=\"sm\">Y\u00fcks\u00fck<\/td>\n<td data-start=\"1997\" data-end=\"2017\" data-col-size=\"sm\">Zirkonya seramik<\/td>\n<\/tr>\n<tr data-start=\"2018\" data-end=\"2061\">\n<td data-start=\"2018\" data-end=\"2031\" data-col-size=\"sm\">Kablo Kavrama<\/td>\n<td data-start=\"2031\" data-end=\"2061\" data-col-size=\"sm\">Y\u00fcksek mukavemetli k\u0131vr\u0131m + \u00e7izme<\/td>\n<\/tr>\n<\/tbody>\n<\/table>\n<\/div>\n<\/div>\n<p data-start=\"2063\" data-end=\"2203\">Bu bile\u015fenler a\u015fa\u011f\u0131dakileri kar\u015f\u0131lamak \u00fczere tasarlanm\u0131\u015ft\u0131r <strong data-start=\"2101\" data-end=\"2133\">telekom s\u0131n\u0131f\u0131 FTTH standartlar\u0131<\/strong>, Fabrikadan m\u00fc\u015fterinin evine kadar istikrarl\u0131 performans sa\u011flar.<\/p>\n<hr data-start=\"2205\" data-end=\"2208\" \/>\n<h3 data-start=\"2210\" data-end=\"2249\">Toplu sete neler dahildir?<\/h3>\n<div class=\"TyagGW_tableContainer\">\n<div class=\"group TyagGW_tableWrapper flex flex-col-reverse w-fit\" tabindex=\"-1\">\n<table class=\"w-fit min-w-(--thread-content-width)\" data-start=\"2251\" data-end=\"2584\">\n<thead data-start=\"2251\" data-end=\"2275\">\n<tr data-start=\"2251\" data-end=\"2275\">\n<th class=\"\" data-start=\"2251\" data-end=\"2263\" data-col-size=\"sm\">Bile\u015fen<\/th>\n<th class=\"\" data-start=\"2263\" data-end=\"2275\" data-col-size=\"sm\">Fonksiyon<\/th>\n<\/tr>\n<\/thead>\n<tbody data-start=\"2300\" data-end=\"2584\">\n<tr data-start=\"2300\" data-end=\"2350\">\n<td data-start=\"2300\" data-end=\"2316\" data-col-size=\"sm\">FC metal g\u00f6vde<\/td>\n<td data-col-size=\"sm\" data-start=\"2316\" data-end=\"2350\">Di\u015fli FC aray\u00fcz\u00fc sa\u011flar<\/td>\n<\/tr>\n<tr data-start=\"2351\" data-end=\"2408\">\n<td data-start=\"2351\" data-end=\"2369\" data-col-size=\"sm\">Seramik y\u00fcks\u00fck<\/td>\n<td data-col-size=\"sm\" data-start=\"2369\" data-end=\"2408\">Fiber hizalama ve optik temas<\/td>\n<\/tr>\n<tr data-start=\"2409\" data-end=\"2466\">\n<td data-start=\"2409\" data-end=\"2424\" data-col-size=\"sm\">K\u0131vr\u0131ml\u0131 man\u015fon<\/td>\n<td data-col-size=\"sm\" data-start=\"2424\" data-end=\"2466\">Kablo k\u0131l\u0131f\u0131n\u0131 ve mukavemet eleman\u0131n\u0131 kilitler<\/td>\n<\/tr>\n<tr data-start=\"2467\" data-end=\"2526\">\n<td data-start=\"2467\" data-end=\"2486\" data-col-size=\"sm\">\u00c7izme (2.0\/3.0mm)<\/td>\n<td data-col-size=\"sm\" data-start=\"2486\" data-end=\"2526\">Gerilim azaltma ve b\u00fck\u00fclme korumas\u0131<\/td>\n<\/tr>\n<tr data-start=\"2527\" data-end=\"2584\">\n<td data-start=\"2527\" data-end=\"2545\" data-col-size=\"sm\">\u0130\u00e7 tutucu<\/td>\n<td data-col-size=\"sm\" data-start=\"2545\" data-end=\"2584\">Elyaf ve y\u00fcks\u00fck konumunu kontrol eder<\/td>\n<\/tr>\n<\/tbody>\n<\/table>\n<\/div>\n<\/div>\n<p data-start=\"2586\" data-end=\"2670\">Birlikte, bir <strong data-start=\"2608\" data-end=\"2645\">komple FC PC sonland\u0131rma sistemi<\/strong> damla kablo montaj\u0131 i\u00e7in.<\/p>\n<hr data-start=\"2672\" data-end=\"2675\" \/>\n<h3 data-start=\"2677\" data-end=\"2714\">Bu bile\u015fenlerin kullan\u0131ld\u0131\u011f\u0131 yerlerde<\/h3>\n<p data-start=\"2716\" data-end=\"2755\">Bu d\u00f6kme par\u00e7alar yayg\u0131n olarak uygulanmaktad\u0131r:<\/p>\n<ul data-start=\"2757\" data-end=\"2935\">\n<li data-start=\"2757\" data-end=\"2786\">\n<p data-start=\"2759\" data-end=\"2786\">FTTH damla kablo fabrikalar\u0131<\/p>\n<\/li>\n<li data-start=\"2787\" data-end=\"2824\">\n<p data-start=\"2789\" data-end=\"2824\">Fiber patch cord \u00fcretim hatlar\u0131<\/p>\n<\/li>\n<li data-start=\"2825\" data-end=\"2861\">\n<p data-start=\"2827\" data-end=\"2861\">Telekom \u00f6n konnekt\u00f6rl\u00fc kablolar<\/p>\n<\/li>\n<li data-start=\"2862\" data-end=\"2894\">\n<p data-start=\"2864\" data-end=\"2894\">\u0130\u00e7 mekan fiber jumper tertibat\u0131<\/p>\n<\/li>\n<li data-start=\"2895\" data-end=\"2935\">\n<p data-start=\"2897\" data-end=\"2935\">PON ve eri\u015fim a\u011f\u0131 kablo sistemleri<\/p>\n<\/li>\n<\/ul>\n<p data-start=\"2937\" data-end=\"3029\">\u0130htiyac\u0131 olan her \u015firket i\u00e7in idealdirler <strong data-start=\"2979\" data-end=\"3028\">y\u00fcksek hacimli, istikrarl\u0131 kalitede FC PC drop kablolar\u0131<\/strong>.<\/p>\n<hr data-start=\"3031\" data-end=\"3034\" \/>\n<h2 data-start=\"3036\" data-end=\"3057\">Profesyonel Soru-Cevap<\/h2>\n<p data-start=\"3059\" data-end=\"3241\"><strong data-start=\"3059\" data-end=\"3128\">S1: Bu bile\u015fenler bitmi\u015f konnekt\u00f6rler i\u00e7in mi yoksa montaj i\u00e7in mi?<\/strong><br data-start=\"3128\" data-end=\"3131\" \/>Onlar <strong data-start=\"3140\" data-end=\"3167\">montaj i\u00e7in d\u00f6kme par\u00e7alar<\/strong>. Fabrikalar taraf\u0131ndan a\u015fa\u011f\u0131dakileri in\u015fa etmek i\u00e7in kullan\u0131l\u0131rlar <strong data-start=\"3205\" data-end=\"3240\">D\u00fc\u015fen kablolarda FC PC konekt\u00f6rleri<\/strong>.<\/p>\n<hr data-start=\"3243\" data-end=\"3246\" \/>\n<p data-start=\"3248\" data-end=\"3405\"><strong data-start=\"3248\" data-end=\"3306\">S2: Hem 2.0mm hem de 3.0mm kablolarla kullan\u0131labilirler mi?<\/strong><br data-start=\"3306\" data-end=\"3309\" \/>Evet. Bagaj ve k\u0131vr\u0131m par\u00e7alar\u0131 a\u015fa\u011f\u0131dakileri desteklemek i\u00e7in tasarlanm\u0131\u015ft\u0131r <strong data-start=\"3363\" data-end=\"3404\">hem 2.0mm hem de 3.0mm FTTH drop kablolar\u0131<\/strong>.<\/p>\n<hr data-start=\"3407\" data-end=\"3410\" \/>\n<p data-start=\"3412\" data-end=\"3633\"><strong data-start=\"3412\" data-end=\"3470\">S3: Bunlar otomatik \u00fcretim hatlar\u0131 i\u00e7in uygun mu?<\/strong><br data-start=\"3470\" data-end=\"3473\" \/>Evet. Bile\u015fenler \u015fu \u00f6zelliklerle tasarlanm\u0131\u015ft\u0131r <strong data-start=\"3511\" data-end=\"3536\">tutarl\u0131 toleranslar<\/strong>, ile uyumlu hale getirir. <strong data-start=\"3566\" data-end=\"3632\">yar\u0131 otomatik ve tam otomatik fiber sonland\u0131rma ekipmanlar\u0131<\/strong>.<\/p>","protected":false},"excerpt":{"rendered":"<h3 data-start=\"135\" data-end=\"177\">FTTH damla kablo \u00fcretimi i\u00e7in \u00fcretilmi\u015ftir<\/h3>\n<p data-start=\"179\" data-end=\"394\">Bu <strong data-start=\"183\" data-end=\"229\">FC PC 2.0\/3.0mm B\u0131rakma Kablosu D\u00f6kme Bile\u015fenler<\/strong> basit konekt\u00f6rler de\u011fildir - bunlar <strong data-start=\"267\" data-end=\"305\">end\u00fcstriyel s\u0131n\u0131f sonland\u0131rma par\u00e7alar\u0131<\/strong> i\u00e7in \u00f6zel olarak tasarlanm\u0131\u015ft\u0131r <strong data-start=\"332\" data-end=\"393\">FTTH drop kablolar\u0131 ve fiber patch kablolar\u0131n\u0131n seri \u00fcretimi<\/strong>.<\/p>\n<p data-start=\"396\" data-end=\"758\">Tek bir konekt\u00f6re odaklanmak yerine, bu \u00fcr\u00fcn bir <strong data-start=\"459\" data-end=\"492\">komple sonlandirma \u00e7\u00f6z\u00fcm\u00fc<\/strong> FC PC drop kablo tertibatlar\u0131 i\u00e7in, a\u015fa\u011f\u0131dakileri kapsar <strong data-start=\"535\" data-end=\"609\">y\u00fcks\u00fckler, g\u00f6vdeler, botlar, k\u0131vr\u0131m par\u00e7alar\u0131 ve i\u00e7 hizalama yap\u0131lar\u0131<\/strong>. \u00dcreticilerin a\u015fa\u011f\u0131dakileri olu\u015fturmas\u0131na olanak tan\u0131r <strong data-start=\"644\" data-end=\"677\">y\u00fcksek kaliteli FC PC fiber u\u00e7lar\u0131<\/strong> ile 2.0mm ve 3.0mm drop kablolarda <strong data-start=\"714\" data-end=\"757\">y\u00fcksek tutarl\u0131l\u0131k ve d\u00fc\u015f\u00fck ret oran\u0131<\/strong>.<\/p>","protected":false},"featured_media":934,"comment_status":"open","ping_status":"closed","template":"","meta":[],"product_brand":[],"product_cat":[34],"product_tag":[],"class_list":{"0":"post-933","1":"product","2":"type-product","3":"status-publish","4":"has-post-thumbnail","6":"product_cat-fc-connector","8":"first","9":"instock","10":"shipping-taxable","11":"product-type-simple"},"_links":{"self":[{"href":"https:\/\/www.fenxifiber.com\/tr\/wp-json\/wp\/v2\/product\/933","targetHints":{"allow":["GET"]}}],"collection":[{"href":"https:\/\/www.fenxifiber.com\/tr\/wp-json\/wp\/v2\/product"}],"about":[{"href":"https:\/\/www.fenxifiber.com\/tr\/wp-json\/wp\/v2\/types\/product"}],"replies":[{"embeddable":true,"href":"https:\/\/www.fenxifiber.com\/tr\/wp-json\/wp\/v2\/comments?post=933"}],"wp:featuredmedia":[{"embeddable":true,"href":"https:\/\/www.fenxifiber.com\/tr\/wp-json\/wp\/v2\/media\/934"}],"wp:attachment":[{"href":"https:\/\/www.fenxifiber.com\/tr\/wp-json\/wp\/v2\/media?parent=933"}],"wp:term":[{"taxonomy":"product_brand","embeddable":true,"href":"https:\/\/www.fenxifiber.com\/tr\/wp-json\/wp\/v2\/product_brand?post=933"},{"taxonomy":"product_cat","embeddable":true,"href":"https:\/\/www.fenxifiber.com\/tr\/wp-json\/wp\/v2\/product_cat?post=933"},{"taxonomy":"product_tag","embeddable":true,"href":"https:\/\/www.fenxifiber.com\/tr\/wp-json\/wp\/v2\/product_tag?post=933"}],"curies":[{"name":"wp","href":"https:\/\/api.w.org\/{rel}","templated":true}]}}